{"id":503,"date":"2020-03-25T22:17:15","date_gmt":"2020-03-25T22:17:15","guid":{"rendered":"https:\/\/ii.udd.cl\/?page_id=503"},"modified":"2020-03-25T22:17:15","modified_gmt":"2020-03-25T22:17:15","slug":"dispositivo-de-control-de-verticalidad","status":"publish","type":"page","link":"https:\/\/ingenieria.udd.cl\/ii\/dispositivo-de-control-de-verticalidad\/","title":{"rendered":"Dispositivo de control de verticalidad"},"content":{"rendered":"\n<p><\/p>\n\n\n\n<p>La construcci\u00f3n de pozos verticales de gran envergadura se aplica particularmente en las \u00e1reas de la exploraci\u00f3n petrolera y acu\u00edfera as\u00ed como en la construcci\u00f3n urbana. La capacidad de caracterizar la verticalidad y topograf\u00eda del pozo son de particular inter\u00e9s dado el costo y efectos colaterales de una implementaci\u00f3n err\u00f3nea. Las variaciones del di\u00e1metro del pozo se obtienen gr\u00e1ficamente en un registro geof\u00edsico con una escala apropiada que se realiza mediante el Cavern\u00f3metro o Caliper. Este equipo consiste en un dispositivo electromec\u00e1nico en el que la parte mec\u00e1nica est\u00e1 constituida por un conjunto  de brazos o palancas articuladas en cada uno de sus extremos mientras que los otros extremos de cada palanca est\u00e1n libres y corren pegados a la pared del pozo. Estos sistemas tienen un costo elevado  y se han desarrollado particularmente para pozos de di\u00e1metros peque\u00f1os.<br>El objetivo del dispositivo es dise\u00f1ar un sistema de levantamiento topogr\u00e1fico para pozos verticales, a partir del uso de sensores remotos para poder determinar el di\u00e1metro y las inclinaciones indeseables en la creaci\u00f3n de pilotes estructurales. El dise\u00f1o considera un bajo costo y f\u00e1cil proceso de manufactura as\u00ed como un sistema de visualizaci\u00f3n de la informaci\u00f3n.<br><\/p>\n\n\n\n<figure class=\"wp-block-gallery columns-2 is-cropped wp-block-gallery-1 is-layout-flex wp-block-gallery-is-layout-flex\"><ul class=\"blocks-gallery-grid\"><li class=\"blocks-gallery-item\"><figure><img loading=\"lazy\" decoding=\"async\" width=\"455\" height=\"431\" src=\"https:\/\/ingenieria.udd.cl\/ii\/files\/2020\/03\/pulpo3.2.png\" alt=\"\" data-id=\"513\" data-full-url=\"https:\/\/ingenieria.udd.cl\/ii\/files\/2020\/03\/pulpo3.2.png\" data-link=\"https:\/\/ii.udd.cl\/dispositivo-de-control-de-verticalidad\/pulpo3-2\/\" class=\"wp-image-513\" srcset=\"https:\/\/ingenieria.udd.cl\/ii\/files\/2020\/03\/pulpo3.2.png 455w, https:\/\/ingenieria.udd.cl\/ii\/files\/2020\/03\/pulpo3.2-300x284.png 300w\" sizes=\"auto, (max-width: 455px) 100vw, 455px\" \/><\/figure><\/li><li class=\"blocks-gallery-item\"><figure><img loading=\"lazy\" decoding=\"async\" width=\"561\" height=\"567\" src=\"https:\/\/ingenieria.udd.cl\/ii\/files\/2020\/03\/pulpo-.jpg\" alt=\"\" data-id=\"506\" data-link=\"https:\/\/ii.udd.cl\/?attachment_id=506\" class=\"wp-image-506\" srcset=\"https:\/\/ingenieria.udd.cl\/ii\/files\/2020\/03\/pulpo-.jpg 561w, https:\/\/ingenieria.udd.cl\/ii\/files\/2020\/03\/pulpo--297x300.jpg 297w, https:\/\/ingenieria.udd.cl\/ii\/files\/2020\/03\/pulpo--62x62.jpg 62w, https:\/\/ingenieria.udd.cl\/ii\/files\/2020\/03\/pulpo--126x126.jpg 126w\" sizes=\"auto, (max-width: 561px) 100vw, 561px\" \/><\/figure><\/li><li class=\"blocks-gallery-item\"><figure><img loading=\"lazy\" decoding=\"async\" width=\"781\" height=\"487\" src=\"https:\/\/ingenieria.udd.cl\/ii\/files\/2020\/03\/pulpo2.png\" alt=\"\" data-id=\"505\" data-link=\"https:\/\/ii.udd.cl\/?attachment_id=505\" class=\"wp-image-505\" srcset=\"https:\/\/ingenieria.udd.cl\/ii\/files\/2020\/03\/pulpo2.png 781w, https:\/\/ingenieria.udd.cl\/ii\/files\/2020\/03\/pulpo2-300x187.png 300w, https:\/\/ingenieria.udd.cl\/ii\/files\/2020\/03\/pulpo2-768x479.png 768w\" sizes=\"auto, (max-width: 781px) 100vw, 781px\" \/><\/figure><\/li><\/ul><\/figure>\n","protected":false},"excerpt":{"rendered":"<p>La construcci\u00f3n de pozos verticales de gran envergadura se aplica particularmente en las \u00e1reas de la exploraci\u00f3n petrolera y acu\u00edfera as\u00ed como en la construcci\u00f3n urbana. La capacidad de caracterizar la verticalidad y topograf\u00eda del pozo son de particular inter\u00e9s dado el costo y efectos colaterales de una implementaci\u00f3n err\u00f3nea. Las variaciones del di\u00e1metro del [&hellip;]<\/p>\n","protected":false},"author":9192225,"featured_media":0,"parent":0,"menu_order":0,"comment_status":"closed","ping_status":"closed","template":"","meta":{"footnotes":""},"class_list":["post-503","page","type-page","status-publish","hentry"],"yoast_head":"<!-- This site is optimized with the Yoast SEO plugin v26.9 - https:\/\/yoast.com\/product\/yoast-seo-wordpress\/ -->\n<title>Dispositivo de control de verticalidad - Innovaci\u00f3n Ingenier\u00eda<\/title>\n<meta name=\"robots\" content=\"index, follow, max-snippet:-1, max-image-preview:large, max-video-preview:-1\" \/>\n<link rel=\"canonical\" href=\"https:\/\/ingenieria.udd.cl\/ii\/dispositivo-de-control-de-verticalidad\/\" \/>\n<meta property=\"og:locale\" content=\"es_ES\" \/>\n<meta property=\"og:type\" content=\"article\" \/>\n<meta property=\"og:title\" content=\"Dispositivo de control de verticalidad - Innovaci\u00f3n Ingenier\u00eda\" \/>\n<meta property=\"og:description\" content=\"La construcci\u00f3n de pozos verticales de gran envergadura se aplica particularmente en las \u00e1reas de la exploraci\u00f3n petrolera y acu\u00edfera as\u00ed como en la construcci\u00f3n urbana. La capacidad de caracterizar la verticalidad y topograf\u00eda del pozo son de particular inter\u00e9s dado el costo y efectos colaterales de una implementaci\u00f3n err\u00f3nea. Las variaciones del di\u00e1metro del [&hellip;]\" \/>\n<meta property=\"og:url\" content=\"https:\/\/ingenieria.udd.cl\/ii\/dispositivo-de-control-de-verticalidad\/\" \/>\n<meta property=\"og:site_name\" content=\"Innovaci\u00f3n Ingenier\u00eda\" \/>\n<meta property=\"og:image\" content=\"https:\/\/ingenieria.udd.cl\/ii\/files\/2020\/03\/pulpo3.2.png\" \/>\n<meta name=\"twitter:card\" content=\"summary_large_image\" \/>\n<meta name=\"twitter:label1\" content=\"Tiempo de lectura\" \/>\n\t<meta name=\"twitter:data1\" content=\"1 minuto\" \/>\n<script type=\"application\/ld+json\" class=\"yoast-schema-graph\">{\"@context\":\"https:\/\/schema.org\",\"@graph\":[{\"@type\":\"WebPage\",\"@id\":\"https:\/\/ingenieria.udd.cl\/ii\/dispositivo-de-control-de-verticalidad\/\",\"url\":\"https:\/\/ingenieria.udd.cl\/ii\/dispositivo-de-control-de-verticalidad\/\",\"name\":\"Dispositivo de control de verticalidad - Innovaci\u00f3n Ingenier\u00eda\",\"isPartOf\":{\"@id\":\"https:\/\/ingenieria.udd.cl\/ii\/#website\"},\"primaryImageOfPage\":{\"@id\":\"https:\/\/ingenieria.udd.cl\/ii\/dispositivo-de-control-de-verticalidad\/#primaryimage\"},\"image\":{\"@id\":\"https:\/\/ingenieria.udd.cl\/ii\/dispositivo-de-control-de-verticalidad\/#primaryimage\"},\"thumbnailUrl\":\"https:\/\/ingenieria.udd.cl\/ii\/files\/2020\/03\/pulpo3.2.png\",\"datePublished\":\"2020-03-25T22:17:15+00:00\",\"breadcrumb\":{\"@id\":\"https:\/\/ingenieria.udd.cl\/ii\/dispositivo-de-control-de-verticalidad\/#breadcrumb\"},\"inLanguage\":\"es\",\"potentialAction\":[{\"@type\":\"ReadAction\",\"target\":[\"https:\/\/ingenieria.udd.cl\/ii\/dispositivo-de-control-de-verticalidad\/\"]}]},{\"@type\":\"ImageObject\",\"inLanguage\":\"es\",\"@id\":\"https:\/\/ingenieria.udd.cl\/ii\/dispositivo-de-control-de-verticalidad\/#primaryimage\",\"url\":\"https:\/\/ingenieria.udd.cl\/ii\/files\/2020\/03\/pulpo3.2.png\",\"contentUrl\":\"https:\/\/ingenieria.udd.cl\/ii\/files\/2020\/03\/pulpo3.2.png\",\"width\":455,\"height\":431},{\"@type\":\"BreadcrumbList\",\"@id\":\"https:\/\/ingenieria.udd.cl\/ii\/dispositivo-de-control-de-verticalidad\/#breadcrumb\",\"itemListElement\":[{\"@type\":\"ListItem\",\"position\":1,\"name\":\"Portada\",\"item\":\"https:\/\/ingenieria.udd.cl\/ii\/\"},{\"@type\":\"ListItem\",\"position\":2,\"name\":\"Dispositivo de control de verticalidad\"}]},{\"@type\":\"WebSite\",\"@id\":\"https:\/\/ingenieria.udd.cl\/ii\/#website\",\"url\":\"https:\/\/ingenieria.udd.cl\/ii\/\",\"name\":\"Innovaci\u00f3n Ingenier\u00eda\",\"description\":\"Otro sitio m\u00e1s de Ingenieria\",\"inLanguage\":\"es\"}]}<\/script>\n<!-- \/ Yoast SEO plugin. -->","yoast_head_json":{"title":"Dispositivo de control de verticalidad - Innovaci\u00f3n Ingenier\u00eda","robots":{"index":"index","follow":"follow","max-snippet":"max-snippet:-1","max-image-preview":"max-image-preview:large","max-video-preview":"max-video-preview:-1"},"canonical":"https:\/\/ingenieria.udd.cl\/ii\/dispositivo-de-control-de-verticalidad\/","og_locale":"es_ES","og_type":"article","og_title":"Dispositivo de control de verticalidad - Innovaci\u00f3n Ingenier\u00eda","og_description":"La construcci\u00f3n de pozos verticales de gran envergadura se aplica particularmente en las \u00e1reas de la exploraci\u00f3n petrolera y acu\u00edfera as\u00ed como en la construcci\u00f3n urbana. La capacidad de caracterizar la verticalidad y topograf\u00eda del pozo son de particular inter\u00e9s dado el costo y efectos colaterales de una implementaci\u00f3n err\u00f3nea. Las variaciones del di\u00e1metro del [&hellip;]","og_url":"https:\/\/ingenieria.udd.cl\/ii\/dispositivo-de-control-de-verticalidad\/","og_site_name":"Innovaci\u00f3n Ingenier\u00eda","og_image":[{"url":"https:\/\/ingenieria.udd.cl\/ii\/files\/2020\/03\/pulpo3.2.png","type":"","width":"","height":""}],"twitter_card":"summary_large_image","twitter_misc":{"Tiempo de lectura":"1 minuto"},"schema":{"@context":"https:\/\/schema.org","@graph":[{"@type":"WebPage","@id":"https:\/\/ingenieria.udd.cl\/ii\/dispositivo-de-control-de-verticalidad\/","url":"https:\/\/ingenieria.udd.cl\/ii\/dispositivo-de-control-de-verticalidad\/","name":"Dispositivo de control de verticalidad - Innovaci\u00f3n Ingenier\u00eda","isPartOf":{"@id":"https:\/\/ingenieria.udd.cl\/ii\/#website"},"primaryImageOfPage":{"@id":"https:\/\/ingenieria.udd.cl\/ii\/dispositivo-de-control-de-verticalidad\/#primaryimage"},"image":{"@id":"https:\/\/ingenieria.udd.cl\/ii\/dispositivo-de-control-de-verticalidad\/#primaryimage"},"thumbnailUrl":"https:\/\/ingenieria.udd.cl\/ii\/files\/2020\/03\/pulpo3.2.png","datePublished":"2020-03-25T22:17:15+00:00","breadcrumb":{"@id":"https:\/\/ingenieria.udd.cl\/ii\/dispositivo-de-control-de-verticalidad\/#breadcrumb"},"inLanguage":"es","potentialAction":[{"@type":"ReadAction","target":["https:\/\/ingenieria.udd.cl\/ii\/dispositivo-de-control-de-verticalidad\/"]}]},{"@type":"ImageObject","inLanguage":"es","@id":"https:\/\/ingenieria.udd.cl\/ii\/dispositivo-de-control-de-verticalidad\/#primaryimage","url":"https:\/\/ingenieria.udd.cl\/ii\/files\/2020\/03\/pulpo3.2.png","contentUrl":"https:\/\/ingenieria.udd.cl\/ii\/files\/2020\/03\/pulpo3.2.png","width":455,"height":431},{"@type":"BreadcrumbList","@id":"https:\/\/ingenieria.udd.cl\/ii\/dispositivo-de-control-de-verticalidad\/#breadcrumb","itemListElement":[{"@type":"ListItem","position":1,"name":"Portada","item":"https:\/\/ingenieria.udd.cl\/ii\/"},{"@type":"ListItem","position":2,"name":"Dispositivo de control de verticalidad"}]},{"@type":"WebSite","@id":"https:\/\/ingenieria.udd.cl\/ii\/#website","url":"https:\/\/ingenieria.udd.cl\/ii\/","name":"Innovaci\u00f3n Ingenier\u00eda","description":"Otro sitio m\u00e1s de Ingenieria","inLanguage":"es"}]}},"_links":{"self":[{"href":"https:\/\/ingenieria.udd.cl\/ii\/wp-json\/wp\/v2\/pages\/503","targetHints":{"allow":["GET"]}}],"collection":[{"href":"https:\/\/ingenieria.udd.cl\/ii\/wp-json\/wp\/v2\/pages"}],"about":[{"href":"https:\/\/ingenieria.udd.cl\/ii\/wp-json\/wp\/v2\/types\/page"}],"author":[{"embeddable":true,"href":"https:\/\/ingenieria.udd.cl\/ii\/wp-json\/wp\/v2\/users\/9192225"}],"replies":[{"embeddable":true,"href":"https:\/\/ingenieria.udd.cl\/ii\/wp-json\/wp\/v2\/comments?post=503"}],"version-history":[{"count":0,"href":"https:\/\/ingenieria.udd.cl\/ii\/wp-json\/wp\/v2\/pages\/503\/revisions"}],"wp:attachment":[{"href":"https:\/\/ingenieria.udd.cl\/ii\/wp-json\/wp\/v2\/media?parent=503"}],"curies":[{"name":"wp","href":"https:\/\/api.w.org\/{rel}","templated":true}]}}