{"id":534,"date":"2020-03-25T23:19:13","date_gmt":"2020-03-25T23:19:13","guid":{"rendered":"https:\/\/ii.udd.cl\/?page_id=534"},"modified":"2020-03-25T23:19:13","modified_gmt":"2020-03-25T23:19:13","slug":"trampa-inteligente-de-diagnostico-de-vectores-de-enfermedades","status":"publish","type":"page","link":"https:\/\/ingenieria.udd.cl\/ii\/trampa-inteligente-de-diagnostico-de-vectores-de-enfermedades\/","title":{"rendered":"Trampa inteligente de diagn\u00f3stico de vectores de enfermedades"},"content":{"rendered":"<section\n\tclass=\"wp-block-udd-text-row block--bg-gray\"\n\t\t>\n\t<div class=\"text-row\">\n\t\t<div class=\"text-row__content\">\n\t\t\t<div class=\"text-row__content-inner text\">\n\t\t\t\t\t\t\t\t<h2>Descripci\u00f3n<\/h2>\n\t\t\t\t\t\t\t\t\n<p>De acuerdo a la OMS, las enfermedades transmitidas por vectores representan m\u00e1s del 17% de todas las enfermedades infecciosas, y provocan cada a\u00f1o m\u00e1s de 700 000 defunciones. Entre ellas m\u00e1s de 3900 millones de personas en m\u00e1s de 128 pa\u00edses corren el riesgo de contraer dengue, y el paludismo provoca m\u00e1s de 400 000 defunciones en todo el mundo, la mayor parte de ellas entre ni\u00f1os menores de cinco a\u00f1os. El mosquito Aedes Aegypti es uno de los principales vectores de la familia de los arbovirus, los cuales incluyen el virus del dengue (DENV-1, DENV2, DENV-3, DENV-4), Chikungunya (CHIKV)), Fiebre amarilla (YFV)&nbsp; y el virus del Zika (ZIKV) .<\/p>\n\n<p>Las enfermedades transmitidas por vectores son sin lugar a duda uno de los principales desaf\u00edos de salud a nivel mundial.&nbsp;<br><\/p>\n\n<p>Es por esto que se propuso el estudio, dise\u00f1o y construcci\u00f3n de una trampa de mosquitos para un diagn\u00f3stico autom\u00e1tico de tipo inmunol\u00f3gico (zika, malaria, fiebre amarilla, dengue etc.). El dispositivo contempla env\u00edo de informaci\u00f3n en tiempo real permitiendo la construcci\u00f3n de sistemas de alertamiento epidemiol\u00f3gico temprano, un dise\u00f1o modular, permitiendo la adaptaci\u00f3n a nuevas enfermedades y nuevos vectores; al ser port\u00e1tiles y costo-efectivas permiten diversos contextos de utilizaci\u00f3n y de configuraci\u00f3n<br><\/p>\n\t\t\t<\/div>\n\t\t<\/div>\n\t\t<div class=\"text-row__media\">\n\t\t\t<img loading=\"lazy\" decoding=\"async\" width=\"466\" height=\"534\" src=\"https:\/\/ingenieria.udd.cl\/ii\/files\/2020\/03\/whatsapp-image-2020-03-25-at-20.10.33-1-466x534.jpeg\" class=\"text-row__media-image lazyload\" alt=\"\" data-src=\"https:\/\/ingenieria.udd.cl\/ii\/files\/2020\/03\/whatsapp-image-2020-03-25-at-20.10.33-1-466x534.jpeg\" \/>\t\t<\/div>\n\t<\/div>\n<\/section>\n\n\n\n<figure class=\"wp-block-gallery columns-3 is-cropped wp-block-gallery-1 is-layout-flex wp-block-gallery-is-layout-flex\"><ul class=\"blocks-gallery-grid\"><li class=\"blocks-gallery-item\"><figure><img loading=\"lazy\" decoding=\"async\" width=\"599\" height=\"328\" src=\"https:\/\/ingenieria.udd.cl\/ii\/files\/2020\/03\/whatsapp-image-2020-03-25-at-20.10.33-2.jpeg\" alt=\"\" data-id=\"536\" data-full-url=\"https:\/\/ingenieria.udd.cl\/ii\/files\/2020\/03\/whatsapp-image-2020-03-25-at-20.10.33-2.jpeg\" data-link=\"https:\/\/ii.udd.cl\/?attachment_id=536\" class=\"wp-image-536\" srcset=\"https:\/\/ingenieria.udd.cl\/ii\/files\/2020\/03\/whatsapp-image-2020-03-25-at-20.10.33-2.jpeg 599w, https:\/\/ingenieria.udd.cl\/ii\/files\/2020\/03\/whatsapp-image-2020-03-25-at-20.10.33-2-300x164.jpeg 300w\" sizes=\"auto, (max-width: 599px) 100vw, 599px\" \/><\/figure><\/li><li class=\"blocks-gallery-item\"><figure><img loading=\"lazy\" decoding=\"async\" width=\"476\" height=\"527\" src=\"https:\/\/ingenieria.udd.cl\/ii\/files\/2020\/03\/whatsapp-image-2020-03-25-at-20.10.33.jpeg\" alt=\"\" data-id=\"538\" data-full-url=\"https:\/\/ingenieria.udd.cl\/ii\/files\/2020\/03\/whatsapp-image-2020-03-25-at-20.10.33.jpeg\" data-link=\"https:\/\/ii.udd.cl\/?attachment_id=538\" class=\"wp-image-538\" srcset=\"https:\/\/ingenieria.udd.cl\/ii\/files\/2020\/03\/whatsapp-image-2020-03-25-at-20.10.33.jpeg 476w, https:\/\/ingenieria.udd.cl\/ii\/files\/2020\/03\/whatsapp-image-2020-03-25-at-20.10.33-271x300.jpeg 271w\" sizes=\"auto, (max-width: 476px) 100vw, 476px\" \/><\/figure><\/li><li class=\"blocks-gallery-item\"><figure><img loading=\"lazy\" decoding=\"async\" width=\"463\" height=\"518\" src=\"https:\/\/ingenieria.udd.cl\/ii\/files\/2020\/03\/whatsapp-image-2020-03-25-at-20.10.32.jpeg\" alt=\"\" data-id=\"539\" data-full-url=\"https:\/\/ingenieria.udd.cl\/ii\/files\/2020\/03\/whatsapp-image-2020-03-25-at-20.10.32.jpeg\" data-link=\"https:\/\/ii.udd.cl\/?attachment_id=539\" class=\"wp-image-539\" srcset=\"https:\/\/ingenieria.udd.cl\/ii\/files\/2020\/03\/whatsapp-image-2020-03-25-at-20.10.32.jpeg 463w, https:\/\/ingenieria.udd.cl\/ii\/files\/2020\/03\/whatsapp-image-2020-03-25-at-20.10.32-268x300.jpeg 268w\" sizes=\"auto, (max-width: 463px) 100vw, 463px\" \/><\/figure><\/li><li class=\"blocks-gallery-item\"><figure><img loading=\"lazy\" decoding=\"async\" width=\"694\" height=\"496\" src=\"https:\/\/ingenieria.udd.cl\/ii\/files\/2020\/03\/whatsapp-image-2020-03-25-at-20.10.33-3.jpeg\" alt=\"\" data-id=\"535\" data-full-url=\"https:\/\/ingenieria.udd.cl\/ii\/files\/2020\/03\/whatsapp-image-2020-03-25-at-20.10.33-3.jpeg\" data-link=\"https:\/\/ii.udd.cl\/?attachment_id=535\" class=\"wp-image-535\" srcset=\"https:\/\/ingenieria.udd.cl\/ii\/files\/2020\/03\/whatsapp-image-2020-03-25-at-20.10.33-3.jpeg 694w, https:\/\/ingenieria.udd.cl\/ii\/files\/2020\/03\/whatsapp-image-2020-03-25-at-20.10.33-3-300x214.jpeg 300w, https:\/\/ingenieria.udd.cl\/ii\/files\/2020\/03\/whatsapp-image-2020-03-25-at-20.10.33-3-286x205.jpeg 286w, https:\/\/ingenieria.udd.cl\/ii\/files\/2020\/03\/whatsapp-image-2020-03-25-at-20.10.33-3-87x62.jpeg 87w\" sizes=\"auto, (max-width: 694px) 100vw, 694px\" \/><\/figure><\/li><\/ul><\/figure>\n","protected":false},"excerpt":{"rendered":"","protected":false},"author":9192225,"featured_media":0,"parent":0,"menu_order":0,"comment_status":"closed","ping_status":"closed","template":"","meta":{"footnotes":""},"class_list":["post-534","page","type-page","status-publish","hentry"],"yoast_head":"<!-- This site is optimized with the Yoast SEO plugin v26.9 - https:\/\/yoast.com\/product\/yoast-seo-wordpress\/ -->\n<title>Trampa inteligente de diagn\u00f3stico de vectores de enfermedades - Innovaci\u00f3n Ingenier\u00eda<\/title>\n<meta name=\"robots\" content=\"index, follow, max-snippet:-1, max-image-preview:large, max-video-preview:-1\" \/>\n<link rel=\"canonical\" href=\"https:\/\/ingenieria.udd.cl\/ii\/trampa-inteligente-de-diagnostico-de-vectores-de-enfermedades\/\" \/>\n<meta property=\"og:locale\" content=\"es_ES\" \/>\n<meta property=\"og:type\" content=\"article\" \/>\n<meta property=\"og:title\" content=\"Trampa inteligente de diagn\u00f3stico de vectores de enfermedades - Innovaci\u00f3n Ingenier\u00eda\" \/>\n<meta property=\"og:url\" content=\"https:\/\/ingenieria.udd.cl\/ii\/trampa-inteligente-de-diagnostico-de-vectores-de-enfermedades\/\" \/>\n<meta property=\"og:site_name\" content=\"Innovaci\u00f3n Ingenier\u00eda\" \/>\n<meta property=\"og:image\" content=\"https:\/\/ingenieria.udd.cl\/ii\/files\/2020\/03\/whatsapp-image-2020-03-25-at-20.10.33-1.jpeg\" \/>\n<meta name=\"twitter:card\" content=\"summary_large_image\" \/>\n<meta name=\"twitter:label1\" content=\"Tiempo de lectura\" \/>\n\t<meta name=\"twitter:data1\" content=\"1 minuto\" \/>\n<script type=\"application\/ld+json\" class=\"yoast-schema-graph\">{\"@context\":\"https:\/\/schema.org\",\"@graph\":[{\"@type\":\"WebPage\",\"@id\":\"https:\/\/ingenieria.udd.cl\/ii\/trampa-inteligente-de-diagnostico-de-vectores-de-enfermedades\/\",\"url\":\"https:\/\/ingenieria.udd.cl\/ii\/trampa-inteligente-de-diagnostico-de-vectores-de-enfermedades\/\",\"name\":\"Trampa inteligente de diagn\u00f3stico de vectores de enfermedades - Innovaci\u00f3n Ingenier\u00eda\",\"isPartOf\":{\"@id\":\"https:\/\/ingenieria.udd.cl\/ii\/#website\"},\"primaryImageOfPage\":{\"@id\":\"https:\/\/ingenieria.udd.cl\/ii\/trampa-inteligente-de-diagnostico-de-vectores-de-enfermedades\/#primaryimage\"},\"image\":{\"@id\":\"https:\/\/ingenieria.udd.cl\/ii\/trampa-inteligente-de-diagnostico-de-vectores-de-enfermedades\/#primaryimage\"},\"thumbnailUrl\":\"https:\/\/ingenieria.udd.cl\/ii\/files\/2020\/03\/whatsapp-image-2020-03-25-at-20.10.33-1.jpeg\",\"datePublished\":\"2020-03-25T23:19:13+00:00\",\"breadcrumb\":{\"@id\":\"https:\/\/ingenieria.udd.cl\/ii\/trampa-inteligente-de-diagnostico-de-vectores-de-enfermedades\/#breadcrumb\"},\"inLanguage\":\"es\",\"potentialAction\":[{\"@type\":\"ReadAction\",\"target\":[\"https:\/\/ingenieria.udd.cl\/ii\/trampa-inteligente-de-diagnostico-de-vectores-de-enfermedades\/\"]}]},{\"@type\":\"ImageObject\",\"inLanguage\":\"es\",\"@id\":\"https:\/\/ingenieria.udd.cl\/ii\/trampa-inteligente-de-diagnostico-de-vectores-de-enfermedades\/#primaryimage\",\"url\":\"https:\/\/ingenieria.udd.cl\/ii\/files\/2020\/03\/whatsapp-image-2020-03-25-at-20.10.33-1.jpeg\",\"contentUrl\":\"https:\/\/ingenieria.udd.cl\/ii\/files\/2020\/03\/whatsapp-image-2020-03-25-at-20.10.33-1.jpeg\",\"width\":466,\"height\":591},{\"@type\":\"BreadcrumbList\",\"@id\":\"https:\/\/ingenieria.udd.cl\/ii\/trampa-inteligente-de-diagnostico-de-vectores-de-enfermedades\/#breadcrumb\",\"itemListElement\":[{\"@type\":\"ListItem\",\"position\":1,\"name\":\"Portada\",\"item\":\"https:\/\/ingenieria.udd.cl\/ii\/\"},{\"@type\":\"ListItem\",\"position\":2,\"name\":\"Trampa inteligente de diagn\u00f3stico de vectores de enfermedades\"}]},{\"@type\":\"WebSite\",\"@id\":\"https:\/\/ingenieria.udd.cl\/ii\/#website\",\"url\":\"https:\/\/ingenieria.udd.cl\/ii\/\",\"name\":\"Innovaci\u00f3n Ingenier\u00eda\",\"description\":\"Otro sitio m\u00e1s de Ingenieria\",\"inLanguage\":\"es\"}]}<\/script>\n<!-- \/ Yoast SEO plugin. -->","yoast_head_json":{"title":"Trampa inteligente de diagn\u00f3stico de vectores de enfermedades - Innovaci\u00f3n Ingenier\u00eda","robots":{"index":"index","follow":"follow","max-snippet":"max-snippet:-1","max-image-preview":"max-image-preview:large","max-video-preview":"max-video-preview:-1"},"canonical":"https:\/\/ingenieria.udd.cl\/ii\/trampa-inteligente-de-diagnostico-de-vectores-de-enfermedades\/","og_locale":"es_ES","og_type":"article","og_title":"Trampa inteligente de diagn\u00f3stico de vectores de enfermedades - Innovaci\u00f3n Ingenier\u00eda","og_url":"https:\/\/ingenieria.udd.cl\/ii\/trampa-inteligente-de-diagnostico-de-vectores-de-enfermedades\/","og_site_name":"Innovaci\u00f3n Ingenier\u00eda","og_image":[{"url":"https:\/\/ingenieria.udd.cl\/ii\/files\/2020\/03\/whatsapp-image-2020-03-25-at-20.10.33-1.jpeg","type":"","width":"","height":""}],"twitter_card":"summary_large_image","twitter_misc":{"Tiempo de lectura":"1 minuto"},"schema":{"@context":"https:\/\/schema.org","@graph":[{"@type":"WebPage","@id":"https:\/\/ingenieria.udd.cl\/ii\/trampa-inteligente-de-diagnostico-de-vectores-de-enfermedades\/","url":"https:\/\/ingenieria.udd.cl\/ii\/trampa-inteligente-de-diagnostico-de-vectores-de-enfermedades\/","name":"Trampa inteligente de diagn\u00f3stico de vectores de enfermedades - Innovaci\u00f3n Ingenier\u00eda","isPartOf":{"@id":"https:\/\/ingenieria.udd.cl\/ii\/#website"},"primaryImageOfPage":{"@id":"https:\/\/ingenieria.udd.cl\/ii\/trampa-inteligente-de-diagnostico-de-vectores-de-enfermedades\/#primaryimage"},"image":{"@id":"https:\/\/ingenieria.udd.cl\/ii\/trampa-inteligente-de-diagnostico-de-vectores-de-enfermedades\/#primaryimage"},"thumbnailUrl":"https:\/\/ingenieria.udd.cl\/ii\/files\/2020\/03\/whatsapp-image-2020-03-25-at-20.10.33-1.jpeg","datePublished":"2020-03-25T23:19:13+00:00","breadcrumb":{"@id":"https:\/\/ingenieria.udd.cl\/ii\/trampa-inteligente-de-diagnostico-de-vectores-de-enfermedades\/#breadcrumb"},"inLanguage":"es","potentialAction":[{"@type":"ReadAction","target":["https:\/\/ingenieria.udd.cl\/ii\/trampa-inteligente-de-diagnostico-de-vectores-de-enfermedades\/"]}]},{"@type":"ImageObject","inLanguage":"es","@id":"https:\/\/ingenieria.udd.cl\/ii\/trampa-inteligente-de-diagnostico-de-vectores-de-enfermedades\/#primaryimage","url":"https:\/\/ingenieria.udd.cl\/ii\/files\/2020\/03\/whatsapp-image-2020-03-25-at-20.10.33-1.jpeg","contentUrl":"https:\/\/ingenieria.udd.cl\/ii\/files\/2020\/03\/whatsapp-image-2020-03-25-at-20.10.33-1.jpeg","width":466,"height":591},{"@type":"BreadcrumbList","@id":"https:\/\/ingenieria.udd.cl\/ii\/trampa-inteligente-de-diagnostico-de-vectores-de-enfermedades\/#breadcrumb","itemListElement":[{"@type":"ListItem","position":1,"name":"Portada","item":"https:\/\/ingenieria.udd.cl\/ii\/"},{"@type":"ListItem","position":2,"name":"Trampa inteligente de diagn\u00f3stico de vectores de enfermedades"}]},{"@type":"WebSite","@id":"https:\/\/ingenieria.udd.cl\/ii\/#website","url":"https:\/\/ingenieria.udd.cl\/ii\/","name":"Innovaci\u00f3n Ingenier\u00eda","description":"Otro sitio m\u00e1s de Ingenieria","inLanguage":"es"}]}},"_links":{"self":[{"href":"https:\/\/ingenieria.udd.cl\/ii\/wp-json\/wp\/v2\/pages\/534","targetHints":{"allow":["GET"]}}],"collection":[{"href":"https:\/\/ingenieria.udd.cl\/ii\/wp-json\/wp\/v2\/pages"}],"about":[{"href":"https:\/\/ingenieria.udd.cl\/ii\/wp-json\/wp\/v2\/types\/page"}],"author":[{"embeddable":true,"href":"https:\/\/ingenieria.udd.cl\/ii\/wp-json\/wp\/v2\/users\/9192225"}],"replies":[{"embeddable":true,"href":"https:\/\/ingenieria.udd.cl\/ii\/wp-json\/wp\/v2\/comments?post=534"}],"version-history":[{"count":0,"href":"https:\/\/ingenieria.udd.cl\/ii\/wp-json\/wp\/v2\/pages\/534\/revisions"}],"wp:attachment":[{"href":"https:\/\/ingenieria.udd.cl\/ii\/wp-json\/wp\/v2\/media?parent=534"}],"curies":[{"name":"wp","href":"https:\/\/api.w.org\/{rel}","templated":true}]}}