{"id":578,"date":"2020-03-26T14:49:50","date_gmt":"2020-03-26T14:49:50","guid":{"rendered":"https:\/\/ii.udd.cl\/?page_id=578"},"modified":"2020-03-26T14:49:50","modified_gmt":"2020-03-26T14:49:50","slug":"sistemas-de-deteccion-estatica-y-remota-para-la-calidad-del-agua-en-sistemas-lagos","status":"publish","type":"page","link":"https:\/\/ingenieria.udd.cl\/ii\/sistemas-de-deteccion-estatica-y-remota-para-la-calidad-del-agua-en-sistemas-lagos\/","title":{"rendered":"Sistemas de detecci\u00f3n est\u00e1tica y remota para la calidad del agua en sistemas lagos"},"content":{"rendered":"\n<p> Uno de los principales problemas que presentan lagos y lagunas urbanas se asocia a la alta carga de nutrientes, los cuales ingresan al cuerpo de agua mediante fuentes difusas y fuentes puntuales de contaminaci\u00f3n. En este \u00e1mbito, se hace necesario identificar y monitorear las fuentes de ingreso de nutrientes, abordando en este proyecto el monitoreo de dos fuentes puntuales de ingreso de nutrientes identificadas para el Lago Lanalhue, ubicado en la Provincia de Arauco. Este monitoreo, se realiz\u00f3 utilizando dos estaciones de monitoreo con sensores y equipos de bajo costo. Abordando de esta manera, uno de los problemas del monitoreo de par\u00e1metros de calidad de agua tradicional: altos costos asociados para estaciones de monitoreo comerciales y baja periodicidad de los resultados en los muestreos tradicionales. Para abordar la problem\u00e1tica planteada, se desarroll\u00f3 una plataforma de monitoreo bajo costo basadas en Arduino, la que consta de dos estaciones de monitoreo; las cuales determinan y env\u00edan, en tiempo real, los par\u00e1metros de Caudal, Temperatura y Conductividad, hacia una base de datos SQL. Esto, con el objetivo de realizar las pruebas de concepto requeridas para caracterizar peri\u00f3dicamente las condiciones fisicoqu\u00edmicas de los r\u00edos Calebu y Elicura; identificados en estudios previos, como las principales fuentes puntuales de contaminaci\u00f3n de nutrientes hacia el Lago.<\/p>\n\n\n\n<div class=\"wp-block-image is-style-default\"><figure class=\"alignleft size-full\"><img loading=\"lazy\" decoding=\"async\" width=\"815\" height=\"407\" src=\"https:\/\/ingenieria.udd.cl\/ii\/files\/2020\/03\/monitoreo-remoto.png\" alt=\"\" class=\"wp-image-579\" srcset=\"https:\/\/ingenieria.udd.cl\/ii\/files\/2020\/03\/monitoreo-remoto.png 815w, https:\/\/ingenieria.udd.cl\/ii\/files\/2020\/03\/monitoreo-remoto-300x150.png 300w, https:\/\/ingenieria.udd.cl\/ii\/files\/2020\/03\/monitoreo-remoto-768x384.png 768w\" sizes=\"auto, (max-width: 815px) 100vw, 815px\" \/><\/figure><\/div>\n","protected":false},"excerpt":{"rendered":"<p>Uno de los principales problemas que presentan lagos y lagunas urbanas se asocia a la alta carga de nutrientes, los cuales ingresan al cuerpo de agua mediante fuentes difusas y fuentes puntuales de contaminaci\u00f3n. En este \u00e1mbito, se hace necesario identificar y monitorear las fuentes de ingreso de nutrientes, abordando en este proyecto el monitoreo [&hellip;]<\/p>\n","protected":false},"author":9192225,"featured_media":0,"parent":0,"menu_order":0,"comment_status":"closed","ping_status":"closed","template":"","meta":{"footnotes":""},"class_list":["post-578","page","type-page","status-publish","hentry"],"yoast_head":"<!-- This site is optimized with the Yoast SEO plugin v26.9 - https:\/\/yoast.com\/product\/yoast-seo-wordpress\/ -->\n<title>Sistemas de detecci\u00f3n est\u00e1tica y remota para la calidad del agua en sistemas lagos - Innovaci\u00f3n Ingenier\u00eda<\/title>\n<meta name=\"robots\" content=\"index, follow, max-snippet:-1, max-image-preview:large, max-video-preview:-1\" \/>\n<link rel=\"canonical\" href=\"https:\/\/ingenieria.udd.cl\/ii\/sistemas-de-deteccion-estatica-y-remota-para-la-calidad-del-agua-en-sistemas-lagos\/\" \/>\n<meta property=\"og:locale\" content=\"es_ES\" \/>\n<meta property=\"og:type\" content=\"article\" \/>\n<meta property=\"og:title\" content=\"Sistemas de detecci\u00f3n est\u00e1tica y remota para la calidad del agua en sistemas lagos - Innovaci\u00f3n Ingenier\u00eda\" \/>\n<meta property=\"og:description\" content=\"Uno de los principales problemas que presentan lagos y lagunas urbanas se asocia a la alta carga de nutrientes, los cuales ingresan al cuerpo de agua mediante fuentes difusas y fuentes puntuales de contaminaci\u00f3n. En este \u00e1mbito, se hace necesario identificar y monitorear las fuentes de ingreso de nutrientes, abordando en este proyecto el monitoreo [&hellip;]\" \/>\n<meta property=\"og:url\" content=\"https:\/\/ingenieria.udd.cl\/ii\/sistemas-de-deteccion-estatica-y-remota-para-la-calidad-del-agua-en-sistemas-lagos\/\" \/>\n<meta property=\"og:site_name\" content=\"Innovaci\u00f3n Ingenier\u00eda\" \/>\n<meta property=\"og:image\" content=\"https:\/\/ingenieria.udd.cl\/ii\/files\/2020\/03\/monitoreo-remoto.png\" \/>\n<meta name=\"twitter:card\" content=\"summary_large_image\" \/>\n<meta name=\"twitter:label1\" content=\"Tiempo de lectura\" \/>\n\t<meta name=\"twitter:data1\" content=\"1 minuto\" \/>\n<script type=\"application\/ld+json\" class=\"yoast-schema-graph\">{\"@context\":\"https:\/\/schema.org\",\"@graph\":[{\"@type\":\"WebPage\",\"@id\":\"https:\/\/ingenieria.udd.cl\/ii\/sistemas-de-deteccion-estatica-y-remota-para-la-calidad-del-agua-en-sistemas-lagos\/\",\"url\":\"https:\/\/ingenieria.udd.cl\/ii\/sistemas-de-deteccion-estatica-y-remota-para-la-calidad-del-agua-en-sistemas-lagos\/\",\"name\":\"Sistemas de detecci\u00f3n est\u00e1tica y remota para la calidad del agua en sistemas lagos - Innovaci\u00f3n Ingenier\u00eda\",\"isPartOf\":{\"@id\":\"https:\/\/ingenieria.udd.cl\/ii\/#website\"},\"primaryImageOfPage\":{\"@id\":\"https:\/\/ingenieria.udd.cl\/ii\/sistemas-de-deteccion-estatica-y-remota-para-la-calidad-del-agua-en-sistemas-lagos\/#primaryimage\"},\"image\":{\"@id\":\"https:\/\/ingenieria.udd.cl\/ii\/sistemas-de-deteccion-estatica-y-remota-para-la-calidad-del-agua-en-sistemas-lagos\/#primaryimage\"},\"thumbnailUrl\":\"https:\/\/ingenieria.udd.cl\/ii\/files\/2020\/03\/monitoreo-remoto.png\",\"datePublished\":\"2020-03-26T14:49:50+00:00\",\"breadcrumb\":{\"@id\":\"https:\/\/ingenieria.udd.cl\/ii\/sistemas-de-deteccion-estatica-y-remota-para-la-calidad-del-agua-en-sistemas-lagos\/#breadcrumb\"},\"inLanguage\":\"es\",\"potentialAction\":[{\"@type\":\"ReadAction\",\"target\":[\"https:\/\/ingenieria.udd.cl\/ii\/sistemas-de-deteccion-estatica-y-remota-para-la-calidad-del-agua-en-sistemas-lagos\/\"]}]},{\"@type\":\"ImageObject\",\"inLanguage\":\"es\",\"@id\":\"https:\/\/ingenieria.udd.cl\/ii\/sistemas-de-deteccion-estatica-y-remota-para-la-calidad-del-agua-en-sistemas-lagos\/#primaryimage\",\"url\":\"https:\/\/ingenieria.udd.cl\/ii\/files\/2020\/03\/monitoreo-remoto.png\",\"contentUrl\":\"https:\/\/ingenieria.udd.cl\/ii\/files\/2020\/03\/monitoreo-remoto.png\",\"width\":815,\"height\":407},{\"@type\":\"BreadcrumbList\",\"@id\":\"https:\/\/ingenieria.udd.cl\/ii\/sistemas-de-deteccion-estatica-y-remota-para-la-calidad-del-agua-en-sistemas-lagos\/#breadcrumb\",\"itemListElement\":[{\"@type\":\"ListItem\",\"position\":1,\"name\":\"Portada\",\"item\":\"https:\/\/ingenieria.udd.cl\/ii\/\"},{\"@type\":\"ListItem\",\"position\":2,\"name\":\"Sistemas de detecci\u00f3n est\u00e1tica y remota para la calidad del agua en sistemas lagos\"}]},{\"@type\":\"WebSite\",\"@id\":\"https:\/\/ingenieria.udd.cl\/ii\/#website\",\"url\":\"https:\/\/ingenieria.udd.cl\/ii\/\",\"name\":\"Innovaci\u00f3n Ingenier\u00eda\",\"description\":\"Otro sitio m\u00e1s de Ingenieria\",\"inLanguage\":\"es\"}]}<\/script>\n<!-- \/ Yoast SEO plugin. -->","yoast_head_json":{"title":"Sistemas de detecci\u00f3n est\u00e1tica y remota para la calidad del agua en sistemas lagos - Innovaci\u00f3n Ingenier\u00eda","robots":{"index":"index","follow":"follow","max-snippet":"max-snippet:-1","max-image-preview":"max-image-preview:large","max-video-preview":"max-video-preview:-1"},"canonical":"https:\/\/ingenieria.udd.cl\/ii\/sistemas-de-deteccion-estatica-y-remota-para-la-calidad-del-agua-en-sistemas-lagos\/","og_locale":"es_ES","og_type":"article","og_title":"Sistemas de detecci\u00f3n est\u00e1tica y remota para la calidad del agua en sistemas lagos - Innovaci\u00f3n Ingenier\u00eda","og_description":"Uno de los principales problemas que presentan lagos y lagunas urbanas se asocia a la alta carga de nutrientes, los cuales ingresan al cuerpo de agua mediante fuentes difusas y fuentes puntuales de contaminaci\u00f3n. En este \u00e1mbito, se hace necesario identificar y monitorear las fuentes de ingreso de nutrientes, abordando en este proyecto el monitoreo [&hellip;]","og_url":"https:\/\/ingenieria.udd.cl\/ii\/sistemas-de-deteccion-estatica-y-remota-para-la-calidad-del-agua-en-sistemas-lagos\/","og_site_name":"Innovaci\u00f3n Ingenier\u00eda","og_image":[{"url":"https:\/\/ingenieria.udd.cl\/ii\/files\/2020\/03\/monitoreo-remoto.png","type":"","width":"","height":""}],"twitter_card":"summary_large_image","twitter_misc":{"Tiempo de lectura":"1 minuto"},"schema":{"@context":"https:\/\/schema.org","@graph":[{"@type":"WebPage","@id":"https:\/\/ingenieria.udd.cl\/ii\/sistemas-de-deteccion-estatica-y-remota-para-la-calidad-del-agua-en-sistemas-lagos\/","url":"https:\/\/ingenieria.udd.cl\/ii\/sistemas-de-deteccion-estatica-y-remota-para-la-calidad-del-agua-en-sistemas-lagos\/","name":"Sistemas de detecci\u00f3n est\u00e1tica y remota para la calidad del agua en sistemas lagos - Innovaci\u00f3n Ingenier\u00eda","isPartOf":{"@id":"https:\/\/ingenieria.udd.cl\/ii\/#website"},"primaryImageOfPage":{"@id":"https:\/\/ingenieria.udd.cl\/ii\/sistemas-de-deteccion-estatica-y-remota-para-la-calidad-del-agua-en-sistemas-lagos\/#primaryimage"},"image":{"@id":"https:\/\/ingenieria.udd.cl\/ii\/sistemas-de-deteccion-estatica-y-remota-para-la-calidad-del-agua-en-sistemas-lagos\/#primaryimage"},"thumbnailUrl":"https:\/\/ingenieria.udd.cl\/ii\/files\/2020\/03\/monitoreo-remoto.png","datePublished":"2020-03-26T14:49:50+00:00","breadcrumb":{"@id":"https:\/\/ingenieria.udd.cl\/ii\/sistemas-de-deteccion-estatica-y-remota-para-la-calidad-del-agua-en-sistemas-lagos\/#breadcrumb"},"inLanguage":"es","potentialAction":[{"@type":"ReadAction","target":["https:\/\/ingenieria.udd.cl\/ii\/sistemas-de-deteccion-estatica-y-remota-para-la-calidad-del-agua-en-sistemas-lagos\/"]}]},{"@type":"ImageObject","inLanguage":"es","@id":"https:\/\/ingenieria.udd.cl\/ii\/sistemas-de-deteccion-estatica-y-remota-para-la-calidad-del-agua-en-sistemas-lagos\/#primaryimage","url":"https:\/\/ingenieria.udd.cl\/ii\/files\/2020\/03\/monitoreo-remoto.png","contentUrl":"https:\/\/ingenieria.udd.cl\/ii\/files\/2020\/03\/monitoreo-remoto.png","width":815,"height":407},{"@type":"BreadcrumbList","@id":"https:\/\/ingenieria.udd.cl\/ii\/sistemas-de-deteccion-estatica-y-remota-para-la-calidad-del-agua-en-sistemas-lagos\/#breadcrumb","itemListElement":[{"@type":"ListItem","position":1,"name":"Portada","item":"https:\/\/ingenieria.udd.cl\/ii\/"},{"@type":"ListItem","position":2,"name":"Sistemas de detecci\u00f3n est\u00e1tica y remota para la calidad del agua en sistemas lagos"}]},{"@type":"WebSite","@id":"https:\/\/ingenieria.udd.cl\/ii\/#website","url":"https:\/\/ingenieria.udd.cl\/ii\/","name":"Innovaci\u00f3n Ingenier\u00eda","description":"Otro sitio m\u00e1s de Ingenieria","inLanguage":"es"}]}},"_links":{"self":[{"href":"https:\/\/ingenieria.udd.cl\/ii\/wp-json\/wp\/v2\/pages\/578","targetHints":{"allow":["GET"]}}],"collection":[{"href":"https:\/\/ingenieria.udd.cl\/ii\/wp-json\/wp\/v2\/pages"}],"about":[{"href":"https:\/\/ingenieria.udd.cl\/ii\/wp-json\/wp\/v2\/types\/page"}],"author":[{"embeddable":true,"href":"https:\/\/ingenieria.udd.cl\/ii\/wp-json\/wp\/v2\/users\/9192225"}],"replies":[{"embeddable":true,"href":"https:\/\/ingenieria.udd.cl\/ii\/wp-json\/wp\/v2\/comments?post=578"}],"version-history":[{"count":0,"href":"https:\/\/ingenieria.udd.cl\/ii\/wp-json\/wp\/v2\/pages\/578\/revisions"}],"wp:attachment":[{"href":"https:\/\/ingenieria.udd.cl\/ii\/wp-json\/wp\/v2\/media?parent=578"}],"curies":[{"name":"wp","href":"https:\/\/api.w.org\/{rel}","templated":true}]}}