{"id":588,"date":"2020-03-26T15:34:08","date_gmt":"2020-03-26T15:34:08","guid":{"rendered":"https:\/\/ii.udd.cl\/?page_id=588"},"modified":"2020-03-26T15:34:08","modified_gmt":"2020-03-26T15:34:08","slug":"robot-de-escaneo-tridimensional-para-el-monitoreo-de-la-calidad-del-agua-en-lagos","status":"publish","type":"page","link":"https:\/\/ingenieria.udd.cl\/ii\/robot-de-escaneo-tridimensional-para-el-monitoreo-de-la-calidad-del-agua-en-lagos\/","title":{"rendered":"Robot de escaneo tridimensional para el monitoreo de la calidad del agua en lagos"},"content":{"rendered":"<!-- WP Block: UDD - Content Gallery -->\n<section class=\"wp-block-udd-content-gallery\">\n\t<div class=\"content-gallery\">\n\t\t<main class=\"content-gallery__content\">\n\t\t\t<div class=\"content-gallery__content-inner\">\n\t\t\t\t<h2 class=\"block__title content-gallery__title\">Descripci\u00f3n<\/h2>\n\t\t\t\t<div class=\"text\">\n\t\t\t\t\t\n<p> La eutrificaci\u00f3n y estratificaci\u00f3n son aspectos que caracterizan la contaminaci\u00f3n de sistemas h\u00eddricos est\u00e1ticos (lagos). El monitoreo de variables de contaminaci\u00f3n en los ejes verticales dentro de lagos, conlleva a un gasto log\u00edstico importante haci\u00e9ndo dificil su aplicabilidad en el contexto chileno y de otras regiones. En este proyecto se pretende dise\u00f1ar un instrumento aut\u00f3nomo y remoto que permita realizar mediciones tridimensionales en lagos con almacenamiento de la informaci\u00f3n y control a distancia. <\/p>\n\t\t\t\t<\/div>\n\t\t\t<\/div>\n\t\t<\/main>\n\t\t<aside class=\"content-gallery__media\">\n\t\t\t<div id=\"gallery-carousel-566caa02c3\" class=\"carousel slide carousel-gallery\" data-ride=\"carousel\" data-interval=\"false\">\n\t\t\t\t<div class=\"carousel-inner\" role=\"listbox\">\n\t\t\t\t\t\t\t\t\t\t\t<div class=\"carousel-item active\">\n\t\t\t\t\t\t\t<img loading=\"lazy\" decoding=\"async\" width=\"1366\" height=\"768\" src=\"https:\/\/ingenieria.udd.cl\/ii\/files\/2020\/03\/dsc_2682-scaled-1-680x382.jpg\" class=\"content-gallery__media-image lazyload\" alt=\"\" sizes=\"auto, (max-width: 1366px) 100vw, 1366px\" data-src=\"https:\/\/ingenieria.udd.cl\/ii\/files\/2020\/03\/dsc_2682-scaled-1-1366x768.jpg\" data-srcset=\"https:\/\/ingenieria.udd.cl\/ii\/files\/2020\/03\/dsc_2682-scaled-1-1366x768.jpg 1366w, https:\/\/ingenieria.udd.cl\/ii\/files\/2020\/03\/dsc_2682-scaled-1-1920x1080.jpg 1920w, https:\/\/ingenieria.udd.cl\/ii\/files\/2020\/03\/dsc_2682-scaled-1-952x534.jpg 952w, https:\/\/ingenieria.udd.cl\/ii\/files\/2020\/03\/dsc_2682-scaled-1-680x382.jpg 680w\" \/>\t\t\t\t\t\t\t\t\t\t\t\t\t<\/div>\n\t\t\t\t\t\t\t\t\t\t\t<div class=\"carousel-item\">\n\t\t\t\t\t\t\t<img loading=\"lazy\" decoding=\"async\" width=\"879\" height=\"496\" src=\"https:\/\/ingenieria.udd.cl\/ii\/files\/2020\/03\/boya-300x169.png\" class=\"content-gallery__media-image lazyload\" alt=\"\" sizes=\"auto, (max-width: 879px) 100vw, 879px\" data-src=\"https:\/\/ingenieria.udd.cl\/ii\/files\/2020\/03\/boya.png\" data-srcset=\"https:\/\/ingenieria.udd.cl\/ii\/files\/2020\/03\/boya.png 879w, https:\/\/ingenieria.udd.cl\/ii\/files\/2020\/03\/boya-300x169.png 300w, https:\/\/ingenieria.udd.cl\/ii\/files\/2020\/03\/boya-768x433.png 768w\" \/>\t\t\t\t\t\t\t\t\t\t\t\t\t<\/div>\n\t\t\t\t\t\t\t\t\t<\/div>\n\t\t\t\t\t\t\t<footer class=\"carousel-footer\">\n\t\t\t\t\t<div class=\"carousel-counter\">\n\t\t\t\t\t\t<span class=\"carousel-counter-current\"><\/span> \/ <span class=\"carousel-counter-total\"><\/span>\n\t\t\t\t\t<\/div>\n\t\t\t\t\t<a class=\"carousel-control-prev\" href=\"#gallery-carousel-566caa02c3\" role=\"button\" data-slide=\"prev\">\n\t\t\t\t\t\t<svg class=\"svg-chevron-left-dims\"><use xlink:href='https:\/\/ingenieria.udd.cl\/ii\/wp-content\/themes\/facultades-2018\/assets\/img\/svg\/dist\/main.svg?version=1695853099#chevron-left'><\/use><\/svg>\t\t\t\t\t\t<span class=\"sr-only\">Anterior<\/span>\n\t\t\t\t\t<\/a>\n\t\t\t\t\t<a class=\"carousel-control-next\" href=\"#gallery-carousel-566caa02c3\" role=\"button\" data-slide=\"next\">\n\t\t\t\t\t\t<svg class=\"svg-chevron-right-dims\"><use xlink:href='https:\/\/ingenieria.udd.cl\/ii\/wp-content\/themes\/facultades-2018\/assets\/img\/svg\/dist\/main.svg?version=1695853099#chevron-right'><\/use><\/svg>\t\t\t\t\t\t<span class=\"sr-only\">Siguiente<\/span>\n\t\t\t\t\t<\/a>\n\t\t\t\t<\/footer>\n\t\t\t\t\t\t<\/div>\n\t\t<\/aside>\n\t<\/div>\n<\/section>\n","protected":false},"excerpt":{"rendered":"","protected":false},"author":9192225,"featured_media":0,"parent":0,"menu_order":0,"comment_status":"closed","ping_status":"closed","template":"","meta":{"footnotes":""},"class_list":["post-588","page","type-page","status-publish","hentry"],"yoast_head":"<!-- This site is optimized with the Yoast SEO plugin v26.9 - https:\/\/yoast.com\/product\/yoast-seo-wordpress\/ -->\n<title>Robot de escaneo tridimensional para el monitoreo de la calidad del agua en lagos - Innovaci\u00f3n Ingenier\u00eda<\/title>\n<meta name=\"robots\" content=\"index, follow, max-snippet:-1, max-image-preview:large, max-video-preview:-1\" \/>\n<link rel=\"canonical\" href=\"https:\/\/ingenieria.udd.cl\/ii\/robot-de-escaneo-tridimensional-para-el-monitoreo-de-la-calidad-del-agua-en-lagos\/\" \/>\n<meta property=\"og:locale\" content=\"es_ES\" \/>\n<meta property=\"og:type\" content=\"article\" \/>\n<meta property=\"og:title\" content=\"Robot de escaneo tridimensional para el monitoreo de la calidad del agua en lagos - Innovaci\u00f3n Ingenier\u00eda\" \/>\n<meta property=\"og:url\" content=\"https:\/\/ingenieria.udd.cl\/ii\/robot-de-escaneo-tridimensional-para-el-monitoreo-de-la-calidad-del-agua-en-lagos\/\" \/>\n<meta property=\"og:site_name\" content=\"Innovaci\u00f3n Ingenier\u00eda\" \/>\n<meta name=\"twitter:card\" content=\"summary_large_image\" \/>\n<script type=\"application\/ld+json\" class=\"yoast-schema-graph\">{\"@context\":\"https:\/\/schema.org\",\"@graph\":[{\"@type\":\"WebPage\",\"@id\":\"https:\/\/ingenieria.udd.cl\/ii\/robot-de-escaneo-tridimensional-para-el-monitoreo-de-la-calidad-del-agua-en-lagos\/\",\"url\":\"https:\/\/ingenieria.udd.cl\/ii\/robot-de-escaneo-tridimensional-para-el-monitoreo-de-la-calidad-del-agua-en-lagos\/\",\"name\":\"Robot de escaneo tridimensional para el monitoreo de la calidad del agua en lagos - Innovaci\u00f3n Ingenier\u00eda\",\"isPartOf\":{\"@id\":\"https:\/\/ingenieria.udd.cl\/ii\/#website\"},\"datePublished\":\"2020-03-26T15:34:08+00:00\",\"breadcrumb\":{\"@id\":\"https:\/\/ingenieria.udd.cl\/ii\/robot-de-escaneo-tridimensional-para-el-monitoreo-de-la-calidad-del-agua-en-lagos\/#breadcrumb\"},\"inLanguage\":\"es\",\"potentialAction\":[{\"@type\":\"ReadAction\",\"target\":[\"https:\/\/ingenieria.udd.cl\/ii\/robot-de-escaneo-tridimensional-para-el-monitoreo-de-la-calidad-del-agua-en-lagos\/\"]}]},{\"@type\":\"BreadcrumbList\",\"@id\":\"https:\/\/ingenieria.udd.cl\/ii\/robot-de-escaneo-tridimensional-para-el-monitoreo-de-la-calidad-del-agua-en-lagos\/#breadcrumb\",\"itemListElement\":[{\"@type\":\"ListItem\",\"position\":1,\"name\":\"Portada\",\"item\":\"https:\/\/ingenieria.udd.cl\/ii\/\"},{\"@type\":\"ListItem\",\"position\":2,\"name\":\"Robot de escaneo tridimensional para el monitoreo de la calidad del agua en lagos\"}]},{\"@type\":\"WebSite\",\"@id\":\"https:\/\/ingenieria.udd.cl\/ii\/#website\",\"url\":\"https:\/\/ingenieria.udd.cl\/ii\/\",\"name\":\"Innovaci\u00f3n Ingenier\u00eda\",\"description\":\"Otro sitio m\u00e1s de Ingenieria\",\"inLanguage\":\"es\"}]}<\/script>\n<!-- \/ Yoast SEO plugin. -->","yoast_head_json":{"title":"Robot de escaneo tridimensional para el monitoreo de la calidad del agua en lagos - Innovaci\u00f3n Ingenier\u00eda","robots":{"index":"index","follow":"follow","max-snippet":"max-snippet:-1","max-image-preview":"max-image-preview:large","max-video-preview":"max-video-preview:-1"},"canonical":"https:\/\/ingenieria.udd.cl\/ii\/robot-de-escaneo-tridimensional-para-el-monitoreo-de-la-calidad-del-agua-en-lagos\/","og_locale":"es_ES","og_type":"article","og_title":"Robot de escaneo tridimensional para el monitoreo de la calidad del agua en lagos - Innovaci\u00f3n Ingenier\u00eda","og_url":"https:\/\/ingenieria.udd.cl\/ii\/robot-de-escaneo-tridimensional-para-el-monitoreo-de-la-calidad-del-agua-en-lagos\/","og_site_name":"Innovaci\u00f3n Ingenier\u00eda","twitter_card":"summary_large_image","schema":{"@context":"https:\/\/schema.org","@graph":[{"@type":"WebPage","@id":"https:\/\/ingenieria.udd.cl\/ii\/robot-de-escaneo-tridimensional-para-el-monitoreo-de-la-calidad-del-agua-en-lagos\/","url":"https:\/\/ingenieria.udd.cl\/ii\/robot-de-escaneo-tridimensional-para-el-monitoreo-de-la-calidad-del-agua-en-lagos\/","name":"Robot de escaneo tridimensional para el monitoreo de la calidad del agua en lagos - Innovaci\u00f3n Ingenier\u00eda","isPartOf":{"@id":"https:\/\/ingenieria.udd.cl\/ii\/#website"},"datePublished":"2020-03-26T15:34:08+00:00","breadcrumb":{"@id":"https:\/\/ingenieria.udd.cl\/ii\/robot-de-escaneo-tridimensional-para-el-monitoreo-de-la-calidad-del-agua-en-lagos\/#breadcrumb"},"inLanguage":"es","potentialAction":[{"@type":"ReadAction","target":["https:\/\/ingenieria.udd.cl\/ii\/robot-de-escaneo-tridimensional-para-el-monitoreo-de-la-calidad-del-agua-en-lagos\/"]}]},{"@type":"BreadcrumbList","@id":"https:\/\/ingenieria.udd.cl\/ii\/robot-de-escaneo-tridimensional-para-el-monitoreo-de-la-calidad-del-agua-en-lagos\/#breadcrumb","itemListElement":[{"@type":"ListItem","position":1,"name":"Portada","item":"https:\/\/ingenieria.udd.cl\/ii\/"},{"@type":"ListItem","position":2,"name":"Robot de escaneo tridimensional para el monitoreo de la calidad del agua en lagos"}]},{"@type":"WebSite","@id":"https:\/\/ingenieria.udd.cl\/ii\/#website","url":"https:\/\/ingenieria.udd.cl\/ii\/","name":"Innovaci\u00f3n Ingenier\u00eda","description":"Otro sitio m\u00e1s de Ingenieria","inLanguage":"es"}]}},"_links":{"self":[{"href":"https:\/\/ingenieria.udd.cl\/ii\/wp-json\/wp\/v2\/pages\/588","targetHints":{"allow":["GET"]}}],"collection":[{"href":"https:\/\/ingenieria.udd.cl\/ii\/wp-json\/wp\/v2\/pages"}],"about":[{"href":"https:\/\/ingenieria.udd.cl\/ii\/wp-json\/wp\/v2\/types\/page"}],"author":[{"embeddable":true,"href":"https:\/\/ingenieria.udd.cl\/ii\/wp-json\/wp\/v2\/users\/9192225"}],"replies":[{"embeddable":true,"href":"https:\/\/ingenieria.udd.cl\/ii\/wp-json\/wp\/v2\/comments?post=588"}],"version-history":[{"count":0,"href":"https:\/\/ingenieria.udd.cl\/ii\/wp-json\/wp\/v2\/pages\/588\/revisions"}],"wp:attachment":[{"href":"https:\/\/ingenieria.udd.cl\/ii\/wp-json\/wp\/v2\/media?parent=588"}],"curies":[{"name":"wp","href":"https:\/\/api.w.org\/{rel}","templated":true}]}}