{"id":59,"date":"2020-02-28T18:03:08","date_gmt":"2020-02-28T18:03:08","guid":{"rendered":"https:\/\/ii.udd.cl\/?page_id=59"},"modified":"2020-02-28T18:03:08","modified_gmt":"2020-02-28T18:03:08","slug":"extendedrealitieslab","status":"publish","type":"page","link":"https:\/\/ingenieria.udd.cl\/ii\/extendedrealitieslab\/","title":{"rendered":"Extended Realities Lab"},"content":{"rendered":"<!-- WP Block: UDD - Banner -->\n<section class=\"wp-block-udd-banner is-style-default \">\n\t\n<div class=\"banner banner--fullwidth\">\n\t\t<div class=\"banner__content\">\n\t\t<span class=\"banner__title\">Descripci\u00f3n<\/span>\n\t\t<span class=\"banner__description\">Experimentando la intersecci\u00f3n entre la realidad virtual\/aumentada y la inteligencia artificial<\/span>\n\t<\/div>\n<\/div>\n<\/section>\n\n\n\n<p style=\"color:#243a46;font-size:43px\" class=\"has-text-color\"><strong><em>PROYECTOS<\/em><\/strong><\/p>\n\n\n<!-- WP Block: UDD - Access Image -->\n<section class=\"wp-block-udd-access-image\n has-odd-elements has-3x-elements\">\n\t<div class=\"container\">\n\t\t\t\t<div class=\"block__content\">\n\t\t\t<div class=\"access-images\">\n\t\t\t\t\t\t\t<div class=\"access-image-wrapper\">\n\t\t\t\t\t<a href=\"https:\/\/ii.udd.cl\/herramienta-educativa-de-realidad-aumentada-para-calculo-multivariable\/\" data-url=\"https:\/\/ii.udd.cl\/herramienta-educativa-de-realidad-aumentada-para-calculo-multivariable\/\" class=\"access-image\">\n\t\t\t\t\t<img loading=\"lazy\" decoding=\"async\" width=\"622\" height=\"382\" src=\"https:\/\/ingenieria.udd.cl\/ii\/files\/2020\/03\/realidades-extendidas-1-622x382.jpg\" class=\"access-image__image lazyload\" alt=\"\" data-src=\"https:\/\/ingenieria.udd.cl\/ii\/files\/2020\/03\/realidades-extendidas-1-622x382.jpg\" \/>\t\t\t\t\t\t<div class=\"access-image__content\">\n\t\t\t\t\t\t\t<h3 class=\"access-image__title\">Herramienta educativa de realidad aumentada para el calculo multivariables<\/h3>\n\t\t\t\t\t\t\t<span class=\"access-image__action\">Conocer m\u00e1s<\/span>\n\t\t\t\t\t\t<\/div>\n\t\t\t\t\t<\/a>\n\t\t\t\t<\/div>\n\t\t\t\t\t\t\t<div class=\"access-image-wrapper\">\n\t\t\t\t\t<a href=\"https:\/\/ii.udd.cl\/simulador-de-reconocimiento-de-paciente-utilizando-la-realidad-aumentada\/\" data-url=\"https:\/\/ii.udd.cl\/simulador-de-reconocimiento-de-paciente-utilizando-la-realidad-aumentada\/\" class=\"access-image\">\n\t\t\t\t\t<img loading=\"lazy\" decoding=\"async\" width=\"680\" height=\"382\" src=\"https:\/\/ingenieria.udd.cl\/ii\/files\/2020\/03\/realidades-extendidas3-.jpg-680x382.png\" class=\"access-image__image lazyload\" alt=\"\" sizes=\"auto, (max-width: 680px) 100vw, 680px\" data-src=\"https:\/\/ingenieria.udd.cl\/ii\/files\/2020\/03\/realidades-extendidas3-.jpg-680x382.png\" data-srcset=\"https:\/\/ingenieria.udd.cl\/ii\/files\/2020\/03\/realidades-extendidas3-.jpg-680x382.png 680w, https:\/\/ingenieria.udd.cl\/ii\/files\/2020\/03\/realidades-extendidas3-.jpg-952x534.png 952w\" \/>\t\t\t\t\t\t<div class=\"access-image__content\">\n\t\t\t\t\t\t\t<h3 class=\"access-image__title\">Simulador de reconocimiento de paciente utilizando la realidad aumentada.<\/h3>\n\t\t\t\t\t\t\t<span class=\"access-image__action\">Conocer m\u00e1s<\/span>\n\t\t\t\t\t\t<\/div>\n\t\t\t\t\t<\/a>\n\t\t\t\t<\/div>\n\t\t\t\t\t\t\t<div class=\"access-image-wrapper\">\n\t\t\t\t\t<a href=\"https:\/\/ii.udd.cl\/simulador-de-cirugia-minimamente-invasiva\/\" data-url=\"https:\/\/ii.udd.cl\/simulador-de-cirugia-minimamente-invasiva\/\" class=\"access-image\">\n\t\t\t\t\t<img loading=\"lazy\" decoding=\"async\" width=\"480\" height=\"382\" src=\"https:\/\/ingenieria.udd.cl\/ii\/files\/2020\/03\/img_3027-003-480x534-1-480x382.jpg\" class=\"access-image__image lazyload\" alt=\"\" data-src=\"https:\/\/ingenieria.udd.cl\/ii\/files\/2020\/03\/img_3027-003-480x534-1-480x382.jpg\" \/>\t\t\t\t\t\t<div class=\"access-image__content\">\n\t\t\t\t\t\t\t<h3 class=\"access-image__title\">Simulador de cirug\u00eda min\u00edmamente invasiva y un modelo de entrenamiento apendicetom\u00eda laparosc\u00f3pica utilizando realidad virtual.<\/h3>\n\t\t\t\t\t\t\t<span class=\"access-image__action\">Conocer m\u00e1s<\/span>\n\t\t\t\t\t\t<\/div>\n\t\t\t\t\t<\/a>\n\t\t\t\t<\/div>\n\t\t\t\t\t<\/div>\n\t<\/div>\n<\/section>\n\n\n<!-- WP Block: UDD - Access Image -->\n<section class=\"wp-block-udd-access-image\n has-odd-elements\">\n\t<div class=\"container\">\n\t\t\t\t<div class=\"block__content\">\n\t\t\t<div class=\"access-images\">\n\t\t\t\t\t\t\t<div class=\"access-image-wrapper\">\n\t\t\t\t\t<a href=\"https:\/\/ii.udd.cl\/alivio-de-estres-mediante-el-uso-de-escenarios-virtuales\/\" data-url=\"https:\/\/ii.udd.cl\/alivio-de-estres-mediante-el-uso-de-escenarios-virtuales\/\" class=\"access-image\">\n\t\t\t\t\t<img loading=\"lazy\" decoding=\"async\" width=\"680\" height=\"382\" src=\"https:\/\/ingenieria.udd.cl\/ii\/files\/2020\/03\/psious-realidad-virtual--680x382.jpg\" class=\"access-image__image lazyload\" alt=\"\" data-src=\"https:\/\/ingenieria.udd.cl\/ii\/files\/2020\/03\/psious-realidad-virtual--680x382.jpg\" \/>\t\t\t\t\t\t<div class=\"access-image__content\">\n\t\t\t\t\t\t\t<h3 class=\"access-image__title\">Alivio del estr\u00e9s mediante el uso de escenarios virtuales.<\/h3>\n\t\t\t\t\t\t\t<span class=\"access-image__action\">Conocer m\u00e1s<\/span>\n\t\t\t\t\t\t<\/div>\n\t\t\t\t\t<\/a>\n\t\t\t\t<\/div>\n\t\t\t\t\t<\/div>\n\t<\/div>\n<\/section>\n","protected":false},"excerpt":{"rendered":"<p>PROYECTOS<\/p>\n","protected":false},"author":9192225,"featured_media":0,"parent":0,"menu_order":0,"comment_status":"closed","ping_status":"closed","template":"","meta":{"footnotes":""},"class_list":["post-59","page","type-page","status-publish","hentry"],"yoast_head":"<!-- This site is optimized with the Yoast SEO plugin v26.9 - https:\/\/yoast.com\/product\/yoast-seo-wordpress\/ -->\n<title>Extended Realities Lab - Innovaci\u00f3n Ingenier\u00eda<\/title>\n<meta name=\"robots\" content=\"index, follow, max-snippet:-1, max-image-preview:large, max-video-preview:-1\" \/>\n<link rel=\"canonical\" href=\"https:\/\/ingenieria.udd.cl\/ii\/extendedrealitieslab\/\" \/>\n<meta property=\"og:locale\" content=\"es_ES\" \/>\n<meta property=\"og:type\" content=\"article\" \/>\n<meta property=\"og:title\" content=\"Extended Realities Lab - Innovaci\u00f3n Ingenier\u00eda\" \/>\n<meta property=\"og:description\" content=\"PROYECTOS\" \/>\n<meta property=\"og:url\" content=\"https:\/\/ingenieria.udd.cl\/ii\/extendedrealitieslab\/\" \/>\n<meta property=\"og:site_name\" content=\"Innovaci\u00f3n Ingenier\u00eda\" \/>\n<meta name=\"twitter:card\" content=\"summary_large_image\" \/>\n<script type=\"application\/ld+json\" class=\"yoast-schema-graph\">{\"@context\":\"https:\/\/schema.org\",\"@graph\":[{\"@type\":\"WebPage\",\"@id\":\"https:\/\/ingenieria.udd.cl\/ii\/extendedrealitieslab\/\",\"url\":\"https:\/\/ingenieria.udd.cl\/ii\/extendedrealitieslab\/\",\"name\":\"Extended Realities Lab - Innovaci\u00f3n Ingenier\u00eda\",\"isPartOf\":{\"@id\":\"https:\/\/ingenieria.udd.cl\/ii\/#website\"},\"datePublished\":\"2020-02-28T18:03:08+00:00\",\"breadcrumb\":{\"@id\":\"https:\/\/ingenieria.udd.cl\/ii\/extendedrealitieslab\/#breadcrumb\"},\"inLanguage\":\"es\",\"potentialAction\":[{\"@type\":\"ReadAction\",\"target\":[\"https:\/\/ingenieria.udd.cl\/ii\/extendedrealitieslab\/\"]}]},{\"@type\":\"BreadcrumbList\",\"@id\":\"https:\/\/ingenieria.udd.cl\/ii\/extendedrealitieslab\/#breadcrumb\",\"itemListElement\":[{\"@type\":\"ListItem\",\"position\":1,\"name\":\"Portada\",\"item\":\"https:\/\/ingenieria.udd.cl\/ii\/\"},{\"@type\":\"ListItem\",\"position\":2,\"name\":\"Extended Realities Lab\"}]},{\"@type\":\"WebSite\",\"@id\":\"https:\/\/ingenieria.udd.cl\/ii\/#website\",\"url\":\"https:\/\/ingenieria.udd.cl\/ii\/\",\"name\":\"Innovaci\u00f3n Ingenier\u00eda\",\"description\":\"Otro sitio m\u00e1s de Ingenieria\",\"inLanguage\":\"es\"}]}<\/script>\n<!-- \/ Yoast SEO plugin. -->","yoast_head_json":{"title":"Extended Realities Lab - Innovaci\u00f3n Ingenier\u00eda","robots":{"index":"index","follow":"follow","max-snippet":"max-snippet:-1","max-image-preview":"max-image-preview:large","max-video-preview":"max-video-preview:-1"},"canonical":"https:\/\/ingenieria.udd.cl\/ii\/extendedrealitieslab\/","og_locale":"es_ES","og_type":"article","og_title":"Extended Realities Lab - Innovaci\u00f3n Ingenier\u00eda","og_description":"PROYECTOS","og_url":"https:\/\/ingenieria.udd.cl\/ii\/extendedrealitieslab\/","og_site_name":"Innovaci\u00f3n Ingenier\u00eda","twitter_card":"summary_large_image","schema":{"@context":"https:\/\/schema.org","@graph":[{"@type":"WebPage","@id":"https:\/\/ingenieria.udd.cl\/ii\/extendedrealitieslab\/","url":"https:\/\/ingenieria.udd.cl\/ii\/extendedrealitieslab\/","name":"Extended Realities Lab - Innovaci\u00f3n Ingenier\u00eda","isPartOf":{"@id":"https:\/\/ingenieria.udd.cl\/ii\/#website"},"datePublished":"2020-02-28T18:03:08+00:00","breadcrumb":{"@id":"https:\/\/ingenieria.udd.cl\/ii\/extendedrealitieslab\/#breadcrumb"},"inLanguage":"es","potentialAction":[{"@type":"ReadAction","target":["https:\/\/ingenieria.udd.cl\/ii\/extendedrealitieslab\/"]}]},{"@type":"BreadcrumbList","@id":"https:\/\/ingenieria.udd.cl\/ii\/extendedrealitieslab\/#breadcrumb","itemListElement":[{"@type":"ListItem","position":1,"name":"Portada","item":"https:\/\/ingenieria.udd.cl\/ii\/"},{"@type":"ListItem","position":2,"name":"Extended Realities Lab"}]},{"@type":"WebSite","@id":"https:\/\/ingenieria.udd.cl\/ii\/#website","url":"https:\/\/ingenieria.udd.cl\/ii\/","name":"Innovaci\u00f3n Ingenier\u00eda","description":"Otro sitio m\u00e1s de Ingenieria","inLanguage":"es"}]}},"_links":{"self":[{"href":"https:\/\/ingenieria.udd.cl\/ii\/wp-json\/wp\/v2\/pages\/59","targetHints":{"allow":["GET"]}}],"collection":[{"href":"https:\/\/ingenieria.udd.cl\/ii\/wp-json\/wp\/v2\/pages"}],"about":[{"href":"https:\/\/ingenieria.udd.cl\/ii\/wp-json\/wp\/v2\/types\/page"}],"author":[{"embeddable":true,"href":"https:\/\/ingenieria.udd.cl\/ii\/wp-json\/wp\/v2\/users\/9192225"}],"replies":[{"embeddable":true,"href":"https:\/\/ingenieria.udd.cl\/ii\/wp-json\/wp\/v2\/comments?post=59"}],"version-history":[{"count":0,"href":"https:\/\/ingenieria.udd.cl\/ii\/wp-json\/wp\/v2\/pages\/59\/revisions"}],"wp:attachment":[{"href":"https:\/\/ingenieria.udd.cl\/ii\/wp-json\/wp\/v2\/media?parent=59"}],"curies":[{"name":"wp","href":"https:\/\/api.w.org\/{rel}","templated":true}]}}