{"id":591,"date":"2020-03-26T15:39:51","date_gmt":"2020-03-26T15:39:51","guid":{"rendered":"https:\/\/ii.udd.cl\/?page_id=591"},"modified":"2020-03-26T15:39:51","modified_gmt":"2020-03-26T15:39:51","slug":"colector-autoalimentado-para-la-automatizacion-de-muestras-de-agua","status":"publish","type":"page","link":"https:\/\/ingenieria.udd.cl\/ii\/colector-autoalimentado-para-la-automatizacion-de-muestras-de-agua\/","title":{"rendered":"Colector autoalimentado para la automatizaci\u00f3n de muestras de agua"},"content":{"rendered":"\n<p> Los an\u00e1lisis de calidad de agua en cuerpos h\u00eddricos necesitan de sistemas de colecta para an\u00e1lisis en laboratorio de diversas propiedades qu\u00edmicas y biol\u00f3gicas. En este proyecto se desarrolla una boya capaza de realizar un muestreo temporal de peque\u00f1as muestras de agua, de manera aut\u00f3noma y sin necesidad energ\u00e9tica externa, al usar un sistema mec\u00e1nico de movimiento cin\u00e9tico. El dispositivo ha sido dise\u00f1ado digitalmente y manufacturado usando herramientas de manufactura digital, lo cual permite una posibilidad de personalizaci\u00f3n para la construcci\u00f3n de colectores de diversos vol\u00famenes y tiempos de muestreo. <\/p>\n\n\n\n<figure class=\"wp-block-gallery columns-3 is-cropped wp-block-gallery-1 is-layout-flex wp-block-gallery-is-layout-flex\"><ul class=\"blocks-gallery-grid\"><li class=\"blocks-gallery-item\"><figure><img decoding=\"async\" src=\"https:\/\/ii.udd.cl\/files\/2020\/03\/dsc01790-1024x683.jpg\" alt=\"\" data-id=\"592\" data-full-url=\"https:\/\/ingenieria.udd.cl\/ii\/files\/2020\/03\/dsc01790-scaled-1.jpg\" data-link=\"https:\/\/ii.udd.cl\/laboratorio-de-sistemas-de-salud-dinamicos\/dsc01790\/\" class=\"wp-image-592\" \/><\/figure><\/li><li class=\"blocks-gallery-item\"><figure><img decoding=\"async\" src=\"https:\/\/ii.udd.cl\/files\/2020\/03\/dsc01792-683x1024.jpg\" alt=\"\" data-id=\"594\" data-full-url=\"https:\/\/ingenieria.udd.cl\/ii\/files\/2020\/03\/dsc01792-scaled-1.jpg\" data-link=\"https:\/\/ii.udd.cl\/laboratorio-de-sistemas-de-salud-dinamicos\/dsc01792\/\" class=\"wp-image-594\" \/><\/figure><\/li><li class=\"blocks-gallery-item\"><figure><img decoding=\"async\" src=\"https:\/\/ii.udd.cl\/files\/2020\/03\/dsc01791-1024x683.jpg\" alt=\"\" data-id=\"593\" data-full-url=\"https:\/\/ingenieria.udd.cl\/ii\/files\/2020\/03\/dsc01791-scaled-1.jpg\" data-link=\"https:\/\/ii.udd.cl\/laboratorio-de-sistemas-de-salud-dinamicos\/dsc01791\/\" class=\"wp-image-593\" \/><\/figure><\/li><\/ul><\/figure>\n","protected":false},"excerpt":{"rendered":"<p>Los an\u00e1lisis de calidad de agua en cuerpos h\u00eddricos necesitan de sistemas de colecta para an\u00e1lisis en laboratorio de diversas propiedades qu\u00edmicas y biol\u00f3gicas. En este proyecto se desarrolla una boya capaza de realizar un muestreo temporal de peque\u00f1as muestras de agua, de manera aut\u00f3noma y sin necesidad energ\u00e9tica externa, al usar un sistema mec\u00e1nico [&hellip;]<\/p>\n","protected":false},"author":9192225,"featured_media":0,"parent":0,"menu_order":0,"comment_status":"closed","ping_status":"closed","template":"","meta":{"footnotes":""},"class_list":["post-591","page","type-page","status-publish","hentry"],"yoast_head":"<!-- This site is optimized with the Yoast SEO plugin v26.9 - https:\/\/yoast.com\/product\/yoast-seo-wordpress\/ -->\n<title>Colector autoalimentado para la automatizaci\u00f3n de muestras de agua - Innovaci\u00f3n Ingenier\u00eda<\/title>\n<meta name=\"robots\" content=\"index, follow, max-snippet:-1, max-image-preview:large, max-video-preview:-1\" \/>\n<link rel=\"canonical\" href=\"https:\/\/ingenieria.udd.cl\/ii\/colector-autoalimentado-para-la-automatizacion-de-muestras-de-agua\/\" \/>\n<meta property=\"og:locale\" content=\"es_ES\" \/>\n<meta property=\"og:type\" content=\"article\" \/>\n<meta property=\"og:title\" content=\"Colector autoalimentado para la automatizaci\u00f3n de muestras de agua - Innovaci\u00f3n Ingenier\u00eda\" \/>\n<meta property=\"og:description\" content=\"Los an\u00e1lisis de calidad de agua en cuerpos h\u00eddricos necesitan de sistemas de colecta para an\u00e1lisis en laboratorio de diversas propiedades qu\u00edmicas y biol\u00f3gicas. En este proyecto se desarrolla una boya capaza de realizar un muestreo temporal de peque\u00f1as muestras de agua, de manera aut\u00f3noma y sin necesidad energ\u00e9tica externa, al usar un sistema mec\u00e1nico [&hellip;]\" \/>\n<meta property=\"og:url\" content=\"https:\/\/ingenieria.udd.cl\/ii\/colector-autoalimentado-para-la-automatizacion-de-muestras-de-agua\/\" \/>\n<meta property=\"og:site_name\" content=\"Innovaci\u00f3n Ingenier\u00eda\" \/>\n<meta property=\"og:image\" content=\"https:\/\/ii.udd.cl\/files\/2020\/03\/dsc01790-1024x683.jpg\" \/>\n<meta name=\"twitter:card\" content=\"summary_large_image\" \/>\n<meta name=\"twitter:label1\" content=\"Tiempo de lectura\" \/>\n\t<meta name=\"twitter:data1\" content=\"1 minuto\" \/>\n<script type=\"application\/ld+json\" class=\"yoast-schema-graph\">{\"@context\":\"https:\/\/schema.org\",\"@graph\":[{\"@type\":\"WebPage\",\"@id\":\"https:\/\/ingenieria.udd.cl\/ii\/colector-autoalimentado-para-la-automatizacion-de-muestras-de-agua\/\",\"url\":\"https:\/\/ingenieria.udd.cl\/ii\/colector-autoalimentado-para-la-automatizacion-de-muestras-de-agua\/\",\"name\":\"Colector autoalimentado para la automatizaci\u00f3n de muestras de agua - Innovaci\u00f3n Ingenier\u00eda\",\"isPartOf\":{\"@id\":\"https:\/\/ingenieria.udd.cl\/ii\/#website\"},\"primaryImageOfPage\":{\"@id\":\"https:\/\/ingenieria.udd.cl\/ii\/colector-autoalimentado-para-la-automatizacion-de-muestras-de-agua\/#primaryimage\"},\"image\":{\"@id\":\"https:\/\/ingenieria.udd.cl\/ii\/colector-autoalimentado-para-la-automatizacion-de-muestras-de-agua\/#primaryimage\"},\"thumbnailUrl\":\"https:\/\/ii.udd.cl\/files\/2020\/03\/dsc01790-1024x683.jpg\",\"datePublished\":\"2020-03-26T15:39:51+00:00\",\"breadcrumb\":{\"@id\":\"https:\/\/ingenieria.udd.cl\/ii\/colector-autoalimentado-para-la-automatizacion-de-muestras-de-agua\/#breadcrumb\"},\"inLanguage\":\"es\",\"potentialAction\":[{\"@type\":\"ReadAction\",\"target\":[\"https:\/\/ingenieria.udd.cl\/ii\/colector-autoalimentado-para-la-automatizacion-de-muestras-de-agua\/\"]}]},{\"@type\":\"ImageObject\",\"inLanguage\":\"es\",\"@id\":\"https:\/\/ingenieria.udd.cl\/ii\/colector-autoalimentado-para-la-automatizacion-de-muestras-de-agua\/#primaryimage\",\"url\":\"https:\/\/ii.udd.cl\/files\/2020\/03\/dsc01790-1024x683.jpg\",\"contentUrl\":\"https:\/\/ii.udd.cl\/files\/2020\/03\/dsc01790-1024x683.jpg\"},{\"@type\":\"BreadcrumbList\",\"@id\":\"https:\/\/ingenieria.udd.cl\/ii\/colector-autoalimentado-para-la-automatizacion-de-muestras-de-agua\/#breadcrumb\",\"itemListElement\":[{\"@type\":\"ListItem\",\"position\":1,\"name\":\"Portada\",\"item\":\"https:\/\/ingenieria.udd.cl\/ii\/\"},{\"@type\":\"ListItem\",\"position\":2,\"name\":\"Colector autoalimentado para la automatizaci\u00f3n de muestras de agua\"}]},{\"@type\":\"WebSite\",\"@id\":\"https:\/\/ingenieria.udd.cl\/ii\/#website\",\"url\":\"https:\/\/ingenieria.udd.cl\/ii\/\",\"name\":\"Innovaci\u00f3n Ingenier\u00eda\",\"description\":\"Otro sitio m\u00e1s de Ingenieria\",\"inLanguage\":\"es\"}]}<\/script>\n<!-- \/ Yoast SEO plugin. -->","yoast_head_json":{"title":"Colector autoalimentado para la automatizaci\u00f3n de muestras de agua - Innovaci\u00f3n Ingenier\u00eda","robots":{"index":"index","follow":"follow","max-snippet":"max-snippet:-1","max-image-preview":"max-image-preview:large","max-video-preview":"max-video-preview:-1"},"canonical":"https:\/\/ingenieria.udd.cl\/ii\/colector-autoalimentado-para-la-automatizacion-de-muestras-de-agua\/","og_locale":"es_ES","og_type":"article","og_title":"Colector autoalimentado para la automatizaci\u00f3n de muestras de agua - Innovaci\u00f3n Ingenier\u00eda","og_description":"Los an\u00e1lisis de calidad de agua en cuerpos h\u00eddricos necesitan de sistemas de colecta para an\u00e1lisis en laboratorio de diversas propiedades qu\u00edmicas y biol\u00f3gicas. En este proyecto se desarrolla una boya capaza de realizar un muestreo temporal de peque\u00f1as muestras de agua, de manera aut\u00f3noma y sin necesidad energ\u00e9tica externa, al usar un sistema mec\u00e1nico [&hellip;]","og_url":"https:\/\/ingenieria.udd.cl\/ii\/colector-autoalimentado-para-la-automatizacion-de-muestras-de-agua\/","og_site_name":"Innovaci\u00f3n Ingenier\u00eda","og_image":[{"url":"https:\/\/ii.udd.cl\/files\/2020\/03\/dsc01790-1024x683.jpg","type":"","width":"","height":""}],"twitter_card":"summary_large_image","twitter_misc":{"Tiempo de lectura":"1 minuto"},"schema":{"@context":"https:\/\/schema.org","@graph":[{"@type":"WebPage","@id":"https:\/\/ingenieria.udd.cl\/ii\/colector-autoalimentado-para-la-automatizacion-de-muestras-de-agua\/","url":"https:\/\/ingenieria.udd.cl\/ii\/colector-autoalimentado-para-la-automatizacion-de-muestras-de-agua\/","name":"Colector autoalimentado para la automatizaci\u00f3n de muestras de agua - Innovaci\u00f3n Ingenier\u00eda","isPartOf":{"@id":"https:\/\/ingenieria.udd.cl\/ii\/#website"},"primaryImageOfPage":{"@id":"https:\/\/ingenieria.udd.cl\/ii\/colector-autoalimentado-para-la-automatizacion-de-muestras-de-agua\/#primaryimage"},"image":{"@id":"https:\/\/ingenieria.udd.cl\/ii\/colector-autoalimentado-para-la-automatizacion-de-muestras-de-agua\/#primaryimage"},"thumbnailUrl":"https:\/\/ii.udd.cl\/files\/2020\/03\/dsc01790-1024x683.jpg","datePublished":"2020-03-26T15:39:51+00:00","breadcrumb":{"@id":"https:\/\/ingenieria.udd.cl\/ii\/colector-autoalimentado-para-la-automatizacion-de-muestras-de-agua\/#breadcrumb"},"inLanguage":"es","potentialAction":[{"@type":"ReadAction","target":["https:\/\/ingenieria.udd.cl\/ii\/colector-autoalimentado-para-la-automatizacion-de-muestras-de-agua\/"]}]},{"@type":"ImageObject","inLanguage":"es","@id":"https:\/\/ingenieria.udd.cl\/ii\/colector-autoalimentado-para-la-automatizacion-de-muestras-de-agua\/#primaryimage","url":"https:\/\/ii.udd.cl\/files\/2020\/03\/dsc01790-1024x683.jpg","contentUrl":"https:\/\/ii.udd.cl\/files\/2020\/03\/dsc01790-1024x683.jpg"},{"@type":"BreadcrumbList","@id":"https:\/\/ingenieria.udd.cl\/ii\/colector-autoalimentado-para-la-automatizacion-de-muestras-de-agua\/#breadcrumb","itemListElement":[{"@type":"ListItem","position":1,"name":"Portada","item":"https:\/\/ingenieria.udd.cl\/ii\/"},{"@type":"ListItem","position":2,"name":"Colector autoalimentado para la automatizaci\u00f3n de muestras de agua"}]},{"@type":"WebSite","@id":"https:\/\/ingenieria.udd.cl\/ii\/#website","url":"https:\/\/ingenieria.udd.cl\/ii\/","name":"Innovaci\u00f3n Ingenier\u00eda","description":"Otro sitio m\u00e1s de Ingenieria","inLanguage":"es"}]}},"_links":{"self":[{"href":"https:\/\/ingenieria.udd.cl\/ii\/wp-json\/wp\/v2\/pages\/591","targetHints":{"allow":["GET"]}}],"collection":[{"href":"https:\/\/ingenieria.udd.cl\/ii\/wp-json\/wp\/v2\/pages"}],"about":[{"href":"https:\/\/ingenieria.udd.cl\/ii\/wp-json\/wp\/v2\/types\/page"}],"author":[{"embeddable":true,"href":"https:\/\/ingenieria.udd.cl\/ii\/wp-json\/wp\/v2\/users\/9192225"}],"replies":[{"embeddable":true,"href":"https:\/\/ingenieria.udd.cl\/ii\/wp-json\/wp\/v2\/comments?post=591"}],"version-history":[{"count":0,"href":"https:\/\/ingenieria.udd.cl\/ii\/wp-json\/wp\/v2\/pages\/591\/revisions"}],"wp:attachment":[{"href":"https:\/\/ingenieria.udd.cl\/ii\/wp-json\/wp\/v2\/media?parent=591"}],"curies":[{"name":"wp","href":"https:\/\/api.w.org\/{rel}","templated":true}]}}