{"id":597,"date":"2020-03-26T16:04:32","date_gmt":"2020-03-26T16:04:32","guid":{"rendered":"https:\/\/ii.udd.cl\/?page_id=597"},"modified":"2020-03-26T16:04:32","modified_gmt":"2020-03-26T16:04:32","slug":"estrategias-dinamicas-de-mapeo-y-monitoreo-espacio-temporales-de-la-exposicion-a-la-contaminacion-del-aire","status":"publish","type":"page","link":"https:\/\/ingenieria.udd.cl\/ii\/estrategias-dinamicas-de-mapeo-y-monitoreo-espacio-temporales-de-la-exposicion-a-la-contaminacion-del-aire\/","title":{"rendered":"Estrategias din\u00e1micas de mapeo y monitoreo espacio-temporales de la exposici\u00f3n a la contaminaci\u00f3n del aire"},"content":{"rendered":"\n<p>Tras los nuevos acercamientos para entender la exposici\u00f3n a la contaminaci\u00f3n del aire, se buscan estrategias de redes de monitoreo de alta densidad y sensores de bajo costo<br><\/p>\n\n\n\n<p>Este proyecto tiene por objetivo crear una plataforma para la visualizaci\u00f3n de la exposici\u00f3n a la contaminaci\u00f3n del aire a partir del desarrollo de una estrategia de monitoreo din\u00e1mica para mejorar la resoluci\u00f3n espacial usando sensores de bajo costo tanto de material particulado como de otras variables- sensores electroqu\u00edmicos. Se pretende integrar capas de informaci\u00f3n de densidad poblacional para lograr una mejor caracterizaci\u00f3n de la exposici\u00f3n y la creaci\u00f3n de un \u00edndice socio-econ\u00f3mico de la exposici\u00f3n del aire. Este sistema pretende convertirse en una herramienta para entender la din\u00e1mica local, los patrones espacio temporales y convertirse en un sistema robusto para la toma de decisi\u00f3n gubernamental y comunitaria.<br><\/p>\n","protected":false},"excerpt":{"rendered":"<p>Tras los nuevos acercamientos para entender la exposici\u00f3n a la contaminaci\u00f3n del aire, se buscan estrategias de redes de monitoreo de alta densidad y sensores de bajo costo Este proyecto tiene por objetivo crear una plataforma para la visualizaci\u00f3n de la exposici\u00f3n a la contaminaci\u00f3n del aire a partir del desarrollo de una estrategia de [&hellip;]<\/p>\n","protected":false},"author":9192225,"featured_media":0,"parent":0,"menu_order":0,"comment_status":"closed","ping_status":"closed","template":"","meta":{"footnotes":""},"class_list":["post-597","page","type-page","status-publish","hentry"],"yoast_head":"<!-- This site is optimized with the Yoast SEO plugin v26.9 - https:\/\/yoast.com\/product\/yoast-seo-wordpress\/ -->\n<title>Estrategias din\u00e1micas de mapeo y monitoreo espacio-temporales de la exposici\u00f3n a la contaminaci\u00f3n del aire - Innovaci\u00f3n Ingenier\u00eda<\/title>\n<meta name=\"robots\" content=\"index, follow, max-snippet:-1, max-image-preview:large, max-video-preview:-1\" \/>\n<link rel=\"canonical\" href=\"https:\/\/ingenieria.udd.cl\/ii\/estrategias-dinamicas-de-mapeo-y-monitoreo-espacio-temporales-de-la-exposicion-a-la-contaminacion-del-aire\/\" \/>\n<meta property=\"og:locale\" content=\"es_ES\" \/>\n<meta property=\"og:type\" content=\"article\" \/>\n<meta property=\"og:title\" content=\"Estrategias din\u00e1micas de mapeo y monitoreo espacio-temporales de la exposici\u00f3n a la contaminaci\u00f3n del aire - Innovaci\u00f3n Ingenier\u00eda\" \/>\n<meta property=\"og:description\" content=\"Tras los nuevos acercamientos para entender la exposici\u00f3n a la contaminaci\u00f3n del aire, se buscan estrategias de redes de monitoreo de alta densidad y sensores de bajo costo Este proyecto tiene por objetivo crear una plataforma para la visualizaci\u00f3n de la exposici\u00f3n a la contaminaci\u00f3n del aire a partir del desarrollo de una estrategia de [&hellip;]\" \/>\n<meta property=\"og:url\" content=\"https:\/\/ingenieria.udd.cl\/ii\/estrategias-dinamicas-de-mapeo-y-monitoreo-espacio-temporales-de-la-exposicion-a-la-contaminacion-del-aire\/\" \/>\n<meta property=\"og:site_name\" content=\"Innovaci\u00f3n Ingenier\u00eda\" \/>\n<meta name=\"twitter:card\" content=\"summary_large_image\" \/>\n<meta name=\"twitter:label1\" content=\"Tiempo de lectura\" \/>\n\t<meta name=\"twitter:data1\" content=\"1 minuto\" \/>\n<script type=\"application\/ld+json\" class=\"yoast-schema-graph\">{\"@context\":\"https:\/\/schema.org\",\"@graph\":[{\"@type\":\"WebPage\",\"@id\":\"https:\/\/ingenieria.udd.cl\/ii\/estrategias-dinamicas-de-mapeo-y-monitoreo-espacio-temporales-de-la-exposicion-a-la-contaminacion-del-aire\/\",\"url\":\"https:\/\/ingenieria.udd.cl\/ii\/estrategias-dinamicas-de-mapeo-y-monitoreo-espacio-temporales-de-la-exposicion-a-la-contaminacion-del-aire\/\",\"name\":\"Estrategias din\u00e1micas de mapeo y monitoreo espacio-temporales de la exposici\u00f3n a la contaminaci\u00f3n del aire - Innovaci\u00f3n Ingenier\u00eda\",\"isPartOf\":{\"@id\":\"https:\/\/ingenieria.udd.cl\/ii\/#website\"},\"datePublished\":\"2020-03-26T16:04:32+00:00\",\"breadcrumb\":{\"@id\":\"https:\/\/ingenieria.udd.cl\/ii\/estrategias-dinamicas-de-mapeo-y-monitoreo-espacio-temporales-de-la-exposicion-a-la-contaminacion-del-aire\/#breadcrumb\"},\"inLanguage\":\"es\",\"potentialAction\":[{\"@type\":\"ReadAction\",\"target\":[\"https:\/\/ingenieria.udd.cl\/ii\/estrategias-dinamicas-de-mapeo-y-monitoreo-espacio-temporales-de-la-exposicion-a-la-contaminacion-del-aire\/\"]}]},{\"@type\":\"BreadcrumbList\",\"@id\":\"https:\/\/ingenieria.udd.cl\/ii\/estrategias-dinamicas-de-mapeo-y-monitoreo-espacio-temporales-de-la-exposicion-a-la-contaminacion-del-aire\/#breadcrumb\",\"itemListElement\":[{\"@type\":\"ListItem\",\"position\":1,\"name\":\"Portada\",\"item\":\"https:\/\/ingenieria.udd.cl\/ii\/\"},{\"@type\":\"ListItem\",\"position\":2,\"name\":\"Estrategias din\u00e1micas de mapeo y monitoreo espacio-temporales de la exposici\u00f3n a la contaminaci\u00f3n del aire\"}]},{\"@type\":\"WebSite\",\"@id\":\"https:\/\/ingenieria.udd.cl\/ii\/#website\",\"url\":\"https:\/\/ingenieria.udd.cl\/ii\/\",\"name\":\"Innovaci\u00f3n Ingenier\u00eda\",\"description\":\"Otro sitio m\u00e1s de Ingenieria\",\"inLanguage\":\"es\"}]}<\/script>\n<!-- \/ Yoast SEO plugin. -->","yoast_head_json":{"title":"Estrategias din\u00e1micas de mapeo y monitoreo espacio-temporales de la exposici\u00f3n a la contaminaci\u00f3n del aire - Innovaci\u00f3n Ingenier\u00eda","robots":{"index":"index","follow":"follow","max-snippet":"max-snippet:-1","max-image-preview":"max-image-preview:large","max-video-preview":"max-video-preview:-1"},"canonical":"https:\/\/ingenieria.udd.cl\/ii\/estrategias-dinamicas-de-mapeo-y-monitoreo-espacio-temporales-de-la-exposicion-a-la-contaminacion-del-aire\/","og_locale":"es_ES","og_type":"article","og_title":"Estrategias din\u00e1micas de mapeo y monitoreo espacio-temporales de la exposici\u00f3n a la contaminaci\u00f3n del aire - Innovaci\u00f3n Ingenier\u00eda","og_description":"Tras los nuevos acercamientos para entender la exposici\u00f3n a la contaminaci\u00f3n del aire, se buscan estrategias de redes de monitoreo de alta densidad y sensores de bajo costo Este proyecto tiene por objetivo crear una plataforma para la visualizaci\u00f3n de la exposici\u00f3n a la contaminaci\u00f3n del aire a partir del desarrollo de una estrategia de [&hellip;]","og_url":"https:\/\/ingenieria.udd.cl\/ii\/estrategias-dinamicas-de-mapeo-y-monitoreo-espacio-temporales-de-la-exposicion-a-la-contaminacion-del-aire\/","og_site_name":"Innovaci\u00f3n Ingenier\u00eda","twitter_card":"summary_large_image","twitter_misc":{"Tiempo de lectura":"1 minuto"},"schema":{"@context":"https:\/\/schema.org","@graph":[{"@type":"WebPage","@id":"https:\/\/ingenieria.udd.cl\/ii\/estrategias-dinamicas-de-mapeo-y-monitoreo-espacio-temporales-de-la-exposicion-a-la-contaminacion-del-aire\/","url":"https:\/\/ingenieria.udd.cl\/ii\/estrategias-dinamicas-de-mapeo-y-monitoreo-espacio-temporales-de-la-exposicion-a-la-contaminacion-del-aire\/","name":"Estrategias din\u00e1micas de mapeo y monitoreo espacio-temporales de la exposici\u00f3n a la contaminaci\u00f3n del aire - Innovaci\u00f3n Ingenier\u00eda","isPartOf":{"@id":"https:\/\/ingenieria.udd.cl\/ii\/#website"},"datePublished":"2020-03-26T16:04:32+00:00","breadcrumb":{"@id":"https:\/\/ingenieria.udd.cl\/ii\/estrategias-dinamicas-de-mapeo-y-monitoreo-espacio-temporales-de-la-exposicion-a-la-contaminacion-del-aire\/#breadcrumb"},"inLanguage":"es","potentialAction":[{"@type":"ReadAction","target":["https:\/\/ingenieria.udd.cl\/ii\/estrategias-dinamicas-de-mapeo-y-monitoreo-espacio-temporales-de-la-exposicion-a-la-contaminacion-del-aire\/"]}]},{"@type":"BreadcrumbList","@id":"https:\/\/ingenieria.udd.cl\/ii\/estrategias-dinamicas-de-mapeo-y-monitoreo-espacio-temporales-de-la-exposicion-a-la-contaminacion-del-aire\/#breadcrumb","itemListElement":[{"@type":"ListItem","position":1,"name":"Portada","item":"https:\/\/ingenieria.udd.cl\/ii\/"},{"@type":"ListItem","position":2,"name":"Estrategias din\u00e1micas de mapeo y monitoreo espacio-temporales de la exposici\u00f3n a la contaminaci\u00f3n del aire"}]},{"@type":"WebSite","@id":"https:\/\/ingenieria.udd.cl\/ii\/#website","url":"https:\/\/ingenieria.udd.cl\/ii\/","name":"Innovaci\u00f3n Ingenier\u00eda","description":"Otro sitio m\u00e1s de Ingenieria","inLanguage":"es"}]}},"_links":{"self":[{"href":"https:\/\/ingenieria.udd.cl\/ii\/wp-json\/wp\/v2\/pages\/597","targetHints":{"allow":["GET"]}}],"collection":[{"href":"https:\/\/ingenieria.udd.cl\/ii\/wp-json\/wp\/v2\/pages"}],"about":[{"href":"https:\/\/ingenieria.udd.cl\/ii\/wp-json\/wp\/v2\/types\/page"}],"author":[{"embeddable":true,"href":"https:\/\/ingenieria.udd.cl\/ii\/wp-json\/wp\/v2\/users\/9192225"}],"replies":[{"embeddable":true,"href":"https:\/\/ingenieria.udd.cl\/ii\/wp-json\/wp\/v2\/comments?post=597"}],"version-history":[{"count":0,"href":"https:\/\/ingenieria.udd.cl\/ii\/wp-json\/wp\/v2\/pages\/597\/revisions"}],"wp:attachment":[{"href":"https:\/\/ingenieria.udd.cl\/ii\/wp-json\/wp\/v2\/media?parent=597"}],"curies":[{"name":"wp","href":"https:\/\/api.w.org\/{rel}","templated":true}]}}