{"id":601,"date":"2020-03-26T16:16:14","date_gmt":"2020-03-26T16:16:14","guid":{"rendered":"https:\/\/ii.udd.cl\/?page_id=601"},"modified":"2020-03-26T16:16:14","modified_gmt":"2020-03-26T16:16:14","slug":"interpolacion-gis-y-sistema-automatico-para-el-agrupamiento-de-datos-de-sistemas-de-exposicion-al-aire","status":"publish","type":"page","link":"https:\/\/ingenieria.udd.cl\/ii\/interpolacion-gis-y-sistema-automatico-para-el-agrupamiento-de-datos-de-sistemas-de-exposicion-al-aire\/","title":{"rendered":"Interpolaci\u00f3n GIS y sistema autom\u00e1tico para el agrupamiento de datos de sistemas de exposici\u00f3n al aire."},"content":{"rendered":"\n<p> Este proyecto automatiza la organizaci\u00f3n de los datos colectados por los sistemas de identificaci\u00f3n de material particulado con el objetivo de generar mapas din\u00e1micos en tiempo real en una plataforma web. El sistema utilizar\u00e1 sistema de base de datos no relacional, relacional y algoritmos estad\u00edsticos para nutrir modelos de an\u00e1lisis geoespaciales. <\/p>\n","protected":false},"excerpt":{"rendered":"<p>Este proyecto automatiza la organizaci\u00f3n de los datos colectados por los sistemas de identificaci\u00f3n de material particulado con el objetivo de generar mapas din\u00e1micos en tiempo real en una plataforma web. El sistema utilizar\u00e1 sistema de base de datos no relacional, relacional y algoritmos estad\u00edsticos para nutrir modelos de an\u00e1lisis geoespaciales.<\/p>\n","protected":false},"author":9192225,"featured_media":0,"parent":0,"menu_order":0,"comment_status":"closed","ping_status":"closed","template":"","meta":{"footnotes":""},"class_list":["post-601","page","type-page","status-publish","hentry"],"yoast_head":"<!-- This site is optimized with the Yoast SEO plugin v26.9 - https:\/\/yoast.com\/product\/yoast-seo-wordpress\/ -->\n<title>Interpolaci\u00f3n GIS y sistema autom\u00e1tico para el agrupamiento de datos de sistemas de exposici\u00f3n al aire. - Innovaci\u00f3n Ingenier\u00eda<\/title>\n<meta name=\"robots\" content=\"index, follow, max-snippet:-1, max-image-preview:large, max-video-preview:-1\" \/>\n<link rel=\"canonical\" href=\"https:\/\/ingenieria.udd.cl\/ii\/interpolacion-gis-y-sistema-automatico-para-el-agrupamiento-de-datos-de-sistemas-de-exposicion-al-aire\/\" \/>\n<meta property=\"og:locale\" content=\"es_ES\" \/>\n<meta property=\"og:type\" content=\"article\" \/>\n<meta property=\"og:title\" content=\"Interpolaci\u00f3n GIS y sistema autom\u00e1tico para el agrupamiento de datos de sistemas de exposici\u00f3n al aire. - Innovaci\u00f3n Ingenier\u00eda\" \/>\n<meta property=\"og:description\" content=\"Este proyecto automatiza la organizaci\u00f3n de los datos colectados por los sistemas de identificaci\u00f3n de material particulado con el objetivo de generar mapas din\u00e1micos en tiempo real en una plataforma web. El sistema utilizar\u00e1 sistema de base de datos no relacional, relacional y algoritmos estad\u00edsticos para nutrir modelos de an\u00e1lisis geoespaciales.\" \/>\n<meta property=\"og:url\" content=\"https:\/\/ingenieria.udd.cl\/ii\/interpolacion-gis-y-sistema-automatico-para-el-agrupamiento-de-datos-de-sistemas-de-exposicion-al-aire\/\" \/>\n<meta property=\"og:site_name\" content=\"Innovaci\u00f3n Ingenier\u00eda\" \/>\n<meta name=\"twitter:card\" content=\"summary_large_image\" \/>\n<script type=\"application\/ld+json\" class=\"yoast-schema-graph\">{\"@context\":\"https:\/\/schema.org\",\"@graph\":[{\"@type\":\"WebPage\",\"@id\":\"https:\/\/ingenieria.udd.cl\/ii\/interpolacion-gis-y-sistema-automatico-para-el-agrupamiento-de-datos-de-sistemas-de-exposicion-al-aire\/\",\"url\":\"https:\/\/ingenieria.udd.cl\/ii\/interpolacion-gis-y-sistema-automatico-para-el-agrupamiento-de-datos-de-sistemas-de-exposicion-al-aire\/\",\"name\":\"Interpolaci\u00f3n GIS y sistema autom\u00e1tico para el agrupamiento de datos de sistemas de exposici\u00f3n al aire. - Innovaci\u00f3n Ingenier\u00eda\",\"isPartOf\":{\"@id\":\"https:\/\/ingenieria.udd.cl\/ii\/#website\"},\"datePublished\":\"2020-03-26T16:16:14+00:00\",\"breadcrumb\":{\"@id\":\"https:\/\/ingenieria.udd.cl\/ii\/interpolacion-gis-y-sistema-automatico-para-el-agrupamiento-de-datos-de-sistemas-de-exposicion-al-aire\/#breadcrumb\"},\"inLanguage\":\"es\",\"potentialAction\":[{\"@type\":\"ReadAction\",\"target\":[\"https:\/\/ingenieria.udd.cl\/ii\/interpolacion-gis-y-sistema-automatico-para-el-agrupamiento-de-datos-de-sistemas-de-exposicion-al-aire\/\"]}]},{\"@type\":\"BreadcrumbList\",\"@id\":\"https:\/\/ingenieria.udd.cl\/ii\/interpolacion-gis-y-sistema-automatico-para-el-agrupamiento-de-datos-de-sistemas-de-exposicion-al-aire\/#breadcrumb\",\"itemListElement\":[{\"@type\":\"ListItem\",\"position\":1,\"name\":\"Portada\",\"item\":\"https:\/\/ingenieria.udd.cl\/ii\/\"},{\"@type\":\"ListItem\",\"position\":2,\"name\":\"Interpolaci\u00f3n GIS y sistema autom\u00e1tico para el agrupamiento de datos de sistemas de exposici\u00f3n al aire.\"}]},{\"@type\":\"WebSite\",\"@id\":\"https:\/\/ingenieria.udd.cl\/ii\/#website\",\"url\":\"https:\/\/ingenieria.udd.cl\/ii\/\",\"name\":\"Innovaci\u00f3n Ingenier\u00eda\",\"description\":\"Otro sitio m\u00e1s de Ingenieria\",\"inLanguage\":\"es\"}]}<\/script>\n<!-- \/ Yoast SEO plugin. -->","yoast_head_json":{"title":"Interpolaci\u00f3n GIS y sistema autom\u00e1tico para el agrupamiento de datos de sistemas de exposici\u00f3n al aire. - Innovaci\u00f3n Ingenier\u00eda","robots":{"index":"index","follow":"follow","max-snippet":"max-snippet:-1","max-image-preview":"max-image-preview:large","max-video-preview":"max-video-preview:-1"},"canonical":"https:\/\/ingenieria.udd.cl\/ii\/interpolacion-gis-y-sistema-automatico-para-el-agrupamiento-de-datos-de-sistemas-de-exposicion-al-aire\/","og_locale":"es_ES","og_type":"article","og_title":"Interpolaci\u00f3n GIS y sistema autom\u00e1tico para el agrupamiento de datos de sistemas de exposici\u00f3n al aire. - Innovaci\u00f3n Ingenier\u00eda","og_description":"Este proyecto automatiza la organizaci\u00f3n de los datos colectados por los sistemas de identificaci\u00f3n de material particulado con el objetivo de generar mapas din\u00e1micos en tiempo real en una plataforma web. El sistema utilizar\u00e1 sistema de base de datos no relacional, relacional y algoritmos estad\u00edsticos para nutrir modelos de an\u00e1lisis geoespaciales.","og_url":"https:\/\/ingenieria.udd.cl\/ii\/interpolacion-gis-y-sistema-automatico-para-el-agrupamiento-de-datos-de-sistemas-de-exposicion-al-aire\/","og_site_name":"Innovaci\u00f3n Ingenier\u00eda","twitter_card":"summary_large_image","schema":{"@context":"https:\/\/schema.org","@graph":[{"@type":"WebPage","@id":"https:\/\/ingenieria.udd.cl\/ii\/interpolacion-gis-y-sistema-automatico-para-el-agrupamiento-de-datos-de-sistemas-de-exposicion-al-aire\/","url":"https:\/\/ingenieria.udd.cl\/ii\/interpolacion-gis-y-sistema-automatico-para-el-agrupamiento-de-datos-de-sistemas-de-exposicion-al-aire\/","name":"Interpolaci\u00f3n GIS y sistema autom\u00e1tico para el agrupamiento de datos de sistemas de exposici\u00f3n al aire. - Innovaci\u00f3n Ingenier\u00eda","isPartOf":{"@id":"https:\/\/ingenieria.udd.cl\/ii\/#website"},"datePublished":"2020-03-26T16:16:14+00:00","breadcrumb":{"@id":"https:\/\/ingenieria.udd.cl\/ii\/interpolacion-gis-y-sistema-automatico-para-el-agrupamiento-de-datos-de-sistemas-de-exposicion-al-aire\/#breadcrumb"},"inLanguage":"es","potentialAction":[{"@type":"ReadAction","target":["https:\/\/ingenieria.udd.cl\/ii\/interpolacion-gis-y-sistema-automatico-para-el-agrupamiento-de-datos-de-sistemas-de-exposicion-al-aire\/"]}]},{"@type":"BreadcrumbList","@id":"https:\/\/ingenieria.udd.cl\/ii\/interpolacion-gis-y-sistema-automatico-para-el-agrupamiento-de-datos-de-sistemas-de-exposicion-al-aire\/#breadcrumb","itemListElement":[{"@type":"ListItem","position":1,"name":"Portada","item":"https:\/\/ingenieria.udd.cl\/ii\/"},{"@type":"ListItem","position":2,"name":"Interpolaci\u00f3n GIS y sistema autom\u00e1tico para el agrupamiento de datos de sistemas de exposici\u00f3n al aire."}]},{"@type":"WebSite","@id":"https:\/\/ingenieria.udd.cl\/ii\/#website","url":"https:\/\/ingenieria.udd.cl\/ii\/","name":"Innovaci\u00f3n Ingenier\u00eda","description":"Otro sitio m\u00e1s de Ingenieria","inLanguage":"es"}]}},"_links":{"self":[{"href":"https:\/\/ingenieria.udd.cl\/ii\/wp-json\/wp\/v2\/pages\/601","targetHints":{"allow":["GET"]}}],"collection":[{"href":"https:\/\/ingenieria.udd.cl\/ii\/wp-json\/wp\/v2\/pages"}],"about":[{"href":"https:\/\/ingenieria.udd.cl\/ii\/wp-json\/wp\/v2\/types\/page"}],"author":[{"embeddable":true,"href":"https:\/\/ingenieria.udd.cl\/ii\/wp-json\/wp\/v2\/users\/9192225"}],"replies":[{"embeddable":true,"href":"https:\/\/ingenieria.udd.cl\/ii\/wp-json\/wp\/v2\/comments?post=601"}],"version-history":[{"count":0,"href":"https:\/\/ingenieria.udd.cl\/ii\/wp-json\/wp\/v2\/pages\/601\/revisions"}],"wp:attachment":[{"href":"https:\/\/ingenieria.udd.cl\/ii\/wp-json\/wp\/v2\/media?parent=601"}],"curies":[{"name":"wp","href":"https:\/\/api.w.org\/{rel}","templated":true}]}}