{"id":615,"date":"2020-03-26T17:50:27","date_gmt":"2020-03-26T17:50:27","guid":{"rendered":"https:\/\/ii.udd.cl\/?page_id=615"},"modified":"2020-03-26T17:50:27","modified_gmt":"2020-03-26T17:50:27","slug":"camara-automatizada-para-estandarizacion-de-sensores-ambientales","status":"publish","type":"page","link":"https:\/\/ingenieria.udd.cl\/ii\/camara-automatizada-para-estandarizacion-de-sensores-ambientales\/","title":{"rendered":"C\u00e1mara automatizada para estandarizaci\u00f3n de sensores ambientales"},"content":{"rendered":"\n<p> Las c\u00e1maras ambientales se usan com\u00fanmente para evaluar y caracterizar dispositivos y productos bajo condiciones controladas, en particular estas c\u00e1maras logran controlar las variables de temperatura y humedad. Desarrollos recientes han permitido la creaci\u00f3n de c\u00e1maras ambientales automatizadas para la evaluaci\u00f3n de la instrumentaci\u00f3n que mide calidad del aire, sin embargo esta instrumentaci\u00f3n es costosa y de alta sofistifaci\u00f3n. Por otro lado, han existido desarrollos de peque\u00f1as c\u00e1maras ambientales para la evaluaci\u00f3n de sensores de contaminaci\u00f3n del aire, pero estas no automatizan completamente el procedimiento de entrada\/salida del aire y por lo tanto no generan un ambiente de material particulado estable y reproducible lo que no las convierte en instrumentos apropiados para la evaluaci\u00f3n sist\u00e9mica de los diversos tipos de sensores de material particulado. <\/p>\n\n\n\n<p>Este proyecto construye una c\u00e1mara de aire automatizada, port\u00e1til, replicable y de bajo costo capaz de controlar variables atmosf\u00e9ricas con el fin de caracterizar y calibrar sensores de contaminantes del aire. El sistema deber\u00e1 controlar totalmente automatizado de entradas y salidas de aire y contar con un volumen peque\u00f1o para que se pueda incluir en c\u00e1maras barom\u00e9tricas \/ higrom\u00e9tricas \/ isot\u00e9rmicas y tambi\u00e9n se pueda usar en el campo. Adem\u00e1s de ser modulares electr\u00f3nicamente para que pueda agregar otros sensores est\u00e1ndar y contar con disponibilidad de comunicaci\u00f3n inal\u00e1mbrica. <\/p>\n\n\n\n<figure class=\"wp-block-gallery columns-3 is-cropped wp-block-gallery-1 is-layout-flex wp-block-gallery-is-layout-flex\"><ul class=\"blocks-gallery-grid\"><li class=\"blocks-gallery-item\"><figure><img loading=\"lazy\" decoding=\"async\" width=\"318\" height=\"394\" src=\"https:\/\/ingenieria.udd.cl\/ii\/files\/2020\/03\/camara-ambiental-poste-3.png\" alt=\"\" data-id=\"616\" data-full-url=\"https:\/\/ingenieria.udd.cl\/ii\/files\/2020\/03\/camara-ambiental-poste-3.png\" data-link=\"https:\/\/ii.udd.cl\/?attachment_id=616\" class=\"wp-image-616\" srcset=\"https:\/\/ingenieria.udd.cl\/ii\/files\/2020\/03\/camara-ambiental-poste-3.png 318w, https:\/\/ingenieria.udd.cl\/ii\/files\/2020\/03\/camara-ambiental-poste-3-242x300.png 242w\" sizes=\"auto, (max-width: 318px) 100vw, 318px\" \/><\/figure><\/li><li class=\"blocks-gallery-item\"><figure><img loading=\"lazy\" decoding=\"async\" width=\"478\" height=\"367\" src=\"https:\/\/ingenieria.udd.cl\/ii\/files\/2020\/03\/camara-ambiental-poste-4.png\" alt=\"\" data-id=\"617\" data-full-url=\"https:\/\/ingenieria.udd.cl\/ii\/files\/2020\/03\/camara-ambiental-poste-4.png\" data-link=\"https:\/\/ii.udd.cl\/?attachment_id=617\" class=\"wp-image-617\" srcset=\"https:\/\/ingenieria.udd.cl\/ii\/files\/2020\/03\/camara-ambiental-poste-4.png 478w, https:\/\/ingenieria.udd.cl\/ii\/files\/2020\/03\/camara-ambiental-poste-4-300x230.png 300w, https:\/\/ingenieria.udd.cl\/ii\/files\/2020\/03\/camara-ambiental-poste-4-182x140.png 182w\" sizes=\"auto, (max-width: 478px) 100vw, 478px\" \/><\/figure><\/li><li class=\"blocks-gallery-item\"><figure><img loading=\"lazy\" decoding=\"async\" width=\"552\" height=\"378\" src=\"https:\/\/ingenieria.udd.cl\/ii\/files\/2020\/03\/camara-ambiental-poste.png\" alt=\"\" data-id=\"618\" data-full-url=\"https:\/\/ingenieria.udd.cl\/ii\/files\/2020\/03\/camara-ambiental-poste.png\" data-link=\"https:\/\/ii.udd.cl\/?attachment_id=618\" class=\"wp-image-618\" srcset=\"https:\/\/ingenieria.udd.cl\/ii\/files\/2020\/03\/camara-ambiental-poste.png 552w, https:\/\/ingenieria.udd.cl\/ii\/files\/2020\/03\/camara-ambiental-poste-300x205.png 300w\" sizes=\"auto, (max-width: 552px) 100vw, 552px\" \/><\/figure><\/li><li class=\"blocks-gallery-item\"><figure><img decoding=\"async\" src=\"https:\/\/ii.udd.cl\/files\/2020\/03\/img_7108-1024x683.jpg\" alt=\"\" data-id=\"191\" data-full-url=\"https:\/\/ingenieria.udd.cl\/ii\/files\/2020\/03\/img_7108-scaled-1.jpg\" data-link=\"https:\/\/ii.udd.cl\/laboratorio-de-realidades-extendidas\/img_7108\/\" class=\"wp-image-191\" \/><\/figure><\/li><li class=\"blocks-gallery-item\"><figure><img loading=\"lazy\" decoding=\"async\" width=\"322\" height=\"345\" src=\"https:\/\/ingenieria.udd.cl\/ii\/files\/2020\/03\/camara-ambiental-poste-5.png\" alt=\"\" data-id=\"619\" data-full-url=\"https:\/\/ingenieria.udd.cl\/ii\/files\/2020\/03\/camara-ambiental-poste-5.png\" data-link=\"https:\/\/ii.udd.cl\/?attachment_id=619\" class=\"wp-image-619\" srcset=\"https:\/\/ingenieria.udd.cl\/ii\/files\/2020\/03\/camara-ambiental-poste-5.png 322w, https:\/\/ingenieria.udd.cl\/ii\/files\/2020\/03\/camara-ambiental-poste-5-280x300.png 280w\" sizes=\"auto, (max-width: 322px) 100vw, 322px\" \/><\/figure><\/li><li class=\"blocks-gallery-item\"><figure><img decoding=\"async\" src=\"https:\/\/ii.udd.cl\/files\/2020\/03\/img_7088-1024x683.jpg\" alt=\"\" data-id=\"194\" data-full-url=\"https:\/\/ingenieria.udd.cl\/ii\/files\/2020\/03\/img_7088-scaled-1.jpg\" data-link=\"https:\/\/ii.udd.cl\/laboratorio-de-realidades-extendidas\/img_7088\/\" class=\"wp-image-194\" \/><\/figure><\/li><\/ul><\/figure>\n","protected":false},"excerpt":{"rendered":"<p>Las c\u00e1maras ambientales se usan com\u00fanmente para evaluar y caracterizar dispositivos y productos bajo condiciones controladas, en particular estas c\u00e1maras logran controlar las variables de temperatura y humedad. Desarrollos recientes han permitido la creaci\u00f3n de c\u00e1maras ambientales automatizadas para la evaluaci\u00f3n de la instrumentaci\u00f3n que mide calidad del aire, sin embargo esta instrumentaci\u00f3n es costosa [&hellip;]<\/p>\n","protected":false},"author":9192225,"featured_media":0,"parent":0,"menu_order":0,"comment_status":"closed","ping_status":"closed","template":"","meta":{"footnotes":""},"class_list":["post-615","page","type-page","status-publish","hentry"],"yoast_head":"<!-- This site is optimized with the Yoast SEO plugin v26.9 - https:\/\/yoast.com\/product\/yoast-seo-wordpress\/ -->\n<title>C\u00e1mara automatizada para estandarizaci\u00f3n de sensores ambientales - Innovaci\u00f3n Ingenier\u00eda<\/title>\n<meta name=\"robots\" content=\"index, follow, max-snippet:-1, max-image-preview:large, max-video-preview:-1\" \/>\n<link rel=\"canonical\" href=\"https:\/\/ingenieria.udd.cl\/ii\/camara-automatizada-para-estandarizacion-de-sensores-ambientales\/\" \/>\n<meta property=\"og:locale\" content=\"es_ES\" \/>\n<meta property=\"og:type\" content=\"article\" \/>\n<meta property=\"og:title\" content=\"C\u00e1mara automatizada para estandarizaci\u00f3n de sensores ambientales - Innovaci\u00f3n Ingenier\u00eda\" \/>\n<meta property=\"og:description\" content=\"Las c\u00e1maras ambientales se usan com\u00fanmente para evaluar y caracterizar dispositivos y productos bajo condiciones controladas, en particular estas c\u00e1maras logran controlar las variables de temperatura y humedad. Desarrollos recientes han permitido la creaci\u00f3n de c\u00e1maras ambientales automatizadas para la evaluaci\u00f3n de la instrumentaci\u00f3n que mide calidad del aire, sin embargo esta instrumentaci\u00f3n es costosa [&hellip;]\" \/>\n<meta property=\"og:url\" content=\"https:\/\/ingenieria.udd.cl\/ii\/camara-automatizada-para-estandarizacion-de-sensores-ambientales\/\" \/>\n<meta property=\"og:site_name\" content=\"Innovaci\u00f3n Ingenier\u00eda\" \/>\n<meta property=\"og:image\" content=\"https:\/\/ingenieria.udd.cl\/ii\/files\/2020\/03\/camara-ambiental-poste-3.png\" \/>\n<meta name=\"twitter:card\" content=\"summary_large_image\" \/>\n<meta name=\"twitter:label1\" content=\"Tiempo de lectura\" \/>\n\t<meta name=\"twitter:data1\" content=\"1 minuto\" \/>\n<script type=\"application\/ld+json\" class=\"yoast-schema-graph\">{\"@context\":\"https:\/\/schema.org\",\"@graph\":[{\"@type\":\"WebPage\",\"@id\":\"https:\/\/ingenieria.udd.cl\/ii\/camara-automatizada-para-estandarizacion-de-sensores-ambientales\/\",\"url\":\"https:\/\/ingenieria.udd.cl\/ii\/camara-automatizada-para-estandarizacion-de-sensores-ambientales\/\",\"name\":\"C\u00e1mara automatizada para estandarizaci\u00f3n de sensores ambientales - Innovaci\u00f3n Ingenier\u00eda\",\"isPartOf\":{\"@id\":\"https:\/\/ingenieria.udd.cl\/ii\/#website\"},\"primaryImageOfPage\":{\"@id\":\"https:\/\/ingenieria.udd.cl\/ii\/camara-automatizada-para-estandarizacion-de-sensores-ambientales\/#primaryimage\"},\"image\":{\"@id\":\"https:\/\/ingenieria.udd.cl\/ii\/camara-automatizada-para-estandarizacion-de-sensores-ambientales\/#primaryimage\"},\"thumbnailUrl\":\"https:\/\/ingenieria.udd.cl\/ii\/files\/2020\/03\/camara-ambiental-poste-3.png\",\"datePublished\":\"2020-03-26T17:50:27+00:00\",\"breadcrumb\":{\"@id\":\"https:\/\/ingenieria.udd.cl\/ii\/camara-automatizada-para-estandarizacion-de-sensores-ambientales\/#breadcrumb\"},\"inLanguage\":\"es\",\"potentialAction\":[{\"@type\":\"ReadAction\",\"target\":[\"https:\/\/ingenieria.udd.cl\/ii\/camara-automatizada-para-estandarizacion-de-sensores-ambientales\/\"]}]},{\"@type\":\"ImageObject\",\"inLanguage\":\"es\",\"@id\":\"https:\/\/ingenieria.udd.cl\/ii\/camara-automatizada-para-estandarizacion-de-sensores-ambientales\/#primaryimage\",\"url\":\"https:\/\/ingenieria.udd.cl\/ii\/files\/2020\/03\/camara-ambiental-poste-3.png\",\"contentUrl\":\"https:\/\/ingenieria.udd.cl\/ii\/files\/2020\/03\/camara-ambiental-poste-3.png\",\"width\":318,\"height\":394},{\"@type\":\"BreadcrumbList\",\"@id\":\"https:\/\/ingenieria.udd.cl\/ii\/camara-automatizada-para-estandarizacion-de-sensores-ambientales\/#breadcrumb\",\"itemListElement\":[{\"@type\":\"ListItem\",\"position\":1,\"name\":\"Portada\",\"item\":\"https:\/\/ingenieria.udd.cl\/ii\/\"},{\"@type\":\"ListItem\",\"position\":2,\"name\":\"C\u00e1mara automatizada para estandarizaci\u00f3n de sensores ambientales\"}]},{\"@type\":\"WebSite\",\"@id\":\"https:\/\/ingenieria.udd.cl\/ii\/#website\",\"url\":\"https:\/\/ingenieria.udd.cl\/ii\/\",\"name\":\"Innovaci\u00f3n Ingenier\u00eda\",\"description\":\"Otro sitio m\u00e1s de Ingenieria\",\"inLanguage\":\"es\"}]}<\/script>\n<!-- \/ Yoast SEO plugin. -->","yoast_head_json":{"title":"C\u00e1mara automatizada para estandarizaci\u00f3n de sensores ambientales - Innovaci\u00f3n Ingenier\u00eda","robots":{"index":"index","follow":"follow","max-snippet":"max-snippet:-1","max-image-preview":"max-image-preview:large","max-video-preview":"max-video-preview:-1"},"canonical":"https:\/\/ingenieria.udd.cl\/ii\/camara-automatizada-para-estandarizacion-de-sensores-ambientales\/","og_locale":"es_ES","og_type":"article","og_title":"C\u00e1mara automatizada para estandarizaci\u00f3n de sensores ambientales - Innovaci\u00f3n Ingenier\u00eda","og_description":"Las c\u00e1maras ambientales se usan com\u00fanmente para evaluar y caracterizar dispositivos y productos bajo condiciones controladas, en particular estas c\u00e1maras logran controlar las variables de temperatura y humedad. Desarrollos recientes han permitido la creaci\u00f3n de c\u00e1maras ambientales automatizadas para la evaluaci\u00f3n de la instrumentaci\u00f3n que mide calidad del aire, sin embargo esta instrumentaci\u00f3n es costosa [&hellip;]","og_url":"https:\/\/ingenieria.udd.cl\/ii\/camara-automatizada-para-estandarizacion-de-sensores-ambientales\/","og_site_name":"Innovaci\u00f3n Ingenier\u00eda","og_image":[{"url":"https:\/\/ingenieria.udd.cl\/ii\/files\/2020\/03\/camara-ambiental-poste-3.png","type":"","width":"","height":""}],"twitter_card":"summary_large_image","twitter_misc":{"Tiempo de lectura":"1 minuto"},"schema":{"@context":"https:\/\/schema.org","@graph":[{"@type":"WebPage","@id":"https:\/\/ingenieria.udd.cl\/ii\/camara-automatizada-para-estandarizacion-de-sensores-ambientales\/","url":"https:\/\/ingenieria.udd.cl\/ii\/camara-automatizada-para-estandarizacion-de-sensores-ambientales\/","name":"C\u00e1mara automatizada para estandarizaci\u00f3n de sensores ambientales - Innovaci\u00f3n Ingenier\u00eda","isPartOf":{"@id":"https:\/\/ingenieria.udd.cl\/ii\/#website"},"primaryImageOfPage":{"@id":"https:\/\/ingenieria.udd.cl\/ii\/camara-automatizada-para-estandarizacion-de-sensores-ambientales\/#primaryimage"},"image":{"@id":"https:\/\/ingenieria.udd.cl\/ii\/camara-automatizada-para-estandarizacion-de-sensores-ambientales\/#primaryimage"},"thumbnailUrl":"https:\/\/ingenieria.udd.cl\/ii\/files\/2020\/03\/camara-ambiental-poste-3.png","datePublished":"2020-03-26T17:50:27+00:00","breadcrumb":{"@id":"https:\/\/ingenieria.udd.cl\/ii\/camara-automatizada-para-estandarizacion-de-sensores-ambientales\/#breadcrumb"},"inLanguage":"es","potentialAction":[{"@type":"ReadAction","target":["https:\/\/ingenieria.udd.cl\/ii\/camara-automatizada-para-estandarizacion-de-sensores-ambientales\/"]}]},{"@type":"ImageObject","inLanguage":"es","@id":"https:\/\/ingenieria.udd.cl\/ii\/camara-automatizada-para-estandarizacion-de-sensores-ambientales\/#primaryimage","url":"https:\/\/ingenieria.udd.cl\/ii\/files\/2020\/03\/camara-ambiental-poste-3.png","contentUrl":"https:\/\/ingenieria.udd.cl\/ii\/files\/2020\/03\/camara-ambiental-poste-3.png","width":318,"height":394},{"@type":"BreadcrumbList","@id":"https:\/\/ingenieria.udd.cl\/ii\/camara-automatizada-para-estandarizacion-de-sensores-ambientales\/#breadcrumb","itemListElement":[{"@type":"ListItem","position":1,"name":"Portada","item":"https:\/\/ingenieria.udd.cl\/ii\/"},{"@type":"ListItem","position":2,"name":"C\u00e1mara automatizada para estandarizaci\u00f3n de sensores ambientales"}]},{"@type":"WebSite","@id":"https:\/\/ingenieria.udd.cl\/ii\/#website","url":"https:\/\/ingenieria.udd.cl\/ii\/","name":"Innovaci\u00f3n Ingenier\u00eda","description":"Otro sitio m\u00e1s de Ingenieria","inLanguage":"es"}]}},"_links":{"self":[{"href":"https:\/\/ingenieria.udd.cl\/ii\/wp-json\/wp\/v2\/pages\/615","targetHints":{"allow":["GET"]}}],"collection":[{"href":"https:\/\/ingenieria.udd.cl\/ii\/wp-json\/wp\/v2\/pages"}],"about":[{"href":"https:\/\/ingenieria.udd.cl\/ii\/wp-json\/wp\/v2\/types\/page"}],"author":[{"embeddable":true,"href":"https:\/\/ingenieria.udd.cl\/ii\/wp-json\/wp\/v2\/users\/9192225"}],"replies":[{"embeddable":true,"href":"https:\/\/ingenieria.udd.cl\/ii\/wp-json\/wp\/v2\/comments?post=615"}],"version-history":[{"count":0,"href":"https:\/\/ingenieria.udd.cl\/ii\/wp-json\/wp\/v2\/pages\/615\/revisions"}],"wp:attachment":[{"href":"https:\/\/ingenieria.udd.cl\/ii\/wp-json\/wp\/v2\/media?parent=615"}],"curies":[{"name":"wp","href":"https:\/\/api.w.org\/{rel}","templated":true}]}}