{"id":62,"date":"2020-03-06T14:58:40","date_gmt":"2020-03-06T14:58:40","guid":{"rendered":"https:\/\/ii.udd.cl\/?page_id=62"},"modified":"2020-03-06T14:58:40","modified_gmt":"2020-03-06T14:58:40","slug":"laboratorios-de-investigacion","status":"publish","type":"page","link":"https:\/\/ingenieria.udd.cl\/ii\/laboratorios-de-investigacion\/","title":{"rendered":"Laboratorios de investigaci\u00f3n"},"content":{"rendered":"<section\n\tclass=\"wp-block-udd-text-row block--content-align-right block--bg-gradient\"\n\t\t>\n\t<div class=\"text-row\">\n\t\t<div class=\"text-row__content\">\n\t\t\t<div class=\"text-row__content-inner text\">\n\t\t\t\t\t\t\t\t\n<p>El Centro busca fomentar la investigaci\u00f3n, desarrollo e innovaci\u00f3n que permitan comprender y abordar desaf\u00edos y problem\u00e1ticas que el pa\u00eds enfrente. Para esto se trabaja en 6 laboratorios de investigaci\u00f3n, los cuales apuntan a tem\u00e1ticas especificas con equipos consolidados y multidisciplinarios.<\/p>\n\t\t\t<\/div>\n\t\t<\/div>\n\t\t<div class=\"text-row__media\">\n\t\t\t<img loading=\"lazy\" decoding=\"async\" width=\"720\" height=\"534\" src=\"https:\/\/ingenieria.udd.cl\/ii\/files\/2020\/03\/whatsapp-image-2020-03-12-at-13.42.42-680x382.jpeg\" class=\"text-row__media-image lazyload\" alt=\"\" data-src=\"https:\/\/ingenieria.udd.cl\/ii\/files\/2020\/03\/whatsapp-image-2020-03-12-at-13.42.42-720x534.jpeg\" \/>\t\t<\/div>\n\t<\/div>\n<\/section>\n\n\n<!-- WP Block: UDD - Banners Multiple -->\n<section class=\"wp-block-udd-banners-multiple \">\n\t<div class=\"container\">\n\t\t\t\t<div class=\"block__content\">\n\t\t\t<div id=\"udd-banners-multiple--1\"\n\t\t\t\t\t\t\t\t>\n\t\t\t\t\t\t\t\t<div class=\"banners\">\n\t\t\t\t\t\t\t\t\t<div class=\"banner-col\n\t\t\t\t\t active\t\t\t\t\t\">\n\t\t\t\t\t\t<a href=\"https:\/\/ii.udd.cl\/extendedrealitieslab\/\" class=\"banner banner--multiple\" data-url=\"https:\/\/ii.udd.cl\/extendedrealitieslab\/\">\n\t\t\t\t\t\t\t\t\t\t\t\t\t<img loading=\"lazy\" decoding=\"async\" width=\"432\" height=\"512\" src=\"https:\/\/ingenieria.udd.cl\/ii\/files\/2020\/03\/realidades-extendidas2-.jpg\" class=\"banner__image lazyload\" alt=\"\" sizes=\"auto, (max-width: 432px) 100vw, 432px\" data-src=\"https:\/\/ingenieria.udd.cl\/ii\/files\/2020\/03\/realidades-extendidas2-.jpg\" data-srcset=\"https:\/\/ingenieria.udd.cl\/ii\/files\/2020\/03\/realidades-extendidas2-.jpg 432w, https:\/\/ingenieria.udd.cl\/ii\/files\/2020\/03\/realidades-extendidas2--253x300.jpg 253w\" \/>\t\t\t\t\t\t\t\t\t\t\t\t\t<div class=\"banner__content\">\n\t\t\t\t\t\t\t\t<span class=\"banner__title\">Extended realities Lab<\/span>\n\t\t\t\t\t\t\t\t\t\t\t\t\t\t\t\t\t<span class=\"banner__description\">Experimentando la intersecci\u00f3n entre la realidad virtual\/aumentada y la inteligencia artificial<\/span>\n\t\t\t\t\t\t\t\t\t\t\t\t\t\t\t\t\t\t\t\t\t\t\t\t\t<span class=\"banner__action\">Conoce m\u00e1s<\/span>\n\t\t\t\t\t\t\t\t\t\t\t\t\t\t\t<\/div>\n\t\t\t\t\t\t<\/a>\n\t\t\t\t\t<\/div>\n\t\t\t\t\t\t\t\t\t<div class=\"banner-col\n\t\t\t\t\t\t\t\t\t\t\">\n\t\t\t\t\t\t<a href=\"https:\/\/ii.udd.cl\/laboratorio-de-sistemas-de-salud-dinamicos\/\" class=\"banner banner--multiple\" data-url=\"https:\/\/ii.udd.cl\/laboratorio-de-sistemas-de-salud-dinamicos\/\">\n\t\t\t\t\t\t\t\t\t\t\t\t\t<img loading=\"lazy\" decoding=\"async\" width=\"441\" height=\"320\" src=\"https:\/\/ingenieria.udd.cl\/ii\/files\/2020\/03\/aire2-e1585329015206.png\" class=\"banner__image lazyload\" alt=\"\" sizes=\"auto, (max-width: 441px) 100vw, 441px\" data-src=\"https:\/\/ingenieria.udd.cl\/ii\/files\/2020\/03\/aire2-e1585329015206.png\" data-srcset=\"https:\/\/ingenieria.udd.cl\/ii\/files\/2020\/03\/aire2-e1585329015206.png 441w, https:\/\/ingenieria.udd.cl\/ii\/files\/2020\/03\/aire2-e1585329015206-300x218.png 300w, https:\/\/ingenieria.udd.cl\/ii\/files\/2020\/03\/aire2-e1585329015206-87x62.png 87w\" \/>\t\t\t\t\t\t\t\t\t\t\t\t\t<div class=\"banner__content\">\n\t\t\t\t\t\t\t\t<span class=\"banner__title\">Envirohealth dynamic system Lab<\/span>\n\t\t\t\t\t\t\t\t\t\t\t\t\t\t\t\t\t<span class=\"banner__description\">Construyendo sistemas participativos para el entendimiento de las din\u00e1micas ambientales y de salud<\/span>\n\t\t\t\t\t\t\t\t\t\t\t\t\t\t\t\t\t\t\t\t\t\t\t\t\t<span class=\"banner__action\">Conoce m\u00e1s<\/span>\n\t\t\t\t\t\t\t\t\t\t\t\t\t\t\t<\/div>\n\t\t\t\t\t\t<\/a>\n\t\t\t\t\t<\/div>\n\t\t\t\t\t\t\t\t\t<div class=\"banner-col\n\t\t\t\t\t\t\t\t\t\t\">\n\t\t\t\t\t\t<a href=\"https:\/\/ii.udd.cl\/modular-diagnostic-and-smart-devices-lab\/\" class=\"banner banner--multiple\" data-url=\"https:\/\/ii.udd.cl\/modular-diagnostic-and-smart-devices-lab\/\">\n\t\t\t\t\t\t\t\t\t\t\t\t\t<img loading=\"lazy\" decoding=\"async\" width=\"463\" height=\"518\" src=\"https:\/\/ingenieria.udd.cl\/ii\/files\/2020\/03\/whatsapp-image-2020-03-25-at-20.10.32.jpeg\" class=\"banner__image lazyload\" alt=\"\" sizes=\"auto, (max-width: 463px) 100vw, 463px\" data-src=\"https:\/\/ingenieria.udd.cl\/ii\/files\/2020\/03\/whatsapp-image-2020-03-25-at-20.10.32.jpeg\" data-srcset=\"https:\/\/ingenieria.udd.cl\/ii\/files\/2020\/03\/whatsapp-image-2020-03-25-at-20.10.32.jpeg 463w, https:\/\/ingenieria.udd.cl\/ii\/files\/2020\/03\/whatsapp-image-2020-03-25-at-20.10.32-268x300.jpeg 268w\" \/>\t\t\t\t\t\t\t\t\t\t\t\t\t<div class=\"banner__content\">\n\t\t\t\t\t\t\t\t<span class=\"banner__title\">Modular Diagnostic and smart devices Lab<\/span>\n\t\t\t\t\t\t\t\t\t\t\t\t\t\t\t\t\t<span class=\"banner__description\">Explorando el desarrollo de microdispositivos para el diagn\u00f3stico en salud e infraestructura<\/span>\n\t\t\t\t\t\t\t\t\t\t\t\t\t\t\t\t\t\t\t\t\t\t\t\t\t<span class=\"banner__action\">Conoce m\u00e1s<\/span>\n\t\t\t\t\t\t\t\t\t\t\t\t\t\t\t<\/div>\n\t\t\t\t\t\t<\/a>\n\t\t\t\t\t<\/div>\n\t\t\t\t\t\t\t\t<\/div>\n\t\t\t<\/div>\n\t\t<\/div>\n\t<\/div>\n<\/section>\n\n\n<!-- WP Block: UDD - Banners Multiple -->\n<section class=\"wp-block-udd-banners-multiple \">\n\t<div class=\"container\">\n\t\t\t\t<div class=\"block__content\">\n\t\t\t<div id=\"udd-banners-multiple--2\"\n\t\t\t\t\t\t\t\t>\n\t\t\t\t\t\t\t\t<div class=\"banners\">\n\t\t\t\t\t\t\t\t\t<div class=\"banner-col\n\t\t\t\t\t active\t\t\t\t\t\">\n\t\t\t\t\t\t<a href=\"https:\/\/ii.udd.cl\/new-materials-and-manufacturing-systems-lab\/\" class=\"banner banner--multiple\" data-url=\"https:\/\/ii.udd.cl\/new-materials-and-manufacturing-systems-lab\/\">\n\t\t\t\t\t\t\t\t\t\t\t\t\t<img loading=\"lazy\" decoding=\"async\" width=\"790\" height=\"534\" src=\"https:\/\/ingenieria.udd.cl\/ii\/files\/2020\/02\/captura-de-pantalla-2019-03-13-a-las-16.06.17-680x382.png\" class=\"banner__image lazyload\" alt=\"\" data-src=\"https:\/\/ingenieria.udd.cl\/ii\/files\/2020\/02\/captura-de-pantalla-2019-03-13-a-las-16.06.17-790x534.png\" \/>\t\t\t\t\t\t\t\t\t\t\t\t\t<div class=\"banner__content\">\n\t\t\t\t\t\t\t\t<span class=\"banner__title\">New materials and manufacturing systems Lab<\/span>\n\t\t\t\t\t\t\t\t\t\t\t\t\t\t\t\t\t<span class=\"banner__description\">Dise\u00f1ando nuevos materiales y sistemas de manufactura<\/span>\n\t\t\t\t\t\t\t\t\t\t\t\t\t\t\t\t\t\t\t\t\t\t\t\t\t<span class=\"banner__action\">Conoce m\u00e1s<\/span>\n\t\t\t\t\t\t\t\t\t\t\t\t\t\t\t<\/div>\n\t\t\t\t\t\t<\/a>\n\t\t\t\t\t<\/div>\n\t\t\t\t\t\t\t\t\t<div class=\"banner-col\n\t\t\t\t\t\t\t\t\t\t\">\n\t\t\t\t\t\t<a href=\"https:\/\/ii.udd.cl\/techpolicylab\/\" class=\"banner banner--multiple\" data-url=\"https:\/\/ii.udd.cl\/techpolicylab\/\">\n\t\t\t\t\t\t\t\t\t\t\t\t\t<img loading=\"lazy\" decoding=\"async\" width=\"791\" height=\"534\" src=\"https:\/\/ingenieria.udd.cl\/ii\/files\/2020\/03\/politica-publica-680x382.jpg\" class=\"banner__image lazyload\" alt=\"\" data-src=\"https:\/\/ingenieria.udd.cl\/ii\/files\/2020\/03\/politica-publica-791x534.jpg\" \/>\t\t\t\t\t\t\t\t\t\t\t\t\t<div class=\"banner__content\">\n\t\t\t\t\t\t\t\t<span class=\"banner__title\">Tech Policy Lab<\/span>\n\t\t\t\t\t\t\t\t\t\t\t\t\t\t\t\t\t<span class=\"banner__description\">Creando sistemas tecnol\u00f3gicos para la toma de decisi\u00f3n y pol\u00edtica p\u00fablica<\/span>\n\t\t\t\t\t\t\t\t\t\t\t\t\t\t\t\t\t\t\t\t\t\t\t\t\t<span class=\"banner__action\">Conoce m\u00e1s<\/span>\n\t\t\t\t\t\t\t\t\t\t\t\t\t\t\t<\/div>\n\t\t\t\t\t\t<\/a>\n\t\t\t\t\t<\/div>\n\t\t\t\t\t\t\t\t\t<div class=\"banner-col\n\t\t\t\t\t\t\t\t\t\t\">\n\t\t\t\t\t\t<a href=\"https:\/\/ii.udd.cl\/extrem-enviromental-lab\/\" class=\"banner banner--multiple\" data-url=\"https:\/\/ii.udd.cl\/extrem-enviromental-lab\/\">\n\t\t\t\t\t\t\t\t\t\t\t\t\t<img loading=\"lazy\" decoding=\"async\" width=\"800\" height=\"389\" src=\"https:\/\/ingenieria.udd.cl\/ii\/files\/2020\/03\/20191117_102220-scaled-e1584032132842-680x382.jpg\" class=\"banner__image lazyload\" alt=\"\" sizes=\"auto, (max-width: 800px) 100vw, 800px\" data-src=\"https:\/\/ingenieria.udd.cl\/ii\/files\/2020\/03\/20191117_102220-scaled-e1584032132842.jpg\" data-srcset=\"https:\/\/ingenieria.udd.cl\/ii\/files\/2020\/03\/20191117_102220-scaled-e1584032132842.jpg 800w, https:\/\/ingenieria.udd.cl\/ii\/files\/2020\/03\/20191117_102220-scaled-e1584032132842-300x146.jpg 300w, https:\/\/ingenieria.udd.cl\/ii\/files\/2020\/03\/20191117_102220-scaled-e1584032132842-768x373.jpg 768w\" \/>\t\t\t\t\t\t\t\t\t\t\t\t\t<div class=\"banner__content\">\n\t\t\t\t\t\t\t\t<span class=\"banner__title\">Extreme environmental Lab<\/span>\n\t\t\t\t\t\t\t\t\t\t\t\t\t\t\t\t\t<span class=\"banner__description\">Explorando tecnolog\u00edas costo-efectivas aplicadas a problem\u00e1ticas ambientales en contextos extremos.<\/span>\n\t\t\t\t\t\t\t\t\t\t\t\t\t\t\t\t\t\t\t\t\t\t\t\t\t<span class=\"banner__action\">Conoce m\u00e1s<\/span>\n\t\t\t\t\t\t\t\t\t\t\t\t\t\t\t<\/div>\n\t\t\t\t\t\t<\/a>\n\t\t\t\t\t<\/div>\n\t\t\t\t\t\t\t\t<\/div>\n\t\t\t<\/div>\n\t\t<\/div>\n\t<\/div>\n<\/section>\n\n\n<!-- WP Block: UDD - Fullwidth Cards -->\n<section class=\"wp-block-udd-fullwidth-cards \">\n\t<div class=\"container\">\n\t\t<header class=\"block__header\">\n\t\t\t<h2 class=\"block__title\">Noticias<\/h2>\n\t\t\t\t\t\t<a href=\"https:\/\/ingenieria.udd.cl\/ii\/categoria\/noticias-fondos\/\" class=\"block__view-more\">\n\t\t\t\tVer m\u00e1s noticias\t\t\t<\/a>\n\t\t\t\t\t<\/header>\n\t\t<div class=\"block__content\">\n\t\t\t<div class=\"fullwidth-cards\">\n\t\t\t<div class=\"fullwidth-card-wrapper \">\n\t<a href=\"https:\/\/ingenieria.udd.cl\/ii\/2021\/06\/04\/reunion-de-investigacion-del-centro-c-dio-a-conocer-dos-proyectos-de-transferencia-tecnologica-que-postulan-a-fondos-icono\/\" class=\"fullwidth-card fullwidth-card--linkable\">\n\t\t\t\t<img loading=\"lazy\" decoding=\"async\" width=\"500\" height=\"500\" src=\"https:\/\/ingenieria.udd.cl\/ii\/files\/2021\/06\/Captura-de-Pantalla-2021-06-04-a-las-10.42.38-62x62.png\" class=\"fullwidth-card__image wp-post-image lazyload\" alt=\"\" sizes=\"auto, (max-width: 500px) 100vw, 500px\" data-src=\"https:\/\/ingenieria.udd.cl\/ii\/files\/2021\/06\/Captura-de-Pantalla-2021-06-04-a-las-10.42.38-500x500.png\" data-srcset=\"https:\/\/ingenieria.udd.cl\/ii\/files\/2021\/06\/Captura-de-Pantalla-2021-06-04-a-las-10.42.38-500x500.png 500w, https:\/\/ingenieria.udd.cl\/ii\/files\/2021\/06\/Captura-de-Pantalla-2021-06-04-a-las-10.42.38-150x150.png 150w, https:\/\/ingenieria.udd.cl\/ii\/files\/2021\/06\/Captura-de-Pantalla-2021-06-04-a-las-10.42.38-62x62.png 62w, https:\/\/ingenieria.udd.cl\/ii\/files\/2021\/06\/Captura-de-Pantalla-2021-06-04-a-las-10.42.38-750x750.png 750w, https:\/\/ingenieria.udd.cl\/ii\/files\/2021\/06\/Captura-de-Pantalla-2021-06-04-a-las-10.42.38-250x250.png 250w, https:\/\/ingenieria.udd.cl\/ii\/files\/2021\/06\/Captura-de-Pantalla-2021-06-04-a-las-10.42.38-126x126.png 126w\" \/>\t\t\t\t<div class=\"fullwidth-card__content\">\n\t\t\t<span class=\"fullwidth-card__date\">\n\t\t\t\t4 de junio 2021\t\t\t<\/span>\n\t\t\t<h3 class=\"fullwidth-card__title\">Reuni\u00f3n de Investigaci\u00f3n del Centro C+ dio a conocer dos proyectos de transferencia tecnol\u00f3gica que postulan a fondos \u00cdcono<\/h3>\n\t\t\t<span class=\"fullwidth-card__link\">\n\t\t\t\tConocer m\u00e1s\t\t\t<\/span>\n\t\t<\/div>\n\t<\/a>\n<\/div>\n<div class=\"fullwidth-card-wrapper \">\n\t<a href=\"https:\/\/ingenieria.udd.cl\/ii\/2021\/05\/04\/direccion-de-innovacion-de-la-facultad-de-ingenieria-udd-lanzara-laboratorio-tecnologico-para-la-competitividad\/\" class=\"fullwidth-card fullwidth-card--linkable\">\n\t\t\t\t<img loading=\"lazy\" decoding=\"async\" width=\"500\" height=\"500\" src=\"https:\/\/ingenieria.udd.cl\/ii\/files\/2021\/05\/WhatsApp-Image-2021-05-04-at-17.14.07-62x62.jpeg\" class=\"fullwidth-card__image wp-post-image lazyload\" alt=\"\" sizes=\"auto, (max-width: 500px) 100vw, 500px\" data-src=\"https:\/\/ingenieria.udd.cl\/ii\/files\/2021\/05\/WhatsApp-Image-2021-05-04-at-17.14.07-500x500.jpeg\" data-srcset=\"https:\/\/ingenieria.udd.cl\/ii\/files\/2021\/05\/WhatsApp-Image-2021-05-04-at-17.14.07-500x500.jpeg 500w, https:\/\/ingenieria.udd.cl\/ii\/files\/2021\/05\/WhatsApp-Image-2021-05-04-at-17.14.07-150x150.jpeg 150w, https:\/\/ingenieria.udd.cl\/ii\/files\/2021\/05\/WhatsApp-Image-2021-05-04-at-17.14.07-62x62.jpeg 62w, https:\/\/ingenieria.udd.cl\/ii\/files\/2021\/05\/WhatsApp-Image-2021-05-04-at-17.14.07-250x250.jpeg 250w, https:\/\/ingenieria.udd.cl\/ii\/files\/2021\/05\/WhatsApp-Image-2021-05-04-at-17.14.07-126x126.jpeg 126w\" \/>\t\t\t\t<div class=\"fullwidth-card__content\">\n\t\t\t<span class=\"fullwidth-card__date\">\n\t\t\t\t4 de mayo 2021\t\t\t<\/span>\n\t\t\t<h3 class=\"fullwidth-card__title\">Direcci\u00f3n de Innovaci\u00f3n de la Facultad de Ingenier\u00eda UDD lanzar\u00e1 Laboratorio Tecnol\u00f3gico para la Competitividad<\/h3>\n\t\t\t<span class=\"fullwidth-card__link\">\n\t\t\t\tConocer m\u00e1s\t\t\t<\/span>\n\t\t<\/div>\n\t<\/a>\n<\/div>\n<div class=\"fullwidth-card-wrapper \">\n\t<a href=\"https:\/\/ingenieria.udd.cl\/ii\/2021\/04\/30\/centro-c-realizo-segunda-jornada-de-reuniones-de-investigacion-2021\/\" class=\"fullwidth-card fullwidth-card--linkable\">\n\t\t\t\t<img loading=\"lazy\" decoding=\"async\" width=\"500\" height=\"500\" src=\"https:\/\/ingenieria.udd.cl\/ii\/files\/2021\/04\/WhatsApp-Image-2021-04-30-at-10.48.29-62x62.jpeg\" class=\"fullwidth-card__image wp-post-image lazyload\" alt=\"\" sizes=\"auto, (max-width: 500px) 100vw, 500px\" data-src=\"https:\/\/ingenieria.udd.cl\/ii\/files\/2021\/04\/WhatsApp-Image-2021-04-30-at-10.48.29-500x500.jpeg\" data-srcset=\"https:\/\/ingenieria.udd.cl\/ii\/files\/2021\/04\/WhatsApp-Image-2021-04-30-at-10.48.29-500x500.jpeg 500w, https:\/\/ingenieria.udd.cl\/ii\/files\/2021\/04\/WhatsApp-Image-2021-04-30-at-10.48.29-150x150.jpeg 150w, https:\/\/ingenieria.udd.cl\/ii\/files\/2021\/04\/WhatsApp-Image-2021-04-30-at-10.48.29-62x62.jpeg 62w, https:\/\/ingenieria.udd.cl\/ii\/files\/2021\/04\/WhatsApp-Image-2021-04-30-at-10.48.29-250x250.jpeg 250w, https:\/\/ingenieria.udd.cl\/ii\/files\/2021\/04\/WhatsApp-Image-2021-04-30-at-10.48.29-126x126.jpeg 126w\" \/>\t\t\t\t<div class=\"fullwidth-card__content\">\n\t\t\t<span class=\"fullwidth-card__date\">\n\t\t\t\t30 de abril 2021\t\t\t<\/span>\n\t\t\t<h3 class=\"fullwidth-card__title\">Centro C+ realiz\u00f3 segunda jornada de Reuniones de Investigaci\u00f3n 2021<\/h3>\n\t\t\t<span class=\"fullwidth-card__link\">\n\t\t\t\tConocer m\u00e1s\t\t\t<\/span>\n\t\t<\/div>\n\t<\/a>\n<\/div>\n<div class=\"fullwidth-card-wrapper \">\n\t<a href=\"https:\/\/ingenieria.udd.cl\/ii\/2021\/04\/30\/centro-c-inicio-ciclo-de-reuniones-de-investigacion-2021\/\" class=\"fullwidth-card fullwidth-card--linkable\">\n\t\t\t\t<img loading=\"lazy\" decoding=\"async\" width=\"500\" height=\"500\" src=\"https:\/\/ingenieria.udd.cl\/ii\/files\/2021\/04\/Captura-de-Pantalla-2021-04-23-a-las-10.41.39-62x62.png\" class=\"fullwidth-card__image wp-post-image lazyload\" alt=\"\" sizes=\"auto, (max-width: 500px) 100vw, 500px\" data-src=\"https:\/\/ingenieria.udd.cl\/ii\/files\/2021\/04\/Captura-de-Pantalla-2021-04-23-a-las-10.41.39-500x500.png\" data-srcset=\"https:\/\/ingenieria.udd.cl\/ii\/files\/2021\/04\/Captura-de-Pantalla-2021-04-23-a-las-10.41.39-500x500.png 500w, https:\/\/ingenieria.udd.cl\/ii\/files\/2021\/04\/Captura-de-Pantalla-2021-04-23-a-las-10.41.39-150x150.png 150w, https:\/\/ingenieria.udd.cl\/ii\/files\/2021\/04\/Captura-de-Pantalla-2021-04-23-a-las-10.41.39-62x62.png 62w, https:\/\/ingenieria.udd.cl\/ii\/files\/2021\/04\/Captura-de-Pantalla-2021-04-23-a-las-10.41.39-750x750.png 750w, https:\/\/ingenieria.udd.cl\/ii\/files\/2021\/04\/Captura-de-Pantalla-2021-04-23-a-las-10.41.39-250x250.png 250w, https:\/\/ingenieria.udd.cl\/ii\/files\/2021\/04\/Captura-de-Pantalla-2021-04-23-a-las-10.41.39-126x126.png 126w\" \/>\t\t\t\t<div class=\"fullwidth-card__content\">\n\t\t\t<span class=\"fullwidth-card__date\">\n\t\t\t\t30 de abril 2021\t\t\t<\/span>\n\t\t\t<h3 class=\"fullwidth-card__title\">Centro C+ inici\u00f3 ciclo de Reuniones de Investigaci\u00f3n 2021<\/h3>\n\t\t\t<span class=\"fullwidth-card__link\">\n\t\t\t\tConocer m\u00e1s\t\t\t<\/span>\n\t\t<\/div>\n\t<\/a>\n<\/div>\n<div class=\"fullwidth-card-wrapper \">\n\t<a href=\"https:\/\/ingenieria.udd.cl\/ii\/2021\/03\/04\/facultad-de-ingenieria-udd-invita-a-estudiantes-y-emprendedores-del-maule-a-desarrollar-su-propia-app\/\" class=\"fullwidth-card fullwidth-card--linkable\">\n\t\t\t\t<img loading=\"lazy\" decoding=\"async\" width=\"500\" height=\"500\" src=\"https:\/\/ingenieria.udd.cl\/ii\/files\/2021\/03\/Post-Apprender-62x62.png\" class=\"fullwidth-card__image wp-post-image lazyload\" alt=\"\" sizes=\"auto, (max-width: 500px) 100vw, 500px\" data-src=\"https:\/\/ingenieria.udd.cl\/ii\/files\/2021\/03\/Post-Apprender-500x500.png\" data-srcset=\"https:\/\/ingenieria.udd.cl\/ii\/files\/2021\/03\/Post-Apprender-500x500.png 500w, https:\/\/ingenieria.udd.cl\/ii\/files\/2021\/03\/Post-Apprender-300x300.png 300w, https:\/\/ingenieria.udd.cl\/ii\/files\/2021\/03\/Post-Apprender-1024x1024.png 1024w, https:\/\/ingenieria.udd.cl\/ii\/files\/2021\/03\/Post-Apprender-150x150.png 150w, https:\/\/ingenieria.udd.cl\/ii\/files\/2021\/03\/Post-Apprender-768x768.png 768w, https:\/\/ingenieria.udd.cl\/ii\/files\/2021\/03\/Post-Apprender-62x62.png 62w, https:\/\/ingenieria.udd.cl\/ii\/files\/2021\/03\/Post-Apprender-750x750.png 750w, https:\/\/ingenieria.udd.cl\/ii\/files\/2021\/03\/Post-Apprender-250x250.png 250w, https:\/\/ingenieria.udd.cl\/ii\/files\/2021\/03\/Post-Apprender-126x126.png 126w, https:\/\/ingenieria.udd.cl\/ii\/files\/2021\/03\/Post-Apprender.png 1080w\" \/>\t\t\t\t<div class=\"fullwidth-card__content\">\n\t\t\t<span class=\"fullwidth-card__date\">\n\t\t\t\t4 de marzo 2021\t\t\t<\/span>\n\t\t\t<h3 class=\"fullwidth-card__title\">Facultad de Ingenier\u00eda UDD invita a estudiantes y emprendedores del Maule a desarrollar su propia app<\/h3>\n\t\t\t<span class=\"fullwidth-card__link\">\n\t\t\t\tConocer m\u00e1s\t\t\t<\/span>\n\t\t<\/div>\n\t<\/a>\n<\/div>\n\t\t\t<\/div>\n\t\t<\/div>\n\t<\/div>\n<\/section>\n","protected":false},"excerpt":{"rendered":"","protected":false},"author":9192224,"featured_media":0,"parent":0,"menu_order":0,"comment_status":"closed","ping_status":"closed","template":"","meta":{"footnotes":""},"class_list":["post-62","page","type-page","status-publish","hentry"],"yoast_head":"<!-- This site is optimized with the Yoast SEO plugin v26.9 - https:\/\/yoast.com\/product\/yoast-seo-wordpress\/ -->\n<title>Laboratorios de investigaci\u00f3n - Innovaci\u00f3n Ingenier\u00eda<\/title>\n<meta name=\"robots\" content=\"index, follow, max-snippet:-1, max-image-preview:large, max-video-preview:-1\" \/>\n<link rel=\"canonical\" href=\"https:\/\/ingenieria.udd.cl\/ii\/laboratorios-de-investigacion\/\" \/>\n<meta property=\"og:locale\" content=\"es_ES\" \/>\n<meta property=\"og:type\" content=\"article\" \/>\n<meta property=\"og:title\" content=\"Laboratorios de investigaci\u00f3n - Innovaci\u00f3n Ingenier\u00eda\" \/>\n<meta property=\"og:url\" content=\"https:\/\/ingenieria.udd.cl\/ii\/laboratorios-de-investigacion\/\" \/>\n<meta property=\"og:site_name\" content=\"Innovaci\u00f3n Ingenier\u00eda\" \/>\n<meta property=\"og:image\" content=\"https:\/\/ingenieria.udd.cl\/ii\/files\/2020\/03\/whatsapp-image-2020-03-12-at-13.42.42.jpeg\" \/>\n<meta name=\"twitter:card\" content=\"summary_large_image\" \/>\n<script type=\"application\/ld+json\" class=\"yoast-schema-graph\">{\"@context\":\"https:\/\/schema.org\",\"@graph\":[{\"@type\":\"WebPage\",\"@id\":\"https:\/\/ingenieria.udd.cl\/ii\/laboratorios-de-investigacion\/\",\"url\":\"https:\/\/ingenieria.udd.cl\/ii\/laboratorios-de-investigacion\/\",\"name\":\"Laboratorios de investigaci\u00f3n - Innovaci\u00f3n Ingenier\u00eda\",\"isPartOf\":{\"@id\":\"https:\/\/ingenieria.udd.cl\/ii\/#website\"},\"primaryImageOfPage\":{\"@id\":\"https:\/\/ingenieria.udd.cl\/ii\/laboratorios-de-investigacion\/#primaryimage\"},\"image\":{\"@id\":\"https:\/\/ingenieria.udd.cl\/ii\/laboratorios-de-investigacion\/#primaryimage\"},\"thumbnailUrl\":\"https:\/\/ingenieria.udd.cl\/ii\/files\/2020\/03\/whatsapp-image-2020-03-12-at-13.42.42.jpeg\",\"datePublished\":\"2020-03-06T14:58:40+00:00\",\"breadcrumb\":{\"@id\":\"https:\/\/ingenieria.udd.cl\/ii\/laboratorios-de-investigacion\/#breadcrumb\"},\"inLanguage\":\"es\",\"potentialAction\":[{\"@type\":\"ReadAction\",\"target\":[\"https:\/\/ingenieria.udd.cl\/ii\/laboratorios-de-investigacion\/\"]}]},{\"@type\":\"ImageObject\",\"inLanguage\":\"es\",\"@id\":\"https:\/\/ingenieria.udd.cl\/ii\/laboratorios-de-investigacion\/#primaryimage\",\"url\":\"https:\/\/ingenieria.udd.cl\/ii\/files\/2020\/03\/whatsapp-image-2020-03-12-at-13.42.42.jpeg\",\"contentUrl\":\"https:\/\/ingenieria.udd.cl\/ii\/files\/2020\/03\/whatsapp-image-2020-03-12-at-13.42.42.jpeg\",\"width\":720,\"height\":1280},{\"@type\":\"BreadcrumbList\",\"@id\":\"https:\/\/ingenieria.udd.cl\/ii\/laboratorios-de-investigacion\/#breadcrumb\",\"itemListElement\":[{\"@type\":\"ListItem\",\"position\":1,\"name\":\"Portada\",\"item\":\"https:\/\/ingenieria.udd.cl\/ii\/\"},{\"@type\":\"ListItem\",\"position\":2,\"name\":\"Laboratorios de investigaci\u00f3n\"}]},{\"@type\":\"WebSite\",\"@id\":\"https:\/\/ingenieria.udd.cl\/ii\/#website\",\"url\":\"https:\/\/ingenieria.udd.cl\/ii\/\",\"name\":\"Innovaci\u00f3n Ingenier\u00eda\",\"description\":\"Otro sitio m\u00e1s de Ingenieria\",\"inLanguage\":\"es\"}]}<\/script>\n<!-- \/ Yoast SEO plugin. -->","yoast_head_json":{"title":"Laboratorios de investigaci\u00f3n - Innovaci\u00f3n Ingenier\u00eda","robots":{"index":"index","follow":"follow","max-snippet":"max-snippet:-1","max-image-preview":"max-image-preview:large","max-video-preview":"max-video-preview:-1"},"canonical":"https:\/\/ingenieria.udd.cl\/ii\/laboratorios-de-investigacion\/","og_locale":"es_ES","og_type":"article","og_title":"Laboratorios de investigaci\u00f3n - Innovaci\u00f3n Ingenier\u00eda","og_url":"https:\/\/ingenieria.udd.cl\/ii\/laboratorios-de-investigacion\/","og_site_name":"Innovaci\u00f3n Ingenier\u00eda","og_image":[{"url":"https:\/\/ingenieria.udd.cl\/ii\/files\/2020\/03\/whatsapp-image-2020-03-12-at-13.42.42.jpeg","type":"","width":"","height":""}],"twitter_card":"summary_large_image","schema":{"@context":"https:\/\/schema.org","@graph":[{"@type":"WebPage","@id":"https:\/\/ingenieria.udd.cl\/ii\/laboratorios-de-investigacion\/","url":"https:\/\/ingenieria.udd.cl\/ii\/laboratorios-de-investigacion\/","name":"Laboratorios de investigaci\u00f3n - Innovaci\u00f3n Ingenier\u00eda","isPartOf":{"@id":"https:\/\/ingenieria.udd.cl\/ii\/#website"},"primaryImageOfPage":{"@id":"https:\/\/ingenieria.udd.cl\/ii\/laboratorios-de-investigacion\/#primaryimage"},"image":{"@id":"https:\/\/ingenieria.udd.cl\/ii\/laboratorios-de-investigacion\/#primaryimage"},"thumbnailUrl":"https:\/\/ingenieria.udd.cl\/ii\/files\/2020\/03\/whatsapp-image-2020-03-12-at-13.42.42.jpeg","datePublished":"2020-03-06T14:58:40+00:00","breadcrumb":{"@id":"https:\/\/ingenieria.udd.cl\/ii\/laboratorios-de-investigacion\/#breadcrumb"},"inLanguage":"es","potentialAction":[{"@type":"ReadAction","target":["https:\/\/ingenieria.udd.cl\/ii\/laboratorios-de-investigacion\/"]}]},{"@type":"ImageObject","inLanguage":"es","@id":"https:\/\/ingenieria.udd.cl\/ii\/laboratorios-de-investigacion\/#primaryimage","url":"https:\/\/ingenieria.udd.cl\/ii\/files\/2020\/03\/whatsapp-image-2020-03-12-at-13.42.42.jpeg","contentUrl":"https:\/\/ingenieria.udd.cl\/ii\/files\/2020\/03\/whatsapp-image-2020-03-12-at-13.42.42.jpeg","width":720,"height":1280},{"@type":"BreadcrumbList","@id":"https:\/\/ingenieria.udd.cl\/ii\/laboratorios-de-investigacion\/#breadcrumb","itemListElement":[{"@type":"ListItem","position":1,"name":"Portada","item":"https:\/\/ingenieria.udd.cl\/ii\/"},{"@type":"ListItem","position":2,"name":"Laboratorios de investigaci\u00f3n"}]},{"@type":"WebSite","@id":"https:\/\/ingenieria.udd.cl\/ii\/#website","url":"https:\/\/ingenieria.udd.cl\/ii\/","name":"Innovaci\u00f3n Ingenier\u00eda","description":"Otro sitio m\u00e1s de Ingenieria","inLanguage":"es"}]}},"_links":{"self":[{"href":"https:\/\/ingenieria.udd.cl\/ii\/wp-json\/wp\/v2\/pages\/62","targetHints":{"allow":["GET"]}}],"collection":[{"href":"https:\/\/ingenieria.udd.cl\/ii\/wp-json\/wp\/v2\/pages"}],"about":[{"href":"https:\/\/ingenieria.udd.cl\/ii\/wp-json\/wp\/v2\/types\/page"}],"author":[{"embeddable":true,"href":"https:\/\/ingenieria.udd.cl\/ii\/wp-json\/wp\/v2\/users\/9192224"}],"replies":[{"embeddable":true,"href":"https:\/\/ingenieria.udd.cl\/ii\/wp-json\/wp\/v2\/comments?post=62"}],"version-history":[{"count":0,"href":"https:\/\/ingenieria.udd.cl\/ii\/wp-json\/wp\/v2\/pages\/62\/revisions"}],"wp:attachment":[{"href":"https:\/\/ingenieria.udd.cl\/ii\/wp-json\/wp\/v2\/media?parent=62"}],"curies":[{"name":"wp","href":"https:\/\/api.w.org\/{rel}","templated":true}]}}