{"id":623,"date":"2020-03-26T18:03:02","date_gmt":"2020-03-26T18:03:02","guid":{"rendered":"https:\/\/ii.udd.cl\/?page_id=623"},"modified":"2020-03-26T18:03:02","modified_gmt":"2020-03-26T18:03:02","slug":"biodigestor-modular-a-pequena-escala-para-residuos-domesticos","status":"publish","type":"page","link":"https:\/\/ingenieria.udd.cl\/ii\/biodigestor-modular-a-pequena-escala-para-residuos-domesticos\/","title":{"rendered":"Biodigestor Modular  a peque\u00f1a escala para residuos dom\u00e9sticos."},"content":{"rendered":"<section class=\"wp-block-udd-text-row\">\n\t<div class=\"text-row\">\n\t\t<div class=\"text-row__content\">\n\t\t\t<div class=\"text-row__content-inner text\">\n\t\t\t\t\t\t\t\t\n<p> En Chile, la implementaci\u00f3n de la digesti\u00f3n anaer\u00f3bica como tratamiento de desechos org\u00e1nicos se realiza principalmente a escala de procesos agroindustriales, industrias de alimentos o de aguas servidas. Su aplicaci\u00f3n a nivel dom\u00e9stico y en sectores urbanos todav\u00eda est\u00e1 poco extendido. <\/p>\n\n<p>Este proyecto estudia y dise\u00f1a biodigestores que tengan aplicaci\u00f3n directa en la utilizaci\u00f3n de desechos org\u00e1nicos a nivel dom\u00e9stico a partir de la caracterizaci\u00f3n de las viviendas en Chile.  El dise\u00f1o del digestor  dom\u00e9stico, modular e inteligente se plantea como un sistema  para personalizar su uso con la generaci\u00f3n de m\u00f3dulos de pre-tratamiento, calefacci\u00f3n, agitaci\u00f3n, aumento de volumen de reacci\u00f3n, almacenamiento, tratamiento y uso del biog\u00e1s. Esta caracter\u00edstica permitir\u00eda un mayor adaptabilidad a diversos contextos de utilizaci\u00f3n del sistema. Adem\u00e1s se ha dise\u00f1ado un sistema electr\u00f3nico sensorial, que permite el monitoreo y control de diversas variables f\u00edsico qu\u00edmicas y de su funcionamiento para entregar informaci\u00f3n en tiempo real que permita un uso eficiente del proceso de digesti\u00f3n de los desechos y de la generaci\u00f3n del biog\u00e1s.  <\/p>\n\t\t\t<\/div>\n\t\t<\/div>\n\t\t<div class=\"text-row__media\">\n\t\t\t<img loading=\"lazy\" decoding=\"async\" width=\"720\" height=\"534\" src=\"https:\/\/ingenieria.udd.cl\/ii\/files\/2020\/03\/whatsapp-image-2020-03-26-at-15.02.38-680x382.jpeg\" class=\"text-row__media-image lazyload\" alt=\"\" data-src=\"https:\/\/ingenieria.udd.cl\/ii\/files\/2020\/03\/whatsapp-image-2020-03-26-at-15.02.38-720x534.jpeg\" \/>\t\t<\/div>\n\t<\/div>\n<\/section>\n\n\n\n<p><br><\/p>\n\n\n\n<p><br><\/p>\n","protected":false},"excerpt":{"rendered":"","protected":false},"author":9192225,"featured_media":0,"parent":0,"menu_order":0,"comment_status":"closed","ping_status":"closed","template":"","meta":{"footnotes":""},"class_list":["post-623","page","type-page","status-publish","hentry"],"yoast_head":"<!-- This site is optimized with the Yoast SEO plugin v26.9 - https:\/\/yoast.com\/product\/yoast-seo-wordpress\/ -->\n<title>Biodigestor Modular a peque\u00f1a escala para residuos dom\u00e9sticos. - Innovaci\u00f3n Ingenier\u00eda<\/title>\n<meta name=\"robots\" content=\"index, follow, max-snippet:-1, max-image-preview:large, max-video-preview:-1\" \/>\n<link rel=\"canonical\" href=\"https:\/\/ingenieria.udd.cl\/ii\/biodigestor-modular-a-pequena-escala-para-residuos-domesticos\/\" \/>\n<meta property=\"og:locale\" content=\"es_ES\" \/>\n<meta property=\"og:type\" content=\"article\" \/>\n<meta property=\"og:title\" content=\"Biodigestor Modular a peque\u00f1a escala para residuos dom\u00e9sticos. - Innovaci\u00f3n Ingenier\u00eda\" \/>\n<meta property=\"og:url\" content=\"https:\/\/ingenieria.udd.cl\/ii\/biodigestor-modular-a-pequena-escala-para-residuos-domesticos\/\" \/>\n<meta property=\"og:site_name\" content=\"Innovaci\u00f3n Ingenier\u00eda\" \/>\n<meta property=\"og:image\" content=\"https:\/\/ingenieria.udd.cl\/ii\/files\/2020\/03\/whatsapp-image-2020-03-26-at-15.02.38.jpeg\" \/>\n<meta name=\"twitter:card\" content=\"summary_large_image\" \/>\n<meta name=\"twitter:label1\" content=\"Tiempo de lectura\" \/>\n\t<meta name=\"twitter:data1\" content=\"1 minuto\" \/>\n<script type=\"application\/ld+json\" class=\"yoast-schema-graph\">{\"@context\":\"https:\/\/schema.org\",\"@graph\":[{\"@type\":\"WebPage\",\"@id\":\"https:\/\/ingenieria.udd.cl\/ii\/biodigestor-modular-a-pequena-escala-para-residuos-domesticos\/\",\"url\":\"https:\/\/ingenieria.udd.cl\/ii\/biodigestor-modular-a-pequena-escala-para-residuos-domesticos\/\",\"name\":\"Biodigestor Modular a peque\u00f1a escala para residuos dom\u00e9sticos. - Innovaci\u00f3n Ingenier\u00eda\",\"isPartOf\":{\"@id\":\"https:\/\/ingenieria.udd.cl\/ii\/#website\"},\"primaryImageOfPage\":{\"@id\":\"https:\/\/ingenieria.udd.cl\/ii\/biodigestor-modular-a-pequena-escala-para-residuos-domesticos\/#primaryimage\"},\"image\":{\"@id\":\"https:\/\/ingenieria.udd.cl\/ii\/biodigestor-modular-a-pequena-escala-para-residuos-domesticos\/#primaryimage\"},\"thumbnailUrl\":\"https:\/\/ingenieria.udd.cl\/ii\/files\/2020\/03\/whatsapp-image-2020-03-26-at-15.02.38.jpeg\",\"datePublished\":\"2020-03-26T18:03:02+00:00\",\"breadcrumb\":{\"@id\":\"https:\/\/ingenieria.udd.cl\/ii\/biodigestor-modular-a-pequena-escala-para-residuos-domesticos\/#breadcrumb\"},\"inLanguage\":\"es\",\"potentialAction\":[{\"@type\":\"ReadAction\",\"target\":[\"https:\/\/ingenieria.udd.cl\/ii\/biodigestor-modular-a-pequena-escala-para-residuos-domesticos\/\"]}]},{\"@type\":\"ImageObject\",\"inLanguage\":\"es\",\"@id\":\"https:\/\/ingenieria.udd.cl\/ii\/biodigestor-modular-a-pequena-escala-para-residuos-domesticos\/#primaryimage\",\"url\":\"https:\/\/ingenieria.udd.cl\/ii\/files\/2020\/03\/whatsapp-image-2020-03-26-at-15.02.38.jpeg\",\"contentUrl\":\"https:\/\/ingenieria.udd.cl\/ii\/files\/2020\/03\/whatsapp-image-2020-03-26-at-15.02.38.jpeg\",\"width\":720,\"height\":1280},{\"@type\":\"BreadcrumbList\",\"@id\":\"https:\/\/ingenieria.udd.cl\/ii\/biodigestor-modular-a-pequena-escala-para-residuos-domesticos\/#breadcrumb\",\"itemListElement\":[{\"@type\":\"ListItem\",\"position\":1,\"name\":\"Portada\",\"item\":\"https:\/\/ingenieria.udd.cl\/ii\/\"},{\"@type\":\"ListItem\",\"position\":2,\"name\":\"Biodigestor Modular a peque\u00f1a escala para residuos dom\u00e9sticos.\"}]},{\"@type\":\"WebSite\",\"@id\":\"https:\/\/ingenieria.udd.cl\/ii\/#website\",\"url\":\"https:\/\/ingenieria.udd.cl\/ii\/\",\"name\":\"Innovaci\u00f3n Ingenier\u00eda\",\"description\":\"Otro sitio m\u00e1s de Ingenieria\",\"inLanguage\":\"es\"}]}<\/script>\n<!-- \/ Yoast SEO plugin. -->","yoast_head_json":{"title":"Biodigestor Modular a peque\u00f1a escala para residuos dom\u00e9sticos. - Innovaci\u00f3n Ingenier\u00eda","robots":{"index":"index","follow":"follow","max-snippet":"max-snippet:-1","max-image-preview":"max-image-preview:large","max-video-preview":"max-video-preview:-1"},"canonical":"https:\/\/ingenieria.udd.cl\/ii\/biodigestor-modular-a-pequena-escala-para-residuos-domesticos\/","og_locale":"es_ES","og_type":"article","og_title":"Biodigestor Modular a peque\u00f1a escala para residuos dom\u00e9sticos. - Innovaci\u00f3n Ingenier\u00eda","og_url":"https:\/\/ingenieria.udd.cl\/ii\/biodigestor-modular-a-pequena-escala-para-residuos-domesticos\/","og_site_name":"Innovaci\u00f3n Ingenier\u00eda","og_image":[{"url":"https:\/\/ingenieria.udd.cl\/ii\/files\/2020\/03\/whatsapp-image-2020-03-26-at-15.02.38.jpeg","type":"","width":"","height":""}],"twitter_card":"summary_large_image","twitter_misc":{"Tiempo de lectura":"1 minuto"},"schema":{"@context":"https:\/\/schema.org","@graph":[{"@type":"WebPage","@id":"https:\/\/ingenieria.udd.cl\/ii\/biodigestor-modular-a-pequena-escala-para-residuos-domesticos\/","url":"https:\/\/ingenieria.udd.cl\/ii\/biodigestor-modular-a-pequena-escala-para-residuos-domesticos\/","name":"Biodigestor Modular a peque\u00f1a escala para residuos dom\u00e9sticos. - Innovaci\u00f3n Ingenier\u00eda","isPartOf":{"@id":"https:\/\/ingenieria.udd.cl\/ii\/#website"},"primaryImageOfPage":{"@id":"https:\/\/ingenieria.udd.cl\/ii\/biodigestor-modular-a-pequena-escala-para-residuos-domesticos\/#primaryimage"},"image":{"@id":"https:\/\/ingenieria.udd.cl\/ii\/biodigestor-modular-a-pequena-escala-para-residuos-domesticos\/#primaryimage"},"thumbnailUrl":"https:\/\/ingenieria.udd.cl\/ii\/files\/2020\/03\/whatsapp-image-2020-03-26-at-15.02.38.jpeg","datePublished":"2020-03-26T18:03:02+00:00","breadcrumb":{"@id":"https:\/\/ingenieria.udd.cl\/ii\/biodigestor-modular-a-pequena-escala-para-residuos-domesticos\/#breadcrumb"},"inLanguage":"es","potentialAction":[{"@type":"ReadAction","target":["https:\/\/ingenieria.udd.cl\/ii\/biodigestor-modular-a-pequena-escala-para-residuos-domesticos\/"]}]},{"@type":"ImageObject","inLanguage":"es","@id":"https:\/\/ingenieria.udd.cl\/ii\/biodigestor-modular-a-pequena-escala-para-residuos-domesticos\/#primaryimage","url":"https:\/\/ingenieria.udd.cl\/ii\/files\/2020\/03\/whatsapp-image-2020-03-26-at-15.02.38.jpeg","contentUrl":"https:\/\/ingenieria.udd.cl\/ii\/files\/2020\/03\/whatsapp-image-2020-03-26-at-15.02.38.jpeg","width":720,"height":1280},{"@type":"BreadcrumbList","@id":"https:\/\/ingenieria.udd.cl\/ii\/biodigestor-modular-a-pequena-escala-para-residuos-domesticos\/#breadcrumb","itemListElement":[{"@type":"ListItem","position":1,"name":"Portada","item":"https:\/\/ingenieria.udd.cl\/ii\/"},{"@type":"ListItem","position":2,"name":"Biodigestor Modular a peque\u00f1a escala para residuos dom\u00e9sticos."}]},{"@type":"WebSite","@id":"https:\/\/ingenieria.udd.cl\/ii\/#website","url":"https:\/\/ingenieria.udd.cl\/ii\/","name":"Innovaci\u00f3n Ingenier\u00eda","description":"Otro sitio m\u00e1s de Ingenieria","inLanguage":"es"}]}},"_links":{"self":[{"href":"https:\/\/ingenieria.udd.cl\/ii\/wp-json\/wp\/v2\/pages\/623","targetHints":{"allow":["GET"]}}],"collection":[{"href":"https:\/\/ingenieria.udd.cl\/ii\/wp-json\/wp\/v2\/pages"}],"about":[{"href":"https:\/\/ingenieria.udd.cl\/ii\/wp-json\/wp\/v2\/types\/page"}],"author":[{"embeddable":true,"href":"https:\/\/ingenieria.udd.cl\/ii\/wp-json\/wp\/v2\/users\/9192225"}],"replies":[{"embeddable":true,"href":"https:\/\/ingenieria.udd.cl\/ii\/wp-json\/wp\/v2\/comments?post=623"}],"version-history":[{"count":0,"href":"https:\/\/ingenieria.udd.cl\/ii\/wp-json\/wp\/v2\/pages\/623\/revisions"}],"wp:attachment":[{"href":"https:\/\/ingenieria.udd.cl\/ii\/wp-json\/wp\/v2\/media?parent=623"}],"curies":[{"name":"wp","href":"https:\/\/api.w.org\/{rel}","templated":true}]}}