{"id":628,"date":"2020-03-26T18:07:38","date_gmt":"2020-03-26T18:07:38","guid":{"rendered":"https:\/\/ii.udd.cl\/?page_id=628"},"modified":"2020-03-26T18:07:38","modified_gmt":"2020-03-26T18:07:38","slug":"sistema-no-tripulado-de-muestreo-automatizado-para-calidad-de-agua","status":"publish","type":"page","link":"https:\/\/ingenieria.udd.cl\/ii\/sistema-no-tripulado-de-muestreo-automatizado-para-calidad-de-agua\/","title":{"rendered":"Sistema No Tripulado de Muestreo Automatizado para Calidad de Agua."},"content":{"rendered":"\n<p>Actualmente en el \u00e1mbito de los Estudios Medio Ambientales, cobra gran relevancia el estudio de los cuerpos de agua. Esto debido a la gran interacci\u00f3n que existe entre la actividad antr\u00f3pica y el uso del recurso agua. Dado lo anterior, existe un amplio mercado de empresas que ofrecen dichos servicios, por lo que cada vez se hace necesario incluir elementos innovadores en los servicios y\/o tecnolog\u00edas que permitan disminuir los costos de operaci\u00f3n y aumentar la competitividad en el \u00e1rea.<\/p>\n\n\n\n<p> El proyecto se basa en la construcci\u00f3n de un mecanismo electr\u00f3nico capaz de ser integrado a un Drone, con capacidad de carga de 8 Kg., el cual es operado a distancia, donde se seleccionan los puntos de muestreos mediante GPS. Dicho mecanismo ser\u00e1 capaz de determinar los par\u00e1metros f\u00edsico-qu\u00edmicos y toma de muestra en la columna de agua, mediante un mecanismo que eleva\/sumerge una sonda con los sensores requeridos. <\/p>\n\n\n\n<p>El impacto de obtener la tecnolog\u00eda ser\u00e1 contar con una herramienta tecnol\u00f3gica que contribuya a una ventaja competitiva en el \u00e1rea. Dado el grado de innovaci\u00f3n, menor costo operacional y diferenciaci\u00f3n frente a la competencia; As\u00ed, aumentar los estudios medio ambientales adjudicados por la empresa entre 10-20%, adem\u00e1s de incorporar elementos tecnol\u00f3gicos desarrollados en la regi\u00f3n.<br><\/p>\n","protected":false},"excerpt":{"rendered":"<p>Actualmente en el \u00e1mbito de los Estudios Medio Ambientales, cobra gran relevancia el estudio de los cuerpos de agua. Esto debido a la gran interacci\u00f3n que existe entre la actividad antr\u00f3pica y el uso del recurso agua. Dado lo anterior, existe un amplio mercado de empresas que ofrecen dichos servicios, por lo que cada vez [&hellip;]<\/p>\n","protected":false},"author":9192225,"featured_media":0,"parent":0,"menu_order":0,"comment_status":"closed","ping_status":"closed","template":"","meta":{"footnotes":""},"class_list":["post-628","page","type-page","status-publish","hentry"],"yoast_head":"<!-- This site is optimized with the Yoast SEO plugin v26.9 - https:\/\/yoast.com\/product\/yoast-seo-wordpress\/ -->\n<title>Sistema No Tripulado de Muestreo Automatizado para Calidad de Agua. - Innovaci\u00f3n Ingenier\u00eda<\/title>\n<meta name=\"robots\" content=\"index, follow, max-snippet:-1, max-image-preview:large, max-video-preview:-1\" \/>\n<link rel=\"canonical\" href=\"https:\/\/ingenieria.udd.cl\/ii\/sistema-no-tripulado-de-muestreo-automatizado-para-calidad-de-agua\/\" \/>\n<meta property=\"og:locale\" content=\"es_ES\" \/>\n<meta property=\"og:type\" content=\"article\" \/>\n<meta property=\"og:title\" content=\"Sistema No Tripulado de Muestreo Automatizado para Calidad de Agua. - Innovaci\u00f3n Ingenier\u00eda\" \/>\n<meta property=\"og:description\" content=\"Actualmente en el \u00e1mbito de los Estudios Medio Ambientales, cobra gran relevancia el estudio de los cuerpos de agua. Esto debido a la gran interacci\u00f3n que existe entre la actividad antr\u00f3pica y el uso del recurso agua. Dado lo anterior, existe un amplio mercado de empresas que ofrecen dichos servicios, por lo que cada vez [&hellip;]\" \/>\n<meta property=\"og:url\" content=\"https:\/\/ingenieria.udd.cl\/ii\/sistema-no-tripulado-de-muestreo-automatizado-para-calidad-de-agua\/\" \/>\n<meta property=\"og:site_name\" content=\"Innovaci\u00f3n Ingenier\u00eda\" \/>\n<meta name=\"twitter:card\" content=\"summary_large_image\" \/>\n<meta name=\"twitter:label1\" content=\"Tiempo de lectura\" \/>\n\t<meta name=\"twitter:data1\" content=\"1 minuto\" \/>\n<script type=\"application\/ld+json\" class=\"yoast-schema-graph\">{\"@context\":\"https:\/\/schema.org\",\"@graph\":[{\"@type\":\"WebPage\",\"@id\":\"https:\/\/ingenieria.udd.cl\/ii\/sistema-no-tripulado-de-muestreo-automatizado-para-calidad-de-agua\/\",\"url\":\"https:\/\/ingenieria.udd.cl\/ii\/sistema-no-tripulado-de-muestreo-automatizado-para-calidad-de-agua\/\",\"name\":\"Sistema No Tripulado de Muestreo Automatizado para Calidad de Agua. - Innovaci\u00f3n Ingenier\u00eda\",\"isPartOf\":{\"@id\":\"https:\/\/ingenieria.udd.cl\/ii\/#website\"},\"datePublished\":\"2020-03-26T18:07:38+00:00\",\"breadcrumb\":{\"@id\":\"https:\/\/ingenieria.udd.cl\/ii\/sistema-no-tripulado-de-muestreo-automatizado-para-calidad-de-agua\/#breadcrumb\"},\"inLanguage\":\"es\",\"potentialAction\":[{\"@type\":\"ReadAction\",\"target\":[\"https:\/\/ingenieria.udd.cl\/ii\/sistema-no-tripulado-de-muestreo-automatizado-para-calidad-de-agua\/\"]}]},{\"@type\":\"BreadcrumbList\",\"@id\":\"https:\/\/ingenieria.udd.cl\/ii\/sistema-no-tripulado-de-muestreo-automatizado-para-calidad-de-agua\/#breadcrumb\",\"itemListElement\":[{\"@type\":\"ListItem\",\"position\":1,\"name\":\"Portada\",\"item\":\"https:\/\/ingenieria.udd.cl\/ii\/\"},{\"@type\":\"ListItem\",\"position\":2,\"name\":\"Sistema No Tripulado de Muestreo Automatizado para Calidad de Agua.\"}]},{\"@type\":\"WebSite\",\"@id\":\"https:\/\/ingenieria.udd.cl\/ii\/#website\",\"url\":\"https:\/\/ingenieria.udd.cl\/ii\/\",\"name\":\"Innovaci\u00f3n Ingenier\u00eda\",\"description\":\"Otro sitio m\u00e1s de Ingenieria\",\"inLanguage\":\"es\"}]}<\/script>\n<!-- \/ Yoast SEO plugin. -->","yoast_head_json":{"title":"Sistema No Tripulado de Muestreo Automatizado para Calidad de Agua. - Innovaci\u00f3n Ingenier\u00eda","robots":{"index":"index","follow":"follow","max-snippet":"max-snippet:-1","max-image-preview":"max-image-preview:large","max-video-preview":"max-video-preview:-1"},"canonical":"https:\/\/ingenieria.udd.cl\/ii\/sistema-no-tripulado-de-muestreo-automatizado-para-calidad-de-agua\/","og_locale":"es_ES","og_type":"article","og_title":"Sistema No Tripulado de Muestreo Automatizado para Calidad de Agua. - Innovaci\u00f3n Ingenier\u00eda","og_description":"Actualmente en el \u00e1mbito de los Estudios Medio Ambientales, cobra gran relevancia el estudio de los cuerpos de agua. Esto debido a la gran interacci\u00f3n que existe entre la actividad antr\u00f3pica y el uso del recurso agua. Dado lo anterior, existe un amplio mercado de empresas que ofrecen dichos servicios, por lo que cada vez [&hellip;]","og_url":"https:\/\/ingenieria.udd.cl\/ii\/sistema-no-tripulado-de-muestreo-automatizado-para-calidad-de-agua\/","og_site_name":"Innovaci\u00f3n Ingenier\u00eda","twitter_card":"summary_large_image","twitter_misc":{"Tiempo de lectura":"1 minuto"},"schema":{"@context":"https:\/\/schema.org","@graph":[{"@type":"WebPage","@id":"https:\/\/ingenieria.udd.cl\/ii\/sistema-no-tripulado-de-muestreo-automatizado-para-calidad-de-agua\/","url":"https:\/\/ingenieria.udd.cl\/ii\/sistema-no-tripulado-de-muestreo-automatizado-para-calidad-de-agua\/","name":"Sistema No Tripulado de Muestreo Automatizado para Calidad de Agua. - Innovaci\u00f3n Ingenier\u00eda","isPartOf":{"@id":"https:\/\/ingenieria.udd.cl\/ii\/#website"},"datePublished":"2020-03-26T18:07:38+00:00","breadcrumb":{"@id":"https:\/\/ingenieria.udd.cl\/ii\/sistema-no-tripulado-de-muestreo-automatizado-para-calidad-de-agua\/#breadcrumb"},"inLanguage":"es","potentialAction":[{"@type":"ReadAction","target":["https:\/\/ingenieria.udd.cl\/ii\/sistema-no-tripulado-de-muestreo-automatizado-para-calidad-de-agua\/"]}]},{"@type":"BreadcrumbList","@id":"https:\/\/ingenieria.udd.cl\/ii\/sistema-no-tripulado-de-muestreo-automatizado-para-calidad-de-agua\/#breadcrumb","itemListElement":[{"@type":"ListItem","position":1,"name":"Portada","item":"https:\/\/ingenieria.udd.cl\/ii\/"},{"@type":"ListItem","position":2,"name":"Sistema No Tripulado de Muestreo Automatizado para Calidad de Agua."}]},{"@type":"WebSite","@id":"https:\/\/ingenieria.udd.cl\/ii\/#website","url":"https:\/\/ingenieria.udd.cl\/ii\/","name":"Innovaci\u00f3n Ingenier\u00eda","description":"Otro sitio m\u00e1s de Ingenieria","inLanguage":"es"}]}},"_links":{"self":[{"href":"https:\/\/ingenieria.udd.cl\/ii\/wp-json\/wp\/v2\/pages\/628","targetHints":{"allow":["GET"]}}],"collection":[{"href":"https:\/\/ingenieria.udd.cl\/ii\/wp-json\/wp\/v2\/pages"}],"about":[{"href":"https:\/\/ingenieria.udd.cl\/ii\/wp-json\/wp\/v2\/types\/page"}],"author":[{"embeddable":true,"href":"https:\/\/ingenieria.udd.cl\/ii\/wp-json\/wp\/v2\/users\/9192225"}],"replies":[{"embeddable":true,"href":"https:\/\/ingenieria.udd.cl\/ii\/wp-json\/wp\/v2\/comments?post=628"}],"version-history":[{"count":0,"href":"https:\/\/ingenieria.udd.cl\/ii\/wp-json\/wp\/v2\/pages\/628\/revisions"}],"wp:attachment":[{"href":"https:\/\/ingenieria.udd.cl\/ii\/wp-json\/wp\/v2\/media?parent=628"}],"curies":[{"name":"wp","href":"https:\/\/api.w.org\/{rel}","templated":true}]}}