{"id":63,"date":"2020-03-12T18:22:01","date_gmt":"2020-03-12T18:22:01","guid":{"rendered":"https:\/\/ii.udd.cl\/?page_id=63"},"modified":"2020-03-12T18:22:01","modified_gmt":"2020-03-12T18:22:01","slug":"laboratorio-de-sistemas-de-salud-dinamicos","status":"publish","type":"page","link":"https:\/\/ingenieria.udd.cl\/ii\/laboratorio-de-sistemas-de-salud-dinamicos\/","title":{"rendered":"Envirohealt dynamic System Lab"},"content":{"rendered":"<!-- WP Block: UDD - Banner -->\n<section class=\"wp-block-udd-banner is-style-default \">\n\t\n<div class=\"banner banner--fullwidth\">\n\t\t<div class=\"banner__content\">\n\t\t<span class=\"banner__title\">Envirohealth dynamic systems Lab<\/span>\n\t\t<span class=\"banner__description\">Construyendo sistemas participativos para el entendimiento de las din\u00e1micas ambientales y de salud<\/span>\n\t<\/div>\n<\/div>\n<\/section>\n\n\n\n<p style=\"color:#033965;font-size:39px\" class=\"has-text-color\"><strong><em>PROYECTOS<\/em><\/strong><\/p>\n\n\n<!-- WP Block: UDD - Access Image -->\n<section class=\"wp-block-udd-access-image\n has-odd-elements has-3x-elements\">\n\t<div class=\"container\">\n\t\t\t\t<div class=\"block__content\">\n\t\t\t<div class=\"access-images\">\n\t\t\t\t\t\t\t<div class=\"access-image-wrapper\">\n\t\t\t\t\t<a href=\"https:\/\/ii.udd.cl\/boyas-para-muestreo-dinamico-y-monitoreo-de-cuencas\/\" data-url=\"https:\/\/ii.udd.cl\/boyas-para-muestreo-dinamico-y-monitoreo-de-cuencas\/\" class=\"access-image\">\n\t\t\t\t\t<img loading=\"lazy\" decoding=\"async\" width=\"576\" height=\"382\" src=\"https:\/\/ingenieria.udd.cl\/ii\/files\/2020\/03\/whatsapp-image-2020-03-26-at-13.11.33-576x382.jpeg\" class=\"access-image__image lazyload\" alt=\"\" data-src=\"https:\/\/ingenieria.udd.cl\/ii\/files\/2020\/03\/whatsapp-image-2020-03-26-at-13.11.33-576x382.jpeg\" \/>\t\t\t\t\t\t<div class=\"access-image__content\">\n\t\t\t\t\t\t\t<h3 class=\"access-image__title\">Boyas para muestreo din\u00e1mico y monitoreo de cuencas.<\/h3>\n\t\t\t\t\t\t\t<span class=\"access-image__action\">Conocer m\u00e1s<\/span>\n\t\t\t\t\t\t<\/div>\n\t\t\t\t\t<\/a>\n\t\t\t\t<\/div>\n\t\t\t\t\t\t\t<div class=\"access-image-wrapper\">\n\t\t\t\t\t<a href=\"https:\/\/ii.udd.cl\/sistemas-de-deteccion-estatica-y-remota-para-la-calidad-del-agua-en-sistemas-lagos\/\" data-url=\"https:\/\/ii.udd.cl\/sistemas-de-deteccion-estatica-y-remota-para-la-calidad-del-agua-en-sistemas-lagos\/\" class=\"access-image\">\n\t\t\t\t\t<img loading=\"lazy\" decoding=\"async\" width=\"576\" height=\"382\" src=\"https:\/\/ingenieria.udd.cl\/ii\/files\/2020\/03\/whatsapp-image-2020-03-26-at-13.11.33-576x382.jpeg\" class=\"access-image__image lazyload\" alt=\"\" data-src=\"https:\/\/ingenieria.udd.cl\/ii\/files\/2020\/03\/whatsapp-image-2020-03-26-at-13.11.33-576x382.jpeg\" \/>\t\t\t\t\t\t<div class=\"access-image__content\">\n\t\t\t\t\t\t\t<h3 class=\"access-image__title\">Sistemas de detecci\u00f3n est\u00e1tica y remota para la calidad del agua en sistemas lagos.<\/h3>\n\t\t\t\t\t\t\t<span class=\"access-image__action\">Conocer m\u00e1s<\/span>\n\t\t\t\t\t\t<\/div>\n\t\t\t\t\t<\/a>\n\t\t\t\t<\/div>\n\t\t\t\t\t\t\t<div class=\"access-image-wrapper\">\n\t\t\t\t\t<a href=\"https:\/\/ii.udd.cl\/robot-de-escaneo-tridimensional-para-el-monitoreo-de-la-calidad-del-agua-en-lagos\/\" data-url=\"https:\/\/ii.udd.cl\/robot-de-escaneo-tridimensional-para-el-monitoreo-de-la-calidad-del-agua-en-lagos\/\" class=\"access-image\">\n\t\t\t\t\t<img loading=\"lazy\" decoding=\"async\" width=\"680\" height=\"382\" src=\"https:\/\/ingenieria.udd.cl\/ii\/files\/2020\/03\/boya-300x169.png\" class=\"access-image__image lazyload\" alt=\"\" sizes=\"auto, (max-width: 680px) 100vw, 680px\" data-src=\"https:\/\/ingenieria.udd.cl\/ii\/files\/2020\/03\/boya-680x382.png\" data-srcset=\"https:\/\/ingenieria.udd.cl\/ii\/files\/2020\/03\/boya-680x382.png 680w, https:\/\/ingenieria.udd.cl\/ii\/files\/2020\/03\/boya-300x169.png 300w, https:\/\/ingenieria.udd.cl\/ii\/files\/2020\/03\/boya-768x433.png 768w\" \/>\t\t\t\t\t\t<div class=\"access-image__content\">\n\t\t\t\t\t\t\t<h3 class=\"access-image__title\">Robot de escaneo tridimensional para el monitoreo de la calidad del agua en lagos.<\/h3>\n\t\t\t\t\t\t\t<span class=\"access-image__action\">Conocer m\u00e1s<\/span>\n\t\t\t\t\t\t<\/div>\n\t\t\t\t\t<\/a>\n\t\t\t\t<\/div>\n\t\t\t\t\t<\/div>\n\t<\/div>\n<\/section>\n\n\n<!-- WP Block: UDD - Access Image -->\n<section class=\"wp-block-udd-access-image\n has-odd-elements has-3x-elements\">\n\t<div class=\"container\">\n\t\t\t\t<div class=\"block__content\">\n\t\t\t<div class=\"access-images\">\n\t\t\t\t\t\t\t<div class=\"access-image-wrapper\">\n\t\t\t\t\t<a href=\"https:\/\/ii.udd.cl\/colector-autoalimentado-para-la-automatizacion-de-muestras-de-agua\/\" data-url=\"https:\/\/ii.udd.cl\/colector-autoalimentado-para-la-automatizacion-de-muestras-de-agua\/\" class=\"access-image\">\n\t\t\t\t\t<img loading=\"lazy\" decoding=\"async\" width=\"680\" height=\"382\" src=\"https:\/\/ingenieria.udd.cl\/ii\/files\/2020\/02\/captura-de-pantalla-2019-04-17-a-las-18.20.26-680x382.png\" class=\"access-image__image lazyload\" alt=\"\" sizes=\"auto, (max-width: 680px) 100vw, 680px\" data-src=\"https:\/\/ingenieria.udd.cl\/ii\/files\/2020\/02\/captura-de-pantalla-2019-04-17-a-las-18.20.26-680x382.png\" data-srcset=\"https:\/\/ingenieria.udd.cl\/ii\/files\/2020\/02\/captura-de-pantalla-2019-04-17-a-las-18.20.26-680x382.png 680w, https:\/\/ingenieria.udd.cl\/ii\/files\/2020\/02\/captura-de-pantalla-2019-04-17-a-las-18.20.26-952x534.png 952w\" \/>\t\t\t\t\t\t<div class=\"access-image__content\">\n\t\t\t\t\t\t\t<h3 class=\"access-image__title\">Colector autoalimentado para la automatizaci\u00f3n de muestras de agua<\/h3>\n\t\t\t\t\t\t\t<span class=\"access-image__action\">Conocer m\u00e1s<\/span>\n\t\t\t\t\t\t<\/div>\n\t\t\t\t\t<\/a>\n\t\t\t\t<\/div>\n\t\t\t\t\t\t\t<div class=\"access-image-wrapper\">\n\t\t\t\t\t<a href=\"https:\/\/ii.udd.cl\/estrategias-dinamicas-de-mapeo-y-monitoreo-espacio-temporales-de-la-exposicion-a-la-contaminacion-del-aire\/\" data-url=\"https:\/\/ii.udd.cl\/estrategias-dinamicas-de-mapeo-y-monitoreo-espacio-temporales-de-la-exposicion-a-la-contaminacion-del-aire\/\" class=\"access-image\">\n\t\t\t\t\t<img loading=\"lazy\" decoding=\"async\" width=\"576\" height=\"382\" src=\"https:\/\/ingenieria.udd.cl\/ii\/files\/2020\/03\/whatsapp-image-2020-03-26-at-13.11.33-576x382.jpeg\" class=\"access-image__image lazyload\" alt=\"\" data-src=\"https:\/\/ingenieria.udd.cl\/ii\/files\/2020\/03\/whatsapp-image-2020-03-26-at-13.11.33-576x382.jpeg\" \/>\t\t\t\t\t\t<div class=\"access-image__content\">\n\t\t\t\t\t\t\t<h3 class=\"access-image__title\">Estrategias din\u00e1micas de mapeo y monitoreo espacio-temporales de la exposici\u00f3n a la contaminaci\u00f3n del aire<\/h3>\n\t\t\t\t\t\t\t<span class=\"access-image__action\">Conocer m\u00e1s<\/span>\n\t\t\t\t\t\t<\/div>\n\t\t\t\t\t<\/a>\n\t\t\t\t<\/div>\n\t\t\t\t\t\t\t<div class=\"access-image-wrapper\">\n\t\t\t\t\t<a href=\"https:\/\/ii.udd.cl\/interpolacion-gis-y-sistema-automatico-para-el-agrupamiento-de-datos-de-sistemas-de-exposicion-al-aire\/\" data-url=\"https:\/\/ii.udd.cl\/interpolacion-gis-y-sistema-automatico-para-el-agrupamiento-de-datos-de-sistemas-de-exposicion-al-aire\/\" class=\"access-image\">\n\t\t\t\t\t<img loading=\"lazy\" decoding=\"async\" width=\"576\" height=\"382\" src=\"https:\/\/ingenieria.udd.cl\/ii\/files\/2020\/03\/whatsapp-image-2020-03-26-at-13.11.33-576x382.jpeg\" class=\"access-image__image lazyload\" alt=\"\" data-src=\"https:\/\/ingenieria.udd.cl\/ii\/files\/2020\/03\/whatsapp-image-2020-03-26-at-13.11.33-576x382.jpeg\" \/>\t\t\t\t\t\t<div class=\"access-image__content\">\n\t\t\t\t\t\t\t<h3 class=\"access-image__title\">Interpolaci\u00f3n GIS y sistema autom\u00e1tico para el agrupamiento de datos de sistemas de exposici\u00f3n al aire.<\/h3>\n\t\t\t\t\t\t\t<span class=\"access-image__action\">Conocer m\u00e1s<\/span>\n\t\t\t\t\t\t<\/div>\n\t\t\t\t\t<\/a>\n\t\t\t\t<\/div>\n\t\t\t\t\t<\/div>\n\t<\/div>\n<\/section>\n\n\n<!-- WP Block: UDD - Access Image -->\n<section class=\"wp-block-udd-access-image\n has-odd-elements has-3x-elements\">\n\t<div class=\"container\">\n\t\t\t\t<div class=\"block__content\">\n\t\t\t<div class=\"access-images\">\n\t\t\t\t\t\t\t<div class=\"access-image-wrapper\">\n\t\t\t\t\t<a href=\"https:\/\/ii.udd.cl\/escaneo-tridimensional-de-la-exposicion-a-la-contaminacion-del-aire\/\" data-url=\"https:\/\/ii.udd.cl\/escaneo-tridimensional-de-la-exposicion-a-la-contaminacion-del-aire\/\" class=\"access-image\">\n\t\t\t\t\t<img loading=\"lazy\" decoding=\"async\" width=\"680\" height=\"382\" src=\"https:\/\/ingenieria.udd.cl\/ii\/files\/2020\/03\/aire1-680x382.png\" class=\"access-image__image lazyload\" alt=\"\" data-src=\"https:\/\/ingenieria.udd.cl\/ii\/files\/2020\/03\/aire1-680x382.png\" \/>\t\t\t\t\t\t<div class=\"access-image__content\">\n\t\t\t\t\t\t\t<h3 class=\"access-image__title\">Escaneo tridimensional de la exposici\u00f3n a la contaminaci\u00f3n del aire<\/h3>\n\t\t\t\t\t\t\t<span class=\"access-image__action\">Conocer m\u00e1s<\/span>\n\t\t\t\t\t\t<\/div>\n\t\t\t\t\t<\/a>\n\t\t\t\t<\/div>\n\t\t\t\t\t\t\t<div class=\"access-image-wrapper\">\n\t\t\t\t\t<a href=\"https:\/\/ii.udd.cl\/camara-automatizada-para-estandarizacion-de-sensores-ambientales\/\" data-url=\"https:\/\/ii.udd.cl\/camara-automatizada-para-estandarizacion-de-sensores-ambientales\/\" class=\"access-image\">\n\t\t\t\t\t<img loading=\"lazy\" decoding=\"async\" width=\"680\" height=\"382\" src=\"https:\/\/ingenieria.udd.cl\/ii\/files\/2020\/03\/img_7088-scaled-1-680x382.jpg\" class=\"access-image__image lazyload\" alt=\"\" sizes=\"auto, (max-width: 680px) 100vw, 680px\" data-src=\"https:\/\/ingenieria.udd.cl\/ii\/files\/2020\/03\/img_7088-scaled-1-680x382.jpg\" data-srcset=\"https:\/\/ingenieria.udd.cl\/ii\/files\/2020\/03\/img_7088-scaled-1-680x382.jpg 680w, https:\/\/ingenieria.udd.cl\/ii\/files\/2020\/03\/img_7088-scaled-1-1920x1080.jpg 1920w, https:\/\/ingenieria.udd.cl\/ii\/files\/2020\/03\/img_7088-scaled-1-1366x768.jpg 1366w, https:\/\/ingenieria.udd.cl\/ii\/files\/2020\/03\/img_7088-scaled-1-952x534.jpg 952w\" \/>\t\t\t\t\t\t<div class=\"access-image__content\">\n\t\t\t\t\t\t\t<h3 class=\"access-image__title\">C\u00e1mara automatizada para estandarizaci\u00f3n de sensores ambientales<\/h3>\n\t\t\t\t\t\t\t<span class=\"access-image__action\">Conocer m\u00e1s<\/span>\n\t\t\t\t\t\t<\/div>\n\t\t\t\t\t<\/a>\n\t\t\t\t<\/div>\n\t\t\t\t\t\t\t<div class=\"access-image-wrapper\">\n\t\t\t\t\t<a href=\"https:\/\/ii.udd.cl\/biodigestor-modular-a-pequena-escala-para-residuos-domesticos\/\" data-url=\"https:\/\/ii.udd.cl\/biodigestor-modular-a-pequena-escala-para-residuos-domesticos\/\" class=\"access-image\">\n\t\t\t\t\t<img loading=\"lazy\" decoding=\"async\" width=\"680\" height=\"382\" src=\"https:\/\/ingenieria.udd.cl\/ii\/files\/2020\/03\/whatsapp-image-2020-03-26-at-15.02.38-680x382.jpeg\" class=\"access-image__image lazyload\" alt=\"\" data-src=\"https:\/\/ingenieria.udd.cl\/ii\/files\/2020\/03\/whatsapp-image-2020-03-26-at-15.02.38-680x382.jpeg\" \/>\t\t\t\t\t\t<div class=\"access-image__content\">\n\t\t\t\t\t\t\t<h3 class=\"access-image__title\">Biodigestor modular a peque\u00f1a escala para residuos dom\u00e9sticos.<\/h3>\n\t\t\t\t\t\t\t<span class=\"access-image__action\">Conocer m\u00e1s<\/span>\n\t\t\t\t\t\t<\/div>\n\t\t\t\t\t<\/a>\n\t\t\t\t<\/div>\n\t\t\t\t\t<\/div>\n\t<\/div>\n<\/section>\n\n\n<!-- WP Block: UDD - Access Image -->\n<section class=\"wp-block-udd-access-image\n has-odd-elements\">\n\t<div class=\"container\">\n\t\t\t\t<div class=\"block__content\">\n\t\t\t<div class=\"access-images\">\n\t\t\t\t\t\t\t<div class=\"access-image-wrapper\">\n\t\t\t\t\t<a href=\"https:\/\/ii.udd.cl\/sistema-no-tripulado-de-muestreo-automatizado-para-calidad-de-agua\/\" data-url=\"https:\/\/ii.udd.cl\/sistema-no-tripulado-de-muestreo-automatizado-para-calidad-de-agua\/\" class=\"access-image\">\n\t\t\t\t\t<img loading=\"lazy\" decoding=\"async\" width=\"576\" height=\"382\" src=\"https:\/\/ingenieria.udd.cl\/ii\/files\/2020\/03\/whatsapp-image-2020-03-26-at-13.11.33-576x382.jpeg\" class=\"access-image__image lazyload\" alt=\"\" data-src=\"https:\/\/ingenieria.udd.cl\/ii\/files\/2020\/03\/whatsapp-image-2020-03-26-at-13.11.33-576x382.jpeg\" \/>\t\t\t\t\t\t<div class=\"access-image__content\">\n\t\t\t\t\t\t\t<h3 class=\"access-image__title\">Sistema No Tripulado de Muestreo Automatizado para Calidad de Agua.<\/h3>\n\t\t\t\t\t\t\t<span class=\"access-image__action\">Conocer m\u00e1s<\/span>\n\t\t\t\t\t\t<\/div>\n\t\t\t\t\t<\/a>\n\t\t\t\t<\/div>\n\t\t\t\t\t<\/div>\n\t<\/div>\n<\/section>\n","protected":false},"excerpt":{"rendered":"<p>PROYECTOS<\/p>\n","protected":false},"author":9192225,"featured_media":0,"parent":0,"menu_order":0,"comment_status":"closed","ping_status":"closed","template":"","meta":{"footnotes":""},"class_list":["post-63","page","type-page","status-publish","hentry"],"yoast_head":"<!-- This site is optimized with the Yoast SEO plugin v26.9 - https:\/\/yoast.com\/product\/yoast-seo-wordpress\/ -->\n<title>Envirohealt dynamic System Lab - Innovaci\u00f3n Ingenier\u00eda<\/title>\n<meta name=\"robots\" content=\"index, follow, max-snippet:-1, max-image-preview:large, max-video-preview:-1\" \/>\n<link rel=\"canonical\" href=\"https:\/\/ingenieria.udd.cl\/ii\/laboratorio-de-sistemas-de-salud-dinamicos\/\" \/>\n<meta property=\"og:locale\" content=\"es_ES\" \/>\n<meta property=\"og:type\" content=\"article\" \/>\n<meta property=\"og:title\" content=\"Envirohealt dynamic System Lab - Innovaci\u00f3n Ingenier\u00eda\" \/>\n<meta property=\"og:description\" content=\"PROYECTOS\" \/>\n<meta property=\"og:url\" content=\"https:\/\/ingenieria.udd.cl\/ii\/laboratorio-de-sistemas-de-salud-dinamicos\/\" \/>\n<meta property=\"og:site_name\" content=\"Innovaci\u00f3n Ingenier\u00eda\" \/>\n<meta name=\"twitter:card\" content=\"summary_large_image\" \/>\n<script type=\"application\/ld+json\" class=\"yoast-schema-graph\">{\"@context\":\"https:\/\/schema.org\",\"@graph\":[{\"@type\":\"WebPage\",\"@id\":\"https:\/\/ingenieria.udd.cl\/ii\/laboratorio-de-sistemas-de-salud-dinamicos\/\",\"url\":\"https:\/\/ingenieria.udd.cl\/ii\/laboratorio-de-sistemas-de-salud-dinamicos\/\",\"name\":\"Envirohealt dynamic System Lab - Innovaci\u00f3n Ingenier\u00eda\",\"isPartOf\":{\"@id\":\"https:\/\/ingenieria.udd.cl\/ii\/#website\"},\"datePublished\":\"2020-03-12T18:22:01+00:00\",\"breadcrumb\":{\"@id\":\"https:\/\/ingenieria.udd.cl\/ii\/laboratorio-de-sistemas-de-salud-dinamicos\/#breadcrumb\"},\"inLanguage\":\"es\",\"potentialAction\":[{\"@type\":\"ReadAction\",\"target\":[\"https:\/\/ingenieria.udd.cl\/ii\/laboratorio-de-sistemas-de-salud-dinamicos\/\"]}]},{\"@type\":\"BreadcrumbList\",\"@id\":\"https:\/\/ingenieria.udd.cl\/ii\/laboratorio-de-sistemas-de-salud-dinamicos\/#breadcrumb\",\"itemListElement\":[{\"@type\":\"ListItem\",\"position\":1,\"name\":\"Portada\",\"item\":\"https:\/\/ingenieria.udd.cl\/ii\/\"},{\"@type\":\"ListItem\",\"position\":2,\"name\":\"Envirohealt dynamic System Lab\"}]},{\"@type\":\"WebSite\",\"@id\":\"https:\/\/ingenieria.udd.cl\/ii\/#website\",\"url\":\"https:\/\/ingenieria.udd.cl\/ii\/\",\"name\":\"Innovaci\u00f3n Ingenier\u00eda\",\"description\":\"Otro sitio m\u00e1s de Ingenieria\",\"inLanguage\":\"es\"}]}<\/script>\n<!-- \/ Yoast SEO plugin. -->","yoast_head_json":{"title":"Envirohealt dynamic System Lab - Innovaci\u00f3n Ingenier\u00eda","robots":{"index":"index","follow":"follow","max-snippet":"max-snippet:-1","max-image-preview":"max-image-preview:large","max-video-preview":"max-video-preview:-1"},"canonical":"https:\/\/ingenieria.udd.cl\/ii\/laboratorio-de-sistemas-de-salud-dinamicos\/","og_locale":"es_ES","og_type":"article","og_title":"Envirohealt dynamic System Lab - Innovaci\u00f3n Ingenier\u00eda","og_description":"PROYECTOS","og_url":"https:\/\/ingenieria.udd.cl\/ii\/laboratorio-de-sistemas-de-salud-dinamicos\/","og_site_name":"Innovaci\u00f3n Ingenier\u00eda","twitter_card":"summary_large_image","schema":{"@context":"https:\/\/schema.org","@graph":[{"@type":"WebPage","@id":"https:\/\/ingenieria.udd.cl\/ii\/laboratorio-de-sistemas-de-salud-dinamicos\/","url":"https:\/\/ingenieria.udd.cl\/ii\/laboratorio-de-sistemas-de-salud-dinamicos\/","name":"Envirohealt dynamic System Lab - Innovaci\u00f3n Ingenier\u00eda","isPartOf":{"@id":"https:\/\/ingenieria.udd.cl\/ii\/#website"},"datePublished":"2020-03-12T18:22:01+00:00","breadcrumb":{"@id":"https:\/\/ingenieria.udd.cl\/ii\/laboratorio-de-sistemas-de-salud-dinamicos\/#breadcrumb"},"inLanguage":"es","potentialAction":[{"@type":"ReadAction","target":["https:\/\/ingenieria.udd.cl\/ii\/laboratorio-de-sistemas-de-salud-dinamicos\/"]}]},{"@type":"BreadcrumbList","@id":"https:\/\/ingenieria.udd.cl\/ii\/laboratorio-de-sistemas-de-salud-dinamicos\/#breadcrumb","itemListElement":[{"@type":"ListItem","position":1,"name":"Portada","item":"https:\/\/ingenieria.udd.cl\/ii\/"},{"@type":"ListItem","position":2,"name":"Envirohealt dynamic System Lab"}]},{"@type":"WebSite","@id":"https:\/\/ingenieria.udd.cl\/ii\/#website","url":"https:\/\/ingenieria.udd.cl\/ii\/","name":"Innovaci\u00f3n Ingenier\u00eda","description":"Otro sitio m\u00e1s de Ingenieria","inLanguage":"es"}]}},"_links":{"self":[{"href":"https:\/\/ingenieria.udd.cl\/ii\/wp-json\/wp\/v2\/pages\/63","targetHints":{"allow":["GET"]}}],"collection":[{"href":"https:\/\/ingenieria.udd.cl\/ii\/wp-json\/wp\/v2\/pages"}],"about":[{"href":"https:\/\/ingenieria.udd.cl\/ii\/wp-json\/wp\/v2\/types\/page"}],"author":[{"embeddable":true,"href":"https:\/\/ingenieria.udd.cl\/ii\/wp-json\/wp\/v2\/users\/9192225"}],"replies":[{"embeddable":true,"href":"https:\/\/ingenieria.udd.cl\/ii\/wp-json\/wp\/v2\/comments?post=63"}],"version-history":[{"count":1,"href":"https:\/\/ingenieria.udd.cl\/ii\/wp-json\/wp\/v2\/pages\/63\/revisions"}],"predecessor-version":[{"id":2384,"href":"https:\/\/ingenieria.udd.cl\/ii\/wp-json\/wp\/v2\/pages\/63\/revisions\/2384"}],"wp:attachment":[{"href":"https:\/\/ingenieria.udd.cl\/ii\/wp-json\/wp\/v2\/media?parent=63"}],"curies":[{"name":"wp","href":"https:\/\/api.w.org\/{rel}","templated":true}]}}