{"id":705,"date":"2020-04-04T01:00:50","date_gmt":"2020-04-04T01:00:50","guid":{"rendered":"https:\/\/ii.udd.cl\/?page_id=705"},"modified":"2020-09-23T17:04:29","modified_gmt":"2020-09-23T15:04:29","slug":"plataforma-de-desarrollo-de-diagnostico","status":"publish","type":"page","link":"https:\/\/ingenieria.udd.cl\/ii\/covid\/plataforma-de-desarrollo-de-diagnostico\/","title":{"rendered":"PLATAFORMA DE DESARROLLO DE DIAGN\u00d3STICO"},"content":{"rendered":"\n<p>En conjunto con la Facultad de Ingenier\u00eda y de Medicina de la Universidad de Talca, se est\u00e1 gestando una plataforma de desarrollo y construcci\u00f3n de sistemas de diagn\u00f3stico basados en la detecci\u00f3n de anticuerpos IgG\/IgM en sangre. El proyecto incluye el cultivo, preparaci\u00f3n, extracci\u00f3n y disposici\u00f3n sobre papel u otro sistema de microflu\u00eddica para la creaci\u00f3n de un sistema de diagn\u00f3stico de construcci\u00f3n local.<br><\/p>\n","protected":false},"excerpt":{"rendered":"<p>En conjunto con la Facultad de Ingenier\u00eda y de Medicina de la Universidad de Talca, se est\u00e1 gestando una plataforma de desarrollo y construcci\u00f3n de sistemas de diagn\u00f3stico basados en la detecci\u00f3n de anticuerpos IgG\/IgM en sangre. El proyecto incluye el cultivo, preparaci\u00f3n, extracci\u00f3n y disposici\u00f3n sobre papel u otro sistema de microflu\u00eddica para la [&hellip;]<\/p>\n","protected":false},"author":9192225,"featured_media":0,"parent":677,"menu_order":0,"comment_status":"closed","ping_status":"closed","template":"","meta":{"footnotes":""},"class_list":["post-705","page","type-page","status-publish","hentry"],"yoast_head":"<!-- This site is optimized with the Yoast SEO plugin v26.9 - https:\/\/yoast.com\/product\/yoast-seo-wordpress\/ -->\n<title>PLATAFORMA DE DESARROLLO DE DIAGN\u00d3STICO - Innovaci\u00f3n Ingenier\u00eda<\/title>\n<meta name=\"robots\" content=\"index, follow, max-snippet:-1, max-image-preview:large, max-video-preview:-1\" \/>\n<link rel=\"canonical\" href=\"https:\/\/ingenieria.udd.cl\/ii\/covid\/plataforma-de-desarrollo-de-diagnostico\/\" \/>\n<meta property=\"og:locale\" content=\"es_ES\" \/>\n<meta property=\"og:type\" content=\"article\" \/>\n<meta property=\"og:title\" content=\"PLATAFORMA DE DESARROLLO DE DIAGN\u00d3STICO - Innovaci\u00f3n Ingenier\u00eda\" \/>\n<meta property=\"og:description\" content=\"En conjunto con la Facultad de Ingenier\u00eda y de Medicina de la Universidad de Talca, se est\u00e1 gestando una plataforma de desarrollo y construcci\u00f3n de sistemas de diagn\u00f3stico basados en la detecci\u00f3n de anticuerpos IgG\/IgM en sangre. El proyecto incluye el cultivo, preparaci\u00f3n, extracci\u00f3n y disposici\u00f3n sobre papel u otro sistema de microflu\u00eddica para la [&hellip;]\" \/>\n<meta property=\"og:url\" content=\"https:\/\/ingenieria.udd.cl\/ii\/covid\/plataforma-de-desarrollo-de-diagnostico\/\" \/>\n<meta property=\"og:site_name\" content=\"Innovaci\u00f3n Ingenier\u00eda\" \/>\n<meta property=\"article:modified_time\" content=\"2020-09-23T15:04:29+00:00\" \/>\n<meta name=\"twitter:card\" content=\"summary_large_image\" \/>\n<script type=\"application\/ld+json\" class=\"yoast-schema-graph\">{\"@context\":\"https:\/\/schema.org\",\"@graph\":[{\"@type\":\"WebPage\",\"@id\":\"https:\/\/ingenieria.udd.cl\/ii\/covid\/plataforma-de-desarrollo-de-diagnostico\/\",\"url\":\"https:\/\/ingenieria.udd.cl\/ii\/covid\/plataforma-de-desarrollo-de-diagnostico\/\",\"name\":\"PLATAFORMA DE DESARROLLO DE DIAGN\u00d3STICO - Innovaci\u00f3n Ingenier\u00eda\",\"isPartOf\":{\"@id\":\"https:\/\/ingenieria.udd.cl\/ii\/#website\"},\"datePublished\":\"2020-04-04T01:00:50+00:00\",\"dateModified\":\"2020-09-23T15:04:29+00:00\",\"breadcrumb\":{\"@id\":\"https:\/\/ingenieria.udd.cl\/ii\/covid\/plataforma-de-desarrollo-de-diagnostico\/#breadcrumb\"},\"inLanguage\":\"es\",\"potentialAction\":[{\"@type\":\"ReadAction\",\"target\":[\"https:\/\/ingenieria.udd.cl\/ii\/covid\/plataforma-de-desarrollo-de-diagnostico\/\"]}]},{\"@type\":\"BreadcrumbList\",\"@id\":\"https:\/\/ingenieria.udd.cl\/ii\/covid\/plataforma-de-desarrollo-de-diagnostico\/#breadcrumb\",\"itemListElement\":[{\"@type\":\"ListItem\",\"position\":1,\"name\":\"Portada\",\"item\":\"https:\/\/ingenieria.udd.cl\/ii\/\"},{\"@type\":\"ListItem\",\"position\":2,\"name\":\"La Direcci\u00f3n de Innovaci\u00f3n frente al COVID-19\",\"item\":\"https:\/\/ingenieria.udd.cl\/ii\/covid\/\"},{\"@type\":\"ListItem\",\"position\":3,\"name\":\"PLATAFORMA DE DESARROLLO DE DIAGN\u00d3STICO\"}]},{\"@type\":\"WebSite\",\"@id\":\"https:\/\/ingenieria.udd.cl\/ii\/#website\",\"url\":\"https:\/\/ingenieria.udd.cl\/ii\/\",\"name\":\"Innovaci\u00f3n Ingenier\u00eda\",\"description\":\"Otro sitio m\u00e1s de Ingenieria\",\"inLanguage\":\"es\"}]}<\/script>\n<!-- \/ Yoast SEO plugin. -->","yoast_head_json":{"title":"PLATAFORMA DE DESARROLLO DE DIAGN\u00d3STICO - Innovaci\u00f3n Ingenier\u00eda","robots":{"index":"index","follow":"follow","max-snippet":"max-snippet:-1","max-image-preview":"max-image-preview:large","max-video-preview":"max-video-preview:-1"},"canonical":"https:\/\/ingenieria.udd.cl\/ii\/covid\/plataforma-de-desarrollo-de-diagnostico\/","og_locale":"es_ES","og_type":"article","og_title":"PLATAFORMA DE DESARROLLO DE DIAGN\u00d3STICO - Innovaci\u00f3n Ingenier\u00eda","og_description":"En conjunto con la Facultad de Ingenier\u00eda y de Medicina de la Universidad de Talca, se est\u00e1 gestando una plataforma de desarrollo y construcci\u00f3n de sistemas de diagn\u00f3stico basados en la detecci\u00f3n de anticuerpos IgG\/IgM en sangre. El proyecto incluye el cultivo, preparaci\u00f3n, extracci\u00f3n y disposici\u00f3n sobre papel u otro sistema de microflu\u00eddica para la [&hellip;]","og_url":"https:\/\/ingenieria.udd.cl\/ii\/covid\/plataforma-de-desarrollo-de-diagnostico\/","og_site_name":"Innovaci\u00f3n Ingenier\u00eda","article_modified_time":"2020-09-23T15:04:29+00:00","twitter_card":"summary_large_image","schema":{"@context":"https:\/\/schema.org","@graph":[{"@type":"WebPage","@id":"https:\/\/ingenieria.udd.cl\/ii\/covid\/plataforma-de-desarrollo-de-diagnostico\/","url":"https:\/\/ingenieria.udd.cl\/ii\/covid\/plataforma-de-desarrollo-de-diagnostico\/","name":"PLATAFORMA DE DESARROLLO DE DIAGN\u00d3STICO - Innovaci\u00f3n Ingenier\u00eda","isPartOf":{"@id":"https:\/\/ingenieria.udd.cl\/ii\/#website"},"datePublished":"2020-04-04T01:00:50+00:00","dateModified":"2020-09-23T15:04:29+00:00","breadcrumb":{"@id":"https:\/\/ingenieria.udd.cl\/ii\/covid\/plataforma-de-desarrollo-de-diagnostico\/#breadcrumb"},"inLanguage":"es","potentialAction":[{"@type":"ReadAction","target":["https:\/\/ingenieria.udd.cl\/ii\/covid\/plataforma-de-desarrollo-de-diagnostico\/"]}]},{"@type":"BreadcrumbList","@id":"https:\/\/ingenieria.udd.cl\/ii\/covid\/plataforma-de-desarrollo-de-diagnostico\/#breadcrumb","itemListElement":[{"@type":"ListItem","position":1,"name":"Portada","item":"https:\/\/ingenieria.udd.cl\/ii\/"},{"@type":"ListItem","position":2,"name":"La Direcci\u00f3n de Innovaci\u00f3n frente al COVID-19","item":"https:\/\/ingenieria.udd.cl\/ii\/covid\/"},{"@type":"ListItem","position":3,"name":"PLATAFORMA DE DESARROLLO DE DIAGN\u00d3STICO"}]},{"@type":"WebSite","@id":"https:\/\/ingenieria.udd.cl\/ii\/#website","url":"https:\/\/ingenieria.udd.cl\/ii\/","name":"Innovaci\u00f3n Ingenier\u00eda","description":"Otro sitio m\u00e1s de Ingenieria","inLanguage":"es"}]}},"_links":{"self":[{"href":"https:\/\/ingenieria.udd.cl\/ii\/wp-json\/wp\/v2\/pages\/705","targetHints":{"allow":["GET"]}}],"collection":[{"href":"https:\/\/ingenieria.udd.cl\/ii\/wp-json\/wp\/v2\/pages"}],"about":[{"href":"https:\/\/ingenieria.udd.cl\/ii\/wp-json\/wp\/v2\/types\/page"}],"author":[{"embeddable":true,"href":"https:\/\/ingenieria.udd.cl\/ii\/wp-json\/wp\/v2\/users\/9192225"}],"replies":[{"embeddable":true,"href":"https:\/\/ingenieria.udd.cl\/ii\/wp-json\/wp\/v2\/comments?post=705"}],"version-history":[{"count":1,"href":"https:\/\/ingenieria.udd.cl\/ii\/wp-json\/wp\/v2\/pages\/705\/revisions"}],"predecessor-version":[{"id":1460,"href":"https:\/\/ingenieria.udd.cl\/ii\/wp-json\/wp\/v2\/pages\/705\/revisions\/1460"}],"up":[{"embeddable":true,"href":"https:\/\/ingenieria.udd.cl\/ii\/wp-json\/wp\/v2\/pages\/677"}],"wp:attachment":[{"href":"https:\/\/ingenieria.udd.cl\/ii\/wp-json\/wp\/v2\/media?parent=705"}],"curies":[{"name":"wp","href":"https:\/\/api.w.org\/{rel}","templated":true}]}}