{"id":708,"date":"2020-04-04T01:02:14","date_gmt":"2020-04-04T01:02:14","guid":{"rendered":"https:\/\/ii.udd.cl\/?page_id=708"},"modified":"2020-09-23T17:03:51","modified_gmt":"2020-09-23T15:03:51","slug":"sistema-de-diagnostico-rapido-vrs","status":"publish","type":"page","link":"https:\/\/ingenieria.udd.cl\/ii\/covid\/sistema-de-diagnostico-rapido-vrs\/","title":{"rendered":"SISTEMA DE DIAGN\u00d3STICO R\u00c1PIDO &#8211; VRS"},"content":{"rendered":"\n<p>En conjunto con Little Devices Lab del MIT y del Nano-Biointerfaces Lab de la Universidad de Massachussets- Boston, la Facultad de Ingenier\u00eda y Medicina de la Universidad de Talca, se propone un sistema de diagn\u00f3stico simple que pueda detectar de manera temprana la infecci\u00f3n en pacientes. En particular, se busca la adaptaci\u00f3n de una tecnolog\u00eda desarrollada por los colaboradores norteamericanos para el diagn\u00f3stico r\u00e1pido de otras enfermedades a partir de un sistema de f\u00e1cil construcci\u00f3n usando insumos biol\u00f3gicos accesibles, denominado VRS (Viral Reporter Spectrum).<\/p>\n\n\n\n<figure class=\"wp-block-gallery columns-2 is-cropped wp-block-gallery-1 is-layout-flex wp-block-gallery-is-layout-flex\"><ul class=\"blocks-gallery-grid\"><li class=\"blocks-gallery-item\"><figure><img loading=\"lazy\" decoding=\"async\" width=\"639\" height=\"550\" src=\"https:\/\/ingenieria.udd.cl\/ii\/files\/2020\/06\/whatsapp-image-2020-06-16-at-13.04.48.jpeg\" alt=\"\" data-id=\"1174\" data-link=\"https:\/\/ii.udd.cl\/sistema-de-diagnostico-rapido-vrs\/whatsapp-image-2020-06-16-at-13-04-48\/\" class=\"wp-image-1174\" srcset=\"https:\/\/ingenieria.udd.cl\/ii\/files\/2020\/06\/whatsapp-image-2020-06-16-at-13.04.48.jpeg 639w, https:\/\/ingenieria.udd.cl\/ii\/files\/2020\/06\/whatsapp-image-2020-06-16-at-13.04.48-300x258.jpeg 300w\" sizes=\"auto, (max-width: 639px) 100vw, 639px\" \/><\/figure><\/li><li class=\"blocks-gallery-item\"><figure><img loading=\"lazy\" decoding=\"async\" width=\"636\" height=\"350\" src=\"https:\/\/ingenieria.udd.cl\/ii\/files\/2020\/06\/whatsapp-image-2020-06-16-at-13.04.49-1.jpeg\" alt=\"\" data-id=\"1176\" data-full-url=\"https:\/\/ingenieria.udd.cl\/ii\/files\/2020\/06\/whatsapp-image-2020-06-16-at-13.04.49-1.jpeg\" data-link=\"https:\/\/ii.udd.cl\/sistema-de-diagnostico-rapido-vrs\/whatsapp-image-2020-06-16-at-13-04-49-1\/\" class=\"wp-image-1176\" srcset=\"https:\/\/ingenieria.udd.cl\/ii\/files\/2020\/06\/whatsapp-image-2020-06-16-at-13.04.49-1.jpeg 636w, https:\/\/ingenieria.udd.cl\/ii\/files\/2020\/06\/whatsapp-image-2020-06-16-at-13.04.49-1-300x165.jpeg 300w\" sizes=\"auto, (max-width: 636px) 100vw, 636px\" \/><\/figure><\/li><li class=\"blocks-gallery-item\"><figure><img loading=\"lazy\" decoding=\"async\" width=\"1012\" height=\"509\" src=\"https:\/\/ingenieria.udd.cl\/ii\/files\/2020\/06\/whatsapp-image-2020-06-16-at-13.04.49.jpeg\" alt=\"\" data-id=\"1175\" data-link=\"https:\/\/ii.udd.cl\/sistema-de-diagnostico-rapido-vrs\/whatsapp-image-2020-06-16-at-13-04-49\/\" class=\"wp-image-1175\" srcset=\"https:\/\/ingenieria.udd.cl\/ii\/files\/2020\/06\/whatsapp-image-2020-06-16-at-13.04.49.jpeg 1012w, https:\/\/ingenieria.udd.cl\/ii\/files\/2020\/06\/whatsapp-image-2020-06-16-at-13.04.49-300x151.jpeg 300w, https:\/\/ingenieria.udd.cl\/ii\/files\/2020\/06\/whatsapp-image-2020-06-16-at-13.04.49-768x386.jpeg 768w\" sizes=\"auto, (max-width: 1012px) 100vw, 1012px\" \/><\/figure><\/li><\/ul><\/figure>\n\n\n\n<p><\/p>\n\n\n\n<p> <\/p>\n","protected":false},"excerpt":{"rendered":"<p>En conjunto con Little Devices Lab del MIT y del Nano-Biointerfaces Lab de la Universidad de Massachussets- Boston, la Facultad de Ingenier\u00eda y Medicina de la Universidad de Talca, se propone un sistema de diagn\u00f3stico simple que pueda detectar de manera temprana la infecci\u00f3n en pacientes. En particular, se busca la adaptaci\u00f3n de una tecnolog\u00eda [&hellip;]<\/p>\n","protected":false},"author":9192225,"featured_media":1174,"parent":677,"menu_order":0,"comment_status":"closed","ping_status":"closed","template":"","meta":{"footnotes":""},"class_list":["post-708","page","type-page","status-publish","has-post-thumbnail","hentry"],"yoast_head":"<!-- This site is optimized with the Yoast SEO plugin v26.9 - https:\/\/yoast.com\/product\/yoast-seo-wordpress\/ -->\n<title>SISTEMA DE DIAGN\u00d3STICO R\u00c1PIDO - VRS - Innovaci\u00f3n Ingenier\u00eda<\/title>\n<meta name=\"robots\" content=\"index, follow, max-snippet:-1, max-image-preview:large, max-video-preview:-1\" \/>\n<link rel=\"canonical\" href=\"https:\/\/ingenieria.udd.cl\/ii\/covid\/sistema-de-diagnostico-rapido-vrs\/\" \/>\n<meta property=\"og:locale\" content=\"es_ES\" \/>\n<meta property=\"og:type\" content=\"article\" \/>\n<meta property=\"og:title\" content=\"SISTEMA DE DIAGN\u00d3STICO R\u00c1PIDO - VRS - Innovaci\u00f3n Ingenier\u00eda\" \/>\n<meta property=\"og:description\" content=\"En conjunto con Little Devices Lab del MIT y del Nano-Biointerfaces Lab de la Universidad de Massachussets- Boston, la Facultad de Ingenier\u00eda y Medicina de la Universidad de Talca, se propone un sistema de diagn\u00f3stico simple que pueda detectar de manera temprana la infecci\u00f3n en pacientes. En particular, se busca la adaptaci\u00f3n de una tecnolog\u00eda [&hellip;]\" \/>\n<meta property=\"og:url\" content=\"https:\/\/ingenieria.udd.cl\/ii\/covid\/sistema-de-diagnostico-rapido-vrs\/\" \/>\n<meta property=\"og:site_name\" content=\"Innovaci\u00f3n Ingenier\u00eda\" \/>\n<meta property=\"article:modified_time\" content=\"2020-09-23T15:03:51+00:00\" \/>\n<meta property=\"og:image\" content=\"https:\/\/ingenieria.udd.cl\/ii\/files\/2020\/06\/whatsapp-image-2020-06-16-at-13.04.48.jpeg\" \/>\n\t<meta property=\"og:image:width\" content=\"639\" \/>\n\t<meta property=\"og:image:height\" content=\"550\" \/>\n\t<meta property=\"og:image:type\" content=\"image\/jpeg\" \/>\n<meta name=\"twitter:card\" content=\"summary_large_image\" \/>\n<script type=\"application\/ld+json\" class=\"yoast-schema-graph\">{\"@context\":\"https:\/\/schema.org\",\"@graph\":[{\"@type\":\"WebPage\",\"@id\":\"https:\/\/ingenieria.udd.cl\/ii\/covid\/sistema-de-diagnostico-rapido-vrs\/\",\"url\":\"https:\/\/ingenieria.udd.cl\/ii\/covid\/sistema-de-diagnostico-rapido-vrs\/\",\"name\":\"SISTEMA DE DIAGN\u00d3STICO R\u00c1PIDO - VRS - Innovaci\u00f3n Ingenier\u00eda\",\"isPartOf\":{\"@id\":\"https:\/\/ingenieria.udd.cl\/ii\/#website\"},\"primaryImageOfPage\":{\"@id\":\"https:\/\/ingenieria.udd.cl\/ii\/covid\/sistema-de-diagnostico-rapido-vrs\/#primaryimage\"},\"image\":{\"@id\":\"https:\/\/ingenieria.udd.cl\/ii\/covid\/sistema-de-diagnostico-rapido-vrs\/#primaryimage\"},\"thumbnailUrl\":\"https:\/\/ingenieria.udd.cl\/ii\/files\/2020\/06\/whatsapp-image-2020-06-16-at-13.04.48.jpeg\",\"datePublished\":\"2020-04-04T01:02:14+00:00\",\"dateModified\":\"2020-09-23T15:03:51+00:00\",\"breadcrumb\":{\"@id\":\"https:\/\/ingenieria.udd.cl\/ii\/covid\/sistema-de-diagnostico-rapido-vrs\/#breadcrumb\"},\"inLanguage\":\"es\",\"potentialAction\":[{\"@type\":\"ReadAction\",\"target\":[\"https:\/\/ingenieria.udd.cl\/ii\/covid\/sistema-de-diagnostico-rapido-vrs\/\"]}]},{\"@type\":\"ImageObject\",\"inLanguage\":\"es\",\"@id\":\"https:\/\/ingenieria.udd.cl\/ii\/covid\/sistema-de-diagnostico-rapido-vrs\/#primaryimage\",\"url\":\"https:\/\/ingenieria.udd.cl\/ii\/files\/2020\/06\/whatsapp-image-2020-06-16-at-13.04.48.jpeg\",\"contentUrl\":\"https:\/\/ingenieria.udd.cl\/ii\/files\/2020\/06\/whatsapp-image-2020-06-16-at-13.04.48.jpeg\",\"width\":639,\"height\":550},{\"@type\":\"BreadcrumbList\",\"@id\":\"https:\/\/ingenieria.udd.cl\/ii\/covid\/sistema-de-diagnostico-rapido-vrs\/#breadcrumb\",\"itemListElement\":[{\"@type\":\"ListItem\",\"position\":1,\"name\":\"Portada\",\"item\":\"https:\/\/ingenieria.udd.cl\/ii\/\"},{\"@type\":\"ListItem\",\"position\":2,\"name\":\"La Direcci\u00f3n de Innovaci\u00f3n frente al COVID-19\",\"item\":\"https:\/\/ingenieria.udd.cl\/ii\/covid\/\"},{\"@type\":\"ListItem\",\"position\":3,\"name\":\"SISTEMA DE DIAGN\u00d3STICO R\u00c1PIDO &#8211; VRS\"}]},{\"@type\":\"WebSite\",\"@id\":\"https:\/\/ingenieria.udd.cl\/ii\/#website\",\"url\":\"https:\/\/ingenieria.udd.cl\/ii\/\",\"name\":\"Innovaci\u00f3n Ingenier\u00eda\",\"description\":\"Otro sitio m\u00e1s de Ingenieria\",\"inLanguage\":\"es\"}]}<\/script>\n<!-- \/ Yoast SEO plugin. -->","yoast_head_json":{"title":"SISTEMA DE DIAGN\u00d3STICO R\u00c1PIDO - VRS - Innovaci\u00f3n Ingenier\u00eda","robots":{"index":"index","follow":"follow","max-snippet":"max-snippet:-1","max-image-preview":"max-image-preview:large","max-video-preview":"max-video-preview:-1"},"canonical":"https:\/\/ingenieria.udd.cl\/ii\/covid\/sistema-de-diagnostico-rapido-vrs\/","og_locale":"es_ES","og_type":"article","og_title":"SISTEMA DE DIAGN\u00d3STICO R\u00c1PIDO - VRS - Innovaci\u00f3n Ingenier\u00eda","og_description":"En conjunto con Little Devices Lab del MIT y del Nano-Biointerfaces Lab de la Universidad de Massachussets- Boston, la Facultad de Ingenier\u00eda y Medicina de la Universidad de Talca, se propone un sistema de diagn\u00f3stico simple que pueda detectar de manera temprana la infecci\u00f3n en pacientes. En particular, se busca la adaptaci\u00f3n de una tecnolog\u00eda [&hellip;]","og_url":"https:\/\/ingenieria.udd.cl\/ii\/covid\/sistema-de-diagnostico-rapido-vrs\/","og_site_name":"Innovaci\u00f3n Ingenier\u00eda","article_modified_time":"2020-09-23T15:03:51+00:00","og_image":[{"width":639,"height":550,"url":"https:\/\/ingenieria.udd.cl\/ii\/files\/2020\/06\/whatsapp-image-2020-06-16-at-13.04.48.jpeg","type":"image\/jpeg"}],"twitter_card":"summary_large_image","schema":{"@context":"https:\/\/schema.org","@graph":[{"@type":"WebPage","@id":"https:\/\/ingenieria.udd.cl\/ii\/covid\/sistema-de-diagnostico-rapido-vrs\/","url":"https:\/\/ingenieria.udd.cl\/ii\/covid\/sistema-de-diagnostico-rapido-vrs\/","name":"SISTEMA DE DIAGN\u00d3STICO R\u00c1PIDO - VRS - Innovaci\u00f3n Ingenier\u00eda","isPartOf":{"@id":"https:\/\/ingenieria.udd.cl\/ii\/#website"},"primaryImageOfPage":{"@id":"https:\/\/ingenieria.udd.cl\/ii\/covid\/sistema-de-diagnostico-rapido-vrs\/#primaryimage"},"image":{"@id":"https:\/\/ingenieria.udd.cl\/ii\/covid\/sistema-de-diagnostico-rapido-vrs\/#primaryimage"},"thumbnailUrl":"https:\/\/ingenieria.udd.cl\/ii\/files\/2020\/06\/whatsapp-image-2020-06-16-at-13.04.48.jpeg","datePublished":"2020-04-04T01:02:14+00:00","dateModified":"2020-09-23T15:03:51+00:00","breadcrumb":{"@id":"https:\/\/ingenieria.udd.cl\/ii\/covid\/sistema-de-diagnostico-rapido-vrs\/#breadcrumb"},"inLanguage":"es","potentialAction":[{"@type":"ReadAction","target":["https:\/\/ingenieria.udd.cl\/ii\/covid\/sistema-de-diagnostico-rapido-vrs\/"]}]},{"@type":"ImageObject","inLanguage":"es","@id":"https:\/\/ingenieria.udd.cl\/ii\/covid\/sistema-de-diagnostico-rapido-vrs\/#primaryimage","url":"https:\/\/ingenieria.udd.cl\/ii\/files\/2020\/06\/whatsapp-image-2020-06-16-at-13.04.48.jpeg","contentUrl":"https:\/\/ingenieria.udd.cl\/ii\/files\/2020\/06\/whatsapp-image-2020-06-16-at-13.04.48.jpeg","width":639,"height":550},{"@type":"BreadcrumbList","@id":"https:\/\/ingenieria.udd.cl\/ii\/covid\/sistema-de-diagnostico-rapido-vrs\/#breadcrumb","itemListElement":[{"@type":"ListItem","position":1,"name":"Portada","item":"https:\/\/ingenieria.udd.cl\/ii\/"},{"@type":"ListItem","position":2,"name":"La Direcci\u00f3n de Innovaci\u00f3n frente al COVID-19","item":"https:\/\/ingenieria.udd.cl\/ii\/covid\/"},{"@type":"ListItem","position":3,"name":"SISTEMA DE DIAGN\u00d3STICO R\u00c1PIDO &#8211; VRS"}]},{"@type":"WebSite","@id":"https:\/\/ingenieria.udd.cl\/ii\/#website","url":"https:\/\/ingenieria.udd.cl\/ii\/","name":"Innovaci\u00f3n Ingenier\u00eda","description":"Otro sitio m\u00e1s de Ingenieria","inLanguage":"es"}]}},"_links":{"self":[{"href":"https:\/\/ingenieria.udd.cl\/ii\/wp-json\/wp\/v2\/pages\/708","targetHints":{"allow":["GET"]}}],"collection":[{"href":"https:\/\/ingenieria.udd.cl\/ii\/wp-json\/wp\/v2\/pages"}],"about":[{"href":"https:\/\/ingenieria.udd.cl\/ii\/wp-json\/wp\/v2\/types\/page"}],"author":[{"embeddable":true,"href":"https:\/\/ingenieria.udd.cl\/ii\/wp-json\/wp\/v2\/users\/9192225"}],"replies":[{"embeddable":true,"href":"https:\/\/ingenieria.udd.cl\/ii\/wp-json\/wp\/v2\/comments?post=708"}],"version-history":[{"count":1,"href":"https:\/\/ingenieria.udd.cl\/ii\/wp-json\/wp\/v2\/pages\/708\/revisions"}],"predecessor-version":[{"id":1459,"href":"https:\/\/ingenieria.udd.cl\/ii\/wp-json\/wp\/v2\/pages\/708\/revisions\/1459"}],"up":[{"embeddable":true,"href":"https:\/\/ingenieria.udd.cl\/ii\/wp-json\/wp\/v2\/pages\/677"}],"wp:featuredmedia":[{"embeddable":true,"href":"https:\/\/ingenieria.udd.cl\/ii\/wp-json\/wp\/v2\/media\/1174"}],"wp:attachment":[{"href":"https:\/\/ingenieria.udd.cl\/ii\/wp-json\/wp\/v2\/media?parent=708"}],"curies":[{"name":"wp","href":"https:\/\/api.w.org\/{rel}","templated":true}]}}