{"id":711,"date":"2020-04-04T01:03:08","date_gmt":"2020-04-04T01:03:08","guid":{"rendered":"https:\/\/ii.udd.cl\/?page_id=711"},"modified":"2020-09-23T17:03:19","modified_gmt":"2020-09-23T15:03:19","slug":"sistema-de-control-remoto-para-ventiladores-mecanicos","status":"publish","type":"page","link":"https:\/\/ingenieria.udd.cl\/ii\/covid\/sistema-de-control-remoto-para-ventiladores-mecanicos\/","title":{"rendered":"SISTEMA DE CONTROL REMOTO PARA VENTILADORES MEC\u00c1NICOS"},"content":{"rendered":"\n<p>Se est\u00e1 dise\u00f1andoun sistema de control remoto para los ventiladores mec\u00e1nicos existentes. Este sistema IoT permitir\u00e1 el manejo mec\u00e1nico remoto de perillas de control con el objetivo de contar con operarios capacitados que puedan controlar m\u00faltiples equipamientos sin estar en zonas expuestas.&nbsp;<\/p>\n\n\n<section class=\"wp-block-udd-videos-row\">\n\t<div class=\"videos-row container\">\n\t\t\t\t\t\t<div class=\"row videos-row__videos\">\n\t\t\t<article class=\"udd-video\">\n\t<a href=\"https:\/\/www.youtube.com\/watch?v=w4GJhyO0rQQ\" class=\"js-udd-video-modal udd-video__link\" data-video-id=\"w4GJhyO0rQQ\">\n\t\t<span class=\"udd-video__label\"><svg class=\"svg-video-dims\"><use xlink:href='https:\/\/ingenieria.udd.cl\/ii\/wp-content\/themes\/facultades-2018\/assets\/img\/svg\/dist\/main.svg?version=1695853099#video'><\/use><\/svg> Ver video<\/span>\n\t\t<h3 class=\"udd-video__title\">\n\t\t\tVIOT\t\t<\/h3>\n\t\t<span class=\"udd-video__image-container\"><img decoding=\"async\" src=\"https:\/\/i.ytimg.com\/vi\/w4GJhyO0rQQ\/hqdefault.jpg\" loading=\"lazy\" alt=\"VIOT\" class=\"udd-video__image\" alt=\"Previsualizaci\u00f3n de &#039;VIOT&#039;\"><\/span>\t<\/a>\n<\/article>\n\t\t<\/div>\n\t\t\t<\/div>\n<\/section>\n","protected":false},"excerpt":{"rendered":"<p>Se est\u00e1 dise\u00f1andoun sistema de control remoto para los ventiladores mec\u00e1nicos existentes. Este sistema IoT permitir\u00e1 el manejo mec\u00e1nico remoto de perillas de control con el objetivo de contar con operarios capacitados que puedan controlar m\u00faltiples equipamientos sin estar en zonas expuestas.&nbsp;<\/p>\n","protected":false},"author":9192225,"featured_media":0,"parent":677,"menu_order":0,"comment_status":"closed","ping_status":"closed","template":"","meta":{"footnotes":""},"class_list":["post-711","page","type-page","status-publish","hentry"],"yoast_head":"<!-- This site is optimized with the Yoast SEO plugin v26.9 - https:\/\/yoast.com\/product\/yoast-seo-wordpress\/ -->\n<title>SISTEMA DE CONTROL REMOTO PARA VENTILADORES MEC\u00c1NICOS - Innovaci\u00f3n Ingenier\u00eda<\/title>\n<meta name=\"robots\" content=\"index, follow, max-snippet:-1, max-image-preview:large, max-video-preview:-1\" \/>\n<link rel=\"canonical\" href=\"https:\/\/ingenieria.udd.cl\/ii\/covid\/sistema-de-control-remoto-para-ventiladores-mecanicos\/\" \/>\n<meta property=\"og:locale\" content=\"es_ES\" \/>\n<meta property=\"og:type\" content=\"article\" \/>\n<meta property=\"og:title\" content=\"SISTEMA DE CONTROL REMOTO PARA VENTILADORES MEC\u00c1NICOS - Innovaci\u00f3n Ingenier\u00eda\" \/>\n<meta property=\"og:description\" content=\"Se est\u00e1 dise\u00f1andoun sistema de control remoto para los ventiladores mec\u00e1nicos existentes. Este sistema IoT permitir\u00e1 el manejo mec\u00e1nico remoto de perillas de control con el objetivo de contar con operarios capacitados que puedan controlar m\u00faltiples equipamientos sin estar en zonas expuestas.&nbsp;\" \/>\n<meta property=\"og:url\" content=\"https:\/\/ingenieria.udd.cl\/ii\/covid\/sistema-de-control-remoto-para-ventiladores-mecanicos\/\" \/>\n<meta property=\"og:site_name\" content=\"Innovaci\u00f3n Ingenier\u00eda\" \/>\n<meta property=\"article:modified_time\" content=\"2020-09-23T15:03:19+00:00\" \/>\n<meta name=\"twitter:card\" content=\"summary_large_image\" \/>\n<script type=\"application\/ld+json\" class=\"yoast-schema-graph\">{\"@context\":\"https:\/\/schema.org\",\"@graph\":[{\"@type\":\"WebPage\",\"@id\":\"https:\/\/ingenieria.udd.cl\/ii\/covid\/sistema-de-control-remoto-para-ventiladores-mecanicos\/\",\"url\":\"https:\/\/ingenieria.udd.cl\/ii\/covid\/sistema-de-control-remoto-para-ventiladores-mecanicos\/\",\"name\":\"SISTEMA DE CONTROL REMOTO PARA VENTILADORES MEC\u00c1NICOS - Innovaci\u00f3n Ingenier\u00eda\",\"isPartOf\":{\"@id\":\"https:\/\/ingenieria.udd.cl\/ii\/#website\"},\"datePublished\":\"2020-04-04T01:03:08+00:00\",\"dateModified\":\"2020-09-23T15:03:19+00:00\",\"breadcrumb\":{\"@id\":\"https:\/\/ingenieria.udd.cl\/ii\/covid\/sistema-de-control-remoto-para-ventiladores-mecanicos\/#breadcrumb\"},\"inLanguage\":\"es\",\"potentialAction\":[{\"@type\":\"ReadAction\",\"target\":[\"https:\/\/ingenieria.udd.cl\/ii\/covid\/sistema-de-control-remoto-para-ventiladores-mecanicos\/\"]}]},{\"@type\":\"BreadcrumbList\",\"@id\":\"https:\/\/ingenieria.udd.cl\/ii\/covid\/sistema-de-control-remoto-para-ventiladores-mecanicos\/#breadcrumb\",\"itemListElement\":[{\"@type\":\"ListItem\",\"position\":1,\"name\":\"Portada\",\"item\":\"https:\/\/ingenieria.udd.cl\/ii\/\"},{\"@type\":\"ListItem\",\"position\":2,\"name\":\"La Direcci\u00f3n de Innovaci\u00f3n frente al COVID-19\",\"item\":\"https:\/\/ingenieria.udd.cl\/ii\/covid\/\"},{\"@type\":\"ListItem\",\"position\":3,\"name\":\"SISTEMA DE CONTROL REMOTO PARA VENTILADORES MEC\u00c1NICOS\"}]},{\"@type\":\"WebSite\",\"@id\":\"https:\/\/ingenieria.udd.cl\/ii\/#website\",\"url\":\"https:\/\/ingenieria.udd.cl\/ii\/\",\"name\":\"Innovaci\u00f3n Ingenier\u00eda\",\"description\":\"Otro sitio m\u00e1s de Ingenieria\",\"inLanguage\":\"es\"}]}<\/script>\n<!-- \/ Yoast SEO plugin. -->","yoast_head_json":{"title":"SISTEMA DE CONTROL REMOTO PARA VENTILADORES MEC\u00c1NICOS - Innovaci\u00f3n Ingenier\u00eda","robots":{"index":"index","follow":"follow","max-snippet":"max-snippet:-1","max-image-preview":"max-image-preview:large","max-video-preview":"max-video-preview:-1"},"canonical":"https:\/\/ingenieria.udd.cl\/ii\/covid\/sistema-de-control-remoto-para-ventiladores-mecanicos\/","og_locale":"es_ES","og_type":"article","og_title":"SISTEMA DE CONTROL REMOTO PARA VENTILADORES MEC\u00c1NICOS - Innovaci\u00f3n Ingenier\u00eda","og_description":"Se est\u00e1 dise\u00f1andoun sistema de control remoto para los ventiladores mec\u00e1nicos existentes. Este sistema IoT permitir\u00e1 el manejo mec\u00e1nico remoto de perillas de control con el objetivo de contar con operarios capacitados que puedan controlar m\u00faltiples equipamientos sin estar en zonas expuestas.&nbsp;","og_url":"https:\/\/ingenieria.udd.cl\/ii\/covid\/sistema-de-control-remoto-para-ventiladores-mecanicos\/","og_site_name":"Innovaci\u00f3n Ingenier\u00eda","article_modified_time":"2020-09-23T15:03:19+00:00","twitter_card":"summary_large_image","schema":{"@context":"https:\/\/schema.org","@graph":[{"@type":"WebPage","@id":"https:\/\/ingenieria.udd.cl\/ii\/covid\/sistema-de-control-remoto-para-ventiladores-mecanicos\/","url":"https:\/\/ingenieria.udd.cl\/ii\/covid\/sistema-de-control-remoto-para-ventiladores-mecanicos\/","name":"SISTEMA DE CONTROL REMOTO PARA VENTILADORES MEC\u00c1NICOS - Innovaci\u00f3n Ingenier\u00eda","isPartOf":{"@id":"https:\/\/ingenieria.udd.cl\/ii\/#website"},"datePublished":"2020-04-04T01:03:08+00:00","dateModified":"2020-09-23T15:03:19+00:00","breadcrumb":{"@id":"https:\/\/ingenieria.udd.cl\/ii\/covid\/sistema-de-control-remoto-para-ventiladores-mecanicos\/#breadcrumb"},"inLanguage":"es","potentialAction":[{"@type":"ReadAction","target":["https:\/\/ingenieria.udd.cl\/ii\/covid\/sistema-de-control-remoto-para-ventiladores-mecanicos\/"]}]},{"@type":"BreadcrumbList","@id":"https:\/\/ingenieria.udd.cl\/ii\/covid\/sistema-de-control-remoto-para-ventiladores-mecanicos\/#breadcrumb","itemListElement":[{"@type":"ListItem","position":1,"name":"Portada","item":"https:\/\/ingenieria.udd.cl\/ii\/"},{"@type":"ListItem","position":2,"name":"La Direcci\u00f3n de Innovaci\u00f3n frente al COVID-19","item":"https:\/\/ingenieria.udd.cl\/ii\/covid\/"},{"@type":"ListItem","position":3,"name":"SISTEMA DE CONTROL REMOTO PARA VENTILADORES MEC\u00c1NICOS"}]},{"@type":"WebSite","@id":"https:\/\/ingenieria.udd.cl\/ii\/#website","url":"https:\/\/ingenieria.udd.cl\/ii\/","name":"Innovaci\u00f3n Ingenier\u00eda","description":"Otro sitio m\u00e1s de Ingenieria","inLanguage":"es"}]}},"_links":{"self":[{"href":"https:\/\/ingenieria.udd.cl\/ii\/wp-json\/wp\/v2\/pages\/711","targetHints":{"allow":["GET"]}}],"collection":[{"href":"https:\/\/ingenieria.udd.cl\/ii\/wp-json\/wp\/v2\/pages"}],"about":[{"href":"https:\/\/ingenieria.udd.cl\/ii\/wp-json\/wp\/v2\/types\/page"}],"author":[{"embeddable":true,"href":"https:\/\/ingenieria.udd.cl\/ii\/wp-json\/wp\/v2\/users\/9192225"}],"replies":[{"embeddable":true,"href":"https:\/\/ingenieria.udd.cl\/ii\/wp-json\/wp\/v2\/comments?post=711"}],"version-history":[{"count":1,"href":"https:\/\/ingenieria.udd.cl\/ii\/wp-json\/wp\/v2\/pages\/711\/revisions"}],"predecessor-version":[{"id":1457,"href":"https:\/\/ingenieria.udd.cl\/ii\/wp-json\/wp\/v2\/pages\/711\/revisions\/1457"}],"up":[{"embeddable":true,"href":"https:\/\/ingenieria.udd.cl\/ii\/wp-json\/wp\/v2\/pages\/677"}],"wp:attachment":[{"href":"https:\/\/ingenieria.udd.cl\/ii\/wp-json\/wp\/v2\/media?parent=711"}],"curies":[{"name":"wp","href":"https:\/\/api.w.org\/{rel}","templated":true}]}}