{"id":771,"date":"2020-04-25T00:36:22","date_gmt":"2020-04-25T00:36:22","guid":{"rendered":"https:\/\/ii.udd.cl\/?page_id=771"},"modified":"2020-09-23T17:01:12","modified_gmt":"2020-09-23T15:01:12","slug":"innovacion-de-la-facultad-de-ingenieria-dona-protectores-faciales-a-hospital-padre-hurtado","status":"publish","type":"page","link":"https:\/\/ingenieria.udd.cl\/ii\/covid\/innovacion-de-la-facultad-de-ingenieria-dona-protectores-faciales-a-hospital-padre-hurtado\/","title":{"rendered":"Protectores Faciales"},"content":{"rendered":"\n<p>Junto a la Facultad de Medicina de la UDD y TresDP, se  ha trabajado en la preparaci\u00f3n de un modelo de protector facial tipo visera, usando impresi\u00f3n 3D. <\/p>\n\n\n\n<p>Se ha realizado la fase de testeo con los primeros 50 protectores faciales.  Estos protectores son el resultado tras la prueba de 42 dise\u00f1os diferentes para alcanzar un modelo propio con los est\u00e1ndares sanitarios requeridos, y que, adem\u00e1s, sea un modelo que logre optimizar el tiempo de impresi\u00f3n.  se decidi\u00f3 trabajar haciendo una optimizaci\u00f3n del modelo para reducir tres veces el tiempo de impresi\u00f3n y poder imprimir m\u00e1s cantidad en menor tiempo. <\/p>\n\n\n\n<p> Es as\u00ed como se proyecta alcanzar una producci\u00f3n de 60 a 70 viseras a diario, de tal manera que se deja operativa una granja de impresiones de protectores con una manufactura de 400 producciones semanales entre las instalaciones de Santiago y Concepci\u00f3n. <br><\/p>\n\n\n\n<figure class=\"wp-block-gallery columns-2 is-cropped wp-block-gallery-1 is-layout-flex wp-block-gallery-is-layout-flex\"><ul class=\"blocks-gallery-grid\"><li class=\"blocks-gallery-item\"><figure><img loading=\"lazy\" decoding=\"async\" width=\"1024\" height=\"768\" src=\"https:\/\/ingenieria.udd.cl\/ii\/files\/2020\/04\/whatsapp-image-2020-04-24-at-19.19.59-2-1024x768.jpeg\" alt=\"\" data-id=\"774\" data-link=\"https:\/\/ii.udd.cl\/?attachment_id=774\" class=\"wp-image-774\" srcset=\"https:\/\/ingenieria.udd.cl\/ii\/files\/2020\/04\/whatsapp-image-2020-04-24-at-19.19.59-2-1024x768.jpeg 1024w, https:\/\/ingenieria.udd.cl\/ii\/files\/2020\/04\/whatsapp-image-2020-04-24-at-19.19.59-2-300x225.jpeg 300w, https:\/\/ingenieria.udd.cl\/ii\/files\/2020\/04\/whatsapp-image-2020-04-24-at-19.19.59-2-768x576.jpeg 768w, https:\/\/ingenieria.udd.cl\/ii\/files\/2020\/04\/whatsapp-image-2020-04-24-at-19.19.59-2.jpeg 1280w\" sizes=\"auto, (max-width: 1024px) 100vw, 1024px\" \/><\/figure><\/li><li class=\"blocks-gallery-item\"><figure><img loading=\"lazy\" decoding=\"async\" width=\"1024\" height=\"576\" src=\"https:\/\/ingenieria.udd.cl\/ii\/files\/2020\/04\/whatsapp-image-2020-04-24-at-19.19.59-1-1-1024x576.jpeg\" alt=\"\" data-id=\"775\" data-full-url=\"https:\/\/ingenieria.udd.cl\/ii\/files\/2020\/04\/whatsapp-image-2020-04-24-at-19.19.59-1-1.jpeg\" data-link=\"https:\/\/ii.udd.cl\/?attachment_id=775\" class=\"wp-image-775\" srcset=\"https:\/\/ingenieria.udd.cl\/ii\/files\/2020\/04\/whatsapp-image-2020-04-24-at-19.19.59-1-1-1024x576.jpeg 1024w, https:\/\/ingenieria.udd.cl\/ii\/files\/2020\/04\/whatsapp-image-2020-04-24-at-19.19.59-1-1-300x169.jpeg 300w, https:\/\/ingenieria.udd.cl\/ii\/files\/2020\/04\/whatsapp-image-2020-04-24-at-19.19.59-1-1-768x432.jpeg 768w, https:\/\/ingenieria.udd.cl\/ii\/files\/2020\/04\/whatsapp-image-2020-04-24-at-19.19.59-1-1-680x382.jpeg 680w, https:\/\/ingenieria.udd.cl\/ii\/files\/2020\/04\/whatsapp-image-2020-04-24-at-19.19.59-1-1.jpeg 1280w\" sizes=\"auto, (max-width: 1024px) 100vw, 1024px\" \/><\/figure><\/li><\/ul><\/figure>\n","protected":false},"excerpt":{"rendered":"<p>Junto a la Facultad de Medicina de la UDD y TresDP, se ha trabajado en la preparaci\u00f3n de un modelo de protector facial tipo visera, usando impresi\u00f3n 3D. Se ha realizado la fase de testeo con los primeros 50 protectores faciales. Estos protectores son el resultado tras la prueba de 42 dise\u00f1os diferentes para alcanzar [&hellip;]<\/p>\n","protected":false},"author":9192225,"featured_media":0,"parent":677,"menu_order":0,"comment_status":"closed","ping_status":"closed","template":"","meta":{"footnotes":""},"class_list":["post-771","page","type-page","status-publish","hentry"],"yoast_head":"<!-- This site is optimized with the Yoast SEO plugin v26.9 - https:\/\/yoast.com\/product\/yoast-seo-wordpress\/ -->\n<title>Protectores Faciales - Innovaci\u00f3n Ingenier\u00eda<\/title>\n<meta name=\"robots\" content=\"index, follow, max-snippet:-1, max-image-preview:large, max-video-preview:-1\" \/>\n<link rel=\"canonical\" href=\"https:\/\/ingenieria.udd.cl\/ii\/covid\/innovacion-de-la-facultad-de-ingenieria-dona-protectores-faciales-a-hospital-padre-hurtado\/\" \/>\n<meta property=\"og:locale\" content=\"es_ES\" \/>\n<meta property=\"og:type\" content=\"article\" \/>\n<meta property=\"og:title\" content=\"Protectores Faciales - Innovaci\u00f3n Ingenier\u00eda\" \/>\n<meta property=\"og:description\" content=\"Junto a la Facultad de Medicina de la UDD y TresDP, se ha trabajado en la preparaci\u00f3n de un modelo de protector facial tipo visera, usando impresi\u00f3n 3D. Se ha realizado la fase de testeo con los primeros 50 protectores faciales. Estos protectores son el resultado tras la prueba de 42 dise\u00f1os diferentes para alcanzar [&hellip;]\" \/>\n<meta property=\"og:url\" content=\"https:\/\/ingenieria.udd.cl\/ii\/covid\/innovacion-de-la-facultad-de-ingenieria-dona-protectores-faciales-a-hospital-padre-hurtado\/\" \/>\n<meta property=\"og:site_name\" content=\"Innovaci\u00f3n Ingenier\u00eda\" \/>\n<meta property=\"article:modified_time\" content=\"2020-09-23T15:01:12+00:00\" \/>\n<meta property=\"og:image\" content=\"https:\/\/ingenieria.udd.cl\/ii\/files\/2020\/04\/whatsapp-image-2020-04-24-at-19.19.59-2-1024x768.jpeg\" \/>\n<meta name=\"twitter:card\" content=\"summary_large_image\" \/>\n<meta name=\"twitter:label1\" content=\"Tiempo de lectura\" \/>\n\t<meta name=\"twitter:data1\" content=\"1 minuto\" \/>\n<script type=\"application\/ld+json\" class=\"yoast-schema-graph\">{\"@context\":\"https:\/\/schema.org\",\"@graph\":[{\"@type\":\"WebPage\",\"@id\":\"https:\/\/ingenieria.udd.cl\/ii\/covid\/innovacion-de-la-facultad-de-ingenieria-dona-protectores-faciales-a-hospital-padre-hurtado\/\",\"url\":\"https:\/\/ingenieria.udd.cl\/ii\/covid\/innovacion-de-la-facultad-de-ingenieria-dona-protectores-faciales-a-hospital-padre-hurtado\/\",\"name\":\"Protectores Faciales - Innovaci\u00f3n Ingenier\u00eda\",\"isPartOf\":{\"@id\":\"https:\/\/ingenieria.udd.cl\/ii\/#website\"},\"primaryImageOfPage\":{\"@id\":\"https:\/\/ingenieria.udd.cl\/ii\/covid\/innovacion-de-la-facultad-de-ingenieria-dona-protectores-faciales-a-hospital-padre-hurtado\/#primaryimage\"},\"image\":{\"@id\":\"https:\/\/ingenieria.udd.cl\/ii\/covid\/innovacion-de-la-facultad-de-ingenieria-dona-protectores-faciales-a-hospital-padre-hurtado\/#primaryimage\"},\"thumbnailUrl\":\"https:\/\/ingenieria.udd.cl\/ii\/files\/2020\/04\/whatsapp-image-2020-04-24-at-19.19.59-2-1024x768.jpeg\",\"datePublished\":\"2020-04-25T00:36:22+00:00\",\"dateModified\":\"2020-09-23T15:01:12+00:00\",\"breadcrumb\":{\"@id\":\"https:\/\/ingenieria.udd.cl\/ii\/covid\/innovacion-de-la-facultad-de-ingenieria-dona-protectores-faciales-a-hospital-padre-hurtado\/#breadcrumb\"},\"inLanguage\":\"es\",\"potentialAction\":[{\"@type\":\"ReadAction\",\"target\":[\"https:\/\/ingenieria.udd.cl\/ii\/covid\/innovacion-de-la-facultad-de-ingenieria-dona-protectores-faciales-a-hospital-padre-hurtado\/\"]}]},{\"@type\":\"ImageObject\",\"inLanguage\":\"es\",\"@id\":\"https:\/\/ingenieria.udd.cl\/ii\/covid\/innovacion-de-la-facultad-de-ingenieria-dona-protectores-faciales-a-hospital-padre-hurtado\/#primaryimage\",\"url\":\"https:\/\/ingenieria.udd.cl\/ii\/files\/2020\/04\/whatsapp-image-2020-04-24-at-19.19.59-2-1024x768.jpeg\",\"contentUrl\":\"https:\/\/ingenieria.udd.cl\/ii\/files\/2020\/04\/whatsapp-image-2020-04-24-at-19.19.59-2-1024x768.jpeg\"},{\"@type\":\"BreadcrumbList\",\"@id\":\"https:\/\/ingenieria.udd.cl\/ii\/covid\/innovacion-de-la-facultad-de-ingenieria-dona-protectores-faciales-a-hospital-padre-hurtado\/#breadcrumb\",\"itemListElement\":[{\"@type\":\"ListItem\",\"position\":1,\"name\":\"Portada\",\"item\":\"https:\/\/ingenieria.udd.cl\/ii\/\"},{\"@type\":\"ListItem\",\"position\":2,\"name\":\"La Direcci\u00f3n de Innovaci\u00f3n frente al COVID-19\",\"item\":\"https:\/\/ingenieria.udd.cl\/ii\/covid\/\"},{\"@type\":\"ListItem\",\"position\":3,\"name\":\"Protectores Faciales\"}]},{\"@type\":\"WebSite\",\"@id\":\"https:\/\/ingenieria.udd.cl\/ii\/#website\",\"url\":\"https:\/\/ingenieria.udd.cl\/ii\/\",\"name\":\"Innovaci\u00f3n Ingenier\u00eda\",\"description\":\"Otro sitio m\u00e1s de Ingenieria\",\"inLanguage\":\"es\"}]}<\/script>\n<!-- \/ Yoast SEO plugin. -->","yoast_head_json":{"title":"Protectores Faciales - Innovaci\u00f3n Ingenier\u00eda","robots":{"index":"index","follow":"follow","max-snippet":"max-snippet:-1","max-image-preview":"max-image-preview:large","max-video-preview":"max-video-preview:-1"},"canonical":"https:\/\/ingenieria.udd.cl\/ii\/covid\/innovacion-de-la-facultad-de-ingenieria-dona-protectores-faciales-a-hospital-padre-hurtado\/","og_locale":"es_ES","og_type":"article","og_title":"Protectores Faciales - Innovaci\u00f3n Ingenier\u00eda","og_description":"Junto a la Facultad de Medicina de la UDD y TresDP, se ha trabajado en la preparaci\u00f3n de un modelo de protector facial tipo visera, usando impresi\u00f3n 3D. Se ha realizado la fase de testeo con los primeros 50 protectores faciales. Estos protectores son el resultado tras la prueba de 42 dise\u00f1os diferentes para alcanzar [&hellip;]","og_url":"https:\/\/ingenieria.udd.cl\/ii\/covid\/innovacion-de-la-facultad-de-ingenieria-dona-protectores-faciales-a-hospital-padre-hurtado\/","og_site_name":"Innovaci\u00f3n Ingenier\u00eda","article_modified_time":"2020-09-23T15:01:12+00:00","og_image":[{"url":"https:\/\/ingenieria.udd.cl\/ii\/files\/2020\/04\/whatsapp-image-2020-04-24-at-19.19.59-2-1024x768.jpeg","type":"","width":"","height":""}],"twitter_card":"summary_large_image","twitter_misc":{"Tiempo de lectura":"1 minuto"},"schema":{"@context":"https:\/\/schema.org","@graph":[{"@type":"WebPage","@id":"https:\/\/ingenieria.udd.cl\/ii\/covid\/innovacion-de-la-facultad-de-ingenieria-dona-protectores-faciales-a-hospital-padre-hurtado\/","url":"https:\/\/ingenieria.udd.cl\/ii\/covid\/innovacion-de-la-facultad-de-ingenieria-dona-protectores-faciales-a-hospital-padre-hurtado\/","name":"Protectores Faciales - Innovaci\u00f3n Ingenier\u00eda","isPartOf":{"@id":"https:\/\/ingenieria.udd.cl\/ii\/#website"},"primaryImageOfPage":{"@id":"https:\/\/ingenieria.udd.cl\/ii\/covid\/innovacion-de-la-facultad-de-ingenieria-dona-protectores-faciales-a-hospital-padre-hurtado\/#primaryimage"},"image":{"@id":"https:\/\/ingenieria.udd.cl\/ii\/covid\/innovacion-de-la-facultad-de-ingenieria-dona-protectores-faciales-a-hospital-padre-hurtado\/#primaryimage"},"thumbnailUrl":"https:\/\/ingenieria.udd.cl\/ii\/files\/2020\/04\/whatsapp-image-2020-04-24-at-19.19.59-2-1024x768.jpeg","datePublished":"2020-04-25T00:36:22+00:00","dateModified":"2020-09-23T15:01:12+00:00","breadcrumb":{"@id":"https:\/\/ingenieria.udd.cl\/ii\/covid\/innovacion-de-la-facultad-de-ingenieria-dona-protectores-faciales-a-hospital-padre-hurtado\/#breadcrumb"},"inLanguage":"es","potentialAction":[{"@type":"ReadAction","target":["https:\/\/ingenieria.udd.cl\/ii\/covid\/innovacion-de-la-facultad-de-ingenieria-dona-protectores-faciales-a-hospital-padre-hurtado\/"]}]},{"@type":"ImageObject","inLanguage":"es","@id":"https:\/\/ingenieria.udd.cl\/ii\/covid\/innovacion-de-la-facultad-de-ingenieria-dona-protectores-faciales-a-hospital-padre-hurtado\/#primaryimage","url":"https:\/\/ingenieria.udd.cl\/ii\/files\/2020\/04\/whatsapp-image-2020-04-24-at-19.19.59-2-1024x768.jpeg","contentUrl":"https:\/\/ingenieria.udd.cl\/ii\/files\/2020\/04\/whatsapp-image-2020-04-24-at-19.19.59-2-1024x768.jpeg"},{"@type":"BreadcrumbList","@id":"https:\/\/ingenieria.udd.cl\/ii\/covid\/innovacion-de-la-facultad-de-ingenieria-dona-protectores-faciales-a-hospital-padre-hurtado\/#breadcrumb","itemListElement":[{"@type":"ListItem","position":1,"name":"Portada","item":"https:\/\/ingenieria.udd.cl\/ii\/"},{"@type":"ListItem","position":2,"name":"La Direcci\u00f3n de Innovaci\u00f3n frente al COVID-19","item":"https:\/\/ingenieria.udd.cl\/ii\/covid\/"},{"@type":"ListItem","position":3,"name":"Protectores Faciales"}]},{"@type":"WebSite","@id":"https:\/\/ingenieria.udd.cl\/ii\/#website","url":"https:\/\/ingenieria.udd.cl\/ii\/","name":"Innovaci\u00f3n Ingenier\u00eda","description":"Otro sitio m\u00e1s de Ingenieria","inLanguage":"es"}]}},"_links":{"self":[{"href":"https:\/\/ingenieria.udd.cl\/ii\/wp-json\/wp\/v2\/pages\/771","targetHints":{"allow":["GET"]}}],"collection":[{"href":"https:\/\/ingenieria.udd.cl\/ii\/wp-json\/wp\/v2\/pages"}],"about":[{"href":"https:\/\/ingenieria.udd.cl\/ii\/wp-json\/wp\/v2\/types\/page"}],"author":[{"embeddable":true,"href":"https:\/\/ingenieria.udd.cl\/ii\/wp-json\/wp\/v2\/users\/9192225"}],"replies":[{"embeddable":true,"href":"https:\/\/ingenieria.udd.cl\/ii\/wp-json\/wp\/v2\/comments?post=771"}],"version-history":[{"count":1,"href":"https:\/\/ingenieria.udd.cl\/ii\/wp-json\/wp\/v2\/pages\/771\/revisions"}],"predecessor-version":[{"id":1451,"href":"https:\/\/ingenieria.udd.cl\/ii\/wp-json\/wp\/v2\/pages\/771\/revisions\/1451"}],"up":[{"embeddable":true,"href":"https:\/\/ingenieria.udd.cl\/ii\/wp-json\/wp\/v2\/pages\/677"}],"wp:attachment":[{"href":"https:\/\/ingenieria.udd.cl\/ii\/wp-json\/wp\/v2\/media?parent=771"}],"curies":[{"name":"wp","href":"https:\/\/api.w.org\/{rel}","templated":true}]}}