{"id":823,"date":"2020-04-30T16:42:18","date_gmt":"2020-04-30T16:42:18","guid":{"rendered":"https:\/\/ii.udd.cl\/?page_id=823"},"modified":"2020-04-30T16:42:18","modified_gmt":"2020-04-30T16:42:18","slug":"noticias-2","status":"publish","type":"page","link":"https:\/\/ingenieria.udd.cl\/ii\/noticias-2\/","title":{"rendered":"Noticias Direcci\u00f3n de Innovaci\u00f3n"},"content":{"rendered":"<!-- WP Block: UDD - Fullwidth Cards - Core Values -->\n<section class=\"wp-block-udd-fullwidth-cards--core-values\">\n\t<div class=\"container\">\n\t\t<header class=\"block__header\">\n\t\t\t<h2 class=\"block__title\">Noticias<\/h2>\n\t\t\t\t\t\t<a href=\"https:\/\/ingenieria.udd.cl\/ii\/categoria\/noticias-fondos\/\" class=\"block__view-more\">\n\t\t\t\tVer m\u00e1s noticias\t\t\t<\/a>\n\t\t\t\t\t<\/header>\n\t\t<div class=\"block__content\">\n\t\t\t<div class=\"fullwidth-cards fullwidth-card--two-lines \">\n\t\t\t\t\t\t\t\t<div class=\"fullwidth-card-wrapper\">\n\t\t\t\t\t\t<a href=\"https:\/\/ingenieria.udd.cl\/ii\/2021\/06\/04\/reunion-de-investigacion-del-centro-c-dio-a-conocer-dos-proyectos-de-transferencia-tecnologica-que-postulan-a-fondos-icono\/\" class=\"fullwidth-card fullwidth-card--linkable\">\n\t\t\t\t\t\t\t<img loading=\"lazy\" decoding=\"async\" width=\"500\" height=\"500\" src=\"https:\/\/ingenieria.udd.cl\/ii\/files\/2021\/06\/Captura-de-Pantalla-2021-06-04-a-las-10.42.38-62x62.png\" class=\"fullwidth-card__image wp-post-image lazyload\" alt=\"\" sizes=\"auto, (max-width: 500px) 100vw, 500px\" data-src=\"https:\/\/ingenieria.udd.cl\/ii\/files\/2021\/06\/Captura-de-Pantalla-2021-06-04-a-las-10.42.38-500x500.png\" data-srcset=\"https:\/\/ingenieria.udd.cl\/ii\/files\/2021\/06\/Captura-de-Pantalla-2021-06-04-a-las-10.42.38-500x500.png 500w, https:\/\/ingenieria.udd.cl\/ii\/files\/2021\/06\/Captura-de-Pantalla-2021-06-04-a-las-10.42.38-150x150.png 150w, https:\/\/ingenieria.udd.cl\/ii\/files\/2021\/06\/Captura-de-Pantalla-2021-06-04-a-las-10.42.38-62x62.png 62w, https:\/\/ingenieria.udd.cl\/ii\/files\/2021\/06\/Captura-de-Pantalla-2021-06-04-a-las-10.42.38-750x750.png 750w, https:\/\/ingenieria.udd.cl\/ii\/files\/2021\/06\/Captura-de-Pantalla-2021-06-04-a-las-10.42.38-250x250.png 250w, https:\/\/ingenieria.udd.cl\/ii\/files\/2021\/06\/Captura-de-Pantalla-2021-06-04-a-las-10.42.38-126x126.png 126w\" \/>\t\t\t\t\t\t\t<div class=\"fullwidth-card__content\">\n\t\t\t\t\t\t\t\t<span class=\"fullwidth-card__date\">\n\t\t\t\t\t\t\t\t\t4 de junio 2021\t\t\t\t\t\t\t\t<\/span>\n\t\t\t\t\t\t\t\t<h3 class=\"fullwidth-card__title\">Reuni\u00f3n de Investigaci\u00f3n del Centro C+ dio a conocer dos proyectos de transferencia tecnol\u00f3gica que postulan a fondos \u00cdcono<\/h3>\n\t\t\t\t\t\t\t\t<span class=\"fullwidth-card__link\">\n\t\t\t\t\t\t\t\t\tConocer m\u00e1s\t\t\t\t\t\t\t\t<\/span>\n\t\t\t\t\t\t\t<\/div>\n\t\t\t\t\t\t<\/a>\n\t\t\t\t\t<\/div>\n\t\t\t\t\t\t\t\t\t\t<div class=\"fullwidth-card-wrapper\">\n\t\t\t\t\t\t<a href=\"https:\/\/ingenieria.udd.cl\/ii\/2021\/05\/04\/direccion-de-innovacion-de-la-facultad-de-ingenieria-udd-lanzara-laboratorio-tecnologico-para-la-competitividad\/\" class=\"fullwidth-card fullwidth-card--linkable\">\n\t\t\t\t\t\t\t<img loading=\"lazy\" decoding=\"async\" width=\"500\" height=\"500\" src=\"https:\/\/ingenieria.udd.cl\/ii\/files\/2021\/05\/WhatsApp-Image-2021-05-04-at-17.14.07-62x62.jpeg\" class=\"fullwidth-card__image wp-post-image lazyload\" alt=\"\" sizes=\"auto, (max-width: 500px) 100vw, 500px\" data-src=\"https:\/\/ingenieria.udd.cl\/ii\/files\/2021\/05\/WhatsApp-Image-2021-05-04-at-17.14.07-500x500.jpeg\" data-srcset=\"https:\/\/ingenieria.udd.cl\/ii\/files\/2021\/05\/WhatsApp-Image-2021-05-04-at-17.14.07-500x500.jpeg 500w, https:\/\/ingenieria.udd.cl\/ii\/files\/2021\/05\/WhatsApp-Image-2021-05-04-at-17.14.07-150x150.jpeg 150w, https:\/\/ingenieria.udd.cl\/ii\/files\/2021\/05\/WhatsApp-Image-2021-05-04-at-17.14.07-62x62.jpeg 62w, https:\/\/ingenieria.udd.cl\/ii\/files\/2021\/05\/WhatsApp-Image-2021-05-04-at-17.14.07-250x250.jpeg 250w, https:\/\/ingenieria.udd.cl\/ii\/files\/2021\/05\/WhatsApp-Image-2021-05-04-at-17.14.07-126x126.jpeg 126w\" \/>\t\t\t\t\t\t\t<div class=\"fullwidth-card__content\">\n\t\t\t\t\t\t\t\t<span class=\"fullwidth-card__date\">\n\t\t\t\t\t\t\t\t\t4 de mayo 2021\t\t\t\t\t\t\t\t<\/span>\n\t\t\t\t\t\t\t\t<h3 class=\"fullwidth-card__title\">Direcci\u00f3n de Innovaci\u00f3n de la Facultad de Ingenier\u00eda UDD lanzar\u00e1 Laboratorio Tecnol\u00f3gico para la Competitividad<\/h3>\n\t\t\t\t\t\t\t\t<span class=\"fullwidth-card__link\">\n\t\t\t\t\t\t\t\t\tConocer m\u00e1s\t\t\t\t\t\t\t\t<\/span>\n\t\t\t\t\t\t\t<\/div>\n\t\t\t\t\t\t<\/a>\n\t\t\t\t\t<\/div>\n\t\t\t\t\t\t\t\t\t\t<div class=\"fullwidth-card-wrapper\">\n\t\t\t\t\t\t<a href=\"https:\/\/ingenieria.udd.cl\/ii\/2021\/04\/30\/centro-c-realizo-segunda-jornada-de-reuniones-de-investigacion-2021\/\" class=\"fullwidth-card fullwidth-card--linkable\">\n\t\t\t\t\t\t\t<img loading=\"lazy\" decoding=\"async\" width=\"500\" height=\"500\" src=\"https:\/\/ingenieria.udd.cl\/ii\/files\/2021\/04\/WhatsApp-Image-2021-04-30-at-10.48.29-62x62.jpeg\" class=\"fullwidth-card__image wp-post-image lazyload\" alt=\"\" sizes=\"auto, (max-width: 500px) 100vw, 500px\" data-src=\"https:\/\/ingenieria.udd.cl\/ii\/files\/2021\/04\/WhatsApp-Image-2021-04-30-at-10.48.29-500x500.jpeg\" data-srcset=\"https:\/\/ingenieria.udd.cl\/ii\/files\/2021\/04\/WhatsApp-Image-2021-04-30-at-10.48.29-500x500.jpeg 500w, https:\/\/ingenieria.udd.cl\/ii\/files\/2021\/04\/WhatsApp-Image-2021-04-30-at-10.48.29-150x150.jpeg 150w, https:\/\/ingenieria.udd.cl\/ii\/files\/2021\/04\/WhatsApp-Image-2021-04-30-at-10.48.29-62x62.jpeg 62w, https:\/\/ingenieria.udd.cl\/ii\/files\/2021\/04\/WhatsApp-Image-2021-04-30-at-10.48.29-250x250.jpeg 250w, https:\/\/ingenieria.udd.cl\/ii\/files\/2021\/04\/WhatsApp-Image-2021-04-30-at-10.48.29-126x126.jpeg 126w\" \/>\t\t\t\t\t\t\t<div class=\"fullwidth-card__content\">\n\t\t\t\t\t\t\t\t<span class=\"fullwidth-card__date\">\n\t\t\t\t\t\t\t\t\t30 de abril 2021\t\t\t\t\t\t\t\t<\/span>\n\t\t\t\t\t\t\t\t<h3 class=\"fullwidth-card__title\">Centro C+ realiz\u00f3 segunda jornada de Reuniones de Investigaci\u00f3n 2021<\/h3>\n\t\t\t\t\t\t\t\t<span class=\"fullwidth-card__link\">\n\t\t\t\t\t\t\t\t\tConocer m\u00e1s\t\t\t\t\t\t\t\t<\/span>\n\t\t\t\t\t\t\t<\/div>\n\t\t\t\t\t\t<\/a>\n\t\t\t\t\t<\/div>\n\t\t\t\t\t\t\t\t\t\t<div class=\"fullwidth-card-wrapper\">\n\t\t\t\t\t\t<a href=\"https:\/\/ingenieria.udd.cl\/ii\/2021\/04\/30\/centro-c-inicio-ciclo-de-reuniones-de-investigacion-2021\/\" class=\"fullwidth-card fullwidth-card--linkable\">\n\t\t\t\t\t\t\t<img loading=\"lazy\" decoding=\"async\" width=\"500\" height=\"500\" src=\"https:\/\/ingenieria.udd.cl\/ii\/files\/2021\/04\/Captura-de-Pantalla-2021-04-23-a-las-10.41.39-62x62.png\" class=\"fullwidth-card__image wp-post-image lazyload\" alt=\"\" sizes=\"auto, (max-width: 500px) 100vw, 500px\" data-src=\"https:\/\/ingenieria.udd.cl\/ii\/files\/2021\/04\/Captura-de-Pantalla-2021-04-23-a-las-10.41.39-500x500.png\" data-srcset=\"https:\/\/ingenieria.udd.cl\/ii\/files\/2021\/04\/Captura-de-Pantalla-2021-04-23-a-las-10.41.39-500x500.png 500w, https:\/\/ingenieria.udd.cl\/ii\/files\/2021\/04\/Captura-de-Pantalla-2021-04-23-a-las-10.41.39-150x150.png 150w, https:\/\/ingenieria.udd.cl\/ii\/files\/2021\/04\/Captura-de-Pantalla-2021-04-23-a-las-10.41.39-62x62.png 62w, https:\/\/ingenieria.udd.cl\/ii\/files\/2021\/04\/Captura-de-Pantalla-2021-04-23-a-las-10.41.39-750x750.png 750w, https:\/\/ingenieria.udd.cl\/ii\/files\/2021\/04\/Captura-de-Pantalla-2021-04-23-a-las-10.41.39-250x250.png 250w, https:\/\/ingenieria.udd.cl\/ii\/files\/2021\/04\/Captura-de-Pantalla-2021-04-23-a-las-10.41.39-126x126.png 126w\" \/>\t\t\t\t\t\t\t<div class=\"fullwidth-card__content\">\n\t\t\t\t\t\t\t\t<span class=\"fullwidth-card__date\">\n\t\t\t\t\t\t\t\t\t30 de abril 2021\t\t\t\t\t\t\t\t<\/span>\n\t\t\t\t\t\t\t\t<h3 class=\"fullwidth-card__title\">Centro C+ inici\u00f3 ciclo de Reuniones de Investigaci\u00f3n 2021<\/h3>\n\t\t\t\t\t\t\t\t<span class=\"fullwidth-card__link\">\n\t\t\t\t\t\t\t\t\tConocer m\u00e1s\t\t\t\t\t\t\t\t<\/span>\n\t\t\t\t\t\t\t<\/div>\n\t\t\t\t\t\t<\/a>\n\t\t\t\t\t<\/div>\n\t\t\t\t\t\t\t\t\t\t<div class=\"fullwidth-card-wrapper\">\n\t\t\t\t\t\t<a href=\"https:\/\/ingenieria.udd.cl\/ii\/2021\/03\/04\/facultad-de-ingenieria-udd-invita-a-estudiantes-y-emprendedores-del-maule-a-desarrollar-su-propia-app\/\" class=\"fullwidth-card fullwidth-card--linkable\">\n\t\t\t\t\t\t\t<img loading=\"lazy\" decoding=\"async\" width=\"500\" height=\"500\" src=\"https:\/\/ingenieria.udd.cl\/ii\/files\/2021\/03\/Post-Apprender-62x62.png\" class=\"fullwidth-card__image wp-post-image lazyload\" alt=\"\" sizes=\"auto, (max-width: 500px) 100vw, 500px\" data-src=\"https:\/\/ingenieria.udd.cl\/ii\/files\/2021\/03\/Post-Apprender-500x500.png\" data-srcset=\"https:\/\/ingenieria.udd.cl\/ii\/files\/2021\/03\/Post-Apprender-500x500.png 500w, https:\/\/ingenieria.udd.cl\/ii\/files\/2021\/03\/Post-Apprender-300x300.png 300w, https:\/\/ingenieria.udd.cl\/ii\/files\/2021\/03\/Post-Apprender-1024x1024.png 1024w, https:\/\/ingenieria.udd.cl\/ii\/files\/2021\/03\/Post-Apprender-150x150.png 150w, https:\/\/ingenieria.udd.cl\/ii\/files\/2021\/03\/Post-Apprender-768x768.png 768w, https:\/\/ingenieria.udd.cl\/ii\/files\/2021\/03\/Post-Apprender-62x62.png 62w, https:\/\/ingenieria.udd.cl\/ii\/files\/2021\/03\/Post-Apprender-750x750.png 750w, https:\/\/ingenieria.udd.cl\/ii\/files\/2021\/03\/Post-Apprender-250x250.png 250w, https:\/\/ingenieria.udd.cl\/ii\/files\/2021\/03\/Post-Apprender-126x126.png 126w, https:\/\/ingenieria.udd.cl\/ii\/files\/2021\/03\/Post-Apprender.png 1080w\" \/>\t\t\t\t\t\t\t<div class=\"fullwidth-card__content\">\n\t\t\t\t\t\t\t\t<span class=\"fullwidth-card__date\">\n\t\t\t\t\t\t\t\t\t4 de marzo 2021\t\t\t\t\t\t\t\t<\/span>\n\t\t\t\t\t\t\t\t<h3 class=\"fullwidth-card__title\">Facultad de Ingenier\u00eda UDD invita a estudiantes y emprendedores del Maule a desarrollar su propia app<\/h3>\n\t\t\t\t\t\t\t\t<span class=\"fullwidth-card__link\">\n\t\t\t\t\t\t\t\t\tConocer m\u00e1s\t\t\t\t\t\t\t\t<\/span>\n\t\t\t\t\t\t\t<\/div>\n\t\t\t\t\t\t<\/a>\n\t\t\t\t\t<\/div>\n\t\t\t\t\t\t\t\t\t\t<div class=\"fullwidth-card-wrapper\">\n\t\t\t\t\t\t<a href=\"https:\/\/ingenieria.udd.cl\/ii\/2020\/11\/12\/direccion-de-innovacion-y-desarrollo-se-adjudica-historico-fondequip\/\" class=\"fullwidth-card fullwidth-card--linkable\">\n\t\t\t\t\t\t\t<img loading=\"lazy\" decoding=\"async\" width=\"500\" height=\"500\" src=\"https:\/\/ingenieria.udd.cl\/ii\/files\/2020\/11\/Captura-de-Pantalla-2020-11-12-a-las-10.43.25-62x62.png\" class=\"fullwidth-card__image wp-post-image lazyload\" alt=\"\" sizes=\"auto, (max-width: 500px) 100vw, 500px\" data-src=\"https:\/\/ingenieria.udd.cl\/ii\/files\/2020\/11\/Captura-de-Pantalla-2020-11-12-a-las-10.43.25-500x500.png\" data-srcset=\"https:\/\/ingenieria.udd.cl\/ii\/files\/2020\/11\/Captura-de-Pantalla-2020-11-12-a-las-10.43.25-500x500.png 500w, https:\/\/ingenieria.udd.cl\/ii\/files\/2020\/11\/Captura-de-Pantalla-2020-11-12-a-las-10.43.25-150x150.png 150w, https:\/\/ingenieria.udd.cl\/ii\/files\/2020\/11\/Captura-de-Pantalla-2020-11-12-a-las-10.43.25-62x62.png 62w, https:\/\/ingenieria.udd.cl\/ii\/files\/2020\/11\/Captura-de-Pantalla-2020-11-12-a-las-10.43.25-250x250.png 250w, https:\/\/ingenieria.udd.cl\/ii\/files\/2020\/11\/Captura-de-Pantalla-2020-11-12-a-las-10.43.25-126x126.png 126w\" \/>\t\t\t\t\t\t\t<div class=\"fullwidth-card__content\">\n\t\t\t\t\t\t\t\t<span class=\"fullwidth-card__date\">\n\t\t\t\t\t\t\t\t\t12 de noviembre 2020\t\t\t\t\t\t\t\t<\/span>\n\t\t\t\t\t\t\t\t<h3 class=\"fullwidth-card__title\">Direcci\u00f3n de Innovaci\u00f3n y Desarrollo se adjudica hist\u00f3rico FONDEQUIP<\/h3>\n\t\t\t\t\t\t\t\t<span class=\"fullwidth-card__link\">\n\t\t\t\t\t\t\t\t\tConocer m\u00e1s\t\t\t\t\t\t\t\t<\/span>\n\t\t\t\t\t\t\t<\/div>\n\t\t\t\t\t\t<\/a>\n\t\t\t\t\t<\/div>\n\t\t\t\t\t\t\t\t\t\t<div class=\"fullwidth-card-wrapper\">\n\t\t\t\t\t\t<a href=\"https:\/\/ingenieria.udd.cl\/ii\/2020\/07\/31\/proyecto-udd-expone-en-conferencia-internacional-de-laccei\/\" class=\"fullwidth-card fullwidth-card--linkable\">\n\t\t\t\t\t\t\t<img loading=\"lazy\" decoding=\"async\" width=\"500\" height=\"500\" src=\"https:\/\/ingenieria.udd.cl\/ii\/files\/2020\/07\/imagen-31-07-20-a-las-11.30-1-62x62.jpg\" class=\"fullwidth-card__image wp-post-image lazyload\" alt=\"\" sizes=\"auto, (max-width: 500px) 100vw, 500px\" data-src=\"https:\/\/ingenieria.udd.cl\/ii\/files\/2020\/07\/imagen-31-07-20-a-las-11.30-1-500x500.jpg\" data-srcset=\"https:\/\/ingenieria.udd.cl\/ii\/files\/2020\/07\/imagen-31-07-20-a-las-11.30-1-500x500.jpg 500w, https:\/\/ingenieria.udd.cl\/ii\/files\/2020\/07\/imagen-31-07-20-a-las-11.30-1-150x150.jpg 150w, https:\/\/ingenieria.udd.cl\/ii\/files\/2020\/07\/imagen-31-07-20-a-las-11.30-1-62x62.jpg 62w, https:\/\/ingenieria.udd.cl\/ii\/files\/2020\/07\/imagen-31-07-20-a-las-11.30-1-250x250.jpg 250w, https:\/\/ingenieria.udd.cl\/ii\/files\/2020\/07\/imagen-31-07-20-a-las-11.30-1-126x126.jpg 126w\" \/>\t\t\t\t\t\t\t<div class=\"fullwidth-card__content\">\n\t\t\t\t\t\t\t\t<span class=\"fullwidth-card__date\">\n\t\t\t\t\t\t\t\t\t31 de julio 2020\t\t\t\t\t\t\t\t<\/span>\n\t\t\t\t\t\t\t\t<h3 class=\"fullwidth-card__title\">Proyecto UDD expone en Conferencia Internacional de LACCEI<\/h3>\n\t\t\t\t\t\t\t\t<span class=\"fullwidth-card__link\">\n\t\t\t\t\t\t\t\t\tConocer m\u00e1s\t\t\t\t\t\t\t\t<\/span>\n\t\t\t\t\t\t\t<\/div>\n\t\t\t\t\t\t<\/a>\n\t\t\t\t\t<\/div>\n\t\t\t\t\t\t\t\t\t\t<div class=\"fullwidth-card-wrapper\">\n\t\t\t\t\t\t<a href=\"https:\/\/ingenieria.udd.cl\/ii\/2020\/07\/09\/proyecto-ingenieriaudd-y-smi-chile-gana-concurso-de-minera-bhp\/\" class=\"fullwidth-card fullwidth-card--linkable\">\n\t\t\t\t\t\t\t<img loading=\"lazy\" decoding=\"async\" width=\"500\" height=\"500\" src=\"https:\/\/ingenieria.udd.cl\/ii\/files\/2020\/07\/captura-de-pantalla-2020-07-07-a-las-17.52.59-62x62.png\" class=\"fullwidth-card__image wp-post-image lazyload\" alt=\"\" sizes=\"auto, (max-width: 500px) 100vw, 500px\" data-src=\"https:\/\/ingenieria.udd.cl\/ii\/files\/2020\/07\/captura-de-pantalla-2020-07-07-a-las-17.52.59-500x500.png\" data-srcset=\"https:\/\/ingenieria.udd.cl\/ii\/files\/2020\/07\/captura-de-pantalla-2020-07-07-a-las-17.52.59-500x500.png 500w, https:\/\/ingenieria.udd.cl\/ii\/files\/2020\/07\/captura-de-pantalla-2020-07-07-a-las-17.52.59-150x150.png 150w, https:\/\/ingenieria.udd.cl\/ii\/files\/2020\/07\/captura-de-pantalla-2020-07-07-a-las-17.52.59-62x62.png 62w, https:\/\/ingenieria.udd.cl\/ii\/files\/2020\/07\/captura-de-pantalla-2020-07-07-a-las-17.52.59-750x750.png 750w, https:\/\/ingenieria.udd.cl\/ii\/files\/2020\/07\/captura-de-pantalla-2020-07-07-a-las-17.52.59-250x250.png 250w, https:\/\/ingenieria.udd.cl\/ii\/files\/2020\/07\/captura-de-pantalla-2020-07-07-a-las-17.52.59-126x126.png 126w\" \/>\t\t\t\t\t\t\t<div class=\"fullwidth-card__content\">\n\t\t\t\t\t\t\t\t<span class=\"fullwidth-card__date\">\n\t\t\t\t\t\t\t\t\t9 de julio 2020\t\t\t\t\t\t\t\t<\/span>\n\t\t\t\t\t\t\t\t<h3 class=\"fullwidth-card__title\">Proyecto Ingenier\u00edaUDD y SMI Chile gana concurso de Minera BHP<\/h3>\n\t\t\t\t\t\t\t\t<span class=\"fullwidth-card__link\">\n\t\t\t\t\t\t\t\t\tConocer m\u00e1s\t\t\t\t\t\t\t\t<\/span>\n\t\t\t\t\t\t\t<\/div>\n\t\t\t\t\t\t<\/a>\n\t\t\t\t\t<\/div>\n\t\t\t\t\t\t\t\t\t\t<div class=\"fullwidth-card-wrapper\">\n\t\t\t\t\t\t<a href=\"https:\/\/ingenieria.udd.cl\/ii\/2020\/04\/30\/equipo-de-realidad-de-virtual-de-la-direccion-de-innovacion-se-adjudica-fondo-sumate-a-innovar-de-corfo\/\" class=\"fullwidth-card fullwidth-card--linkable\">\n\t\t\t\t\t\t\t<img loading=\"lazy\" decoding=\"async\" width=\"500\" height=\"500\" src=\"https:\/\/ingenieria.udd.cl\/ii\/files\/2020\/04\/dsc_2359-scaled-1-62x62.jpg\" class=\"fullwidth-card__image wp-post-image lazyload\" alt=\"\" sizes=\"auto, (max-width: 500px) 100vw, 500px\" data-src=\"https:\/\/ingenieria.udd.cl\/ii\/files\/2020\/04\/dsc_2359-scaled-1-500x500.jpg\" data-srcset=\"https:\/\/ingenieria.udd.cl\/ii\/files\/2020\/04\/dsc_2359-scaled-1-500x500.jpg 500w, https:\/\/ingenieria.udd.cl\/ii\/files\/2020\/04\/dsc_2359-scaled-1-150x150.jpg 150w, https:\/\/ingenieria.udd.cl\/ii\/files\/2020\/04\/dsc_2359-scaled-1-62x62.jpg 62w, https:\/\/ingenieria.udd.cl\/ii\/files\/2020\/04\/dsc_2359-scaled-1-750x750.jpg 750w, https:\/\/ingenieria.udd.cl\/ii\/files\/2020\/04\/dsc_2359-scaled-1-250x250.jpg 250w, https:\/\/ingenieria.udd.cl\/ii\/files\/2020\/04\/dsc_2359-scaled-1-126x126.jpg 126w\" \/>\t\t\t\t\t\t\t<div class=\"fullwidth-card__content\">\n\t\t\t\t\t\t\t\t<span class=\"fullwidth-card__date\">\n\t\t\t\t\t\t\t\t\t30 de abril 2020\t\t\t\t\t\t\t\t<\/span>\n\t\t\t\t\t\t\t\t<h3 class=\"fullwidth-card__title\">Laboratorio de Realidades Extendidas se adjudica fondo CORFO para desarrollo de simulador de cirug\u00eda<\/h3>\n\t\t\t\t\t\t\t\t<span class=\"fullwidth-card__link\">\n\t\t\t\t\t\t\t\t\tConocer m\u00e1s\t\t\t\t\t\t\t\t<\/span>\n\t\t\t\t\t\t\t<\/div>\n\t\t\t\t\t\t<\/a>\n\t\t\t\t\t<\/div>\n\t\t\t\t\t\t\t\t<\/div>\n\t\t<\/div>\n\t<\/div>\n<\/section>\n","protected":false},"excerpt":{"rendered":"","protected":false},"author":9192225,"featured_media":0,"parent":0,"menu_order":0,"comment_status":"closed","ping_status":"closed","template":"","meta":{"footnotes":""},"class_list":["post-823","page","type-page","status-publish","hentry"],"yoast_head":"<!-- This site is optimized with the Yoast SEO plugin v26.9 - https:\/\/yoast.com\/product\/yoast-seo-wordpress\/ -->\n<title>Noticias Direcci\u00f3n de Innovaci\u00f3n - Innovaci\u00f3n Ingenier\u00eda<\/title>\n<meta name=\"robots\" content=\"index, follow, max-snippet:-1, max-image-preview:large, max-video-preview:-1\" \/>\n<link rel=\"canonical\" href=\"https:\/\/ingenieria.udd.cl\/ii\/noticias-2\/\" \/>\n<meta property=\"og:locale\" content=\"es_ES\" \/>\n<meta property=\"og:type\" content=\"article\" \/>\n<meta property=\"og:title\" content=\"Noticias Direcci\u00f3n de Innovaci\u00f3n - Innovaci\u00f3n Ingenier\u00eda\" \/>\n<meta property=\"og:url\" content=\"https:\/\/ingenieria.udd.cl\/ii\/noticias-2\/\" \/>\n<meta property=\"og:site_name\" content=\"Innovaci\u00f3n Ingenier\u00eda\" \/>\n<meta name=\"twitter:card\" content=\"summary_large_image\" \/>\n<script type=\"application\/ld+json\" class=\"yoast-schema-graph\">{\"@context\":\"https:\/\/schema.org\",\"@graph\":[{\"@type\":\"WebPage\",\"@id\":\"https:\/\/ingenieria.udd.cl\/ii\/noticias-2\/\",\"url\":\"https:\/\/ingenieria.udd.cl\/ii\/noticias-2\/\",\"name\":\"Noticias Direcci\u00f3n de Innovaci\u00f3n - Innovaci\u00f3n Ingenier\u00eda\",\"isPartOf\":{\"@id\":\"https:\/\/ingenieria.udd.cl\/ii\/#website\"},\"datePublished\":\"2020-04-30T16:42:18+00:00\",\"breadcrumb\":{\"@id\":\"https:\/\/ingenieria.udd.cl\/ii\/noticias-2\/#breadcrumb\"},\"inLanguage\":\"es\",\"potentialAction\":[{\"@type\":\"ReadAction\",\"target\":[\"https:\/\/ingenieria.udd.cl\/ii\/noticias-2\/\"]}]},{\"@type\":\"BreadcrumbList\",\"@id\":\"https:\/\/ingenieria.udd.cl\/ii\/noticias-2\/#breadcrumb\",\"itemListElement\":[{\"@type\":\"ListItem\",\"position\":1,\"name\":\"Portada\",\"item\":\"https:\/\/ingenieria.udd.cl\/ii\/\"},{\"@type\":\"ListItem\",\"position\":2,\"name\":\"Noticias Direcci\u00f3n de Innovaci\u00f3n\"}]},{\"@type\":\"WebSite\",\"@id\":\"https:\/\/ingenieria.udd.cl\/ii\/#website\",\"url\":\"https:\/\/ingenieria.udd.cl\/ii\/\",\"name\":\"Innovaci\u00f3n Ingenier\u00eda\",\"description\":\"Otro sitio m\u00e1s de Ingenieria\",\"inLanguage\":\"es\"}]}<\/script>\n<!-- \/ Yoast SEO plugin. -->","yoast_head_json":{"title":"Noticias Direcci\u00f3n de Innovaci\u00f3n - Innovaci\u00f3n Ingenier\u00eda","robots":{"index":"index","follow":"follow","max-snippet":"max-snippet:-1","max-image-preview":"max-image-preview:large","max-video-preview":"max-video-preview:-1"},"canonical":"https:\/\/ingenieria.udd.cl\/ii\/noticias-2\/","og_locale":"es_ES","og_type":"article","og_title":"Noticias Direcci\u00f3n de Innovaci\u00f3n - Innovaci\u00f3n Ingenier\u00eda","og_url":"https:\/\/ingenieria.udd.cl\/ii\/noticias-2\/","og_site_name":"Innovaci\u00f3n Ingenier\u00eda","twitter_card":"summary_large_image","schema":{"@context":"https:\/\/schema.org","@graph":[{"@type":"WebPage","@id":"https:\/\/ingenieria.udd.cl\/ii\/noticias-2\/","url":"https:\/\/ingenieria.udd.cl\/ii\/noticias-2\/","name":"Noticias Direcci\u00f3n de Innovaci\u00f3n - Innovaci\u00f3n Ingenier\u00eda","isPartOf":{"@id":"https:\/\/ingenieria.udd.cl\/ii\/#website"},"datePublished":"2020-04-30T16:42:18+00:00","breadcrumb":{"@id":"https:\/\/ingenieria.udd.cl\/ii\/noticias-2\/#breadcrumb"},"inLanguage":"es","potentialAction":[{"@type":"ReadAction","target":["https:\/\/ingenieria.udd.cl\/ii\/noticias-2\/"]}]},{"@type":"BreadcrumbList","@id":"https:\/\/ingenieria.udd.cl\/ii\/noticias-2\/#breadcrumb","itemListElement":[{"@type":"ListItem","position":1,"name":"Portada","item":"https:\/\/ingenieria.udd.cl\/ii\/"},{"@type":"ListItem","position":2,"name":"Noticias Direcci\u00f3n de Innovaci\u00f3n"}]},{"@type":"WebSite","@id":"https:\/\/ingenieria.udd.cl\/ii\/#website","url":"https:\/\/ingenieria.udd.cl\/ii\/","name":"Innovaci\u00f3n Ingenier\u00eda","description":"Otro sitio m\u00e1s de Ingenieria","inLanguage":"es"}]}},"_links":{"self":[{"href":"https:\/\/ingenieria.udd.cl\/ii\/wp-json\/wp\/v2\/pages\/823","targetHints":{"allow":["GET"]}}],"collection":[{"href":"https:\/\/ingenieria.udd.cl\/ii\/wp-json\/wp\/v2\/pages"}],"about":[{"href":"https:\/\/ingenieria.udd.cl\/ii\/wp-json\/wp\/v2\/types\/page"}],"author":[{"embeddable":true,"href":"https:\/\/ingenieria.udd.cl\/ii\/wp-json\/wp\/v2\/users\/9192225"}],"replies":[{"embeddable":true,"href":"https:\/\/ingenieria.udd.cl\/ii\/wp-json\/wp\/v2\/comments?post=823"}],"version-history":[{"count":0,"href":"https:\/\/ingenieria.udd.cl\/ii\/wp-json\/wp\/v2\/pages\/823\/revisions"}],"wp:attachment":[{"href":"https:\/\/ingenieria.udd.cl\/ii\/wp-json\/wp\/v2\/media?parent=823"}],"curies":[{"name":"wp","href":"https:\/\/api.w.org\/{rel}","templated":true}]}}