{"id":853,"date":"2020-05-12T01:24:13","date_gmt":"2020-05-12T01:24:13","guid":{"rendered":"https:\/\/ii.udd.cl\/?page_id=853"},"modified":"2020-05-12T01:24:13","modified_gmt":"2020-05-12T01:24:13","slug":"laboratoriosantiago","status":"publish","type":"page","link":"https:\/\/ingenieria.udd.cl\/ii\/laboratoriosantiago\/","title":{"rendered":"Laboratorio de la Ciudad: Santiago"},"content":{"rendered":"<p class=\"wp-block-udd-button text-right\"><a class=\"btn btn-primary btn-lg\" href=\"https:\/\/ii.udd.cl\/capacitaciones-online\/\" data-url=\"https:\/\/ii.udd.cl\/capacitaciones-online\/\"><svg class=\"svg-external-dims\"><use xlink:href='https:\/\/ingenieria.udd.cl\/ii\/wp-content\/themes\/facultades-2018\/assets\/img\/svg\/dist\/main.svg?version=1695853099#external'><\/use><\/svg> CAPACITACIONES AQU\u00cd <\/a><\/p>\n\n\n<!-- WP Block: UDD - Content Gallery -->\n<section class=\"wp-block-udd-content-gallery\">\n\t<div class=\"content-gallery\">\n\t\t<main class=\"content-gallery__content\">\n\t\t\t<div class=\"content-gallery__content-inner\">\n\t\t\t\t<h2 class=\"block__title content-gallery__title\"><\/h2>\n\t\t\t\t<div class=\"text\">\n\t\t\t\t\t\n<p> El Laboratorio de la Ciudad de Santiago tiene por objetivo generar nuevas capacidades de desarrollo tecnol\u00f3gico para miembros del sector p\u00fablico, as\u00ed como otros miembros de la comunidad, permitiendo enfrentarse tanto a la reducci\u00f3n de brechas tecnol\u00f3gicas como habilitar nuevas herramientas para el desarrollo de proyectos de I+D+i aplicados a la ciudad. <\/p>\n\t\t\t\t<\/div>\n\t\t\t<\/div>\n\t\t<\/main>\n\t\t<aside class=\"content-gallery__media\">\n\t\t\t<div id=\"gallery-carousel-3c0d20dfeb\" class=\"carousel slide carousel-gallery\" data-ride=\"carousel\" data-interval=\"false\">\n\t\t\t\t<div class=\"carousel-inner\" role=\"listbox\">\n\t\t\t\t\t\t\t\t\t\t\t<div class=\"carousel-item active\">\n\t\t\t\t\t\t\t<img loading=\"lazy\" decoding=\"async\" width=\"1366\" height=\"768\" src=\"https:\/\/ingenieria.udd.cl\/ii\/files\/2020\/05\/img_3947-scaled-1-680x382.jpg\" class=\"content-gallery__media-image lazyload\" alt=\"\" sizes=\"auto, (max-width: 1366px) 100vw, 1366px\" data-src=\"https:\/\/ingenieria.udd.cl\/ii\/files\/2020\/05\/img_3947-scaled-1-1366x768.jpg\" data-srcset=\"https:\/\/ingenieria.udd.cl\/ii\/files\/2020\/05\/img_3947-scaled-1-1366x768.jpg 1366w, https:\/\/ingenieria.udd.cl\/ii\/files\/2020\/05\/img_3947-scaled-1-1920x1080.jpg 1920w, https:\/\/ingenieria.udd.cl\/ii\/files\/2020\/05\/img_3947-scaled-1-952x534.jpg 952w, https:\/\/ingenieria.udd.cl\/ii\/files\/2020\/05\/img_3947-scaled-1-680x382.jpg 680w\" \/>\t\t\t\t\t\t\t\t\t\t\t\t\t<\/div>\n\t\t\t\t\t\t\t\t\t\t\t<div class=\"carousel-item\">\n\t\t\t\t\t\t\t<img loading=\"lazy\" decoding=\"async\" width=\"1366\" height=\"768\" src=\"https:\/\/ingenieria.udd.cl\/ii\/files\/2020\/05\/img_3920-2-scaled-1-680x382.jpg\" class=\"content-gallery__media-image lazyload\" alt=\"\" sizes=\"auto, (max-width: 1366px) 100vw, 1366px\" data-src=\"https:\/\/ingenieria.udd.cl\/ii\/files\/2020\/05\/img_3920-2-scaled-1-1366x768.jpg\" data-srcset=\"https:\/\/ingenieria.udd.cl\/ii\/files\/2020\/05\/img_3920-2-scaled-1-1366x768.jpg 1366w, https:\/\/ingenieria.udd.cl\/ii\/files\/2020\/05\/img_3920-2-scaled-1-1920x1080.jpg 1920w, https:\/\/ingenieria.udd.cl\/ii\/files\/2020\/05\/img_3920-2-scaled-1-952x534.jpg 952w, https:\/\/ingenieria.udd.cl\/ii\/files\/2020\/05\/img_3920-2-scaled-1-680x382.jpg 680w\" \/>\t\t\t\t\t\t\t\t\t\t\t\t\t<\/div>\n\t\t\t\t\t\t\t\t\t\t\t<div class=\"carousel-item\">\n\t\t\t\t\t\t\t<img loading=\"lazy\" decoding=\"async\" width=\"1366\" height=\"768\" src=\"https:\/\/ingenieria.udd.cl\/ii\/files\/2020\/05\/img_3930-scaled-1-680x382.jpg\" class=\"content-gallery__media-image lazyload\" alt=\"\" sizes=\"auto, (max-width: 1366px) 100vw, 1366px\" data-src=\"https:\/\/ingenieria.udd.cl\/ii\/files\/2020\/05\/img_3930-scaled-1-1366x768.jpg\" data-srcset=\"https:\/\/ingenieria.udd.cl\/ii\/files\/2020\/05\/img_3930-scaled-1-1366x768.jpg 1366w, https:\/\/ingenieria.udd.cl\/ii\/files\/2020\/05\/img_3930-scaled-1-1920x1080.jpg 1920w, https:\/\/ingenieria.udd.cl\/ii\/files\/2020\/05\/img_3930-scaled-1-952x534.jpg 952w, https:\/\/ingenieria.udd.cl\/ii\/files\/2020\/05\/img_3930-scaled-1-680x382.jpg 680w\" \/>\t\t\t\t\t\t\t\t\t\t\t\t\t<\/div>\n\t\t\t\t\t\t\t\t\t<\/div>\n\t\t\t\t\t\t\t<footer class=\"carousel-footer\">\n\t\t\t\t\t<div class=\"carousel-counter\">\n\t\t\t\t\t\t<span class=\"carousel-counter-current\"><\/span> \/ <span class=\"carousel-counter-total\"><\/span>\n\t\t\t\t\t<\/div>\n\t\t\t\t\t<a class=\"carousel-control-prev\" href=\"#gallery-carousel-3c0d20dfeb\" role=\"button\" data-slide=\"prev\">\n\t\t\t\t\t\t<svg class=\"svg-chevron-left-dims\"><use xlink:href='https:\/\/ingenieria.udd.cl\/ii\/wp-content\/themes\/facultades-2018\/assets\/img\/svg\/dist\/main.svg?version=1695853099#chevron-left'><\/use><\/svg>\t\t\t\t\t\t<span class=\"sr-only\">Anterior<\/span>\n\t\t\t\t\t<\/a>\n\t\t\t\t\t<a class=\"carousel-control-next\" href=\"#gallery-carousel-3c0d20dfeb\" role=\"button\" data-slide=\"next\">\n\t\t\t\t\t\t<svg class=\"svg-chevron-right-dims\"><use xlink:href='https:\/\/ingenieria.udd.cl\/ii\/wp-content\/themes\/facultades-2018\/assets\/img\/svg\/dist\/main.svg?version=1695853099#chevron-right'><\/use><\/svg>\t\t\t\t\t\t<span class=\"sr-only\">Siguiente<\/span>\n\t\t\t\t\t<\/a>\n\t\t\t\t<\/footer>\n\t\t\t\t\t\t<\/div>\n\t\t<\/aside>\n\t<\/div>\n<\/section>\n\n\n\n<p style=\"font-size:43px\"><strong>INICIATIVAS<\/strong><\/p>\n\n\n<!-- WP Block: UDD - Banners Multiple -->\n<section class=\"wp-block-udd-banners-multiple \">\n\t<div class=\"container\">\n\t\t\t\t<div class=\"block__content\">\n\t\t\t<div id=\"udd-banners-multiple--1\"\n\t\t\t\t\t\t\t\t>\n\t\t\t\t\t\t\t\t<div class=\"banners\">\n\t\t\t\t\t\t\t\t\t<div class=\"banner-col\n\t\t\t\t\t active\t\t\t\t\t\">\n\t\t\t\t\t\t<a href=\"\" class=\"banner banner--multiple\" data-url=\"\">\n\t\t\t\t\t\t\t\t\t\t\t\t\t<img loading=\"lazy\" decoding=\"async\" width=\"952\" height=\"534\" src=\"https:\/\/ingenieria.udd.cl\/ii\/files\/2020\/05\/img_3927-scaled-1-680x382.jpg\" class=\"banner__image lazyload\" alt=\"\" sizes=\"auto, (max-width: 952px) 100vw, 952px\" data-src=\"https:\/\/ingenieria.udd.cl\/ii\/files\/2020\/05\/img_3927-scaled-1-952x534.jpg\" data-srcset=\"https:\/\/ingenieria.udd.cl\/ii\/files\/2020\/05\/img_3927-scaled-1-952x534.jpg 952w, https:\/\/ingenieria.udd.cl\/ii\/files\/2020\/05\/img_3927-scaled-1-1366x768.jpg 1366w, https:\/\/ingenieria.udd.cl\/ii\/files\/2020\/05\/img_3927-scaled-1-680x382.jpg 680w\" \/>\t\t\t\t\t\t\t\t\t\t\t\t\t<div class=\"banner__content\">\n\t\t\t\t\t\t\t\t<span class=\"banner__title\">PROYECTOS<\/span>\n\t\t\t\t\t\t\t\t\t\t\t\t\t\t\t\t\t\t\t\t\t\t\t<\/div>\n\t\t\t\t\t\t<\/a>\n\t\t\t\t\t<\/div>\n\t\t\t\t\t\t\t\t\t<div class=\"banner-col\n\t\t\t\t\t\t\t\t\t\t\">\n\t\t\t\t\t\t<a href=\"https:\/\/ii.udd.cl\/capacitaciones-online\/\" class=\"banner banner--multiple\" data-url=\"https:\/\/ii.udd.cl\/capacitaciones-online\/\">\n\t\t\t\t\t\t\t\t\t\t\t\t\t<img loading=\"lazy\" decoding=\"async\" width=\"952\" height=\"534\" src=\"https:\/\/ingenieria.udd.cl\/ii\/files\/2020\/05\/img_3928-scaled-1-680x382.jpg\" class=\"banner__image lazyload\" alt=\"\" sizes=\"auto, (max-width: 952px) 100vw, 952px\" data-src=\"https:\/\/ingenieria.udd.cl\/ii\/files\/2020\/05\/img_3928-scaled-1-952x534.jpg\" data-srcset=\"https:\/\/ingenieria.udd.cl\/ii\/files\/2020\/05\/img_3928-scaled-1-952x534.jpg 952w, https:\/\/ingenieria.udd.cl\/ii\/files\/2020\/05\/img_3928-scaled-1-1366x768.jpg 1366w, https:\/\/ingenieria.udd.cl\/ii\/files\/2020\/05\/img_3928-scaled-1-680x382.jpg 680w\" \/>\t\t\t\t\t\t\t\t\t\t\t\t\t<div class=\"banner__content\">\n\t\t\t\t\t\t\t\t<span class=\"banner__title\">CAPACITACIONES<\/span>\n\t\t\t\t\t\t\t\t\t\t\t\t\t\t\t\t\t\t\t\t\t\t\t\t\t<span class=\"banner__action\">Conocer m\u00e1s<\/span>\n\t\t\t\t\t\t\t\t\t\t\t\t\t\t\t<\/div>\n\t\t\t\t\t\t<\/a>\n\t\t\t\t\t<\/div>\n\t\t\t\t\t\t\t\t<\/div>\n\t\t\t<\/div>\n\t\t<\/div>\n\t<\/div>\n<\/section>\n\n\n<!-- WP Block: UDD - Fullwidth Cards -->\n<section class=\"wp-block-udd-fullwidth-cards \">\n\t<div class=\"container\">\n\t\t<header class=\"block__header\">\n\t\t\t<h2 class=\"block__title\">Noticias<\/h2>\n\t\t\t\t\t\t<a href=\"https:\/\/ingenieria.udd.cl\/ii\/categoria\/ltc\/\" class=\"block__view-more\">\n\t\t\t\tVer m\u00e1s noticias\t\t\t<\/a>\n\t\t\t\t\t<\/header>\n\t\t<div class=\"block__content\">\n\t\t\t<div class=\"fullwidth-cards\">\n\t\t\t<div class=\"fullwidth-card-wrapper \">\n\t<a href=\"https:\/\/ingenieria.udd.cl\/ii\/2022\/12\/07\/ceremonia-de-cierre-fic-laboratorio-tecnologico-para-la-competitividad-proyecto-ayudara-a-solucionar-problematicas-y-disminuir-brechas-del-sector-agricola-en-la-region-del-biobio\/\" class=\"fullwidth-card fullwidth-card--linkable\">\n\t\t\t\t<img loading=\"lazy\" decoding=\"async\" width=\"500\" height=\"500\" src=\"https:\/\/ingenieria.udd.cl\/ii\/files\/2022\/12\/whatsapp-image-2022-12-07-at-10-51-52-62x62.jpeg\" class=\"fullwidth-card__image wp-post-image lazyload\" alt=\"\" sizes=\"auto, (max-width: 500px) 100vw, 500px\" data-src=\"https:\/\/ingenieria.udd.cl\/ii\/files\/2022\/12\/whatsapp-image-2022-12-07-at-10-51-52-500x500.jpeg\" data-srcset=\"https:\/\/ingenieria.udd.cl\/ii\/files\/2022\/12\/whatsapp-image-2022-12-07-at-10-51-52-500x500.jpeg 500w, https:\/\/ingenieria.udd.cl\/ii\/files\/2022\/12\/whatsapp-image-2022-12-07-at-10-51-52-150x150.jpeg 150w, https:\/\/ingenieria.udd.cl\/ii\/files\/2022\/12\/whatsapp-image-2022-12-07-at-10-51-52-62x62.jpeg 62w, https:\/\/ingenieria.udd.cl\/ii\/files\/2022\/12\/whatsapp-image-2022-12-07-at-10-51-52-750x750.jpeg 750w, https:\/\/ingenieria.udd.cl\/ii\/files\/2022\/12\/whatsapp-image-2022-12-07-at-10-51-52-250x250.jpeg 250w, https:\/\/ingenieria.udd.cl\/ii\/files\/2022\/12\/whatsapp-image-2022-12-07-at-10-51-52-126x126.jpeg 126w\" \/>\t\t\t\t<div class=\"fullwidth-card__content\">\n\t\t\t<span class=\"fullwidth-card__date\">\n\t\t\t\t7 de diciembre 2022\t\t\t<\/span>\n\t\t\t<h3 class=\"fullwidth-card__title\">Ceremonia de cierre FIC \u00abLaboratorio Tecnol\u00f3gico para la Competitividad\u00bb: Proyecto ayudar\u00e1 a solucionar problem\u00e1ticas y disminuir brechas del sector agr\u00edcola en la regi\u00f3n del Biob\u00edo<\/h3>\n\t\t\t<span class=\"fullwidth-card__link\">\n\t\t\t\tConocer m\u00e1s\t\t\t<\/span>\n\t\t<\/div>\n\t<\/a>\n<\/div>\n<div class=\"fullwidth-card-wrapper \">\n\t<a href=\"https:\/\/ingenieria.udd.cl\/ii\/2022\/09\/08\/equipo-del-laboratorio-tecnologico-para-la-competitividad-se-reune-con-grupo-de-transferencia-tecnologica-del-biobio-para-mostrar-avances-de-proyecto-fic\/\" class=\"fullwidth-card fullwidth-card--linkable\">\n\t\t\t\t<img loading=\"lazy\" decoding=\"async\" width=\"500\" height=\"500\" src=\"https:\/\/ingenieria.udd.cl\/ii\/files\/2022\/09\/Web-LTC-imagenes-con-recursos-gr\u00e1ficos15-15-15-62x62.png\" class=\"fullwidth-card__image wp-post-image lazyload\" alt=\"\" sizes=\"auto, (max-width: 500px) 100vw, 500px\" data-src=\"https:\/\/ingenieria.udd.cl\/ii\/files\/2022\/09\/Web-LTC-imagenes-con-recursos-gr\u00e1ficos15-15-15-500x500.png\" data-srcset=\"https:\/\/ingenieria.udd.cl\/ii\/files\/2022\/09\/Web-LTC-imagenes-con-recursos-gr\u00e1ficos15-15-15-500x500.png 500w, https:\/\/ingenieria.udd.cl\/ii\/files\/2022\/09\/Web-LTC-imagenes-con-recursos-gr\u00e1ficos15-15-15-150x150.png 150w, https:\/\/ingenieria.udd.cl\/ii\/files\/2022\/09\/Web-LTC-imagenes-con-recursos-gr\u00e1ficos15-15-15-62x62.png 62w, https:\/\/ingenieria.udd.cl\/ii\/files\/2022\/09\/Web-LTC-imagenes-con-recursos-gr\u00e1ficos15-15-15-750x750.png 750w, https:\/\/ingenieria.udd.cl\/ii\/files\/2022\/09\/Web-LTC-imagenes-con-recursos-gr\u00e1ficos15-15-15-250x250.png 250w, https:\/\/ingenieria.udd.cl\/ii\/files\/2022\/09\/Web-LTC-imagenes-con-recursos-gr\u00e1ficos15-15-15-126x126.png 126w\" \/>\t\t\t\t<div class=\"fullwidth-card__content\">\n\t\t\t<span class=\"fullwidth-card__date\">\n\t\t\t\t8 de septiembre 2022\t\t\t<\/span>\n\t\t\t<h3 class=\"fullwidth-card__title\">Equipo del Laboratorio Tecnol\u00f3gico para la Competitividad se re\u00fane con Grupo de Transferencia Tecnol\u00f3gica del Biob\u00edo para mostrar avances de proyecto FIC<\/h3>\n\t\t\t<span class=\"fullwidth-card__link\">\n\t\t\t\tConocer m\u00e1s\t\t\t<\/span>\n\t\t<\/div>\n\t<\/a>\n<\/div>\n<div class=\"fullwidth-card-wrapper \">\n\t<a href=\"https:\/\/ingenieria.udd.cl\/ii\/2022\/09\/02\/ingenieria-udd-realiza-encuentro-tecnodos\/\" class=\"fullwidth-card fullwidth-card--linkable\">\n\t\t\t\t<img loading=\"lazy\" decoding=\"async\" width=\"500\" height=\"500\" src=\"https:\/\/ingenieria.udd.cl\/ii\/files\/2022\/04\/WhatsApp-Image-2022-04-11-at-12.28.09-PM-62x62.jpeg\" class=\"fullwidth-card__image wp-post-image lazyload\" alt=\"\" sizes=\"auto, (max-width: 500px) 100vw, 500px\" data-src=\"https:\/\/ingenieria.udd.cl\/ii\/files\/2022\/04\/WhatsApp-Image-2022-04-11-at-12.28.09-PM-500x500.jpeg\" data-srcset=\"https:\/\/ingenieria.udd.cl\/ii\/files\/2022\/04\/WhatsApp-Image-2022-04-11-at-12.28.09-PM-500x500.jpeg 500w, https:\/\/ingenieria.udd.cl\/ii\/files\/2022\/04\/WhatsApp-Image-2022-04-11-at-12.28.09-PM-150x150.jpeg 150w, https:\/\/ingenieria.udd.cl\/ii\/files\/2022\/04\/WhatsApp-Image-2022-04-11-at-12.28.09-PM-62x62.jpeg 62w, https:\/\/ingenieria.udd.cl\/ii\/files\/2022\/04\/WhatsApp-Image-2022-04-11-at-12.28.09-PM-750x750.jpeg 750w, https:\/\/ingenieria.udd.cl\/ii\/files\/2022\/04\/WhatsApp-Image-2022-04-11-at-12.28.09-PM-250x250.jpeg 250w, https:\/\/ingenieria.udd.cl\/ii\/files\/2022\/04\/WhatsApp-Image-2022-04-11-at-12.28.09-PM-126x126.jpeg 126w\" \/>\t\t\t\t<div class=\"fullwidth-card__content\">\n\t\t\t<span class=\"fullwidth-card__date\">\n\t\t\t\t2 de septiembre 2022\t\t\t<\/span>\n\t\t\t<h3 class=\"fullwidth-card__title\">Ingenier\u00eda UDD realiza encuentro Tecnodos<\/h3>\n\t\t\t<span class=\"fullwidth-card__link\">\n\t\t\t\tConocer m\u00e1s\t\t\t<\/span>\n\t\t<\/div>\n\t<\/a>\n<\/div>\n<div class=\"fullwidth-card-wrapper \">\n\t<a href=\"https:\/\/ingenieria.udd.cl\/ii\/2022\/04\/13\/direccion-de-innovacion-de-ingenieria-udd-realiza-visita-a-agricultores-de-los-angeles-para-evaluar-proyectos-tecnologicos-en-la-zona\/\" class=\"fullwidth-card fullwidth-card--linkable\">\n\t\t\t\t<img loading=\"lazy\" decoding=\"async\" width=\"500\" height=\"500\" src=\"https:\/\/ingenieria.udd.cl\/ii\/files\/2022\/04\/image1-62x62.jpeg\" class=\"fullwidth-card__image wp-post-image lazyload\" alt=\"\" sizes=\"auto, (max-width: 500px) 100vw, 500px\" data-src=\"https:\/\/ingenieria.udd.cl\/ii\/files\/2022\/04\/image1-500x500.jpeg\" data-srcset=\"https:\/\/ingenieria.udd.cl\/ii\/files\/2022\/04\/image1-500x500.jpeg 500w, https:\/\/ingenieria.udd.cl\/ii\/files\/2022\/04\/image1-150x150.jpeg 150w, https:\/\/ingenieria.udd.cl\/ii\/files\/2022\/04\/image1-62x62.jpeg 62w, https:\/\/ingenieria.udd.cl\/ii\/files\/2022\/04\/image1-750x750.jpeg 750w, https:\/\/ingenieria.udd.cl\/ii\/files\/2022\/04\/image1-250x250.jpeg 250w, https:\/\/ingenieria.udd.cl\/ii\/files\/2022\/04\/image1-126x126.jpeg 126w\" \/>\t\t\t\t<div class=\"fullwidth-card__content\">\n\t\t\t<span class=\"fullwidth-card__date\">\n\t\t\t\t13 de abril 2022\t\t\t<\/span>\n\t\t\t<h3 class=\"fullwidth-card__title\">Direcci\u00f3n de Innovaci\u00f3n de Ingenier\u00eda UDD realiza visita a agricultores de Los \u00c1ngeles para evaluar proyectos tecnol\u00f3gicos en la zona<\/h3>\n\t\t\t<span class=\"fullwidth-card__link\">\n\t\t\t\tConocer m\u00e1s\t\t\t<\/span>\n\t\t<\/div>\n\t<\/a>\n<\/div>\n<div class=\"fullwidth-card-wrapper \">\n\t<a href=\"https:\/\/ingenieria.udd.cl\/ii\/2022\/03\/14\/academia-tecnologica-iot-internet-de-las-cosas\/\" class=\"fullwidth-card fullwidth-card--linkable\">\n\t\t\t\t<img loading=\"lazy\" decoding=\"async\" width=\"500\" height=\"500\" src=\"https:\/\/ingenieria.udd.cl\/ii\/files\/2022\/03\/unnamed-62x62.png\" class=\"fullwidth-card__image wp-post-image lazyload\" alt=\"\" sizes=\"auto, (max-width: 500px) 100vw, 500px\" data-src=\"https:\/\/ingenieria.udd.cl\/ii\/files\/2022\/03\/unnamed-500x500.png\" data-srcset=\"https:\/\/ingenieria.udd.cl\/ii\/files\/2022\/03\/unnamed-500x500.png 500w, https:\/\/ingenieria.udd.cl\/ii\/files\/2022\/03\/unnamed-150x150.png 150w, https:\/\/ingenieria.udd.cl\/ii\/files\/2022\/03\/unnamed-62x62.png 62w, https:\/\/ingenieria.udd.cl\/ii\/files\/2022\/03\/unnamed-250x250.png 250w, https:\/\/ingenieria.udd.cl\/ii\/files\/2022\/03\/unnamed-126x126.png 126w\" \/>\t\t\t\t<div class=\"fullwidth-card__content\">\n\t\t\t<span class=\"fullwidth-card__date\">\n\t\t\t\t14 de marzo 2022\t\t\t<\/span>\n\t\t\t<h3 class=\"fullwidth-card__title\">Academia Tecnol\u00f3gica: \u201cIoT: Internet de las Cosas\u201d<\/h3>\n\t\t\t<span class=\"fullwidth-card__link\">\n\t\t\t\tConocer m\u00e1s\t\t\t<\/span>\n\t\t<\/div>\n\t<\/a>\n<\/div>\n\t\t\t<\/div>\n\t\t<\/div>\n\t<\/div>\n<\/section>\n\n\n<section\n\tclass=\"wp-block-udd-contacts\"\n\t\t>\n\t\t<div class=\"block__bg\">\n\t\t\t<\/div>\n\t\t<div class=\"container\">\n\t\t<header class=\"block__header\">\n\t\t\t<h2 class=\"block__title\">innovacion.ing@udd.cl<\/h2>\n\t\t<\/header>\n\t\t<div class=\"block__content\">\n\t\t\t<ul class=\"contacts\">\n\t\t\t\t\t\t<\/ul>\n\t\t<\/div>\n\t<\/div>\n<\/section>\n","protected":false},"excerpt":{"rendered":"<p>INICIATIVAS<\/p>\n","protected":false},"author":9192225,"featured_media":0,"parent":0,"menu_order":0,"comment_status":"closed","ping_status":"closed","template":"","meta":{"footnotes":""},"class_list":["post-853","page","type-page","status-publish","hentry"],"yoast_head":"<!-- This site is optimized with the Yoast SEO plugin v26.9 - https:\/\/yoast.com\/product\/yoast-seo-wordpress\/ -->\n<title>Laboratorio de la Ciudad: Santiago - Innovaci\u00f3n Ingenier\u00eda<\/title>\n<meta name=\"robots\" content=\"index, follow, max-snippet:-1, max-image-preview:large, max-video-preview:-1\" \/>\n<link rel=\"canonical\" href=\"https:\/\/ingenieria.udd.cl\/ii\/laboratoriosantiago\/\" \/>\n<meta property=\"og:locale\" content=\"es_ES\" \/>\n<meta property=\"og:type\" content=\"article\" \/>\n<meta property=\"og:title\" content=\"Laboratorio de la Ciudad: Santiago - Innovaci\u00f3n Ingenier\u00eda\" \/>\n<meta property=\"og:description\" content=\"INICIATIVAS\" \/>\n<meta property=\"og:url\" content=\"https:\/\/ingenieria.udd.cl\/ii\/laboratoriosantiago\/\" \/>\n<meta property=\"og:site_name\" content=\"Innovaci\u00f3n Ingenier\u00eda\" \/>\n<meta name=\"twitter:card\" content=\"summary_large_image\" \/>\n<script type=\"application\/ld+json\" class=\"yoast-schema-graph\">{\"@context\":\"https:\/\/schema.org\",\"@graph\":[{\"@type\":\"WebPage\",\"@id\":\"https:\/\/ingenieria.udd.cl\/ii\/laboratoriosantiago\/\",\"url\":\"https:\/\/ingenieria.udd.cl\/ii\/laboratoriosantiago\/\",\"name\":\"Laboratorio de la Ciudad: Santiago - Innovaci\u00f3n Ingenier\u00eda\",\"isPartOf\":{\"@id\":\"https:\/\/ingenieria.udd.cl\/ii\/#website\"},\"datePublished\":\"2020-05-12T01:24:13+00:00\",\"breadcrumb\":{\"@id\":\"https:\/\/ingenieria.udd.cl\/ii\/laboratoriosantiago\/#breadcrumb\"},\"inLanguage\":\"es\",\"potentialAction\":[{\"@type\":\"ReadAction\",\"target\":[\"https:\/\/ingenieria.udd.cl\/ii\/laboratoriosantiago\/\"]}]},{\"@type\":\"BreadcrumbList\",\"@id\":\"https:\/\/ingenieria.udd.cl\/ii\/laboratoriosantiago\/#breadcrumb\",\"itemListElement\":[{\"@type\":\"ListItem\",\"position\":1,\"name\":\"Portada\",\"item\":\"https:\/\/ingenieria.udd.cl\/ii\/\"},{\"@type\":\"ListItem\",\"position\":2,\"name\":\"Laboratorio de la Ciudad: Santiago\"}]},{\"@type\":\"WebSite\",\"@id\":\"https:\/\/ingenieria.udd.cl\/ii\/#website\",\"url\":\"https:\/\/ingenieria.udd.cl\/ii\/\",\"name\":\"Innovaci\u00f3n Ingenier\u00eda\",\"description\":\"Otro sitio m\u00e1s de Ingenieria\",\"inLanguage\":\"es\"}]}<\/script>\n<!-- \/ Yoast SEO plugin. -->","yoast_head_json":{"title":"Laboratorio de la Ciudad: Santiago - Innovaci\u00f3n Ingenier\u00eda","robots":{"index":"index","follow":"follow","max-snippet":"max-snippet:-1","max-image-preview":"max-image-preview:large","max-video-preview":"max-video-preview:-1"},"canonical":"https:\/\/ingenieria.udd.cl\/ii\/laboratoriosantiago\/","og_locale":"es_ES","og_type":"article","og_title":"Laboratorio de la Ciudad: Santiago - Innovaci\u00f3n Ingenier\u00eda","og_description":"INICIATIVAS","og_url":"https:\/\/ingenieria.udd.cl\/ii\/laboratoriosantiago\/","og_site_name":"Innovaci\u00f3n Ingenier\u00eda","twitter_card":"summary_large_image","schema":{"@context":"https:\/\/schema.org","@graph":[{"@type":"WebPage","@id":"https:\/\/ingenieria.udd.cl\/ii\/laboratoriosantiago\/","url":"https:\/\/ingenieria.udd.cl\/ii\/laboratoriosantiago\/","name":"Laboratorio de la Ciudad: Santiago - Innovaci\u00f3n Ingenier\u00eda","isPartOf":{"@id":"https:\/\/ingenieria.udd.cl\/ii\/#website"},"datePublished":"2020-05-12T01:24:13+00:00","breadcrumb":{"@id":"https:\/\/ingenieria.udd.cl\/ii\/laboratoriosantiago\/#breadcrumb"},"inLanguage":"es","potentialAction":[{"@type":"ReadAction","target":["https:\/\/ingenieria.udd.cl\/ii\/laboratoriosantiago\/"]}]},{"@type":"BreadcrumbList","@id":"https:\/\/ingenieria.udd.cl\/ii\/laboratoriosantiago\/#breadcrumb","itemListElement":[{"@type":"ListItem","position":1,"name":"Portada","item":"https:\/\/ingenieria.udd.cl\/ii\/"},{"@type":"ListItem","position":2,"name":"Laboratorio de la Ciudad: Santiago"}]},{"@type":"WebSite","@id":"https:\/\/ingenieria.udd.cl\/ii\/#website","url":"https:\/\/ingenieria.udd.cl\/ii\/","name":"Innovaci\u00f3n Ingenier\u00eda","description":"Otro sitio m\u00e1s de Ingenieria","inLanguage":"es"}]}},"_links":{"self":[{"href":"https:\/\/ingenieria.udd.cl\/ii\/wp-json\/wp\/v2\/pages\/853","targetHints":{"allow":["GET"]}}],"collection":[{"href":"https:\/\/ingenieria.udd.cl\/ii\/wp-json\/wp\/v2\/pages"}],"about":[{"href":"https:\/\/ingenieria.udd.cl\/ii\/wp-json\/wp\/v2\/types\/page"}],"author":[{"embeddable":true,"href":"https:\/\/ingenieria.udd.cl\/ii\/wp-json\/wp\/v2\/users\/9192225"}],"replies":[{"embeddable":true,"href":"https:\/\/ingenieria.udd.cl\/ii\/wp-json\/wp\/v2\/comments?post=853"}],"version-history":[{"count":0,"href":"https:\/\/ingenieria.udd.cl\/ii\/wp-json\/wp\/v2\/pages\/853\/revisions"}],"wp:attachment":[{"href":"https:\/\/ingenieria.udd.cl\/ii\/wp-json\/wp\/v2\/media?parent=853"}],"curies":[{"name":"wp","href":"https:\/\/api.w.org\/{rel}","templated":true}]}}