{"id":942,"date":"2020-05-20T19:33:39","date_gmt":"2020-05-20T19:33:39","guid":{"rendered":"https:\/\/ii.udd.cl\/?page_id=942"},"modified":"2020-05-20T19:33:39","modified_gmt":"2020-05-20T19:33:39","slug":"yoapoyoapymes","status":"publish","type":"page","link":"https:\/\/ingenieria.udd.cl\/ii\/yoapoyoapymes\/","title":{"rendered":"Yo apoyo a tu pyme"},"content":{"rendered":"<!-- WP Block: UDD - Banner -->\n<section class=\"wp-block-udd-banner is-style-default \">\n\t\n<div class=\"banner banner--fullwidth\">\n\t\t\t<img loading=\"lazy\" decoding=\"async\" width=\"640\" height=\"254\" src=\"https:\/\/ingenieria.udd.cl\/ii\/files\/2020\/06\/disenos-delivery.bannerpng.png\" class=\"banner__image lazyload\" alt=\"\" sizes=\"auto, (max-width: 640px) 100vw, 640px\" data-src=\"https:\/\/ingenieria.udd.cl\/ii\/files\/2020\/06\/disenos-delivery.bannerpng.png\" data-srcset=\"https:\/\/ingenieria.udd.cl\/ii\/files\/2020\/06\/disenos-delivery.bannerpng.png 640w, https:\/\/ingenieria.udd.cl\/ii\/files\/2020\/06\/disenos-delivery.bannerpng-300x119.png 300w\" \/>\t\t<div class=\"banner__content\">\n\t\t<span class=\"banner__title\">apoya a tu pyme<\/span>\n\t\t<span class=\"banner__description\">Iniciativa de la Facultad de Ingenier\u00eda UDD que tiene como objetivo visibilizar la oferta de comercio local de peque\u00f1os y medianos empresarios ante la contingencia sanitaria COVID19<\/span>\n\t<\/div>\n<\/div>\n<\/section>\n\n\n<!-- WP Block: UDD - Banners Multiple -->\n<section class=\"wp-block-udd-banners-multiple \">\n\t<div class=\"container\">\n\t\t\t\t<div class=\"block__content\">\n\t\t\t<div id=\"udd-banners-multiple--1\"\n\t\t\t\t\t\t\t\t>\n\t\t\t\t\t\t\t\t<div class=\"banners\">\n\t\t\t\t\t\t\t\t\t<div class=\"banner-col\n\t\t\t\t\t active\t\t\t\t\t\">\n\t\t\t\t\t\t<a href=\"https:\/\/ii.udd.cl\/visita-las-pymes\/\" class=\"banner banner--multiple\" data-url=\"https:\/\/ii.udd.cl\/visita-las-pymes\/\">\n\t\t\t\t\t\t\t\t\t\t\t\t\t<img loading=\"lazy\" decoding=\"async\" width=\"580\" height=\"500\" src=\"https:\/\/ingenieria.udd.cl\/ii\/files\/2020\/06\/web_delivery_2.jpg\" class=\"banner__image lazyload\" alt=\"\" sizes=\"auto, (max-width: 580px) 100vw, 580px\" data-src=\"https:\/\/ingenieria.udd.cl\/ii\/files\/2020\/06\/web_delivery_2.jpg\" data-srcset=\"https:\/\/ingenieria.udd.cl\/ii\/files\/2020\/06\/web_delivery_2.jpg 580w, https:\/\/ingenieria.udd.cl\/ii\/files\/2020\/06\/web_delivery_2-300x259.jpg 300w\" \/>\t\t\t\t\t\t\t\t\t\t\t\t\t<div class=\"banner__content\">\n\t\t\t\t\t\t\t\t<span class=\"banner__title\">Visita las pymes<\/span>\n\t\t\t\t\t\t\t\t\t\t\t\t\t\t\t\t\t\t\t\t\t\t\t<\/div>\n\t\t\t\t\t\t<\/a>\n\t\t\t\t\t<\/div>\n\t\t\t\t\t\t\t\t\t<div class=\"banner-col\n\t\t\t\t\t\t\t\t\t\t\">\n\t\t\t\t\t\t<a href=\"https:\/\/forms.gle\/vi6F31g9iySrJcnq8\" class=\"banner banner--multiple\" data-url=\"https:\/\/forms.gle\/vi6F31g9iySrJcnq8\">\n\t\t\t\t\t\t\t\t\t\t\t\t\t<img loading=\"lazy\" decoding=\"async\" width=\"580\" height=\"500\" src=\"https:\/\/ingenieria.udd.cl\/ii\/files\/2020\/06\/web_delivery_1.jpg\" class=\"banner__image lazyload\" alt=\"\" sizes=\"auto, (max-width: 580px) 100vw, 580px\" data-src=\"https:\/\/ingenieria.udd.cl\/ii\/files\/2020\/06\/web_delivery_1.jpg\" data-srcset=\"https:\/\/ingenieria.udd.cl\/ii\/files\/2020\/06\/web_delivery_1.jpg 580w, https:\/\/ingenieria.udd.cl\/ii\/files\/2020\/06\/web_delivery_1-300x259.jpg 300w\" \/>\t\t\t\t\t\t\t\t\t\t\t\t\t<div class=\"banner__content\">\n\t\t\t\t\t\t\t\t<span class=\"banner__title\">publica tu pyme<\/span>\n\t\t\t\t\t\t\t\t\t\t\t\t\t\t\t\t\t\t\t\t\t\t\t<\/div>\n\t\t\t\t\t\t<\/a>\n\t\t\t\t\t<\/div>\n\t\t\t\t\t\t\t\t<\/div>\n\t\t\t<\/div>\n\t\t<\/div>\n\t<\/div>\n<\/section>\n","protected":false},"excerpt":{"rendered":"","protected":false},"author":9192225,"featured_media":0,"parent":0,"menu_order":0,"comment_status":"closed","ping_status":"closed","template":"","meta":{"footnotes":""},"class_list":["post-942","page","type-page","status-publish","hentry"],"yoast_head":"<!-- This site is optimized with the Yoast SEO plugin v26.9 - https:\/\/yoast.com\/product\/yoast-seo-wordpress\/ -->\n<title>Yo apoyo a tu pyme - Innovaci\u00f3n Ingenier\u00eda<\/title>\n<meta name=\"robots\" content=\"index, follow, max-snippet:-1, max-image-preview:large, max-video-preview:-1\" \/>\n<link rel=\"canonical\" href=\"https:\/\/ingenieria.udd.cl\/ii\/yoapoyoapymes\/\" \/>\n<meta property=\"og:locale\" content=\"es_ES\" \/>\n<meta property=\"og:type\" content=\"article\" \/>\n<meta property=\"og:title\" content=\"Yo apoyo a tu pyme - Innovaci\u00f3n Ingenier\u00eda\" \/>\n<meta property=\"og:url\" content=\"https:\/\/ingenieria.udd.cl\/ii\/yoapoyoapymes\/\" \/>\n<meta property=\"og:site_name\" content=\"Innovaci\u00f3n Ingenier\u00eda\" \/>\n<meta name=\"twitter:card\" content=\"summary_large_image\" \/>\n<script type=\"application\/ld+json\" class=\"yoast-schema-graph\">{\"@context\":\"https:\/\/schema.org\",\"@graph\":[{\"@type\":\"WebPage\",\"@id\":\"https:\/\/ingenieria.udd.cl\/ii\/yoapoyoapymes\/\",\"url\":\"https:\/\/ingenieria.udd.cl\/ii\/yoapoyoapymes\/\",\"name\":\"Yo apoyo a tu pyme - Innovaci\u00f3n Ingenier\u00eda\",\"isPartOf\":{\"@id\":\"https:\/\/ingenieria.udd.cl\/ii\/#website\"},\"datePublished\":\"2020-05-20T19:33:39+00:00\",\"breadcrumb\":{\"@id\":\"https:\/\/ingenieria.udd.cl\/ii\/yoapoyoapymes\/#breadcrumb\"},\"inLanguage\":\"es\",\"potentialAction\":[{\"@type\":\"ReadAction\",\"target\":[\"https:\/\/ingenieria.udd.cl\/ii\/yoapoyoapymes\/\"]}]},{\"@type\":\"BreadcrumbList\",\"@id\":\"https:\/\/ingenieria.udd.cl\/ii\/yoapoyoapymes\/#breadcrumb\",\"itemListElement\":[{\"@type\":\"ListItem\",\"position\":1,\"name\":\"Portada\",\"item\":\"https:\/\/ingenieria.udd.cl\/ii\/\"},{\"@type\":\"ListItem\",\"position\":2,\"name\":\"Yo apoyo a tu pyme\"}]},{\"@type\":\"WebSite\",\"@id\":\"https:\/\/ingenieria.udd.cl\/ii\/#website\",\"url\":\"https:\/\/ingenieria.udd.cl\/ii\/\",\"name\":\"Innovaci\u00f3n Ingenier\u00eda\",\"description\":\"Otro sitio m\u00e1s de Ingenieria\",\"inLanguage\":\"es\"}]}<\/script>\n<!-- \/ Yoast SEO plugin. -->","yoast_head_json":{"title":"Yo apoyo a tu pyme - Innovaci\u00f3n Ingenier\u00eda","robots":{"index":"index","follow":"follow","max-snippet":"max-snippet:-1","max-image-preview":"max-image-preview:large","max-video-preview":"max-video-preview:-1"},"canonical":"https:\/\/ingenieria.udd.cl\/ii\/yoapoyoapymes\/","og_locale":"es_ES","og_type":"article","og_title":"Yo apoyo a tu pyme - Innovaci\u00f3n Ingenier\u00eda","og_url":"https:\/\/ingenieria.udd.cl\/ii\/yoapoyoapymes\/","og_site_name":"Innovaci\u00f3n Ingenier\u00eda","twitter_card":"summary_large_image","schema":{"@context":"https:\/\/schema.org","@graph":[{"@type":"WebPage","@id":"https:\/\/ingenieria.udd.cl\/ii\/yoapoyoapymes\/","url":"https:\/\/ingenieria.udd.cl\/ii\/yoapoyoapymes\/","name":"Yo apoyo a tu pyme - Innovaci\u00f3n Ingenier\u00eda","isPartOf":{"@id":"https:\/\/ingenieria.udd.cl\/ii\/#website"},"datePublished":"2020-05-20T19:33:39+00:00","breadcrumb":{"@id":"https:\/\/ingenieria.udd.cl\/ii\/yoapoyoapymes\/#breadcrumb"},"inLanguage":"es","potentialAction":[{"@type":"ReadAction","target":["https:\/\/ingenieria.udd.cl\/ii\/yoapoyoapymes\/"]}]},{"@type":"BreadcrumbList","@id":"https:\/\/ingenieria.udd.cl\/ii\/yoapoyoapymes\/#breadcrumb","itemListElement":[{"@type":"ListItem","position":1,"name":"Portada","item":"https:\/\/ingenieria.udd.cl\/ii\/"},{"@type":"ListItem","position":2,"name":"Yo apoyo a tu pyme"}]},{"@type":"WebSite","@id":"https:\/\/ingenieria.udd.cl\/ii\/#website","url":"https:\/\/ingenieria.udd.cl\/ii\/","name":"Innovaci\u00f3n Ingenier\u00eda","description":"Otro sitio m\u00e1s de Ingenieria","inLanguage":"es"}]}},"_links":{"self":[{"href":"https:\/\/ingenieria.udd.cl\/ii\/wp-json\/wp\/v2\/pages\/942","targetHints":{"allow":["GET"]}}],"collection":[{"href":"https:\/\/ingenieria.udd.cl\/ii\/wp-json\/wp\/v2\/pages"}],"about":[{"href":"https:\/\/ingenieria.udd.cl\/ii\/wp-json\/wp\/v2\/types\/page"}],"author":[{"embeddable":true,"href":"https:\/\/ingenieria.udd.cl\/ii\/wp-json\/wp\/v2\/users\/9192225"}],"replies":[{"embeddable":true,"href":"https:\/\/ingenieria.udd.cl\/ii\/wp-json\/wp\/v2\/comments?post=942"}],"version-history":[{"count":0,"href":"https:\/\/ingenieria.udd.cl\/ii\/wp-json\/wp\/v2\/pages\/942\/revisions"}],"wp:attachment":[{"href":"https:\/\/ingenieria.udd.cl\/ii\/wp-json\/wp\/v2\/media?parent=942"}],"curies":[{"name":"wp","href":"https:\/\/api.w.org\/{rel}","templated":true}]}}