{"id":958,"date":"2020-05-28T21:59:11","date_gmt":"2020-05-28T21:59:11","guid":{"rendered":"https:\/\/ii.udd.cl\/?page_id=958"},"modified":"2020-05-28T21:59:11","modified_gmt":"2020-05-28T21:59:11","slug":"edutech-para-la-innovacion-social","status":"publish","type":"page","link":"https:\/\/ingenieria.udd.cl\/ii\/edutech-para-la-innovacion-social\/","title":{"rendered":"Edutech para la Innovaci\u00f3n social"},"content":{"rendered":"<section\n\tclass=\"wp-block-udd-text-row block--bg-gray\"\n\t\t>\n\t<div class=\"text-row\">\n\t\t<div class=\"text-row__content\">\n\t\t\t<div class=\"text-row__content-inner text\">\n\t\t\t\t\t\t\t\t<h2>Edutech para la Innovaci\u00f3n social<\/h2>\n\t\t\t\t\t\t\t\t\n<p>Edutech es un conjunto de intervenciones de Tech Policy Lab, en las que convergen la investigaci\u00f3n interdisciplinar, la prevenci\u00f3n comunitaria local y la intervenci\u00f3n psicosocial para la soluci\u00f3n de desaf\u00edos de convivencia escolar y violencia juvenil. Los proyectos Edutech se caracterizan por desplegar metodolog\u00edas avanzadas en el diagn\u00f3stico de conflictos sociales y el desarrollo co-creativo con estrategias participativas de innovaci\u00f3n social e intervenci\u00f3n comunitaria.&nbsp;<br><\/p>\n\n<p>Las intervenciones de Edutech se cristalizan en actividades de formaci\u00f3n y entrenamiento para la identificaci\u00f3n de problem\u00e1ticas de la comunidad, y la comunicaci\u00f3n y canalizaci\u00f3n de demandas comunitarias. Por medio de metodolog\u00edas de dise\u00f1o participativo como el Design Thinking, el Dise\u00f1o para Mejorar la Vida o el pensamiento \u00e1gil, se convoca a l\u00edderes catalizadores con otros actores comunitarios para modelar soluciones colectivas, en un interactivo espacio de encuentro. Por lo general, se trata de escuelas del sector que Tech Policy interviene en los que se organizan talleres de innovaci\u00f3n social y tecnolog\u00eda con estudiantes y\/o profesores del pol\u00edgono bajo estudio.<br><\/p>\n\t\t\t<\/div>\n\t\t<\/div>\n\t\t<div class=\"text-row__media\">\n\t\t\t<img loading=\"lazy\" decoding=\"async\" width=\"952\" height=\"534\" src=\"https:\/\/ingenieria.udd.cl\/ii\/files\/2020\/05\/foto-proyectoedutech-3-scaled-1-680x382.jpg\" class=\"text-row__media-image lazyload\" alt=\"\" sizes=\"auto, (max-width: 952px) 100vw, 952px\" data-src=\"https:\/\/ingenieria.udd.cl\/ii\/files\/2020\/05\/foto-proyectoedutech-3-scaled-1-952x534.jpg\" data-srcset=\"https:\/\/ingenieria.udd.cl\/ii\/files\/2020\/05\/foto-proyectoedutech-3-scaled-1-952x534.jpg 952w, https:\/\/ingenieria.udd.cl\/ii\/files\/2020\/05\/foto-proyectoedutech-3-scaled-1-1366x768.jpg 1366w, https:\/\/ingenieria.udd.cl\/ii\/files\/2020\/05\/foto-proyectoedutech-3-scaled-1-680x382.jpg 680w\" \/>\t\t<\/div>\n\t<\/div>\n<\/section>\n\n\n\n<figure class=\"wp-block-gallery columns-2 is-cropped wp-block-gallery-1 is-layout-flex wp-block-gallery-is-layout-flex\"><ul class=\"blocks-gallery-grid\"><li class=\"blocks-gallery-item\"><figure><img loading=\"lazy\" decoding=\"async\" width=\"1024\" height=\"574\" src=\"https:\/\/ingenieria.udd.cl\/ii\/files\/2020\/05\/foto-proyectoedutech-4-1024x574.jpg\" alt=\"\" data-id=\"972\" data-full-url=\"https:\/\/ingenieria.udd.cl\/ii\/files\/2020\/05\/foto-proyectoedutech-4.jpg\" data-link=\"https:\/\/ii.udd.cl\/edutech-para-la-innovacion-social\/foto-proyectoedutech-4\/\" class=\"wp-image-972\" srcset=\"https:\/\/ingenieria.udd.cl\/ii\/files\/2020\/05\/foto-proyectoedutech-4-1024x574.jpg 1024w, https:\/\/ingenieria.udd.cl\/ii\/files\/2020\/05\/foto-proyectoedutech-4-300x168.jpg 300w, https:\/\/ingenieria.udd.cl\/ii\/files\/2020\/05\/foto-proyectoedutech-4-768x431.jpg 768w, https:\/\/ingenieria.udd.cl\/ii\/files\/2020\/05\/foto-proyectoedutech-4-1536x862.jpg 1536w, https:\/\/ingenieria.udd.cl\/ii\/files\/2020\/05\/foto-proyectoedutech-4-2048x1149.jpg 2048w, https:\/\/ingenieria.udd.cl\/ii\/files\/2020\/05\/foto-proyectoedutech-4-952x534.jpg 952w, https:\/\/ingenieria.udd.cl\/ii\/files\/2020\/05\/foto-proyectoedutech-4-680x382.jpg 680w\" sizes=\"auto, (max-width: 1024px) 100vw, 1024px\" \/><\/figure><\/li><li class=\"blocks-gallery-item\"><figure><img decoding=\"async\" src=\"https:\/\/ii.udd.cl\/files\/2020\/05\/foto-proyectoedutech-2-1024x768.jpg\" alt=\"\" data-id=\"970\" data-full-url=\"https:\/\/ingenieria.udd.cl\/ii\/files\/2020\/05\/foto-proyectoedutech-2-scaled-1.jpg\" data-link=\"https:\/\/ii.udd.cl\/edutech-para-la-innovacion-social\/foto-proyectoedutech-2\/\" class=\"wp-image-970\" \/><\/figure><\/li><li class=\"blocks-gallery-item\"><figure><img decoding=\"async\" src=\"https:\/\/ii.udd.cl\/files\/2020\/05\/foto-proyectoedutech-1-1024x768.jpg\" alt=\"\" data-id=\"969\" data-full-url=\"https:\/\/ingenieria.udd.cl\/ii\/files\/2020\/05\/foto-proyectoedutech-1-scaled-1.jpg\" data-link=\"https:\/\/ii.udd.cl\/edutech-para-la-innovacion-social\/foto-proyectoedutech-1\/\" class=\"wp-image-969\" \/><\/figure><\/li><li class=\"blocks-gallery-item\"><figure><img loading=\"lazy\" decoding=\"async\" width=\"1024\" height=\"577\" src=\"https:\/\/ingenieria.udd.cl\/ii\/files\/2020\/05\/foto-proyectoedutech-5-1024x577.jpg\" alt=\"\" data-id=\"968\" data-full-url=\"https:\/\/ingenieria.udd.cl\/ii\/files\/2020\/05\/foto-proyectoedutech-5.jpg\" data-link=\"https:\/\/ii.udd.cl\/edutech-para-la-innovacion-social\/foto-proyectoedutech-5\/\" class=\"wp-image-968\" srcset=\"https:\/\/ingenieria.udd.cl\/ii\/files\/2020\/05\/foto-proyectoedutech-5-1024x577.jpg 1024w, https:\/\/ingenieria.udd.cl\/ii\/files\/2020\/05\/foto-proyectoedutech-5-300x169.jpg 300w, https:\/\/ingenieria.udd.cl\/ii\/files\/2020\/05\/foto-proyectoedutech-5-768x432.jpg 768w, https:\/\/ingenieria.udd.cl\/ii\/files\/2020\/05\/foto-proyectoedutech-5-1536x865.jpg 1536w, https:\/\/ingenieria.udd.cl\/ii\/files\/2020\/05\/foto-proyectoedutech-5-2048x1153.jpg 2048w, https:\/\/ingenieria.udd.cl\/ii\/files\/2020\/05\/foto-proyectoedutech-5-1920x1080.jpg 1920w, https:\/\/ingenieria.udd.cl\/ii\/files\/2020\/05\/foto-proyectoedutech-5-1366x768.jpg 1366w, https:\/\/ingenieria.udd.cl\/ii\/files\/2020\/05\/foto-proyectoedutech-5-680x382.jpg 680w\" sizes=\"auto, (max-width: 1024px) 100vw, 1024px\" \/><\/figure><\/li><\/ul><\/figure>\n\n\n<p class=\"wp-block-udd-button text-left\"><a class=\"btn btn-primary \" href=\"https:\/\/ii.udd.cl\/techpolicylab\/\" data-url=\"https:\/\/ii.udd.cl\/techpolicylab\/\"><svg class=\"svg-external-dims\"><use xlink:href='https:\/\/ingenieria.udd.cl\/ii\/wp-content\/themes\/facultades-2018\/assets\/img\/svg\/dist\/main.svg?version=1695853099#external'><\/use><\/svg> Volver <\/a><\/p>\n","protected":false},"excerpt":{"rendered":"","protected":false},"author":9192225,"featured_media":971,"parent":0,"menu_order":0,"comment_status":"closed","ping_status":"closed","template":"","meta":{"footnotes":""},"class_list":["post-958","page","type-page","status-publish","has-post-thumbnail","hentry"],"yoast_head":"<!-- This site is optimized with the Yoast SEO plugin v26.9 - https:\/\/yoast.com\/product\/yoast-seo-wordpress\/ -->\n<title>Edutech para la Innovaci\u00f3n social - Innovaci\u00f3n Ingenier\u00eda<\/title>\n<meta name=\"robots\" content=\"index, follow, max-snippet:-1, max-image-preview:large, max-video-preview:-1\" \/>\n<link rel=\"canonical\" href=\"https:\/\/ingenieria.udd.cl\/ii\/edutech-para-la-innovacion-social\/\" \/>\n<meta property=\"og:locale\" content=\"es_ES\" \/>\n<meta property=\"og:type\" content=\"article\" \/>\n<meta property=\"og:title\" content=\"Edutech para la Innovaci\u00f3n social - Innovaci\u00f3n Ingenier\u00eda\" \/>\n<meta property=\"og:url\" content=\"https:\/\/ingenieria.udd.cl\/ii\/edutech-para-la-innovacion-social\/\" \/>\n<meta property=\"og:site_name\" content=\"Innovaci\u00f3n Ingenier\u00eda\" \/>\n<meta property=\"og:image\" content=\"https:\/\/ingenieria.udd.cl\/ii\/files\/2020\/05\/foto-proyectoedutech-3-scaled-1.jpg\" \/>\n\t<meta property=\"og:image:width\" content=\"2560\" \/>\n\t<meta property=\"og:image:height\" content=\"1920\" \/>\n\t<meta property=\"og:image:type\" content=\"image\/jpeg\" \/>\n<meta name=\"twitter:card\" content=\"summary_large_image\" \/>\n<meta name=\"twitter:label1\" content=\"Tiempo de lectura\" \/>\n\t<meta name=\"twitter:data1\" content=\"1 minuto\" \/>\n<script type=\"application\/ld+json\" class=\"yoast-schema-graph\">{\"@context\":\"https:\/\/schema.org\",\"@graph\":[{\"@type\":\"WebPage\",\"@id\":\"https:\/\/ingenieria.udd.cl\/ii\/edutech-para-la-innovacion-social\/\",\"url\":\"https:\/\/ingenieria.udd.cl\/ii\/edutech-para-la-innovacion-social\/\",\"name\":\"Edutech para la Innovaci\u00f3n social - Innovaci\u00f3n Ingenier\u00eda\",\"isPartOf\":{\"@id\":\"https:\/\/ingenieria.udd.cl\/ii\/#website\"},\"primaryImageOfPage\":{\"@id\":\"https:\/\/ingenieria.udd.cl\/ii\/edutech-para-la-innovacion-social\/#primaryimage\"},\"image\":{\"@id\":\"https:\/\/ingenieria.udd.cl\/ii\/edutech-para-la-innovacion-social\/#primaryimage\"},\"thumbnailUrl\":\"https:\/\/ingenieria.udd.cl\/ii\/files\/2020\/05\/foto-proyectoedutech-3-scaled-1.jpg\",\"datePublished\":\"2020-05-28T21:59:11+00:00\",\"breadcrumb\":{\"@id\":\"https:\/\/ingenieria.udd.cl\/ii\/edutech-para-la-innovacion-social\/#breadcrumb\"},\"inLanguage\":\"es\",\"potentialAction\":[{\"@type\":\"ReadAction\",\"target\":[\"https:\/\/ingenieria.udd.cl\/ii\/edutech-para-la-innovacion-social\/\"]}]},{\"@type\":\"ImageObject\",\"inLanguage\":\"es\",\"@id\":\"https:\/\/ingenieria.udd.cl\/ii\/edutech-para-la-innovacion-social\/#primaryimage\",\"url\":\"https:\/\/ingenieria.udd.cl\/ii\/files\/2020\/05\/foto-proyectoedutech-3-scaled-1.jpg\",\"contentUrl\":\"https:\/\/ingenieria.udd.cl\/ii\/files\/2020\/05\/foto-proyectoedutech-3-scaled-1.jpg\",\"width\":2560,\"height\":1920},{\"@type\":\"BreadcrumbList\",\"@id\":\"https:\/\/ingenieria.udd.cl\/ii\/edutech-para-la-innovacion-social\/#breadcrumb\",\"itemListElement\":[{\"@type\":\"ListItem\",\"position\":1,\"name\":\"Portada\",\"item\":\"https:\/\/ingenieria.udd.cl\/ii\/\"},{\"@type\":\"ListItem\",\"position\":2,\"name\":\"Edutech para la Innovaci\u00f3n social\"}]},{\"@type\":\"WebSite\",\"@id\":\"https:\/\/ingenieria.udd.cl\/ii\/#website\",\"url\":\"https:\/\/ingenieria.udd.cl\/ii\/\",\"name\":\"Innovaci\u00f3n Ingenier\u00eda\",\"description\":\"Otro sitio m\u00e1s de Ingenieria\",\"inLanguage\":\"es\"}]}<\/script>\n<!-- \/ Yoast SEO plugin. -->","yoast_head_json":{"title":"Edutech para la Innovaci\u00f3n social - Innovaci\u00f3n Ingenier\u00eda","robots":{"index":"index","follow":"follow","max-snippet":"max-snippet:-1","max-image-preview":"max-image-preview:large","max-video-preview":"max-video-preview:-1"},"canonical":"https:\/\/ingenieria.udd.cl\/ii\/edutech-para-la-innovacion-social\/","og_locale":"es_ES","og_type":"article","og_title":"Edutech para la Innovaci\u00f3n social - Innovaci\u00f3n Ingenier\u00eda","og_url":"https:\/\/ingenieria.udd.cl\/ii\/edutech-para-la-innovacion-social\/","og_site_name":"Innovaci\u00f3n Ingenier\u00eda","og_image":[{"width":2560,"height":1920,"url":"https:\/\/ingenieria.udd.cl\/ii\/files\/2020\/05\/foto-proyectoedutech-3-scaled-1.jpg","type":"image\/jpeg"}],"twitter_card":"summary_large_image","twitter_misc":{"Tiempo de lectura":"1 minuto"},"schema":{"@context":"https:\/\/schema.org","@graph":[{"@type":"WebPage","@id":"https:\/\/ingenieria.udd.cl\/ii\/edutech-para-la-innovacion-social\/","url":"https:\/\/ingenieria.udd.cl\/ii\/edutech-para-la-innovacion-social\/","name":"Edutech para la Innovaci\u00f3n social - Innovaci\u00f3n Ingenier\u00eda","isPartOf":{"@id":"https:\/\/ingenieria.udd.cl\/ii\/#website"},"primaryImageOfPage":{"@id":"https:\/\/ingenieria.udd.cl\/ii\/edutech-para-la-innovacion-social\/#primaryimage"},"image":{"@id":"https:\/\/ingenieria.udd.cl\/ii\/edutech-para-la-innovacion-social\/#primaryimage"},"thumbnailUrl":"https:\/\/ingenieria.udd.cl\/ii\/files\/2020\/05\/foto-proyectoedutech-3-scaled-1.jpg","datePublished":"2020-05-28T21:59:11+00:00","breadcrumb":{"@id":"https:\/\/ingenieria.udd.cl\/ii\/edutech-para-la-innovacion-social\/#breadcrumb"},"inLanguage":"es","potentialAction":[{"@type":"ReadAction","target":["https:\/\/ingenieria.udd.cl\/ii\/edutech-para-la-innovacion-social\/"]}]},{"@type":"ImageObject","inLanguage":"es","@id":"https:\/\/ingenieria.udd.cl\/ii\/edutech-para-la-innovacion-social\/#primaryimage","url":"https:\/\/ingenieria.udd.cl\/ii\/files\/2020\/05\/foto-proyectoedutech-3-scaled-1.jpg","contentUrl":"https:\/\/ingenieria.udd.cl\/ii\/files\/2020\/05\/foto-proyectoedutech-3-scaled-1.jpg","width":2560,"height":1920},{"@type":"BreadcrumbList","@id":"https:\/\/ingenieria.udd.cl\/ii\/edutech-para-la-innovacion-social\/#breadcrumb","itemListElement":[{"@type":"ListItem","position":1,"name":"Portada","item":"https:\/\/ingenieria.udd.cl\/ii\/"},{"@type":"ListItem","position":2,"name":"Edutech para la Innovaci\u00f3n social"}]},{"@type":"WebSite","@id":"https:\/\/ingenieria.udd.cl\/ii\/#website","url":"https:\/\/ingenieria.udd.cl\/ii\/","name":"Innovaci\u00f3n Ingenier\u00eda","description":"Otro sitio m\u00e1s de Ingenieria","inLanguage":"es"}]}},"_links":{"self":[{"href":"https:\/\/ingenieria.udd.cl\/ii\/wp-json\/wp\/v2\/pages\/958","targetHints":{"allow":["GET"]}}],"collection":[{"href":"https:\/\/ingenieria.udd.cl\/ii\/wp-json\/wp\/v2\/pages"}],"about":[{"href":"https:\/\/ingenieria.udd.cl\/ii\/wp-json\/wp\/v2\/types\/page"}],"author":[{"embeddable":true,"href":"https:\/\/ingenieria.udd.cl\/ii\/wp-json\/wp\/v2\/users\/9192225"}],"replies":[{"embeddable":true,"href":"https:\/\/ingenieria.udd.cl\/ii\/wp-json\/wp\/v2\/comments?post=958"}],"version-history":[{"count":0,"href":"https:\/\/ingenieria.udd.cl\/ii\/wp-json\/wp\/v2\/pages\/958\/revisions"}],"wp:featuredmedia":[{"embeddable":true,"href":"https:\/\/ingenieria.udd.cl\/ii\/wp-json\/wp\/v2\/media\/971"}],"wp:attachment":[{"href":"https:\/\/ingenieria.udd.cl\/ii\/wp-json\/wp\/v2\/media?parent=958"}],"curies":[{"name":"wp","href":"https:\/\/api.w.org\/{rel}","templated":true}]}}