{"id":983,"date":"2020-05-28T22:13:07","date_gmt":"2020-05-28T22:13:07","guid":{"rendered":"https:\/\/ii.udd.cl\/?page_id=983"},"modified":"2020-05-28T22:13:07","modified_gmt":"2020-05-28T22:13:07","slug":"tech-policy-lab-descripcion","status":"publish","type":"page","link":"https:\/\/ingenieria.udd.cl\/ii\/tech-policy-lab-descripcion\/","title":{"rendered":"Descripci\u00f3n Tech Policy Lab"},"content":{"rendered":"<section\n\tclass=\"wp-block-udd-text-row block--bg-gray\"\n\t\t>\n\t<div class=\"text-row\">\n\t\t<div class=\"text-row__content\">\n\t\t\t<div class=\"text-row__content-inner text\">\n\t\t\t\t\t\t\t\t\n<p>Tech Policy Lab es una red de trabajo participativo interdisciplinar y plataforma de proyectos colaborativos para el desarrollo de herramientas tecnol\u00f3gicas amigables, accesibles y de bajo costo que sirvan de puente entre las pol\u00edticas p\u00fablicas y sus beneficiarios a trav\u00e9s de la educaci\u00f3n, investigaci\u00f3n y puesta en valor de proyectos con impacto social, que visibilicen demandas ciudadanas.<br><\/p>\n\n<p>Desarrollamos y agenciamos proyectos con base tecnol\u00f3gica para obtener mejores resultados en el dise\u00f1o de pol\u00edticas p\u00fablicas, empoderando a ciudadanos y comunidades para la construcci\u00f3n de pol\u00edticas tecnol\u00f3gicas m\u00e1s inclusivas. Trabajamos con base a un modelo de tres fases, din\u00e1mico y flexible, que da cuenta de un mirada integral de las pol\u00edticas p\u00fablicas tecnol\u00f3gicas.<br><\/p>\n\n<p>Una primera fase consiste en la <em>Visibilizaci\u00f3n<\/em> de problemas sociales con un anclaje territorial espec\u00edfico, en el cual se recurre a evidencia con soporte tecnol\u00f3gico (an\u00e1lisis espacial, definici\u00f3n de perfiles de riesgo; grillas de incivilidades, indicadores de desarrollo humano e inversi\u00f3n p\u00fablica) as\u00ed como a fuentes de datos oficiales de las pol\u00edticas p\u00fablicas en curso. Una segunda fase consiste en la <em>Participaci\u00f3n<\/em> de los actores locales para el co-dise\u00f1o de problem\u00e1ticas y soluciones, por medio tecnolog\u00edas de pensamiento visible y de metodolog\u00edas de creatividad e innovaci\u00f3n, en las que acad\u00e9micos y hacedores de pol\u00edticas act\u00faan como facilitadores de procesos de empoderamiento local. Finalmente, la tercera fase se denomina de <em>Transformaci\u00f3n<\/em>, en la que se gestiona social e institucionalmente el cambio cultural y material para la implementaci\u00f3n de soluciones a problemas y conflictos barriales, escolares o comunitarios, dejando espacio para la evaluaci\u00f3n y auto-observaci\u00f3n permanente de los actores sobre los procesos y resultados generados.<br><\/p>\n\t\t\t<\/div>\n\t\t<\/div>\n\t\t<div class=\"text-row__media\">\n\t\t\t<img loading=\"lazy\" decoding=\"async\" width=\"952\" height=\"534\" src=\"https:\/\/ingenieria.udd.cl\/ii\/files\/2020\/05\/foto-proyectoedutech-1-scaled-1-680x382.jpg\" class=\"text-row__media-image lazyload\" alt=\"\" sizes=\"auto, (max-width: 952px) 100vw, 952px\" data-src=\"https:\/\/ingenieria.udd.cl\/ii\/files\/2020\/05\/foto-proyectoedutech-1-scaled-1-952x534.jpg\" data-srcset=\"https:\/\/ingenieria.udd.cl\/ii\/files\/2020\/05\/foto-proyectoedutech-1-scaled-1-952x534.jpg 952w, https:\/\/ingenieria.udd.cl\/ii\/files\/2020\/05\/foto-proyectoedutech-1-scaled-1-1366x768.jpg 1366w, https:\/\/ingenieria.udd.cl\/ii\/files\/2020\/05\/foto-proyectoedutech-1-scaled-1-680x382.jpg 680w\" \/>\t\t<\/div>\n\t<\/div>\n<\/section>\n\n\n\n<div class=\"wp-block-image is-style-default\"><figure class=\"aligncenter size-large is-resized\"><img loading=\"lazy\" decoding=\"async\" src=\"https:\/\/ingenieria.udd.cl\/ii\/files\/2020\/05\/modelo-1024x1024.jpg\" alt=\"\" class=\"wp-image-984\" width=\"592\" height=\"592\" srcset=\"https:\/\/ingenieria.udd.cl\/ii\/files\/2020\/05\/modelo-1024x1024.jpg 1024w, https:\/\/ingenieria.udd.cl\/ii\/files\/2020\/05\/modelo-300x300.jpg 300w, https:\/\/ingenieria.udd.cl\/ii\/files\/2020\/05\/modelo-150x150.jpg 150w, https:\/\/ingenieria.udd.cl\/ii\/files\/2020\/05\/modelo-768x768.jpg 768w, https:\/\/ingenieria.udd.cl\/ii\/files\/2020\/05\/modelo-62x62.jpg 62w, https:\/\/ingenieria.udd.cl\/ii\/files\/2020\/05\/modelo-750x750.jpg 750w, https:\/\/ingenieria.udd.cl\/ii\/files\/2020\/05\/modelo-500x500.jpg 500w, https:\/\/ingenieria.udd.cl\/ii\/files\/2020\/05\/modelo-250x250.jpg 250w, https:\/\/ingenieria.udd.cl\/ii\/files\/2020\/05\/modelo-126x126.jpg 126w, https:\/\/ingenieria.udd.cl\/ii\/files\/2020\/05\/modelo.jpg 1500w\" sizes=\"auto, (max-width: 592px) 100vw, 592px\" \/><\/figure><\/div>\n\n\n<p class=\"wp-block-udd-button text-left\"><a class=\"btn btn-secondary \" href=\"https:\/\/ii.udd.cl\/techpolicylab\/\" data-url=\"https:\/\/ii.udd.cl\/techpolicylab\/\"><svg class=\"svg-external-dims\"><use xlink:href='https:\/\/ingenieria.udd.cl\/ii\/wp-content\/themes\/facultades-2018\/assets\/img\/svg\/dist\/main.svg?version=1695853099#external'><\/use><\/svg> Volver <\/a><\/p>\n","protected":false},"excerpt":{"rendered":"","protected":false},"author":9192225,"featured_media":0,"parent":0,"menu_order":0,"comment_status":"closed","ping_status":"closed","template":"","meta":{"footnotes":""},"class_list":["post-983","page","type-page","status-publish","hentry"],"yoast_head":"<!-- This site is optimized with the Yoast SEO plugin v26.9 - https:\/\/yoast.com\/product\/yoast-seo-wordpress\/ -->\n<title>Descripci\u00f3n Tech Policy Lab - Innovaci\u00f3n Ingenier\u00eda<\/title>\n<meta name=\"robots\" content=\"index, follow, max-snippet:-1, max-image-preview:large, max-video-preview:-1\" \/>\n<link rel=\"canonical\" href=\"https:\/\/ingenieria.udd.cl\/ii\/tech-policy-lab-descripcion\/\" \/>\n<meta property=\"og:locale\" content=\"es_ES\" \/>\n<meta property=\"og:type\" content=\"article\" \/>\n<meta property=\"og:title\" content=\"Descripci\u00f3n Tech Policy Lab - Innovaci\u00f3n Ingenier\u00eda\" \/>\n<meta property=\"og:url\" content=\"https:\/\/ingenieria.udd.cl\/ii\/tech-policy-lab-descripcion\/\" \/>\n<meta property=\"og:site_name\" content=\"Innovaci\u00f3n Ingenier\u00eda\" \/>\n<meta property=\"og:image\" content=\"https:\/\/ingenieria.udd.cl\/ii\/files\/2020\/05\/foto-proyectoedutech-1-scaled-1.jpg\" \/>\n<meta name=\"twitter:card\" content=\"summary_large_image\" \/>\n<meta name=\"twitter:label1\" content=\"Tiempo de lectura\" \/>\n\t<meta name=\"twitter:data1\" content=\"2 minutos\" \/>\n<script type=\"application\/ld+json\" class=\"yoast-schema-graph\">{\"@context\":\"https:\/\/schema.org\",\"@graph\":[{\"@type\":\"WebPage\",\"@id\":\"https:\/\/ingenieria.udd.cl\/ii\/tech-policy-lab-descripcion\/\",\"url\":\"https:\/\/ingenieria.udd.cl\/ii\/tech-policy-lab-descripcion\/\",\"name\":\"Descripci\u00f3n Tech Policy Lab - Innovaci\u00f3n Ingenier\u00eda\",\"isPartOf\":{\"@id\":\"https:\/\/ingenieria.udd.cl\/ii\/#website\"},\"primaryImageOfPage\":{\"@id\":\"https:\/\/ingenieria.udd.cl\/ii\/tech-policy-lab-descripcion\/#primaryimage\"},\"image\":{\"@id\":\"https:\/\/ingenieria.udd.cl\/ii\/tech-policy-lab-descripcion\/#primaryimage\"},\"thumbnailUrl\":\"https:\/\/ingenieria.udd.cl\/ii\/files\/2020\/05\/foto-proyectoedutech-1-scaled-1.jpg\",\"datePublished\":\"2020-05-28T22:13:07+00:00\",\"breadcrumb\":{\"@id\":\"https:\/\/ingenieria.udd.cl\/ii\/tech-policy-lab-descripcion\/#breadcrumb\"},\"inLanguage\":\"es\",\"potentialAction\":[{\"@type\":\"ReadAction\",\"target\":[\"https:\/\/ingenieria.udd.cl\/ii\/tech-policy-lab-descripcion\/\"]}]},{\"@type\":\"ImageObject\",\"inLanguage\":\"es\",\"@id\":\"https:\/\/ingenieria.udd.cl\/ii\/tech-policy-lab-descripcion\/#primaryimage\",\"url\":\"https:\/\/ingenieria.udd.cl\/ii\/files\/2020\/05\/foto-proyectoedutech-1-scaled-1.jpg\",\"contentUrl\":\"https:\/\/ingenieria.udd.cl\/ii\/files\/2020\/05\/foto-proyectoedutech-1-scaled-1.jpg\",\"width\":2560,\"height\":1920},{\"@type\":\"BreadcrumbList\",\"@id\":\"https:\/\/ingenieria.udd.cl\/ii\/tech-policy-lab-descripcion\/#breadcrumb\",\"itemListElement\":[{\"@type\":\"ListItem\",\"position\":1,\"name\":\"Portada\",\"item\":\"https:\/\/ingenieria.udd.cl\/ii\/\"},{\"@type\":\"ListItem\",\"position\":2,\"name\":\"Descripci\u00f3n Tech Policy Lab\"}]},{\"@type\":\"WebSite\",\"@id\":\"https:\/\/ingenieria.udd.cl\/ii\/#website\",\"url\":\"https:\/\/ingenieria.udd.cl\/ii\/\",\"name\":\"Innovaci\u00f3n Ingenier\u00eda\",\"description\":\"Otro sitio m\u00e1s de Ingenieria\",\"inLanguage\":\"es\"}]}<\/script>\n<!-- \/ Yoast SEO plugin. -->","yoast_head_json":{"title":"Descripci\u00f3n Tech Policy Lab - Innovaci\u00f3n Ingenier\u00eda","robots":{"index":"index","follow":"follow","max-snippet":"max-snippet:-1","max-image-preview":"max-image-preview:large","max-video-preview":"max-video-preview:-1"},"canonical":"https:\/\/ingenieria.udd.cl\/ii\/tech-policy-lab-descripcion\/","og_locale":"es_ES","og_type":"article","og_title":"Descripci\u00f3n Tech Policy Lab - Innovaci\u00f3n Ingenier\u00eda","og_url":"https:\/\/ingenieria.udd.cl\/ii\/tech-policy-lab-descripcion\/","og_site_name":"Innovaci\u00f3n Ingenier\u00eda","og_image":[{"url":"https:\/\/ingenieria.udd.cl\/ii\/files\/2020\/05\/foto-proyectoedutech-1-scaled-1.jpg","type":"","width":"","height":""}],"twitter_card":"summary_large_image","twitter_misc":{"Tiempo de lectura":"2 minutos"},"schema":{"@context":"https:\/\/schema.org","@graph":[{"@type":"WebPage","@id":"https:\/\/ingenieria.udd.cl\/ii\/tech-policy-lab-descripcion\/","url":"https:\/\/ingenieria.udd.cl\/ii\/tech-policy-lab-descripcion\/","name":"Descripci\u00f3n Tech Policy Lab - Innovaci\u00f3n Ingenier\u00eda","isPartOf":{"@id":"https:\/\/ingenieria.udd.cl\/ii\/#website"},"primaryImageOfPage":{"@id":"https:\/\/ingenieria.udd.cl\/ii\/tech-policy-lab-descripcion\/#primaryimage"},"image":{"@id":"https:\/\/ingenieria.udd.cl\/ii\/tech-policy-lab-descripcion\/#primaryimage"},"thumbnailUrl":"https:\/\/ingenieria.udd.cl\/ii\/files\/2020\/05\/foto-proyectoedutech-1-scaled-1.jpg","datePublished":"2020-05-28T22:13:07+00:00","breadcrumb":{"@id":"https:\/\/ingenieria.udd.cl\/ii\/tech-policy-lab-descripcion\/#breadcrumb"},"inLanguage":"es","potentialAction":[{"@type":"ReadAction","target":["https:\/\/ingenieria.udd.cl\/ii\/tech-policy-lab-descripcion\/"]}]},{"@type":"ImageObject","inLanguage":"es","@id":"https:\/\/ingenieria.udd.cl\/ii\/tech-policy-lab-descripcion\/#primaryimage","url":"https:\/\/ingenieria.udd.cl\/ii\/files\/2020\/05\/foto-proyectoedutech-1-scaled-1.jpg","contentUrl":"https:\/\/ingenieria.udd.cl\/ii\/files\/2020\/05\/foto-proyectoedutech-1-scaled-1.jpg","width":2560,"height":1920},{"@type":"BreadcrumbList","@id":"https:\/\/ingenieria.udd.cl\/ii\/tech-policy-lab-descripcion\/#breadcrumb","itemListElement":[{"@type":"ListItem","position":1,"name":"Portada","item":"https:\/\/ingenieria.udd.cl\/ii\/"},{"@type":"ListItem","position":2,"name":"Descripci\u00f3n Tech Policy Lab"}]},{"@type":"WebSite","@id":"https:\/\/ingenieria.udd.cl\/ii\/#website","url":"https:\/\/ingenieria.udd.cl\/ii\/","name":"Innovaci\u00f3n Ingenier\u00eda","description":"Otro sitio m\u00e1s de Ingenieria","inLanguage":"es"}]}},"_links":{"self":[{"href":"https:\/\/ingenieria.udd.cl\/ii\/wp-json\/wp\/v2\/pages\/983","targetHints":{"allow":["GET"]}}],"collection":[{"href":"https:\/\/ingenieria.udd.cl\/ii\/wp-json\/wp\/v2\/pages"}],"about":[{"href":"https:\/\/ingenieria.udd.cl\/ii\/wp-json\/wp\/v2\/types\/page"}],"author":[{"embeddable":true,"href":"https:\/\/ingenieria.udd.cl\/ii\/wp-json\/wp\/v2\/users\/9192225"}],"replies":[{"embeddable":true,"href":"https:\/\/ingenieria.udd.cl\/ii\/wp-json\/wp\/v2\/comments?post=983"}],"version-history":[{"count":0,"href":"https:\/\/ingenieria.udd.cl\/ii\/wp-json\/wp\/v2\/pages\/983\/revisions"}],"wp:attachment":[{"href":"https:\/\/ingenieria.udd.cl\/ii\/wp-json\/wp\/v2\/media?parent=983"}],"curies":[{"name":"wp","href":"https:\/\/api.w.org\/{rel}","templated":true}]}}