{"id":100,"date":"2020-10-01T17:19:54","date_gmt":"2020-10-01T15:19:54","guid":{"rendered":"http:\/\/ingenieria.udd.cl\/impactoudd\/?page_id=100"},"modified":"2022-02-09T17:06:16","modified_gmt":"2022-02-09T16:06:16","slug":"kit-suelos","status":"publish","type":"page","link":"https:\/\/ingenieria.udd.cl\/impactoudd\/proyectos\/kit-suelos\/","title":{"rendered":"Kit de suelos"},"content":{"rendered":"\n<p>E<em>l Kit de suelo es un proyecto del Centro I+D de la Facultad de Ingenier\u00eda, permite caracterizar sus componentes y dar informaci\u00f3n del momento al productor para saber la calidad del suelo.<\/em><\/p>\n\n\n\n<p><em>A fines del 2020 se implementaron algunos kits de suelo d<\/em>e la mano de Fundaci\u00f3n ATACAMA VERDE en Caldera, Copiap\u00f3.\u00a0<\/p>\n\n\n\n<p>Este kit brinda oportunidades para diagnosticar y caracterizar el tipo de suelos, y a partir de los resultados saber c\u00f3mo tratar las tierras con los fertilizantes adecuados garantizando aspectos de producci\u00f3n y su calidad.\u00a0<\/p>\n\n\n\n<p>Dentro de los elementos que reconoce este Kit se encuentran: carbono, cobre, ars\u00e9nico y cantidad de componentes org\u00e1nicos que tiene (como materia org\u00e1nica y macronutrientes), informaci\u00f3n que permite generar un diagn\u00f3stico cualitativo.\u00a0\u00a0<\/p>\n\n\n\n<p>Durante el 2021, junto al equipo de investigadores a cargo del proyecto, estudiantes de geolog\u00eda se involucraron en la mejora del kit y optimizaci\u00f3n de los procesos qu\u00edmicos.\u00a0<\/p>\n\n\n\n<p>Se contin\u00faa con la realizaci\u00f3n de pruebas, revisi\u00f3n de pruebas y m\u00e9todos aplicables.\u00a0<\/p>\n\n\n\n<p><strong>Alumnos Vinculados:<\/strong><\/p>\n\n\n\n<ul class=\"wp-block-list\"><li>Sophia Francisca Orellana Avil\u00e9s &#8211; Geolog\u00eda<\/li><li>Andres Canales &#8211; Geolog\u00eda<\/li><li>Alejandro Israel Esteban Espinoza Torres &#8211; Geolog\u00eda<\/li><li>Fernando Jes\u00fas Maturana Campos &#8211; Geolog\u00eda<\/li><li>Elias Ignacio Gatica Pailacura &#8211; Geolog\u00eda<\/li><\/ul>\n\n\n\n<p><strong>Mentores:<\/strong>  Carolina Trujillo y Felipe Olivares, Qu\u00edmico y Licenciado en Qu\u00edmica. Analista f\u00edsico-qu\u00edmico.<br><\/p>\n\n\n\n<figure class=\"wp-block-gallery columns-3 is-cropped wp-block-gallery-1 is-layout-flex wp-block-gallery-is-layout-flex\"><ul class=\"blocks-gallery-grid\"><li class=\"blocks-gallery-item\"><figure><img loading=\"lazy\" decoding=\"async\" width=\"1024\" height=\"768\" src=\"https:\/\/ingenieria.udd.cl\/impactoudd\/files\/2022\/02\/20201203_153101-1024x768.jpg\" alt=\"\" data-id=\"1948\" data-full-url=\"https:\/\/ingenieria.udd.cl\/impactoudd\/files\/2022\/02\/20201203_153101-scaled.jpg\" data-link=\"https:\/\/ingenieria.udd.cl\/impactoudd\/proyectos\/atacama-verde\/20201203_153101-3\/\" class=\"wp-image-1948\" srcset=\"https:\/\/ingenieria.udd.cl\/impactoudd\/files\/2022\/02\/20201203_153101-1024x768.jpg 1024w, https:\/\/ingenieria.udd.cl\/impactoudd\/files\/2022\/02\/20201203_153101-300x225.jpg 300w, https:\/\/ingenieria.udd.cl\/impactoudd\/files\/2022\/02\/20201203_153101-768x576.jpg 768w, https:\/\/ingenieria.udd.cl\/impactoudd\/files\/2022\/02\/20201203_153101-1536x1152.jpg 1536w, https:\/\/ingenieria.udd.cl\/impactoudd\/files\/2022\/02\/20201203_153101-2048x1536.jpg 2048w\" sizes=\"auto, (max-width: 1024px) 100vw, 1024px\" \/><\/figure><\/li><li class=\"blocks-gallery-item\"><figure><img loading=\"lazy\" decoding=\"async\" width=\"1024\" height=\"768\" src=\"https:\/\/ingenieria.udd.cl\/impactoudd\/files\/2022\/02\/20201202_123940-1024x768.jpg\" alt=\"\" data-id=\"1949\" data-full-url=\"https:\/\/ingenieria.udd.cl\/impactoudd\/files\/2022\/02\/20201202_123940-scaled.jpg\" data-link=\"https:\/\/ingenieria.udd.cl\/impactoudd\/proyectos\/atacama-verde\/20201202_123940-2\/\" class=\"wp-image-1949\" srcset=\"https:\/\/ingenieria.udd.cl\/impactoudd\/files\/2022\/02\/20201202_123940-1024x768.jpg 1024w, https:\/\/ingenieria.udd.cl\/impactoudd\/files\/2022\/02\/20201202_123940-300x225.jpg 300w, https:\/\/ingenieria.udd.cl\/impactoudd\/files\/2022\/02\/20201202_123940-768x576.jpg 768w, https:\/\/ingenieria.udd.cl\/impactoudd\/files\/2022\/02\/20201202_123940-1536x1152.jpg 1536w, https:\/\/ingenieria.udd.cl\/impactoudd\/files\/2022\/02\/20201202_123940-2048x1536.jpg 2048w\" sizes=\"auto, (max-width: 1024px) 100vw, 1024px\" \/><\/figure><\/li><li class=\"blocks-gallery-item\"><figure><img loading=\"lazy\" decoding=\"async\" width=\"768\" height=\"1024\" src=\"https:\/\/ingenieria.udd.cl\/impactoudd\/files\/2022\/02\/20201130_185418-768x1024.jpg\" alt=\"\" data-id=\"1950\" data-full-url=\"https:\/\/ingenieria.udd.cl\/impactoudd\/files\/2022\/02\/20201130_185418-scaled.jpg\" data-link=\"https:\/\/ingenieria.udd.cl\/impactoudd\/proyectos\/atacama-verde\/20201130_185418-2\/\" class=\"wp-image-1950\" srcset=\"https:\/\/ingenieria.udd.cl\/impactoudd\/files\/2022\/02\/20201130_185418-768x1024.jpg 768w, https:\/\/ingenieria.udd.cl\/impactoudd\/files\/2022\/02\/20201130_185418-225x300.jpg 225w, https:\/\/ingenieria.udd.cl\/impactoudd\/files\/2022\/02\/20201130_185418-1152x1536.jpg 1152w, https:\/\/ingenieria.udd.cl\/impactoudd\/files\/2022\/02\/20201130_185418-1536x2048.jpg 1536w, https:\/\/ingenieria.udd.cl\/impactoudd\/files\/2022\/02\/20201130_185418-scaled.jpg 1920w\" sizes=\"auto, (max-width: 768px) 100vw, 768px\" \/><\/figure><\/li><li class=\"blocks-gallery-item\"><figure><img loading=\"lazy\" decoding=\"async\" width=\"1024\" height=\"768\" src=\"https:\/\/ingenieria.udd.cl\/impactoudd\/files\/2022\/02\/IMG-20201204-WA0162-1024x768.jpg\" alt=\"\" data-id=\"1951\" data-full-url=\"https:\/\/ingenieria.udd.cl\/impactoudd\/files\/2022\/02\/IMG-20201204-WA0162.jpg\" data-link=\"https:\/\/ingenieria.udd.cl\/impactoudd\/proyectos\/atacama-verde\/img-20201204-wa0162-3\/\" class=\"wp-image-1951\" srcset=\"https:\/\/ingenieria.udd.cl\/impactoudd\/files\/2022\/02\/IMG-20201204-WA0162-1024x768.jpg 1024w, https:\/\/ingenieria.udd.cl\/impactoudd\/files\/2022\/02\/IMG-20201204-WA0162-300x225.jpg 300w, https:\/\/ingenieria.udd.cl\/impactoudd\/files\/2022\/02\/IMG-20201204-WA0162-768x576.jpg 768w, https:\/\/ingenieria.udd.cl\/impactoudd\/files\/2022\/02\/IMG-20201204-WA0162.jpg 1280w\" sizes=\"auto, (max-width: 1024px) 100vw, 1024px\" \/><\/figure><\/li><li class=\"blocks-gallery-item\"><figure><img loading=\"lazy\" decoding=\"async\" width=\"1024\" height=\"768\" src=\"https:\/\/ingenieria.udd.cl\/impactoudd\/files\/2022\/02\/20201204_125234-1024x768.jpg\" alt=\"\" data-id=\"1952\" data-full-url=\"https:\/\/ingenieria.udd.cl\/impactoudd\/files\/2022\/02\/20201204_125234-scaled.jpg\" data-link=\"https:\/\/ingenieria.udd.cl\/impactoudd\/proyectos\/atacama-verde\/20201204_125234-3\/\" class=\"wp-image-1952\" srcset=\"https:\/\/ingenieria.udd.cl\/impactoudd\/files\/2022\/02\/20201204_125234-1024x768.jpg 1024w, https:\/\/ingenieria.udd.cl\/impactoudd\/files\/2022\/02\/20201204_125234-300x225.jpg 300w, https:\/\/ingenieria.udd.cl\/impactoudd\/files\/2022\/02\/20201204_125234-768x576.jpg 768w, https:\/\/ingenieria.udd.cl\/impactoudd\/files\/2022\/02\/20201204_125234-1536x1152.jpg 1536w, https:\/\/ingenieria.udd.cl\/impactoudd\/files\/2022\/02\/20201204_125234-2048x1536.jpg 2048w\" sizes=\"auto, (max-width: 1024px) 100vw, 1024px\" \/><\/figure><\/li><li class=\"blocks-gallery-item\"><figure><img loading=\"lazy\" decoding=\"async\" width=\"768\" height=\"1024\" src=\"https:\/\/ingenieria.udd.cl\/impactoudd\/files\/2022\/02\/WhatsApp-Image-2021-12-03-at-21.00.33-768x1024.jpeg\" alt=\"\" data-id=\"1953\" data-full-url=\"https:\/\/ingenieria.udd.cl\/impactoudd\/files\/2022\/02\/WhatsApp-Image-2021-12-03-at-21.00.33.jpeg\" data-link=\"https:\/\/ingenieria.udd.cl\/impactoudd\/proyectos\/atacama-verde\/whatsapp-image-2021-12-03-at-21-00-33\/\" class=\"wp-image-1953\" srcset=\"https:\/\/ingenieria.udd.cl\/impactoudd\/files\/2022\/02\/WhatsApp-Image-2021-12-03-at-21.00.33-768x1024.jpeg 768w, https:\/\/ingenieria.udd.cl\/impactoudd\/files\/2022\/02\/WhatsApp-Image-2021-12-03-at-21.00.33-225x300.jpeg 225w, https:\/\/ingenieria.udd.cl\/impactoudd\/files\/2022\/02\/WhatsApp-Image-2021-12-03-at-21.00.33-1152x1536.jpeg 1152w, https:\/\/ingenieria.udd.cl\/impactoudd\/files\/2022\/02\/WhatsApp-Image-2021-12-03-at-21.00.33.jpeg 1200w\" sizes=\"auto, (max-width: 768px) 100vw, 768px\" \/><\/figure><\/li><li class=\"blocks-gallery-item\"><figure><img loading=\"lazy\" decoding=\"async\" width=\"768\" height=\"1024\" src=\"https:\/\/ingenieria.udd.cl\/impactoudd\/files\/2022\/02\/WhatsApp-Image-2021-12-03-at-21.00.57-768x1024.jpeg\" alt=\"\" data-id=\"1954\" data-full-url=\"https:\/\/ingenieria.udd.cl\/impactoudd\/files\/2022\/02\/WhatsApp-Image-2021-12-03-at-21.00.57.jpeg\" data-link=\"https:\/\/ingenieria.udd.cl\/impactoudd\/proyectos\/atacama-verde\/whatsapp-image-2021-12-03-at-21-00-57\/\" class=\"wp-image-1954\" srcset=\"https:\/\/ingenieria.udd.cl\/impactoudd\/files\/2022\/02\/WhatsApp-Image-2021-12-03-at-21.00.57-768x1024.jpeg 768w, https:\/\/ingenieria.udd.cl\/impactoudd\/files\/2022\/02\/WhatsApp-Image-2021-12-03-at-21.00.57-225x300.jpeg 225w, https:\/\/ingenieria.udd.cl\/impactoudd\/files\/2022\/02\/WhatsApp-Image-2021-12-03-at-21.00.57-1152x1536.jpeg 1152w, https:\/\/ingenieria.udd.cl\/impactoudd\/files\/2022\/02\/WhatsApp-Image-2021-12-03-at-21.00.57.jpeg 1200w\" sizes=\"auto, (max-width: 768px) 100vw, 768px\" \/><\/figure><\/li><li class=\"blocks-gallery-item\"><figure><img loading=\"lazy\" decoding=\"async\" width=\"1024\" height=\"768\" src=\"https:\/\/ingenieria.udd.cl\/impactoudd\/files\/2022\/02\/WhatsApp-Image-2021-08-23-at-17.01.27-1024x768.jpeg\" alt=\"\" data-id=\"1955\" data-full-url=\"https:\/\/ingenieria.udd.cl\/impactoudd\/files\/2022\/02\/WhatsApp-Image-2021-08-23-at-17.01.27.jpeg\" data-link=\"https:\/\/ingenieria.udd.cl\/impactoudd\/proyectos\/atacama-verde\/whatsapp-image-2021-08-23-at-17-01-27\/\" class=\"wp-image-1955\" srcset=\"https:\/\/ingenieria.udd.cl\/impactoudd\/files\/2022\/02\/WhatsApp-Image-2021-08-23-at-17.01.27-1024x768.jpeg 1024w, https:\/\/ingenieria.udd.cl\/impactoudd\/files\/2022\/02\/WhatsApp-Image-2021-08-23-at-17.01.27-300x225.jpeg 300w, https:\/\/ingenieria.udd.cl\/impactoudd\/files\/2022\/02\/WhatsApp-Image-2021-08-23-at-17.01.27-768x576.jpeg 768w, https:\/\/ingenieria.udd.cl\/impactoudd\/files\/2022\/02\/WhatsApp-Image-2021-08-23-at-17.01.27-1536x1153.jpeg 1536w, https:\/\/ingenieria.udd.cl\/impactoudd\/files\/2022\/02\/WhatsApp-Image-2021-08-23-at-17.01.27.jpeg 1599w\" sizes=\"auto, (max-width: 1024px) 100vw, 1024px\" \/><\/figure><\/li><\/ul><\/figure>\n","protected":false},"excerpt":{"rendered":"<p>El Kit de suelo es un proyecto del Centro I+D de la Facultad de Ingenier\u00eda, permite caracterizar sus componentes y dar informaci\u00f3n del momento al productor para saber la calidad del suelo. A fines del 2020 se implementaron algunos kits de suelo de la mano de Fundaci\u00f3n ATACAMA VERDE en Caldera, Copiap\u00f3.\u00a0 Este kit brinda [&hellip;]<\/p>\n","protected":false},"author":9192223,"featured_media":1948,"parent":23,"menu_order":0,"comment_status":"closed","ping_status":"closed","template":"","meta":{"footnotes":""},"class_list":["post-100","page","type-page","status-publish","has-post-thumbnail","hentry"],"yoast_head":"<!-- This site is optimized with the Yoast SEO plugin v26.9 - https:\/\/yoast.com\/product\/yoast-seo-wordpress\/ -->\n<title>Kit de suelos - Impacto UDD<\/title>\n<meta name=\"robots\" content=\"index, follow, max-snippet:-1, max-image-preview:large, max-video-preview:-1\" \/>\n<link rel=\"canonical\" href=\"https:\/\/ingenieria.udd.cl\/impactoudd\/proyectos\/kit-suelos\/\" \/>\n<meta property=\"og:locale\" content=\"es_ES\" \/>\n<meta property=\"og:type\" content=\"article\" \/>\n<meta property=\"og:title\" content=\"Kit de suelos - Impacto UDD\" \/>\n<meta property=\"og:description\" content=\"El Kit de suelo es un proyecto del Centro I+D de la Facultad de Ingenier\u00eda, permite caracterizar sus componentes y dar informaci\u00f3n del momento al productor para saber la calidad del suelo. A fines del 2020 se implementaron algunos kits de suelo de la mano de Fundaci\u00f3n ATACAMA VERDE en Caldera, Copiap\u00f3.\u00a0 Este kit brinda [&hellip;]\" \/>\n<meta property=\"og:url\" content=\"https:\/\/ingenieria.udd.cl\/impactoudd\/proyectos\/kit-suelos\/\" \/>\n<meta property=\"og:site_name\" content=\"Impacto UDD\" \/>\n<meta property=\"article:modified_time\" content=\"2022-02-09T16:06:16+00:00\" \/>\n<meta property=\"og:image\" content=\"https:\/\/ingenieria.udd.cl\/impactoudd\/files\/2022\/02\/20201203_153101-scaled.jpg\" \/>\n\t<meta property=\"og:image:width\" content=\"2560\" \/>\n\t<meta property=\"og:image:height\" content=\"1920\" \/>\n\t<meta property=\"og:image:type\" content=\"image\/jpeg\" \/>\n<meta name=\"twitter:card\" content=\"summary_large_image\" \/>\n<meta name=\"twitter:label1\" content=\"Tiempo de lectura\" \/>\n\t<meta name=\"twitter:data1\" content=\"1 minuto\" \/>\n<script type=\"application\/ld+json\" class=\"yoast-schema-graph\">{\"@context\":\"https:\/\/schema.org\",\"@graph\":[{\"@type\":\"WebPage\",\"@id\":\"https:\/\/ingenieria.udd.cl\/impactoudd\/proyectos\/kit-suelos\/\",\"url\":\"https:\/\/ingenieria.udd.cl\/impactoudd\/proyectos\/kit-suelos\/\",\"name\":\"Kit de suelos - Impacto UDD\",\"isPartOf\":{\"@id\":\"https:\/\/ingenieria.udd.cl\/impactoudd\/#website\"},\"primaryImageOfPage\":{\"@id\":\"https:\/\/ingenieria.udd.cl\/impactoudd\/proyectos\/kit-suelos\/#primaryimage\"},\"image\":{\"@id\":\"https:\/\/ingenieria.udd.cl\/impactoudd\/proyectos\/kit-suelos\/#primaryimage\"},\"thumbnailUrl\":\"https:\/\/ingenieria.udd.cl\/impactoudd\/files\/2022\/02\/20201203_153101-scaled.jpg\",\"datePublished\":\"2020-10-01T15:19:54+00:00\",\"dateModified\":\"2022-02-09T16:06:16+00:00\",\"breadcrumb\":{\"@id\":\"https:\/\/ingenieria.udd.cl\/impactoudd\/proyectos\/kit-suelos\/#breadcrumb\"},\"inLanguage\":\"es\",\"potentialAction\":[{\"@type\":\"ReadAction\",\"target\":[\"https:\/\/ingenieria.udd.cl\/impactoudd\/proyectos\/kit-suelos\/\"]}]},{\"@type\":\"ImageObject\",\"inLanguage\":\"es\",\"@id\":\"https:\/\/ingenieria.udd.cl\/impactoudd\/proyectos\/kit-suelos\/#primaryimage\",\"url\":\"https:\/\/ingenieria.udd.cl\/impactoudd\/files\/2022\/02\/20201203_153101-scaled.jpg\",\"contentUrl\":\"https:\/\/ingenieria.udd.cl\/impactoudd\/files\/2022\/02\/20201203_153101-scaled.jpg\",\"width\":2560,\"height\":1920},{\"@type\":\"BreadcrumbList\",\"@id\":\"https:\/\/ingenieria.udd.cl\/impactoudd\/proyectos\/kit-suelos\/#breadcrumb\",\"itemListElement\":[{\"@type\":\"ListItem\",\"position\":1,\"name\":\"Portada\",\"item\":\"https:\/\/ingenieria.udd.cl\/impactoudd\/\"},{\"@type\":\"ListItem\",\"position\":2,\"name\":\"Proyectos\",\"item\":\"https:\/\/ingenieria.udd.cl\/impactoudd\/proyectos\/\"},{\"@type\":\"ListItem\",\"position\":3,\"name\":\"Kit de suelos\"}]},{\"@type\":\"WebSite\",\"@id\":\"https:\/\/ingenieria.udd.cl\/impactoudd\/#website\",\"url\":\"https:\/\/ingenieria.udd.cl\/impactoudd\/\",\"name\":\"Impacto UDD\",\"description\":\"Otro sitio m\u00e1s de Ingenieria\",\"inLanguage\":\"es\"}]}<\/script>\n<!-- \/ Yoast SEO plugin. -->","yoast_head_json":{"title":"Kit de suelos - Impacto UDD","robots":{"index":"index","follow":"follow","max-snippet":"max-snippet:-1","max-image-preview":"max-image-preview:large","max-video-preview":"max-video-preview:-1"},"canonical":"https:\/\/ingenieria.udd.cl\/impactoudd\/proyectos\/kit-suelos\/","og_locale":"es_ES","og_type":"article","og_title":"Kit de suelos - Impacto UDD","og_description":"El Kit de suelo es un proyecto del Centro I+D de la Facultad de Ingenier\u00eda, permite caracterizar sus componentes y dar informaci\u00f3n del momento al productor para saber la calidad del suelo. A fines del 2020 se implementaron algunos kits de suelo de la mano de Fundaci\u00f3n ATACAMA VERDE en Caldera, Copiap\u00f3.\u00a0 Este kit brinda [&hellip;]","og_url":"https:\/\/ingenieria.udd.cl\/impactoudd\/proyectos\/kit-suelos\/","og_site_name":"Impacto UDD","article_modified_time":"2022-02-09T16:06:16+00:00","og_image":[{"width":2560,"height":1920,"url":"https:\/\/ingenieria.udd.cl\/impactoudd\/files\/2022\/02\/20201203_153101-scaled.jpg","type":"image\/jpeg"}],"twitter_card":"summary_large_image","twitter_misc":{"Tiempo de lectura":"1 minuto"},"schema":{"@context":"https:\/\/schema.org","@graph":[{"@type":"WebPage","@id":"https:\/\/ingenieria.udd.cl\/impactoudd\/proyectos\/kit-suelos\/","url":"https:\/\/ingenieria.udd.cl\/impactoudd\/proyectos\/kit-suelos\/","name":"Kit de suelos - Impacto UDD","isPartOf":{"@id":"https:\/\/ingenieria.udd.cl\/impactoudd\/#website"},"primaryImageOfPage":{"@id":"https:\/\/ingenieria.udd.cl\/impactoudd\/proyectos\/kit-suelos\/#primaryimage"},"image":{"@id":"https:\/\/ingenieria.udd.cl\/impactoudd\/proyectos\/kit-suelos\/#primaryimage"},"thumbnailUrl":"https:\/\/ingenieria.udd.cl\/impactoudd\/files\/2022\/02\/20201203_153101-scaled.jpg","datePublished":"2020-10-01T15:19:54+00:00","dateModified":"2022-02-09T16:06:16+00:00","breadcrumb":{"@id":"https:\/\/ingenieria.udd.cl\/impactoudd\/proyectos\/kit-suelos\/#breadcrumb"},"inLanguage":"es","potentialAction":[{"@type":"ReadAction","target":["https:\/\/ingenieria.udd.cl\/impactoudd\/proyectos\/kit-suelos\/"]}]},{"@type":"ImageObject","inLanguage":"es","@id":"https:\/\/ingenieria.udd.cl\/impactoudd\/proyectos\/kit-suelos\/#primaryimage","url":"https:\/\/ingenieria.udd.cl\/impactoudd\/files\/2022\/02\/20201203_153101-scaled.jpg","contentUrl":"https:\/\/ingenieria.udd.cl\/impactoudd\/files\/2022\/02\/20201203_153101-scaled.jpg","width":2560,"height":1920},{"@type":"BreadcrumbList","@id":"https:\/\/ingenieria.udd.cl\/impactoudd\/proyectos\/kit-suelos\/#breadcrumb","itemListElement":[{"@type":"ListItem","position":1,"name":"Portada","item":"https:\/\/ingenieria.udd.cl\/impactoudd\/"},{"@type":"ListItem","position":2,"name":"Proyectos","item":"https:\/\/ingenieria.udd.cl\/impactoudd\/proyectos\/"},{"@type":"ListItem","position":3,"name":"Kit de suelos"}]},{"@type":"WebSite","@id":"https:\/\/ingenieria.udd.cl\/impactoudd\/#website","url":"https:\/\/ingenieria.udd.cl\/impactoudd\/","name":"Impacto UDD","description":"Otro sitio m\u00e1s de Ingenieria","inLanguage":"es"}]}},"_links":{"self":[{"href":"https:\/\/ingenieria.udd.cl\/impactoudd\/wp-json\/wp\/v2\/pages\/100","targetHints":{"allow":["GET"]}}],"collection":[{"href":"https:\/\/ingenieria.udd.cl\/impactoudd\/wp-json\/wp\/v2\/pages"}],"about":[{"href":"https:\/\/ingenieria.udd.cl\/impactoudd\/wp-json\/wp\/v2\/types\/page"}],"author":[{"embeddable":true,"href":"https:\/\/ingenieria.udd.cl\/impactoudd\/wp-json\/wp\/v2\/users\/9192223"}],"replies":[{"embeddable":true,"href":"https:\/\/ingenieria.udd.cl\/impactoudd\/wp-json\/wp\/v2\/comments?post=100"}],"version-history":[{"count":4,"href":"https:\/\/ingenieria.udd.cl\/impactoudd\/wp-json\/wp\/v2\/pages\/100\/revisions"}],"predecessor-version":[{"id":1956,"href":"https:\/\/ingenieria.udd.cl\/impactoudd\/wp-json\/wp\/v2\/pages\/100\/revisions\/1956"}],"up":[{"embeddable":true,"href":"https:\/\/ingenieria.udd.cl\/impactoudd\/wp-json\/wp\/v2\/pages\/23"}],"wp:featuredmedia":[{"embeddable":true,"href":"https:\/\/ingenieria.udd.cl\/impactoudd\/wp-json\/wp\/v2\/media\/1948"}],"wp:attachment":[{"href":"https:\/\/ingenieria.udd.cl\/impactoudd\/wp-json\/wp\/v2\/media?parent=100"}],"curies":[{"name":"wp","href":"https:\/\/api.w.org\/{rel}","templated":true}]}}