{"id":102,"date":"2020-10-01T17:20:20","date_gmt":"2020-10-01T15:20:20","guid":{"rendered":"http:\/\/ingenieria.udd.cl\/impactoudd\/?page_id=102"},"modified":"2022-02-10T18:58:04","modified_gmt":"2022-02-10T17:58:04","slug":"fundacion-coaniquem","status":"publish","type":"page","link":"https:\/\/ingenieria.udd.cl\/impactoudd\/proyectos\/fundacion-coaniquem\/","title":{"rendered":"Fundaci\u00f3n Coaniquem"},"content":{"rendered":"<section class=\"wp-block-udd-text-row block--bg-gray\">\n\t<div class=\"text-row\">\n\t\t<div class=\"text-row__content\">\n\t\t\t<div class=\"text-row__content-inner text\">\n\t\t\t\t\t\t\t\t<h2>Coaniquem<\/h2>\n\t\t\t\t\t\t\t\t\n<p class=\"has-medium-font-size\">Organizaci\u00f3n sin fines de lucro que atiende a ni\u00f1os y j\u00f3venes de 0 a 20 a\u00f1os de manera totalmente gratuita. Primer centro de quemado que atienden a m\u00e1s pacientes en el mundo. Hospital de atenci\u00f3n y centro de rehabilitaci\u00f3n en Pudahuel.<\/p>\n\t\t\t<\/div>\n\t\t<\/div>\n\t\t<div class=\"text-row__media\">\n\t\t\t<img loading=\"lazy\" decoding=\"async\" width=\"800\" height=\"533\" src=\"https:\/\/ingenieria.udd.cl\/impactoudd\/files\/2020\/10\/coaniquem-2-680x382.jpg\" class=\"text-row__media-image lazyload\" alt=\"\" sizes=\"auto, (max-width: 800px) 100vw, 800px\" data-src=\"https:\/\/ingenieria.udd.cl\/impactoudd\/files\/2020\/10\/coaniquem-2.jpg\" data-srcset=\"https:\/\/ingenieria.udd.cl\/impactoudd\/files\/2020\/10\/coaniquem-2.jpg 800w, https:\/\/ingenieria.udd.cl\/impactoudd\/files\/2020\/10\/coaniquem-2-300x200.jpg 300w, https:\/\/ingenieria.udd.cl\/impactoudd\/files\/2020\/10\/coaniquem-2-768x512.jpg 768w\" \/>\t\t<\/div>\n\t<\/div>\n<\/section>\n\n\n\n<p><strong>Proyecto XR Coaniquem<\/strong>: <strong>\u201cRealidades extendidas para el cuidado y rehabilitaci\u00f3n en Coaniquem\u201d<\/strong><\/p>\n\n\n\n<p><strong>Regi\u00f3n Metropolitana.&nbsp;<\/strong><\/p>\n\n\n\n<p><strong>Objetivo:<\/strong> Apoyar en el desarrollo de contenido a trav\u00e9s de&nbsp; la realidad virtual dirigido preparar y aliviar el dolor del paciente en sus tratamientos.&nbsp;<\/p>\n\n\n\n<ol class=\"wp-block-list\"><li>Alivio del dolor agudo \/ ansiedad para ni\u00f1os y j\u00f3venes<\/li><li>Ayuda a la rehabilitaci\u00f3n a trav\u00e9s de juegos de simulaci\u00f3n<\/li><li>Simuladores de capacitaci\u00f3n para el personal profesional y m\u00e9dico&nbsp;<\/li><\/ol>\n\n\n\n<p><strong>Comunidad: <\/strong>Pacientes y profesionales de Coaniquem sede Pudahuel<\/p>\n\n\n\n<p><strong>P\u00fablico objetivo<\/strong>: Pacientes y equipo de profesionales \u00e1rea cl\u00ednica de Coaniquem<\/p>\n\n\n\n<p><strong>Socios estrat\u00e9gicos:<\/strong><\/p>\n\n\n\n<ul class=\"wp-block-list\"><li>COANIQUEM Centro Pudahuel<\/li><li>Fundaci\u00f3n Coaniquem Avances Tecnol\u00f3gicos<\/li><li>Productora Tronadores &#8211; MACHI<\/li><\/ul>\n\n\n\n<p><strong>Mentor:<\/strong> Jorge Contreras, Lic en Enfermer\u00eda. Ms en Educaci\u00f3n en Cs de la Salud. Inter Health e comunidad<\/p>\n\n\n\n<p><strong>Descripci\u00f3n:<\/strong><\/p>\n\n\n\n<p>Este proyecto busca generar un espacio virtual novedoso e interactivo, donde los ni\u00f1os puedan afrontar y mitigar de mejor manera el dolor. La iniciativa busca generar nuevas formas de rehabilitaci\u00f3n en los ni\u00f1os y ni\u00f1as con lesiones de quemaduras, a trav\u00e9s de una tecnolog\u00eda que estimula y ayuda sus ejercicios.<\/p>\n\n\n\n<p>Se realiz\u00f3 la validaci\u00f3n y demostraci\u00f3n del proyecto de realidad extendida XR en la sede de Coaniquem, donde tuvo buena aceptaci\u00f3n por parte del equipo profesional.<\/p>\n\n\n\n<p>Magdalena Lange, Asesora de la Direcci\u00f3n de Gesti\u00f3n M\u00e9dica de Coaniquem, coment\u00f3 que \u201clas herramientas de realidad virtual tienen un impacto muy importante en la motivaci\u00f3n de los pacientes. El hecho del uso de tecnolog\u00eda hace que sin duda sea muy atractivo, se adhieran m\u00e1s al tratamiento, realicen con mayor frecuencia los ejercicios, est\u00e9n motivados y se desaf\u00eden, as\u00ed que ser\u00e1 una herramienta muy positiva para ellos\u201d.&nbsp;<\/p>\n\n\n\n<p>Dentro de los pr\u00f3ximos pasos, se contempla la b\u00fasqueda de financiamiento para el desarrollo tecnol\u00f3gico.<\/p>\n\n\n\n<p><strong>Estudiantes involucrados<\/strong>:<\/p>\n\n\n\n<ul class=\"wp-block-list\"><li>Adams Vera &#8211; Enfermer\u00eda CCP<\/li><li>Isidora Vivanco &#8211; Ciencias Pol\u00edticas&nbsp;<\/li><li>Scarlett Denisse Picart Notturno &#8211; Ciencias pol\u00edticas<\/li><li>Andrea Belen Arancibia Otero &#8211; Tecnolog\u00eda medica<\/li><li>Mayra De Los Angeles Crisostomo Mendoza &#8211; Tec. M\u00e9dica<\/li><li>Renato Herrera &#8211; Ciencias Pol\u00edticas<\/li><li>Francisca Javiera Orellana Diaz &#8211; Enfermer\u00eda<\/li><li>Maria Jesus Pratz &#8211; Enfermer\u00eda<\/li><li>Daniel Eduardo Canelo Perez &#8211; Psicolog\u00eda<\/li><li>Fabian Ruz &#8211; Enfermeria &#8211; e-comunidad<\/li><li>Maria Josefina Guillard Herrera &#8211; Tecnolog\u00eda m\u00e9dica<\/li><\/ul>\n\n\n\n<p><strong>Desarrollo Tecnol\u00f3gico a cargo de:<\/strong><\/p>\n\n\n\n<ul class=\"wp-block-list\"><li>Jose Ignacio Guzman &#8211; investigador I+D Innovaci\u00f3n UDD<\/li><li>Julieta Pi\u00f1eiro &#8211; Productora Machi \/ Tronadores<\/li><li>Gonzalo Sierra &#8211; Productora Machi \/ Tronadores<\/li><\/ul>\n\n\n\n<figure class=\"wp-block-gallery columns-3 is-cropped wp-block-gallery-1 is-layout-flex wp-block-gallery-is-layout-flex\"><ul class=\"blocks-gallery-grid\"><li class=\"blocks-gallery-item\"><figure><img loading=\"lazy\" decoding=\"async\" width=\"1024\" height=\"473\" src=\"https:\/\/ingenieria.udd.cl\/impactoudd\/files\/2022\/02\/IMG_20210610_093729-1024x473.jpg\" alt=\"\" data-id=\"1962\" data-link=\"https:\/\/ingenieria.udd.cl\/impactoudd\/proyectos\/fundacion-coaniquem\/img_20210610_093729-2\/\" class=\"wp-image-1962\" srcset=\"https:\/\/ingenieria.udd.cl\/impactoudd\/files\/2022\/02\/IMG_20210610_093729-1024x473.jpg 1024w, https:\/\/ingenieria.udd.cl\/impactoudd\/files\/2022\/02\/IMG_20210610_093729-300x138.jpg 300w, https:\/\/ingenieria.udd.cl\/impactoudd\/files\/2022\/02\/IMG_20210610_093729-768x354.jpg 768w, https:\/\/ingenieria.udd.cl\/impactoudd\/files\/2022\/02\/IMG_20210610_093729-1536x709.jpg 1536w, https:\/\/ingenieria.udd.cl\/impactoudd\/files\/2022\/02\/IMG_20210610_093729-2048x945.jpg 2048w\" sizes=\"auto, (max-width: 1024px) 100vw, 1024px\" \/><\/figure><\/li><li class=\"blocks-gallery-item\"><figure><img loading=\"lazy\" decoding=\"async\" width=\"1024\" height=\"472\" src=\"https:\/\/ingenieria.udd.cl\/impactoudd\/files\/2022\/02\/IMG_20210610_094913-1024x472.jpg\" alt=\"\" data-id=\"1963\" data-link=\"https:\/\/ingenieria.udd.cl\/impactoudd\/proyectos\/fundacion-coaniquem\/img_20210610_094913-2\/\" class=\"wp-image-1963\" srcset=\"https:\/\/ingenieria.udd.cl\/impactoudd\/files\/2022\/02\/IMG_20210610_094913-1024x472.jpg 1024w, https:\/\/ingenieria.udd.cl\/impactoudd\/files\/2022\/02\/IMG_20210610_094913-300x138.jpg 300w, https:\/\/ingenieria.udd.cl\/impactoudd\/files\/2022\/02\/IMG_20210610_094913-768x354.jpg 768w, https:\/\/ingenieria.udd.cl\/impactoudd\/files\/2022\/02\/IMG_20210610_094913-1536x709.jpg 1536w, https:\/\/ingenieria.udd.cl\/impactoudd\/files\/2022\/02\/IMG_20210610_094913-2048x945.jpg 2048w\" sizes=\"auto, (max-width: 1024px) 100vw, 1024px\" \/><\/figure><\/li><li class=\"blocks-gallery-item\"><figure><img loading=\"lazy\" decoding=\"async\" width=\"768\" height=\"1024\" src=\"https:\/\/ingenieria.udd.cl\/impactoudd\/files\/2022\/02\/WhatsApp-Image-2021-12-09-at-11.48.51-AM-768x1024.jpeg\" alt=\"\" data-id=\"1964\" data-link=\"https:\/\/ingenieria.udd.cl\/impactoudd\/proyectos\/fundacion-coaniquem\/whatsapp-image-2021-12-09-at-11-48-51-am\/\" class=\"wp-image-1964\" srcset=\"https:\/\/ingenieria.udd.cl\/impactoudd\/files\/2022\/02\/WhatsApp-Image-2021-12-09-at-11.48.51-AM-768x1024.jpeg 768w, https:\/\/ingenieria.udd.cl\/impactoudd\/files\/2022\/02\/WhatsApp-Image-2021-12-09-at-11.48.51-AM-225x300.jpeg 225w, https:\/\/ingenieria.udd.cl\/impactoudd\/files\/2022\/02\/WhatsApp-Image-2021-12-09-at-11.48.51-AM-1152x1536.jpeg 1152w, https:\/\/ingenieria.udd.cl\/impactoudd\/files\/2022\/02\/WhatsApp-Image-2021-12-09-at-11.48.51-AM.jpeg 1200w\" sizes=\"auto, (max-width: 768px) 100vw, 768px\" \/><\/figure><\/li><li class=\"blocks-gallery-item\"><figure><img loading=\"lazy\" decoding=\"async\" width=\"768\" height=\"1024\" src=\"https:\/\/ingenieria.udd.cl\/impactoudd\/files\/2022\/02\/WhatsApp-Image-2021-12-09-at-11.48.50-AM-768x1024.jpeg\" alt=\"\" data-id=\"1965\" data-link=\"https:\/\/ingenieria.udd.cl\/impactoudd\/proyectos\/fundacion-coaniquem\/whatsapp-image-2021-12-09-at-11-48-50-am\/\" class=\"wp-image-1965\" srcset=\"https:\/\/ingenieria.udd.cl\/impactoudd\/files\/2022\/02\/WhatsApp-Image-2021-12-09-at-11.48.50-AM-768x1024.jpeg 768w, https:\/\/ingenieria.udd.cl\/impactoudd\/files\/2022\/02\/WhatsApp-Image-2021-12-09-at-11.48.50-AM-225x300.jpeg 225w, https:\/\/ingenieria.udd.cl\/impactoudd\/files\/2022\/02\/WhatsApp-Image-2021-12-09-at-11.48.50-AM-1152x1536.jpeg 1152w, https:\/\/ingenieria.udd.cl\/impactoudd\/files\/2022\/02\/WhatsApp-Image-2021-12-09-at-11.48.50-AM.jpeg 1200w\" sizes=\"auto, (max-width: 768px) 100vw, 768px\" \/><\/figure><\/li><li class=\"blocks-gallery-item\"><figure><img loading=\"lazy\" decoding=\"async\" width=\"1024\" height=\"768\" src=\"https:\/\/ingenieria.udd.cl\/impactoudd\/files\/2022\/02\/20200430_105835-1024x768.jpg\" alt=\"\" data-id=\"1966\" data-full-url=\"https:\/\/ingenieria.udd.cl\/impactoudd\/files\/2022\/02\/20200430_105835-scaled.jpg\" data-link=\"https:\/\/ingenieria.udd.cl\/impactoudd\/proyectos\/fundacion-coaniquem\/20200430_105835\/\" class=\"wp-image-1966\" srcset=\"https:\/\/ingenieria.udd.cl\/impactoudd\/files\/2022\/02\/20200430_105835-1024x768.jpg 1024w, https:\/\/ingenieria.udd.cl\/impactoudd\/files\/2022\/02\/20200430_105835-300x225.jpg 300w, https:\/\/ingenieria.udd.cl\/impactoudd\/files\/2022\/02\/20200430_105835-768x576.jpg 768w, https:\/\/ingenieria.udd.cl\/impactoudd\/files\/2022\/02\/20200430_105835-1536x1152.jpg 1536w, https:\/\/ingenieria.udd.cl\/impactoudd\/files\/2022\/02\/20200430_105835-2048x1536.jpg 2048w\" sizes=\"auto, (max-width: 1024px) 100vw, 1024px\" \/><\/figure><\/li><\/ul><\/figure>\n","protected":false},"excerpt":{"rendered":"<p>Proyecto XR Coaniquem: \u201cRealidades extendidas para el cuidado y rehabilitaci\u00f3n en Coaniquem\u201d Regi\u00f3n Metropolitana.&nbsp; Objetivo: Apoyar en el desarrollo de contenido a trav\u00e9s de&nbsp; la realidad virtual dirigido preparar y aliviar el dolor del paciente en sus tratamientos.&nbsp; Alivio del dolor agudo \/ ansiedad para ni\u00f1os y j\u00f3venes Ayuda a la rehabilitaci\u00f3n a trav\u00e9s de [&hellip;]<\/p>\n","protected":false},"author":9192223,"featured_media":0,"parent":23,"menu_order":0,"comment_status":"closed","ping_status":"closed","template":"","meta":{"footnotes":""},"class_list":["post-102","page","type-page","status-publish","hentry"],"yoast_head":"<!-- This site is optimized with the Yoast SEO plugin v26.9 - https:\/\/yoast.com\/product\/yoast-seo-wordpress\/ -->\n<title>Fundaci\u00f3n Coaniquem - Impacto UDD<\/title>\n<meta name=\"robots\" content=\"index, follow, max-snippet:-1, max-image-preview:large, max-video-preview:-1\" \/>\n<link rel=\"canonical\" href=\"https:\/\/ingenieria.udd.cl\/impactoudd\/proyectos\/fundacion-coaniquem\/\" \/>\n<meta property=\"og:locale\" content=\"es_ES\" \/>\n<meta property=\"og:type\" content=\"article\" \/>\n<meta property=\"og:title\" content=\"Fundaci\u00f3n Coaniquem - Impacto UDD\" \/>\n<meta property=\"og:description\" content=\"Proyecto XR Coaniquem: \u201cRealidades extendidas para el cuidado y rehabilitaci\u00f3n en Coaniquem\u201d Regi\u00f3n Metropolitana.&nbsp; Objetivo: Apoyar en el desarrollo de contenido a trav\u00e9s de&nbsp; la realidad virtual dirigido preparar y aliviar el dolor del paciente en sus tratamientos.&nbsp; Alivio del dolor agudo \/ ansiedad para ni\u00f1os y j\u00f3venes Ayuda a la rehabilitaci\u00f3n a trav\u00e9s de [&hellip;]\" \/>\n<meta property=\"og:url\" content=\"https:\/\/ingenieria.udd.cl\/impactoudd\/proyectos\/fundacion-coaniquem\/\" \/>\n<meta property=\"og:site_name\" content=\"Impacto UDD\" \/>\n<meta property=\"article:modified_time\" content=\"2022-02-10T17:58:04+00:00\" \/>\n<meta property=\"og:image\" content=\"https:\/\/ingenieria.udd.cl\/impactoudd\/files\/2020\/10\/coaniquem-2.jpg\" \/>\n<meta name=\"twitter:card\" content=\"summary_large_image\" \/>\n<meta name=\"twitter:label1\" content=\"Tiempo de lectura\" \/>\n\t<meta name=\"twitter:data1\" content=\"2 minutos\" \/>\n<script type=\"application\/ld+json\" class=\"yoast-schema-graph\">{\"@context\":\"https:\/\/schema.org\",\"@graph\":[{\"@type\":\"WebPage\",\"@id\":\"https:\/\/ingenieria.udd.cl\/impactoudd\/proyectos\/fundacion-coaniquem\/\",\"url\":\"https:\/\/ingenieria.udd.cl\/impactoudd\/proyectos\/fundacion-coaniquem\/\",\"name\":\"Fundaci\u00f3n Coaniquem - Impacto UDD\",\"isPartOf\":{\"@id\":\"https:\/\/ingenieria.udd.cl\/impactoudd\/#website\"},\"primaryImageOfPage\":{\"@id\":\"https:\/\/ingenieria.udd.cl\/impactoudd\/proyectos\/fundacion-coaniquem\/#primaryimage\"},\"image\":{\"@id\":\"https:\/\/ingenieria.udd.cl\/impactoudd\/proyectos\/fundacion-coaniquem\/#primaryimage\"},\"thumbnailUrl\":\"https:\/\/ingenieria.udd.cl\/impactoudd\/files\/2020\/10\/coaniquem-2.jpg\",\"datePublished\":\"2020-10-01T15:20:20+00:00\",\"dateModified\":\"2022-02-10T17:58:04+00:00\",\"breadcrumb\":{\"@id\":\"https:\/\/ingenieria.udd.cl\/impactoudd\/proyectos\/fundacion-coaniquem\/#breadcrumb\"},\"inLanguage\":\"es\",\"potentialAction\":[{\"@type\":\"ReadAction\",\"target\":[\"https:\/\/ingenieria.udd.cl\/impactoudd\/proyectos\/fundacion-coaniquem\/\"]}]},{\"@type\":\"ImageObject\",\"inLanguage\":\"es\",\"@id\":\"https:\/\/ingenieria.udd.cl\/impactoudd\/proyectos\/fundacion-coaniquem\/#primaryimage\",\"url\":\"https:\/\/ingenieria.udd.cl\/impactoudd\/files\/2020\/10\/coaniquem-2.jpg\",\"contentUrl\":\"https:\/\/ingenieria.udd.cl\/impactoudd\/files\/2020\/10\/coaniquem-2.jpg\",\"width\":800,\"height\":533},{\"@type\":\"BreadcrumbList\",\"@id\":\"https:\/\/ingenieria.udd.cl\/impactoudd\/proyectos\/fundacion-coaniquem\/#breadcrumb\",\"itemListElement\":[{\"@type\":\"ListItem\",\"position\":1,\"name\":\"Portada\",\"item\":\"https:\/\/ingenieria.udd.cl\/impactoudd\/\"},{\"@type\":\"ListItem\",\"position\":2,\"name\":\"Proyectos\",\"item\":\"https:\/\/ingenieria.udd.cl\/impactoudd\/proyectos\/\"},{\"@type\":\"ListItem\",\"position\":3,\"name\":\"Fundaci\u00f3n Coaniquem\"}]},{\"@type\":\"WebSite\",\"@id\":\"https:\/\/ingenieria.udd.cl\/impactoudd\/#website\",\"url\":\"https:\/\/ingenieria.udd.cl\/impactoudd\/\",\"name\":\"Impacto UDD\",\"description\":\"Otro sitio m\u00e1s de Ingenieria\",\"inLanguage\":\"es\"}]}<\/script>\n<!-- \/ Yoast SEO plugin. -->","yoast_head_json":{"title":"Fundaci\u00f3n Coaniquem - Impacto UDD","robots":{"index":"index","follow":"follow","max-snippet":"max-snippet:-1","max-image-preview":"max-image-preview:large","max-video-preview":"max-video-preview:-1"},"canonical":"https:\/\/ingenieria.udd.cl\/impactoudd\/proyectos\/fundacion-coaniquem\/","og_locale":"es_ES","og_type":"article","og_title":"Fundaci\u00f3n Coaniquem - Impacto UDD","og_description":"Proyecto XR Coaniquem: \u201cRealidades extendidas para el cuidado y rehabilitaci\u00f3n en Coaniquem\u201d Regi\u00f3n Metropolitana.&nbsp; Objetivo: Apoyar en el desarrollo de contenido a trav\u00e9s de&nbsp; la realidad virtual dirigido preparar y aliviar el dolor del paciente en sus tratamientos.&nbsp; Alivio del dolor agudo \/ ansiedad para ni\u00f1os y j\u00f3venes Ayuda a la rehabilitaci\u00f3n a trav\u00e9s de [&hellip;]","og_url":"https:\/\/ingenieria.udd.cl\/impactoudd\/proyectos\/fundacion-coaniquem\/","og_site_name":"Impacto UDD","article_modified_time":"2022-02-10T17:58:04+00:00","og_image":[{"url":"https:\/\/ingenieria.udd.cl\/impactoudd\/files\/2020\/10\/coaniquem-2.jpg","type":"","width":"","height":""}],"twitter_card":"summary_large_image","twitter_misc":{"Tiempo de lectura":"2 minutos"},"schema":{"@context":"https:\/\/schema.org","@graph":[{"@type":"WebPage","@id":"https:\/\/ingenieria.udd.cl\/impactoudd\/proyectos\/fundacion-coaniquem\/","url":"https:\/\/ingenieria.udd.cl\/impactoudd\/proyectos\/fundacion-coaniquem\/","name":"Fundaci\u00f3n Coaniquem - Impacto UDD","isPartOf":{"@id":"https:\/\/ingenieria.udd.cl\/impactoudd\/#website"},"primaryImageOfPage":{"@id":"https:\/\/ingenieria.udd.cl\/impactoudd\/proyectos\/fundacion-coaniquem\/#primaryimage"},"image":{"@id":"https:\/\/ingenieria.udd.cl\/impactoudd\/proyectos\/fundacion-coaniquem\/#primaryimage"},"thumbnailUrl":"https:\/\/ingenieria.udd.cl\/impactoudd\/files\/2020\/10\/coaniquem-2.jpg","datePublished":"2020-10-01T15:20:20+00:00","dateModified":"2022-02-10T17:58:04+00:00","breadcrumb":{"@id":"https:\/\/ingenieria.udd.cl\/impactoudd\/proyectos\/fundacion-coaniquem\/#breadcrumb"},"inLanguage":"es","potentialAction":[{"@type":"ReadAction","target":["https:\/\/ingenieria.udd.cl\/impactoudd\/proyectos\/fundacion-coaniquem\/"]}]},{"@type":"ImageObject","inLanguage":"es","@id":"https:\/\/ingenieria.udd.cl\/impactoudd\/proyectos\/fundacion-coaniquem\/#primaryimage","url":"https:\/\/ingenieria.udd.cl\/impactoudd\/files\/2020\/10\/coaniquem-2.jpg","contentUrl":"https:\/\/ingenieria.udd.cl\/impactoudd\/files\/2020\/10\/coaniquem-2.jpg","width":800,"height":533},{"@type":"BreadcrumbList","@id":"https:\/\/ingenieria.udd.cl\/impactoudd\/proyectos\/fundacion-coaniquem\/#breadcrumb","itemListElement":[{"@type":"ListItem","position":1,"name":"Portada","item":"https:\/\/ingenieria.udd.cl\/impactoudd\/"},{"@type":"ListItem","position":2,"name":"Proyectos","item":"https:\/\/ingenieria.udd.cl\/impactoudd\/proyectos\/"},{"@type":"ListItem","position":3,"name":"Fundaci\u00f3n Coaniquem"}]},{"@type":"WebSite","@id":"https:\/\/ingenieria.udd.cl\/impactoudd\/#website","url":"https:\/\/ingenieria.udd.cl\/impactoudd\/","name":"Impacto UDD","description":"Otro sitio m\u00e1s de Ingenieria","inLanguage":"es"}]}},"_links":{"self":[{"href":"https:\/\/ingenieria.udd.cl\/impactoudd\/wp-json\/wp\/v2\/pages\/102","targetHints":{"allow":["GET"]}}],"collection":[{"href":"https:\/\/ingenieria.udd.cl\/impactoudd\/wp-json\/wp\/v2\/pages"}],"about":[{"href":"https:\/\/ingenieria.udd.cl\/impactoudd\/wp-json\/wp\/v2\/types\/page"}],"author":[{"embeddable":true,"href":"https:\/\/ingenieria.udd.cl\/impactoudd\/wp-json\/wp\/v2\/users\/9192223"}],"replies":[{"embeddable":true,"href":"https:\/\/ingenieria.udd.cl\/impactoudd\/wp-json\/wp\/v2\/comments?post=102"}],"version-history":[{"count":7,"href":"https:\/\/ingenieria.udd.cl\/impactoudd\/wp-json\/wp\/v2\/pages\/102\/revisions"}],"predecessor-version":[{"id":1982,"href":"https:\/\/ingenieria.udd.cl\/impactoudd\/wp-json\/wp\/v2\/pages\/102\/revisions\/1982"}],"up":[{"embeddable":true,"href":"https:\/\/ingenieria.udd.cl\/impactoudd\/wp-json\/wp\/v2\/pages\/23"}],"wp:attachment":[{"href":"https:\/\/ingenieria.udd.cl\/impactoudd\/wp-json\/wp\/v2\/media?parent=102"}],"curies":[{"name":"wp","href":"https:\/\/api.w.org\/{rel}","templated":true}]}}