{"id":1036,"date":"2021-06-29T21:48:55","date_gmt":"2021-06-29T19:48:55","guid":{"rendered":"https:\/\/ingenieria.udd.cl\/impactoudd\/?page_id=1036"},"modified":"2022-02-10T19:44:12","modified_gmt":"2022-02-10T18:44:12","slug":"sustenta-la-infancia","status":"publish","type":"page","link":"https:\/\/ingenieria.udd.cl\/impactoudd\/proyectos\/sustenta-la-infancia\/","title":{"rendered":"\u00abSustenta la Infancia\u00bb, Protectora de La Infancia &#8211; Puente Alto"},"content":{"rendered":"<section class=\"wp-block-udd-text-row block--bg-gray\">\n\t<div class=\"text-row\">\n\t\t<div class=\"text-row__content\">\n\t\t\t<div class=\"text-row__content-inner text\">\n\t\t\t\t\t\t\t\t<h2>Sustenta la Infancia<\/h2>\n\t\t\t\t\t\t\t\t\n<p>junto a Protectora de la Infancia<\/p>\n\t\t\t<\/div>\n\t\t<\/div>\n\t\t<div class=\"text-row__media\">\n\t\t\t<img loading=\"lazy\" decoding=\"async\" width=\"952\" height=\"534\" src=\"https:\/\/ingenieria.udd.cl\/impactoudd\/files\/2022\/02\/sustenta-4-680x382.jpg\" class=\"text-row__media-image lazyload\" alt=\"\" sizes=\"auto, (max-width: 952px) 100vw, 952px\" data-src=\"https:\/\/ingenieria.udd.cl\/impactoudd\/files\/2022\/02\/sustenta-4-952x534.jpg\" data-srcset=\"https:\/\/ingenieria.udd.cl\/impactoudd\/files\/2022\/02\/sustenta-4-952x534.jpg 952w, https:\/\/ingenieria.udd.cl\/impactoudd\/files\/2022\/02\/sustenta-4-1366x768.jpg 1366w, https:\/\/ingenieria.udd.cl\/impactoudd\/files\/2022\/02\/sustenta-4-680x382.jpg 680w\" \/>\t\t<\/div>\n\t<\/div>\n<\/section>\n\n\n\n<p><strong>Objetivo: <\/strong>Realizar un modelo de gesti\u00f3n de residuos en las diferentes sedes de La Protectora de la Infancia. Contempla:<\/p>\n\n\n\n<ul class=\"wp-block-list\"><li>Construcci\u00f3n de islas y centros de acopio<\/li><li>Confecci\u00f3n de infograf\u00eda sobre residuos<\/li><li>Realizaci\u00f3n de capacitaciones a personal<\/li><\/ul>\n\n\n\n<p><strong>P\u00fablico Objetivo:<\/strong> 15 programas sociales de Regi\u00f3n metropolitana de Protectora de la Infancia<\/p>\n\n\n\n<p><strong>Descripci\u00f3n:  <\/strong>Implementaci\u00f3n de una correcta gesti\u00f3n de residuos dentro de todas las sedes de La Protectora de la Infancia en Programas Sociales de Puente Alto<\/p>\n\n\n\n<p><strong>Mentora:<\/strong> Valentina Flores, Ingeniera Ambiental. Licenciada en Ciencias del medio ambiente.<\/p>\n\n\n\n<p><strong>Estudiantes Involucrados:<\/strong><\/p>\n\n\n\n<ul class=\"wp-block-list\"><li>Valentina Tamara Andrade Quintanilla &#8211; I. Civil Industrial<\/li><li>Francisca Isidora Bravo Bahamondes &#8211; I. Civil Industrial<\/li><li>Francisca Antonia Bast\u00edas Ar\u00e9valo &#8211; I. Civil Industrial<\/li><li>Joaqu\u00edn Josip Maroevic Arriagada &#8211; Comercial<\/li><li>Ignacio Hern\u00e1n Gallardo Rodr\u00edguez &#8211; Ingenier\u00eda Civil Industrial<\/li><li>Abril Anael Vega Larra\u00edn &#8211; Dise\u00f1o<\/li><\/ul>\n\n\n\n<p><br><\/p>\n\n\n\n<figure class=\"wp-block-embed-youtube wp-block-embed is-type-video is-provider-youtube wp-embed-aspect-16-9 wp-has-aspect-ratio\"><div class=\"wp-block-embed__wrapper\">\n<iframe loading=\"lazy\" title=\"Proyecto ImpactoUDDD &quot;Sustenta la Infancia&quot;  - Testimonio de estudiante Benjami\u0301n Melo\" width=\"500\" height=\"281\" src=\"https:\/\/www.youtube.com\/embed\/AhKu4e0QUPA?feature=oembed\" frameborder=\"0\" allow=\"accelerometer; autoplay; clipboard-write; encrypted-media; gyroscope; picture-in-picture; web-share\" referrerpolicy=\"strict-origin-when-cross-origin\" allowfullscreen><\/iframe>\n<\/div><\/figure>\n\n\n\n<figure class=\"wp-block-embed-youtube wp-block-embed is-type-video is-provider-youtube wp-embed-aspect-16-9 wp-has-aspect-ratio\"><div class=\"wp-block-embed__wrapper\">\n<iframe loading=\"lazy\" title=\"Proyecto de ImpactoUDD &quot;Sustenta la Infancia&quot; junto a la Fundaci\u00f3n Protectora de la Infancia\" width=\"500\" height=\"281\" src=\"https:\/\/www.youtube.com\/embed\/JMy1ysU0__w?feature=oembed\" frameborder=\"0\" allow=\"accelerometer; autoplay; clipboard-write; encrypted-media; gyroscope; picture-in-picture; web-share\" referrerpolicy=\"strict-origin-when-cross-origin\" allowfullscreen><\/iframe>\n<\/div><\/figure>\n\n\n\n<figure class=\"wp-block-embed-youtube wp-block-embed is-type-video is-provider-youtube wp-embed-aspect-16-9 wp-has-aspect-ratio\"><div class=\"wp-block-embed__wrapper\">\n<iframe loading=\"lazy\" title=\"Proyecto ImpactoUDD &quot;Sustenta la Infancia&quot;, Entrevista a Domingo Err\u00e1zuriz\" width=\"500\" height=\"281\" src=\"https:\/\/www.youtube.com\/embed\/VSCDuaKC56A?feature=oembed\" frameborder=\"0\" allow=\"accelerometer; autoplay; clipboard-write; encrypted-media; gyroscope; picture-in-picture; web-share\" referrerpolicy=\"strict-origin-when-cross-origin\" allowfullscreen><\/iframe>\n<\/div><\/figure>\n\n\n\n<figure class=\"wp-block-gallery columns-3 is-cropped wp-block-gallery-1 is-layout-flex wp-block-gallery-is-layout-flex\"><ul class=\"blocks-gallery-grid\"><li class=\"blocks-gallery-item\"><figure><img loading=\"lazy\" decoding=\"async\" width=\"1024\" height=\"768\" src=\"https:\/\/ingenieria.udd.cl\/impactoudd\/files\/2022\/02\/contenedores-protectora-1024x768.jpeg\" alt=\"\" data-id=\"1992\" data-full-url=\"https:\/\/ingenieria.udd.cl\/impactoudd\/files\/2022\/02\/contenedores-protectora.jpeg\" data-link=\"https:\/\/ingenieria.udd.cl\/impactoudd\/proyectos\/contenedores-protectora\/\" class=\"wp-image-1992\" srcset=\"https:\/\/ingenieria.udd.cl\/impactoudd\/files\/2022\/02\/contenedores-protectora-1024x768.jpeg 1024w, https:\/\/ingenieria.udd.cl\/impactoudd\/files\/2022\/02\/contenedores-protectora-300x225.jpeg 300w, https:\/\/ingenieria.udd.cl\/impactoudd\/files\/2022\/02\/contenedores-protectora-768x576.jpeg 768w, https:\/\/ingenieria.udd.cl\/impactoudd\/files\/2022\/02\/contenedores-protectora.jpeg 1032w\" sizes=\"auto, (max-width: 1024px) 100vw, 1024px\" \/><\/figure><\/li><li class=\"blocks-gallery-item\"><figure><img loading=\"lazy\" decoding=\"async\" width=\"1024\" height=\"768\" src=\"https:\/\/ingenieria.udd.cl\/impactoudd\/files\/2022\/02\/Protectora-contenedores-logo-1024x768.jpeg\" alt=\"\" data-id=\"1990\" data-full-url=\"https:\/\/ingenieria.udd.cl\/impactoudd\/files\/2022\/02\/Protectora-contenedores-logo.jpeg\" data-link=\"https:\/\/ingenieria.udd.cl\/impactoudd\/proyectos\/protectora-contenedores-logo-2\/\" class=\"wp-image-1990\" srcset=\"https:\/\/ingenieria.udd.cl\/impactoudd\/files\/2022\/02\/Protectora-contenedores-logo-1024x768.jpeg 1024w, https:\/\/ingenieria.udd.cl\/impactoudd\/files\/2022\/02\/Protectora-contenedores-logo-300x225.jpeg 300w, https:\/\/ingenieria.udd.cl\/impactoudd\/files\/2022\/02\/Protectora-contenedores-logo-768x576.jpeg 768w, https:\/\/ingenieria.udd.cl\/impactoudd\/files\/2022\/02\/Protectora-contenedores-logo.jpeg 1032w\" sizes=\"auto, (max-width: 1024px) 100vw, 1024px\" \/><\/figure><\/li><li class=\"blocks-gallery-item\"><figure><img loading=\"lazy\" decoding=\"async\" width=\"1024\" height=\"768\" src=\"https:\/\/ingenieria.udd.cl\/impactoudd\/files\/2022\/02\/sustenta-4-1024x768.jpg\" alt=\"\" data-id=\"1999\" data-full-url=\"https:\/\/ingenieria.udd.cl\/impactoudd\/files\/2022\/02\/sustenta-4-scaled.jpg\" data-link=\"https:\/\/ingenieria.udd.cl\/impactoudd\/proyectos\/sustenta-la-infancia\/sustenta-4\/\" class=\"wp-image-1999\" srcset=\"https:\/\/ingenieria.udd.cl\/impactoudd\/files\/2022\/02\/sustenta-4-1024x768.jpg 1024w, https:\/\/ingenieria.udd.cl\/impactoudd\/files\/2022\/02\/sustenta-4-300x225.jpg 300w, https:\/\/ingenieria.udd.cl\/impactoudd\/files\/2022\/02\/sustenta-4-768x576.jpg 768w, https:\/\/ingenieria.udd.cl\/impactoudd\/files\/2022\/02\/sustenta-4-1536x1152.jpg 1536w, https:\/\/ingenieria.udd.cl\/impactoudd\/files\/2022\/02\/sustenta-4-2048x1536.jpg 2048w\" sizes=\"auto, (max-width: 1024px) 100vw, 1024px\" \/><\/figure><\/li><li class=\"blocks-gallery-item\"><figure><img loading=\"lazy\" decoding=\"async\" width=\"1024\" height=\"768\" src=\"https:\/\/ingenieria.udd.cl\/impactoudd\/files\/2022\/02\/sustenta-2-1024x768.jpg\" alt=\"\" data-id=\"2000\" data-full-url=\"https:\/\/ingenieria.udd.cl\/impactoudd\/files\/2022\/02\/sustenta-2-scaled.jpg\" data-link=\"https:\/\/ingenieria.udd.cl\/impactoudd\/proyectos\/sustenta-la-infancia\/sustenta-2\/\" class=\"wp-image-2000\" srcset=\"https:\/\/ingenieria.udd.cl\/impactoudd\/files\/2022\/02\/sustenta-2-1024x768.jpg 1024w, https:\/\/ingenieria.udd.cl\/impactoudd\/files\/2022\/02\/sustenta-2-300x225.jpg 300w, https:\/\/ingenieria.udd.cl\/impactoudd\/files\/2022\/02\/sustenta-2-768x576.jpg 768w, https:\/\/ingenieria.udd.cl\/impactoudd\/files\/2022\/02\/sustenta-2-1536x1152.jpg 1536w, https:\/\/ingenieria.udd.cl\/impactoudd\/files\/2022\/02\/sustenta-2-2048x1536.jpg 2048w\" sizes=\"auto, (max-width: 1024px) 100vw, 1024px\" \/><\/figure><\/li><li class=\"blocks-gallery-item\"><figure><img loading=\"lazy\" decoding=\"async\" width=\"1024\" height=\"768\" src=\"https:\/\/ingenieria.udd.cl\/impactoudd\/files\/2022\/02\/sustenta-1-1024x768.jpg\" alt=\"\" data-id=\"2001\" data-full-url=\"https:\/\/ingenieria.udd.cl\/impactoudd\/files\/2022\/02\/sustenta-1-scaled.jpg\" data-link=\"https:\/\/ingenieria.udd.cl\/impactoudd\/proyectos\/sustenta-la-infancia\/sustenta-1\/\" class=\"wp-image-2001\" srcset=\"https:\/\/ingenieria.udd.cl\/impactoudd\/files\/2022\/02\/sustenta-1-1024x768.jpg 1024w, https:\/\/ingenieria.udd.cl\/impactoudd\/files\/2022\/02\/sustenta-1-300x225.jpg 300w, https:\/\/ingenieria.udd.cl\/impactoudd\/files\/2022\/02\/sustenta-1-768x576.jpg 768w, https:\/\/ingenieria.udd.cl\/impactoudd\/files\/2022\/02\/sustenta-1-1536x1152.jpg 1536w, https:\/\/ingenieria.udd.cl\/impactoudd\/files\/2022\/02\/sustenta-1-2048x1536.jpg 2048w\" sizes=\"auto, (max-width: 1024px) 100vw, 1024px\" \/><\/figure><\/li><li class=\"blocks-gallery-item\"><figure><img loading=\"lazy\" decoding=\"async\" width=\"768\" height=\"1024\" src=\"https:\/\/ingenieria.udd.cl\/impactoudd\/files\/2022\/02\/Sustenta-5-768x1024.jpg\" alt=\"\" data-id=\"2003\" data-full-url=\"https:\/\/ingenieria.udd.cl\/impactoudd\/files\/2022\/02\/Sustenta-5-scaled.jpg\" data-link=\"https:\/\/ingenieria.udd.cl\/impactoudd\/proyectos\/sustenta-la-infancia\/sustenta-5\/\" class=\"wp-image-2003\" srcset=\"https:\/\/ingenieria.udd.cl\/impactoudd\/files\/2022\/02\/Sustenta-5-768x1024.jpg 768w, https:\/\/ingenieria.udd.cl\/impactoudd\/files\/2022\/02\/Sustenta-5-225x300.jpg 225w, https:\/\/ingenieria.udd.cl\/impactoudd\/files\/2022\/02\/Sustenta-5-1152x1536.jpg 1152w, https:\/\/ingenieria.udd.cl\/impactoudd\/files\/2022\/02\/Sustenta-5-1536x2048.jpg 1536w, https:\/\/ingenieria.udd.cl\/impactoudd\/files\/2022\/02\/Sustenta-5-scaled.jpg 1920w\" sizes=\"auto, (max-width: 768px) 100vw, 768px\" \/><\/figure><\/li><li class=\"blocks-gallery-item\"><figure><img loading=\"lazy\" decoding=\"async\" width=\"1024\" height=\"766\" src=\"https:\/\/ingenieria.udd.cl\/impactoudd\/files\/2022\/02\/protecctora-5-agosto_2-1024x766.jpeg\" alt=\"\" data-id=\"1991\" data-full-url=\"https:\/\/ingenieria.udd.cl\/impactoudd\/files\/2022\/02\/protecctora-5-agosto_2.jpeg\" data-link=\"https:\/\/ingenieria.udd.cl\/impactoudd\/proyectos\/protecctora-5-agosto_2\/\" class=\"wp-image-1991\" srcset=\"https:\/\/ingenieria.udd.cl\/impactoudd\/files\/2022\/02\/protecctora-5-agosto_2-1024x766.jpeg 1024w, https:\/\/ingenieria.udd.cl\/impactoudd\/files\/2022\/02\/protecctora-5-agosto_2-300x225.jpeg 300w, https:\/\/ingenieria.udd.cl\/impactoudd\/files\/2022\/02\/protecctora-5-agosto_2-768x575.jpeg 768w, https:\/\/ingenieria.udd.cl\/impactoudd\/files\/2022\/02\/protecctora-5-agosto_2.jpeg 1280w\" sizes=\"auto, (max-width: 1024px) 100vw, 1024px\" \/><\/figure><\/li><li class=\"blocks-gallery-item\"><figure><img loading=\"lazy\" decoding=\"async\" width=\"1024\" height=\"576\" src=\"https:\/\/ingenieria.udd.cl\/impactoudd\/files\/2022\/02\/Jornada-Centro-de-Acopio-Impacto-UDD-y-La-Protectora-10-1024x576.jpeg\" alt=\"\" data-id=\"2004\" data-full-url=\"https:\/\/ingenieria.udd.cl\/impactoudd\/files\/2022\/02\/Jornada-Centro-de-Acopio-Impacto-UDD-y-La-Protectora-10.jpeg\" data-link=\"https:\/\/ingenieria.udd.cl\/impactoudd\/proyectos\/sustenta-la-infancia\/jornada-centro-de-acopio-impacto-udd-y-la-protectora-10\/\" class=\"wp-image-2004\" srcset=\"https:\/\/ingenieria.udd.cl\/impactoudd\/files\/2022\/02\/Jornada-Centro-de-Acopio-Impacto-UDD-y-La-Protectora-10-1024x576.jpeg 1024w, https:\/\/ingenieria.udd.cl\/impactoudd\/files\/2022\/02\/Jornada-Centro-de-Acopio-Impacto-UDD-y-La-Protectora-10-300x169.jpeg 300w, https:\/\/ingenieria.udd.cl\/impactoudd\/files\/2022\/02\/Jornada-Centro-de-Acopio-Impacto-UDD-y-La-Protectora-10-768x432.jpeg 768w, https:\/\/ingenieria.udd.cl\/impactoudd\/files\/2022\/02\/Jornada-Centro-de-Acopio-Impacto-UDD-y-La-Protectora-10-1536x864.jpeg 1536w, https:\/\/ingenieria.udd.cl\/impactoudd\/files\/2022\/02\/Jornada-Centro-de-Acopio-Impacto-UDD-y-La-Protectora-10-1366x768.jpeg 1366w, https:\/\/ingenieria.udd.cl\/impactoudd\/files\/2022\/02\/Jornada-Centro-de-Acopio-Impacto-UDD-y-La-Protectora-10-680x382.jpeg 680w, https:\/\/ingenieria.udd.cl\/impactoudd\/files\/2022\/02\/Jornada-Centro-de-Acopio-Impacto-UDD-y-La-Protectora-10.jpeg 1600w\" sizes=\"auto, (max-width: 1024px) 100vw, 1024px\" \/><\/figure><\/li><li class=\"blocks-gallery-item\"><figure><img loading=\"lazy\" decoding=\"async\" width=\"1024\" height=\"576\" src=\"https:\/\/ingenieria.udd.cl\/impactoudd\/files\/2022\/02\/Jornada-Centro-de-Acopio-Impacto-UDD-y-La-Protectora-25-1024x576.jpeg\" alt=\"\" data-id=\"2005\" data-full-url=\"https:\/\/ingenieria.udd.cl\/impactoudd\/files\/2022\/02\/Jornada-Centro-de-Acopio-Impacto-UDD-y-La-Protectora-25.jpeg\" data-link=\"https:\/\/ingenieria.udd.cl\/impactoudd\/proyectos\/sustenta-la-infancia\/jornada-centro-de-acopio-impacto-udd-y-la-protectora-25\/\" class=\"wp-image-2005\" srcset=\"https:\/\/ingenieria.udd.cl\/impactoudd\/files\/2022\/02\/Jornada-Centro-de-Acopio-Impacto-UDD-y-La-Protectora-25-1024x576.jpeg 1024w, https:\/\/ingenieria.udd.cl\/impactoudd\/files\/2022\/02\/Jornada-Centro-de-Acopio-Impacto-UDD-y-La-Protectora-25-300x169.jpeg 300w, https:\/\/ingenieria.udd.cl\/impactoudd\/files\/2022\/02\/Jornada-Centro-de-Acopio-Impacto-UDD-y-La-Protectora-25-768x432.jpeg 768w, https:\/\/ingenieria.udd.cl\/impactoudd\/files\/2022\/02\/Jornada-Centro-de-Acopio-Impacto-UDD-y-La-Protectora-25-1536x864.jpeg 1536w, https:\/\/ingenieria.udd.cl\/impactoudd\/files\/2022\/02\/Jornada-Centro-de-Acopio-Impacto-UDD-y-La-Protectora-25-1366x768.jpeg 1366w, https:\/\/ingenieria.udd.cl\/impactoudd\/files\/2022\/02\/Jornada-Centro-de-Acopio-Impacto-UDD-y-La-Protectora-25-680x382.jpeg 680w, https:\/\/ingenieria.udd.cl\/impactoudd\/files\/2022\/02\/Jornada-Centro-de-Acopio-Impacto-UDD-y-La-Protectora-25.jpeg 1600w\" sizes=\"auto, (max-width: 1024px) 100vw, 1024px\" \/><\/figure><\/li><li class=\"blocks-gallery-item\"><figure><img loading=\"lazy\" decoding=\"async\" width=\"1024\" height=\"576\" src=\"https:\/\/ingenieria.udd.cl\/impactoudd\/files\/2022\/02\/Jornada-Centro-de-Acopio-Impacto-UDD-y-La-Protectora-20-1024x576.jpeg\" alt=\"\" data-id=\"2006\" data-full-url=\"https:\/\/ingenieria.udd.cl\/impactoudd\/files\/2022\/02\/Jornada-Centro-de-Acopio-Impacto-UDD-y-La-Protectora-20.jpeg\" data-link=\"https:\/\/ingenieria.udd.cl\/impactoudd\/proyectos\/sustenta-la-infancia\/jornada-centro-de-acopio-impacto-udd-y-la-protectora-20\/\" class=\"wp-image-2006\" srcset=\"https:\/\/ingenieria.udd.cl\/impactoudd\/files\/2022\/02\/Jornada-Centro-de-Acopio-Impacto-UDD-y-La-Protectora-20-1024x576.jpeg 1024w, https:\/\/ingenieria.udd.cl\/impactoudd\/files\/2022\/02\/Jornada-Centro-de-Acopio-Impacto-UDD-y-La-Protectora-20-300x169.jpeg 300w, https:\/\/ingenieria.udd.cl\/impactoudd\/files\/2022\/02\/Jornada-Centro-de-Acopio-Impacto-UDD-y-La-Protectora-20-768x432.jpeg 768w, https:\/\/ingenieria.udd.cl\/impactoudd\/files\/2022\/02\/Jornada-Centro-de-Acopio-Impacto-UDD-y-La-Protectora-20-1536x864.jpeg 1536w, https:\/\/ingenieria.udd.cl\/impactoudd\/files\/2022\/02\/Jornada-Centro-de-Acopio-Impacto-UDD-y-La-Protectora-20-1366x768.jpeg 1366w, https:\/\/ingenieria.udd.cl\/impactoudd\/files\/2022\/02\/Jornada-Centro-de-Acopio-Impacto-UDD-y-La-Protectora-20-680x382.jpeg 680w, https:\/\/ingenieria.udd.cl\/impactoudd\/files\/2022\/02\/Jornada-Centro-de-Acopio-Impacto-UDD-y-La-Protectora-20.jpeg 1600w\" sizes=\"auto, (max-width: 1024px) 100vw, 1024px\" \/><\/figure><\/li><li class=\"blocks-gallery-item\"><figure><img loading=\"lazy\" decoding=\"async\" width=\"1024\" height=\"576\" src=\"https:\/\/ingenieria.udd.cl\/impactoudd\/files\/2022\/02\/Jornada-Centro-de-Acopio-Impacto-UDD-y-La-Protectora-12-1024x576.jpeg\" alt=\"\" data-id=\"2007\" data-full-url=\"https:\/\/ingenieria.udd.cl\/impactoudd\/files\/2022\/02\/Jornada-Centro-de-Acopio-Impacto-UDD-y-La-Protectora-12.jpeg\" data-link=\"https:\/\/ingenieria.udd.cl\/impactoudd\/proyectos\/sustenta-la-infancia\/jornada-centro-de-acopio-impacto-udd-y-la-protectora-12\/\" class=\"wp-image-2007\" srcset=\"https:\/\/ingenieria.udd.cl\/impactoudd\/files\/2022\/02\/Jornada-Centro-de-Acopio-Impacto-UDD-y-La-Protectora-12-1024x576.jpeg 1024w, https:\/\/ingenieria.udd.cl\/impactoudd\/files\/2022\/02\/Jornada-Centro-de-Acopio-Impacto-UDD-y-La-Protectora-12-300x169.jpeg 300w, https:\/\/ingenieria.udd.cl\/impactoudd\/files\/2022\/02\/Jornada-Centro-de-Acopio-Impacto-UDD-y-La-Protectora-12-768x432.jpeg 768w, https:\/\/ingenieria.udd.cl\/impactoudd\/files\/2022\/02\/Jornada-Centro-de-Acopio-Impacto-UDD-y-La-Protectora-12-1536x864.jpeg 1536w, https:\/\/ingenieria.udd.cl\/impactoudd\/files\/2022\/02\/Jornada-Centro-de-Acopio-Impacto-UDD-y-La-Protectora-12-1366x768.jpeg 1366w, https:\/\/ingenieria.udd.cl\/impactoudd\/files\/2022\/02\/Jornada-Centro-de-Acopio-Impacto-UDD-y-La-Protectora-12-680x382.jpeg 680w, https:\/\/ingenieria.udd.cl\/impactoudd\/files\/2022\/02\/Jornada-Centro-de-Acopio-Impacto-UDD-y-La-Protectora-12.jpeg 1600w\" sizes=\"auto, (max-width: 1024px) 100vw, 1024px\" \/><\/figure><\/li><\/ul><\/figure>\n","protected":false},"excerpt":{"rendered":"<p>Objetivo: Realizar un modelo de gesti\u00f3n de residuos en las diferentes sedes de La Protectora de la Infancia. Contempla: Construcci\u00f3n de islas y centros de acopio Confecci\u00f3n de infograf\u00eda sobre residuos Realizaci\u00f3n de capacitaciones a personal P\u00fablico Objetivo: 15 programas sociales de Regi\u00f3n metropolitana de Protectora de la Infancia Descripci\u00f3n: Implementaci\u00f3n de una correcta gesti\u00f3n [&hellip;]<\/p>\n","protected":false},"author":9192225,"featured_media":0,"parent":23,"menu_order":0,"comment_status":"closed","ping_status":"closed","template":"","meta":{"footnotes":""},"class_list":["post-1036","page","type-page","status-publish","hentry"],"yoast_head":"<!-- This site is optimized with the Yoast SEO plugin v26.9 - https:\/\/yoast.com\/product\/yoast-seo-wordpress\/ -->\n<title>&quot;Sustenta la Infancia&quot;, Protectora de La Infancia - Puente Alto - Impacto UDD<\/title>\n<meta name=\"robots\" content=\"index, follow, max-snippet:-1, max-image-preview:large, max-video-preview:-1\" \/>\n<link rel=\"canonical\" href=\"https:\/\/ingenieria.udd.cl\/impactoudd\/proyectos\/sustenta-la-infancia\/\" \/>\n<meta property=\"og:locale\" content=\"es_ES\" \/>\n<meta property=\"og:type\" content=\"article\" \/>\n<meta property=\"og:title\" content=\"&quot;Sustenta la Infancia&quot;, Protectora de La Infancia - Puente Alto - Impacto UDD\" \/>\n<meta property=\"og:description\" content=\"Objetivo: Realizar un modelo de gesti\u00f3n de residuos en las diferentes sedes de La Protectora de la Infancia. Contempla: Construcci\u00f3n de islas y centros de acopio Confecci\u00f3n de infograf\u00eda sobre residuos Realizaci\u00f3n de capacitaciones a personal P\u00fablico Objetivo: 15 programas sociales de Regi\u00f3n metropolitana de Protectora de la Infancia Descripci\u00f3n: Implementaci\u00f3n de una correcta gesti\u00f3n [&hellip;]\" \/>\n<meta property=\"og:url\" content=\"https:\/\/ingenieria.udd.cl\/impactoudd\/proyectos\/sustenta-la-infancia\/\" \/>\n<meta property=\"og:site_name\" content=\"Impacto UDD\" \/>\n<meta property=\"article:modified_time\" content=\"2022-02-10T18:44:12+00:00\" \/>\n<meta property=\"og:image\" content=\"https:\/\/ingenieria.udd.cl\/impactoudd\/files\/2022\/02\/sustenta-4-scaled.jpg\" \/>\n<meta name=\"twitter:card\" content=\"summary_large_image\" \/>\n<meta name=\"twitter:label1\" content=\"Tiempo de lectura\" \/>\n\t<meta name=\"twitter:data1\" content=\"1 minuto\" \/>\n<script type=\"application\/ld+json\" class=\"yoast-schema-graph\">{\"@context\":\"https:\/\/schema.org\",\"@graph\":[{\"@type\":\"WebPage\",\"@id\":\"https:\/\/ingenieria.udd.cl\/impactoudd\/proyectos\/sustenta-la-infancia\/\",\"url\":\"https:\/\/ingenieria.udd.cl\/impactoudd\/proyectos\/sustenta-la-infancia\/\",\"name\":\"\\\"Sustenta la Infancia\\\", Protectora de La Infancia - Puente Alto - Impacto UDD\",\"isPartOf\":{\"@id\":\"https:\/\/ingenieria.udd.cl\/impactoudd\/#website\"},\"primaryImageOfPage\":{\"@id\":\"https:\/\/ingenieria.udd.cl\/impactoudd\/proyectos\/sustenta-la-infancia\/#primaryimage\"},\"image\":{\"@id\":\"https:\/\/ingenieria.udd.cl\/impactoudd\/proyectos\/sustenta-la-infancia\/#primaryimage\"},\"thumbnailUrl\":\"https:\/\/ingenieria.udd.cl\/impactoudd\/files\/2022\/02\/sustenta-4-scaled.jpg\",\"datePublished\":\"2021-06-29T19:48:55+00:00\",\"dateModified\":\"2022-02-10T18:44:12+00:00\",\"breadcrumb\":{\"@id\":\"https:\/\/ingenieria.udd.cl\/impactoudd\/proyectos\/sustenta-la-infancia\/#breadcrumb\"},\"inLanguage\":\"es\",\"potentialAction\":[{\"@type\":\"ReadAction\",\"target\":[\"https:\/\/ingenieria.udd.cl\/impactoudd\/proyectos\/sustenta-la-infancia\/\"]}]},{\"@type\":\"ImageObject\",\"inLanguage\":\"es\",\"@id\":\"https:\/\/ingenieria.udd.cl\/impactoudd\/proyectos\/sustenta-la-infancia\/#primaryimage\",\"url\":\"https:\/\/ingenieria.udd.cl\/impactoudd\/files\/2022\/02\/sustenta-4-scaled.jpg\",\"contentUrl\":\"https:\/\/ingenieria.udd.cl\/impactoudd\/files\/2022\/02\/sustenta-4-scaled.jpg\",\"width\":2560,\"height\":1920},{\"@type\":\"BreadcrumbList\",\"@id\":\"https:\/\/ingenieria.udd.cl\/impactoudd\/proyectos\/sustenta-la-infancia\/#breadcrumb\",\"itemListElement\":[{\"@type\":\"ListItem\",\"position\":1,\"name\":\"Portada\",\"item\":\"https:\/\/ingenieria.udd.cl\/impactoudd\/\"},{\"@type\":\"ListItem\",\"position\":2,\"name\":\"Proyectos\",\"item\":\"https:\/\/ingenieria.udd.cl\/impactoudd\/proyectos\/\"},{\"@type\":\"ListItem\",\"position\":3,\"name\":\"\u00abSustenta la Infancia\u00bb, Protectora de La Infancia &#8211; Puente Alto\"}]},{\"@type\":\"WebSite\",\"@id\":\"https:\/\/ingenieria.udd.cl\/impactoudd\/#website\",\"url\":\"https:\/\/ingenieria.udd.cl\/impactoudd\/\",\"name\":\"Impacto UDD\",\"description\":\"Otro sitio m\u00e1s de Ingenieria\",\"inLanguage\":\"es\"}]}<\/script>\n<!-- \/ Yoast SEO plugin. -->","yoast_head_json":{"title":"\"Sustenta la Infancia\", Protectora de La Infancia - Puente Alto - Impacto UDD","robots":{"index":"index","follow":"follow","max-snippet":"max-snippet:-1","max-image-preview":"max-image-preview:large","max-video-preview":"max-video-preview:-1"},"canonical":"https:\/\/ingenieria.udd.cl\/impactoudd\/proyectos\/sustenta-la-infancia\/","og_locale":"es_ES","og_type":"article","og_title":"\"Sustenta la Infancia\", Protectora de La Infancia - Puente Alto - Impacto UDD","og_description":"Objetivo: Realizar un modelo de gesti\u00f3n de residuos en las diferentes sedes de La Protectora de la Infancia. Contempla: Construcci\u00f3n de islas y centros de acopio Confecci\u00f3n de infograf\u00eda sobre residuos Realizaci\u00f3n de capacitaciones a personal P\u00fablico Objetivo: 15 programas sociales de Regi\u00f3n metropolitana de Protectora de la Infancia Descripci\u00f3n: Implementaci\u00f3n de una correcta gesti\u00f3n [&hellip;]","og_url":"https:\/\/ingenieria.udd.cl\/impactoudd\/proyectos\/sustenta-la-infancia\/","og_site_name":"Impacto UDD","article_modified_time":"2022-02-10T18:44:12+00:00","og_image":[{"url":"https:\/\/ingenieria.udd.cl\/impactoudd\/files\/2022\/02\/sustenta-4-scaled.jpg","type":"","width":"","height":""}],"twitter_card":"summary_large_image","twitter_misc":{"Tiempo de lectura":"1 minuto"},"schema":{"@context":"https:\/\/schema.org","@graph":[{"@type":"WebPage","@id":"https:\/\/ingenieria.udd.cl\/impactoudd\/proyectos\/sustenta-la-infancia\/","url":"https:\/\/ingenieria.udd.cl\/impactoudd\/proyectos\/sustenta-la-infancia\/","name":"\"Sustenta la Infancia\", Protectora de La Infancia - Puente Alto - Impacto UDD","isPartOf":{"@id":"https:\/\/ingenieria.udd.cl\/impactoudd\/#website"},"primaryImageOfPage":{"@id":"https:\/\/ingenieria.udd.cl\/impactoudd\/proyectos\/sustenta-la-infancia\/#primaryimage"},"image":{"@id":"https:\/\/ingenieria.udd.cl\/impactoudd\/proyectos\/sustenta-la-infancia\/#primaryimage"},"thumbnailUrl":"https:\/\/ingenieria.udd.cl\/impactoudd\/files\/2022\/02\/sustenta-4-scaled.jpg","datePublished":"2021-06-29T19:48:55+00:00","dateModified":"2022-02-10T18:44:12+00:00","breadcrumb":{"@id":"https:\/\/ingenieria.udd.cl\/impactoudd\/proyectos\/sustenta-la-infancia\/#breadcrumb"},"inLanguage":"es","potentialAction":[{"@type":"ReadAction","target":["https:\/\/ingenieria.udd.cl\/impactoudd\/proyectos\/sustenta-la-infancia\/"]}]},{"@type":"ImageObject","inLanguage":"es","@id":"https:\/\/ingenieria.udd.cl\/impactoudd\/proyectos\/sustenta-la-infancia\/#primaryimage","url":"https:\/\/ingenieria.udd.cl\/impactoudd\/files\/2022\/02\/sustenta-4-scaled.jpg","contentUrl":"https:\/\/ingenieria.udd.cl\/impactoudd\/files\/2022\/02\/sustenta-4-scaled.jpg","width":2560,"height":1920},{"@type":"BreadcrumbList","@id":"https:\/\/ingenieria.udd.cl\/impactoudd\/proyectos\/sustenta-la-infancia\/#breadcrumb","itemListElement":[{"@type":"ListItem","position":1,"name":"Portada","item":"https:\/\/ingenieria.udd.cl\/impactoudd\/"},{"@type":"ListItem","position":2,"name":"Proyectos","item":"https:\/\/ingenieria.udd.cl\/impactoudd\/proyectos\/"},{"@type":"ListItem","position":3,"name":"\u00abSustenta la Infancia\u00bb, Protectora de La Infancia &#8211; Puente Alto"}]},{"@type":"WebSite","@id":"https:\/\/ingenieria.udd.cl\/impactoudd\/#website","url":"https:\/\/ingenieria.udd.cl\/impactoudd\/","name":"Impacto UDD","description":"Otro sitio m\u00e1s de Ingenieria","inLanguage":"es"}]}},"_links":{"self":[{"href":"https:\/\/ingenieria.udd.cl\/impactoudd\/wp-json\/wp\/v2\/pages\/1036","targetHints":{"allow":["GET"]}}],"collection":[{"href":"https:\/\/ingenieria.udd.cl\/impactoudd\/wp-json\/wp\/v2\/pages"}],"about":[{"href":"https:\/\/ingenieria.udd.cl\/impactoudd\/wp-json\/wp\/v2\/types\/page"}],"author":[{"embeddable":true,"href":"https:\/\/ingenieria.udd.cl\/impactoudd\/wp-json\/wp\/v2\/users\/9192225"}],"replies":[{"embeddable":true,"href":"https:\/\/ingenieria.udd.cl\/impactoudd\/wp-json\/wp\/v2\/comments?post=1036"}],"version-history":[{"count":7,"href":"https:\/\/ingenieria.udd.cl\/impactoudd\/wp-json\/wp\/v2\/pages\/1036\/revisions"}],"predecessor-version":[{"id":2009,"href":"https:\/\/ingenieria.udd.cl\/impactoudd\/wp-json\/wp\/v2\/pages\/1036\/revisions\/2009"}],"up":[{"embeddable":true,"href":"https:\/\/ingenieria.udd.cl\/impactoudd\/wp-json\/wp\/v2\/pages\/23"}],"wp:attachment":[{"href":"https:\/\/ingenieria.udd.cl\/impactoudd\/wp-json\/wp\/v2\/media?parent=1036"}],"curies":[{"name":"wp","href":"https:\/\/api.w.org\/{rel}","templated":true}]}}