{"id":108,"date":"2020-10-01T17:21:22","date_gmt":"2020-10-01T15:21:22","guid":{"rendered":"http:\/\/ingenieria.udd.cl\/impactoudd\/?page_id=108"},"modified":"2022-02-10T18:45:58","modified_gmt":"2022-02-10T17:45:58","slug":"talabarteros-parral","status":"publish","type":"page","link":"https:\/\/ingenieria.udd.cl\/impactoudd\/proyectos\/talabarteros-parral\/","title":{"rendered":"Puesta en valor de los talabarteros de Parral"},"content":{"rendered":"<section class=\"wp-block-udd-text-row block--bg-gray\">\n\t<div class=\"text-row\">\n\t\t<div class=\"text-row__content\">\n\t\t\t<div class=\"text-row__content-inner text\">\n\t\t\t\t\t\t\t\t<h2>Puesta en valor de los talabarteros de Parral <\/h2>\n\t\t\t\t\t\t\t\t\n<p class=\"has-medium-font-size\">Apoyo a la municipalidad de Parral de la Regi\u00f3n del Maule con el desarrollo de capacidades instaladas para la puesta en valor y comercializaci\u00f3n de los talabarteros de Parral.<\/p>\n\t\t\t<\/div>\n\t\t<\/div>\n\t\t<div class=\"text-row__media\">\n\t\t\t<img loading=\"lazy\" decoding=\"async\" width=\"952\" height=\"534\" src=\"https:\/\/ingenieria.udd.cl\/impactoudd\/files\/2022\/02\/20201126_133254-680x382.jpg\" class=\"text-row__media-image lazyload\" alt=\"\" sizes=\"auto, (max-width: 952px) 100vw, 952px\" data-src=\"https:\/\/ingenieria.udd.cl\/impactoudd\/files\/2022\/02\/20201126_133254-952x534.jpg\" data-srcset=\"https:\/\/ingenieria.udd.cl\/impactoudd\/files\/2022\/02\/20201126_133254-952x534.jpg 952w, https:\/\/ingenieria.udd.cl\/impactoudd\/files\/2022\/02\/20201126_133254-1366x768.jpg 1366w, https:\/\/ingenieria.udd.cl\/impactoudd\/files\/2022\/02\/20201126_133254-680x382.jpg 680w\" \/>\t\t<\/div>\n\t<\/div>\n<\/section>\n\n\n\n<p><strong>Objetivo General:<\/strong> Elaborar un plan de formaci\u00f3n de capacidades (comerciales u otras) para el desarrollo de productos \/ servicios innovadores y con identidad territorial, utilizando los elementos representativos locales, buscando la revalorizaci\u00f3n de estos productos y las personas detr\u00e1s.<\/p>\n\n\n\n<p><strong>Comunidad: <\/strong>&nbsp;Parral, Regi\u00f3n del Maule<\/p>\n\n\n\n<p><strong>P\u00fablico objetivo<\/strong>: Talabarteros de Parral, artesanos de la zona<\/p>\n\n\n\n<p><strong>Socio estrat\u00e9gico:<\/strong><\/p>\n\n\n\n<ul class=\"wp-block-list\"><li>Corporaci\u00f3n Regional Desarrollo Productivo (CRDP)<\/li><li>Ignacio Morales &#8211; Encargado de Fomento de Municipalidad Parral<\/li><\/ul>\n\n\n\n<p><strong>Descripci\u00f3n: <\/strong><\/p>\n\n\n\n<p>Levantamiento de las necesidades de los artesanos de Parral, generando una propuesta de trabajo para determinar c\u00f3mo agregar valor a los productos que se desarrollan. Adem\u00e1s, se eval\u00faa e itera el prototipo del \u2018<em>\u2019manual para talabarteros\u2019\u2019<\/em>, incorporando  productos innovadores, con sus moldes para que los puedan confeccionar.<\/p>\n\n\n\n<p><strong>Mentor: <\/strong>Luciana Retamales, Ingeniera en Control de Gesti\u00f3n. Mgtr en Gesti\u00f3n Sustentable<\/p>\n\n\n\n<figure class=\"wp-block-gallery columns-3 is-cropped wp-block-gallery-1 is-layout-flex wp-block-gallery-is-layout-flex\"><ul class=\"blocks-gallery-grid\"><li class=\"blocks-gallery-item\"><figure><img loading=\"lazy\" decoding=\"async\" width=\"1024\" height=\"768\" src=\"https:\/\/ingenieria.udd.cl\/impactoudd\/files\/2022\/02\/20201126_143221-1024x768.jpg\" alt=\"\" data-id=\"1972\" data-full-url=\"https:\/\/ingenieria.udd.cl\/impactoudd\/files\/2022\/02\/20201126_143221-scaled.jpg\" data-link=\"https:\/\/ingenieria.udd.cl\/impactoudd\/proyectos\/parque-arenas\/20201126_143221-2\/\" class=\"wp-image-1972\" srcset=\"https:\/\/ingenieria.udd.cl\/impactoudd\/files\/2022\/02\/20201126_143221-1024x768.jpg 1024w, https:\/\/ingenieria.udd.cl\/impactoudd\/files\/2022\/02\/20201126_143221-300x225.jpg 300w, https:\/\/ingenieria.udd.cl\/impactoudd\/files\/2022\/02\/20201126_143221-768x576.jpg 768w, https:\/\/ingenieria.udd.cl\/impactoudd\/files\/2022\/02\/20201126_143221-1536x1152.jpg 1536w, https:\/\/ingenieria.udd.cl\/impactoudd\/files\/2022\/02\/20201126_143221-2048x1536.jpg 2048w\" sizes=\"auto, (max-width: 1024px) 100vw, 1024px\" \/><\/figure><\/li><li class=\"blocks-gallery-item\"><figure><img loading=\"lazy\" decoding=\"async\" width=\"1024\" height=\"768\" src=\"https:\/\/ingenieria.udd.cl\/impactoudd\/files\/2022\/02\/20201126_145236-1024x768.jpg\" alt=\"\" data-id=\"1973\" data-full-url=\"https:\/\/ingenieria.udd.cl\/impactoudd\/files\/2022\/02\/20201126_145236-scaled.jpg\" data-link=\"https:\/\/ingenieria.udd.cl\/impactoudd\/proyectos\/parque-arenas\/20201126_145236-2\/\" class=\"wp-image-1973\" srcset=\"https:\/\/ingenieria.udd.cl\/impactoudd\/files\/2022\/02\/20201126_145236-1024x768.jpg 1024w, https:\/\/ingenieria.udd.cl\/impactoudd\/files\/2022\/02\/20201126_145236-300x225.jpg 300w, https:\/\/ingenieria.udd.cl\/impactoudd\/files\/2022\/02\/20201126_145236-768x576.jpg 768w, https:\/\/ingenieria.udd.cl\/impactoudd\/files\/2022\/02\/20201126_145236-1536x1152.jpg 1536w, https:\/\/ingenieria.udd.cl\/impactoudd\/files\/2022\/02\/20201126_145236-2048x1536.jpg 2048w\" sizes=\"auto, (max-width: 1024px) 100vw, 1024px\" \/><\/figure><\/li><li class=\"blocks-gallery-item\"><figure><img loading=\"lazy\" decoding=\"async\" width=\"1024\" height=\"768\" src=\"https:\/\/ingenieria.udd.cl\/impactoudd\/files\/2022\/02\/IMG_20210824_175041-1024x768.jpg\" alt=\"\" data-id=\"1975\" data-full-url=\"https:\/\/ingenieria.udd.cl\/impactoudd\/files\/2022\/02\/IMG_20210824_175041-scaled.jpg\" data-link=\"https:\/\/ingenieria.udd.cl\/impactoudd\/proyectos\/talabarteros-parral\/img_20210824_175041\/\" class=\"wp-image-1975\" srcset=\"https:\/\/ingenieria.udd.cl\/impactoudd\/files\/2022\/02\/IMG_20210824_175041-1024x768.jpg 1024w, https:\/\/ingenieria.udd.cl\/impactoudd\/files\/2022\/02\/IMG_20210824_175041-300x225.jpg 300w, https:\/\/ingenieria.udd.cl\/impactoudd\/files\/2022\/02\/IMG_20210824_175041-768x576.jpg 768w, https:\/\/ingenieria.udd.cl\/impactoudd\/files\/2022\/02\/IMG_20210824_175041-1536x1152.jpg 1536w, https:\/\/ingenieria.udd.cl\/impactoudd\/files\/2022\/02\/IMG_20210824_175041-2048x1536.jpg 2048w\" sizes=\"auto, (max-width: 1024px) 100vw, 1024px\" \/><\/figure><\/li><li class=\"blocks-gallery-item\"><figure><img loading=\"lazy\" decoding=\"async\" width=\"1024\" height=\"768\" src=\"https:\/\/ingenieria.udd.cl\/impactoudd\/files\/2022\/02\/IMG_20210824_162728-1024x768.jpg\" alt=\"\" data-id=\"1976\" data-full-url=\"https:\/\/ingenieria.udd.cl\/impactoudd\/files\/2022\/02\/IMG_20210824_162728-scaled.jpg\" data-link=\"https:\/\/ingenieria.udd.cl\/impactoudd\/proyectos\/talabarteros-parral\/img_20210824_162728\/\" class=\"wp-image-1976\" srcset=\"https:\/\/ingenieria.udd.cl\/impactoudd\/files\/2022\/02\/IMG_20210824_162728-1024x768.jpg 1024w, https:\/\/ingenieria.udd.cl\/impactoudd\/files\/2022\/02\/IMG_20210824_162728-300x225.jpg 300w, https:\/\/ingenieria.udd.cl\/impactoudd\/files\/2022\/02\/IMG_20210824_162728-768x576.jpg 768w, https:\/\/ingenieria.udd.cl\/impactoudd\/files\/2022\/02\/IMG_20210824_162728-1536x1152.jpg 1536w, https:\/\/ingenieria.udd.cl\/impactoudd\/files\/2022\/02\/IMG_20210824_162728-2048x1536.jpg 2048w\" sizes=\"auto, (max-width: 1024px) 100vw, 1024px\" \/><\/figure><\/li><li class=\"blocks-gallery-item\"><figure><img loading=\"lazy\" decoding=\"async\" width=\"1024\" height=\"768\" src=\"https:\/\/ingenieria.udd.cl\/impactoudd\/files\/2022\/02\/IMG_20210824_154734-1024x768.jpg\" alt=\"\" data-id=\"1977\" data-full-url=\"https:\/\/ingenieria.udd.cl\/impactoudd\/files\/2022\/02\/IMG_20210824_154734-scaled.jpg\" data-link=\"https:\/\/ingenieria.udd.cl\/impactoudd\/proyectos\/talabarteros-parral\/img_20210824_154734\/\" class=\"wp-image-1977\" srcset=\"https:\/\/ingenieria.udd.cl\/impactoudd\/files\/2022\/02\/IMG_20210824_154734-1024x768.jpg 1024w, https:\/\/ingenieria.udd.cl\/impactoudd\/files\/2022\/02\/IMG_20210824_154734-300x225.jpg 300w, https:\/\/ingenieria.udd.cl\/impactoudd\/files\/2022\/02\/IMG_20210824_154734-768x576.jpg 768w, https:\/\/ingenieria.udd.cl\/impactoudd\/files\/2022\/02\/IMG_20210824_154734-1536x1152.jpg 1536w, https:\/\/ingenieria.udd.cl\/impactoudd\/files\/2022\/02\/IMG_20210824_154734-2048x1536.jpg 2048w\" sizes=\"auto, (max-width: 1024px) 100vw, 1024px\" \/><\/figure><\/li><\/ul><\/figure>\n","protected":false},"excerpt":{"rendered":"<p>Objetivo General: Elaborar un plan de formaci\u00f3n de capacidades (comerciales u otras) para el desarrollo de productos \/ servicios innovadores y con identidad territorial, utilizando los elementos representativos locales, buscando la revalorizaci\u00f3n de estos productos y las personas detr\u00e1s. Comunidad: &nbsp;Parral, Regi\u00f3n del Maule P\u00fablico objetivo: Talabarteros de Parral, artesanos de la zona Socio estrat\u00e9gico: [&hellip;]<\/p>\n","protected":false},"author":9192218,"featured_media":0,"parent":23,"menu_order":0,"comment_status":"closed","ping_status":"closed","template":"","meta":{"footnotes":""},"class_list":["post-108","page","type-page","status-publish","hentry"],"yoast_head":"<!-- This site is optimized with the Yoast SEO plugin v26.9 - https:\/\/yoast.com\/product\/yoast-seo-wordpress\/ -->\n<title>Puesta en valor de los talabarteros de Parral - Impacto UDD<\/title>\n<meta name=\"robots\" content=\"index, follow, max-snippet:-1, max-image-preview:large, max-video-preview:-1\" \/>\n<link rel=\"canonical\" href=\"https:\/\/ingenieria.udd.cl\/impactoudd\/proyectos\/talabarteros-parral\/\" \/>\n<meta property=\"og:locale\" content=\"es_ES\" \/>\n<meta property=\"og:type\" content=\"article\" \/>\n<meta property=\"og:title\" content=\"Puesta en valor de los talabarteros de Parral - Impacto UDD\" \/>\n<meta property=\"og:description\" content=\"Objetivo General: Elaborar un plan de formaci\u00f3n de capacidades (comerciales u otras) para el desarrollo de productos \/ servicios innovadores y con identidad territorial, utilizando los elementos representativos locales, buscando la revalorizaci\u00f3n de estos productos y las personas detr\u00e1s. Comunidad: &nbsp;Parral, Regi\u00f3n del Maule P\u00fablico objetivo: Talabarteros de Parral, artesanos de la zona Socio estrat\u00e9gico: [&hellip;]\" \/>\n<meta property=\"og:url\" content=\"https:\/\/ingenieria.udd.cl\/impactoudd\/proyectos\/talabarteros-parral\/\" \/>\n<meta property=\"og:site_name\" content=\"Impacto UDD\" \/>\n<meta property=\"article:modified_time\" content=\"2022-02-10T17:45:58+00:00\" \/>\n<meta property=\"og:image\" content=\"https:\/\/ingenieria.udd.cl\/impactoudd\/files\/2022\/02\/20201126_133254-scaled.jpg\" \/>\n<meta name=\"twitter:card\" content=\"summary_large_image\" \/>\n<meta name=\"twitter:label1\" content=\"Tiempo de lectura\" \/>\n\t<meta name=\"twitter:data1\" content=\"1 minuto\" \/>\n<script type=\"application\/ld+json\" class=\"yoast-schema-graph\">{\"@context\":\"https:\/\/schema.org\",\"@graph\":[{\"@type\":\"WebPage\",\"@id\":\"https:\/\/ingenieria.udd.cl\/impactoudd\/proyectos\/talabarteros-parral\/\",\"url\":\"https:\/\/ingenieria.udd.cl\/impactoudd\/proyectos\/talabarteros-parral\/\",\"name\":\"Puesta en valor de los talabarteros de Parral - Impacto UDD\",\"isPartOf\":{\"@id\":\"https:\/\/ingenieria.udd.cl\/impactoudd\/#website\"},\"primaryImageOfPage\":{\"@id\":\"https:\/\/ingenieria.udd.cl\/impactoudd\/proyectos\/talabarteros-parral\/#primaryimage\"},\"image\":{\"@id\":\"https:\/\/ingenieria.udd.cl\/impactoudd\/proyectos\/talabarteros-parral\/#primaryimage\"},\"thumbnailUrl\":\"https:\/\/ingenieria.udd.cl\/impactoudd\/files\/2022\/02\/20201126_133254-scaled.jpg\",\"datePublished\":\"2020-10-01T15:21:22+00:00\",\"dateModified\":\"2022-02-10T17:45:58+00:00\",\"breadcrumb\":{\"@id\":\"https:\/\/ingenieria.udd.cl\/impactoudd\/proyectos\/talabarteros-parral\/#breadcrumb\"},\"inLanguage\":\"es\",\"potentialAction\":[{\"@type\":\"ReadAction\",\"target\":[\"https:\/\/ingenieria.udd.cl\/impactoudd\/proyectos\/talabarteros-parral\/\"]}]},{\"@type\":\"ImageObject\",\"inLanguage\":\"es\",\"@id\":\"https:\/\/ingenieria.udd.cl\/impactoudd\/proyectos\/talabarteros-parral\/#primaryimage\",\"url\":\"https:\/\/ingenieria.udd.cl\/impactoudd\/files\/2022\/02\/20201126_133254-scaled.jpg\",\"contentUrl\":\"https:\/\/ingenieria.udd.cl\/impactoudd\/files\/2022\/02\/20201126_133254-scaled.jpg\",\"width\":2560,\"height\":1920},{\"@type\":\"BreadcrumbList\",\"@id\":\"https:\/\/ingenieria.udd.cl\/impactoudd\/proyectos\/talabarteros-parral\/#breadcrumb\",\"itemListElement\":[{\"@type\":\"ListItem\",\"position\":1,\"name\":\"Portada\",\"item\":\"https:\/\/ingenieria.udd.cl\/impactoudd\/\"},{\"@type\":\"ListItem\",\"position\":2,\"name\":\"Proyectos\",\"item\":\"https:\/\/ingenieria.udd.cl\/impactoudd\/proyectos\/\"},{\"@type\":\"ListItem\",\"position\":3,\"name\":\"Puesta en valor de los talabarteros de Parral\"}]},{\"@type\":\"WebSite\",\"@id\":\"https:\/\/ingenieria.udd.cl\/impactoudd\/#website\",\"url\":\"https:\/\/ingenieria.udd.cl\/impactoudd\/\",\"name\":\"Impacto UDD\",\"description\":\"Otro sitio m\u00e1s de Ingenieria\",\"inLanguage\":\"es\"}]}<\/script>\n<!-- \/ Yoast SEO plugin. -->","yoast_head_json":{"title":"Puesta en valor de los talabarteros de Parral - Impacto UDD","robots":{"index":"index","follow":"follow","max-snippet":"max-snippet:-1","max-image-preview":"max-image-preview:large","max-video-preview":"max-video-preview:-1"},"canonical":"https:\/\/ingenieria.udd.cl\/impactoudd\/proyectos\/talabarteros-parral\/","og_locale":"es_ES","og_type":"article","og_title":"Puesta en valor de los talabarteros de Parral - Impacto UDD","og_description":"Objetivo General: Elaborar un plan de formaci\u00f3n de capacidades (comerciales u otras) para el desarrollo de productos \/ servicios innovadores y con identidad territorial, utilizando los elementos representativos locales, buscando la revalorizaci\u00f3n de estos productos y las personas detr\u00e1s. Comunidad: &nbsp;Parral, Regi\u00f3n del Maule P\u00fablico objetivo: Talabarteros de Parral, artesanos de la zona Socio estrat\u00e9gico: [&hellip;]","og_url":"https:\/\/ingenieria.udd.cl\/impactoudd\/proyectos\/talabarteros-parral\/","og_site_name":"Impacto UDD","article_modified_time":"2022-02-10T17:45:58+00:00","og_image":[{"url":"https:\/\/ingenieria.udd.cl\/impactoudd\/files\/2022\/02\/20201126_133254-scaled.jpg","type":"","width":"","height":""}],"twitter_card":"summary_large_image","twitter_misc":{"Tiempo de lectura":"1 minuto"},"schema":{"@context":"https:\/\/schema.org","@graph":[{"@type":"WebPage","@id":"https:\/\/ingenieria.udd.cl\/impactoudd\/proyectos\/talabarteros-parral\/","url":"https:\/\/ingenieria.udd.cl\/impactoudd\/proyectos\/talabarteros-parral\/","name":"Puesta en valor de los talabarteros de Parral - Impacto UDD","isPartOf":{"@id":"https:\/\/ingenieria.udd.cl\/impactoudd\/#website"},"primaryImageOfPage":{"@id":"https:\/\/ingenieria.udd.cl\/impactoudd\/proyectos\/talabarteros-parral\/#primaryimage"},"image":{"@id":"https:\/\/ingenieria.udd.cl\/impactoudd\/proyectos\/talabarteros-parral\/#primaryimage"},"thumbnailUrl":"https:\/\/ingenieria.udd.cl\/impactoudd\/files\/2022\/02\/20201126_133254-scaled.jpg","datePublished":"2020-10-01T15:21:22+00:00","dateModified":"2022-02-10T17:45:58+00:00","breadcrumb":{"@id":"https:\/\/ingenieria.udd.cl\/impactoudd\/proyectos\/talabarteros-parral\/#breadcrumb"},"inLanguage":"es","potentialAction":[{"@type":"ReadAction","target":["https:\/\/ingenieria.udd.cl\/impactoudd\/proyectos\/talabarteros-parral\/"]}]},{"@type":"ImageObject","inLanguage":"es","@id":"https:\/\/ingenieria.udd.cl\/impactoudd\/proyectos\/talabarteros-parral\/#primaryimage","url":"https:\/\/ingenieria.udd.cl\/impactoudd\/files\/2022\/02\/20201126_133254-scaled.jpg","contentUrl":"https:\/\/ingenieria.udd.cl\/impactoudd\/files\/2022\/02\/20201126_133254-scaled.jpg","width":2560,"height":1920},{"@type":"BreadcrumbList","@id":"https:\/\/ingenieria.udd.cl\/impactoudd\/proyectos\/talabarteros-parral\/#breadcrumb","itemListElement":[{"@type":"ListItem","position":1,"name":"Portada","item":"https:\/\/ingenieria.udd.cl\/impactoudd\/"},{"@type":"ListItem","position":2,"name":"Proyectos","item":"https:\/\/ingenieria.udd.cl\/impactoudd\/proyectos\/"},{"@type":"ListItem","position":3,"name":"Puesta en valor de los talabarteros de Parral"}]},{"@type":"WebSite","@id":"https:\/\/ingenieria.udd.cl\/impactoudd\/#website","url":"https:\/\/ingenieria.udd.cl\/impactoudd\/","name":"Impacto UDD","description":"Otro sitio m\u00e1s de Ingenieria","inLanguage":"es"}]}},"_links":{"self":[{"href":"https:\/\/ingenieria.udd.cl\/impactoudd\/wp-json\/wp\/v2\/pages\/108","targetHints":{"allow":["GET"]}}],"collection":[{"href":"https:\/\/ingenieria.udd.cl\/impactoudd\/wp-json\/wp\/v2\/pages"}],"about":[{"href":"https:\/\/ingenieria.udd.cl\/impactoudd\/wp-json\/wp\/v2\/types\/page"}],"author":[{"embeddable":true,"href":"https:\/\/ingenieria.udd.cl\/impactoudd\/wp-json\/wp\/v2\/users\/9192218"}],"replies":[{"embeddable":true,"href":"https:\/\/ingenieria.udd.cl\/impactoudd\/wp-json\/wp\/v2\/comments?post=108"}],"version-history":[{"count":5,"href":"https:\/\/ingenieria.udd.cl\/impactoudd\/wp-json\/wp\/v2\/pages\/108\/revisions"}],"predecessor-version":[{"id":1979,"href":"https:\/\/ingenieria.udd.cl\/impactoudd\/wp-json\/wp\/v2\/pages\/108\/revisions\/1979"}],"up":[{"embeddable":true,"href":"https:\/\/ingenieria.udd.cl\/impactoudd\/wp-json\/wp\/v2\/pages\/23"}],"wp:attachment":[{"href":"https:\/\/ingenieria.udd.cl\/impactoudd\/wp-json\/wp\/v2\/media?parent=108"}],"curies":[{"name":"wp","href":"https:\/\/api.w.org\/{rel}","templated":true}]}}