{"id":1194,"date":"2021-07-01T23:52:48","date_gmt":"2021-07-01T21:52:48","guid":{"rendered":"https:\/\/ingenieria.udd.cl\/impactoudd\/?page_id=1194"},"modified":"2021-12-31T01:09:12","modified_gmt":"2021-12-31T00:09:12","slug":"biblioteca-de-recursos","status":"publish","type":"page","link":"https:\/\/ingenieria.udd.cl\/impactoudd\/biblioteca-de-recursos\/","title":{"rendered":"BIBLIOTECA DE RECURSOS"},"content":{"rendered":"\n<p>Hemos preparado material complementario que te servir\u00e1 como apoyo  te\u00f3rico y metodol\u00f3gico para el desarrollo tus proyectos con impacto. Podr\u00e1s encontrar c\u00e1psulas de contenidos, gu\u00edas descargables y t\u00e9mplates de ejercicios de aplicaci\u00f3n que podr\u00e1s descargar como PDF.<\/p>\n\n\n\n<p><strong>Recursos Audiovisuales<\/strong><\/p>\n\n\n\n<ol class=\"wp-block-list\"><li>Conceptos de Innovaci\u00f3n Social (video)<a href=\"https:\/\/youtu.be\/E6zAmJ7KQ-M\">https:\/\/youtu.be\/E6zAmJ7KQ-M<\/a><\/li><li>Metodolog\u00eda Design Thinking (video)<a href=\"https:\/\/youtu.be\/pvkc6LGBCSw\">https:\/\/youtu.be\/pvkc6LGBCSw<\/a><\/li><li>Entendiendo El Problema (video)<a href=\"https:\/\/youtu.be\/0PhNMJYuezg\">https:\/\/youtu.be\/0PhNMJYuezg<\/a><\/li><li>Metodolog\u00eda para Prototipaje R\u00e1pido (video)<a href=\"https:\/\/youtu.be\/CEO6CgB5M7M\">https:\/\/youtu.be\/CEO6CgB5M7M<\/a><\/li><li>Metodolog\u00eda Pilotaje y Validaci\u00f3n de una Soluci\u00f3n (video)<a href=\"https:\/\/youtu.be\/lKcHasJtS40\">https:\/\/youtu.be\/lKcHasJtS40<\/a><\/li><li>Medici\u00f3n  del Impacto de un Proyecto (video)<a href=\"https:\/\/youtu.be\/eBbXVxhpBrc\">https:\/\/youtu.be\/eBbXVxhpBrc<\/a><\/li><li>Usuario y Empat\u00eda (video)<a href=\"https:\/\/youtu.be\/zzNMtc6zAA4\">https:\/\/youtu.be\/zzNMtc6zAA4<\/a><\/li><li>Emplazamiento de Proyectos en Terreno (video)<a href=\"https:\/\/youtu.be\/kTh3LADHhHY\">https:\/\/youtu.be\/kTh3LADHhHY<\/a><\/li><li>Gesti\u00f3n de Proyectos Sociales (video)<a href=\"https:\/\/youtu.be\/SMe32G7Xd1s\">https:\/\/youtu.be\/SMe32G7Xd1s<\/a><\/li><li>Metodolog\u00eda Sprint (video)<a href=\"https:\/\/youtu.be\/lbgtS74nYMU\">https:\/\/youtu.be\/lbgtS74nYMU<\/a><\/li><li>C\u00f3mo dise\u00f1ar una presentaci\u00f3n (video)<a href=\"https:\/\/youtu.be\/XAG9dmWEsBs\">https:\/\/youtu.be\/XAG9dmWEsBs<\/a><\/li><li>Prototipaje Tecnol\u00f3gico<a href=\"https:\/\/youtu.be\/zzNMtc6zAA4\">https:\/\/youtu.be\/zzNMtc6zAA4<\/a><\/li><\/ol>\n\n\n\n<p><strong>Gu\u00edas Complementarias<\/strong><\/p>\n\n\n\n<ol class=\"wp-block-list\"><li>Gu\u00eda para la Observaci\u00f3n y entrevistas en terreno<a href=\"https:\/\/view.genial.ly\/5da4b39f7a39270fa1be26f1\/interactive-content-guia-para-observacion-en-terreno\">https:\/\/view.genial.ly\/5da4b39f7a39270fa1be26f1\/interactive-content-guia-para-observacion-en-terreno<\/a><\/li><li>Gu\u00eda para realizar entrevistas<a href=\"https:\/\/www.dropbox.com\/s\/63sp5bxhoglvox1\/Guia%20para%20entrevistas.pdf?dl=0\">https:\/\/www.dropbox.com\/s\/63sp5bxhoglvox1\/Guia%20para%20entrevistas.pdf?dl=0<\/a><\/li><li>Gu\u00eda de conceptos b\u00e1sicos dise\u00f1o de experiencias<a href=\"https:\/\/www.dropbox.com\/s\/raabhq6onmdymfh\/the-basics-of-ux-design.pdf?dl=0\">https:\/\/www.dropbox.com\/s\/raabhq6onmdymfh\/the-basics-of-ux-design.pdf?dl=0<\/a><\/li><li>Manual Corfo proyectos sociales <a href=\"https:\/\/www.dropbox.com\/s\/p4qp45qsfb1xy8c\/CORFO%20Manual%20Problemas%20y%20Desafios.pdf?dl=0\">https:\/\/www.dropbox.com\/s\/p4qp45qsfb1xy8c\/CORFO%20Manual%20Problemas%20y%20Desafios.pdf?dl=0<\/a><\/li><li>Gu\u00eda dschool de Empat\u00eda <a href=\"https:\/\/www.dropbox.com\/s\/6ioy44u5ve8fx3i\/Empat%C3%ADa%20-%20Guia%20de%20Campo%20V2.pdf?dl=0\">https:\/\/www.dropbox.com\/s\/6ioy44u5ve8fx3i\/Empat%C3%ADa%20-%20Guia%20de%20Campo%20V2.pdf?dl=0<\/a><\/li><li>Gu\u00eda IDEO Human Center Design <a href=\"https:\/\/www.dropbox.com\/s\/em1rfapsjtzn32g\/Field%20Guide%20to%20Human-Centered%20Design_IDEOorg_Spanish.pdf?dl=0\">https:\/\/www.dropbox.com\/s\/em1rfapsjtzn32g\/Field%20Guide%20to%20Human-Centered%20Design_IDEOorg_Spanish.pdf?dl=0<\/a><\/li><li>Manual DIY Innovaci\u00f3n Social <a href=\"https:\/\/www.dropbox.com\/s\/ev8obzw3k40cfst\/DIY_Spanish.pdf?dl=0\">https:\/\/www.dropbox.com\/s\/ev8obzw3k40cfst\/DIY_Spanish.pdf?dl=0<\/a><\/li><\/ol>\n\n\n\n<p><strong>Templates de Utilidad (Pdf)<\/strong><\/p>\n\n\n\n<ol class=\"wp-block-list\"><li>Canvas seguimiento de proyectos <a href=\"https:\/\/www.dropbox.com\/s\/262w0tnifog2wb9\/Seguimiento%20de%20proyecto.pdf?dl=0\">https:\/\/www.dropbox.com\/s\/262w0tnifog2wb9\/Seguimiento%20de%20proyecto.pdf?dl=0<\/a><\/li><li>Canvas para medici\u00f3n de impacto <a href=\"https:\/\/www.dropbox.com\/s\/wfhrxopduq1gwy6\/Medici%C3%B3n%20de%20impacto.pdf?dl=0\">https:\/\/www.dropbox.com\/s\/wfhrxopduq1gwy6\/Medici%C3%B3n%20de%20impacto.pdf?dl=0<\/a><\/li><li>Canvas metodolog\u00eda PymeAzul <a href=\"https:\/\/www.dropbox.com\/s\/i54kyeabn3g2of5\/metodolog%C3%ADa%20Pyme%20Azul.pdf?dl=0\">https:\/\/www.dropbox.com\/s\/i54kyeabn3g2of5\/metodolog%C3%ADa%20Pyme%20Azul.pdf?dl=0<\/a><\/li><li>Canvas Alianzas Estrat\u00e9gicas <a href=\"https:\/\/www.dropbox.com\/s\/bqykdvdrsjv0td4\/Alianzas%20Estrat%C3%A9gicas.pdf?dl=0\">https:\/\/www.dropbox.com\/s\/bqykdvdrsjv0td4\/Alianzas%20Estrat%C3%A9gicas.pdf?dl=0<\/a><\/li><\/ol>\n\n\n\n<p><\/p>\n","protected":false},"excerpt":{"rendered":"<p>Hemos preparado material complementario que te servir\u00e1 como apoyo te\u00f3rico y metodol\u00f3gico para el desarrollo tus proyectos con impacto. Podr\u00e1s encontrar c\u00e1psulas de contenidos, gu\u00edas descargables y t\u00e9mplates de ejercicios de aplicaci\u00f3n que podr\u00e1s descargar como PDF. Recursos Audiovisuales Conceptos de Innovaci\u00f3n Social (video)https:\/\/youtu.be\/E6zAmJ7KQ-M Metodolog\u00eda Design Thinking (video)https:\/\/youtu.be\/pvkc6LGBCSw Entendiendo El Problema (video)https:\/\/youtu.be\/0PhNMJYuezg Metodolog\u00eda para Prototipaje [&hellip;]<\/p>\n","protected":false},"author":9192225,"featured_media":0,"parent":0,"menu_order":0,"comment_status":"closed","ping_status":"closed","template":"","meta":{"footnotes":""},"class_list":["post-1194","page","type-page","status-publish","hentry"],"yoast_head":"<!-- This site is optimized with the Yoast SEO plugin v26.9 - https:\/\/yoast.com\/product\/yoast-seo-wordpress\/ -->\n<title>BIBLIOTECA DE RECURSOS - Impacto UDD<\/title>\n<meta name=\"description\" content=\"Recursos metodol\u00f3gicos y acad\u00e9micos para acompa\u00f1ar a proyectos con impacto. Herramientas, art\u00edculos y entrevistas.\" \/>\n<meta name=\"robots\" content=\"index, follow, max-snippet:-1, max-image-preview:large, max-video-preview:-1\" \/>\n<link rel=\"canonical\" href=\"https:\/\/ingenieria.udd.cl\/impactoudd\/biblioteca-de-recursos\/\" \/>\n<meta property=\"og:locale\" content=\"es_ES\" \/>\n<meta property=\"og:type\" content=\"article\" \/>\n<meta property=\"og:title\" content=\"BIBLIOTECA DE RECURSOS - Impacto UDD\" \/>\n<meta property=\"og:description\" content=\"Recursos metodol\u00f3gicos y acad\u00e9micos para acompa\u00f1ar a proyectos con impacto. Herramientas, art\u00edculos y entrevistas.\" \/>\n<meta property=\"og:url\" content=\"https:\/\/ingenieria.udd.cl\/impactoudd\/biblioteca-de-recursos\/\" \/>\n<meta property=\"og:site_name\" content=\"Impacto UDD\" \/>\n<meta property=\"article:modified_time\" content=\"2021-12-31T00:09:12+00:00\" \/>\n<meta name=\"twitter:card\" content=\"summary_large_image\" \/>\n<meta name=\"twitter:label1\" content=\"Tiempo de lectura\" \/>\n\t<meta name=\"twitter:data1\" content=\"2 minutos\" \/>\n<script type=\"application\/ld+json\" class=\"yoast-schema-graph\">{\"@context\":\"https:\/\/schema.org\",\"@graph\":[{\"@type\":\"WebPage\",\"@id\":\"https:\/\/ingenieria.udd.cl\/impactoudd\/biblioteca-de-recursos\/\",\"url\":\"https:\/\/ingenieria.udd.cl\/impactoudd\/biblioteca-de-recursos\/\",\"name\":\"BIBLIOTECA DE RECURSOS - Impacto UDD\",\"isPartOf\":{\"@id\":\"https:\/\/ingenieria.udd.cl\/impactoudd\/#website\"},\"datePublished\":\"2021-07-01T21:52:48+00:00\",\"dateModified\":\"2021-12-31T00:09:12+00:00\",\"description\":\"Recursos metodol\u00f3gicos y acad\u00e9micos para acompa\u00f1ar a proyectos con impacto. Herramientas, art\u00edculos y entrevistas.\",\"breadcrumb\":{\"@id\":\"https:\/\/ingenieria.udd.cl\/impactoudd\/biblioteca-de-recursos\/#breadcrumb\"},\"inLanguage\":\"es\",\"potentialAction\":[{\"@type\":\"ReadAction\",\"target\":[\"https:\/\/ingenieria.udd.cl\/impactoudd\/biblioteca-de-recursos\/\"]}]},{\"@type\":\"BreadcrumbList\",\"@id\":\"https:\/\/ingenieria.udd.cl\/impactoudd\/biblioteca-de-recursos\/#breadcrumb\",\"itemListElement\":[{\"@type\":\"ListItem\",\"position\":1,\"name\":\"Portada\",\"item\":\"https:\/\/ingenieria.udd.cl\/impactoudd\/\"},{\"@type\":\"ListItem\",\"position\":2,\"name\":\"BIBLIOTECA DE RECURSOS\"}]},{\"@type\":\"WebSite\",\"@id\":\"https:\/\/ingenieria.udd.cl\/impactoudd\/#website\",\"url\":\"https:\/\/ingenieria.udd.cl\/impactoudd\/\",\"name\":\"Impacto UDD\",\"description\":\"Otro sitio m\u00e1s de Ingenieria\",\"inLanguage\":\"es\"}]}<\/script>\n<!-- \/ Yoast SEO plugin. -->","yoast_head_json":{"title":"BIBLIOTECA DE RECURSOS - Impacto UDD","description":"Recursos metodol\u00f3gicos y acad\u00e9micos para acompa\u00f1ar a proyectos con impacto. Herramientas, art\u00edculos y entrevistas.","robots":{"index":"index","follow":"follow","max-snippet":"max-snippet:-1","max-image-preview":"max-image-preview:large","max-video-preview":"max-video-preview:-1"},"canonical":"https:\/\/ingenieria.udd.cl\/impactoudd\/biblioteca-de-recursos\/","og_locale":"es_ES","og_type":"article","og_title":"BIBLIOTECA DE RECURSOS - Impacto UDD","og_description":"Recursos metodol\u00f3gicos y acad\u00e9micos para acompa\u00f1ar a proyectos con impacto. Herramientas, art\u00edculos y entrevistas.","og_url":"https:\/\/ingenieria.udd.cl\/impactoudd\/biblioteca-de-recursos\/","og_site_name":"Impacto UDD","article_modified_time":"2021-12-31T00:09:12+00:00","twitter_card":"summary_large_image","twitter_misc":{"Tiempo de lectura":"2 minutos"},"schema":{"@context":"https:\/\/schema.org","@graph":[{"@type":"WebPage","@id":"https:\/\/ingenieria.udd.cl\/impactoudd\/biblioteca-de-recursos\/","url":"https:\/\/ingenieria.udd.cl\/impactoudd\/biblioteca-de-recursos\/","name":"BIBLIOTECA DE RECURSOS - Impacto UDD","isPartOf":{"@id":"https:\/\/ingenieria.udd.cl\/impactoudd\/#website"},"datePublished":"2021-07-01T21:52:48+00:00","dateModified":"2021-12-31T00:09:12+00:00","description":"Recursos metodol\u00f3gicos y acad\u00e9micos para acompa\u00f1ar a proyectos con impacto. Herramientas, art\u00edculos y entrevistas.","breadcrumb":{"@id":"https:\/\/ingenieria.udd.cl\/impactoudd\/biblioteca-de-recursos\/#breadcrumb"},"inLanguage":"es","potentialAction":[{"@type":"ReadAction","target":["https:\/\/ingenieria.udd.cl\/impactoudd\/biblioteca-de-recursos\/"]}]},{"@type":"BreadcrumbList","@id":"https:\/\/ingenieria.udd.cl\/impactoudd\/biblioteca-de-recursos\/#breadcrumb","itemListElement":[{"@type":"ListItem","position":1,"name":"Portada","item":"https:\/\/ingenieria.udd.cl\/impactoudd\/"},{"@type":"ListItem","position":2,"name":"BIBLIOTECA DE RECURSOS"}]},{"@type":"WebSite","@id":"https:\/\/ingenieria.udd.cl\/impactoudd\/#website","url":"https:\/\/ingenieria.udd.cl\/impactoudd\/","name":"Impacto UDD","description":"Otro sitio m\u00e1s de Ingenieria","inLanguage":"es"}]}},"_links":{"self":[{"href":"https:\/\/ingenieria.udd.cl\/impactoudd\/wp-json\/wp\/v2\/pages\/1194","targetHints":{"allow":["GET"]}}],"collection":[{"href":"https:\/\/ingenieria.udd.cl\/impactoudd\/wp-json\/wp\/v2\/pages"}],"about":[{"href":"https:\/\/ingenieria.udd.cl\/impactoudd\/wp-json\/wp\/v2\/types\/page"}],"author":[{"embeddable":true,"href":"https:\/\/ingenieria.udd.cl\/impactoudd\/wp-json\/wp\/v2\/users\/9192225"}],"replies":[{"embeddable":true,"href":"https:\/\/ingenieria.udd.cl\/impactoudd\/wp-json\/wp\/v2\/comments?post=1194"}],"version-history":[{"count":7,"href":"https:\/\/ingenieria.udd.cl\/impactoudd\/wp-json\/wp\/v2\/pages\/1194\/revisions"}],"predecessor-version":[{"id":1927,"href":"https:\/\/ingenieria.udd.cl\/impactoudd\/wp-json\/wp\/v2\/pages\/1194\/revisions\/1927"}],"wp:attachment":[{"href":"https:\/\/ingenieria.udd.cl\/impactoudd\/wp-json\/wp\/v2\/media?parent=1194"}],"curies":[{"name":"wp","href":"https:\/\/api.w.org\/{rel}","templated":true}]}}