{"id":1549,"date":"2021-09-27T16:11:46","date_gmt":"2021-09-27T14:11:46","guid":{"rendered":"https:\/\/ingenieria.udd.cl\/impactoudd\/?page_id=1549"},"modified":"2024-03-08T15:05:23","modified_gmt":"2024-03-08T14:05:23","slug":"impactoudd-global-east-africa","status":"publish","type":"page","link":"https:\/\/ingenieria.udd.cl\/impactoudd\/impactoudd-global-east-africa\/","title":{"rendered":"ImpactoUDD Global | East \u2013 Africa"},"content":{"rendered":"\n<h2 class=\"wp-block-heading\"><strong>Conociendo el este africano <\/strong><\/h2>\n\n\n\n<h2 class=\"wp-block-heading\"><strong>Experiencia de Innovaci\u00f3n Social | Julio 2019<\/strong><\/h2>\n\n\n\n<p>ImpactoUDD Global es una iniciativa de experiencia internacional alrededor del impacto e innovaci\u00f3n social.<\/p>\n\n\n\n<figure class=\"wp-block-embed is-type-video is-provider-youtube wp-block-embed-youtube wp-embed-aspect-16-9 wp-has-aspect-ratio\"><div class=\"wp-block-embed__wrapper\">\n<iframe loading=\"lazy\" title=\"ImpactoUDD Global Nairobi (Versi\u00f3n extendida)\" width=\"500\" height=\"281\" src=\"https:\/\/www.youtube.com\/embed\/crwXhgMboRo?feature=oembed\" frameborder=\"0\" allow=\"accelerometer; autoplay; clipboard-write; encrypted-media; gyroscope; picture-in-picture; web-share\" referrerpolicy=\"strict-origin-when-cross-origin\" allowfullscreen><\/iframe>\n<\/div><\/figure>\n\n\n\n<p class=\"has-medium-font-size\"><\/p>\n\n\n\n<p class=\"has-text-align-left\">::<strong>&nbsp;Nairobi | Kenia<\/strong><\/p>\n\n\n\n<p class=\"has-text-align-left\">::&nbsp;<strong>Kilimanjaro | Tanzania&nbsp;<em>(opcional)<\/em><\/strong><\/p>\n\n\n\n<p class=\"has-text-align-left\"><strong>&gt;&gt; Viaje internacional de impacto social que cuenta con 4 Cr\u00e9ditos Extradisciplinares de Libre Elecci\u00f3n (CELE).<\/strong><\/p>\n\n\n\n<p class=\"has-text-align-left\"><strong>&gt; Actividad abierta a alumnos y alumni de los campus Santiago y Concepci\u00f3n de todas las carreras de la UDD.&nbsp;<\/strong><\/p>\n\n\n\n<p class=\"has-text-align-left\">Este viaje tiene dos etapas. La primera parte, contempla&nbsp;<strong>10 d\u00edas en Nairobi,<\/strong>&nbsp;<strong>capital de Kenia<\/strong>, instancia en la que los estudiantes conocer\u00e1n actores inspiradores en el campo de la innovaci\u00f3n social, se adentrar\u00e1&nbsp; en la cultura de la comunidad, conocer\u00e1n los desaf\u00edos sociales y ambientales junto a soluciones que se est\u00e1n implementando con diferentes estrategias de intervenci\u00f3n y aportar\u00e1n con su conocimiento.<\/p>\n\n\n\n<p class=\"has-text-align-left\">La&nbsp;<strong>segunda etapa del viaje<em>&nbsp;(opcional)<\/em><\/strong>, contempla 9 d\u00edas en Kilimanjaro Tanzania. En esta instancia, se propone el ascenso al Monte Kilimanjaro, conocido como el techo de \u00c1frica.<\/p>\n\n\n<!-- WP Block: UDD - Banners Multiple -->\n<section class=\"wp-block-udd-banners-multiple \">\n\t<div class=\"container\">\n\t\t\t\t<header class=\"block__header\">\n\t\t\t<h2 class=\"block__title\">NUESTROS ALIADOS<\/h2>\n\t\t<\/header>\n\t\t\t\t<div class=\"block__content\">\n\t\t\t<div id=\"udd-banners-multiple--1\"\n\t\t\t\t\t\t\t\t>\n\t\t\t\t\t\t\t\t<div class=\"banners\">\n\t\t\t\t\t\t\t\t\t<div class=\"banner-col\n\t\t\t\t\t active\t\t\t\t\t\">\n\t\t\t\t\t\t<a href=\"http:\/\/njambre.org\" class=\"banner banner--multiple\" data-url=\"http:\/\/njambre.org\">\n\t\t\t\t\t\t\t\t\t\t\t\t\t<img loading=\"lazy\" decoding=\"async\" width=\"952\" height=\"534\" src=\"https:\/\/ingenieria.udd.cl\/impactoudd\/files\/2020\/10\/logo-njambre-680x382.png\" class=\"banner__image lazyload\" alt=\"\" sizes=\"auto, (max-width: 952px) 100vw, 952px\" data-src=\"https:\/\/ingenieria.udd.cl\/impactoudd\/files\/2020\/10\/logo-njambre-952x534.png\" data-srcset=\"https:\/\/ingenieria.udd.cl\/impactoudd\/files\/2020\/10\/logo-njambre-952x534.png 952w, https:\/\/ingenieria.udd.cl\/impactoudd\/files\/2020\/10\/logo-njambre-1366x768.png 1366w, https:\/\/ingenieria.udd.cl\/impactoudd\/files\/2020\/10\/logo-njambre-680x382.png 680w\" \/>\t\t\t\t\t\t\t\t\t\t\t\t\t<div class=\"banner__content\">\n\t\t\t\t\t\t\t\t<span class=\"banner__title\">NJAMBRE<\/span>\n\t\t\t\t\t\t\t\t\t\t\t\t\t\t\t\t\t\t\t\t\t\t\t<\/div>\n\t\t\t\t\t\t<\/a>\n\t\t\t\t\t<\/div>\n\t\t\t\t\t\t\t\t\t<div class=\"banner-col\n\t\t\t\t\t\t\t\t\t\t\">\n\t\t\t\t\t\t<a href=\"https:\/\/amaniinstitute.org\/\" class=\"banner banner--multiple\" data-url=\"https:\/\/amaniinstitute.org\/\">\n\t\t\t\t\t\t\t\t\t\t\t\t\t<img loading=\"lazy\" decoding=\"async\" width=\"574\" height=\"186\" src=\"https:\/\/ingenieria.udd.cl\/impactoudd\/files\/2020\/10\/logo-amani.png\" class=\"banner__image lazyload\" alt=\"\" sizes=\"auto, (max-width: 574px) 100vw, 574px\" data-src=\"https:\/\/ingenieria.udd.cl\/impactoudd\/files\/2020\/10\/logo-amani.png\" data-srcset=\"https:\/\/ingenieria.udd.cl\/impactoudd\/files\/2020\/10\/logo-amani.png 574w, https:\/\/ingenieria.udd.cl\/impactoudd\/files\/2020\/10\/logo-amani-300x97.png 300w\" \/>\t\t\t\t\t\t\t\t\t\t\t\t\t<div class=\"banner__content\">\n\t\t\t\t\t\t\t\t<span class=\"banner__title\">AMANI INSTITUTE<\/span>\n\t\t\t\t\t\t\t\t\t\t\t\t\t\t\t\t\t\t\t\t\t\t\t<\/div>\n\t\t\t\t\t\t<\/a>\n\t\t\t\t\t<\/div>\n\t\t\t\t\t\t\t\t<\/div>\n\t\t\t<\/div>\n\t\t<\/div>\n\t<\/div>\n<\/section>\n\n\n<!-- WP Block: UDD - Banners Multiple -->\n<section class=\"wp-block-udd-banners-multiple \">\n\t<div class=\"container\">\n\t\t\t\t<div class=\"block__content\">\n\t\t\t<div id=\"udd-banners-multiple--2\"\n\t\t\t\t\t\t\t\t>\n\t\t\t\t\t\t\t\t<div class=\"banners\">\n\t\t\t\t\t\t\t\t\t<div class=\"banner-col\n\t\t\t\t\t active\t\t\t\t\t\">\n\t\t\t\t\t\t<a href=\"https:\/\/www.safarismergingmundos.com\/\" class=\"banner banner--multiple\" data-url=\"https:\/\/www.safarismergingmundos.com\/\">\n\t\t\t\t\t\t\t\t\t\t\t\t\t<img loading=\"lazy\" decoding=\"async\" width=\"463\" height=\"109\" src=\"https:\/\/ingenieria.udd.cl\/impactoudd\/files\/2020\/10\/logo-merging-mundos.jpeg\" class=\"banner__image lazyload\" alt=\"\" sizes=\"auto, (max-width: 463px) 100vw, 463px\" data-src=\"https:\/\/ingenieria.udd.cl\/impactoudd\/files\/2020\/10\/logo-merging-mundos.jpeg\" data-srcset=\"https:\/\/ingenieria.udd.cl\/impactoudd\/files\/2020\/10\/logo-merging-mundos.jpeg 463w, https:\/\/ingenieria.udd.cl\/impactoudd\/files\/2020\/10\/logo-merging-mundos-300x71.jpeg 300w\" \/>\t\t\t\t\t\t\t\t\t\t\t\t\t<div class=\"banner__content\">\n\t\t\t\t\t\t\t\t<span class=\"banner__title\">MERGING MUNDOS<\/span>\n\t\t\t\t\t\t\t\t\t\t\t\t\t\t\t\t\t\t\t\t\t\t\t<\/div>\n\t\t\t\t\t\t<\/a>\n\t\t\t\t\t<\/div>\n\t\t\t\t\t\t\t\t<\/div>\n\t\t\t<\/div>\n\t\t<\/div>\n\t<\/div>\n<\/section>\n","protected":false},"excerpt":{"rendered":"<p>Conociendo el este africano Experiencia de Innovaci\u00f3n Social | Julio 2019 ImpactoUDD Global es una iniciativa de experiencia internacional alrededor del impacto e innovaci\u00f3n social. ::&nbsp;Nairobi | Kenia ::&nbsp;Kilimanjaro | Tanzania&nbsp;(opcional) &gt;&gt; Viaje internacional de impacto social que cuenta con 4 Cr\u00e9ditos Extradisciplinares de Libre Elecci\u00f3n (CELE). &gt; Actividad abierta a alumnos y alumni de [&hellip;]<\/p>\n","protected":false},"author":9192225,"featured_media":0,"parent":0,"menu_order":0,"comment_status":"closed","ping_status":"closed","template":"","meta":{"footnotes":""},"class_list":["post-1549","page","type-page","status-publish","hentry"],"yoast_head":"<!-- This site is optimized with the Yoast SEO plugin v26.9 - https:\/\/yoast.com\/product\/yoast-seo-wordpress\/ -->\n<title>ImpactoUDD Global | East \u2013 Africa - Impacto UDD<\/title>\n<meta name=\"robots\" content=\"index, follow, max-snippet:-1, max-image-preview:large, max-video-preview:-1\" \/>\n<link rel=\"canonical\" href=\"https:\/\/ingenieria.udd.cl\/impactoudd\/impactoudd-global-east-africa\/\" \/>\n<meta property=\"og:locale\" content=\"es_ES\" \/>\n<meta property=\"og:type\" content=\"article\" \/>\n<meta property=\"og:title\" content=\"ImpactoUDD Global | East \u2013 Africa - Impacto UDD\" \/>\n<meta property=\"og:description\" content=\"Conociendo el este africano Experiencia de Innovaci\u00f3n Social | Julio 2019 ImpactoUDD Global es una iniciativa de experiencia internacional alrededor del impacto e innovaci\u00f3n social. ::&nbsp;Nairobi | Kenia ::&nbsp;Kilimanjaro | Tanzania&nbsp;(opcional) &gt;&gt; Viaje internacional de impacto social que cuenta con 4 Cr\u00e9ditos Extradisciplinares de Libre Elecci\u00f3n (CELE). &gt; Actividad abierta a alumnos y alumni de [&hellip;]\" \/>\n<meta property=\"og:url\" content=\"https:\/\/ingenieria.udd.cl\/impactoudd\/impactoudd-global-east-africa\/\" \/>\n<meta property=\"og:site_name\" content=\"Impacto UDD\" \/>\n<meta property=\"article:modified_time\" content=\"2024-03-08T14:05:23+00:00\" \/>\n<meta name=\"twitter:card\" content=\"summary_large_image\" \/>\n<meta name=\"twitter:label1\" content=\"Tiempo de lectura\" \/>\n\t<meta name=\"twitter:data1\" content=\"1 minuto\" \/>\n<script type=\"application\/ld+json\" class=\"yoast-schema-graph\">{\"@context\":\"https:\/\/schema.org\",\"@graph\":[{\"@type\":\"WebPage\",\"@id\":\"https:\/\/ingenieria.udd.cl\/impactoudd\/impactoudd-global-east-africa\/\",\"url\":\"https:\/\/ingenieria.udd.cl\/impactoudd\/impactoudd-global-east-africa\/\",\"name\":\"ImpactoUDD Global | East \u2013 Africa - Impacto UDD\",\"isPartOf\":{\"@id\":\"https:\/\/ingenieria.udd.cl\/impactoudd\/#website\"},\"datePublished\":\"2021-09-27T14:11:46+00:00\",\"dateModified\":\"2024-03-08T14:05:23+00:00\",\"breadcrumb\":{\"@id\":\"https:\/\/ingenieria.udd.cl\/impactoudd\/impactoudd-global-east-africa\/#breadcrumb\"},\"inLanguage\":\"es\",\"potentialAction\":[{\"@type\":\"ReadAction\",\"target\":[\"https:\/\/ingenieria.udd.cl\/impactoudd\/impactoudd-global-east-africa\/\"]}]},{\"@type\":\"BreadcrumbList\",\"@id\":\"https:\/\/ingenieria.udd.cl\/impactoudd\/impactoudd-global-east-africa\/#breadcrumb\",\"itemListElement\":[{\"@type\":\"ListItem\",\"position\":1,\"name\":\"Portada\",\"item\":\"https:\/\/ingenieria.udd.cl\/impactoudd\/\"},{\"@type\":\"ListItem\",\"position\":2,\"name\":\"ImpactoUDD Global | East \u2013 Africa\"}]},{\"@type\":\"WebSite\",\"@id\":\"https:\/\/ingenieria.udd.cl\/impactoudd\/#website\",\"url\":\"https:\/\/ingenieria.udd.cl\/impactoudd\/\",\"name\":\"Impacto UDD\",\"description\":\"Otro sitio m\u00e1s de Ingenieria\",\"inLanguage\":\"es\"}]}<\/script>\n<!-- \/ Yoast SEO plugin. -->","yoast_head_json":{"title":"ImpactoUDD Global | East \u2013 Africa - Impacto UDD","robots":{"index":"index","follow":"follow","max-snippet":"max-snippet:-1","max-image-preview":"max-image-preview:large","max-video-preview":"max-video-preview:-1"},"canonical":"https:\/\/ingenieria.udd.cl\/impactoudd\/impactoudd-global-east-africa\/","og_locale":"es_ES","og_type":"article","og_title":"ImpactoUDD Global | East \u2013 Africa - Impacto UDD","og_description":"Conociendo el este africano Experiencia de Innovaci\u00f3n Social | Julio 2019 ImpactoUDD Global es una iniciativa de experiencia internacional alrededor del impacto e innovaci\u00f3n social. ::&nbsp;Nairobi | Kenia ::&nbsp;Kilimanjaro | Tanzania&nbsp;(opcional) &gt;&gt; Viaje internacional de impacto social que cuenta con 4 Cr\u00e9ditos Extradisciplinares de Libre Elecci\u00f3n (CELE). &gt; Actividad abierta a alumnos y alumni de [&hellip;]","og_url":"https:\/\/ingenieria.udd.cl\/impactoudd\/impactoudd-global-east-africa\/","og_site_name":"Impacto UDD","article_modified_time":"2024-03-08T14:05:23+00:00","twitter_card":"summary_large_image","twitter_misc":{"Tiempo de lectura":"1 minuto"},"schema":{"@context":"https:\/\/schema.org","@graph":[{"@type":"WebPage","@id":"https:\/\/ingenieria.udd.cl\/impactoudd\/impactoudd-global-east-africa\/","url":"https:\/\/ingenieria.udd.cl\/impactoudd\/impactoudd-global-east-africa\/","name":"ImpactoUDD Global | East \u2013 Africa - Impacto UDD","isPartOf":{"@id":"https:\/\/ingenieria.udd.cl\/impactoudd\/#website"},"datePublished":"2021-09-27T14:11:46+00:00","dateModified":"2024-03-08T14:05:23+00:00","breadcrumb":{"@id":"https:\/\/ingenieria.udd.cl\/impactoudd\/impactoudd-global-east-africa\/#breadcrumb"},"inLanguage":"es","potentialAction":[{"@type":"ReadAction","target":["https:\/\/ingenieria.udd.cl\/impactoudd\/impactoudd-global-east-africa\/"]}]},{"@type":"BreadcrumbList","@id":"https:\/\/ingenieria.udd.cl\/impactoudd\/impactoudd-global-east-africa\/#breadcrumb","itemListElement":[{"@type":"ListItem","position":1,"name":"Portada","item":"https:\/\/ingenieria.udd.cl\/impactoudd\/"},{"@type":"ListItem","position":2,"name":"ImpactoUDD Global | East \u2013 Africa"}]},{"@type":"WebSite","@id":"https:\/\/ingenieria.udd.cl\/impactoudd\/#website","url":"https:\/\/ingenieria.udd.cl\/impactoudd\/","name":"Impacto UDD","description":"Otro sitio m\u00e1s de Ingenieria","inLanguage":"es"}]}},"_links":{"self":[{"href":"https:\/\/ingenieria.udd.cl\/impactoudd\/wp-json\/wp\/v2\/pages\/1549","targetHints":{"allow":["GET"]}}],"collection":[{"href":"https:\/\/ingenieria.udd.cl\/impactoudd\/wp-json\/wp\/v2\/pages"}],"about":[{"href":"https:\/\/ingenieria.udd.cl\/impactoudd\/wp-json\/wp\/v2\/types\/page"}],"author":[{"embeddable":true,"href":"https:\/\/ingenieria.udd.cl\/impactoudd\/wp-json\/wp\/v2\/users\/9192225"}],"replies":[{"embeddable":true,"href":"https:\/\/ingenieria.udd.cl\/impactoudd\/wp-json\/wp\/v2\/comments?post=1549"}],"version-history":[{"count":17,"href":"https:\/\/ingenieria.udd.cl\/impactoudd\/wp-json\/wp\/v2\/pages\/1549\/revisions"}],"predecessor-version":[{"id":2292,"href":"https:\/\/ingenieria.udd.cl\/impactoudd\/wp-json\/wp\/v2\/pages\/1549\/revisions\/2292"}],"wp:attachment":[{"href":"https:\/\/ingenieria.udd.cl\/impactoudd\/wp-json\/wp\/v2\/media?parent=1549"}],"curies":[{"name":"wp","href":"https:\/\/api.w.org\/{rel}","templated":true}]}}