{"id":155,"date":"2020-10-01T18:08:43","date_gmt":"2020-10-01T16:08:43","guid":{"rendered":"http:\/\/ingenieria.udd.cl\/impactoudd\/?page_id=155"},"modified":"2020-10-01T18:13:03","modified_gmt":"2020-10-01T16:13:03","slug":"proyectos-interdisciplinarios-con-impacto-social","status":"publish","type":"page","link":"https:\/\/ingenieria.udd.cl\/impactoudd\/academia-impactoudd\/proyectos-interdisciplinarios-con-impacto-social\/","title":{"rendered":"Proyectos interdisciplinarios con impacto social"},"content":{"rendered":"\n<p>Impacto te ofrece la posibilidad de participar en  proyectos interdisciplinarios con impacto social en comunidades reales. Estos proyectos se desarrollan en 3 etapas acompa\u00f1ados por un tutor. Cada etapa, tiene una duraci\u00f3n de un semestre con derecho a cr\u00e9ditos extradisciplinares.<\/p>\n\n\n\n<p>Los proyectos pueden provenir de alianzas con organizaciones sociales, as\u00ed como proyectos comunitarios que demuestren los alcances como proyectos sociales. El estudiante durante el desarrollo del proyecto deber\u00e1 participar a una serie de talleres de preparaci\u00f3n, as\u00ed como de revisiones peri\u00f3dicas de avance con su supervisor\/tutor.<\/p>\n\n\n\n<h2 class=\"wp-block-heading\">Algunos proyectos 2019\/2020<\/h2>\n\n\n\n<figure class=\"wp-block-gallery columns-3 is-cropped wp-block-gallery-1 is-layout-flex wp-block-gallery-is-layout-flex\"><ul class=\"blocks-gallery-grid\"><li class=\"blocks-gallery-item\"><figure><img loading=\"lazy\" decoding=\"async\" width=\"750\" height=\"741\" src=\"https:\/\/ingenieria.udd.cl\/impactoudd\/files\/2020\/10\/img_9128.jpg\" alt=\"\" data-id=\"160\" data-link=\"https:\/\/ingenieria.udd.cl\/impactoudd\/academia-impactoudd\/proyectos-interdisciplinarios-con-impacto-social\/img_9128\/\" class=\"wp-image-160\" srcset=\"https:\/\/ingenieria.udd.cl\/impactoudd\/files\/2020\/10\/img_9128.jpg 750w, https:\/\/ingenieria.udd.cl\/impactoudd\/files\/2020\/10\/img_9128-300x296.jpg 300w, https:\/\/ingenieria.udd.cl\/impactoudd\/files\/2020\/10\/img_9128-62x62.jpg 62w\" sizes=\"auto, (max-width: 750px) 100vw, 750px\" \/><\/figure><\/li><li class=\"blocks-gallery-item\"><figure><img loading=\"lazy\" decoding=\"async\" width=\"750\" height=\"739\" src=\"https:\/\/ingenieria.udd.cl\/impactoudd\/files\/2020\/10\/img_9125-1.jpg\" alt=\"\" data-id=\"161\" data-link=\"https:\/\/ingenieria.udd.cl\/impactoudd\/academia-impactoudd\/proyectos-interdisciplinarios-con-impacto-social\/img_9125-1\/\" class=\"wp-image-161\" srcset=\"https:\/\/ingenieria.udd.cl\/impactoudd\/files\/2020\/10\/img_9125-1.jpg 750w, https:\/\/ingenieria.udd.cl\/impactoudd\/files\/2020\/10\/img_9125-1-300x296.jpg 300w, https:\/\/ingenieria.udd.cl\/impactoudd\/files\/2020\/10\/img_9125-1-62x62.jpg 62w\" sizes=\"auto, (max-width: 750px) 100vw, 750px\" \/><\/figure><\/li><li class=\"blocks-gallery-item\"><figure><img loading=\"lazy\" decoding=\"async\" width=\"750\" height=\"739\" src=\"https:\/\/ingenieria.udd.cl\/impactoudd\/files\/2020\/10\/img_9130.jpg\" alt=\"\" data-id=\"162\" data-full-url=\"https:\/\/ingenieria.udd.cl\/impactoudd\/files\/2020\/10\/img_9130.jpg\" data-link=\"https:\/\/ingenieria.udd.cl\/impactoudd\/academia-impactoudd\/proyectos-interdisciplinarios-con-impacto-social\/img_9130\/\" class=\"wp-image-162\" srcset=\"https:\/\/ingenieria.udd.cl\/impactoudd\/files\/2020\/10\/img_9130.jpg 750w, https:\/\/ingenieria.udd.cl\/impactoudd\/files\/2020\/10\/img_9130-300x296.jpg 300w, https:\/\/ingenieria.udd.cl\/impactoudd\/files\/2020\/10\/img_9130-62x62.jpg 62w\" sizes=\"auto, (max-width: 750px) 100vw, 750px\" \/><\/figure><\/li><\/ul><\/figure>\n","protected":false},"excerpt":{"rendered":"<p>Impacto te ofrece la posibilidad de participar en proyectos interdisciplinarios con impacto social en comunidades reales. Estos proyectos se desarrollan en 3 etapas acompa\u00f1ados por un tutor. Cada etapa, tiene una duraci\u00f3n de un semestre con derecho a cr\u00e9ditos extradisciplinares. Los proyectos pueden provenir de alianzas con organizaciones sociales, as\u00ed como proyectos comunitarios que demuestren [&hellip;]<\/p>\n","protected":false},"author":9192218,"featured_media":0,"parent":24,"menu_order":0,"comment_status":"closed","ping_status":"closed","template":"","meta":{"footnotes":""},"class_list":["post-155","page","type-page","status-publish","hentry"],"yoast_head":"<!-- This site is optimized with the Yoast SEO plugin v26.9 - https:\/\/yoast.com\/product\/yoast-seo-wordpress\/ -->\n<title>Proyectos interdisciplinarios con impacto social - Impacto UDD<\/title>\n<meta name=\"robots\" content=\"index, follow, max-snippet:-1, max-image-preview:large, max-video-preview:-1\" \/>\n<link rel=\"canonical\" href=\"https:\/\/ingenieria.udd.cl\/impactoudd\/academia-impactoudd\/proyectos-interdisciplinarios-con-impacto-social\/\" \/>\n<meta property=\"og:locale\" content=\"es_ES\" \/>\n<meta property=\"og:type\" content=\"article\" \/>\n<meta property=\"og:title\" content=\"Proyectos interdisciplinarios con impacto social - Impacto UDD\" \/>\n<meta property=\"og:description\" content=\"Impacto te ofrece la posibilidad de participar en proyectos interdisciplinarios con impacto social en comunidades reales. Estos proyectos se desarrollan en 3 etapas acompa\u00f1ados por un tutor. Cada etapa, tiene una duraci\u00f3n de un semestre con derecho a cr\u00e9ditos extradisciplinares. Los proyectos pueden provenir de alianzas con organizaciones sociales, as\u00ed como proyectos comunitarios que demuestren [&hellip;]\" \/>\n<meta property=\"og:url\" content=\"https:\/\/ingenieria.udd.cl\/impactoudd\/academia-impactoudd\/proyectos-interdisciplinarios-con-impacto-social\/\" \/>\n<meta property=\"og:site_name\" content=\"Impacto UDD\" \/>\n<meta property=\"article:modified_time\" content=\"2020-10-01T16:13:03+00:00\" \/>\n<meta property=\"og:image\" content=\"https:\/\/ingenieria.udd.cl\/impactoudd\/files\/2020\/10\/img_9128.jpg\" \/>\n<meta name=\"twitter:card\" content=\"summary_large_image\" \/>\n<script type=\"application\/ld+json\" class=\"yoast-schema-graph\">{\"@context\":\"https:\/\/schema.org\",\"@graph\":[{\"@type\":\"WebPage\",\"@id\":\"https:\/\/ingenieria.udd.cl\/impactoudd\/academia-impactoudd\/proyectos-interdisciplinarios-con-impacto-social\/\",\"url\":\"https:\/\/ingenieria.udd.cl\/impactoudd\/academia-impactoudd\/proyectos-interdisciplinarios-con-impacto-social\/\",\"name\":\"Proyectos interdisciplinarios con impacto social - Impacto UDD\",\"isPartOf\":{\"@id\":\"https:\/\/ingenieria.udd.cl\/impactoudd\/#website\"},\"primaryImageOfPage\":{\"@id\":\"https:\/\/ingenieria.udd.cl\/impactoudd\/academia-impactoudd\/proyectos-interdisciplinarios-con-impacto-social\/#primaryimage\"},\"image\":{\"@id\":\"https:\/\/ingenieria.udd.cl\/impactoudd\/academia-impactoudd\/proyectos-interdisciplinarios-con-impacto-social\/#primaryimage\"},\"thumbnailUrl\":\"https:\/\/ingenieria.udd.cl\/impactoudd\/files\/2020\/10\/img_9128.jpg\",\"datePublished\":\"2020-10-01T16:08:43+00:00\",\"dateModified\":\"2020-10-01T16:13:03+00:00\",\"breadcrumb\":{\"@id\":\"https:\/\/ingenieria.udd.cl\/impactoudd\/academia-impactoudd\/proyectos-interdisciplinarios-con-impacto-social\/#breadcrumb\"},\"inLanguage\":\"es\",\"potentialAction\":[{\"@type\":\"ReadAction\",\"target\":[\"https:\/\/ingenieria.udd.cl\/impactoudd\/academia-impactoudd\/proyectos-interdisciplinarios-con-impacto-social\/\"]}]},{\"@type\":\"ImageObject\",\"inLanguage\":\"es\",\"@id\":\"https:\/\/ingenieria.udd.cl\/impactoudd\/academia-impactoudd\/proyectos-interdisciplinarios-con-impacto-social\/#primaryimage\",\"url\":\"https:\/\/ingenieria.udd.cl\/impactoudd\/files\/2020\/10\/img_9128.jpg\",\"contentUrl\":\"https:\/\/ingenieria.udd.cl\/impactoudd\/files\/2020\/10\/img_9128.jpg\",\"width\":750,\"height\":741},{\"@type\":\"BreadcrumbList\",\"@id\":\"https:\/\/ingenieria.udd.cl\/impactoudd\/academia-impactoudd\/proyectos-interdisciplinarios-con-impacto-social\/#breadcrumb\",\"itemListElement\":[{\"@type\":\"ListItem\",\"position\":1,\"name\":\"Portada\",\"item\":\"https:\/\/ingenieria.udd.cl\/impactoudd\/\"},{\"@type\":\"ListItem\",\"position\":2,\"name\":\"Academia ImpactoUDD\",\"item\":\"https:\/\/ingenieria.udd.cl\/impactoudd\/academia-impactoudd\/\"},{\"@type\":\"ListItem\",\"position\":3,\"name\":\"Proyectos interdisciplinarios con impacto social\"}]},{\"@type\":\"WebSite\",\"@id\":\"https:\/\/ingenieria.udd.cl\/impactoudd\/#website\",\"url\":\"https:\/\/ingenieria.udd.cl\/impactoudd\/\",\"name\":\"Impacto UDD\",\"description\":\"Otro sitio m\u00e1s de Ingenieria\",\"inLanguage\":\"es\"}]}<\/script>\n<!-- \/ Yoast SEO plugin. -->","yoast_head_json":{"title":"Proyectos interdisciplinarios con impacto social - Impacto UDD","robots":{"index":"index","follow":"follow","max-snippet":"max-snippet:-1","max-image-preview":"max-image-preview:large","max-video-preview":"max-video-preview:-1"},"canonical":"https:\/\/ingenieria.udd.cl\/impactoudd\/academia-impactoudd\/proyectos-interdisciplinarios-con-impacto-social\/","og_locale":"es_ES","og_type":"article","og_title":"Proyectos interdisciplinarios con impacto social - Impacto UDD","og_description":"Impacto te ofrece la posibilidad de participar en proyectos interdisciplinarios con impacto social en comunidades reales. Estos proyectos se desarrollan en 3 etapas acompa\u00f1ados por un tutor. Cada etapa, tiene una duraci\u00f3n de un semestre con derecho a cr\u00e9ditos extradisciplinares. Los proyectos pueden provenir de alianzas con organizaciones sociales, as\u00ed como proyectos comunitarios que demuestren [&hellip;]","og_url":"https:\/\/ingenieria.udd.cl\/impactoudd\/academia-impactoudd\/proyectos-interdisciplinarios-con-impacto-social\/","og_site_name":"Impacto UDD","article_modified_time":"2020-10-01T16:13:03+00:00","og_image":[{"url":"https:\/\/ingenieria.udd.cl\/impactoudd\/files\/2020\/10\/img_9128.jpg","type":"","width":"","height":""}],"twitter_card":"summary_large_image","schema":{"@context":"https:\/\/schema.org","@graph":[{"@type":"WebPage","@id":"https:\/\/ingenieria.udd.cl\/impactoudd\/academia-impactoudd\/proyectos-interdisciplinarios-con-impacto-social\/","url":"https:\/\/ingenieria.udd.cl\/impactoudd\/academia-impactoudd\/proyectos-interdisciplinarios-con-impacto-social\/","name":"Proyectos interdisciplinarios con impacto social - Impacto UDD","isPartOf":{"@id":"https:\/\/ingenieria.udd.cl\/impactoudd\/#website"},"primaryImageOfPage":{"@id":"https:\/\/ingenieria.udd.cl\/impactoudd\/academia-impactoudd\/proyectos-interdisciplinarios-con-impacto-social\/#primaryimage"},"image":{"@id":"https:\/\/ingenieria.udd.cl\/impactoudd\/academia-impactoudd\/proyectos-interdisciplinarios-con-impacto-social\/#primaryimage"},"thumbnailUrl":"https:\/\/ingenieria.udd.cl\/impactoudd\/files\/2020\/10\/img_9128.jpg","datePublished":"2020-10-01T16:08:43+00:00","dateModified":"2020-10-01T16:13:03+00:00","breadcrumb":{"@id":"https:\/\/ingenieria.udd.cl\/impactoudd\/academia-impactoudd\/proyectos-interdisciplinarios-con-impacto-social\/#breadcrumb"},"inLanguage":"es","potentialAction":[{"@type":"ReadAction","target":["https:\/\/ingenieria.udd.cl\/impactoudd\/academia-impactoudd\/proyectos-interdisciplinarios-con-impacto-social\/"]}]},{"@type":"ImageObject","inLanguage":"es","@id":"https:\/\/ingenieria.udd.cl\/impactoudd\/academia-impactoudd\/proyectos-interdisciplinarios-con-impacto-social\/#primaryimage","url":"https:\/\/ingenieria.udd.cl\/impactoudd\/files\/2020\/10\/img_9128.jpg","contentUrl":"https:\/\/ingenieria.udd.cl\/impactoudd\/files\/2020\/10\/img_9128.jpg","width":750,"height":741},{"@type":"BreadcrumbList","@id":"https:\/\/ingenieria.udd.cl\/impactoudd\/academia-impactoudd\/proyectos-interdisciplinarios-con-impacto-social\/#breadcrumb","itemListElement":[{"@type":"ListItem","position":1,"name":"Portada","item":"https:\/\/ingenieria.udd.cl\/impactoudd\/"},{"@type":"ListItem","position":2,"name":"Academia ImpactoUDD","item":"https:\/\/ingenieria.udd.cl\/impactoudd\/academia-impactoudd\/"},{"@type":"ListItem","position":3,"name":"Proyectos interdisciplinarios con impacto social"}]},{"@type":"WebSite","@id":"https:\/\/ingenieria.udd.cl\/impactoudd\/#website","url":"https:\/\/ingenieria.udd.cl\/impactoudd\/","name":"Impacto UDD","description":"Otro sitio m\u00e1s de Ingenieria","inLanguage":"es"}]}},"_links":{"self":[{"href":"https:\/\/ingenieria.udd.cl\/impactoudd\/wp-json\/wp\/v2\/pages\/155","targetHints":{"allow":["GET"]}}],"collection":[{"href":"https:\/\/ingenieria.udd.cl\/impactoudd\/wp-json\/wp\/v2\/pages"}],"about":[{"href":"https:\/\/ingenieria.udd.cl\/impactoudd\/wp-json\/wp\/v2\/types\/page"}],"author":[{"embeddable":true,"href":"https:\/\/ingenieria.udd.cl\/impactoudd\/wp-json\/wp\/v2\/users\/9192218"}],"replies":[{"embeddable":true,"href":"https:\/\/ingenieria.udd.cl\/impactoudd\/wp-json\/wp\/v2\/comments?post=155"}],"version-history":[{"count":3,"href":"https:\/\/ingenieria.udd.cl\/impactoudd\/wp-json\/wp\/v2\/pages\/155\/revisions"}],"predecessor-version":[{"id":163,"href":"https:\/\/ingenieria.udd.cl\/impactoudd\/wp-json\/wp\/v2\/pages\/155\/revisions\/163"}],"up":[{"embeddable":true,"href":"https:\/\/ingenieria.udd.cl\/impactoudd\/wp-json\/wp\/v2\/pages\/24"}],"wp:attachment":[{"href":"https:\/\/ingenieria.udd.cl\/impactoudd\/wp-json\/wp\/v2\/media?parent=155"}],"curies":[{"name":"wp","href":"https:\/\/api.w.org\/{rel}","templated":true}]}}