{"id":165,"date":"2020-10-01T18:13:49","date_gmt":"2020-10-01T16:13:49","guid":{"rendered":"http:\/\/ingenieria.udd.cl\/impactoudd\/?page_id=165"},"modified":"2024-03-13T15:49:04","modified_gmt":"2024-03-13T14:49:04","slug":"intervencion-corta-en-comunidades","status":"publish","type":"page","link":"https:\/\/ingenieria.udd.cl\/impactoudd\/academia-impactoudd\/intervencion-corta-en-comunidades\/","title":{"rendered":"Intervenci\u00f3n corta en comunidades"},"content":{"rendered":"\n<p>En esta modalidad los alumnos de la Facultad de Ingenier\u00eda, a trav\u00e9s de los ramos de Taller de su malla, pueden vivir una experiencia vinculada con la realidad, ya sea con una comunidad determinada o una empresa con la cual tengamos alianza. <\/p>\n\n\n\n<p>Las intervenciones cortas en conmunidades tienen como objetivo levantar un primer portafolio de desaf\u00edos y proponer ideas de posibles proyectos, adem\u00e1s de vivir una experiencia de aprendizaje inmersos en una realidad social para crear futuras mejoras. <\/p>\n\n\n\n<figure class=\"wp-block-gallery has-nested-images columns-default is-cropped wp-block-gallery-1 is-layout-flex wp-block-gallery-is-layout-flex\">\n<figure class=\"wp-block-image size-large\"><img loading=\"lazy\" decoding=\"async\" width=\"1024\" height=\"576\" data-id=\"168\" src=\"https:\/\/ingenieria.udd.cl\/impactoudd\/files\/2020\/10\/20190927_181421-1366x768-1-1024x576.jpg\" alt=\"\" class=\"wp-image-168\" srcset=\"https:\/\/ingenieria.udd.cl\/impactoudd\/files\/2020\/10\/20190927_181421-1366x768-1-1024x576.jpg 1024w, https:\/\/ingenieria.udd.cl\/impactoudd\/files\/2020\/10\/20190927_181421-1366x768-1-300x169.jpg 300w, https:\/\/ingenieria.udd.cl\/impactoudd\/files\/2020\/10\/20190927_181421-1366x768-1-768x432.jpg 768w, https:\/\/ingenieria.udd.cl\/impactoudd\/files\/2020\/10\/20190927_181421-1366x768-1-680x382.jpg 680w, https:\/\/ingenieria.udd.cl\/impactoudd\/files\/2020\/10\/20190927_181421-1366x768-1.jpg 1366w\" sizes=\"auto, (max-width: 1024px) 100vw, 1024px\" \/><\/figure>\n\n\n\n<figure class=\"wp-block-image size-large\"><img loading=\"lazy\" decoding=\"async\" width=\"1024\" height=\"682\" data-id=\"169\" src=\"https:\/\/ingenieria.udd.cl\/impactoudd\/files\/2020\/10\/img-20190510-wa0073-1024x682.jpg\" alt=\"\" class=\"wp-image-169\" srcset=\"https:\/\/ingenieria.udd.cl\/impactoudd\/files\/2020\/10\/img-20190510-wa0073-1024x682.jpg 1024w, https:\/\/ingenieria.udd.cl\/impactoudd\/files\/2020\/10\/img-20190510-wa0073-300x200.jpg 300w, https:\/\/ingenieria.udd.cl\/impactoudd\/files\/2020\/10\/img-20190510-wa0073-768x512.jpg 768w, https:\/\/ingenieria.udd.cl\/impactoudd\/files\/2020\/10\/img-20190510-wa0073.jpg 1280w\" sizes=\"auto, (max-width: 1024px) 100vw, 1024px\" \/><\/figure>\n\n\n\n<figure class=\"wp-block-image size-large\"><img loading=\"lazy\" decoding=\"async\" width=\"1024\" height=\"768\" data-id=\"170\" src=\"https:\/\/ingenieria.udd.cl\/impactoudd\/files\/2020\/10\/20190927_154722-1024x768.jpg\" alt=\"\" class=\"wp-image-170\" srcset=\"https:\/\/ingenieria.udd.cl\/impactoudd\/files\/2020\/10\/20190927_154722-1024x768.jpg 1024w, https:\/\/ingenieria.udd.cl\/impactoudd\/files\/2020\/10\/20190927_154722-300x225.jpg 300w, https:\/\/ingenieria.udd.cl\/impactoudd\/files\/2020\/10\/20190927_154722-768x576.jpg 768w, https:\/\/ingenieria.udd.cl\/impactoudd\/files\/2020\/10\/20190927_154722-1536x1152.jpg 1536w, https:\/\/ingenieria.udd.cl\/impactoudd\/files\/2020\/10\/20190927_154722-2048x1536.jpg 2048w\" sizes=\"auto, (max-width: 1024px) 100vw, 1024px\" \/><\/figure>\n<\/figure>\n","protected":false},"excerpt":{"rendered":"<p>En esta modalidad los alumnos de la Facultad de Ingenier\u00eda, a trav\u00e9s de los ramos de Taller de su malla, pueden vivir una experiencia vinculada con la realidad, ya sea con una comunidad determinada o una empresa con la cual tengamos alianza. Las intervenciones cortas en conmunidades tienen como objetivo levantar un primer portafolio de [&hellip;]<\/p>\n","protected":false},"author":9192218,"featured_media":0,"parent":24,"menu_order":0,"comment_status":"closed","ping_status":"closed","template":"","meta":{"footnotes":""},"class_list":["post-165","page","type-page","status-publish","hentry"],"yoast_head":"<!-- This site is optimized with the Yoast SEO plugin v26.9 - https:\/\/yoast.com\/product\/yoast-seo-wordpress\/ -->\n<title>Intervenci\u00f3n corta en comunidades - Impacto UDD<\/title>\n<meta name=\"robots\" content=\"index, follow, max-snippet:-1, max-image-preview:large, max-video-preview:-1\" \/>\n<link rel=\"canonical\" href=\"https:\/\/ingenieria.udd.cl\/impactoudd\/academia-impactoudd\/intervencion-corta-en-comunidades\/\" \/>\n<meta property=\"og:locale\" content=\"es_ES\" \/>\n<meta property=\"og:type\" content=\"article\" \/>\n<meta property=\"og:title\" content=\"Intervenci\u00f3n corta en comunidades - Impacto UDD\" \/>\n<meta property=\"og:description\" content=\"En esta modalidad los alumnos de la Facultad de Ingenier\u00eda, a trav\u00e9s de los ramos de Taller de su malla, pueden vivir una experiencia vinculada con la realidad, ya sea con una comunidad determinada o una empresa con la cual tengamos alianza. Las intervenciones cortas en conmunidades tienen como objetivo levantar un primer portafolio de [&hellip;]\" \/>\n<meta property=\"og:url\" content=\"https:\/\/ingenieria.udd.cl\/impactoudd\/academia-impactoudd\/intervencion-corta-en-comunidades\/\" \/>\n<meta property=\"og:site_name\" content=\"Impacto UDD\" \/>\n<meta property=\"article:modified_time\" content=\"2024-03-13T14:49:04+00:00\" \/>\n<meta property=\"og:image\" content=\"https:\/\/ingenieria.udd.cl\/impactoudd\/files\/2020\/10\/20190927_181421-1366x768-1-1024x576.jpg\" \/>\n<meta name=\"twitter:card\" content=\"summary_large_image\" \/>\n<meta name=\"twitter:label1\" content=\"Tiempo de lectura\" \/>\n\t<meta name=\"twitter:data1\" content=\"1 minuto\" \/>\n<script type=\"application\/ld+json\" class=\"yoast-schema-graph\">{\"@context\":\"https:\/\/schema.org\",\"@graph\":[{\"@type\":\"WebPage\",\"@id\":\"https:\/\/ingenieria.udd.cl\/impactoudd\/academia-impactoudd\/intervencion-corta-en-comunidades\/\",\"url\":\"https:\/\/ingenieria.udd.cl\/impactoudd\/academia-impactoudd\/intervencion-corta-en-comunidades\/\",\"name\":\"Intervenci\u00f3n corta en comunidades - Impacto UDD\",\"isPartOf\":{\"@id\":\"https:\/\/ingenieria.udd.cl\/impactoudd\/#website\"},\"primaryImageOfPage\":{\"@id\":\"https:\/\/ingenieria.udd.cl\/impactoudd\/academia-impactoudd\/intervencion-corta-en-comunidades\/#primaryimage\"},\"image\":{\"@id\":\"https:\/\/ingenieria.udd.cl\/impactoudd\/academia-impactoudd\/intervencion-corta-en-comunidades\/#primaryimage\"},\"thumbnailUrl\":\"https:\/\/ingenieria.udd.cl\/impactoudd\/files\/2020\/10\/20190927_181421-1366x768-1-1024x576.jpg\",\"datePublished\":\"2020-10-01T16:13:49+00:00\",\"dateModified\":\"2024-03-13T14:49:04+00:00\",\"breadcrumb\":{\"@id\":\"https:\/\/ingenieria.udd.cl\/impactoudd\/academia-impactoudd\/intervencion-corta-en-comunidades\/#breadcrumb\"},\"inLanguage\":\"es\",\"potentialAction\":[{\"@type\":\"ReadAction\",\"target\":[\"https:\/\/ingenieria.udd.cl\/impactoudd\/academia-impactoudd\/intervencion-corta-en-comunidades\/\"]}]},{\"@type\":\"ImageObject\",\"inLanguage\":\"es\",\"@id\":\"https:\/\/ingenieria.udd.cl\/impactoudd\/academia-impactoudd\/intervencion-corta-en-comunidades\/#primaryimage\",\"url\":\"https:\/\/ingenieria.udd.cl\/impactoudd\/files\/2020\/10\/20190927_181421-1366x768-1.jpg\",\"contentUrl\":\"https:\/\/ingenieria.udd.cl\/impactoudd\/files\/2020\/10\/20190927_181421-1366x768-1.jpg\",\"width\":1366,\"height\":768},{\"@type\":\"BreadcrumbList\",\"@id\":\"https:\/\/ingenieria.udd.cl\/impactoudd\/academia-impactoudd\/intervencion-corta-en-comunidades\/#breadcrumb\",\"itemListElement\":[{\"@type\":\"ListItem\",\"position\":1,\"name\":\"Portada\",\"item\":\"https:\/\/ingenieria.udd.cl\/impactoudd\/\"},{\"@type\":\"ListItem\",\"position\":2,\"name\":\"Academia ImpactoUDD\",\"item\":\"https:\/\/ingenieria.udd.cl\/impactoudd\/academia-impactoudd\/\"},{\"@type\":\"ListItem\",\"position\":3,\"name\":\"Intervenci\u00f3n corta en comunidades\"}]},{\"@type\":\"WebSite\",\"@id\":\"https:\/\/ingenieria.udd.cl\/impactoudd\/#website\",\"url\":\"https:\/\/ingenieria.udd.cl\/impactoudd\/\",\"name\":\"Impacto UDD\",\"description\":\"Otro sitio m\u00e1s de Ingenieria\",\"inLanguage\":\"es\"}]}<\/script>\n<!-- \/ Yoast SEO plugin. -->","yoast_head_json":{"title":"Intervenci\u00f3n corta en comunidades - Impacto UDD","robots":{"index":"index","follow":"follow","max-snippet":"max-snippet:-1","max-image-preview":"max-image-preview:large","max-video-preview":"max-video-preview:-1"},"canonical":"https:\/\/ingenieria.udd.cl\/impactoudd\/academia-impactoudd\/intervencion-corta-en-comunidades\/","og_locale":"es_ES","og_type":"article","og_title":"Intervenci\u00f3n corta en comunidades - Impacto UDD","og_description":"En esta modalidad los alumnos de la Facultad de Ingenier\u00eda, a trav\u00e9s de los ramos de Taller de su malla, pueden vivir una experiencia vinculada con la realidad, ya sea con una comunidad determinada o una empresa con la cual tengamos alianza. Las intervenciones cortas en conmunidades tienen como objetivo levantar un primer portafolio de [&hellip;]","og_url":"https:\/\/ingenieria.udd.cl\/impactoudd\/academia-impactoudd\/intervencion-corta-en-comunidades\/","og_site_name":"Impacto UDD","article_modified_time":"2024-03-13T14:49:04+00:00","og_image":[{"url":"https:\/\/ingenieria.udd.cl\/impactoudd\/files\/2020\/10\/20190927_181421-1366x768-1-1024x576.jpg","type":"","width":"","height":""}],"twitter_card":"summary_large_image","twitter_misc":{"Tiempo de lectura":"1 minuto"},"schema":{"@context":"https:\/\/schema.org","@graph":[{"@type":"WebPage","@id":"https:\/\/ingenieria.udd.cl\/impactoudd\/academia-impactoudd\/intervencion-corta-en-comunidades\/","url":"https:\/\/ingenieria.udd.cl\/impactoudd\/academia-impactoudd\/intervencion-corta-en-comunidades\/","name":"Intervenci\u00f3n corta en comunidades - Impacto UDD","isPartOf":{"@id":"https:\/\/ingenieria.udd.cl\/impactoudd\/#website"},"primaryImageOfPage":{"@id":"https:\/\/ingenieria.udd.cl\/impactoudd\/academia-impactoudd\/intervencion-corta-en-comunidades\/#primaryimage"},"image":{"@id":"https:\/\/ingenieria.udd.cl\/impactoudd\/academia-impactoudd\/intervencion-corta-en-comunidades\/#primaryimage"},"thumbnailUrl":"https:\/\/ingenieria.udd.cl\/impactoudd\/files\/2020\/10\/20190927_181421-1366x768-1-1024x576.jpg","datePublished":"2020-10-01T16:13:49+00:00","dateModified":"2024-03-13T14:49:04+00:00","breadcrumb":{"@id":"https:\/\/ingenieria.udd.cl\/impactoudd\/academia-impactoudd\/intervencion-corta-en-comunidades\/#breadcrumb"},"inLanguage":"es","potentialAction":[{"@type":"ReadAction","target":["https:\/\/ingenieria.udd.cl\/impactoudd\/academia-impactoudd\/intervencion-corta-en-comunidades\/"]}]},{"@type":"ImageObject","inLanguage":"es","@id":"https:\/\/ingenieria.udd.cl\/impactoudd\/academia-impactoudd\/intervencion-corta-en-comunidades\/#primaryimage","url":"https:\/\/ingenieria.udd.cl\/impactoudd\/files\/2020\/10\/20190927_181421-1366x768-1.jpg","contentUrl":"https:\/\/ingenieria.udd.cl\/impactoudd\/files\/2020\/10\/20190927_181421-1366x768-1.jpg","width":1366,"height":768},{"@type":"BreadcrumbList","@id":"https:\/\/ingenieria.udd.cl\/impactoudd\/academia-impactoudd\/intervencion-corta-en-comunidades\/#breadcrumb","itemListElement":[{"@type":"ListItem","position":1,"name":"Portada","item":"https:\/\/ingenieria.udd.cl\/impactoudd\/"},{"@type":"ListItem","position":2,"name":"Academia ImpactoUDD","item":"https:\/\/ingenieria.udd.cl\/impactoudd\/academia-impactoudd\/"},{"@type":"ListItem","position":3,"name":"Intervenci\u00f3n corta en comunidades"}]},{"@type":"WebSite","@id":"https:\/\/ingenieria.udd.cl\/impactoudd\/#website","url":"https:\/\/ingenieria.udd.cl\/impactoudd\/","name":"Impacto UDD","description":"Otro sitio m\u00e1s de Ingenieria","inLanguage":"es"}]}},"_links":{"self":[{"href":"https:\/\/ingenieria.udd.cl\/impactoudd\/wp-json\/wp\/v2\/pages\/165","targetHints":{"allow":["GET"]}}],"collection":[{"href":"https:\/\/ingenieria.udd.cl\/impactoudd\/wp-json\/wp\/v2\/pages"}],"about":[{"href":"https:\/\/ingenieria.udd.cl\/impactoudd\/wp-json\/wp\/v2\/types\/page"}],"author":[{"embeddable":true,"href":"https:\/\/ingenieria.udd.cl\/impactoudd\/wp-json\/wp\/v2\/users\/9192218"}],"replies":[{"embeddable":true,"href":"https:\/\/ingenieria.udd.cl\/impactoudd\/wp-json\/wp\/v2\/comments?post=165"}],"version-history":[{"count":6,"href":"https:\/\/ingenieria.udd.cl\/impactoudd\/wp-json\/wp\/v2\/pages\/165\/revisions"}],"predecessor-version":[{"id":2424,"href":"https:\/\/ingenieria.udd.cl\/impactoudd\/wp-json\/wp\/v2\/pages\/165\/revisions\/2424"}],"up":[{"embeddable":true,"href":"https:\/\/ingenieria.udd.cl\/impactoudd\/wp-json\/wp\/v2\/pages\/24"}],"wp:attachment":[{"href":"https:\/\/ingenieria.udd.cl\/impactoudd\/wp-json\/wp\/v2\/media?parent=165"}],"curies":[{"name":"wp","href":"https:\/\/api.w.org\/{rel}","templated":true}]}}