{"id":1981,"date":"2022-02-10T18:56:45","date_gmt":"2022-02-10T17:56:45","guid":{"rendered":"https:\/\/ingenieria.udd.cl\/impactoudd\/?page_id=1981"},"modified":"2022-02-10T19:00:49","modified_gmt":"2022-02-10T18:00:49","slug":"mi-stock","status":"publish","type":"page","link":"https:\/\/ingenieria.udd.cl\/impactoudd\/proyectos\/mi-stock\/","title":{"rendered":"Mi Stock"},"content":{"rendered":"\n<p><strong>Objetivo:<\/strong> Crear un sistema automatizado para el manejo de stock de alcancias<\/p>\n\n\n\n<p><strong>Comunidad: <\/strong>Personal de COANIQUEM\u00a0<\/p>\n\n\n\n<p><strong>P\u00fablico objetivo<\/strong>: Equipo interno del sistema de colecta de COANIQUEM y de bodega<\/p>\n\n\n\n<p><strong>Socio estrat\u00e9gico<\/strong>: <strong>COANIQUEM<\/strong><\/p>\n\n\n\n<p><strong>Descripci\u00f3n:&nbsp;<\/strong><\/p>\n\n\n\n<ul class=\"wp-block-list\"><li>Creaci\u00f3n de un sistema automatizo, con el objetivo de disminuir el error humano en el conteo y administraci\u00f3n de inventario, adem\u00e1s del tiempo prolongado que conlleva el proceso<\/li><li>Se est\u00e1 realizando un PMV con las siguientes especificaciones: balanza \/ scanner de c\u00f3digos de identificaciones \/ software de procesamiento de datos \/ base de datos \/ plataforma web<\/li><\/ul>\n\n\n\n<p><strong>Mentor: <\/strong>Andr\u00e9s Santelices<\/p>\n\n\n\n<p><strong>Estudiantes involucrados:<\/strong><\/p>\n\n\n\n<ul class=\"wp-block-list\"><li>Brigitte Valenzuela &#8211; Ingenier\u00eda Civil Industrial<\/li><li>Isidora Paz Cuevas Vald\u00e9s &#8211; Derecho<\/li><li>Simon Cristobal Marchant Ferrada &#8211; Ingenier\u00eda Civil en Minas<\/li><li>Ignacio Tom\u00e1s Pe\u00f1aloza &#8211; Ingenier\u00eda Civil Plan Com\u00fan<\/li><li>Nicolas Trivique &#8211; Ingenier\u00eda Civil Plan Com\u00fan<\/li><li>Samuel Enrique Prado Torres &#8211; Ingenier\u00eda Civil Industrial<\/li><li>marianne andrea bonardd mart\u00ednez &#8211; Ciencias Pol\u00edticas<\/li><li>Sebastian Ignacio Herrera Aldana &#8211; Ingenier\u00eda Civil Industrial<\/li><\/ul>\n\n\n\n<p><strong>Mentor: <\/strong>Andr\u00e9s Santelices, Periodista. Ms en Comunicaci\u00f3n y Educaci\u00f3n<br><\/p>\n\n\n\n<figure class=\"wp-block-embed-youtube wp-block-embed is-type-video is-provider-youtube wp-embed-aspect-16-9 wp-has-aspect-ratio\"><div class=\"wp-block-embed__wrapper\">\n<iframe loading=\"lazy\" title=\"Brigitte Valenzuela Proyecto Mi Stock\" width=\"500\" height=\"281\" src=\"https:\/\/www.youtube.com\/embed\/YcfM7g8Qb3Y?feature=oembed\" frameborder=\"0\" allow=\"accelerometer; autoplay; clipboard-write; encrypted-media; gyroscope; picture-in-picture; web-share\" referrerpolicy=\"strict-origin-when-cross-origin\" allowfullscreen><\/iframe>\n<\/div><\/figure>\n","protected":false},"excerpt":{"rendered":"<p>Objetivo: Crear un sistema automatizado para el manejo de stock de alcancias Comunidad: Personal de COANIQUEM\u00a0 P\u00fablico objetivo: Equipo interno del sistema de colecta de COANIQUEM y de bodega Socio estrat\u00e9gico: COANIQUEM Descripci\u00f3n:&nbsp; Creaci\u00f3n de un sistema automatizo, con el objetivo de disminuir el error humano en el conteo y administraci\u00f3n de inventario, adem\u00e1s del [&hellip;]<\/p>\n","protected":false},"author":9192223,"featured_media":562,"parent":23,"menu_order":0,"comment_status":"closed","ping_status":"closed","template":"","meta":{"footnotes":""},"class_list":["post-1981","page","type-page","status-publish","has-post-thumbnail","hentry"],"yoast_head":"<!-- This site is optimized with the Yoast SEO plugin v26.9 - https:\/\/yoast.com\/product\/yoast-seo-wordpress\/ -->\n<title>Mi Stock - Impacto UDD<\/title>\n<meta name=\"robots\" content=\"index, follow, max-snippet:-1, max-image-preview:large, max-video-preview:-1\" \/>\n<link rel=\"canonical\" href=\"https:\/\/ingenieria.udd.cl\/impactoudd\/proyectos\/mi-stock\/\" \/>\n<meta property=\"og:locale\" content=\"es_ES\" \/>\n<meta property=\"og:type\" content=\"article\" \/>\n<meta property=\"og:title\" content=\"Mi Stock - Impacto UDD\" \/>\n<meta property=\"og:description\" content=\"Objetivo: Crear un sistema automatizado para el manejo de stock de alcancias Comunidad: Personal de COANIQUEM\u00a0 P\u00fablico objetivo: Equipo interno del sistema de colecta de COANIQUEM y de bodega Socio estrat\u00e9gico: COANIQUEM Descripci\u00f3n:&nbsp; Creaci\u00f3n de un sistema automatizo, con el objetivo de disminuir el error humano en el conteo y administraci\u00f3n de inventario, adem\u00e1s del [&hellip;]\" \/>\n<meta property=\"og:url\" content=\"https:\/\/ingenieria.udd.cl\/impactoudd\/proyectos\/mi-stock\/\" \/>\n<meta property=\"og:site_name\" content=\"Impacto UDD\" \/>\n<meta property=\"article:modified_time\" content=\"2022-02-10T18:00:49+00:00\" \/>\n<meta property=\"og:image\" content=\"https:\/\/ingenieria.udd.cl\/impactoudd\/files\/2020\/05\/img_5520-scaled-1.jpg\" \/>\n\t<meta property=\"og:image:width\" content=\"2560\" \/>\n\t<meta property=\"og:image:height\" content=\"1707\" \/>\n\t<meta property=\"og:image:type\" content=\"image\/jpeg\" \/>\n<meta name=\"twitter:card\" content=\"summary_large_image\" \/>\n<meta name=\"twitter:label1\" content=\"Tiempo de lectura\" \/>\n\t<meta name=\"twitter:data1\" content=\"1 minuto\" \/>\n<script type=\"application\/ld+json\" class=\"yoast-schema-graph\">{\"@context\":\"https:\/\/schema.org\",\"@graph\":[{\"@type\":\"WebPage\",\"@id\":\"https:\/\/ingenieria.udd.cl\/impactoudd\/proyectos\/mi-stock\/\",\"url\":\"https:\/\/ingenieria.udd.cl\/impactoudd\/proyectos\/mi-stock\/\",\"name\":\"Mi Stock - Impacto UDD\",\"isPartOf\":{\"@id\":\"https:\/\/ingenieria.udd.cl\/impactoudd\/#website\"},\"primaryImageOfPage\":{\"@id\":\"https:\/\/ingenieria.udd.cl\/impactoudd\/proyectos\/mi-stock\/#primaryimage\"},\"image\":{\"@id\":\"https:\/\/ingenieria.udd.cl\/impactoudd\/proyectos\/mi-stock\/#primaryimage\"},\"thumbnailUrl\":\"https:\/\/ingenieria.udd.cl\/impactoudd\/files\/2020\/05\/img_5520-scaled-1.jpg\",\"datePublished\":\"2022-02-10T17:56:45+00:00\",\"dateModified\":\"2022-02-10T18:00:49+00:00\",\"breadcrumb\":{\"@id\":\"https:\/\/ingenieria.udd.cl\/impactoudd\/proyectos\/mi-stock\/#breadcrumb\"},\"inLanguage\":\"es\",\"potentialAction\":[{\"@type\":\"ReadAction\",\"target\":[\"https:\/\/ingenieria.udd.cl\/impactoudd\/proyectos\/mi-stock\/\"]}]},{\"@type\":\"ImageObject\",\"inLanguage\":\"es\",\"@id\":\"https:\/\/ingenieria.udd.cl\/impactoudd\/proyectos\/mi-stock\/#primaryimage\",\"url\":\"https:\/\/ingenieria.udd.cl\/impactoudd\/files\/2020\/05\/img_5520-scaled-1.jpg\",\"contentUrl\":\"https:\/\/ingenieria.udd.cl\/impactoudd\/files\/2020\/05\/img_5520-scaled-1.jpg\",\"width\":2560,\"height\":1707},{\"@type\":\"BreadcrumbList\",\"@id\":\"https:\/\/ingenieria.udd.cl\/impactoudd\/proyectos\/mi-stock\/#breadcrumb\",\"itemListElement\":[{\"@type\":\"ListItem\",\"position\":1,\"name\":\"Portada\",\"item\":\"https:\/\/ingenieria.udd.cl\/impactoudd\/\"},{\"@type\":\"ListItem\",\"position\":2,\"name\":\"Proyectos\",\"item\":\"https:\/\/ingenieria.udd.cl\/impactoudd\/proyectos\/\"},{\"@type\":\"ListItem\",\"position\":3,\"name\":\"Mi Stock\"}]},{\"@type\":\"WebSite\",\"@id\":\"https:\/\/ingenieria.udd.cl\/impactoudd\/#website\",\"url\":\"https:\/\/ingenieria.udd.cl\/impactoudd\/\",\"name\":\"Impacto UDD\",\"description\":\"Otro sitio m\u00e1s de Ingenieria\",\"inLanguage\":\"es\"}]}<\/script>\n<!-- \/ Yoast SEO plugin. -->","yoast_head_json":{"title":"Mi Stock - Impacto UDD","robots":{"index":"index","follow":"follow","max-snippet":"max-snippet:-1","max-image-preview":"max-image-preview:large","max-video-preview":"max-video-preview:-1"},"canonical":"https:\/\/ingenieria.udd.cl\/impactoudd\/proyectos\/mi-stock\/","og_locale":"es_ES","og_type":"article","og_title":"Mi Stock - Impacto UDD","og_description":"Objetivo: Crear un sistema automatizado para el manejo de stock de alcancias Comunidad: Personal de COANIQUEM\u00a0 P\u00fablico objetivo: Equipo interno del sistema de colecta de COANIQUEM y de bodega Socio estrat\u00e9gico: COANIQUEM Descripci\u00f3n:&nbsp; Creaci\u00f3n de un sistema automatizo, con el objetivo de disminuir el error humano en el conteo y administraci\u00f3n de inventario, adem\u00e1s del [&hellip;]","og_url":"https:\/\/ingenieria.udd.cl\/impactoudd\/proyectos\/mi-stock\/","og_site_name":"Impacto UDD","article_modified_time":"2022-02-10T18:00:49+00:00","og_image":[{"width":2560,"height":1707,"url":"https:\/\/ingenieria.udd.cl\/impactoudd\/files\/2020\/05\/img_5520-scaled-1.jpg","type":"image\/jpeg"}],"twitter_card":"summary_large_image","twitter_misc":{"Tiempo de lectura":"1 minuto"},"schema":{"@context":"https:\/\/schema.org","@graph":[{"@type":"WebPage","@id":"https:\/\/ingenieria.udd.cl\/impactoudd\/proyectos\/mi-stock\/","url":"https:\/\/ingenieria.udd.cl\/impactoudd\/proyectos\/mi-stock\/","name":"Mi Stock - Impacto UDD","isPartOf":{"@id":"https:\/\/ingenieria.udd.cl\/impactoudd\/#website"},"primaryImageOfPage":{"@id":"https:\/\/ingenieria.udd.cl\/impactoudd\/proyectos\/mi-stock\/#primaryimage"},"image":{"@id":"https:\/\/ingenieria.udd.cl\/impactoudd\/proyectos\/mi-stock\/#primaryimage"},"thumbnailUrl":"https:\/\/ingenieria.udd.cl\/impactoudd\/files\/2020\/05\/img_5520-scaled-1.jpg","datePublished":"2022-02-10T17:56:45+00:00","dateModified":"2022-02-10T18:00:49+00:00","breadcrumb":{"@id":"https:\/\/ingenieria.udd.cl\/impactoudd\/proyectos\/mi-stock\/#breadcrumb"},"inLanguage":"es","potentialAction":[{"@type":"ReadAction","target":["https:\/\/ingenieria.udd.cl\/impactoudd\/proyectos\/mi-stock\/"]}]},{"@type":"ImageObject","inLanguage":"es","@id":"https:\/\/ingenieria.udd.cl\/impactoudd\/proyectos\/mi-stock\/#primaryimage","url":"https:\/\/ingenieria.udd.cl\/impactoudd\/files\/2020\/05\/img_5520-scaled-1.jpg","contentUrl":"https:\/\/ingenieria.udd.cl\/impactoudd\/files\/2020\/05\/img_5520-scaled-1.jpg","width":2560,"height":1707},{"@type":"BreadcrumbList","@id":"https:\/\/ingenieria.udd.cl\/impactoudd\/proyectos\/mi-stock\/#breadcrumb","itemListElement":[{"@type":"ListItem","position":1,"name":"Portada","item":"https:\/\/ingenieria.udd.cl\/impactoudd\/"},{"@type":"ListItem","position":2,"name":"Proyectos","item":"https:\/\/ingenieria.udd.cl\/impactoudd\/proyectos\/"},{"@type":"ListItem","position":3,"name":"Mi Stock"}]},{"@type":"WebSite","@id":"https:\/\/ingenieria.udd.cl\/impactoudd\/#website","url":"https:\/\/ingenieria.udd.cl\/impactoudd\/","name":"Impacto UDD","description":"Otro sitio m\u00e1s de Ingenieria","inLanguage":"es"}]}},"_links":{"self":[{"href":"https:\/\/ingenieria.udd.cl\/impactoudd\/wp-json\/wp\/v2\/pages\/1981","targetHints":{"allow":["GET"]}}],"collection":[{"href":"https:\/\/ingenieria.udd.cl\/impactoudd\/wp-json\/wp\/v2\/pages"}],"about":[{"href":"https:\/\/ingenieria.udd.cl\/impactoudd\/wp-json\/wp\/v2\/types\/page"}],"author":[{"embeddable":true,"href":"https:\/\/ingenieria.udd.cl\/impactoudd\/wp-json\/wp\/v2\/users\/9192223"}],"replies":[{"embeddable":true,"href":"https:\/\/ingenieria.udd.cl\/impactoudd\/wp-json\/wp\/v2\/comments?post=1981"}],"version-history":[{"count":2,"href":"https:\/\/ingenieria.udd.cl\/impactoudd\/wp-json\/wp\/v2\/pages\/1981\/revisions"}],"predecessor-version":[{"id":1985,"href":"https:\/\/ingenieria.udd.cl\/impactoudd\/wp-json\/wp\/v2\/pages\/1981\/revisions\/1985"}],"up":[{"embeddable":true,"href":"https:\/\/ingenieria.udd.cl\/impactoudd\/wp-json\/wp\/v2\/pages\/23"}],"wp:featuredmedia":[{"embeddable":true,"href":"https:\/\/ingenieria.udd.cl\/impactoudd\/wp-json\/wp\/v2\/media\/562"}],"wp:attachment":[{"href":"https:\/\/ingenieria.udd.cl\/impactoudd\/wp-json\/wp\/v2\/media?parent=1981"}],"curies":[{"name":"wp","href":"https:\/\/api.w.org\/{rel}","templated":true}]}}