{"id":22,"date":"2020-09-25T19:00:12","date_gmt":"2020-09-25T17:00:12","guid":{"rendered":"http:\/\/ingenieria.udd.cl\/impactoudd\/?page_id=22"},"modified":"2024-02-27T19:59:03","modified_gmt":"2024-02-27T18:59:03","slug":"agrupacion-impacto-udd","status":"publish","type":"page","link":"https:\/\/ingenieria.udd.cl\/impactoudd\/agrupacion-impacto-udd\/","title":{"rendered":"Agrupaci\u00f3n Impacto UDD"},"content":{"rendered":"<p><img decoding=\"async\" class=\"wp-image-1225 aligncenter\" style=\"margin-left: -4%;max-width: 164%;margin-top: -6%;margin-bottom: 6%\" src=\"https:\/\/ingenieria.udd.cl\/impactoudd\/files\/2021\/07\/agrupacio\u0301nimpactoudd2-08-1-1024x141.png\" alt=\"\" width=\"1920\" srcset=\"https:\/\/ingenieria.udd.cl\/impactoudd\/files\/2021\/07\/agrupaci\u00f3nimpactoudd2-08-1-1024x141.png 1024w, https:\/\/ingenieria.udd.cl\/impactoudd\/files\/2021\/07\/agrupaci\u00f3nimpactoudd2-08-1-300x41.png 300w, https:\/\/ingenieria.udd.cl\/impactoudd\/files\/2021\/07\/agrupaci\u00f3nimpactoudd2-08-1-768x106.png 768w, https:\/\/ingenieria.udd.cl\/impactoudd\/files\/2021\/07\/agrupaci\u00f3nimpactoudd2-08-1-1536x212.png 1536w, https:\/\/ingenieria.udd.cl\/impactoudd\/files\/2021\/07\/agrupaci\u00f3nimpactoudd2-08-1.png 1920w\" sizes=\"(max-width: 1024px) 100vw, 1024px\" \/><\/p>\n\n<section class=\"wp-block-udd-text-row block--content-align-right block--bg-gradient\">\n\t<div class=\"text-row\">\n\t\t<div class=\"text-row__content\">\n\t\t\t<div class=\"text-row__content-inner text\">\n\t\t\t\t\t\t\t\t\n<p>Promovemos la <strong>formaci\u00f3n de una Agrupaci\u00f3n<\/strong> de estudiantes que se moviliza y compromete en pos de generar estos cambios trabajando junto a las comunidades.&nbsp;<\/p>\n\n<p>Liderada por estudiantes de la Facultad de Ingenier\u00eda, abierta a toda la comunidad universitaria (estudiantes, profesores, colaboradores, organizaciones sociales, y empresas) que busca desarrollar proyectos y experiencias con impacto aplicando conocimientos t\u00e9cnicos \u2013 especializados.<\/p>\n\n<p>Los estudiantes tienen la oportunidad de liderar proyectos para mejorar la calidad de vida en comunidades vulnerables a lo largo de todo Chile, al tiempo que aprenden y desarrollan valiosas habilidades en la experiencia para sus futuras profesiones, junto con el asesoramiento y seguimiento de profesores e investigadores tutores. <br><\/p>\n\n<p><br><\/p>\n\t\t\t<\/div>\n\t\t<\/div>\n\t\t<div class=\"text-row__media\">\n\t\t\t<img loading=\"lazy\" decoding=\"async\" width=\"750\" height=\"534\" src=\"https:\/\/ingenieria.udd.cl\/impactoudd\/files\/2020\/09\/img_9126-750x534-1-680x382.jpg\" class=\"text-row__media-image lazyload\" alt=\"\" sizes=\"auto, (max-width: 750px) 100vw, 750px\" data-src=\"https:\/\/ingenieria.udd.cl\/impactoudd\/files\/2020\/09\/img_9126-750x534-1.jpg\" data-srcset=\"https:\/\/ingenieria.udd.cl\/impactoudd\/files\/2020\/09\/img_9126-750x534-1.jpg 750w, https:\/\/ingenieria.udd.cl\/impactoudd\/files\/2020\/09\/img_9126-750x534-1-300x214.jpg 300w, https:\/\/ingenieria.udd.cl\/impactoudd\/files\/2020\/09\/img_9126-750x534-1-316x224.jpg 316w, https:\/\/ingenieria.udd.cl\/impactoudd\/files\/2020\/09\/img_9126-750x534-1-286x205.jpg 286w, https:\/\/ingenieria.udd.cl\/impactoudd\/files\/2020\/09\/img_9126-750x534-1-87x62.jpg 87w\" \/>\t\t<\/div>\n\t<\/div>\n<\/section>\n\n\n\n<h4 class=\"wp-block-heading\"><\/h4>\n\n\n<section class=\"wp-block-udd-videos-row\">\n\t<div class=\"videos-row container\">\n\t\t\t\t<header class=\"block__header\">\n\t\t\t\t\t\t<h2 class=\"block__title\">\n\t\t\t\tImpacto UDD\t\t\t<\/h2>\n\t\t\t\t\t\t\t\t<\/header>\n\t\t\t\t\t\t<div class=\"row videos-row__videos\">\n\t\t\t<article class=\"udd-video\">\n\t<a href=\"https:\/\/www.youtube.com\/watch?v=DaRIMYIVA1I\" class=\"js-udd-video-modal udd-video__link\" data-video-id=\"DaRIMYIVA1I\">\n\t\t<span class=\"udd-video__label\"><svg class=\"svg-video-dims\"><use xlink:href='https:\/\/ingenieria.udd.cl\/impactoudd\/wp-content\/themes\/facultades-2018\/assets\/img\/svg\/dist\/main.svg?version=1695853099#video'><\/use><\/svg> Ver video<\/span>\n\t\t<h3 class=\"udd-video__title\">\n\t\t\tJavier Acu\u00f1a, agrupaci\u00f3n estudiantil ImpactoUDD\t\t<\/h3>\n\t\t<span class=\"udd-video__image-container\"><img decoding=\"async\" src=\"https:\/\/i.ytimg.com\/vi\/DaRIMYIVA1I\/hqdefault.jpg\" loading=\"lazy\" alt=\"Javier Acu\u00f1a, agrupaci\u00f3n estudiantil ImpactoUDD\" class=\"udd-video__image\" alt=\"Previsualizaci\u00f3n de &#039;Javier Acu\u00f1a, agrupaci\u00f3n estudiantil ImpactoUDD&#039;\"><\/span>\t<\/a>\n<\/article>\n\t\t<\/div>\n\t\t\t<\/div>\n<\/section>\n\n\n\n<p><strong>Interdisciplina<\/strong><\/p>\n\n\n\n<p>ImpactoUDD est\u00e1 abierto a estudiantes de todas la carreras con el fin de generar proyectos multidisciplinarios para el cambio social que aporten desde los conocimientos t\u00e9cnicos y especializados de diferentes disciplinas, fomentando en los estudiantes un compromiso personal y profesional hacia el bien com\u00fan.<\/p>\n\n\n\n<h2 class=\"wp-block-heading\">\u00bfPor qu\u00e9 sumarme?<\/h2>\n\n\n\n<p>M\u00e1s all\u00e1 de una experiencia de voluntariado:<\/p>\n\n\n\n<ul class=\"wp-block-list\">\n<li>Formaci\u00f3n de futuros profesionales con responsabilidad p\u00fablica y un fuerte compromiso social<\/li>\n\n\n\n<li>Oportunidades para la generaci\u00f3n de proyectos concretos con impacto real en comunidades locales<\/li>\n\n\n\n<li>Acceso a instancias formativas y oportunidades futuras de intercambios con organizaciones internacionales<\/li>\n\n\n\n<li>Desarrollo de nuevas habilidades t\u00e9cnicas y sociales a partir de la experiencia en el desarrollo de proyectos<\/li>\n\n\n\n<li>Creditaje extradisciplinar<\/li>\n<\/ul>\n\n\n<section class=\"wp-block-udd-text-row block--bg-gray\">\n\t<div class=\"text-row\">\n\t\t<div class=\"text-row__content\">\n\t\t\t<div class=\"text-row__content-inner text\">\n\t\t\t\t\t\t\t\t<h2>Cont\u00e1ctanos<\/h2>\n\t\t\t\t\t\t\t\t\n<p>instagram: @innovacioningenieriaudd<br>email: impacto@udd.cl<\/p>\n\t\t\t<\/div>\n\t\t<\/div>\n\t\t<div class=\"text-row__media\">\n\t\t\t<img loading=\"lazy\" decoding=\"async\" width=\"952\" height=\"534\" src=\"https:\/\/ingenieria.udd.cl\/impactoudd\/files\/2020\/09\/logo_impactoudd-2048x1796-2-680x382.png\" class=\"text-row__media-image lazyload\" alt=\"\" sizes=\"auto, (max-width: 952px) 100vw, 952px\" data-src=\"https:\/\/ingenieria.udd.cl\/impactoudd\/files\/2020\/09\/logo_impactoudd-2048x1796-2-952x534.png\" data-srcset=\"https:\/\/ingenieria.udd.cl\/impactoudd\/files\/2020\/09\/logo_impactoudd-2048x1796-2-952x534.png 952w, https:\/\/ingenieria.udd.cl\/impactoudd\/files\/2020\/09\/logo_impactoudd-2048x1796-2-1366x768.png 1366w, https:\/\/ingenieria.udd.cl\/impactoudd\/files\/2020\/09\/logo_impactoudd-2048x1796-2-680x382.png 680w\" \/>\t\t<\/div>\n\t<\/div>\n<\/section>\n","protected":false},"excerpt":{"rendered":"<p>Interdisciplina ImpactoUDD est\u00e1 abierto a estudiantes de todas la carreras con el fin de generar proyectos multidisciplinarios para el cambio social que aporten desde los conocimientos t\u00e9cnicos y especializados de diferentes disciplinas, fomentando en los estudiantes un compromiso personal y profesional hacia el bien com\u00fan. \u00bfPor qu\u00e9 sumarme? M\u00e1s all\u00e1 de una experiencia de voluntariado:<\/p>\n","protected":false},"author":9192218,"featured_media":0,"parent":0,"menu_order":0,"comment_status":"closed","ping_status":"closed","template":"","meta":{"footnotes":""},"class_list":["post-22","page","type-page","status-publish","hentry"],"yoast_head":"<!-- This site is optimized with the Yoast SEO plugin v26.9 - https:\/\/yoast.com\/product\/yoast-seo-wordpress\/ -->\n<title>Agrupaci\u00f3n Impacto UDD - Impacto UDD<\/title>\n<meta name=\"robots\" content=\"index, follow, max-snippet:-1, max-image-preview:large, max-video-preview:-1\" \/>\n<link rel=\"canonical\" href=\"https:\/\/ingenieria.udd.cl\/impactoudd\/agrupacion-impacto-udd\/\" \/>\n<meta property=\"og:locale\" content=\"es_ES\" \/>\n<meta property=\"og:type\" content=\"article\" \/>\n<meta property=\"og:title\" content=\"Agrupaci\u00f3n Impacto UDD - Impacto UDD\" \/>\n<meta property=\"og:description\" content=\"Interdisciplina ImpactoUDD est\u00e1 abierto a estudiantes de todas la carreras con el fin de generar proyectos multidisciplinarios para el cambio social que aporten desde los conocimientos t\u00e9cnicos y especializados de diferentes disciplinas, fomentando en los estudiantes un compromiso personal y profesional hacia el bien com\u00fan. \u00bfPor qu\u00e9 sumarme? M\u00e1s all\u00e1 de una experiencia de voluntariado:\" \/>\n<meta property=\"og:url\" content=\"https:\/\/ingenieria.udd.cl\/impactoudd\/agrupacion-impacto-udd\/\" \/>\n<meta property=\"og:site_name\" content=\"Impacto UDD\" \/>\n<meta property=\"article:modified_time\" content=\"2024-02-27T18:59:03+00:00\" \/>\n<meta property=\"og:image\" content=\"https:\/\/ingenieria.udd.cl\/impactoudd\/files\/2020\/09\/img_9126-750x534-1.jpg\" \/>\n<meta name=\"twitter:card\" content=\"summary_large_image\" \/>\n<meta name=\"twitter:label1\" content=\"Tiempo de lectura\" \/>\n\t<meta name=\"twitter:data1\" content=\"2 minutos\" \/>\n<script type=\"application\/ld+json\" class=\"yoast-schema-graph\">{\"@context\":\"https:\/\/schema.org\",\"@graph\":[{\"@type\":\"WebPage\",\"@id\":\"https:\/\/ingenieria.udd.cl\/impactoudd\/agrupacion-impacto-udd\/\",\"url\":\"https:\/\/ingenieria.udd.cl\/impactoudd\/agrupacion-impacto-udd\/\",\"name\":\"Agrupaci\u00f3n Impacto UDD - Impacto UDD\",\"isPartOf\":{\"@id\":\"https:\/\/ingenieria.udd.cl\/impactoudd\/#website\"},\"primaryImageOfPage\":{\"@id\":\"https:\/\/ingenieria.udd.cl\/impactoudd\/agrupacion-impacto-udd\/#primaryimage\"},\"image\":{\"@id\":\"https:\/\/ingenieria.udd.cl\/impactoudd\/agrupacion-impacto-udd\/#primaryimage\"},\"thumbnailUrl\":\"https:\/\/ingenieria.udd.cl\/impactoudd\/files\/2020\/09\/img_9126-750x534-1.jpg\",\"datePublished\":\"2020-09-25T17:00:12+00:00\",\"dateModified\":\"2024-02-27T18:59:03+00:00\",\"breadcrumb\":{\"@id\":\"https:\/\/ingenieria.udd.cl\/impactoudd\/agrupacion-impacto-udd\/#breadcrumb\"},\"inLanguage\":\"es\",\"potentialAction\":[{\"@type\":\"ReadAction\",\"target\":[\"https:\/\/ingenieria.udd.cl\/impactoudd\/agrupacion-impacto-udd\/\"]}]},{\"@type\":\"ImageObject\",\"inLanguage\":\"es\",\"@id\":\"https:\/\/ingenieria.udd.cl\/impactoudd\/agrupacion-impacto-udd\/#primaryimage\",\"url\":\"https:\/\/ingenieria.udd.cl\/impactoudd\/files\/2020\/09\/img_9126-750x534-1.jpg\",\"contentUrl\":\"https:\/\/ingenieria.udd.cl\/impactoudd\/files\/2020\/09\/img_9126-750x534-1.jpg\",\"width\":750,\"height\":534},{\"@type\":\"BreadcrumbList\",\"@id\":\"https:\/\/ingenieria.udd.cl\/impactoudd\/agrupacion-impacto-udd\/#breadcrumb\",\"itemListElement\":[{\"@type\":\"ListItem\",\"position\":1,\"name\":\"Portada\",\"item\":\"https:\/\/ingenieria.udd.cl\/impactoudd\/\"},{\"@type\":\"ListItem\",\"position\":2,\"name\":\"Agrupaci\u00f3n Impacto UDD\"}]},{\"@type\":\"WebSite\",\"@id\":\"https:\/\/ingenieria.udd.cl\/impactoudd\/#website\",\"url\":\"https:\/\/ingenieria.udd.cl\/impactoudd\/\",\"name\":\"Impacto UDD\",\"description\":\"Otro sitio m\u00e1s de Ingenieria\",\"inLanguage\":\"es\"}]}<\/script>\n<!-- \/ Yoast SEO plugin. -->","yoast_head_json":{"title":"Agrupaci\u00f3n Impacto UDD - Impacto UDD","robots":{"index":"index","follow":"follow","max-snippet":"max-snippet:-1","max-image-preview":"max-image-preview:large","max-video-preview":"max-video-preview:-1"},"canonical":"https:\/\/ingenieria.udd.cl\/impactoudd\/agrupacion-impacto-udd\/","og_locale":"es_ES","og_type":"article","og_title":"Agrupaci\u00f3n Impacto UDD - Impacto UDD","og_description":"Interdisciplina ImpactoUDD est\u00e1 abierto a estudiantes de todas la carreras con el fin de generar proyectos multidisciplinarios para el cambio social que aporten desde los conocimientos t\u00e9cnicos y especializados de diferentes disciplinas, fomentando en los estudiantes un compromiso personal y profesional hacia el bien com\u00fan. \u00bfPor qu\u00e9 sumarme? M\u00e1s all\u00e1 de una experiencia de voluntariado:","og_url":"https:\/\/ingenieria.udd.cl\/impactoudd\/agrupacion-impacto-udd\/","og_site_name":"Impacto UDD","article_modified_time":"2024-02-27T18:59:03+00:00","og_image":[{"url":"https:\/\/ingenieria.udd.cl\/impactoudd\/files\/2020\/09\/img_9126-750x534-1.jpg","type":"","width":"","height":""}],"twitter_card":"summary_large_image","twitter_misc":{"Tiempo de lectura":"2 minutos"},"schema":{"@context":"https:\/\/schema.org","@graph":[{"@type":"WebPage","@id":"https:\/\/ingenieria.udd.cl\/impactoudd\/agrupacion-impacto-udd\/","url":"https:\/\/ingenieria.udd.cl\/impactoudd\/agrupacion-impacto-udd\/","name":"Agrupaci\u00f3n Impacto UDD - Impacto UDD","isPartOf":{"@id":"https:\/\/ingenieria.udd.cl\/impactoudd\/#website"},"primaryImageOfPage":{"@id":"https:\/\/ingenieria.udd.cl\/impactoudd\/agrupacion-impacto-udd\/#primaryimage"},"image":{"@id":"https:\/\/ingenieria.udd.cl\/impactoudd\/agrupacion-impacto-udd\/#primaryimage"},"thumbnailUrl":"https:\/\/ingenieria.udd.cl\/impactoudd\/files\/2020\/09\/img_9126-750x534-1.jpg","datePublished":"2020-09-25T17:00:12+00:00","dateModified":"2024-02-27T18:59:03+00:00","breadcrumb":{"@id":"https:\/\/ingenieria.udd.cl\/impactoudd\/agrupacion-impacto-udd\/#breadcrumb"},"inLanguage":"es","potentialAction":[{"@type":"ReadAction","target":["https:\/\/ingenieria.udd.cl\/impactoudd\/agrupacion-impacto-udd\/"]}]},{"@type":"ImageObject","inLanguage":"es","@id":"https:\/\/ingenieria.udd.cl\/impactoudd\/agrupacion-impacto-udd\/#primaryimage","url":"https:\/\/ingenieria.udd.cl\/impactoudd\/files\/2020\/09\/img_9126-750x534-1.jpg","contentUrl":"https:\/\/ingenieria.udd.cl\/impactoudd\/files\/2020\/09\/img_9126-750x534-1.jpg","width":750,"height":534},{"@type":"BreadcrumbList","@id":"https:\/\/ingenieria.udd.cl\/impactoudd\/agrupacion-impacto-udd\/#breadcrumb","itemListElement":[{"@type":"ListItem","position":1,"name":"Portada","item":"https:\/\/ingenieria.udd.cl\/impactoudd\/"},{"@type":"ListItem","position":2,"name":"Agrupaci\u00f3n Impacto UDD"}]},{"@type":"WebSite","@id":"https:\/\/ingenieria.udd.cl\/impactoudd\/#website","url":"https:\/\/ingenieria.udd.cl\/impactoudd\/","name":"Impacto UDD","description":"Otro sitio m\u00e1s de Ingenieria","inLanguage":"es"}]}},"_links":{"self":[{"href":"https:\/\/ingenieria.udd.cl\/impactoudd\/wp-json\/wp\/v2\/pages\/22","targetHints":{"allow":["GET"]}}],"collection":[{"href":"https:\/\/ingenieria.udd.cl\/impactoudd\/wp-json\/wp\/v2\/pages"}],"about":[{"href":"https:\/\/ingenieria.udd.cl\/impactoudd\/wp-json\/wp\/v2\/types\/page"}],"author":[{"embeddable":true,"href":"https:\/\/ingenieria.udd.cl\/impactoudd\/wp-json\/wp\/v2\/users\/9192218"}],"replies":[{"embeddable":true,"href":"https:\/\/ingenieria.udd.cl\/impactoudd\/wp-json\/wp\/v2\/comments?post=22"}],"version-history":[{"count":49,"href":"https:\/\/ingenieria.udd.cl\/impactoudd\/wp-json\/wp\/v2\/pages\/22\/revisions"}],"predecessor-version":[{"id":2196,"href":"https:\/\/ingenieria.udd.cl\/impactoudd\/wp-json\/wp\/v2\/pages\/22\/revisions\/2196"}],"wp:attachment":[{"href":"https:\/\/ingenieria.udd.cl\/impactoudd\/wp-json\/wp\/v2\/media?parent=22"}],"curies":[{"name":"wp","href":"https:\/\/api.w.org\/{rel}","templated":true}]}}