{"id":2310,"date":"2024-03-08T15:10:31","date_gmt":"2024-03-08T14:10:31","guid":{"rendered":"https:\/\/ingenieria.udd.cl\/impactoudd\/?page_id=2310"},"modified":"2025-11-06T19:24:29","modified_gmt":"2025-11-06T18:24:29","slug":"feria-de-ciencias","status":"publish","type":"page","link":"https:\/\/ingenieria.udd.cl\/impactoudd\/feria-de-ciencias\/","title":{"rendered":"Feria de Ciencias y Tecnolog\u00eda"},"content":{"rendered":"\n<figure class=\"wp-block-image aligncenter size-large\"><img loading=\"lazy\" decoding=\"async\" width=\"1024\" height=\"576\" src=\"https:\/\/ingenieria.udd.cl\/impactoudd\/files\/2025\/11\/banner_feria-de-ciencias_-scl-ccp-01-1024x576.png\" alt=\"\" class=\"wp-image-2458\" srcset=\"https:\/\/ingenieria.udd.cl\/impactoudd\/files\/2025\/11\/banner_feria-de-ciencias_-scl-ccp-01-1024x576.png 1024w, https:\/\/ingenieria.udd.cl\/impactoudd\/files\/2025\/11\/banner_feria-de-ciencias_-scl-ccp-01-300x169.png 300w, https:\/\/ingenieria.udd.cl\/impactoudd\/files\/2025\/11\/banner_feria-de-ciencias_-scl-ccp-01-768x432.png 768w, https:\/\/ingenieria.udd.cl\/impactoudd\/files\/2025\/11\/banner_feria-de-ciencias_-scl-ccp-01-1536x864.png 1536w, https:\/\/ingenieria.udd.cl\/impactoudd\/files\/2025\/11\/banner_feria-de-ciencias_-scl-ccp-01-1366x768.png 1366w, https:\/\/ingenieria.udd.cl\/impactoudd\/files\/2025\/11\/banner_feria-de-ciencias_-scl-ccp-01-680x382.png 680w, https:\/\/ingenieria.udd.cl\/impactoudd\/files\/2025\/11\/banner_feria-de-ciencias_-scl-ccp-01.png 1920w\" sizes=\"auto, (max-width: 1024px) 100vw, 1024px\" \/><\/figure>\n\n\n<section class=\"wp-block-udd-text-row block--bg-gray\">\n\t<div class=\"text-row\">\n\t\t<div class=\"text-row__content\">\n\t\t\t<div class=\"text-row__content-inner text\">\n\t\t\t\t\t\t\t\t\n<p>Actividad organizada por la Facultad de Ingenier\u00eda dirigida a estudiantes, docentes y toda la comunidad UDD: familias, colegios, empresas y vecinos. La instancia tiene como obejtivo celebrar la innovaci\u00f3n y la ciencia, despertar la creatividad y compartir desarrollos tecnol\u00f3gicos y proyectos liderados por estudiantes de Ingenier\u00eda para generar impacto en la sociedad. <\/p>\n\t\t\t<\/div>\n\t\t<\/div>\n\t\t<div class=\"text-row__media\">\n\t\t\t<img loading=\"lazy\" decoding=\"async\" width=\"952\" height=\"534\" src=\"https:\/\/ingenieria.udd.cl\/impactoudd\/files\/2024\/03\/whatsapp-image-2024-03-08-at-11-17-55-680x382.jpeg\" class=\"text-row__media-image lazyload\" alt=\"\" sizes=\"auto, (max-width: 952px) 100vw, 952px\" data-src=\"https:\/\/ingenieria.udd.cl\/impactoudd\/files\/2024\/03\/whatsapp-image-2024-03-08-at-11-17-55-952x534.jpeg\" data-srcset=\"https:\/\/ingenieria.udd.cl\/impactoudd\/files\/2024\/03\/whatsapp-image-2024-03-08-at-11-17-55-952x534.jpeg 952w, https:\/\/ingenieria.udd.cl\/impactoudd\/files\/2024\/03\/whatsapp-image-2024-03-08-at-11-17-55-1366x768.jpeg 1366w, https:\/\/ingenieria.udd.cl\/impactoudd\/files\/2024\/03\/whatsapp-image-2024-03-08-at-11-17-55-680x382.jpeg 680w\" \/>\t\t<\/div>\n\t<\/div>\n<\/section>\n\n\n\n<figure class=\"wp-block-embed aligncenter is-type-video is-provider-youtube wp-block-embed-youtube wp-embed-aspect-16-9 wp-has-aspect-ratio\"><div class=\"wp-block-embed__wrapper\">\n<iframe loading=\"lazy\" title=\"Feria de Ciencias y Tecnolog\u00eda 2025\" width=\"500\" height=\"281\" src=\"https:\/\/www.youtube.com\/embed\/3shBwankkYU?feature=oembed\" frameborder=\"0\" allow=\"accelerometer; autoplay; clipboard-write; encrypted-media; gyroscope; picture-in-picture; web-share\" referrerpolicy=\"strict-origin-when-cross-origin\" allowfullscreen><\/iframe>\n<\/div><\/figure>\n\n\n\n<p><\/p>\n","protected":false},"excerpt":{"rendered":"","protected":false},"author":9192225,"featured_media":0,"parent":0,"menu_order":0,"comment_status":"closed","ping_status":"closed","template":"","meta":{"footnotes":""},"class_list":["post-2310","page","type-page","status-publish","hentry"],"yoast_head":"<!-- This site is optimized with the Yoast SEO plugin v26.9 - https:\/\/yoast.com\/product\/yoast-seo-wordpress\/ -->\n<title>Feria de Ciencias y Tecnolog\u00eda - Impacto UDD<\/title>\n<meta name=\"robots\" content=\"index, follow, max-snippet:-1, max-image-preview:large, max-video-preview:-1\" \/>\n<link rel=\"canonical\" href=\"https:\/\/ingenieria.udd.cl\/impactoudd\/feria-de-ciencias\/\" \/>\n<meta property=\"og:locale\" content=\"es_ES\" \/>\n<meta property=\"og:type\" content=\"article\" \/>\n<meta property=\"og:title\" content=\"Feria de Ciencias y Tecnolog\u00eda - Impacto UDD\" \/>\n<meta property=\"og:url\" content=\"https:\/\/ingenieria.udd.cl\/impactoudd\/feria-de-ciencias\/\" \/>\n<meta property=\"og:site_name\" content=\"Impacto UDD\" \/>\n<meta property=\"article:modified_time\" content=\"2025-11-06T18:24:29+00:00\" \/>\n<meta property=\"og:image\" content=\"https:\/\/ingenieria.udd.cl\/impactoudd\/files\/2025\/11\/banner_feria-de-ciencias_-scl-ccp-01.png\" \/>\n\t<meta property=\"og:image:width\" content=\"1920\" \/>\n\t<meta property=\"og:image:height\" content=\"1080\" \/>\n\t<meta property=\"og:image:type\" content=\"image\/png\" \/>\n<meta name=\"twitter:card\" content=\"summary_large_image\" \/>\n<meta name=\"twitter:label1\" content=\"Tiempo de lectura\" \/>\n\t<meta name=\"twitter:data1\" content=\"1 minuto\" \/>\n<script type=\"application\/ld+json\" class=\"yoast-schema-graph\">{\"@context\":\"https:\/\/schema.org\",\"@graph\":[{\"@type\":\"WebPage\",\"@id\":\"https:\/\/ingenieria.udd.cl\/impactoudd\/feria-de-ciencias\/\",\"url\":\"https:\/\/ingenieria.udd.cl\/impactoudd\/feria-de-ciencias\/\",\"name\":\"Feria de Ciencias y Tecnolog\u00eda - Impacto UDD\",\"isPartOf\":{\"@id\":\"https:\/\/ingenieria.udd.cl\/impactoudd\/#website\"},\"primaryImageOfPage\":{\"@id\":\"https:\/\/ingenieria.udd.cl\/impactoudd\/feria-de-ciencias\/#primaryimage\"},\"image\":{\"@id\":\"https:\/\/ingenieria.udd.cl\/impactoudd\/feria-de-ciencias\/#primaryimage\"},\"thumbnailUrl\":\"https:\/\/ingenieria.udd.cl\/impactoudd\/files\/2025\/11\/banner_feria-de-ciencias_-scl-ccp-01-1024x576.png\",\"datePublished\":\"2024-03-08T14:10:31+00:00\",\"dateModified\":\"2025-11-06T18:24:29+00:00\",\"breadcrumb\":{\"@id\":\"https:\/\/ingenieria.udd.cl\/impactoudd\/feria-de-ciencias\/#breadcrumb\"},\"inLanguage\":\"es\",\"potentialAction\":[{\"@type\":\"ReadAction\",\"target\":[\"https:\/\/ingenieria.udd.cl\/impactoudd\/feria-de-ciencias\/\"]}]},{\"@type\":\"ImageObject\",\"inLanguage\":\"es\",\"@id\":\"https:\/\/ingenieria.udd.cl\/impactoudd\/feria-de-ciencias\/#primaryimage\",\"url\":\"https:\/\/ingenieria.udd.cl\/impactoudd\/files\/2025\/11\/banner_feria-de-ciencias_-scl-ccp-01.png\",\"contentUrl\":\"https:\/\/ingenieria.udd.cl\/impactoudd\/files\/2025\/11\/banner_feria-de-ciencias_-scl-ccp-01.png\",\"width\":1920,\"height\":1080},{\"@type\":\"BreadcrumbList\",\"@id\":\"https:\/\/ingenieria.udd.cl\/impactoudd\/feria-de-ciencias\/#breadcrumb\",\"itemListElement\":[{\"@type\":\"ListItem\",\"position\":1,\"name\":\"Portada\",\"item\":\"https:\/\/ingenieria.udd.cl\/impactoudd\/\"},{\"@type\":\"ListItem\",\"position\":2,\"name\":\"Feria de Ciencias y Tecnolog\u00eda\"}]},{\"@type\":\"WebSite\",\"@id\":\"https:\/\/ingenieria.udd.cl\/impactoudd\/#website\",\"url\":\"https:\/\/ingenieria.udd.cl\/impactoudd\/\",\"name\":\"Impacto UDD\",\"description\":\"Otro sitio m\u00e1s de Ingenieria\",\"inLanguage\":\"es\"}]}<\/script>\n<!-- \/ Yoast SEO plugin. -->","yoast_head_json":{"title":"Feria de Ciencias y Tecnolog\u00eda - Impacto UDD","robots":{"index":"index","follow":"follow","max-snippet":"max-snippet:-1","max-image-preview":"max-image-preview:large","max-video-preview":"max-video-preview:-1"},"canonical":"https:\/\/ingenieria.udd.cl\/impactoudd\/feria-de-ciencias\/","og_locale":"es_ES","og_type":"article","og_title":"Feria de Ciencias y Tecnolog\u00eda - Impacto UDD","og_url":"https:\/\/ingenieria.udd.cl\/impactoudd\/feria-de-ciencias\/","og_site_name":"Impacto UDD","article_modified_time":"2025-11-06T18:24:29+00:00","og_image":[{"width":1920,"height":1080,"url":"https:\/\/ingenieria.udd.cl\/impactoudd\/files\/2025\/11\/banner_feria-de-ciencias_-scl-ccp-01.png","type":"image\/png"}],"twitter_card":"summary_large_image","twitter_misc":{"Tiempo de lectura":"1 minuto"},"schema":{"@context":"https:\/\/schema.org","@graph":[{"@type":"WebPage","@id":"https:\/\/ingenieria.udd.cl\/impactoudd\/feria-de-ciencias\/","url":"https:\/\/ingenieria.udd.cl\/impactoudd\/feria-de-ciencias\/","name":"Feria de Ciencias y Tecnolog\u00eda - Impacto UDD","isPartOf":{"@id":"https:\/\/ingenieria.udd.cl\/impactoudd\/#website"},"primaryImageOfPage":{"@id":"https:\/\/ingenieria.udd.cl\/impactoudd\/feria-de-ciencias\/#primaryimage"},"image":{"@id":"https:\/\/ingenieria.udd.cl\/impactoudd\/feria-de-ciencias\/#primaryimage"},"thumbnailUrl":"https:\/\/ingenieria.udd.cl\/impactoudd\/files\/2025\/11\/banner_feria-de-ciencias_-scl-ccp-01-1024x576.png","datePublished":"2024-03-08T14:10:31+00:00","dateModified":"2025-11-06T18:24:29+00:00","breadcrumb":{"@id":"https:\/\/ingenieria.udd.cl\/impactoudd\/feria-de-ciencias\/#breadcrumb"},"inLanguage":"es","potentialAction":[{"@type":"ReadAction","target":["https:\/\/ingenieria.udd.cl\/impactoudd\/feria-de-ciencias\/"]}]},{"@type":"ImageObject","inLanguage":"es","@id":"https:\/\/ingenieria.udd.cl\/impactoudd\/feria-de-ciencias\/#primaryimage","url":"https:\/\/ingenieria.udd.cl\/impactoudd\/files\/2025\/11\/banner_feria-de-ciencias_-scl-ccp-01.png","contentUrl":"https:\/\/ingenieria.udd.cl\/impactoudd\/files\/2025\/11\/banner_feria-de-ciencias_-scl-ccp-01.png","width":1920,"height":1080},{"@type":"BreadcrumbList","@id":"https:\/\/ingenieria.udd.cl\/impactoudd\/feria-de-ciencias\/#breadcrumb","itemListElement":[{"@type":"ListItem","position":1,"name":"Portada","item":"https:\/\/ingenieria.udd.cl\/impactoudd\/"},{"@type":"ListItem","position":2,"name":"Feria de Ciencias y Tecnolog\u00eda"}]},{"@type":"WebSite","@id":"https:\/\/ingenieria.udd.cl\/impactoudd\/#website","url":"https:\/\/ingenieria.udd.cl\/impactoudd\/","name":"Impacto UDD","description":"Otro sitio m\u00e1s de Ingenieria","inLanguage":"es"}]}},"_links":{"self":[{"href":"https:\/\/ingenieria.udd.cl\/impactoudd\/wp-json\/wp\/v2\/pages\/2310","targetHints":{"allow":["GET"]}}],"collection":[{"href":"https:\/\/ingenieria.udd.cl\/impactoudd\/wp-json\/wp\/v2\/pages"}],"about":[{"href":"https:\/\/ingenieria.udd.cl\/impactoudd\/wp-json\/wp\/v2\/types\/page"}],"author":[{"embeddable":true,"href":"https:\/\/ingenieria.udd.cl\/impactoudd\/wp-json\/wp\/v2\/users\/9192225"}],"replies":[{"embeddable":true,"href":"https:\/\/ingenieria.udd.cl\/impactoudd\/wp-json\/wp\/v2\/comments?post=2310"}],"version-history":[{"count":14,"href":"https:\/\/ingenieria.udd.cl\/impactoudd\/wp-json\/wp\/v2\/pages\/2310\/revisions"}],"predecessor-version":[{"id":2459,"href":"https:\/\/ingenieria.udd.cl\/impactoudd\/wp-json\/wp\/v2\/pages\/2310\/revisions\/2459"}],"wp:attachment":[{"href":"https:\/\/ingenieria.udd.cl\/impactoudd\/wp-json\/wp\/v2\/media?parent=2310"}],"curies":[{"name":"wp","href":"https:\/\/api.w.org\/{rel}","templated":true}]}}