{"id":235,"date":"2020-10-01T21:39:07","date_gmt":"2020-10-01T19:39:07","guid":{"rendered":"http:\/\/ingenieria.udd.cl\/impactoudd\/?page_id=235"},"modified":"2020-10-01T21:44:27","modified_gmt":"2020-10-01T19:44:27","slug":"metodologia-jurado-y-premiacion","status":"publish","type":"page","link":"https:\/\/ingenieria.udd.cl\/impactoudd\/hackaton-coaniquem\/metodologia-jurado-y-premiacion\/","title":{"rendered":"Metodolog\u00eda, Jurado y Premiaci\u00f3n"},"content":{"rendered":"\n<h2 class=\"has-very-dark-gray-color has-text-color wp-block-heading\">METODOLOG\u00cdA<\/h2>\n\n\n\n<p>:: Los equipos se armar\u00e1n previo a la hackathon combinando estudiantes universitarios con miembros del equipo de COANIQUEM para que puedan trabajar juntos.<\/p>\n\n\n\n<p>:: Iniciada la Hackathon, cada equipo deber\u00e1 elegir uno de los dos problemas planteados.<\/p>\n\n\n\n<p>:: Cada equipo contar\u00e1 con un mentor &#8211; facilitador y adem\u00e1s tendr\u00e1 acceso a mentores a quienes podr\u00e1n contactar en cualquier momento del proceso en caso de necesitar mayor orientaci\u00f3n y validaci\u00f3n de temas.<\/p>\n\n\n\n<p>:: Durante estos 2 d\u00edas tambi\u00e9n ofreceremos charlas de expertos, talleres, y c\u00e1psulas con metodolog\u00edas de ideaci\u00f3n y prototipado que los ayudar\u00e1n en el proceso.<\/p>\n\n\n\n<figure class=\"wp-block-image size-large\"><img loading=\"lazy\" decoding=\"async\" width=\"1024\" height=\"527\" src=\"https:\/\/ingenieria.udd.cl\/impactoudd\/files\/2020\/10\/screen-shot-2020-07-20-at-22.43.47-2048x1053-1-1024x527.png\" alt=\"\" class=\"wp-image-240\" srcset=\"https:\/\/ingenieria.udd.cl\/impactoudd\/files\/2020\/10\/screen-shot-2020-07-20-at-22.43.47-2048x1053-1-1024x527.png 1024w, https:\/\/ingenieria.udd.cl\/impactoudd\/files\/2020\/10\/screen-shot-2020-07-20-at-22.43.47-2048x1053-1-300x154.png 300w, https:\/\/ingenieria.udd.cl\/impactoudd\/files\/2020\/10\/screen-shot-2020-07-20-at-22.43.47-2048x1053-1-768x395.png 768w, https:\/\/ingenieria.udd.cl\/impactoudd\/files\/2020\/10\/screen-shot-2020-07-20-at-22.43.47-2048x1053-1-1536x790.png 1536w, https:\/\/ingenieria.udd.cl\/impactoudd\/files\/2020\/10\/screen-shot-2020-07-20-at-22.43.47-2048x1053-1.png 2048w\" sizes=\"auto, (max-width: 1024px) 100vw, 1024px\" \/><\/figure>\n\n\n\n<h2 class=\"has-very-dark-gray-color has-text-color wp-block-heading\">PREMIACI\u00d3N<\/h2>\n\n\n\n<p class=\"has-medium-font-size\">Se elegir\u00e1 un equipo ganador por soluci\u00f3n. <\/p>\n\n\n\n<p><strong>Incentivos<\/strong>: <span style=\"color: #ff0000;\"><\/span>Cada equipo ganador recibir\u00e1 un incentivo de $300.000 para la implementaci\u00f3n de la soluci\u00f3n a los problemas que se abordar\u00e1n.<\/p>\n\n\n\n<p><strong>Cr\u00e9ditos extradisciplinares:<\/strong> Los estudiantes que trabajen en la implementaci\u00f3n de la soluci\u00f3n podr\u00e1n acceder a 4 cr\u00e9ditos extradisciplinares electivos. ImpactoUDD de la Facultad de Ingenier\u00eda, dar\u00e1 seguimiento y apoyo a los grupos de estudiantes que implementen las soluciones ganadoras.<\/p>\n\n\n\n<h2 class=\"has-very-dark-gray-color has-text-color wp-block-heading\">JURADO<\/h2>\n\n\n\n<p><span style=\"color: #333333;\"><strong>El panel de jurados est\u00e1 conformado por autoridades de la Universidad del Desarrollo y de COANIQUEM:<\/strong><\/span><\/p>\n\n\n\n<ul class=\"rich-text editor-rich-text__editable block-editor-rich-text__editable is-selected wp-block-list\"><li>Natalia Morales, Directora de Carrera Ingenier\u00eda Civil Industrial, UDD Santiago<\/li><li>Fernando Rojas, Decano Facultad de Ingenier\u00eda UDD y miembro del directorio de COANIQUEM<\/li><li>Carlos Varela, Director de Emprendimiento e Innovaci\u00f3n, UDD<\/li><li>Doctor Rolando Saveedra, Director M\u00e9dico COANIQUEM<\/li><li>Doctor Jorge Rojas, Fundador COANIQUEM<\/li><li>Rodrigo Tagle, Gerente General COANIQUEM<\/li><\/ul>\n","protected":false},"excerpt":{"rendered":"<p>METODOLOG\u00cdA :: Los equipos se armar\u00e1n previo a la hackathon combinando estudiantes universitarios con miembros del equipo de COANIQUEM para que puedan trabajar juntos. :: Iniciada la Hackathon, cada equipo deber\u00e1 elegir uno de los dos problemas planteados. :: Cada equipo contar\u00e1 con un mentor &#8211; facilitador y adem\u00e1s tendr\u00e1 acceso a mentores a quienes [&hellip;]<\/p>\n","protected":false},"author":9192218,"featured_media":0,"parent":27,"menu_order":0,"comment_status":"closed","ping_status":"closed","template":"","meta":{"footnotes":""},"class_list":["post-235","page","type-page","status-publish","hentry"],"yoast_head":"<!-- This site is optimized with the Yoast SEO plugin v26.9 - https:\/\/yoast.com\/product\/yoast-seo-wordpress\/ -->\n<title>Metodolog\u00eda, Jurado y Premiaci\u00f3n - Impacto UDD<\/title>\n<meta name=\"robots\" content=\"index, follow, max-snippet:-1, max-image-preview:large, max-video-preview:-1\" \/>\n<link rel=\"canonical\" href=\"https:\/\/ingenieria.udd.cl\/impactoudd\/hackaton-coaniquem\/metodologia-jurado-y-premiacion\/\" \/>\n<meta property=\"og:locale\" content=\"es_ES\" \/>\n<meta property=\"og:type\" content=\"article\" \/>\n<meta property=\"og:title\" content=\"Metodolog\u00eda, Jurado y Premiaci\u00f3n - Impacto UDD\" \/>\n<meta property=\"og:description\" content=\"METODOLOG\u00cdA :: Los equipos se armar\u00e1n previo a la hackathon combinando estudiantes universitarios con miembros del equipo de COANIQUEM para que puedan trabajar juntos. :: Iniciada la Hackathon, cada equipo deber\u00e1 elegir uno de los dos problemas planteados. :: Cada equipo contar\u00e1 con un mentor &#8211; facilitador y adem\u00e1s tendr\u00e1 acceso a mentores a quienes [&hellip;]\" \/>\n<meta property=\"og:url\" content=\"https:\/\/ingenieria.udd.cl\/impactoudd\/hackaton-coaniquem\/metodologia-jurado-y-premiacion\/\" \/>\n<meta property=\"og:site_name\" content=\"Impacto UDD\" \/>\n<meta property=\"article:modified_time\" content=\"2020-10-01T19:44:27+00:00\" \/>\n<meta property=\"og:image\" content=\"https:\/\/ingenieria.udd.cl\/impactoudd\/files\/2020\/10\/screen-shot-2020-07-20-at-22.43.47-2048x1053-1-1024x527.png\" \/>\n<meta name=\"twitter:card\" content=\"summary_large_image\" \/>\n<meta name=\"twitter:label1\" content=\"Tiempo de lectura\" \/>\n\t<meta name=\"twitter:data1\" content=\"1 minuto\" \/>\n<script type=\"application\/ld+json\" class=\"yoast-schema-graph\">{\"@context\":\"https:\/\/schema.org\",\"@graph\":[{\"@type\":\"WebPage\",\"@id\":\"https:\/\/ingenieria.udd.cl\/impactoudd\/hackaton-coaniquem\/metodologia-jurado-y-premiacion\/\",\"url\":\"https:\/\/ingenieria.udd.cl\/impactoudd\/hackaton-coaniquem\/metodologia-jurado-y-premiacion\/\",\"name\":\"Metodolog\u00eda, Jurado y Premiaci\u00f3n - Impacto UDD\",\"isPartOf\":{\"@id\":\"https:\/\/ingenieria.udd.cl\/impactoudd\/#website\"},\"primaryImageOfPage\":{\"@id\":\"https:\/\/ingenieria.udd.cl\/impactoudd\/hackaton-coaniquem\/metodologia-jurado-y-premiacion\/#primaryimage\"},\"image\":{\"@id\":\"https:\/\/ingenieria.udd.cl\/impactoudd\/hackaton-coaniquem\/metodologia-jurado-y-premiacion\/#primaryimage\"},\"thumbnailUrl\":\"https:\/\/ingenieria.udd.cl\/impactoudd\/files\/2020\/10\/screen-shot-2020-07-20-at-22.43.47-2048x1053-1-1024x527.png\",\"datePublished\":\"2020-10-01T19:39:07+00:00\",\"dateModified\":\"2020-10-01T19:44:27+00:00\",\"breadcrumb\":{\"@id\":\"https:\/\/ingenieria.udd.cl\/impactoudd\/hackaton-coaniquem\/metodologia-jurado-y-premiacion\/#breadcrumb\"},\"inLanguage\":\"es\",\"potentialAction\":[{\"@type\":\"ReadAction\",\"target\":[\"https:\/\/ingenieria.udd.cl\/impactoudd\/hackaton-coaniquem\/metodologia-jurado-y-premiacion\/\"]}]},{\"@type\":\"ImageObject\",\"inLanguage\":\"es\",\"@id\":\"https:\/\/ingenieria.udd.cl\/impactoudd\/hackaton-coaniquem\/metodologia-jurado-y-premiacion\/#primaryimage\",\"url\":\"https:\/\/ingenieria.udd.cl\/impactoudd\/files\/2020\/10\/screen-shot-2020-07-20-at-22.43.47-2048x1053-1.png\",\"contentUrl\":\"https:\/\/ingenieria.udd.cl\/impactoudd\/files\/2020\/10\/screen-shot-2020-07-20-at-22.43.47-2048x1053-1.png\",\"width\":2048,\"height\":1053},{\"@type\":\"BreadcrumbList\",\"@id\":\"https:\/\/ingenieria.udd.cl\/impactoudd\/hackaton-coaniquem\/metodologia-jurado-y-premiacion\/#breadcrumb\",\"itemListElement\":[{\"@type\":\"ListItem\",\"position\":1,\"name\":\"Portada\",\"item\":\"https:\/\/ingenieria.udd.cl\/impactoudd\/\"},{\"@type\":\"ListItem\",\"position\":2,\"name\":\"Hackat\u00f3n Coaniquem\",\"item\":\"https:\/\/ingenieria.udd.cl\/impactoudd\/hackaton-coaniquem\/\"},{\"@type\":\"ListItem\",\"position\":3,\"name\":\"Metodolog\u00eda, Jurado y Premiaci\u00f3n\"}]},{\"@type\":\"WebSite\",\"@id\":\"https:\/\/ingenieria.udd.cl\/impactoudd\/#website\",\"url\":\"https:\/\/ingenieria.udd.cl\/impactoudd\/\",\"name\":\"Impacto UDD\",\"description\":\"Otro sitio m\u00e1s de Ingenieria\",\"inLanguage\":\"es\"}]}<\/script>\n<!-- \/ Yoast SEO plugin. -->","yoast_head_json":{"title":"Metodolog\u00eda, Jurado y Premiaci\u00f3n - Impacto UDD","robots":{"index":"index","follow":"follow","max-snippet":"max-snippet:-1","max-image-preview":"max-image-preview:large","max-video-preview":"max-video-preview:-1"},"canonical":"https:\/\/ingenieria.udd.cl\/impactoudd\/hackaton-coaniquem\/metodologia-jurado-y-premiacion\/","og_locale":"es_ES","og_type":"article","og_title":"Metodolog\u00eda, Jurado y Premiaci\u00f3n - Impacto UDD","og_description":"METODOLOG\u00cdA :: Los equipos se armar\u00e1n previo a la hackathon combinando estudiantes universitarios con miembros del equipo de COANIQUEM para que puedan trabajar juntos. :: Iniciada la Hackathon, cada equipo deber\u00e1 elegir uno de los dos problemas planteados. :: Cada equipo contar\u00e1 con un mentor &#8211; facilitador y adem\u00e1s tendr\u00e1 acceso a mentores a quienes [&hellip;]","og_url":"https:\/\/ingenieria.udd.cl\/impactoudd\/hackaton-coaniquem\/metodologia-jurado-y-premiacion\/","og_site_name":"Impacto UDD","article_modified_time":"2020-10-01T19:44:27+00:00","og_image":[{"url":"https:\/\/ingenieria.udd.cl\/impactoudd\/files\/2020\/10\/screen-shot-2020-07-20-at-22.43.47-2048x1053-1-1024x527.png","type":"","width":"","height":""}],"twitter_card":"summary_large_image","twitter_misc":{"Tiempo de lectura":"1 minuto"},"schema":{"@context":"https:\/\/schema.org","@graph":[{"@type":"WebPage","@id":"https:\/\/ingenieria.udd.cl\/impactoudd\/hackaton-coaniquem\/metodologia-jurado-y-premiacion\/","url":"https:\/\/ingenieria.udd.cl\/impactoudd\/hackaton-coaniquem\/metodologia-jurado-y-premiacion\/","name":"Metodolog\u00eda, Jurado y Premiaci\u00f3n - Impacto UDD","isPartOf":{"@id":"https:\/\/ingenieria.udd.cl\/impactoudd\/#website"},"primaryImageOfPage":{"@id":"https:\/\/ingenieria.udd.cl\/impactoudd\/hackaton-coaniquem\/metodologia-jurado-y-premiacion\/#primaryimage"},"image":{"@id":"https:\/\/ingenieria.udd.cl\/impactoudd\/hackaton-coaniquem\/metodologia-jurado-y-premiacion\/#primaryimage"},"thumbnailUrl":"https:\/\/ingenieria.udd.cl\/impactoudd\/files\/2020\/10\/screen-shot-2020-07-20-at-22.43.47-2048x1053-1-1024x527.png","datePublished":"2020-10-01T19:39:07+00:00","dateModified":"2020-10-01T19:44:27+00:00","breadcrumb":{"@id":"https:\/\/ingenieria.udd.cl\/impactoudd\/hackaton-coaniquem\/metodologia-jurado-y-premiacion\/#breadcrumb"},"inLanguage":"es","potentialAction":[{"@type":"ReadAction","target":["https:\/\/ingenieria.udd.cl\/impactoudd\/hackaton-coaniquem\/metodologia-jurado-y-premiacion\/"]}]},{"@type":"ImageObject","inLanguage":"es","@id":"https:\/\/ingenieria.udd.cl\/impactoudd\/hackaton-coaniquem\/metodologia-jurado-y-premiacion\/#primaryimage","url":"https:\/\/ingenieria.udd.cl\/impactoudd\/files\/2020\/10\/screen-shot-2020-07-20-at-22.43.47-2048x1053-1.png","contentUrl":"https:\/\/ingenieria.udd.cl\/impactoudd\/files\/2020\/10\/screen-shot-2020-07-20-at-22.43.47-2048x1053-1.png","width":2048,"height":1053},{"@type":"BreadcrumbList","@id":"https:\/\/ingenieria.udd.cl\/impactoudd\/hackaton-coaniquem\/metodologia-jurado-y-premiacion\/#breadcrumb","itemListElement":[{"@type":"ListItem","position":1,"name":"Portada","item":"https:\/\/ingenieria.udd.cl\/impactoudd\/"},{"@type":"ListItem","position":2,"name":"Hackat\u00f3n Coaniquem","item":"https:\/\/ingenieria.udd.cl\/impactoudd\/hackaton-coaniquem\/"},{"@type":"ListItem","position":3,"name":"Metodolog\u00eda, Jurado y Premiaci\u00f3n"}]},{"@type":"WebSite","@id":"https:\/\/ingenieria.udd.cl\/impactoudd\/#website","url":"https:\/\/ingenieria.udd.cl\/impactoudd\/","name":"Impacto UDD","description":"Otro sitio m\u00e1s de Ingenieria","inLanguage":"es"}]}},"_links":{"self":[{"href":"https:\/\/ingenieria.udd.cl\/impactoudd\/wp-json\/wp\/v2\/pages\/235","targetHints":{"allow":["GET"]}}],"collection":[{"href":"https:\/\/ingenieria.udd.cl\/impactoudd\/wp-json\/wp\/v2\/pages"}],"about":[{"href":"https:\/\/ingenieria.udd.cl\/impactoudd\/wp-json\/wp\/v2\/types\/page"}],"author":[{"embeddable":true,"href":"https:\/\/ingenieria.udd.cl\/impactoudd\/wp-json\/wp\/v2\/users\/9192218"}],"replies":[{"embeddable":true,"href":"https:\/\/ingenieria.udd.cl\/impactoudd\/wp-json\/wp\/v2\/comments?post=235"}],"version-history":[{"count":3,"href":"https:\/\/ingenieria.udd.cl\/impactoudd\/wp-json\/wp\/v2\/pages\/235\/revisions"}],"predecessor-version":[{"id":241,"href":"https:\/\/ingenieria.udd.cl\/impactoudd\/wp-json\/wp\/v2\/pages\/235\/revisions\/241"}],"up":[{"embeddable":true,"href":"https:\/\/ingenieria.udd.cl\/impactoudd\/wp-json\/wp\/v2\/pages\/27"}],"wp:attachment":[{"href":"https:\/\/ingenieria.udd.cl\/impactoudd\/wp-json\/wp\/v2\/media?parent=235"}],"curies":[{"name":"wp","href":"https:\/\/api.w.org\/{rel}","templated":true}]}}