{"id":24,"date":"2020-09-25T19:00:12","date_gmt":"2020-09-25T17:00:12","guid":{"rendered":"http:\/\/ingenieria.udd.cl\/impactoudd\/?page_id=24"},"modified":"2024-03-13T15:49:49","modified_gmt":"2024-03-13T14:49:49","slug":"academia-impactoudd","status":"publish","type":"page","link":"https:\/\/ingenieria.udd.cl\/impactoudd\/academia-impactoudd\/","title":{"rendered":"Academia ImpactoUDD"},"content":{"rendered":"<div class=\"wp-block-image\">\n<figure class=\"aligncenter size-large is-resized\"><img decoding=\"async\" class=\"wp-image-1071\" style=\"margin-left: -6%;margin-right: 6%;max-width: 109%;margin-top: -3.9%\" src=\"https:\/\/ingenieria.udd.cl\/impactoudd\/files\/2021\/06\/Academia-12-12-1024x141.png\" alt=\"\" width=\"1920\" srcset=\"https:\/\/ingenieria.udd.cl\/impactoudd\/files\/2021\/06\/Academia-12-12-1024x141.png 1024w, https:\/\/ingenieria.udd.cl\/impactoudd\/files\/2021\/06\/Academia-12-12-300x41.png 300w, https:\/\/ingenieria.udd.cl\/impactoudd\/files\/2021\/06\/Academia-12-12-768x106.png 768w, https:\/\/ingenieria.udd.cl\/impactoudd\/files\/2021\/06\/Academia-12-12-1536x212.png 1536w, https:\/\/ingenieria.udd.cl\/impactoudd\/files\/2021\/06\/Academia-12-12.png 1920w\" sizes=\"(max-width: 1024px) 100vw, 1024px\" \/><\/figure>\n<\/div>\n\n\n<p>A trav\u00e9s de la Academia ImpactoUDD acompa\u00f1amos a los estudiantes entregando herramientas para el desarrollo e implementaci\u00f3n de proyectos en comunidades con organizaciones sociales.&nbsp;<\/p>\n\n\n<!-- WP Block: UDD - Access Cards -->\n<section\n\tid=\"udd-access-cards--1\"\n\tclass=\"wp-block-udd-access-cards\n\t\tjs-show-in-modal\"\n\t\tstyle=\"\n\t\t--udd-blocks-has-columns-number: 2\t\t\"\n\t>\n\t<div class=\"container\">\n\t\t\t\t\t<header class=\"header__innerblock block__header\">\n\t\t\t<h2 class=\"block__title\">Modalidades<\/h2>\n\t\n\t\n\t<\/header>\n\t\t\t\t<div class=\"block__content\">\n\t\t\t<div\n\t\t\t\tclass=\"udd-access-cards\"\n\t\t\t\t\t\t\t>\n\t\t\t<div\n\tdata-index=\"1\"\n\tclass=\"udd-access-card-wrapper\"\n\t>\n\t<a href=\"https:\/\/ingenieria.udd.cl\/impactoudd\/academia-impactoudd\/intervencion-corta-en-comunidades\/\" class=\"access-card access-card--profile\" data-url=\"https:\/\/ingenieria.udd.cl\/impactoudd\/academia-impactoudd\/intervencion-corta-en-comunidades\/\">\n\t\t\t\t\t\t<h3\n\t\t\tdata-index=\"1\"\n\t\t\tclass=\"access-card__title\"\n\t\t>\n\t\t\tIntervenciones cortas con impacto social\t\t<\/h3>\n\t\t\t\t<div class=\"access-card__link\">\n\t\t\t<span class=\"access-card__link-text\">Conocer m\u00e1s<\/span>\n\t\t<\/div>\n\t<\/a>\n<\/div>\n<div\n\tdata-index=\"2\"\n\tclass=\"udd-access-card-wrapper\"\n\t>\n\t<a href=\"https:\/\/ingenieria.udd.cl\/impactoudd\/impactoudd-global\/\" class=\"access-card access-card--profile\" data-url=\"https:\/\/ingenieria.udd.cl\/impactoudd\/impactoudd-global\/\">\n\t\t\t\t\t\t<h3\n\t\t\tdata-index=\"2\"\n\t\t\tclass=\"access-card__title\"\n\t\t>\n\t\t\tViajes con Impacto\t\t<\/h3>\n\t\t\t\t<div class=\"access-card__link\">\n\t\t\t<span class=\"access-card__link-text\">Conocer m\u00e1s<\/span>\n\t\t<\/div>\n\t<\/a>\n<\/div>\n\t\t\t<\/div>\n\t\t<\/div>\n\t<\/div>\n<\/section>\n","protected":false},"excerpt":{"rendered":"<p>A trav\u00e9s de la Academia ImpactoUDD acompa\u00f1amos a los estudiantes entregando herramientas para el desarrollo e implementaci\u00f3n de proyectos en comunidades con organizaciones sociales.&nbsp;<\/p>\n","protected":false},"author":9192218,"featured_media":0,"parent":0,"menu_order":0,"comment_status":"closed","ping_status":"closed","template":"","meta":{"footnotes":""},"class_list":["post-24","page","type-page","status-publish","hentry"],"yoast_head":"<!-- This site is optimized with the Yoast SEO plugin v26.9 - https:\/\/yoast.com\/product\/yoast-seo-wordpress\/ -->\n<title>Academia ImpactoUDD - Impacto UDD<\/title>\n<meta name=\"robots\" content=\"index, follow, max-snippet:-1, max-image-preview:large, max-video-preview:-1\" \/>\n<link rel=\"canonical\" href=\"https:\/\/ingenieria.udd.cl\/impactoudd\/academia-impactoudd\/\" \/>\n<meta property=\"og:locale\" content=\"es_ES\" \/>\n<meta property=\"og:type\" content=\"article\" \/>\n<meta property=\"og:title\" content=\"Academia ImpactoUDD - Impacto UDD\" \/>\n<meta property=\"og:description\" content=\"A trav\u00e9s de la Academia ImpactoUDD acompa\u00f1amos a los estudiantes entregando herramientas para el desarrollo e implementaci\u00f3n de proyectos en comunidades con organizaciones sociales.&nbsp;\" \/>\n<meta property=\"og:url\" content=\"https:\/\/ingenieria.udd.cl\/impactoudd\/academia-impactoudd\/\" \/>\n<meta property=\"og:site_name\" content=\"Impacto UDD\" \/>\n<meta property=\"article:modified_time\" content=\"2024-03-13T14:49:49+00:00\" \/>\n<meta property=\"og:image\" content=\"https:\/\/ingenieria.udd.cl\/impactoudd\/files\/2021\/06\/Academia-12-12-1024x141.png\" \/>\n<meta name=\"twitter:card\" content=\"summary_large_image\" \/>\n<meta name=\"twitter:label1\" content=\"Tiempo de lectura\" \/>\n\t<meta name=\"twitter:data1\" content=\"1 minuto\" \/>\n<script type=\"application\/ld+json\" class=\"yoast-schema-graph\">{\"@context\":\"https:\/\/schema.org\",\"@graph\":[{\"@type\":\"WebPage\",\"@id\":\"https:\/\/ingenieria.udd.cl\/impactoudd\/academia-impactoudd\/\",\"url\":\"https:\/\/ingenieria.udd.cl\/impactoudd\/academia-impactoudd\/\",\"name\":\"Academia ImpactoUDD - Impacto UDD\",\"isPartOf\":{\"@id\":\"https:\/\/ingenieria.udd.cl\/impactoudd\/#website\"},\"primaryImageOfPage\":{\"@id\":\"https:\/\/ingenieria.udd.cl\/impactoudd\/academia-impactoudd\/#primaryimage\"},\"image\":{\"@id\":\"https:\/\/ingenieria.udd.cl\/impactoudd\/academia-impactoudd\/#primaryimage\"},\"thumbnailUrl\":\"https:\/\/ingenieria.udd.cl\/impactoudd\/files\/2021\/06\/Academia-12-12-1024x141.png\",\"datePublished\":\"2020-09-25T17:00:12+00:00\",\"dateModified\":\"2024-03-13T14:49:49+00:00\",\"breadcrumb\":{\"@id\":\"https:\/\/ingenieria.udd.cl\/impactoudd\/academia-impactoudd\/#breadcrumb\"},\"inLanguage\":\"es\",\"potentialAction\":[{\"@type\":\"ReadAction\",\"target\":[\"https:\/\/ingenieria.udd.cl\/impactoudd\/academia-impactoudd\/\"]}]},{\"@type\":\"ImageObject\",\"inLanguage\":\"es\",\"@id\":\"https:\/\/ingenieria.udd.cl\/impactoudd\/academia-impactoudd\/#primaryimage\",\"url\":\"https:\/\/ingenieria.udd.cl\/impactoudd\/files\/2021\/06\/Academia-12-12-1024x141.png\",\"contentUrl\":\"https:\/\/ingenieria.udd.cl\/impactoudd\/files\/2021\/06\/Academia-12-12-1024x141.png\"},{\"@type\":\"BreadcrumbList\",\"@id\":\"https:\/\/ingenieria.udd.cl\/impactoudd\/academia-impactoudd\/#breadcrumb\",\"itemListElement\":[{\"@type\":\"ListItem\",\"position\":1,\"name\":\"Portada\",\"item\":\"https:\/\/ingenieria.udd.cl\/impactoudd\/\"},{\"@type\":\"ListItem\",\"position\":2,\"name\":\"Academia ImpactoUDD\"}]},{\"@type\":\"WebSite\",\"@id\":\"https:\/\/ingenieria.udd.cl\/impactoudd\/#website\",\"url\":\"https:\/\/ingenieria.udd.cl\/impactoudd\/\",\"name\":\"Impacto UDD\",\"description\":\"Otro sitio m\u00e1s de Ingenieria\",\"inLanguage\":\"es\"}]}<\/script>\n<!-- \/ Yoast SEO plugin. -->","yoast_head_json":{"title":"Academia ImpactoUDD - Impacto UDD","robots":{"index":"index","follow":"follow","max-snippet":"max-snippet:-1","max-image-preview":"max-image-preview:large","max-video-preview":"max-video-preview:-1"},"canonical":"https:\/\/ingenieria.udd.cl\/impactoudd\/academia-impactoudd\/","og_locale":"es_ES","og_type":"article","og_title":"Academia ImpactoUDD - Impacto UDD","og_description":"A trav\u00e9s de la Academia ImpactoUDD acompa\u00f1amos a los estudiantes entregando herramientas para el desarrollo e implementaci\u00f3n de proyectos en comunidades con organizaciones sociales.&nbsp;","og_url":"https:\/\/ingenieria.udd.cl\/impactoudd\/academia-impactoudd\/","og_site_name":"Impacto UDD","article_modified_time":"2024-03-13T14:49:49+00:00","og_image":[{"url":"https:\/\/ingenieria.udd.cl\/impactoudd\/files\/2021\/06\/Academia-12-12-1024x141.png","type":"","width":"","height":""}],"twitter_card":"summary_large_image","twitter_misc":{"Tiempo de lectura":"1 minuto"},"schema":{"@context":"https:\/\/schema.org","@graph":[{"@type":"WebPage","@id":"https:\/\/ingenieria.udd.cl\/impactoudd\/academia-impactoudd\/","url":"https:\/\/ingenieria.udd.cl\/impactoudd\/academia-impactoudd\/","name":"Academia ImpactoUDD - Impacto UDD","isPartOf":{"@id":"https:\/\/ingenieria.udd.cl\/impactoudd\/#website"},"primaryImageOfPage":{"@id":"https:\/\/ingenieria.udd.cl\/impactoudd\/academia-impactoudd\/#primaryimage"},"image":{"@id":"https:\/\/ingenieria.udd.cl\/impactoudd\/academia-impactoudd\/#primaryimage"},"thumbnailUrl":"https:\/\/ingenieria.udd.cl\/impactoudd\/files\/2021\/06\/Academia-12-12-1024x141.png","datePublished":"2020-09-25T17:00:12+00:00","dateModified":"2024-03-13T14:49:49+00:00","breadcrumb":{"@id":"https:\/\/ingenieria.udd.cl\/impactoudd\/academia-impactoudd\/#breadcrumb"},"inLanguage":"es","potentialAction":[{"@type":"ReadAction","target":["https:\/\/ingenieria.udd.cl\/impactoudd\/academia-impactoudd\/"]}]},{"@type":"ImageObject","inLanguage":"es","@id":"https:\/\/ingenieria.udd.cl\/impactoudd\/academia-impactoudd\/#primaryimage","url":"https:\/\/ingenieria.udd.cl\/impactoudd\/files\/2021\/06\/Academia-12-12-1024x141.png","contentUrl":"https:\/\/ingenieria.udd.cl\/impactoudd\/files\/2021\/06\/Academia-12-12-1024x141.png"},{"@type":"BreadcrumbList","@id":"https:\/\/ingenieria.udd.cl\/impactoudd\/academia-impactoudd\/#breadcrumb","itemListElement":[{"@type":"ListItem","position":1,"name":"Portada","item":"https:\/\/ingenieria.udd.cl\/impactoudd\/"},{"@type":"ListItem","position":2,"name":"Academia ImpactoUDD"}]},{"@type":"WebSite","@id":"https:\/\/ingenieria.udd.cl\/impactoudd\/#website","url":"https:\/\/ingenieria.udd.cl\/impactoudd\/","name":"Impacto UDD","description":"Otro sitio m\u00e1s de Ingenieria","inLanguage":"es"}]}},"_links":{"self":[{"href":"https:\/\/ingenieria.udd.cl\/impactoudd\/wp-json\/wp\/v2\/pages\/24","targetHints":{"allow":["GET"]}}],"collection":[{"href":"https:\/\/ingenieria.udd.cl\/impactoudd\/wp-json\/wp\/v2\/pages"}],"about":[{"href":"https:\/\/ingenieria.udd.cl\/impactoudd\/wp-json\/wp\/v2\/types\/page"}],"author":[{"embeddable":true,"href":"https:\/\/ingenieria.udd.cl\/impactoudd\/wp-json\/wp\/v2\/users\/9192218"}],"replies":[{"embeddable":true,"href":"https:\/\/ingenieria.udd.cl\/impactoudd\/wp-json\/wp\/v2\/comments?post=24"}],"version-history":[{"count":30,"href":"https:\/\/ingenieria.udd.cl\/impactoudd\/wp-json\/wp\/v2\/pages\/24\/revisions"}],"predecessor-version":[{"id":2412,"href":"https:\/\/ingenieria.udd.cl\/impactoudd\/wp-json\/wp\/v2\/pages\/24\/revisions\/2412"}],"wp:attachment":[{"href":"https:\/\/ingenieria.udd.cl\/impactoudd\/wp-json\/wp\/v2\/media?parent=24"}],"curies":[{"name":"wp","href":"https:\/\/api.w.org\/{rel}","templated":true}]}}