{"id":242,"date":"2020-10-01T21:46:28","date_gmt":"2020-10-01T19:46:28","guid":{"rendered":"http:\/\/ingenieria.udd.cl\/impactoudd\/?page_id=242"},"modified":"2020-10-01T21:47:50","modified_gmt":"2020-10-01T19:47:50","slug":"sobre-coaniquem","status":"publish","type":"page","link":"https:\/\/ingenieria.udd.cl\/impactoudd\/hackaton-coaniquem\/sobre-coaniquem\/","title":{"rendered":"Sobre Coaniquem"},"content":{"rendered":"\n<p>COANIQUEM es la\nCorporaci\u00f3n de Ayuda al Ni\u00f1o Quemado. Fue creada hace 41 a\u00f1os y atiende de\nforma integral y gratuita a m\u00e1s de 8.000 ni\u00f1os al a\u00f1o, de Chile y\nLatinoam\u00e9rica.<\/p>\n\n\n\n<p>Hoy cuenta con 3\nCentros: Antofagasta, Puerto Montt y Santiago.<\/p>\n\n\n\n<p>Ser\u00e1 en este \u00faltimo Centro\ndonde nos enfocaremos, pero sin duda esperamos que las soluciones que se\nplanteen, puedan ser extrapolables a los otros centros y a otras instituciones.<\/p>\n\n\n\n<p>La pandemia por\nCovid-19, ha retado al mundo a tener que usar su creatividad para generar una\nnueva forma de hacer las cosas. Para COANIQUEM no ha sido diferente y hemos\ntenido que ser proactivos para enfrentar esta nueva realidad. <\/p>\n\n\n\n<p>Sin embargo, creemos\nque con tu ayuda, podr\u00edamos tener propuestas o soluciones mucho m\u00e1s creativas y\neficaces.<\/p>\n\n\n\n<p>Creemos en la innovaci\u00f3n y en el trabajo interdisciplinario, creemos en la libertad de la juventud y en la experiencia de los mayores, as\u00ed que te invitamos a que trabajemos juntos para proponer soluciones a los siguientes problemas, que se han visto aumentados por el Covid-19.<\/p>\n\n\n\n<p>Visita <a href=\"http:\/\/www.coaniquem.cl\">www.coaniquem.cl<\/a> <\/p>\n","protected":false},"excerpt":{"rendered":"<p>COANIQUEM es la Corporaci\u00f3n de Ayuda al Ni\u00f1o Quemado. Fue creada hace 41 a\u00f1os y atiende de forma integral y gratuita a m\u00e1s de 8.000 ni\u00f1os al a\u00f1o, de Chile y Latinoam\u00e9rica. Hoy cuenta con 3 Centros: Antofagasta, Puerto Montt y Santiago. Ser\u00e1 en este \u00faltimo Centro donde nos enfocaremos, pero sin duda esperamos que [&hellip;]<\/p>\n","protected":false},"author":9192218,"featured_media":0,"parent":27,"menu_order":0,"comment_status":"closed","ping_status":"closed","template":"","meta":{"footnotes":""},"class_list":["post-242","page","type-page","status-publish","hentry"],"yoast_head":"<!-- This site is optimized with the Yoast SEO plugin v26.9 - https:\/\/yoast.com\/product\/yoast-seo-wordpress\/ -->\n<title>Sobre Coaniquem - Impacto UDD<\/title>\n<meta name=\"robots\" content=\"index, follow, max-snippet:-1, max-image-preview:large, max-video-preview:-1\" \/>\n<link rel=\"canonical\" href=\"https:\/\/ingenieria.udd.cl\/impactoudd\/hackaton-coaniquem\/sobre-coaniquem\/\" \/>\n<meta property=\"og:locale\" content=\"es_ES\" \/>\n<meta property=\"og:type\" content=\"article\" \/>\n<meta property=\"og:title\" content=\"Sobre Coaniquem - Impacto UDD\" \/>\n<meta property=\"og:description\" content=\"COANIQUEM es la Corporaci\u00f3n de Ayuda al Ni\u00f1o Quemado. Fue creada hace 41 a\u00f1os y atiende de forma integral y gratuita a m\u00e1s de 8.000 ni\u00f1os al a\u00f1o, de Chile y Latinoam\u00e9rica. Hoy cuenta con 3 Centros: Antofagasta, Puerto Montt y Santiago. Ser\u00e1 en este \u00faltimo Centro donde nos enfocaremos, pero sin duda esperamos que [&hellip;]\" \/>\n<meta property=\"og:url\" content=\"https:\/\/ingenieria.udd.cl\/impactoudd\/hackaton-coaniquem\/sobre-coaniquem\/\" \/>\n<meta property=\"og:site_name\" content=\"Impacto UDD\" \/>\n<meta property=\"article:modified_time\" content=\"2020-10-01T19:47:50+00:00\" \/>\n<meta name=\"twitter:card\" content=\"summary_large_image\" \/>\n<meta name=\"twitter:label1\" content=\"Tiempo de lectura\" \/>\n\t<meta name=\"twitter:data1\" content=\"1 minuto\" \/>\n<script type=\"application\/ld+json\" class=\"yoast-schema-graph\">{\"@context\":\"https:\/\/schema.org\",\"@graph\":[{\"@type\":\"WebPage\",\"@id\":\"https:\/\/ingenieria.udd.cl\/impactoudd\/hackaton-coaniquem\/sobre-coaniquem\/\",\"url\":\"https:\/\/ingenieria.udd.cl\/impactoudd\/hackaton-coaniquem\/sobre-coaniquem\/\",\"name\":\"Sobre Coaniquem - Impacto UDD\",\"isPartOf\":{\"@id\":\"https:\/\/ingenieria.udd.cl\/impactoudd\/#website\"},\"datePublished\":\"2020-10-01T19:46:28+00:00\",\"dateModified\":\"2020-10-01T19:47:50+00:00\",\"breadcrumb\":{\"@id\":\"https:\/\/ingenieria.udd.cl\/impactoudd\/hackaton-coaniquem\/sobre-coaniquem\/#breadcrumb\"},\"inLanguage\":\"es\",\"potentialAction\":[{\"@type\":\"ReadAction\",\"target\":[\"https:\/\/ingenieria.udd.cl\/impactoudd\/hackaton-coaniquem\/sobre-coaniquem\/\"]}]},{\"@type\":\"BreadcrumbList\",\"@id\":\"https:\/\/ingenieria.udd.cl\/impactoudd\/hackaton-coaniquem\/sobre-coaniquem\/#breadcrumb\",\"itemListElement\":[{\"@type\":\"ListItem\",\"position\":1,\"name\":\"Portada\",\"item\":\"https:\/\/ingenieria.udd.cl\/impactoudd\/\"},{\"@type\":\"ListItem\",\"position\":2,\"name\":\"Hackat\u00f3n Coaniquem\",\"item\":\"https:\/\/ingenieria.udd.cl\/impactoudd\/hackaton-coaniquem\/\"},{\"@type\":\"ListItem\",\"position\":3,\"name\":\"Sobre Coaniquem\"}]},{\"@type\":\"WebSite\",\"@id\":\"https:\/\/ingenieria.udd.cl\/impactoudd\/#website\",\"url\":\"https:\/\/ingenieria.udd.cl\/impactoudd\/\",\"name\":\"Impacto UDD\",\"description\":\"Otro sitio m\u00e1s de Ingenieria\",\"inLanguage\":\"es\"}]}<\/script>\n<!-- \/ Yoast SEO plugin. -->","yoast_head_json":{"title":"Sobre Coaniquem - Impacto UDD","robots":{"index":"index","follow":"follow","max-snippet":"max-snippet:-1","max-image-preview":"max-image-preview:large","max-video-preview":"max-video-preview:-1"},"canonical":"https:\/\/ingenieria.udd.cl\/impactoudd\/hackaton-coaniquem\/sobre-coaniquem\/","og_locale":"es_ES","og_type":"article","og_title":"Sobre Coaniquem - Impacto UDD","og_description":"COANIQUEM es la Corporaci\u00f3n de Ayuda al Ni\u00f1o Quemado. Fue creada hace 41 a\u00f1os y atiende de forma integral y gratuita a m\u00e1s de 8.000 ni\u00f1os al a\u00f1o, de Chile y Latinoam\u00e9rica. Hoy cuenta con 3 Centros: Antofagasta, Puerto Montt y Santiago. Ser\u00e1 en este \u00faltimo Centro donde nos enfocaremos, pero sin duda esperamos que [&hellip;]","og_url":"https:\/\/ingenieria.udd.cl\/impactoudd\/hackaton-coaniquem\/sobre-coaniquem\/","og_site_name":"Impacto UDD","article_modified_time":"2020-10-01T19:47:50+00:00","twitter_card":"summary_large_image","twitter_misc":{"Tiempo de lectura":"1 minuto"},"schema":{"@context":"https:\/\/schema.org","@graph":[{"@type":"WebPage","@id":"https:\/\/ingenieria.udd.cl\/impactoudd\/hackaton-coaniquem\/sobre-coaniquem\/","url":"https:\/\/ingenieria.udd.cl\/impactoudd\/hackaton-coaniquem\/sobre-coaniquem\/","name":"Sobre Coaniquem - Impacto UDD","isPartOf":{"@id":"https:\/\/ingenieria.udd.cl\/impactoudd\/#website"},"datePublished":"2020-10-01T19:46:28+00:00","dateModified":"2020-10-01T19:47:50+00:00","breadcrumb":{"@id":"https:\/\/ingenieria.udd.cl\/impactoudd\/hackaton-coaniquem\/sobre-coaniquem\/#breadcrumb"},"inLanguage":"es","potentialAction":[{"@type":"ReadAction","target":["https:\/\/ingenieria.udd.cl\/impactoudd\/hackaton-coaniquem\/sobre-coaniquem\/"]}]},{"@type":"BreadcrumbList","@id":"https:\/\/ingenieria.udd.cl\/impactoudd\/hackaton-coaniquem\/sobre-coaniquem\/#breadcrumb","itemListElement":[{"@type":"ListItem","position":1,"name":"Portada","item":"https:\/\/ingenieria.udd.cl\/impactoudd\/"},{"@type":"ListItem","position":2,"name":"Hackat\u00f3n Coaniquem","item":"https:\/\/ingenieria.udd.cl\/impactoudd\/hackaton-coaniquem\/"},{"@type":"ListItem","position":3,"name":"Sobre Coaniquem"}]},{"@type":"WebSite","@id":"https:\/\/ingenieria.udd.cl\/impactoudd\/#website","url":"https:\/\/ingenieria.udd.cl\/impactoudd\/","name":"Impacto UDD","description":"Otro sitio m\u00e1s de Ingenieria","inLanguage":"es"}]}},"_links":{"self":[{"href":"https:\/\/ingenieria.udd.cl\/impactoudd\/wp-json\/wp\/v2\/pages\/242","targetHints":{"allow":["GET"]}}],"collection":[{"href":"https:\/\/ingenieria.udd.cl\/impactoudd\/wp-json\/wp\/v2\/pages"}],"about":[{"href":"https:\/\/ingenieria.udd.cl\/impactoudd\/wp-json\/wp\/v2\/types\/page"}],"author":[{"embeddable":true,"href":"https:\/\/ingenieria.udd.cl\/impactoudd\/wp-json\/wp\/v2\/users\/9192218"}],"replies":[{"embeddable":true,"href":"https:\/\/ingenieria.udd.cl\/impactoudd\/wp-json\/wp\/v2\/comments?post=242"}],"version-history":[{"count":3,"href":"https:\/\/ingenieria.udd.cl\/impactoudd\/wp-json\/wp\/v2\/pages\/242\/revisions"}],"predecessor-version":[{"id":246,"href":"https:\/\/ingenieria.udd.cl\/impactoudd\/wp-json\/wp\/v2\/pages\/242\/revisions\/246"}],"up":[{"embeddable":true,"href":"https:\/\/ingenieria.udd.cl\/impactoudd\/wp-json\/wp\/v2\/pages\/27"}],"wp:attachment":[{"href":"https:\/\/ingenieria.udd.cl\/impactoudd\/wp-json\/wp\/v2\/media?parent=242"}],"curies":[{"name":"wp","href":"https:\/\/api.w.org\/{rel}","templated":true}]}}