{"id":27,"date":"2020-09-25T19:00:12","date_gmt":"2020-09-25T17:00:12","guid":{"rendered":"http:\/\/ingenieria.udd.cl\/impactoudd\/?page_id=27"},"modified":"2020-10-01T21:47:54","modified_gmt":"2020-10-01T19:47:54","slug":"hackaton-coaniquem","status":"publish","type":"page","link":"https:\/\/ingenieria.udd.cl\/impactoudd\/hackaton-coaniquem\/","title":{"rendered":"Hackat\u00f3n Coaniquem"},"content":{"rendered":"\n<p>Creemos en la innovaci\u00f3n y en el trabajo interdisciplinario, creemos en la libertad y creatividad de los m\u00e1s j\u00f3venes combinada con la experiencia de los m\u00e1s adultos. Es por eso que te invitamos a trabajar juntos para proponer soluciones a los siguientes problemas, que se han visto aumentados por el Covid-19.<\/p>\n\n\n\n<figure class=\"wp-block-image size-large is-resized\"><img loading=\"lazy\" decoding=\"async\" src=\"https:\/\/ingenieria.udd.cl\/impactoudd\/files\/2020\/10\/logo_hackathon_con_fecha-1024x708.png\" alt=\"\" class=\"wp-image-189\" width=\"768\" height=\"531\" srcset=\"https:\/\/ingenieria.udd.cl\/impactoudd\/files\/2020\/10\/logo_hackathon_con_fecha-1024x708.png 1024w, https:\/\/ingenieria.udd.cl\/impactoudd\/files\/2020\/10\/logo_hackathon_con_fecha-300x207.png 300w, https:\/\/ingenieria.udd.cl\/impactoudd\/files\/2020\/10\/logo_hackathon_con_fecha-768x531.png 768w, https:\/\/ingenieria.udd.cl\/impactoudd\/files\/2020\/10\/logo_hackathon_con_fecha-1536x1062.png 1536w, https:\/\/ingenieria.udd.cl\/impactoudd\/files\/2020\/10\/logo_hackathon_con_fecha-2048x1416.png 2048w\" sizes=\"auto, (max-width: 768px) 100vw, 768px\" \/><\/figure>\n\n\n\n<p>La pandemia por Covid-19, ha retado al mundo a tener que usar su creatividad para generar una nueva forma de hacer las cosas. Para COANIQUEM no ha sido diferente y han tenido que ser proactivos y creativos para enfrentar esta nueva realidad y continuar apoyando a los ni\u00f1os y j\u00f3venes que necesitan del tratamiento de sus quemaduras.<\/p>\n\n\n\n<p>Junto a la Fundaci\u00f3n COANIQUEM Avances Tecnol\u00f3gicos desde ImpactoUDD de la Facultad de Ingenier\u00eda, dise\u00f1amos esta HACKATHON para que durante dos d\u00edas estudiantes universitarios de la UDD puedan trabajar de manera integrada con integrantes del equipo de COANIQUEM en la propuesta de soluciones para algunos de los problemas del Centro de Rehabilitaci\u00f3n de Pudahuel.<\/p>\n\n\n\n<p>Los d\u00edas 5 y 6 de agosto, a trav\u00e9s de la movilizaci\u00f3n de procesos de innovaci\u00f3n, herramientas de ideaci\u00f3n y prototipado, estar\u00e1n trabajando en equipo, interdisciplinarios de manera remota desde tu casa, y aportando a la mejora de procesos dentro del centro de rehabilitaci\u00f3n.<\/p>\n\n\n\n<p>Para ello, contar\u00e1s con mentores-facilitadores, charlas de expertos y talleres que te ayudar\u00e1n en la propuesta de soluci\u00f3n.<\/p>\n\n\n\n<ul class=\"wp-block-list\"><li><a href=\"https:\/\/docs.google.com\/presentation\/d\/1JtlAe1PTdP6zpOfqJQ0d12pSzQ8hvSdAux9z8G5tcnc\/edit?usp=sharing\">Descarga el KIT DE PARTICIPANTE <\/a><\/li><li><a href=\"https:\/\/www.youtube.com\/channel\/UC3mJxVsOssR_ybT5dD7Mq9A\">Revive la transmisi\u00f3n en vivo en nuestro canal de Youtube<\/a><\/li><\/ul>\n\n\n\n<figure class=\"wp-block-image size-large is-resized\"><img loading=\"lazy\" decoding=\"async\" src=\"https:\/\/ingenieria.udd.cl\/impactoudd\/files\/2020\/10\/resultados-845x1024.jpeg\" alt=\"\" class=\"wp-image-195\" width=\"423\" height=\"512\" srcset=\"https:\/\/ingenieria.udd.cl\/impactoudd\/files\/2020\/10\/resultados-845x1024.jpeg 845w, https:\/\/ingenieria.udd.cl\/impactoudd\/files\/2020\/10\/resultados-248x300.jpeg 248w, https:\/\/ingenieria.udd.cl\/impactoudd\/files\/2020\/10\/resultados-768x931.jpeg 768w, https:\/\/ingenieria.udd.cl\/impactoudd\/files\/2020\/10\/resultados.jpeg 1056w\" sizes=\"auto, (max-width: 423px) 100vw, 423px\" \/><\/figure>\n\n\n<!-- WP Block: UDD - Access Image -->\n<section class=\"wp-block-udd-access-image\n has-even-elements js-show-in-modal\">\n\t<div class=\"container\">\n\t\t\t\t<div class=\"block__content\">\n\t\t\t<div class=\"access-images\">\n\t\t\t\t\t\t\t<div class=\"access-image-wrapper\">\n\t\t\t\t\t<a href=\"https:\/\/ingenieria.udd.cl\/impactoudd\/hackaton-coaniquem\/problematicas\/\" data-url=\"https:\/\/ingenieria.udd.cl\/impactoudd\/hackaton-coaniquem\/problematicas\/\" class=\"access-image\">\n\t\t\t\t\t<img loading=\"lazy\" decoding=\"async\" width=\"680\" height=\"382\" src=\"https:\/\/ingenieria.udd.cl\/impactoudd\/files\/2020\/10\/dsc_5037-680x382-1-300x169.jpg\" class=\"access-image__image lazyload\" alt=\"\" sizes=\"auto, (max-width: 680px) 100vw, 680px\" data-src=\"https:\/\/ingenieria.udd.cl\/impactoudd\/files\/2020\/10\/dsc_5037-680x382-1.jpg\" data-srcset=\"https:\/\/ingenieria.udd.cl\/impactoudd\/files\/2020\/10\/dsc_5037-680x382-1.jpg 680w, https:\/\/ingenieria.udd.cl\/impactoudd\/files\/2020\/10\/dsc_5037-680x382-1-300x169.jpg 300w\" \/>\t\t\t\t\t\t<div class=\"access-image__content\">\n\t\t\t\t\t\t\t<h3 class=\"access-image__title\">Problem\u00e1ticas<\/h3>\n\t\t\t\t\t\t\t<span class=\"access-image__action\">Conocer m\u00e1s<\/span>\n\t\t\t\t\t\t<\/div>\n\t\t\t\t\t<\/a>\n\t\t\t\t<\/div>\n\t\t\t\t\t\t\t<div class=\"access-image-wrapper\">\n\t\t\t\t\t<a href=\"https:\/\/ingenieria.udd.cl\/impactoudd\/hackaton-coaniquem\/agenda\/\" data-url=\"https:\/\/ingenieria.udd.cl\/impactoudd\/hackaton-coaniquem\/agenda\/\" class=\"access-image\">\n\t\t\t\t\t<img loading=\"lazy\" decoding=\"async\" width=\"680\" height=\"382\" src=\"https:\/\/ingenieria.udd.cl\/impactoudd\/files\/2020\/10\/logo_hackathon_con_fecha-680x382-1-300x169.png\" class=\"access-image__image lazyload\" alt=\"\" sizes=\"auto, (max-width: 680px) 100vw, 680px\" data-src=\"https:\/\/ingenieria.udd.cl\/impactoudd\/files\/2020\/10\/logo_hackathon_con_fecha-680x382-1.png\" data-srcset=\"https:\/\/ingenieria.udd.cl\/impactoudd\/files\/2020\/10\/logo_hackathon_con_fecha-680x382-1.png 680w, https:\/\/ingenieria.udd.cl\/impactoudd\/files\/2020\/10\/logo_hackathon_con_fecha-680x382-1-300x169.png 300w\" \/>\t\t\t\t\t\t<div class=\"access-image__content\">\n\t\t\t\t\t\t\t<h3 class=\"access-image__title\">Agenda<\/h3>\n\t\t\t\t\t\t\t<span class=\"access-image__action\">Conocer m\u00e1s<\/span>\n\t\t\t\t\t\t<\/div>\n\t\t\t\t\t<\/a>\n\t\t\t\t<\/div>\n\t\t\t\t\t\t\t<div class=\"access-image-wrapper\">\n\t\t\t\t\t<a href=\"https:\/\/ingenieria.udd.cl\/impactoudd\/hackaton-coaniquem\/metodologia-jurado-y-premiacion\/\" data-url=\"https:\/\/ingenieria.udd.cl\/impactoudd\/hackaton-coaniquem\/metodologia-jurado-y-premiacion\/\" class=\"access-image\">\n\t\t\t\t\t<img loading=\"lazy\" decoding=\"async\" width=\"680\" height=\"382\" src=\"https:\/\/ingenieria.udd.cl\/impactoudd\/files\/2020\/10\/dsc_4965-680x382-1-300x169.jpg\" class=\"access-image__image lazyload\" alt=\"\" sizes=\"auto, (max-width: 680px) 100vw, 680px\" data-src=\"https:\/\/ingenieria.udd.cl\/impactoudd\/files\/2020\/10\/dsc_4965-680x382-1.jpg\" data-srcset=\"https:\/\/ingenieria.udd.cl\/impactoudd\/files\/2020\/10\/dsc_4965-680x382-1.jpg 680w, https:\/\/ingenieria.udd.cl\/impactoudd\/files\/2020\/10\/dsc_4965-680x382-1-300x169.jpg 300w\" \/>\t\t\t\t\t\t<div class=\"access-image__content\">\n\t\t\t\t\t\t\t<h3 class=\"access-image__title\">Metodolog\u00eda, Jurado y Premiaci\u00f3n<\/h3>\n\t\t\t\t\t\t\t<span class=\"access-image__action\">Conocer m\u00e1s<\/span>\n\t\t\t\t\t\t<\/div>\n\t\t\t\t\t<\/a>\n\t\t\t\t<\/div>\n\t\t\t\t\t\t\t<div class=\"access-image-wrapper\">\n\t\t\t\t\t<a href=\"https:\/\/ingenieria.udd.cl\/impactoudd\/hackaton-coaniquem\/sobre-coaniquem\/\" data-url=\"https:\/\/ingenieria.udd.cl\/impactoudd\/hackaton-coaniquem\/sobre-coaniquem\/\" class=\"access-image\">\n\t\t\t\t\t<img loading=\"lazy\" decoding=\"async\" width=\"680\" height=\"382\" src=\"https:\/\/ingenieria.udd.cl\/impactoudd\/files\/2020\/10\/dsc_5126-680x382-1-300x169.jpg\" class=\"access-image__image lazyload\" alt=\"\" sizes=\"auto, (max-width: 680px) 100vw, 680px\" data-src=\"https:\/\/ingenieria.udd.cl\/impactoudd\/files\/2020\/10\/dsc_5126-680x382-1.jpg\" data-srcset=\"https:\/\/ingenieria.udd.cl\/impactoudd\/files\/2020\/10\/dsc_5126-680x382-1.jpg 680w, https:\/\/ingenieria.udd.cl\/impactoudd\/files\/2020\/10\/dsc_5126-680x382-1-300x169.jpg 300w\" \/>\t\t\t\t\t\t<div class=\"access-image__content\">\n\t\t\t\t\t\t\t<h3 class=\"access-image__title\">Sobre Coaniquem<\/h3>\n\t\t\t\t\t\t\t<span class=\"access-image__action\">Conocer m\u00e1s<\/span>\n\t\t\t\t\t\t<\/div>\n\t\t\t\t\t<\/a>\n\t\t\t\t<\/div>\n\t\t\t\t\t<\/div>\n\t<\/div>\n<\/section>\n\n\n\n<p><\/p>\n","protected":false},"excerpt":{"rendered":"<p>Creemos en la innovaci\u00f3n y en el trabajo interdisciplinario, creemos en la libertad y creatividad de los m\u00e1s j\u00f3venes combinada con la experiencia de los m\u00e1s adultos. Es por eso que te invitamos a trabajar juntos para proponer soluciones a los siguientes problemas, que se han visto aumentados por el Covid-19. La pandemia por Covid-19, [&hellip;]<\/p>\n","protected":false},"author":9192218,"featured_media":0,"parent":0,"menu_order":0,"comment_status":"closed","ping_status":"closed","template":"","meta":{"footnotes":""},"class_list":["post-27","page","type-page","status-publish","hentry"],"yoast_head":"<!-- This site is optimized with the Yoast SEO plugin v26.9 - https:\/\/yoast.com\/product\/yoast-seo-wordpress\/ -->\n<title>Hackat\u00f3n Coaniquem - Impacto UDD<\/title>\n<meta name=\"robots\" content=\"index, follow, max-snippet:-1, max-image-preview:large, max-video-preview:-1\" \/>\n<link rel=\"canonical\" href=\"https:\/\/ingenieria.udd.cl\/impactoudd\/hackaton-coaniquem\/\" \/>\n<meta property=\"og:locale\" content=\"es_ES\" \/>\n<meta property=\"og:type\" content=\"article\" \/>\n<meta property=\"og:title\" content=\"Hackat\u00f3n Coaniquem - Impacto UDD\" \/>\n<meta property=\"og:description\" content=\"Creemos en la innovaci\u00f3n y en el trabajo interdisciplinario, creemos en la libertad y creatividad de los m\u00e1s j\u00f3venes combinada con la experiencia de los m\u00e1s adultos. Es por eso que te invitamos a trabajar juntos para proponer soluciones a los siguientes problemas, que se han visto aumentados por el Covid-19. La pandemia por Covid-19, [&hellip;]\" \/>\n<meta property=\"og:url\" content=\"https:\/\/ingenieria.udd.cl\/impactoudd\/hackaton-coaniquem\/\" \/>\n<meta property=\"og:site_name\" content=\"Impacto UDD\" \/>\n<meta property=\"article:modified_time\" content=\"2020-10-01T19:47:54+00:00\" \/>\n<meta property=\"og:image\" content=\"https:\/\/ingenieria.udd.cl\/impactoudd\/files\/2020\/10\/logo_hackathon_con_fecha-1024x708.png\" \/>\n<meta name=\"twitter:card\" content=\"summary_large_image\" \/>\n<meta name=\"twitter:label1\" content=\"Tiempo de lectura\" \/>\n\t<meta name=\"twitter:data1\" content=\"1 minuto\" \/>\n<script type=\"application\/ld+json\" class=\"yoast-schema-graph\">{\"@context\":\"https:\/\/schema.org\",\"@graph\":[{\"@type\":\"WebPage\",\"@id\":\"https:\/\/ingenieria.udd.cl\/impactoudd\/hackaton-coaniquem\/\",\"url\":\"https:\/\/ingenieria.udd.cl\/impactoudd\/hackaton-coaniquem\/\",\"name\":\"Hackat\u00f3n Coaniquem - Impacto UDD\",\"isPartOf\":{\"@id\":\"https:\/\/ingenieria.udd.cl\/impactoudd\/#website\"},\"primaryImageOfPage\":{\"@id\":\"https:\/\/ingenieria.udd.cl\/impactoudd\/hackaton-coaniquem\/#primaryimage\"},\"image\":{\"@id\":\"https:\/\/ingenieria.udd.cl\/impactoudd\/hackaton-coaniquem\/#primaryimage\"},\"thumbnailUrl\":\"https:\/\/ingenieria.udd.cl\/impactoudd\/files\/2020\/10\/logo_hackathon_con_fecha-1024x708.png\",\"datePublished\":\"2020-09-25T17:00:12+00:00\",\"dateModified\":\"2020-10-01T19:47:54+00:00\",\"breadcrumb\":{\"@id\":\"https:\/\/ingenieria.udd.cl\/impactoudd\/hackaton-coaniquem\/#breadcrumb\"},\"inLanguage\":\"es\",\"potentialAction\":[{\"@type\":\"ReadAction\",\"target\":[\"https:\/\/ingenieria.udd.cl\/impactoudd\/hackaton-coaniquem\/\"]}]},{\"@type\":\"ImageObject\",\"inLanguage\":\"es\",\"@id\":\"https:\/\/ingenieria.udd.cl\/impactoudd\/hackaton-coaniquem\/#primaryimage\",\"url\":\"https:\/\/ingenieria.udd.cl\/impactoudd\/files\/2020\/10\/logo_hackathon_con_fecha.png\",\"contentUrl\":\"https:\/\/ingenieria.udd.cl\/impactoudd\/files\/2020\/10\/logo_hackathon_con_fecha.png\",\"width\":4220,\"height\":2918},{\"@type\":\"BreadcrumbList\",\"@id\":\"https:\/\/ingenieria.udd.cl\/impactoudd\/hackaton-coaniquem\/#breadcrumb\",\"itemListElement\":[{\"@type\":\"ListItem\",\"position\":1,\"name\":\"Portada\",\"item\":\"https:\/\/ingenieria.udd.cl\/impactoudd\/\"},{\"@type\":\"ListItem\",\"position\":2,\"name\":\"Hackat\u00f3n Coaniquem\"}]},{\"@type\":\"WebSite\",\"@id\":\"https:\/\/ingenieria.udd.cl\/impactoudd\/#website\",\"url\":\"https:\/\/ingenieria.udd.cl\/impactoudd\/\",\"name\":\"Impacto UDD\",\"description\":\"Otro sitio m\u00e1s de Ingenieria\",\"inLanguage\":\"es\"}]}<\/script>\n<!-- \/ Yoast SEO plugin. -->","yoast_head_json":{"title":"Hackat\u00f3n Coaniquem - Impacto UDD","robots":{"index":"index","follow":"follow","max-snippet":"max-snippet:-1","max-image-preview":"max-image-preview:large","max-video-preview":"max-video-preview:-1"},"canonical":"https:\/\/ingenieria.udd.cl\/impactoudd\/hackaton-coaniquem\/","og_locale":"es_ES","og_type":"article","og_title":"Hackat\u00f3n Coaniquem - Impacto UDD","og_description":"Creemos en la innovaci\u00f3n y en el trabajo interdisciplinario, creemos en la libertad y creatividad de los m\u00e1s j\u00f3venes combinada con la experiencia de los m\u00e1s adultos. Es por eso que te invitamos a trabajar juntos para proponer soluciones a los siguientes problemas, que se han visto aumentados por el Covid-19. La pandemia por Covid-19, [&hellip;]","og_url":"https:\/\/ingenieria.udd.cl\/impactoudd\/hackaton-coaniquem\/","og_site_name":"Impacto UDD","article_modified_time":"2020-10-01T19:47:54+00:00","og_image":[{"url":"https:\/\/ingenieria.udd.cl\/impactoudd\/files\/2020\/10\/logo_hackathon_con_fecha-1024x708.png","type":"","width":"","height":""}],"twitter_card":"summary_large_image","twitter_misc":{"Tiempo de lectura":"1 minuto"},"schema":{"@context":"https:\/\/schema.org","@graph":[{"@type":"WebPage","@id":"https:\/\/ingenieria.udd.cl\/impactoudd\/hackaton-coaniquem\/","url":"https:\/\/ingenieria.udd.cl\/impactoudd\/hackaton-coaniquem\/","name":"Hackat\u00f3n Coaniquem - Impacto UDD","isPartOf":{"@id":"https:\/\/ingenieria.udd.cl\/impactoudd\/#website"},"primaryImageOfPage":{"@id":"https:\/\/ingenieria.udd.cl\/impactoudd\/hackaton-coaniquem\/#primaryimage"},"image":{"@id":"https:\/\/ingenieria.udd.cl\/impactoudd\/hackaton-coaniquem\/#primaryimage"},"thumbnailUrl":"https:\/\/ingenieria.udd.cl\/impactoudd\/files\/2020\/10\/logo_hackathon_con_fecha-1024x708.png","datePublished":"2020-09-25T17:00:12+00:00","dateModified":"2020-10-01T19:47:54+00:00","breadcrumb":{"@id":"https:\/\/ingenieria.udd.cl\/impactoudd\/hackaton-coaniquem\/#breadcrumb"},"inLanguage":"es","potentialAction":[{"@type":"ReadAction","target":["https:\/\/ingenieria.udd.cl\/impactoudd\/hackaton-coaniquem\/"]}]},{"@type":"ImageObject","inLanguage":"es","@id":"https:\/\/ingenieria.udd.cl\/impactoudd\/hackaton-coaniquem\/#primaryimage","url":"https:\/\/ingenieria.udd.cl\/impactoudd\/files\/2020\/10\/logo_hackathon_con_fecha.png","contentUrl":"https:\/\/ingenieria.udd.cl\/impactoudd\/files\/2020\/10\/logo_hackathon_con_fecha.png","width":4220,"height":2918},{"@type":"BreadcrumbList","@id":"https:\/\/ingenieria.udd.cl\/impactoudd\/hackaton-coaniquem\/#breadcrumb","itemListElement":[{"@type":"ListItem","position":1,"name":"Portada","item":"https:\/\/ingenieria.udd.cl\/impactoudd\/"},{"@type":"ListItem","position":2,"name":"Hackat\u00f3n Coaniquem"}]},{"@type":"WebSite","@id":"https:\/\/ingenieria.udd.cl\/impactoudd\/#website","url":"https:\/\/ingenieria.udd.cl\/impactoudd\/","name":"Impacto UDD","description":"Otro sitio m\u00e1s de Ingenieria","inLanguage":"es"}]}},"_links":{"self":[{"href":"https:\/\/ingenieria.udd.cl\/impactoudd\/wp-json\/wp\/v2\/pages\/27","targetHints":{"allow":["GET"]}}],"collection":[{"href":"https:\/\/ingenieria.udd.cl\/impactoudd\/wp-json\/wp\/v2\/pages"}],"about":[{"href":"https:\/\/ingenieria.udd.cl\/impactoudd\/wp-json\/wp\/v2\/types\/page"}],"author":[{"embeddable":true,"href":"https:\/\/ingenieria.udd.cl\/impactoudd\/wp-json\/wp\/v2\/users\/9192218"}],"replies":[{"embeddable":true,"href":"https:\/\/ingenieria.udd.cl\/impactoudd\/wp-json\/wp\/v2\/comments?post=27"}],"version-history":[{"count":13,"href":"https:\/\/ingenieria.udd.cl\/impactoudd\/wp-json\/wp\/v2\/pages\/27\/revisions"}],"predecessor-version":[{"id":244,"href":"https:\/\/ingenieria.udd.cl\/impactoudd\/wp-json\/wp\/v2\/pages\/27\/revisions\/244"}],"wp:attachment":[{"href":"https:\/\/ingenieria.udd.cl\/impactoudd\/wp-json\/wp\/v2\/media?parent=27"}],"curies":[{"name":"wp","href":"https:\/\/api.w.org\/{rel}","templated":true}]}}