{"id":95,"date":"2020-10-01T17:17:14","date_gmt":"2020-10-01T15:17:14","guid":{"rendered":"http:\/\/ingenieria.udd.cl\/impactoudd\/?page_id=95"},"modified":"2022-02-09T17:05:04","modified_gmt":"2022-02-09T16:05:04","slug":"biodigestor-modular-la-pintana","status":"publish","type":"page","link":"https:\/\/ingenieria.udd.cl\/impactoudd\/proyectos\/biodigestor-modular-la-pintana\/","title":{"rendered":"Biodigestor Modular, La Pintana"},"content":{"rendered":"<section class=\"wp-block-udd-text-row block--bg-gray\">\n\t<div class=\"text-row\">\n\t\t<div class=\"text-row__content\">\n\t\t\t<div class=\"text-row__content-inner text\">\n\t\t\t\t\t\t\t\t<h2>Proyecto<\/h2>\n\t\t\t\t\t\t\t\t\n<p class=\"has-medium-font-size\">Implementaci\u00f3n de un sistema de biodigesti\u00f3n de bajo costo para la producci\u00f3n de biog\u00e1s a partir de recursos org\u00e1nicos.&nbsp;<\/p>\n\t\t\t<\/div>\n\t\t<\/div>\n\t\t<div class=\"text-row__media\">\n\t\t\t<img loading=\"lazy\" decoding=\"async\" width=\"750\" height=\"534\" src=\"https:\/\/ingenieria.udd.cl\/impactoudd\/files\/2020\/10\/img_9128-750x534-1-680x382.jpg\" class=\"text-row__media-image lazyload\" alt=\"\" sizes=\"auto, (max-width: 750px) 100vw, 750px\" data-src=\"https:\/\/ingenieria.udd.cl\/impactoudd\/files\/2020\/10\/img_9128-750x534-1.jpg\" data-srcset=\"https:\/\/ingenieria.udd.cl\/impactoudd\/files\/2020\/10\/img_9128-750x534-1.jpg 750w, https:\/\/ingenieria.udd.cl\/impactoudd\/files\/2020\/10\/img_9128-750x534-1-300x214.jpg 300w, https:\/\/ingenieria.udd.cl\/impactoudd\/files\/2020\/10\/img_9128-750x534-1-316x224.jpg 316w, https:\/\/ingenieria.udd.cl\/impactoudd\/files\/2020\/10\/img_9128-750x534-1-286x205.jpg 286w, https:\/\/ingenieria.udd.cl\/impactoudd\/files\/2020\/10\/img_9128-750x534-1-87x62.jpg 87w\" \/>\t\t<\/div>\n\t<\/div>\n<\/section>\n\n\n\n<p><strong>Objetivo: <\/strong>Generar Biogas desde desechos org\u00e1nicos para utilizarlo como combustible<\/p>\n\n\n\n<p><strong>Comunidad: <\/strong>La Pintana<\/p>\n\n\n\n<p><strong>P\u00fablico objetivo<\/strong>: Encargados de \u00e1reas verdes de la Direcci\u00f3n de Gesti\u00f3n Ambiental de la Municipalidad de la Pintana<\/p>\n\n\n\n<p><strong>Socio Estrat\u00e9gico<\/strong>: DIGA &#8211; Direcci\u00f3n de Gesti\u00f3n General de la Municipalidad de La Pintana.<br><\/p>\n\n\n\n<p>Mejora de la gesti\u00f3n de residuos de materia org\u00e1nica en la DIGA. Incorporaci\u00f3n del sistema al EcoTour de la DIGA con fines educativos.&nbsp;<\/p>\n\n\n\n<ul class=\"wp-block-list\"><li>Combinaci\u00f3n de tratamientos comunes en un biodigestor dom\u00e9stico modular.&nbsp;<\/li><li>Representa una alternativa de tratamiento completamente sustentable con recuperaci\u00f3n de valor energ\u00e9tico y de nutrientes.<\/li><\/ul>\n\n\n\n<p><strong>Mentor: <\/strong>Sebasti\u00e1n Guzman, Ingeniero Civil Industrial\u00a0 &#8211; menci\u00f3n medioambiente y energ\u00eda.<\/p>\n\n\n\n<p><strong>Alumnos vinculados:<\/strong><\/p>\n\n\n\n<ul class=\"wp-block-list\"><li>Lucas Linzmayer &#8211; Ingenier\u00eda Civil Industrial<\/li><li>Ignacio Corval\u00e1n &#8211; Ingenier\u00eda Civil Industrial<\/li><li>Victoria Leslye &#8211; Enfermer\u00eda<\/li><li>Benjamin Becerra &#8211; Ingenier\u00eda Civil Plan Com\u00fan<\/li><li>Joaqu\u00edn Vila &#8211; Ingenier\u00eda Civil Industrial<\/li><\/ul>\n\n\n\n<p><strong>Avances 2021:<\/strong><\/p>\n\n\n\n<ul class=\"wp-block-list\"><li>Vac\u00edo del reactor (cosechar fertilizante)<\/li><li>Recolecci\u00f3n de esti\u00e9rcol con Universidad de Chile, facultad de Veterinaria<\/li><li>Ingreso de esti\u00e9rcol de bovino al reactor<\/li><li>Alimentaci\u00f3n con desechos vegetales para funcionamiento<\/li><\/ul>\n\n\n\n<p><strong>Educaci\u00f3n:<\/strong><\/p>\n\n\n\n<ul class=\"wp-block-list\"><li>Capacitaci\u00f3n oficial al personal de la DIGA<\/li><li>Generaci\u00f3n de material audiovisual<\/li><li>Documento de instructivo uso<\/li><li>Capacitaciones individuales Sra Carmen<\/li><li>Definir contenedores para medir alimentaci\u00f3n<\/li><\/ul>\n\n\n\n<p><strong>Prototipo:<\/strong><\/p>\n\n\n\n<ul class=\"wp-block-list\"><li>Reparaciones fugas con silicona y tefl\u00f3n<\/li><li>Nuevo tanque de acumulaci\u00f3n gas<\/li><li>Nuevo sistema de filtros conectado<\/li><li>Nueva llave de agua para fertilizante liquido<\/li><li>Nueva manguera para gas de cocinilla<\/li><\/ul>\n\n\n\n<p><strong>An\u00e1lisis t\u00e9cnico:<\/strong><\/p>\n\n\n\n<ul class=\"wp-block-list\"><li>Toma de muestras<\/li><li>Caracterizaci\u00f3n residuos<\/li><li>Experimento con c\u00e1scara de pl\u00e1tano<\/li><li>An\u00e1lisis s\u00f3lidos totales y vol\u00e1tiles<\/li><li>C\u00e1lculos de par\u00e1metros alimentaci\u00f3n ORL<\/li><li>Uso de Ritter<\/li><\/ul>\n\n\n\n<figure class=\"wp-block-gallery columns-5 is-cropped wp-block-gallery-1 is-layout-flex wp-block-gallery-is-layout-flex\"><ul class=\"blocks-gallery-grid\"><li class=\"blocks-gallery-item\"><figure><img loading=\"lazy\" decoding=\"async\" width=\"768\" height=\"1024\" src=\"https:\/\/ingenieria.udd.cl\/impactoudd\/files\/2022\/02\/IMG_1547-768x1024.jpg\" alt=\"\" data-id=\"1930\" data-link=\"https:\/\/ingenieria.udd.cl\/impactoudd\/proyectos\/biodigestor-modular-la-pintana\/img_1547\/\" class=\"wp-image-1930\" srcset=\"https:\/\/ingenieria.udd.cl\/impactoudd\/files\/2022\/02\/IMG_1547-768x1024.jpg 768w, https:\/\/ingenieria.udd.cl\/impactoudd\/files\/2022\/02\/IMG_1547-225x300.jpg 225w, https:\/\/ingenieria.udd.cl\/impactoudd\/files\/2022\/02\/IMG_1547-1152x1536.jpg 1152w, https:\/\/ingenieria.udd.cl\/impactoudd\/files\/2022\/02\/IMG_1547-1536x2048.jpg 1536w, https:\/\/ingenieria.udd.cl\/impactoudd\/files\/2022\/02\/IMG_1547-scaled.jpg 1920w\" sizes=\"auto, (max-width: 768px) 100vw, 768px\" \/><\/figure><\/li><li class=\"blocks-gallery-item\"><figure><img loading=\"lazy\" decoding=\"async\" width=\"766\" height=\"1024\" src=\"https:\/\/ingenieria.udd.cl\/impactoudd\/files\/2022\/02\/WhatsApp-Image-2021-07-30-at-10.19.12-AM-766x1024.jpeg\" alt=\"\" data-id=\"1929\" data-link=\"https:\/\/ingenieria.udd.cl\/impactoudd\/proyectos\/biodigestor-modular-la-pintana\/whatsapp-image-2021-07-30-at-10-19-12-am\/\" class=\"wp-image-1929\" srcset=\"https:\/\/ingenieria.udd.cl\/impactoudd\/files\/2022\/02\/WhatsApp-Image-2021-07-30-at-10.19.12-AM-766x1024.jpeg 766w, https:\/\/ingenieria.udd.cl\/impactoudd\/files\/2022\/02\/WhatsApp-Image-2021-07-30-at-10.19.12-AM-225x300.jpeg 225w, https:\/\/ingenieria.udd.cl\/impactoudd\/files\/2022\/02\/WhatsApp-Image-2021-07-30-at-10.19.12-AM-768x1026.jpeg 768w, https:\/\/ingenieria.udd.cl\/impactoudd\/files\/2022\/02\/WhatsApp-Image-2021-07-30-at-10.19.12-AM.jpeg 958w\" sizes=\"auto, (max-width: 766px) 100vw, 766px\" \/><\/figure><\/li><li class=\"blocks-gallery-item\"><figure><img loading=\"lazy\" decoding=\"async\" width=\"768\" height=\"1024\" src=\"https:\/\/ingenieria.udd.cl\/impactoudd\/files\/2022\/02\/IMG_0857-768x1024.jpg\" alt=\"\" data-id=\"1932\" data-full-url=\"https:\/\/ingenieria.udd.cl\/impactoudd\/files\/2022\/02\/IMG_0857-scaled.jpg\" data-link=\"https:\/\/ingenieria.udd.cl\/impactoudd\/proyectos\/biodigestor-modular-la-pintana\/img_0857\/\" class=\"wp-image-1932\" srcset=\"https:\/\/ingenieria.udd.cl\/impactoudd\/files\/2022\/02\/IMG_0857-768x1024.jpg 768w, https:\/\/ingenieria.udd.cl\/impactoudd\/files\/2022\/02\/IMG_0857-225x300.jpg 225w, https:\/\/ingenieria.udd.cl\/impactoudd\/files\/2022\/02\/IMG_0857-1152x1536.jpg 1152w, https:\/\/ingenieria.udd.cl\/impactoudd\/files\/2022\/02\/IMG_0857-1536x2048.jpg 1536w, https:\/\/ingenieria.udd.cl\/impactoudd\/files\/2022\/02\/IMG_0857-scaled.jpg 1920w\" sizes=\"auto, (max-width: 768px) 100vw, 768px\" \/><\/figure><\/li><li class=\"blocks-gallery-item\"><figure><img loading=\"lazy\" decoding=\"async\" width=\"768\" height=\"1024\" src=\"https:\/\/ingenieria.udd.cl\/impactoudd\/files\/2022\/02\/IMG_1544-768x1024.jpg\" alt=\"\" data-id=\"1931\" data-link=\"https:\/\/ingenieria.udd.cl\/impactoudd\/proyectos\/biodigestor-modular-la-pintana\/img_1544\/\" class=\"wp-image-1931\" srcset=\"https:\/\/ingenieria.udd.cl\/impactoudd\/files\/2022\/02\/IMG_1544-768x1024.jpg 768w, https:\/\/ingenieria.udd.cl\/impactoudd\/files\/2022\/02\/IMG_1544-225x300.jpg 225w, https:\/\/ingenieria.udd.cl\/impactoudd\/files\/2022\/02\/IMG_1544-1152x1536.jpg 1152w, https:\/\/ingenieria.udd.cl\/impactoudd\/files\/2022\/02\/IMG_1544-1536x2048.jpg 1536w, https:\/\/ingenieria.udd.cl\/impactoudd\/files\/2022\/02\/IMG_1544-scaled.jpg 1920w\" sizes=\"auto, (max-width: 768px) 100vw, 768px\" \/><\/figure><\/li><li class=\"blocks-gallery-item\"><figure><img loading=\"lazy\" decoding=\"async\" width=\"768\" height=\"1024\" src=\"https:\/\/ingenieria.udd.cl\/impactoudd\/files\/2022\/02\/IMG_0871-768x1024.jpg\" alt=\"\" data-id=\"1933\" data-full-url=\"https:\/\/ingenieria.udd.cl\/impactoudd\/files\/2022\/02\/IMG_0871-scaled.jpg\" data-link=\"https:\/\/ingenieria.udd.cl\/impactoudd\/proyectos\/biodigestor-modular-la-pintana\/img_0871\/\" class=\"wp-image-1933\" srcset=\"https:\/\/ingenieria.udd.cl\/impactoudd\/files\/2022\/02\/IMG_0871-768x1024.jpg 768w, https:\/\/ingenieria.udd.cl\/impactoudd\/files\/2022\/02\/IMG_0871-225x300.jpg 225w, https:\/\/ingenieria.udd.cl\/impactoudd\/files\/2022\/02\/IMG_0871-1152x1536.jpg 1152w, https:\/\/ingenieria.udd.cl\/impactoudd\/files\/2022\/02\/IMG_0871-1536x2048.jpg 1536w, https:\/\/ingenieria.udd.cl\/impactoudd\/files\/2022\/02\/IMG_0871-scaled.jpg 1920w\" sizes=\"auto, (max-width: 768px) 100vw, 768px\" \/><\/figure><\/li><li class=\"blocks-gallery-item\"><figure><img decoding=\"async\" src=\"https:\/\/impacto.udd.cl\/files\/2020\/01\/img_9129-1.jpg\" alt=\"\" data-id=\"77\" data-link=\"https:\/\/impacto.udd.cl\/img_9129-2\/\" class=\"wp-image-77\" \/><\/figure><\/li><li class=\"blocks-gallery-item\"><figure><img decoding=\"async\" src=\"https:\/\/impacto.udd.cl\/files\/2020\/01\/20190828_113727-1-1024x768.jpg\" alt=\"\" data-id=\"59\" data-link=\"https:\/\/impacto.udd.cl\/20190828_113727-2\/\" class=\"wp-image-59\" \/><\/figure><\/li><li class=\"blocks-gallery-item\"><figure><img decoding=\"async\" src=\"https:\/\/impacto.udd.cl\/files\/2020\/01\/20190828_110724-1-768x1024.jpg\" alt=\"\" data-id=\"58\" data-link=\"https:\/\/impacto.udd.cl\/20190828_110724-2\/\" class=\"wp-image-58\" \/><\/figure><\/li><li class=\"blocks-gallery-item\"><figure><img decoding=\"async\" src=\"https:\/\/impacto.udd.cl\/files\/2020\/01\/20190828_125326-1-768x1024.jpg\" alt=\"\" data-id=\"60\" data-link=\"https:\/\/impacto.udd.cl\/20190828_125326-2\/\" class=\"wp-image-60\" \/><\/figure><\/li><li class=\"blocks-gallery-item\"><figure><img decoding=\"async\" src=\"https:\/\/impacto.udd.cl\/files\/2020\/01\/20190904_110320-1-1024x576.jpg\" alt=\"biodigestor\" data-id=\"61\" data-link=\"https:\/\/impacto.udd.cl\/20190904_110320-2\/\" class=\"wp-image-61\" \/><\/figure><\/li><\/ul><\/figure>\n","protected":false},"excerpt":{"rendered":"<p>Objetivo: Generar Biogas desde desechos org\u00e1nicos para utilizarlo como combustible Comunidad: La Pintana P\u00fablico objetivo: Encargados de \u00e1reas verdes de la Direcci\u00f3n de Gesti\u00f3n Ambiental de la Municipalidad de la Pintana Socio Estrat\u00e9gico: DIGA &#8211; Direcci\u00f3n de Gesti\u00f3n General de la Municipalidad de La Pintana. Mejora de la gesti\u00f3n de residuos de materia org\u00e1nica en [&hellip;]<\/p>\n","protected":false},"author":9192223,"featured_media":0,"parent":23,"menu_order":0,"comment_status":"closed","ping_status":"closed","template":"","meta":{"footnotes":""},"class_list":["post-95","page","type-page","status-publish","hentry"],"yoast_head":"<!-- This site is optimized with the Yoast SEO plugin v26.9 - https:\/\/yoast.com\/product\/yoast-seo-wordpress\/ -->\n<title>Biodigestor Modular, La Pintana - Impacto UDD<\/title>\n<meta name=\"robots\" content=\"index, follow, max-snippet:-1, max-image-preview:large, max-video-preview:-1\" \/>\n<link rel=\"canonical\" href=\"https:\/\/ingenieria.udd.cl\/impactoudd\/proyectos\/biodigestor-modular-la-pintana\/\" \/>\n<meta property=\"og:locale\" content=\"es_ES\" \/>\n<meta property=\"og:type\" content=\"article\" \/>\n<meta property=\"og:title\" content=\"Biodigestor Modular, La Pintana - Impacto UDD\" \/>\n<meta property=\"og:description\" content=\"Objetivo: Generar Biogas desde desechos org\u00e1nicos para utilizarlo como combustible Comunidad: La Pintana P\u00fablico objetivo: Encargados de \u00e1reas verdes de la Direcci\u00f3n de Gesti\u00f3n Ambiental de la Municipalidad de la Pintana Socio Estrat\u00e9gico: DIGA &#8211; Direcci\u00f3n de Gesti\u00f3n General de la Municipalidad de La Pintana. Mejora de la gesti\u00f3n de residuos de materia org\u00e1nica en [&hellip;]\" \/>\n<meta property=\"og:url\" content=\"https:\/\/ingenieria.udd.cl\/impactoudd\/proyectos\/biodigestor-modular-la-pintana\/\" \/>\n<meta property=\"og:site_name\" content=\"Impacto UDD\" \/>\n<meta property=\"article:modified_time\" content=\"2022-02-09T16:05:04+00:00\" \/>\n<meta property=\"og:image\" content=\"https:\/\/ingenieria.udd.cl\/impactoudd\/files\/2020\/10\/img_9128-750x534-1.jpg\" \/>\n<meta name=\"twitter:card\" content=\"summary_large_image\" \/>\n<meta name=\"twitter:label1\" content=\"Tiempo de lectura\" \/>\n\t<meta name=\"twitter:data1\" content=\"1 minuto\" \/>\n<script type=\"application\/ld+json\" class=\"yoast-schema-graph\">{\"@context\":\"https:\/\/schema.org\",\"@graph\":[{\"@type\":\"WebPage\",\"@id\":\"https:\/\/ingenieria.udd.cl\/impactoudd\/proyectos\/biodigestor-modular-la-pintana\/\",\"url\":\"https:\/\/ingenieria.udd.cl\/impactoudd\/proyectos\/biodigestor-modular-la-pintana\/\",\"name\":\"Biodigestor Modular, La Pintana - Impacto UDD\",\"isPartOf\":{\"@id\":\"https:\/\/ingenieria.udd.cl\/impactoudd\/#website\"},\"primaryImageOfPage\":{\"@id\":\"https:\/\/ingenieria.udd.cl\/impactoudd\/proyectos\/biodigestor-modular-la-pintana\/#primaryimage\"},\"image\":{\"@id\":\"https:\/\/ingenieria.udd.cl\/impactoudd\/proyectos\/biodigestor-modular-la-pintana\/#primaryimage\"},\"thumbnailUrl\":\"https:\/\/ingenieria.udd.cl\/impactoudd\/files\/2020\/10\/img_9128-750x534-1.jpg\",\"datePublished\":\"2020-10-01T15:17:14+00:00\",\"dateModified\":\"2022-02-09T16:05:04+00:00\",\"breadcrumb\":{\"@id\":\"https:\/\/ingenieria.udd.cl\/impactoudd\/proyectos\/biodigestor-modular-la-pintana\/#breadcrumb\"},\"inLanguage\":\"es\",\"potentialAction\":[{\"@type\":\"ReadAction\",\"target\":[\"https:\/\/ingenieria.udd.cl\/impactoudd\/proyectos\/biodigestor-modular-la-pintana\/\"]}]},{\"@type\":\"ImageObject\",\"inLanguage\":\"es\",\"@id\":\"https:\/\/ingenieria.udd.cl\/impactoudd\/proyectos\/biodigestor-modular-la-pintana\/#primaryimage\",\"url\":\"https:\/\/ingenieria.udd.cl\/impactoudd\/files\/2020\/10\/img_9128-750x534-1.jpg\",\"contentUrl\":\"https:\/\/ingenieria.udd.cl\/impactoudd\/files\/2020\/10\/img_9128-750x534-1.jpg\",\"width\":750,\"height\":534},{\"@type\":\"BreadcrumbList\",\"@id\":\"https:\/\/ingenieria.udd.cl\/impactoudd\/proyectos\/biodigestor-modular-la-pintana\/#breadcrumb\",\"itemListElement\":[{\"@type\":\"ListItem\",\"position\":1,\"name\":\"Portada\",\"item\":\"https:\/\/ingenieria.udd.cl\/impactoudd\/\"},{\"@type\":\"ListItem\",\"position\":2,\"name\":\"Proyectos\",\"item\":\"https:\/\/ingenieria.udd.cl\/impactoudd\/proyectos\/\"},{\"@type\":\"ListItem\",\"position\":3,\"name\":\"Biodigestor Modular, La Pintana\"}]},{\"@type\":\"WebSite\",\"@id\":\"https:\/\/ingenieria.udd.cl\/impactoudd\/#website\",\"url\":\"https:\/\/ingenieria.udd.cl\/impactoudd\/\",\"name\":\"Impacto UDD\",\"description\":\"Otro sitio m\u00e1s de Ingenieria\",\"inLanguage\":\"es\"}]}<\/script>\n<!-- \/ Yoast SEO plugin. -->","yoast_head_json":{"title":"Biodigestor Modular, La Pintana - Impacto UDD","robots":{"index":"index","follow":"follow","max-snippet":"max-snippet:-1","max-image-preview":"max-image-preview:large","max-video-preview":"max-video-preview:-1"},"canonical":"https:\/\/ingenieria.udd.cl\/impactoudd\/proyectos\/biodigestor-modular-la-pintana\/","og_locale":"es_ES","og_type":"article","og_title":"Biodigestor Modular, La Pintana - Impacto UDD","og_description":"Objetivo: Generar Biogas desde desechos org\u00e1nicos para utilizarlo como combustible Comunidad: La Pintana P\u00fablico objetivo: Encargados de \u00e1reas verdes de la Direcci\u00f3n de Gesti\u00f3n Ambiental de la Municipalidad de la Pintana Socio Estrat\u00e9gico: DIGA &#8211; Direcci\u00f3n de Gesti\u00f3n General de la Municipalidad de La Pintana. Mejora de la gesti\u00f3n de residuos de materia org\u00e1nica en [&hellip;]","og_url":"https:\/\/ingenieria.udd.cl\/impactoudd\/proyectos\/biodigestor-modular-la-pintana\/","og_site_name":"Impacto UDD","article_modified_time":"2022-02-09T16:05:04+00:00","og_image":[{"url":"https:\/\/ingenieria.udd.cl\/impactoudd\/files\/2020\/10\/img_9128-750x534-1.jpg","type":"","width":"","height":""}],"twitter_card":"summary_large_image","twitter_misc":{"Tiempo de lectura":"1 minuto"},"schema":{"@context":"https:\/\/schema.org","@graph":[{"@type":"WebPage","@id":"https:\/\/ingenieria.udd.cl\/impactoudd\/proyectos\/biodigestor-modular-la-pintana\/","url":"https:\/\/ingenieria.udd.cl\/impactoudd\/proyectos\/biodigestor-modular-la-pintana\/","name":"Biodigestor Modular, La Pintana - Impacto UDD","isPartOf":{"@id":"https:\/\/ingenieria.udd.cl\/impactoudd\/#website"},"primaryImageOfPage":{"@id":"https:\/\/ingenieria.udd.cl\/impactoudd\/proyectos\/biodigestor-modular-la-pintana\/#primaryimage"},"image":{"@id":"https:\/\/ingenieria.udd.cl\/impactoudd\/proyectos\/biodigestor-modular-la-pintana\/#primaryimage"},"thumbnailUrl":"https:\/\/ingenieria.udd.cl\/impactoudd\/files\/2020\/10\/img_9128-750x534-1.jpg","datePublished":"2020-10-01T15:17:14+00:00","dateModified":"2022-02-09T16:05:04+00:00","breadcrumb":{"@id":"https:\/\/ingenieria.udd.cl\/impactoudd\/proyectos\/biodigestor-modular-la-pintana\/#breadcrumb"},"inLanguage":"es","potentialAction":[{"@type":"ReadAction","target":["https:\/\/ingenieria.udd.cl\/impactoudd\/proyectos\/biodigestor-modular-la-pintana\/"]}]},{"@type":"ImageObject","inLanguage":"es","@id":"https:\/\/ingenieria.udd.cl\/impactoudd\/proyectos\/biodigestor-modular-la-pintana\/#primaryimage","url":"https:\/\/ingenieria.udd.cl\/impactoudd\/files\/2020\/10\/img_9128-750x534-1.jpg","contentUrl":"https:\/\/ingenieria.udd.cl\/impactoudd\/files\/2020\/10\/img_9128-750x534-1.jpg","width":750,"height":534},{"@type":"BreadcrumbList","@id":"https:\/\/ingenieria.udd.cl\/impactoudd\/proyectos\/biodigestor-modular-la-pintana\/#breadcrumb","itemListElement":[{"@type":"ListItem","position":1,"name":"Portada","item":"https:\/\/ingenieria.udd.cl\/impactoudd\/"},{"@type":"ListItem","position":2,"name":"Proyectos","item":"https:\/\/ingenieria.udd.cl\/impactoudd\/proyectos\/"},{"@type":"ListItem","position":3,"name":"Biodigestor Modular, La Pintana"}]},{"@type":"WebSite","@id":"https:\/\/ingenieria.udd.cl\/impactoudd\/#website","url":"https:\/\/ingenieria.udd.cl\/impactoudd\/","name":"Impacto UDD","description":"Otro sitio m\u00e1s de Ingenieria","inLanguage":"es"}]}},"_links":{"self":[{"href":"https:\/\/ingenieria.udd.cl\/impactoudd\/wp-json\/wp\/v2\/pages\/95","targetHints":{"allow":["GET"]}}],"collection":[{"href":"https:\/\/ingenieria.udd.cl\/impactoudd\/wp-json\/wp\/v2\/pages"}],"about":[{"href":"https:\/\/ingenieria.udd.cl\/impactoudd\/wp-json\/wp\/v2\/types\/page"}],"author":[{"embeddable":true,"href":"https:\/\/ingenieria.udd.cl\/impactoudd\/wp-json\/wp\/v2\/users\/9192223"}],"replies":[{"embeddable":true,"href":"https:\/\/ingenieria.udd.cl\/impactoudd\/wp-json\/wp\/v2\/comments?post=95"}],"version-history":[{"count":6,"href":"https:\/\/ingenieria.udd.cl\/impactoudd\/wp-json\/wp\/v2\/pages\/95\/revisions"}],"predecessor-version":[{"id":1936,"href":"https:\/\/ingenieria.udd.cl\/impactoudd\/wp-json\/wp\/v2\/pages\/95\/revisions\/1936"}],"up":[{"embeddable":true,"href":"https:\/\/ingenieria.udd.cl\/impactoudd\/wp-json\/wp\/v2\/pages\/23"}],"wp:attachment":[{"href":"https:\/\/ingenieria.udd.cl\/impactoudd\/wp-json\/wp\/v2\/media?parent=95"}],"curies":[{"name":"wp","href":"https:\/\/api.w.org\/{rel}","templated":true}]}}