{"id":97,"date":"2020-10-01T17:18:29","date_gmt":"2020-10-01T15:18:29","guid":{"rendered":"http:\/\/ingenieria.udd.cl\/impactoudd\/?page_id=97"},"modified":"2022-02-09T16:48:31","modified_gmt":"2022-02-09T15:48:31","slug":"invernaderos-araucania","status":"publish","type":"page","link":"https:\/\/ingenieria.udd.cl\/impactoudd\/proyectos\/invernaderos-araucania\/","title":{"rendered":"PROYECTO FENN &#8211; Lautaro,  Regi\u00f3n de la Araucan\u00eda.  Huertos e invernaderos"},"content":{"rendered":"<section class=\"wp-block-udd-text-row block--bg-gray\">\n\t<div class=\"text-row\">\n\t\t<div class=\"text-row__content\">\n\t\t\t<div class=\"text-row__content-inner text\">\n\t\t\t\t\t\t\t\t<h2>Proyecto<\/h2>\n\t\t\t\t\t\t\t\t\n<p class=\"has-medium-font-size\">Mejoramiento de condiciones de uso de los invernaderos en la comuna de Lautaro, Regi\u00f3n de la Araucan\u00eda&nbsp;<\/p>\n\t\t\t<\/div>\n\t\t<\/div>\n\t\t<div class=\"text-row__media\">\n\t\t\t<img loading=\"lazy\" decoding=\"async\" width=\"680\" height=\"382\" src=\"https:\/\/ingenieria.udd.cl\/impactoudd\/files\/2020\/10\/img_9125-2-680x382-1-300x169.jpg\" class=\"text-row__media-image lazyload\" alt=\"\" sizes=\"auto, (max-width: 680px) 100vw, 680px\" data-src=\"https:\/\/ingenieria.udd.cl\/impactoudd\/files\/2020\/10\/img_9125-2-680x382-1.jpg\" data-srcset=\"https:\/\/ingenieria.udd.cl\/impactoudd\/files\/2020\/10\/img_9125-2-680x382-1.jpg 680w, https:\/\/ingenieria.udd.cl\/impactoudd\/files\/2020\/10\/img_9125-2-680x382-1-300x169.jpg 300w\" \/>\t\t<\/div>\n\t<\/div>\n<\/section>\n\n\n\n<p><strong>Objetivo:<\/strong> Aumentar la productividad de los productores agr\u00edcolas, bajo un modelo de producci\u00f3n hidrop\u00f3nico, ahorrando recursos y evitando malestares f\u00edsicos.&nbsp;<\/p>\n\n\n\n<p><strong>Comunidad:<\/strong> Familias de peque\u00f1os productores agr\u00edcolas de la Asociaci\u00f3n de Campesinos de Lautaro.<\/p>\n\n\n\n<p><strong>P\u00fablico objetivo<\/strong>: adultos mayores \/ peque\u00f1os productores agr\u00edcolas de la Asociaci\u00f3n de Campesinos de Lautaro, Araucan\u00eda.<\/p>\n\n\n\n<p><strong>Socio estrat\u00e9gico: <\/strong>Municipalidad de Lautaro<\/p>\n\n\n\n<p><strong>Descripci\u00f3n: <\/strong><\/p>\n\n\n\n<ul class=\"wp-block-list\"><li>Confecci\u00f3n de prototipo a escala, para luego validar con la comunidad e implementar el proyecto en La Araucan\u00eda<\/li><\/ul>\n\n\n\n<p><strong>Mentor: <\/strong>Marcello Rondanelli, Ingeniero Civil en Obras Civiles.<\/p>\n\n\n\n<p><strong>Alumnos Vinculados:<\/strong><\/p>\n\n\n\n<ul class=\"wp-block-list\"><li>Mart\u00edn Labarca &#8211; Ingenier\u00eda Civil Industrial<\/li><li>Josefina Larrain &#8211; Enfermer\u00eda<\/li><li>Miguel Lorca &#8211; Ingenier\u00eda Civil Industrial<\/li><\/ul>\n\n\n\n<p> <\/p>\n\n\n\n<p><\/p>\n\n\n\n<figure class=\"wp-block-gallery columns-3 is-cropped wp-block-gallery-1 is-layout-flex wp-block-gallery-is-layout-flex\"><ul class=\"blocks-gallery-grid\"><li class=\"blocks-gallery-item\"><figure><img loading=\"lazy\" decoding=\"async\" width=\"1024\" height=\"768\" src=\"https:\/\/ingenieria.udd.cl\/impactoudd\/files\/2022\/02\/WhatsApp-Image-2021-12-29-at-5.02.21-PM-1-1024x768.jpeg\" alt=\"\" data-id=\"1939\" data-link=\"https:\/\/ingenieria.udd.cl\/impactoudd\/proyectos\/invernaderos-araucania\/whatsapp-image-2021-12-29-at-5-02-21-pm-1\/\" class=\"wp-image-1939\" srcset=\"https:\/\/ingenieria.udd.cl\/impactoudd\/files\/2022\/02\/WhatsApp-Image-2021-12-29-at-5.02.21-PM-1-1024x768.jpeg 1024w, https:\/\/ingenieria.udd.cl\/impactoudd\/files\/2022\/02\/WhatsApp-Image-2021-12-29-at-5.02.21-PM-1-300x225.jpeg 300w, https:\/\/ingenieria.udd.cl\/impactoudd\/files\/2022\/02\/WhatsApp-Image-2021-12-29-at-5.02.21-PM-1-768x576.jpeg 768w, https:\/\/ingenieria.udd.cl\/impactoudd\/files\/2022\/02\/WhatsApp-Image-2021-12-29-at-5.02.21-PM-1.jpeg 1280w\" sizes=\"auto, (max-width: 1024px) 100vw, 1024px\" \/><\/figure><\/li><li class=\"blocks-gallery-item\"><figure><img loading=\"lazy\" decoding=\"async\" width=\"768\" height=\"1024\" src=\"https:\/\/ingenieria.udd.cl\/impactoudd\/files\/2022\/02\/WhatsApp-Image-2021-12-29-at-5.02.21-PM-768x1024.jpeg\" alt=\"\" data-id=\"1938\" data-link=\"https:\/\/ingenieria.udd.cl\/impactoudd\/proyectos\/invernaderos-araucania\/whatsapp-image-2021-12-29-at-5-02-21-pm\/\" class=\"wp-image-1938\" srcset=\"https:\/\/ingenieria.udd.cl\/impactoudd\/files\/2022\/02\/WhatsApp-Image-2021-12-29-at-5.02.21-PM-768x1024.jpeg 768w, https:\/\/ingenieria.udd.cl\/impactoudd\/files\/2022\/02\/WhatsApp-Image-2021-12-29-at-5.02.21-PM-225x300.jpeg 225w, https:\/\/ingenieria.udd.cl\/impactoudd\/files\/2022\/02\/WhatsApp-Image-2021-12-29-at-5.02.21-PM.jpeg 960w\" sizes=\"auto, (max-width: 768px) 100vw, 768px\" \/><\/figure><\/li><li class=\"blocks-gallery-item\"><figure><img loading=\"lazy\" decoding=\"async\" width=\"1024\" height=\"681\" src=\"https:\/\/ingenieria.udd.cl\/impactoudd\/files\/2022\/02\/DSC_2501-1024x681.jpg\" alt=\"\" data-id=\"1944\" data-full-url=\"https:\/\/ingenieria.udd.cl\/impactoudd\/files\/2022\/02\/DSC_2501-scaled.jpg\" data-link=\"https:\/\/ingenieria.udd.cl\/impactoudd\/proyectos\/invernaderos-araucania\/dsc_2501\/\" class=\"wp-image-1944\" srcset=\"https:\/\/ingenieria.udd.cl\/impactoudd\/files\/2022\/02\/DSC_2501-1024x681.jpg 1024w, https:\/\/ingenieria.udd.cl\/impactoudd\/files\/2022\/02\/DSC_2501-300x200.jpg 300w, https:\/\/ingenieria.udd.cl\/impactoudd\/files\/2022\/02\/DSC_2501-768x511.jpg 768w, https:\/\/ingenieria.udd.cl\/impactoudd\/files\/2022\/02\/DSC_2501-1536x1022.jpg 1536w, https:\/\/ingenieria.udd.cl\/impactoudd\/files\/2022\/02\/DSC_2501-2048x1363.jpg 2048w\" sizes=\"auto, (max-width: 1024px) 100vw, 1024px\" \/><\/figure><\/li><li class=\"blocks-gallery-item\"><figure><img loading=\"lazy\" decoding=\"async\" width=\"1024\" height=\"768\" src=\"https:\/\/ingenieria.udd.cl\/impactoudd\/files\/2020\/10\/20190927_181421-1024x768-2.jpg\" alt=\"\" data-id=\"123\" data-link=\"http:\/\/ingenieria.udd.cl\/impactoudd\/proyectos\/invernaderos-araucania\/20190927_181421-1024x768-2\/\" class=\"wp-image-123\" srcset=\"https:\/\/ingenieria.udd.cl\/impactoudd\/files\/2020\/10\/20190927_181421-1024x768-2.jpg 1024w, https:\/\/ingenieria.udd.cl\/impactoudd\/files\/2020\/10\/20190927_181421-1024x768-2-300x225.jpg 300w, https:\/\/ingenieria.udd.cl\/impactoudd\/files\/2020\/10\/20190927_181421-1024x768-2-768x576.jpg 768w\" sizes=\"auto, (max-width: 1024px) 100vw, 1024px\" \/><\/figure><\/li><li class=\"blocks-gallery-item\"><figure><img loading=\"lazy\" decoding=\"async\" width=\"1024\" height=\"768\" src=\"https:\/\/ingenieria.udd.cl\/impactoudd\/files\/2020\/10\/6cb19788-ff00-451c-8cdb-30bcc40e605c-1024x768.jpg\" alt=\"\" data-id=\"125\" data-link=\"http:\/\/ingenieria.udd.cl\/impactoudd\/proyectos\/invernaderos-araucania\/6cb19788-ff00-451c-8cdb-30bcc40e605c\/\" class=\"wp-image-125\" srcset=\"https:\/\/ingenieria.udd.cl\/impactoudd\/files\/2020\/10\/6cb19788-ff00-451c-8cdb-30bcc40e605c-1024x768.jpg 1024w, https:\/\/ingenieria.udd.cl\/impactoudd\/files\/2020\/10\/6cb19788-ff00-451c-8cdb-30bcc40e605c-300x225.jpg 300w, https:\/\/ingenieria.udd.cl\/impactoudd\/files\/2020\/10\/6cb19788-ff00-451c-8cdb-30bcc40e605c-768x576.jpg 768w, https:\/\/ingenieria.udd.cl\/impactoudd\/files\/2020\/10\/6cb19788-ff00-451c-8cdb-30bcc40e605c.jpg 1280w\" sizes=\"auto, (max-width: 1024px) 100vw, 1024px\" \/><\/figure><\/li><li class=\"blocks-gallery-item\"><figure><img loading=\"lazy\" decoding=\"async\" width=\"1024\" height=\"768\" src=\"https:\/\/ingenieria.udd.cl\/impactoudd\/files\/2020\/10\/20190927_154722-1024x768-1.jpg\" alt=\"\" data-id=\"126\" data-link=\"http:\/\/ingenieria.udd.cl\/impactoudd\/proyectos\/invernaderos-araucania\/20190927_154722-1024x768\/\" class=\"wp-image-126\" srcset=\"https:\/\/ingenieria.udd.cl\/impactoudd\/files\/2020\/10\/20190927_154722-1024x768-1.jpg 1024w, https:\/\/ingenieria.udd.cl\/impactoudd\/files\/2020\/10\/20190927_154722-1024x768-1-300x225.jpg 300w, https:\/\/ingenieria.udd.cl\/impactoudd\/files\/2020\/10\/20190927_154722-1024x768-1-768x576.jpg 768w\" sizes=\"auto, (max-width: 1024px) 100vw, 1024px\" \/><\/figure><\/li><li class=\"blocks-gallery-item\"><figure><img loading=\"lazy\" decoding=\"async\" width=\"1024\" height=\"768\" src=\"https:\/\/ingenieria.udd.cl\/impactoudd\/files\/2020\/10\/ae576391-58b5-4849-b668-9117de5aa8e1-1024x768.jpg\" alt=\"\" data-id=\"127\" data-link=\"http:\/\/ingenieria.udd.cl\/impactoudd\/proyectos\/invernaderos-araucania\/ae576391-58b5-4849-b668-9117de5aa8e1\/\" class=\"wp-image-127\" srcset=\"https:\/\/ingenieria.udd.cl\/impactoudd\/files\/2020\/10\/ae576391-58b5-4849-b668-9117de5aa8e1-1024x768.jpg 1024w, https:\/\/ingenieria.udd.cl\/impactoudd\/files\/2020\/10\/ae576391-58b5-4849-b668-9117de5aa8e1-300x225.jpg 300w, https:\/\/ingenieria.udd.cl\/impactoudd\/files\/2020\/10\/ae576391-58b5-4849-b668-9117de5aa8e1-768x576.jpg 768w, https:\/\/ingenieria.udd.cl\/impactoudd\/files\/2020\/10\/ae576391-58b5-4849-b668-9117de5aa8e1.jpg 1280w\" sizes=\"auto, (max-width: 1024px) 100vw, 1024px\" \/><\/figure><\/li><li class=\"blocks-gallery-item\"><figure><img loading=\"lazy\" decoding=\"async\" width=\"1024\" height=\"768\" src=\"https:\/\/ingenieria.udd.cl\/impactoudd\/files\/2020\/10\/20190926_181359-1-1024x768-1.jpg\" alt=\"\" data-id=\"128\" data-link=\"http:\/\/ingenieria.udd.cl\/impactoudd\/proyectos\/invernaderos-araucania\/20190926_181359-1-1024x768\/\" class=\"wp-image-128\" srcset=\"https:\/\/ingenieria.udd.cl\/impactoudd\/files\/2020\/10\/20190926_181359-1-1024x768-1.jpg 1024w, https:\/\/ingenieria.udd.cl\/impactoudd\/files\/2020\/10\/20190926_181359-1-1024x768-1-300x225.jpg 300w, https:\/\/ingenieria.udd.cl\/impactoudd\/files\/2020\/10\/20190926_181359-1-1024x768-1-768x576.jpg 768w\" sizes=\"auto, (max-width: 1024px) 100vw, 1024px\" \/><\/figure><\/li><li class=\"blocks-gallery-item\"><figure><img loading=\"lazy\" decoding=\"async\" width=\"1024\" height=\"576\" src=\"https:\/\/ingenieria.udd.cl\/impactoudd\/files\/2020\/10\/20190927_102125-1366x768-1-1024x576.jpg\" alt=\"\" data-id=\"129\" data-link=\"http:\/\/ingenieria.udd.cl\/impactoudd\/proyectos\/invernaderos-araucania\/20190927_102125-1366x768\/\" class=\"wp-image-129\" srcset=\"https:\/\/ingenieria.udd.cl\/impactoudd\/files\/2020\/10\/20190927_102125-1366x768-1-1024x576.jpg 1024w, https:\/\/ingenieria.udd.cl\/impactoudd\/files\/2020\/10\/20190927_102125-1366x768-1-300x169.jpg 300w, https:\/\/ingenieria.udd.cl\/impactoudd\/files\/2020\/10\/20190927_102125-1366x768-1-768x432.jpg 768w, https:\/\/ingenieria.udd.cl\/impactoudd\/files\/2020\/10\/20190927_102125-1366x768-1-680x382.jpg 680w, https:\/\/ingenieria.udd.cl\/impactoudd\/files\/2020\/10\/20190927_102125-1366x768-1.jpg 1366w\" sizes=\"auto, (max-width: 1024px) 100vw, 1024px\" \/><\/figure><\/li><li class=\"blocks-gallery-item\"><figure><img loading=\"lazy\" decoding=\"async\" width=\"1024\" height=\"768\" src=\"https:\/\/ingenieria.udd.cl\/impactoudd\/files\/2020\/10\/20190926_162528-1024x768-1.jpg\" alt=\"\" data-id=\"130\" data-link=\"http:\/\/ingenieria.udd.cl\/impactoudd\/proyectos\/invernaderos-araucania\/20190926_162528-1024x768\/\" class=\"wp-image-130\" srcset=\"https:\/\/ingenieria.udd.cl\/impactoudd\/files\/2020\/10\/20190926_162528-1024x768-1.jpg 1024w, https:\/\/ingenieria.udd.cl\/impactoudd\/files\/2020\/10\/20190926_162528-1024x768-1-300x225.jpg 300w, https:\/\/ingenieria.udd.cl\/impactoudd\/files\/2020\/10\/20190926_162528-1024x768-1-768x576.jpg 768w\" sizes=\"auto, (max-width: 1024px) 100vw, 1024px\" \/><\/figure><\/li><li class=\"blocks-gallery-item\"><figure><img loading=\"lazy\" decoding=\"async\" width=\"1024\" height=\"768\" src=\"https:\/\/ingenieria.udd.cl\/impactoudd\/files\/2020\/10\/20190926_181216-1024x768-1.jpg\" alt=\"\" data-id=\"131\" data-link=\"http:\/\/ingenieria.udd.cl\/impactoudd\/proyectos\/invernaderos-araucania\/20190926_181216-1024x768\/\" class=\"wp-image-131\" srcset=\"https:\/\/ingenieria.udd.cl\/impactoudd\/files\/2020\/10\/20190926_181216-1024x768-1.jpg 1024w, https:\/\/ingenieria.udd.cl\/impactoudd\/files\/2020\/10\/20190926_181216-1024x768-1-300x225.jpg 300w, https:\/\/ingenieria.udd.cl\/impactoudd\/files\/2020\/10\/20190926_181216-1024x768-1-768x576.jpg 768w\" sizes=\"auto, (max-width: 1024px) 100vw, 1024px\" \/><\/figure><\/li><li class=\"blocks-gallery-item\"><figure><img loading=\"lazy\" decoding=\"async\" width=\"1024\" height=\"768\" src=\"https:\/\/ingenieria.udd.cl\/impactoudd\/files\/2020\/10\/3104a907-1e53-452b-af70-03afe16e6dbe-1024x768-1.jpg\" alt=\"\" data-id=\"132\" data-link=\"http:\/\/ingenieria.udd.cl\/impactoudd\/proyectos\/invernaderos-araucania\/3104a907-1e53-452b-af70-03afe16e6dbe-1024x768\/\" class=\"wp-image-132\" srcset=\"https:\/\/ingenieria.udd.cl\/impactoudd\/files\/2020\/10\/3104a907-1e53-452b-af70-03afe16e6dbe-1024x768-1.jpg 1024w, https:\/\/ingenieria.udd.cl\/impactoudd\/files\/2020\/10\/3104a907-1e53-452b-af70-03afe16e6dbe-1024x768-1-300x225.jpg 300w, https:\/\/ingenieria.udd.cl\/impactoudd\/files\/2020\/10\/3104a907-1e53-452b-af70-03afe16e6dbe-1024x768-1-768x576.jpg 768w\" sizes=\"auto, (max-width: 1024px) 100vw, 1024px\" \/><\/figure><\/li><\/ul><\/figure>\n","protected":false},"excerpt":{"rendered":"<p>Objetivo: Aumentar la productividad de los productores agr\u00edcolas, bajo un modelo de producci\u00f3n hidrop\u00f3nico, ahorrando recursos y evitando malestares f\u00edsicos.&nbsp; Comunidad: Familias de peque\u00f1os productores agr\u00edcolas de la Asociaci\u00f3n de Campesinos de Lautaro. P\u00fablico objetivo: adultos mayores \/ peque\u00f1os productores agr\u00edcolas de la Asociaci\u00f3n de Campesinos de Lautaro, Araucan\u00eda. Socio estrat\u00e9gico: Municipalidad de Lautaro Descripci\u00f3n: [&hellip;]<\/p>\n","protected":false},"author":9192218,"featured_media":0,"parent":23,"menu_order":0,"comment_status":"closed","ping_status":"closed","template":"","meta":{"footnotes":""},"class_list":["post-97","page","type-page","status-publish","hentry"],"yoast_head":"<!-- This site is optimized with the Yoast SEO plugin v26.9 - https:\/\/yoast.com\/product\/yoast-seo-wordpress\/ -->\n<title>PROYECTO FENN - Lautaro, Regi\u00f3n de la Araucan\u00eda. Huertos e invernaderos - Impacto UDD<\/title>\n<meta name=\"robots\" content=\"index, follow, max-snippet:-1, max-image-preview:large, max-video-preview:-1\" \/>\n<link rel=\"canonical\" href=\"https:\/\/ingenieria.udd.cl\/impactoudd\/proyectos\/invernaderos-araucania\/\" \/>\n<meta property=\"og:locale\" content=\"es_ES\" \/>\n<meta property=\"og:type\" content=\"article\" \/>\n<meta property=\"og:title\" content=\"PROYECTO FENN - Lautaro, Regi\u00f3n de la Araucan\u00eda. Huertos e invernaderos - Impacto UDD\" \/>\n<meta property=\"og:description\" content=\"Objetivo: Aumentar la productividad de los productores agr\u00edcolas, bajo un modelo de producci\u00f3n hidrop\u00f3nico, ahorrando recursos y evitando malestares f\u00edsicos.&nbsp; Comunidad: Familias de peque\u00f1os productores agr\u00edcolas de la Asociaci\u00f3n de Campesinos de Lautaro. P\u00fablico objetivo: adultos mayores \/ peque\u00f1os productores agr\u00edcolas de la Asociaci\u00f3n de Campesinos de Lautaro, Araucan\u00eda. Socio estrat\u00e9gico: Municipalidad de Lautaro Descripci\u00f3n: [&hellip;]\" \/>\n<meta property=\"og:url\" content=\"https:\/\/ingenieria.udd.cl\/impactoudd\/proyectos\/invernaderos-araucania\/\" \/>\n<meta property=\"og:site_name\" content=\"Impacto UDD\" \/>\n<meta property=\"article:modified_time\" content=\"2022-02-09T15:48:31+00:00\" \/>\n<meta property=\"og:image\" content=\"https:\/\/ingenieria.udd.cl\/impactoudd\/files\/2020\/10\/img_9125-2-680x382-1.jpg\" \/>\n<meta name=\"twitter:card\" content=\"summary_large_image\" \/>\n<meta name=\"twitter:label1\" content=\"Tiempo de lectura\" \/>\n\t<meta name=\"twitter:data1\" content=\"1 minuto\" \/>\n<script type=\"application\/ld+json\" class=\"yoast-schema-graph\">{\"@context\":\"https:\/\/schema.org\",\"@graph\":[{\"@type\":\"WebPage\",\"@id\":\"https:\/\/ingenieria.udd.cl\/impactoudd\/proyectos\/invernaderos-araucania\/\",\"url\":\"https:\/\/ingenieria.udd.cl\/impactoudd\/proyectos\/invernaderos-araucania\/\",\"name\":\"PROYECTO FENN - Lautaro, Regi\u00f3n de la Araucan\u00eda. Huertos e invernaderos - Impacto UDD\",\"isPartOf\":{\"@id\":\"https:\/\/ingenieria.udd.cl\/impactoudd\/#website\"},\"primaryImageOfPage\":{\"@id\":\"https:\/\/ingenieria.udd.cl\/impactoudd\/proyectos\/invernaderos-araucania\/#primaryimage\"},\"image\":{\"@id\":\"https:\/\/ingenieria.udd.cl\/impactoudd\/proyectos\/invernaderos-araucania\/#primaryimage\"},\"thumbnailUrl\":\"https:\/\/ingenieria.udd.cl\/impactoudd\/files\/2020\/10\/img_9125-2-680x382-1.jpg\",\"datePublished\":\"2020-10-01T15:18:29+00:00\",\"dateModified\":\"2022-02-09T15:48:31+00:00\",\"breadcrumb\":{\"@id\":\"https:\/\/ingenieria.udd.cl\/impactoudd\/proyectos\/invernaderos-araucania\/#breadcrumb\"},\"inLanguage\":\"es\",\"potentialAction\":[{\"@type\":\"ReadAction\",\"target\":[\"https:\/\/ingenieria.udd.cl\/impactoudd\/proyectos\/invernaderos-araucania\/\"]}]},{\"@type\":\"ImageObject\",\"inLanguage\":\"es\",\"@id\":\"https:\/\/ingenieria.udd.cl\/impactoudd\/proyectos\/invernaderos-araucania\/#primaryimage\",\"url\":\"https:\/\/ingenieria.udd.cl\/impactoudd\/files\/2020\/10\/img_9125-2-680x382-1.jpg\",\"contentUrl\":\"https:\/\/ingenieria.udd.cl\/impactoudd\/files\/2020\/10\/img_9125-2-680x382-1.jpg\",\"width\":680,\"height\":382},{\"@type\":\"BreadcrumbList\",\"@id\":\"https:\/\/ingenieria.udd.cl\/impactoudd\/proyectos\/invernaderos-araucania\/#breadcrumb\",\"itemListElement\":[{\"@type\":\"ListItem\",\"position\":1,\"name\":\"Portada\",\"item\":\"https:\/\/ingenieria.udd.cl\/impactoudd\/\"},{\"@type\":\"ListItem\",\"position\":2,\"name\":\"Proyectos\",\"item\":\"https:\/\/ingenieria.udd.cl\/impactoudd\/proyectos\/\"},{\"@type\":\"ListItem\",\"position\":3,\"name\":\"PROYECTO FENN &#8211; Lautaro, Regi\u00f3n de la Araucan\u00eda. Huertos e invernaderos\"}]},{\"@type\":\"WebSite\",\"@id\":\"https:\/\/ingenieria.udd.cl\/impactoudd\/#website\",\"url\":\"https:\/\/ingenieria.udd.cl\/impactoudd\/\",\"name\":\"Impacto UDD\",\"description\":\"Otro sitio m\u00e1s de Ingenieria\",\"inLanguage\":\"es\"}]}<\/script>\n<!-- \/ Yoast SEO plugin. -->","yoast_head_json":{"title":"PROYECTO FENN - Lautaro, Regi\u00f3n de la Araucan\u00eda. Huertos e invernaderos - Impacto UDD","robots":{"index":"index","follow":"follow","max-snippet":"max-snippet:-1","max-image-preview":"max-image-preview:large","max-video-preview":"max-video-preview:-1"},"canonical":"https:\/\/ingenieria.udd.cl\/impactoudd\/proyectos\/invernaderos-araucania\/","og_locale":"es_ES","og_type":"article","og_title":"PROYECTO FENN - Lautaro, Regi\u00f3n de la Araucan\u00eda. Huertos e invernaderos - Impacto UDD","og_description":"Objetivo: Aumentar la productividad de los productores agr\u00edcolas, bajo un modelo de producci\u00f3n hidrop\u00f3nico, ahorrando recursos y evitando malestares f\u00edsicos.&nbsp; Comunidad: Familias de peque\u00f1os productores agr\u00edcolas de la Asociaci\u00f3n de Campesinos de Lautaro. P\u00fablico objetivo: adultos mayores \/ peque\u00f1os productores agr\u00edcolas de la Asociaci\u00f3n de Campesinos de Lautaro, Araucan\u00eda. Socio estrat\u00e9gico: Municipalidad de Lautaro Descripci\u00f3n: [&hellip;]","og_url":"https:\/\/ingenieria.udd.cl\/impactoudd\/proyectos\/invernaderos-araucania\/","og_site_name":"Impacto UDD","article_modified_time":"2022-02-09T15:48:31+00:00","og_image":[{"url":"https:\/\/ingenieria.udd.cl\/impactoudd\/files\/2020\/10\/img_9125-2-680x382-1.jpg","type":"","width":"","height":""}],"twitter_card":"summary_large_image","twitter_misc":{"Tiempo de lectura":"1 minuto"},"schema":{"@context":"https:\/\/schema.org","@graph":[{"@type":"WebPage","@id":"https:\/\/ingenieria.udd.cl\/impactoudd\/proyectos\/invernaderos-araucania\/","url":"https:\/\/ingenieria.udd.cl\/impactoudd\/proyectos\/invernaderos-araucania\/","name":"PROYECTO FENN - Lautaro, Regi\u00f3n de la Araucan\u00eda. Huertos e invernaderos - Impacto UDD","isPartOf":{"@id":"https:\/\/ingenieria.udd.cl\/impactoudd\/#website"},"primaryImageOfPage":{"@id":"https:\/\/ingenieria.udd.cl\/impactoudd\/proyectos\/invernaderos-araucania\/#primaryimage"},"image":{"@id":"https:\/\/ingenieria.udd.cl\/impactoudd\/proyectos\/invernaderos-araucania\/#primaryimage"},"thumbnailUrl":"https:\/\/ingenieria.udd.cl\/impactoudd\/files\/2020\/10\/img_9125-2-680x382-1.jpg","datePublished":"2020-10-01T15:18:29+00:00","dateModified":"2022-02-09T15:48:31+00:00","breadcrumb":{"@id":"https:\/\/ingenieria.udd.cl\/impactoudd\/proyectos\/invernaderos-araucania\/#breadcrumb"},"inLanguage":"es","potentialAction":[{"@type":"ReadAction","target":["https:\/\/ingenieria.udd.cl\/impactoudd\/proyectos\/invernaderos-araucania\/"]}]},{"@type":"ImageObject","inLanguage":"es","@id":"https:\/\/ingenieria.udd.cl\/impactoudd\/proyectos\/invernaderos-araucania\/#primaryimage","url":"https:\/\/ingenieria.udd.cl\/impactoudd\/files\/2020\/10\/img_9125-2-680x382-1.jpg","contentUrl":"https:\/\/ingenieria.udd.cl\/impactoudd\/files\/2020\/10\/img_9125-2-680x382-1.jpg","width":680,"height":382},{"@type":"BreadcrumbList","@id":"https:\/\/ingenieria.udd.cl\/impactoudd\/proyectos\/invernaderos-araucania\/#breadcrumb","itemListElement":[{"@type":"ListItem","position":1,"name":"Portada","item":"https:\/\/ingenieria.udd.cl\/impactoudd\/"},{"@type":"ListItem","position":2,"name":"Proyectos","item":"https:\/\/ingenieria.udd.cl\/impactoudd\/proyectos\/"},{"@type":"ListItem","position":3,"name":"PROYECTO FENN &#8211; Lautaro, Regi\u00f3n de la Araucan\u00eda. Huertos e invernaderos"}]},{"@type":"WebSite","@id":"https:\/\/ingenieria.udd.cl\/impactoudd\/#website","url":"https:\/\/ingenieria.udd.cl\/impactoudd\/","name":"Impacto UDD","description":"Otro sitio m\u00e1s de Ingenieria","inLanguage":"es"}]}},"_links":{"self":[{"href":"https:\/\/ingenieria.udd.cl\/impactoudd\/wp-json\/wp\/v2\/pages\/97","targetHints":{"allow":["GET"]}}],"collection":[{"href":"https:\/\/ingenieria.udd.cl\/impactoudd\/wp-json\/wp\/v2\/pages"}],"about":[{"href":"https:\/\/ingenieria.udd.cl\/impactoudd\/wp-json\/wp\/v2\/types\/page"}],"author":[{"embeddable":true,"href":"https:\/\/ingenieria.udd.cl\/impactoudd\/wp-json\/wp\/v2\/users\/9192218"}],"replies":[{"embeddable":true,"href":"https:\/\/ingenieria.udd.cl\/impactoudd\/wp-json\/wp\/v2\/comments?post=97"}],"version-history":[{"count":6,"href":"https:\/\/ingenieria.udd.cl\/impactoudd\/wp-json\/wp\/v2\/pages\/97\/revisions"}],"predecessor-version":[{"id":1946,"href":"https:\/\/ingenieria.udd.cl\/impactoudd\/wp-json\/wp\/v2\/pages\/97\/revisions\/1946"}],"up":[{"embeddable":true,"href":"https:\/\/ingenieria.udd.cl\/impactoudd\/wp-json\/wp\/v2\/pages\/23"}],"wp:attachment":[{"href":"https:\/\/ingenieria.udd.cl\/impactoudd\/wp-json\/wp\/v2\/media?parent=97"}],"curies":[{"name":"wp","href":"https:\/\/api.w.org\/{rel}","templated":true}]}}