{"id":15,"date":"2021-09-21T17:51:52","date_gmt":"2021-09-21T15:51:52","guid":{"rendered":"https:\/\/ingenieria.udd.cl\/ismael-botti\/?page_id=15"},"modified":"2021-09-28T15:59:45","modified_gmt":"2021-09-28T13:59:45","slug":"libro-de-apoyo","status":"publish","type":"page","link":"https:\/\/ingenieria.udd.cl\/ismael-botti\/libro-de-apoyo\/","title":{"rendered":"Libro abierto para expresar todo el afecto y recuerdos hacia nuestro querido profesor Ismael Botti"},"content":{"rendered":"<section class=\"wp-block-udd-text-row block--bg-gray\">\n\t<div class=\"text-row\">\n\t\t<div class=\"text-row__content\">\n\t\t\t<div class=\"text-row__content-inner text\">\n\t\t\t\t\t\t\t\t<h2>SIEMPRE SER\u00c1S PARTE DE NUESTRO UNIVERSO<\/h2>\n\t\t\t\t\t\t\t\t\n<p>Para nuestro querido amigo, profesor y colega Ismael Botti y su hermosa familia.<\/p>\n\n<p>Ismael, es reconocido por su alma mater, la Universidad de Chile, como un alumno destacado de la Licenciatura en Astronom\u00eda y del Mag\u00edster en Ciencias Menci\u00f3n Astronom\u00eda. <\/p>\n\n<p>A nuestra Universidad lleg\u00f3 hace aproximadamente 7 a\u00f1os, desde entonces nos acompa\u00f1\u00f3 con su amistad, risas en el pasillo, pasi\u00f3n y excelencia en su trabajo, siendo reconocido en m\u00e1s de una oportunidad entre los docentes destacados de nuestra Facultad. <\/p>\n\n<p>Ismael educaba a nuestros alumnos de Ingenier\u00eda Civil Plan Com\u00fan, no s\u00f3lo desde la astronom\u00eda, la f\u00edsica y matem\u00e1tica, tambi\u00e9n ten\u00eda un inter\u00e9s permanente en entregar valores y formar con un sentido integral, preocup\u00e1ndose adem\u00e1s del bienestar emocional de sus queridos estudiantes. <\/p>\n\n<p>Este espacio es una ventana para que cada uno exprese el amor, recuerdos y an\u00e9cdotas que dej\u00f3 su paso por nuestra Facultad.<\/p>\n\t\t\t<\/div>\n\t\t<\/div>\n\t\t<div class=\"text-row__media\">\n\t\t\t<img loading=\"lazy\" decoding=\"async\" width=\"952\" height=\"534\" src=\"https:\/\/ingenieria.udd.cl\/ismael-botti\/files\/2021\/09\/WhatsApp-Image-2021-09-28-at-10.59.17-680x382.jpeg\" class=\"text-row__media-image lazyload\" alt=\"\" sizes=\"auto, (max-width: 952px) 100vw, 952px\" data-src=\"https:\/\/ingenieria.udd.cl\/ismael-botti\/files\/2021\/09\/WhatsApp-Image-2021-09-28-at-10.59.17-952x534.jpeg\" data-srcset=\"https:\/\/ingenieria.udd.cl\/ismael-botti\/files\/2021\/09\/WhatsApp-Image-2021-09-28-at-10.59.17-952x534.jpeg 952w, https:\/\/ingenieria.udd.cl\/ismael-botti\/files\/2021\/09\/WhatsApp-Image-2021-09-28-at-10.59.17-680x382.jpeg 680w\" \/>\t\t<\/div>\n\t<\/div>\n<\/section>\n\n\n\n<p><\/p>\n","protected":false},"excerpt":{"rendered":"","protected":false},"author":9192226,"featured_media":0,"parent":0,"menu_order":0,"comment_status":"open","ping_status":"closed","template":"page-comments.php","meta":{"footnotes":""},"class_list":["post-15","page","type-page","status-publish","hentry"],"yoast_head":"<!-- This site is optimized with the Yoast SEO plugin v26.9 - https:\/\/yoast.com\/product\/yoast-seo-wordpress\/ -->\n<title>Libro abierto para expresar todo el afecto y recuerdos hacia nuestro querido profesor Ismael Botti - Ismael Botti<\/title>\n<meta name=\"robots\" content=\"index, follow, max-snippet:-1, max-image-preview:large, max-video-preview:-1\" \/>\n<link rel=\"canonical\" href=\"https:\/\/ingenieria.udd.cl\/ismael-botti\/libro-de-apoyo\/\" \/>\n<meta property=\"og:locale\" content=\"es_ES\" \/>\n<meta property=\"og:type\" content=\"article\" \/>\n<meta property=\"og:title\" content=\"Libro abierto para expresar todo el afecto y recuerdos hacia nuestro querido profesor Ismael Botti - Ismael Botti\" \/>\n<meta property=\"og:url\" content=\"https:\/\/ingenieria.udd.cl\/ismael-botti\/libro-de-apoyo\/\" \/>\n<meta property=\"og:site_name\" content=\"Ismael Botti\" \/>\n<meta property=\"article:modified_time\" content=\"2021-09-28T13:59:45+00:00\" \/>\n<meta property=\"og:image\" content=\"https:\/\/ingenieria.udd.cl\/ismael-botti\/files\/2021\/09\/WhatsApp-Image-2021-09-28-at-10.59.17.jpeg\" \/>\n<meta name=\"twitter:card\" content=\"summary_large_image\" \/>\n<meta name=\"twitter:label1\" content=\"Tiempo de lectura\" \/>\n\t<meta name=\"twitter:data1\" content=\"1 minuto\" \/>\n<script type=\"application\/ld+json\" class=\"yoast-schema-graph\">{\"@context\":\"https:\/\/schema.org\",\"@graph\":[{\"@type\":\"WebPage\",\"@id\":\"https:\/\/ingenieria.udd.cl\/ismael-botti\/libro-de-apoyo\/\",\"url\":\"https:\/\/ingenieria.udd.cl\/ismael-botti\/libro-de-apoyo\/\",\"name\":\"Libro abierto para expresar todo el afecto y recuerdos hacia nuestro querido profesor Ismael Botti - Ismael Botti\",\"isPartOf\":{\"@id\":\"https:\/\/ingenieria.udd.cl\/ismael-botti\/#website\"},\"primaryImageOfPage\":{\"@id\":\"https:\/\/ingenieria.udd.cl\/ismael-botti\/libro-de-apoyo\/#primaryimage\"},\"image\":{\"@id\":\"https:\/\/ingenieria.udd.cl\/ismael-botti\/libro-de-apoyo\/#primaryimage\"},\"thumbnailUrl\":\"https:\/\/ingenieria.udd.cl\/ismael-botti\/files\/2021\/09\/WhatsApp-Image-2021-09-28-at-10.59.17.jpeg\",\"datePublished\":\"2021-09-21T15:51:52+00:00\",\"dateModified\":\"2021-09-28T13:59:45+00:00\",\"breadcrumb\":{\"@id\":\"https:\/\/ingenieria.udd.cl\/ismael-botti\/libro-de-apoyo\/#breadcrumb\"},\"inLanguage\":\"es\",\"potentialAction\":[{\"@type\":\"ReadAction\",\"target\":[\"https:\/\/ingenieria.udd.cl\/ismael-botti\/libro-de-apoyo\/\"]}]},{\"@type\":\"ImageObject\",\"inLanguage\":\"es\",\"@id\":\"https:\/\/ingenieria.udd.cl\/ismael-botti\/libro-de-apoyo\/#primaryimage\",\"url\":\"https:\/\/ingenieria.udd.cl\/ismael-botti\/files\/2021\/09\/WhatsApp-Image-2021-09-28-at-10.59.17.jpeg\",\"contentUrl\":\"https:\/\/ingenieria.udd.cl\/ismael-botti\/files\/2021\/09\/WhatsApp-Image-2021-09-28-at-10.59.17.jpeg\",\"width\":1058,\"height\":1280},{\"@type\":\"BreadcrumbList\",\"@id\":\"https:\/\/ingenieria.udd.cl\/ismael-botti\/libro-de-apoyo\/#breadcrumb\",\"itemListElement\":[{\"@type\":\"ListItem\",\"position\":1,\"name\":\"Portada\",\"item\":\"https:\/\/ingenieria.udd.cl\/ismael-botti\/\"},{\"@type\":\"ListItem\",\"position\":2,\"name\":\"Libro abierto para expresar todo el afecto y recuerdos hacia nuestro querido profesor Ismael Botti\"}]},{\"@type\":\"WebSite\",\"@id\":\"https:\/\/ingenieria.udd.cl\/ismael-botti\/#website\",\"url\":\"https:\/\/ingenieria.udd.cl\/ismael-botti\/\",\"name\":\"Ismael Botti\",\"description\":\"\",\"inLanguage\":\"es\"}]}<\/script>\n<!-- \/ Yoast SEO plugin. -->","yoast_head_json":{"title":"Libro abierto para expresar todo el afecto y recuerdos hacia nuestro querido profesor Ismael Botti - Ismael Botti","robots":{"index":"index","follow":"follow","max-snippet":"max-snippet:-1","max-image-preview":"max-image-preview:large","max-video-preview":"max-video-preview:-1"},"canonical":"https:\/\/ingenieria.udd.cl\/ismael-botti\/libro-de-apoyo\/","og_locale":"es_ES","og_type":"article","og_title":"Libro abierto para expresar todo el afecto y recuerdos hacia nuestro querido profesor Ismael Botti - Ismael Botti","og_url":"https:\/\/ingenieria.udd.cl\/ismael-botti\/libro-de-apoyo\/","og_site_name":"Ismael Botti","article_modified_time":"2021-09-28T13:59:45+00:00","og_image":[{"url":"https:\/\/ingenieria.udd.cl\/ismael-botti\/files\/2021\/09\/WhatsApp-Image-2021-09-28-at-10.59.17.jpeg","type":"","width":"","height":""}],"twitter_card":"summary_large_image","twitter_misc":{"Tiempo de lectura":"1 minuto"},"schema":{"@context":"https:\/\/schema.org","@graph":[{"@type":"WebPage","@id":"https:\/\/ingenieria.udd.cl\/ismael-botti\/libro-de-apoyo\/","url":"https:\/\/ingenieria.udd.cl\/ismael-botti\/libro-de-apoyo\/","name":"Libro abierto para expresar todo el afecto y recuerdos hacia nuestro querido profesor Ismael Botti - Ismael Botti","isPartOf":{"@id":"https:\/\/ingenieria.udd.cl\/ismael-botti\/#website"},"primaryImageOfPage":{"@id":"https:\/\/ingenieria.udd.cl\/ismael-botti\/libro-de-apoyo\/#primaryimage"},"image":{"@id":"https:\/\/ingenieria.udd.cl\/ismael-botti\/libro-de-apoyo\/#primaryimage"},"thumbnailUrl":"https:\/\/ingenieria.udd.cl\/ismael-botti\/files\/2021\/09\/WhatsApp-Image-2021-09-28-at-10.59.17.jpeg","datePublished":"2021-09-21T15:51:52+00:00","dateModified":"2021-09-28T13:59:45+00:00","breadcrumb":{"@id":"https:\/\/ingenieria.udd.cl\/ismael-botti\/libro-de-apoyo\/#breadcrumb"},"inLanguage":"es","potentialAction":[{"@type":"ReadAction","target":["https:\/\/ingenieria.udd.cl\/ismael-botti\/libro-de-apoyo\/"]}]},{"@type":"ImageObject","inLanguage":"es","@id":"https:\/\/ingenieria.udd.cl\/ismael-botti\/libro-de-apoyo\/#primaryimage","url":"https:\/\/ingenieria.udd.cl\/ismael-botti\/files\/2021\/09\/WhatsApp-Image-2021-09-28-at-10.59.17.jpeg","contentUrl":"https:\/\/ingenieria.udd.cl\/ismael-botti\/files\/2021\/09\/WhatsApp-Image-2021-09-28-at-10.59.17.jpeg","width":1058,"height":1280},{"@type":"BreadcrumbList","@id":"https:\/\/ingenieria.udd.cl\/ismael-botti\/libro-de-apoyo\/#breadcrumb","itemListElement":[{"@type":"ListItem","position":1,"name":"Portada","item":"https:\/\/ingenieria.udd.cl\/ismael-botti\/"},{"@type":"ListItem","position":2,"name":"Libro abierto para expresar todo el afecto y recuerdos hacia nuestro querido profesor Ismael Botti"}]},{"@type":"WebSite","@id":"https:\/\/ingenieria.udd.cl\/ismael-botti\/#website","url":"https:\/\/ingenieria.udd.cl\/ismael-botti\/","name":"Ismael Botti","description":"","inLanguage":"es"}]}},"_links":{"self":[{"href":"https:\/\/ingenieria.udd.cl\/ismael-botti\/wp-json\/wp\/v2\/pages\/15","targetHints":{"allow":["GET"]}}],"collection":[{"href":"https:\/\/ingenieria.udd.cl\/ismael-botti\/wp-json\/wp\/v2\/pages"}],"about":[{"href":"https:\/\/ingenieria.udd.cl\/ismael-botti\/wp-json\/wp\/v2\/types\/page"}],"author":[{"embeddable":true,"href":"https:\/\/ingenieria.udd.cl\/ismael-botti\/wp-json\/wp\/v2\/users\/9192226"}],"replies":[{"embeddable":true,"href":"https:\/\/ingenieria.udd.cl\/ismael-botti\/wp-json\/wp\/v2\/comments?post=15"}],"version-history":[{"count":10,"href":"https:\/\/ingenieria.udd.cl\/ismael-botti\/wp-json\/wp\/v2\/pages\/15\/revisions"}],"predecessor-version":[{"id":35,"href":"https:\/\/ingenieria.udd.cl\/ismael-botti\/wp-json\/wp\/v2\/pages\/15\/revisions\/35"}],"wp:attachment":[{"href":"https:\/\/ingenieria.udd.cl\/ismael-botti\/wp-json\/wp\/v2\/media?parent=15"}],"curies":[{"name":"wp","href":"https:\/\/api.w.org\/{rel}","templated":true}]}}