{"id":162,"date":"2021-05-12T19:56:02","date_gmt":"2021-05-12T17:56:02","guid":{"rendered":"https:\/\/ingenieria.udd.cl\/ltc\/?page_id=162"},"modified":"2021-05-12T20:05:40","modified_gmt":"2021-05-12T18:05:40","slug":"laboratorio-tecnologico-para-la-competitividad","status":"publish","type":"page","link":"https:\/\/ingenieria.udd.cl\/ltc\/laboratorio-tecnologico-para-la-competitividad\/","title":{"rendered":"Laboratorio Tecnol\u00f3gico para la Competitividad"},"content":{"rendered":"\n<p><strong> <em>Junto al Gobierno Regional del Biob\u00edo y la Universidad del desarrollo, se crea el Laboratorio Tecnol\u00f3gico para la competitividad. Un espacio abierto para el desarrollo de I+D enfocada en los desaf\u00edos actuales de las Pymes industriales y agr\u00edcolas de la regi\u00f3n del Biob\u00edo <\/em><\/strong><\/p>\n\n\n\n<p><em><strong>Pilares estrat\u00e9gicos<\/strong><\/em><\/p>\n\n\n\n<p class=\"has-normal-font-size\"> El desarrollo de Proyectos de I+D de base tecnol\u00f3gica dentro del laboratorio f\u00edsico dispuesto para ello.<\/p>\n\n\n\n<p>La creaci\u00f3n de una Academia Tecnol\u00f3gica, la cual contribuir\u00e1 a aumentar las habilidades y capacidades tecnol\u00f3gicas en capital humano de la regi\u00f3n.<\/p>\n\n\n\n<p> La generaci\u00f3n de estrategias de transferencia tecnol\u00f3gica de los resultados de I+D para su efectivo uso en el territorio. <br><\/p>\n","protected":false},"excerpt":{"rendered":"<p>Junto al Gobierno Regional del Biob\u00edo y la Universidad del desarrollo, se crea el Laboratorio Tecnol\u00f3gico para la competitividad. Un espacio abierto para el desarrollo de I+D enfocada en los desaf\u00edos actuales de las Pymes industriales y agr\u00edcolas de la regi\u00f3n del Biob\u00edo Pilares estrat\u00e9gicos El desarrollo de Proyectos de I+D de base tecnol\u00f3gica dentro [&hellip;]<\/p>\n","protected":false},"author":9192224,"featured_media":0,"parent":0,"menu_order":0,"comment_status":"closed","ping_status":"closed","template":"","meta":{"footnotes":""},"class_list":["post-162","page","type-page","status-publish","hentry"],"yoast_head":"<!-- This site is optimized with the Yoast SEO plugin v26.9 - https:\/\/yoast.com\/product\/yoast-seo-wordpress\/ -->\n<title>Laboratorio Tecnol\u00f3gico para la Competitividad - Laboratorio Tecnol\u00f3gico para la Competitividad<\/title>\n<meta name=\"robots\" content=\"index, follow, max-snippet:-1, max-image-preview:large, max-video-preview:-1\" \/>\n<link rel=\"canonical\" href=\"https:\/\/ingenieria.udd.cl\/ltc\/laboratorio-tecnologico-para-la-competitividad\/\" \/>\n<meta property=\"og:locale\" content=\"es_ES\" \/>\n<meta property=\"og:type\" content=\"article\" \/>\n<meta property=\"og:title\" content=\"Laboratorio Tecnol\u00f3gico para la Competitividad - Laboratorio Tecnol\u00f3gico para la Competitividad\" \/>\n<meta property=\"og:description\" content=\"Junto al Gobierno Regional del Biob\u00edo y la Universidad del desarrollo, se crea el Laboratorio Tecnol\u00f3gico para la competitividad. Un espacio abierto para el desarrollo de I+D enfocada en los desaf\u00edos actuales de las Pymes industriales y agr\u00edcolas de la regi\u00f3n del Biob\u00edo Pilares estrat\u00e9gicos El desarrollo de Proyectos de I+D de base tecnol\u00f3gica dentro [&hellip;]\" \/>\n<meta property=\"og:url\" content=\"https:\/\/ingenieria.udd.cl\/ltc\/laboratorio-tecnologico-para-la-competitividad\/\" \/>\n<meta property=\"og:site_name\" content=\"Laboratorio Tecnol\u00f3gico para la Competitividad\" \/>\n<meta property=\"article:modified_time\" content=\"2021-05-12T18:05:40+00:00\" \/>\n<meta name=\"twitter:card\" content=\"summary_large_image\" \/>\n<meta name=\"twitter:label1\" content=\"Tiempo de lectura\" \/>\n\t<meta name=\"twitter:data1\" content=\"1 minuto\" \/>\n<script type=\"application\/ld+json\" class=\"yoast-schema-graph\">{\"@context\":\"https:\/\/schema.org\",\"@graph\":[{\"@type\":\"WebPage\",\"@id\":\"https:\/\/ingenieria.udd.cl\/ltc\/laboratorio-tecnologico-para-la-competitividad\/\",\"url\":\"https:\/\/ingenieria.udd.cl\/ltc\/laboratorio-tecnologico-para-la-competitividad\/\",\"name\":\"Laboratorio Tecnol\u00f3gico para la Competitividad - Laboratorio Tecnol\u00f3gico para la Competitividad\",\"isPartOf\":{\"@id\":\"https:\/\/ingenieria.udd.cl\/ltc\/#website\"},\"datePublished\":\"2021-05-12T17:56:02+00:00\",\"dateModified\":\"2021-05-12T18:05:40+00:00\",\"breadcrumb\":{\"@id\":\"https:\/\/ingenieria.udd.cl\/ltc\/laboratorio-tecnologico-para-la-competitividad\/#breadcrumb\"},\"inLanguage\":\"es\",\"potentialAction\":[{\"@type\":\"ReadAction\",\"target\":[\"https:\/\/ingenieria.udd.cl\/ltc\/laboratorio-tecnologico-para-la-competitividad\/\"]}]},{\"@type\":\"BreadcrumbList\",\"@id\":\"https:\/\/ingenieria.udd.cl\/ltc\/laboratorio-tecnologico-para-la-competitividad\/#breadcrumb\",\"itemListElement\":[{\"@type\":\"ListItem\",\"position\":1,\"name\":\"Portada\",\"item\":\"https:\/\/ingenieria.udd.cl\/ltc\/\"},{\"@type\":\"ListItem\",\"position\":2,\"name\":\"Laboratorio Tecnol\u00f3gico para la Competitividad\"}]},{\"@type\":\"WebSite\",\"@id\":\"https:\/\/ingenieria.udd.cl\/ltc\/#website\",\"url\":\"https:\/\/ingenieria.udd.cl\/ltc\/\",\"name\":\"Laboratorio Tecnol\u00f3gico para la Competitividad\",\"description\":\"Otro sitio m\u00e1s de Ingenieria\",\"inLanguage\":\"es\"}]}<\/script>\n<!-- \/ Yoast SEO plugin. -->","yoast_head_json":{"title":"Laboratorio Tecnol\u00f3gico para la Competitividad - Laboratorio Tecnol\u00f3gico para la Competitividad","robots":{"index":"index","follow":"follow","max-snippet":"max-snippet:-1","max-image-preview":"max-image-preview:large","max-video-preview":"max-video-preview:-1"},"canonical":"https:\/\/ingenieria.udd.cl\/ltc\/laboratorio-tecnologico-para-la-competitividad\/","og_locale":"es_ES","og_type":"article","og_title":"Laboratorio Tecnol\u00f3gico para la Competitividad - Laboratorio Tecnol\u00f3gico para la Competitividad","og_description":"Junto al Gobierno Regional del Biob\u00edo y la Universidad del desarrollo, se crea el Laboratorio Tecnol\u00f3gico para la competitividad. Un espacio abierto para el desarrollo de I+D enfocada en los desaf\u00edos actuales de las Pymes industriales y agr\u00edcolas de la regi\u00f3n del Biob\u00edo Pilares estrat\u00e9gicos El desarrollo de Proyectos de I+D de base tecnol\u00f3gica dentro [&hellip;]","og_url":"https:\/\/ingenieria.udd.cl\/ltc\/laboratorio-tecnologico-para-la-competitividad\/","og_site_name":"Laboratorio Tecnol\u00f3gico para la Competitividad","article_modified_time":"2021-05-12T18:05:40+00:00","twitter_card":"summary_large_image","twitter_misc":{"Tiempo de lectura":"1 minuto"},"schema":{"@context":"https:\/\/schema.org","@graph":[{"@type":"WebPage","@id":"https:\/\/ingenieria.udd.cl\/ltc\/laboratorio-tecnologico-para-la-competitividad\/","url":"https:\/\/ingenieria.udd.cl\/ltc\/laboratorio-tecnologico-para-la-competitividad\/","name":"Laboratorio Tecnol\u00f3gico para la Competitividad - Laboratorio Tecnol\u00f3gico para la Competitividad","isPartOf":{"@id":"https:\/\/ingenieria.udd.cl\/ltc\/#website"},"datePublished":"2021-05-12T17:56:02+00:00","dateModified":"2021-05-12T18:05:40+00:00","breadcrumb":{"@id":"https:\/\/ingenieria.udd.cl\/ltc\/laboratorio-tecnologico-para-la-competitividad\/#breadcrumb"},"inLanguage":"es","potentialAction":[{"@type":"ReadAction","target":["https:\/\/ingenieria.udd.cl\/ltc\/laboratorio-tecnologico-para-la-competitividad\/"]}]},{"@type":"BreadcrumbList","@id":"https:\/\/ingenieria.udd.cl\/ltc\/laboratorio-tecnologico-para-la-competitividad\/#breadcrumb","itemListElement":[{"@type":"ListItem","position":1,"name":"Portada","item":"https:\/\/ingenieria.udd.cl\/ltc\/"},{"@type":"ListItem","position":2,"name":"Laboratorio Tecnol\u00f3gico para la Competitividad"}]},{"@type":"WebSite","@id":"https:\/\/ingenieria.udd.cl\/ltc\/#website","url":"https:\/\/ingenieria.udd.cl\/ltc\/","name":"Laboratorio Tecnol\u00f3gico para la Competitividad","description":"Otro sitio m\u00e1s de Ingenieria","inLanguage":"es"}]}},"_links":{"self":[{"href":"https:\/\/ingenieria.udd.cl\/ltc\/wp-json\/wp\/v2\/pages\/162","targetHints":{"allow":["GET"]}}],"collection":[{"href":"https:\/\/ingenieria.udd.cl\/ltc\/wp-json\/wp\/v2\/pages"}],"about":[{"href":"https:\/\/ingenieria.udd.cl\/ltc\/wp-json\/wp\/v2\/types\/page"}],"author":[{"embeddable":true,"href":"https:\/\/ingenieria.udd.cl\/ltc\/wp-json\/wp\/v2\/users\/9192224"}],"replies":[{"embeddable":true,"href":"https:\/\/ingenieria.udd.cl\/ltc\/wp-json\/wp\/v2\/comments?post=162"}],"version-history":[{"count":4,"href":"https:\/\/ingenieria.udd.cl\/ltc\/wp-json\/wp\/v2\/pages\/162\/revisions"}],"predecessor-version":[{"id":189,"href":"https:\/\/ingenieria.udd.cl\/ltc\/wp-json\/wp\/v2\/pages\/162\/revisions\/189"}],"wp:attachment":[{"href":"https:\/\/ingenieria.udd.cl\/ltc\/wp-json\/wp\/v2\/media?parent=162"}],"curies":[{"name":"wp","href":"https:\/\/api.w.org\/{rel}","templated":true}]}}