{"id":4,"date":"2021-04-05T17:26:33","date_gmt":"2021-04-05T15:26:33","guid":{"rendered":"https:\/\/ingenieria.udd.cl\/ltc\/?page_id=4"},"modified":"2022-06-16T15:38:19","modified_gmt":"2022-06-16T13:38:19","slug":"inicio","status":"publish","type":"page","link":"https:\/\/ingenieria.udd.cl\/ltc\/","title":{"rendered":"Inicio"},"content":{"rendered":"<figure class=\"wp-block-gallery columns-2 is-cropped\" style=\"margin-top: 8%\">\n<ul class=\"blocks-gallery-grid\">\n<li class=\"blocks-gallery-item\" style=\"margin: 0 0px 40px 0\">\n<div>\n<p class=\"text-right\" style=\"padding-right: 4%;margin-top: 0%;font-size: 3rem;color: #a3c077\">QU\u00c9 SOMOS<\/p>\n<\/div>\n<\/li>\n<li class=\"blocks-gallery-item\" style=\"padding-left: 4%;padding-right: 14%\">\n<p class=\"text-left\" style=\"font-size: 1rem\">Junto al Gobierno Regional del Biob\u00edo y la Universidad del desarrollo, se crea el Laboratorio Tecnol\u00f3gico para la competitividad. Un espacio abierto para el desarrollo de I+D enfocada en los desaf\u00edos actuales de las Pymes industriales y agr\u00edcolas de la regi\u00f3n del Biob\u00edo.<\/p>\n<p><a href=\"https:\/\/ingenieria.udd.cl\/ltc\/laboratorio-tecnologico-para-la-competitividad\/\">+ Ver m\u00e1s <\/a><\/p>\n<\/li>\n<\/ul>\n<\/figure>\n\n\n<figure class=\"wp-block-embed-youtube aligncenter wp-block-embed is-type-video is-provider-youtube wp-embed-aspect-16-9 wp-has-aspect-ratio\"><div class=\"wp-block-embed__wrapper\">\n<iframe loading=\"lazy\" title=\"Intro Laboratorio Tecnol\u00f3gico para la Competitividad\" width=\"500\" height=\"281\" src=\"https:\/\/www.youtube.com\/embed\/Wq1ik3Gqm_0?feature=oembed\" frameborder=\"0\" allow=\"accelerometer; autoplay; clipboard-write; encrypted-media; gyroscope; picture-in-picture; web-share\" referrerpolicy=\"strict-origin-when-cross-origin\" allowfullscreen><\/iframe>\n<\/div><\/figure>\n\n\n\n<div class=\"wp-block-image is-style-default\"><figure class=\"aligncenter size-large\"><a href=\"https:\/\/ingenieria.udd.cl\/ltc\/entrevistas-a-expertos\/\"><img loading=\"lazy\" decoding=\"async\" width=\"1024\" height=\"508\" src=\"https:\/\/ingenieria.udd.cl\/ltc\/files\/2022\/06\/ENTREVISTAS-1-1024x508.jpg\" alt=\"\" class=\"wp-image-372\" srcset=\"https:\/\/ingenieria.udd.cl\/ltc\/files\/2022\/06\/ENTREVISTAS-1-1024x508.jpg 1024w, https:\/\/ingenieria.udd.cl\/ltc\/files\/2022\/06\/ENTREVISTAS-1-300x149.jpg 300w, https:\/\/ingenieria.udd.cl\/ltc\/files\/2022\/06\/ENTREVISTAS-1-768x381.jpg 768w, https:\/\/ingenieria.udd.cl\/ltc\/files\/2022\/06\/ENTREVISTAS-1.jpg 1359w\" sizes=\"auto, (max-width: 1024px) 100vw, 1024px\" \/><\/a><\/figure><\/div>\n\n\n<!-- WP Block: UDD - Banners Multiple -->\n<section class=\"wp-block-udd-banners-multiple \">\n\t<div class=\"container\">\n\t\t\t\t<header class=\"block__header\">\n\t\t\t<h2 class=\"block__title\">QU\u00c9 HACEMOS<\/h2>\n\t\t<\/header>\n\t\t\t\t<div class=\"block__content\">\n\t\t\t<div id=\"udd-banners-multiple--1\"\n\t\t\t\t\t\t\t\t>\n\t\t\t\t\t\t\t\t<div class=\"banners\">\n\t\t\t\t\t\t\t\t\t<div class=\"banner-col\n\t\t\t\t\t active\t\t\t\t\t\">\n\t\t\t\t\t\t<a href=\"https:\/\/ingenieria.udd.cl\/ltc\/2022\/01\/06\/academia-tecnologica\/\" class=\"banner banner--multiple\" data-url=\"https:\/\/ingenieria.udd.cl\/ltc\/2022\/01\/06\/academia-tecnologica\/\">\n\t\t\t\t\t\t\t\t\t\t\t\t\t<img loading=\"lazy\" decoding=\"async\" width=\"952\" height=\"534\" src=\"https:\/\/ingenieria.udd.cl\/ltc\/files\/2021\/05\/Web-LTC-imagenes-con-recursos-gr\u00e1ficos15-15-15-14-14-680x382.png\" class=\"banner__image lazyload\" alt=\"\" sizes=\"auto, (max-width: 952px) 100vw, 952px\" data-src=\"https:\/\/ingenieria.udd.cl\/ltc\/files\/2021\/05\/Web-LTC-imagenes-con-recursos-gr\u00e1ficos15-15-15-14-14-952x534.png\" data-srcset=\"https:\/\/ingenieria.udd.cl\/ltc\/files\/2021\/05\/Web-LTC-imagenes-con-recursos-gr\u00e1ficos15-15-15-14-14-952x534.png 952w, https:\/\/ingenieria.udd.cl\/ltc\/files\/2021\/05\/Web-LTC-imagenes-con-recursos-gr\u00e1ficos15-15-15-14-14-1366x768.png 1366w, https:\/\/ingenieria.udd.cl\/ltc\/files\/2021\/05\/Web-LTC-imagenes-con-recursos-gr\u00e1ficos15-15-15-14-14-680x382.png 680w\" \/>\t\t\t\t\t\t\t\t\t\t\t\t\t<div class=\"banner__content\">\n\t\t\t\t\t\t\t\t<span class=\"banner__title\">Academia tecnol\u00f3gica<\/span>\n\t\t\t\t\t\t\t\t\t\t\t\t\t\t\t\t\t<span class=\"banner__description\">Capacidades y habilidades en educaci\u00f3n tecnol\u00f3gica<\/span>\n\t\t\t\t\t\t\t\t\t\t\t\t\t\t\t\t\t\t\t\t\t\t\t\t\t<span class=\"banner__action\">Ingresa, encuentra m\u00e1s detalles y pr\u00f3ximas fechas<\/span>\n\t\t\t\t\t\t\t\t\t\t\t\t\t\t\t<\/div>\n\t\t\t\t\t\t<\/a>\n\t\t\t\t\t<\/div>\n\t\t\t\t\t\t\t\t\t<div class=\"banner-col\n\t\t\t\t\t\t\t\t\t\t\">\n\t\t\t\t\t\t<a href=\"https:\/\/ingenieria.udd.cl\/ltc\/proyectos\/\" class=\"banner banner--multiple\" data-url=\"https:\/\/ingenieria.udd.cl\/ltc\/proyectos\/\">\n\t\t\t\t\t\t\t\t\t\t\t\t\t<img loading=\"lazy\" decoding=\"async\" width=\"816\" height=\"534\" src=\"https:\/\/ingenieria.udd.cl\/ltc\/files\/2021\/05\/Web-LTC-imagenes-con-recursos-gr\u00e1ficos15-15-15-680x382.jpg\" class=\"banner__image lazyload\" alt=\"\" data-src=\"https:\/\/ingenieria.udd.cl\/ltc\/files\/2021\/05\/Web-LTC-imagenes-con-recursos-gr\u00e1ficos15-15-15-816x534.jpg\" \/>\t\t\t\t\t\t\t\t\t\t\t\t\t<div class=\"banner__content\">\n\t\t\t\t\t\t\t\t<span class=\"banner__title\">proyectos i+d<\/span>\n\t\t\t\t\t\t\t\t\t\t\t\t\t\t\t\t\t<span class=\"banner__description\">Investigaci\u00f3n y desarrollo enfocado en las tem\u00e1ticas agr\u00edcolas-industriales<\/span>\n\t\t\t\t\t\t\t\t\t\t\t\t\t\t\t\t\t\t\t\t\t\t\t\t\t<span class=\"banner__action\">Ver m\u00e1s<\/span>\n\t\t\t\t\t\t\t\t\t\t\t\t\t\t\t<\/div>\n\t\t\t\t\t\t<\/a>\n\t\t\t\t\t<\/div>\n\t\t\t\t\t\t\t\t<\/div>\n\t\t\t<\/div>\n\t\t<\/div>\n\t<\/div>\n<\/section>\n\n\n\n<h4 class=\"has-text-align-left wp-block-heading\">REPITE LA TRANSMISI\u00d3N DEL LANZAMIENTO LAB LTC<\/h4>\n\n\n\n<figure class=\"wp-block-embed-youtube aligncenter wp-block-embed is-type-video is-provider-youtube wp-embed-aspect-16-9 wp-has-aspect-ratio\"><div class=\"wp-block-embed__wrapper\">\n<iframe loading=\"lazy\" title=\"Lanzamiento LTC: Laboratorio Tecnol\u00f3gico para la Competitividad\" width=\"500\" height=\"281\" src=\"https:\/\/www.youtube.com\/embed\/Za1qslhnIgM?feature=oembed\" frameborder=\"0\" allow=\"accelerometer; autoplay; clipboard-write; encrypted-media; gyroscope; picture-in-picture; web-share\" referrerpolicy=\"strict-origin-when-cross-origin\" allowfullscreen><\/iframe>\n<\/div><\/figure>\n\n\n<!-- WP Block: UDD - Fullwidth Cards -->\n<section class=\"wp-block-udd-fullwidth-cards is-style-clear\">\n\t<div class=\"container\">\n\t\t<header class=\"block__header\">\n\t\t\t<h2 class=\"block__title\">Noticias<\/h2>\n\t\t\t\t\t\t<a href=\"https:\/\/ingenieria.udd.cl\/ltc\/category\/ltc\/\" class=\"block__view-more\">\n\t\t\t\tVer m\u00e1s noticias\t\t\t<\/a>\n\t\t\t\t\t<\/header>\n\t\t<div class=\"block__content\">\n\t\t\t<div class=\"fullwidth-cards\">\n\t\t\t<div class=\"fullwidth-card-wrapper is-style-clear\">\n\t<a href=\"https:\/\/ingenieria.udd.cl\/ltc\/2021\/05\/05\/direccion-de-innovacion-de-la-facultad-de-ingenieria-udd-lanzara-laboratorio-tecnologico-para-la-competitividad\/\" class=\"fullwidth-card fullwidth-card--linkable\">\n\t\t\t\t<img loading=\"lazy\" decoding=\"async\" width=\"500\" height=\"500\" src=\"https:\/\/ingenieria.udd.cl\/ltc\/files\/2021\/05\/LOGO_COLORES_Mesa-de-trabajo-1-62x62.png\" class=\"fullwidth-card__image wp-post-image lazyload\" alt=\"\" sizes=\"auto, (max-width: 500px) 100vw, 500px\" data-src=\"https:\/\/ingenieria.udd.cl\/ltc\/files\/2021\/05\/LOGO_COLORES_Mesa-de-trabajo-1-500x500.png\" data-srcset=\"https:\/\/ingenieria.udd.cl\/ltc\/files\/2021\/05\/LOGO_COLORES_Mesa-de-trabajo-1-500x500.png 500w, https:\/\/ingenieria.udd.cl\/ltc\/files\/2021\/05\/LOGO_COLORES_Mesa-de-trabajo-1-300x300.png 300w, https:\/\/ingenieria.udd.cl\/ltc\/files\/2021\/05\/LOGO_COLORES_Mesa-de-trabajo-1-1024x1024.png 1024w, https:\/\/ingenieria.udd.cl\/ltc\/files\/2021\/05\/LOGO_COLORES_Mesa-de-trabajo-1-150x150.png 150w, https:\/\/ingenieria.udd.cl\/ltc\/files\/2021\/05\/LOGO_COLORES_Mesa-de-trabajo-1-768x768.png 768w, https:\/\/ingenieria.udd.cl\/ltc\/files\/2021\/05\/LOGO_COLORES_Mesa-de-trabajo-1-62x62.png 62w, https:\/\/ingenieria.udd.cl\/ltc\/files\/2021\/05\/LOGO_COLORES_Mesa-de-trabajo-1-750x750.png 750w, https:\/\/ingenieria.udd.cl\/ltc\/files\/2021\/05\/LOGO_COLORES_Mesa-de-trabajo-1-250x250.png 250w, https:\/\/ingenieria.udd.cl\/ltc\/files\/2021\/05\/LOGO_COLORES_Mesa-de-trabajo-1-126x126.png 126w, https:\/\/ingenieria.udd.cl\/ltc\/files\/2021\/05\/LOGO_COLORES_Mesa-de-trabajo-1.png 1042w\" \/>\t\t\t\t<div class=\"fullwidth-card__content\">\n\t\t\t<span class=\"fullwidth-card__date\">\n\t\t\t\t5 de mayo 2021\t\t\t<\/span>\n\t\t\t<h3 class=\"fullwidth-card__title\">Facultad de Ingenier\u00eda lanzar\u00e1 Laboratorio Tecnol\u00f3gico para la Competitividad<\/h3>\n\t\t\t<span class=\"fullwidth-card__link\">\n\t\t\t\tConocer m\u00e1s\t\t\t<\/span>\n\t\t<\/div>\n\t<\/a>\n<\/div>\n\t\t\t<\/div>\n\t\t<\/div>\n\t<\/div>\n<\/section>\n\n\n<section class=\"wp-block-udd-contacts is-style-default\">\n<div class=\"block__bg\"><img loading=\"lazy\" decoding=\"async\" class=\"block__bg-image object-cover ls-is-cached lazyloaded\" src=\"https:\/\/ingenieria.udd.cl\/ltc\/files\/2021\/05\/FondofotocontactoLTC-14-680x382.jpg\" alt=\"\" width=\"680\" height=\"382\" data-src=\"https:\/\/ingenieria.udd.cl\/ltc\/files\/2021\/05\/FondofotocontactoLTC-14-680x382.jpg\" data-srcset=\"https:\/\/ingenieria.udd.cl\/ltc\/files\/2021\/05\/FondofotocontactoLTC-14-680x382.jpg 680w, https:\/\/ingenieria.udd.cl\/ltc\/files\/2021\/05\/FondofotocontactoLTC-14-1366x768.jpg 1366w, https:\/\/ingenieria.udd.cl\/ltc\/files\/2021\/05\/FondofotocontactoLTC-14-952x534.jpg 952w\" \/><\/div>\n<div class=\"container\" style=\"padding-bottom: 0px;margin-bottom: 22%\"><header class=\"block__header\">\n<h3 class=\"block__title\"><span style=\"color: #ffffff\">Contacto<\/span><\/h3>\n<\/header>\n<div class=\"block__content\">\n<ul class=\"contacts\" style=\"margin-bottom: -25%\">\n<li class=\"contact\">\n<div class=\"person-contact\">\n<h3 class=\"person-contact__name\">Laboratorio Tecnol\u00f3gico para la Competitividad<\/h3>\n<p><span class=\"person-contact__email\">Email: <a href=\"mailto:detbb\">ltc@udd.cl<\/a><\/span><\/p>\n<div>\u00a0<\/div>\n<\/div>\n<\/li>\n<\/ul>\n<\/div>\n<\/div>\n<\/section>\n<section class=\"wp-block-udd-contacts is-style-default\">\n<div class=\"block__bg\">\u00a0<\/div>\n<\/section>\n\n<!-- WP Block: UDD - Cards -->\n<section class=\"wp-block-udd-logos\">\n\t<div class=\"container\">\n\t\t\t\t<div class=\"block__content\">\n\t\t\t<div class=\"logos\" data-slick='{&quot;appendArrows&quot;:&quot;#udd-logos--1&quot;,&quot;prevArrow&quot;:&quot;&lt;button type=\\&quot;button\\&quot; class=\\&quot;slick-prev\\&quot;&gt;&lt;svg class=\\&quot;svg-chevron-left-dims\\&quot;&gt;&lt;use xlink:href=&#039;https:\\\/\\\/ingenieria.udd.cl\\\/ltc\\\/wp-content\\\/themes\\\/facultades-2018\\\/assets\\\/img\\\/svg\\\/dist\\\/main.svg?version=1695853099#chevron-left&#039;&gt;&lt;\\\/use&gt;&lt;\\\/svg&gt;&lt;span class = \\&quot;sr-only\\&quot;&gt;Anterior&lt;\\\/span&gt;&lt;\\\/button&gt;&quot;,&quot;nextArrow&quot;:&quot;&lt;button type=\\&quot;button\\&quot; class=\\&quot;slick-next\\&quot;&gt;&lt;svg class=\\&quot;svg-chevron-right-dims\\&quot;&gt;&lt;use xlink:href=&#039;https:\\\/\\\/ingenieria.udd.cl\\\/ltc\\\/wp-content\\\/themes\\\/facultades-2018\\\/assets\\\/img\\\/svg\\\/dist\\\/main.svg?version=1695853099#chevron-right&#039;&gt;&lt;\\\/use&gt;&lt;\\\/svg&gt;&lt;span class=\\&quot;sr-only\\&quot;&gt;Siguiente&lt;\\\/span&gt;&lt;\\\/button&gt;&quot;}'>\n\t\t\t                <div class=\"logo-item\">\n                                    <span class=\"logo\">\n                        <img loading=\"lazy\" decoding=\"async\" width=\"502\" height=\"476\" src=\"https:\/\/ingenieria.udd.cl\/ltc\/wp-content\/plugins\/wp-async-img-load\/blank.png\" class=\"logo__image lazyload\" alt=\"\" sizes=\"auto, (max-width: 502px) 100vw, 502px\" data-src=\"https:\/\/ingenieria.udd.cl\/ltc\/files\/2021\/05\/LogoGobierno.png\" data-srcset=\"https:\/\/ingenieria.udd.cl\/ltc\/files\/2021\/05\/LogoGobierno.png 502w, https:\/\/ingenieria.udd.cl\/ltc\/files\/2021\/05\/LogoGobierno-300x284.png 300w\" \/>                    <\/span>\n                \t\t\t\t                <\/div>\n\t\t\t                <div class=\"logo-item\">\n                                    <span class=\"logo\">\n                        <img loading=\"lazy\" decoding=\"async\" width=\"169\" height=\"299\" src=\"https:\/\/ingenieria.udd.cl\/ltc\/wp-content\/plugins\/wp-async-img-load\/blank.png\" class=\"logo__image lazyload\" alt=\"\" data-src=\"https:\/\/ingenieria.udd.cl\/ltc\/files\/2022\/06\/bio-bio.png\" \/>                    <\/span>\n                \t\t\t\t                <\/div>\n\t\t\t                <div class=\"logo-item\">\n                                    <span class=\"logo\">\n                        <img loading=\"lazy\" decoding=\"async\" width=\"225\" height=\"224\" src=\"https:\/\/ingenieria.udd.cl\/ltc\/wp-content\/plugins\/wp-async-img-load\/blank.png\" class=\"logo__image lazyload\" alt=\"\" sizes=\"auto, (max-width: 225px) 100vw, 225px\" data-src=\"https:\/\/ingenieria.udd.cl\/ltc\/files\/2022\/06\/chile.png\" data-srcset=\"https:\/\/ingenieria.udd.cl\/ltc\/files\/2022\/06\/chile.png 225w, https:\/\/ingenieria.udd.cl\/ltc\/files\/2022\/06\/chile-150x150.png 150w, https:\/\/ingenieria.udd.cl\/ltc\/files\/2022\/06\/chile-62x62.png 62w, https:\/\/ingenieria.udd.cl\/ltc\/files\/2022\/06\/chile-126x126.png 126w\" \/>                    <\/span>\n                \t\t\t\t                <\/div>\n\t\t\t\t\t\t<\/div>\n\t\t\t\t\t<\/div>\n\t<\/div>\n<\/section>\n\n\n\n<p class=\"has-text-align-left\"><em>*Iniciativa financiada por el Gobierno Regional del Biob\u00edo, a trav\u00e9s del Fondo de Innovaci\u00f3n para la Competividad<\/em><\/p>\n","protected":false},"excerpt":{"rendered":"<p>QU\u00c9 SOMOS Junto al Gobierno Regional del Biob\u00edo y la Universidad del desarrollo, se crea el Laboratorio Tecnol\u00f3gico para la competitividad. Un espacio abierto para el desarrollo de I+D enfocada en los desaf\u00edos actuales de las Pymes industriales y agr\u00edcolas de la regi\u00f3n del Biob\u00edo. + Ver m\u00e1s REPITE LA TRANSMISI\u00d3N DEL LANZAMIENTO LAB LTC [&hellip;]<\/p>\n","protected":false},"author":25,"featured_media":174,"parent":0,"menu_order":0,"comment_status":"closed","ping_status":"closed","template":"","meta":{"footnotes":""},"class_list":["post-4","page","type-page","status-publish","has-post-thumbnail","hentry"],"yoast_head":"<!-- This site is optimized with the Yoast SEO plugin v26.9 - https:\/\/yoast.com\/product\/yoast-seo-wordpress\/ -->\n<title>Inicio - Laboratorio Tecnol\u00f3gico para la Competitividad<\/title>\n<meta name=\"robots\" content=\"index, follow, max-snippet:-1, max-image-preview:large, max-video-preview:-1\" \/>\n<link rel=\"canonical\" href=\"https:\/\/ingenieria.udd.cl\/ltc\/\" \/>\n<meta property=\"og:locale\" content=\"es_ES\" \/>\n<meta property=\"og:type\" content=\"article\" \/>\n<meta property=\"og:title\" content=\"Inicio - Laboratorio Tecnol\u00f3gico para la Competitividad\" \/>\n<meta property=\"og:description\" content=\"QU\u00c9 SOMOS Junto al Gobierno Regional del Biob\u00edo y la Universidad del desarrollo, se crea el Laboratorio Tecnol\u00f3gico para la competitividad. Un espacio abierto para el desarrollo de I+D enfocada en los desaf\u00edos actuales de las Pymes industriales y agr\u00edcolas de la regi\u00f3n del Biob\u00edo. + Ver m\u00e1s REPITE LA TRANSMISI\u00d3N DEL LANZAMIENTO LAB LTC [&hellip;]\" \/>\n<meta property=\"og:url\" content=\"https:\/\/ingenieria.udd.cl\/ltc\/\" \/>\n<meta property=\"og:site_name\" content=\"Laboratorio Tecnol\u00f3gico para la Competitividad\" \/>\n<meta property=\"article:modified_time\" content=\"2022-06-16T13:38:19+00:00\" \/>\n<meta property=\"og:image\" content=\"https:\/\/ingenieria.udd.cl\/ltc\/files\/2021\/05\/BannerLTC.jpg\" \/>\n\t<meta property=\"og:image:width\" content=\"1922\" \/>\n\t<meta property=\"og:image:height\" content=\"1082\" \/>\n\t<meta property=\"og:image:type\" content=\"image\/jpeg\" \/>\n<meta name=\"twitter:card\" content=\"summary_large_image\" \/>\n<meta name=\"twitter:label1\" content=\"Tiempo de lectura\" \/>\n\t<meta name=\"twitter:data1\" content=\"1 minuto\" \/>\n<script type=\"application\/ld+json\" class=\"yoast-schema-graph\">{\"@context\":\"https:\/\/schema.org\",\"@graph\":[{\"@type\":\"WebPage\",\"@id\":\"https:\/\/ingenieria.udd.cl\/ltc\/\",\"url\":\"https:\/\/ingenieria.udd.cl\/ltc\/\",\"name\":\"Inicio - Laboratorio Tecnol\u00f3gico para la Competitividad\",\"isPartOf\":{\"@id\":\"https:\/\/ingenieria.udd.cl\/ltc\/#website\"},\"primaryImageOfPage\":{\"@id\":\"https:\/\/ingenieria.udd.cl\/ltc\/#primaryimage\"},\"image\":{\"@id\":\"https:\/\/ingenieria.udd.cl\/ltc\/#primaryimage\"},\"thumbnailUrl\":\"https:\/\/ingenieria.udd.cl\/ltc\/files\/2021\/05\/BannerLTC.jpg\",\"datePublished\":\"2021-04-05T15:26:33+00:00\",\"dateModified\":\"2022-06-16T13:38:19+00:00\",\"breadcrumb\":{\"@id\":\"https:\/\/ingenieria.udd.cl\/ltc\/#breadcrumb\"},\"inLanguage\":\"es\",\"potentialAction\":[{\"@type\":\"ReadAction\",\"target\":[\"https:\/\/ingenieria.udd.cl\/ltc\/\"]}]},{\"@type\":\"ImageObject\",\"inLanguage\":\"es\",\"@id\":\"https:\/\/ingenieria.udd.cl\/ltc\/#primaryimage\",\"url\":\"https:\/\/ingenieria.udd.cl\/ltc\/files\/2021\/05\/BannerLTC.jpg\",\"contentUrl\":\"https:\/\/ingenieria.udd.cl\/ltc\/files\/2021\/05\/BannerLTC.jpg\",\"width\":1922,\"height\":1082},{\"@type\":\"BreadcrumbList\",\"@id\":\"https:\/\/ingenieria.udd.cl\/ltc\/#breadcrumb\",\"itemListElement\":[{\"@type\":\"ListItem\",\"position\":1,\"name\":\"Portada\",\"item\":\"https:\/\/ingenieria.udd.cl\/ltc\/\"},{\"@type\":\"ListItem\",\"position\":2,\"name\":\"Inicio\"}]},{\"@type\":\"WebSite\",\"@id\":\"https:\/\/ingenieria.udd.cl\/ltc\/#website\",\"url\":\"https:\/\/ingenieria.udd.cl\/ltc\/\",\"name\":\"Laboratorio Tecnol\u00f3gico para la Competitividad\",\"description\":\"Otro sitio m\u00e1s de Ingenieria\",\"inLanguage\":\"es\"}]}<\/script>\n<!-- \/ Yoast SEO plugin. -->","yoast_head_json":{"title":"Inicio - Laboratorio Tecnol\u00f3gico para la Competitividad","robots":{"index":"index","follow":"follow","max-snippet":"max-snippet:-1","max-image-preview":"max-image-preview:large","max-video-preview":"max-video-preview:-1"},"canonical":"https:\/\/ingenieria.udd.cl\/ltc\/","og_locale":"es_ES","og_type":"article","og_title":"Inicio - Laboratorio Tecnol\u00f3gico para la Competitividad","og_description":"QU\u00c9 SOMOS Junto al Gobierno Regional del Biob\u00edo y la Universidad del desarrollo, se crea el Laboratorio Tecnol\u00f3gico para la competitividad. Un espacio abierto para el desarrollo de I+D enfocada en los desaf\u00edos actuales de las Pymes industriales y agr\u00edcolas de la regi\u00f3n del Biob\u00edo. + Ver m\u00e1s REPITE LA TRANSMISI\u00d3N DEL LANZAMIENTO LAB LTC [&hellip;]","og_url":"https:\/\/ingenieria.udd.cl\/ltc\/","og_site_name":"Laboratorio Tecnol\u00f3gico para la Competitividad","article_modified_time":"2022-06-16T13:38:19+00:00","og_image":[{"width":1922,"height":1082,"url":"https:\/\/ingenieria.udd.cl\/ltc\/files\/2021\/05\/BannerLTC.jpg","type":"image\/jpeg"}],"twitter_card":"summary_large_image","twitter_misc":{"Tiempo de lectura":"1 minuto"},"schema":{"@context":"https:\/\/schema.org","@graph":[{"@type":"WebPage","@id":"https:\/\/ingenieria.udd.cl\/ltc\/","url":"https:\/\/ingenieria.udd.cl\/ltc\/","name":"Inicio - Laboratorio Tecnol\u00f3gico para la Competitividad","isPartOf":{"@id":"https:\/\/ingenieria.udd.cl\/ltc\/#website"},"primaryImageOfPage":{"@id":"https:\/\/ingenieria.udd.cl\/ltc\/#primaryimage"},"image":{"@id":"https:\/\/ingenieria.udd.cl\/ltc\/#primaryimage"},"thumbnailUrl":"https:\/\/ingenieria.udd.cl\/ltc\/files\/2021\/05\/BannerLTC.jpg","datePublished":"2021-04-05T15:26:33+00:00","dateModified":"2022-06-16T13:38:19+00:00","breadcrumb":{"@id":"https:\/\/ingenieria.udd.cl\/ltc\/#breadcrumb"},"inLanguage":"es","potentialAction":[{"@type":"ReadAction","target":["https:\/\/ingenieria.udd.cl\/ltc\/"]}]},{"@type":"ImageObject","inLanguage":"es","@id":"https:\/\/ingenieria.udd.cl\/ltc\/#primaryimage","url":"https:\/\/ingenieria.udd.cl\/ltc\/files\/2021\/05\/BannerLTC.jpg","contentUrl":"https:\/\/ingenieria.udd.cl\/ltc\/files\/2021\/05\/BannerLTC.jpg","width":1922,"height":1082},{"@type":"BreadcrumbList","@id":"https:\/\/ingenieria.udd.cl\/ltc\/#breadcrumb","itemListElement":[{"@type":"ListItem","position":1,"name":"Portada","item":"https:\/\/ingenieria.udd.cl\/ltc\/"},{"@type":"ListItem","position":2,"name":"Inicio"}]},{"@type":"WebSite","@id":"https:\/\/ingenieria.udd.cl\/ltc\/#website","url":"https:\/\/ingenieria.udd.cl\/ltc\/","name":"Laboratorio Tecnol\u00f3gico para la Competitividad","description":"Otro sitio m\u00e1s de Ingenieria","inLanguage":"es"}]}},"_links":{"self":[{"href":"https:\/\/ingenieria.udd.cl\/ltc\/wp-json\/wp\/v2\/pages\/4","targetHints":{"allow":["GET"]}}],"collection":[{"href":"https:\/\/ingenieria.udd.cl\/ltc\/wp-json\/wp\/v2\/pages"}],"about":[{"href":"https:\/\/ingenieria.udd.cl\/ltc\/wp-json\/wp\/v2\/types\/page"}],"author":[{"embeddable":true,"href":"https:\/\/ingenieria.udd.cl\/ltc\/wp-json\/wp\/v2\/users\/25"}],"replies":[{"embeddable":true,"href":"https:\/\/ingenieria.udd.cl\/ltc\/wp-json\/wp\/v2\/comments?post=4"}],"version-history":[{"count":51,"href":"https:\/\/ingenieria.udd.cl\/ltc\/wp-json\/wp\/v2\/pages\/4\/revisions"}],"predecessor-version":[{"id":466,"href":"https:\/\/ingenieria.udd.cl\/ltc\/wp-json\/wp\/v2\/pages\/4\/revisions\/466"}],"wp:featuredmedia":[{"embeddable":true,"href":"https:\/\/ingenieria.udd.cl\/ltc\/wp-json\/wp\/v2\/media\/174"}],"wp:attachment":[{"href":"https:\/\/ingenieria.udd.cl\/ltc\/wp-json\/wp\/v2\/media?parent=4"}],"curies":[{"name":"wp","href":"https:\/\/api.w.org\/{rel}","templated":true}]}}