{"id":155,"date":"2020-09-25T16:47:29","date_gmt":"2020-09-25T14:47:29","guid":{"rendered":"https:\/\/ingenieria.udd.cl\/maker-campus\/?page_id=155"},"modified":"2020-09-25T17:01:41","modified_gmt":"2020-09-25T15:01:41","slug":"desafio-san-francisco-del-alba","status":"publish","type":"page","link":"https:\/\/ingenieria.udd.cl\/maker-campus\/desafio-san-francisco-del-alba\/","title":{"rendered":"Desaf\u00edo San Francisco del Alba"},"content":{"rendered":"\n<h2 class=\"wp-block-heading\">\u00bfTienes una idea de c\u00f3mo enfrentar de mejor manera la pandemia Covid-19?<\/h2>\n\n\n<section class=\"wp-block-udd-featured-link block--bg-gray\">\n\t<div class=\"container\">\n\t\t<div class=\"featured-link\">\n\t\t\t\t\t\t<div class=\"featured-link__media\">\n\t\t\t<a href=\"https:\/\/docs.google.com\/forms\/d\/e\/1FAIpQLSfUkFDeuhSuNHTptMF3dy8ZBLakf30mEXbemDFReVRV5JYa1A\/viewform\" data-url=\"https:\/\/docs.google.com\/forms\/d\/e\/1FAIpQLSfUkFDeuhSuNHTptMF3dy8ZBLakf30mEXbemDFReVRV5JYa1A\/viewform\">\n\t\t\t\t\t<img loading=\"lazy\" decoding=\"async\" width=\"680\" height=\"382\" src=\"https:\/\/ingenieria.udd.cl\/maker-campus\/files\/2020\/09\/logo_hackathon_sfda-680x382.jpg\" class=\"featured-link__media-image lazyload\" alt=\"\" sizes=\"auto, (max-width: 680px) 100vw, 680px\" data-src=\"https:\/\/ingenieria.udd.cl\/maker-campus\/files\/2020\/09\/logo_hackathon_sfda-680x382.jpg\" data-srcset=\"https:\/\/ingenieria.udd.cl\/maker-campus\/files\/2020\/09\/logo_hackathon_sfda-680x382.jpg 680w, https:\/\/ingenieria.udd.cl\/maker-campus\/files\/2020\/09\/logo_hackathon_sfda-952x534.jpg 952w\" \/>\t\t\t\t<\/a>\n\t\t\t<\/div>\n\t\t\t\t\t\t<div class=\"featured-link__content\">\n\t\t\t\t\t\t\t\t<h4 class=\"featured-link__epigraph\">\n\t\t\t\t\tDesaf\u00edo san francisco del allma\t\t\t\t<\/h4>\n\t\t\t\t\t\t\t\t\t\t\t\t\t<h3 class=\"featured-link__title\">\n\t\t\t\t\t\t<a data-url=\"https:\/\/docs.google.com\/forms\/d\/e\/1FAIpQLSfUkFDeuhSuNHTptMF3dy8ZBLakf30mEXbemDFReVRV5JYa1A\/viewform\" href=\"https:\/\/docs.google.com\/forms\/d\/e\/1FAIpQLSfUkFDeuhSuNHTptMF3dy8ZBLakf30mEXbemDFReVRV5JYa1A\/viewform\">\n\t\t\t\t\t\t\t\u201cHackea la pandemia\u201d\t\t\t\t\t\t<\/a>\n\t\t\t\t\t<\/h3>\n\t\t\t\t\t\t\t\t\t\t\t\t<div class=\"featured-link__description\">\n\t\t\t\t\t\u00bfQuieres ser parte de la soluci\u00f3n? Entonces esta es tu oportunidad: si est\u00e1s entre 1\u00b0 y 3\u00b0 medio del Colegio San Francisco del Alba, participa postulando tu idea tecnol\u00f3gica de mejora para esta pandemia. Se seleccionar\u00e1n las mejores y se les har\u00e1 capacitaciones para hacerla realidad seg\u00fan el \u00e1rea de tu idea (Fabricaci\u00f3n Digital, programaci\u00f3n, realidad virtual).\t\t\t\t<\/div>\n\t\t\t\t\t\t\t\t\t\t\t\t\t\t\t\t<a href=\"https:\/\/docs.google.com\/forms\/d\/e\/1FAIpQLSfUkFDeuhSuNHTptMF3dy8ZBLakf30mEXbemDFReVRV5JYa1A\/viewform\" data-url=\"https:\/\/docs.google.com\/forms\/d\/e\/1FAIpQLSfUkFDeuhSuNHTptMF3dy8ZBLakf30mEXbemDFReVRV5JYa1A\/viewform\"\n\t\t\t\t\t class=\"featured-link__more\"\t\t\t\t>\n\t\t\t\t\tPostula tu idea\t\t\t\t<\/a>\n\t\t\t\t\t\t\t<\/div>\n\t\t<\/div>\n\t<\/div>\n<\/section>\n","protected":false},"excerpt":{"rendered":"<p>\u00bfTienes una idea de c\u00f3mo enfrentar de mejor manera la pandemia Covid-19?<\/p>\n","protected":false},"author":9192218,"featured_media":0,"parent":0,"menu_order":0,"comment_status":"closed","ping_status":"closed","template":"","meta":{"footnotes":""},"class_list":["post-155","page","type-page","status-publish","hentry"],"yoast_head":"<!-- This site is optimized with the Yoast SEO plugin v26.9 - https:\/\/yoast.com\/product\/yoast-seo-wordpress\/ -->\n<title>Desaf\u00edo San Francisco del Alba - Maker Campus<\/title>\n<meta name=\"robots\" content=\"index, follow, max-snippet:-1, max-image-preview:large, max-video-preview:-1\" \/>\n<link rel=\"canonical\" href=\"https:\/\/ingenieria.udd.cl\/maker-campus\/desafio-san-francisco-del-alba\/\" \/>\n<meta property=\"og:locale\" content=\"es_ES\" \/>\n<meta property=\"og:type\" content=\"article\" \/>\n<meta property=\"og:title\" content=\"Desaf\u00edo San Francisco del Alba - Maker Campus\" \/>\n<meta property=\"og:description\" content=\"\u00bfTienes una idea de c\u00f3mo enfrentar de mejor manera la pandemia Covid-19?\" \/>\n<meta property=\"og:url\" content=\"https:\/\/ingenieria.udd.cl\/maker-campus\/desafio-san-francisco-del-alba\/\" \/>\n<meta property=\"og:site_name\" content=\"Maker Campus\" \/>\n<meta property=\"article:modified_time\" content=\"2020-09-25T15:01:41+00:00\" \/>\n<meta name=\"twitter:card\" content=\"summary_large_image\" \/>\n<script type=\"application\/ld+json\" class=\"yoast-schema-graph\">{\"@context\":\"https:\/\/schema.org\",\"@graph\":[{\"@type\":\"WebPage\",\"@id\":\"https:\/\/ingenieria.udd.cl\/maker-campus\/desafio-san-francisco-del-alba\/\",\"url\":\"https:\/\/ingenieria.udd.cl\/maker-campus\/desafio-san-francisco-del-alba\/\",\"name\":\"Desaf\u00edo San Francisco del Alba - Maker Campus\",\"isPartOf\":{\"@id\":\"https:\/\/ingenieria.udd.cl\/maker-campus\/#website\"},\"datePublished\":\"2020-09-25T14:47:29+00:00\",\"dateModified\":\"2020-09-25T15:01:41+00:00\",\"breadcrumb\":{\"@id\":\"https:\/\/ingenieria.udd.cl\/maker-campus\/desafio-san-francisco-del-alba\/#breadcrumb\"},\"inLanguage\":\"es\",\"potentialAction\":[{\"@type\":\"ReadAction\",\"target\":[\"https:\/\/ingenieria.udd.cl\/maker-campus\/desafio-san-francisco-del-alba\/\"]}]},{\"@type\":\"BreadcrumbList\",\"@id\":\"https:\/\/ingenieria.udd.cl\/maker-campus\/desafio-san-francisco-del-alba\/#breadcrumb\",\"itemListElement\":[{\"@type\":\"ListItem\",\"position\":1,\"name\":\"Portada\",\"item\":\"https:\/\/ingenieria.udd.cl\/maker-campus\/\"},{\"@type\":\"ListItem\",\"position\":2,\"name\":\"Desaf\u00edo San Francisco del Alba\"}]},{\"@type\":\"WebSite\",\"@id\":\"https:\/\/ingenieria.udd.cl\/maker-campus\/#website\",\"url\":\"https:\/\/ingenieria.udd.cl\/maker-campus\/\",\"name\":\"Maker Campus\",\"description\":\"Otro sitio m\u00e1s de Ingenieria\",\"inLanguage\":\"es\"}]}<\/script>\n<!-- \/ Yoast SEO plugin. -->","yoast_head_json":{"title":"Desaf\u00edo San Francisco del Alba - Maker Campus","robots":{"index":"index","follow":"follow","max-snippet":"max-snippet:-1","max-image-preview":"max-image-preview:large","max-video-preview":"max-video-preview:-1"},"canonical":"https:\/\/ingenieria.udd.cl\/maker-campus\/desafio-san-francisco-del-alba\/","og_locale":"es_ES","og_type":"article","og_title":"Desaf\u00edo San Francisco del Alba - Maker Campus","og_description":"\u00bfTienes una idea de c\u00f3mo enfrentar de mejor manera la pandemia Covid-19?","og_url":"https:\/\/ingenieria.udd.cl\/maker-campus\/desafio-san-francisco-del-alba\/","og_site_name":"Maker Campus","article_modified_time":"2020-09-25T15:01:41+00:00","twitter_card":"summary_large_image","schema":{"@context":"https:\/\/schema.org","@graph":[{"@type":"WebPage","@id":"https:\/\/ingenieria.udd.cl\/maker-campus\/desafio-san-francisco-del-alba\/","url":"https:\/\/ingenieria.udd.cl\/maker-campus\/desafio-san-francisco-del-alba\/","name":"Desaf\u00edo San Francisco del Alba - Maker Campus","isPartOf":{"@id":"https:\/\/ingenieria.udd.cl\/maker-campus\/#website"},"datePublished":"2020-09-25T14:47:29+00:00","dateModified":"2020-09-25T15:01:41+00:00","breadcrumb":{"@id":"https:\/\/ingenieria.udd.cl\/maker-campus\/desafio-san-francisco-del-alba\/#breadcrumb"},"inLanguage":"es","potentialAction":[{"@type":"ReadAction","target":["https:\/\/ingenieria.udd.cl\/maker-campus\/desafio-san-francisco-del-alba\/"]}]},{"@type":"BreadcrumbList","@id":"https:\/\/ingenieria.udd.cl\/maker-campus\/desafio-san-francisco-del-alba\/#breadcrumb","itemListElement":[{"@type":"ListItem","position":1,"name":"Portada","item":"https:\/\/ingenieria.udd.cl\/maker-campus\/"},{"@type":"ListItem","position":2,"name":"Desaf\u00edo San Francisco del Alba"}]},{"@type":"WebSite","@id":"https:\/\/ingenieria.udd.cl\/maker-campus\/#website","url":"https:\/\/ingenieria.udd.cl\/maker-campus\/","name":"Maker Campus","description":"Otro sitio m\u00e1s de Ingenieria","inLanguage":"es"}]}},"_links":{"self":[{"href":"https:\/\/ingenieria.udd.cl\/maker-campus\/wp-json\/wp\/v2\/pages\/155","targetHints":{"allow":["GET"]}}],"collection":[{"href":"https:\/\/ingenieria.udd.cl\/maker-campus\/wp-json\/wp\/v2\/pages"}],"about":[{"href":"https:\/\/ingenieria.udd.cl\/maker-campus\/wp-json\/wp\/v2\/types\/page"}],"author":[{"embeddable":true,"href":"https:\/\/ingenieria.udd.cl\/maker-campus\/wp-json\/wp\/v2\/users\/9192218"}],"replies":[{"embeddable":true,"href":"https:\/\/ingenieria.udd.cl\/maker-campus\/wp-json\/wp\/v2\/comments?post=155"}],"version-history":[{"count":9,"href":"https:\/\/ingenieria.udd.cl\/maker-campus\/wp-json\/wp\/v2\/pages\/155\/revisions"}],"predecessor-version":[{"id":179,"href":"https:\/\/ingenieria.udd.cl\/maker-campus\/wp-json\/wp\/v2\/pages\/155\/revisions\/179"}],"wp:attachment":[{"href":"https:\/\/ingenieria.udd.cl\/maker-campus\/wp-json\/wp\/v2\/media?parent=155"}],"curies":[{"name":"wp","href":"https:\/\/api.w.org\/{rel}","templated":true}]}}