{"id":32,"date":"2020-09-24T17:32:04","date_gmt":"2020-09-24T15:32:04","guid":{"rendered":"https:\/\/ingenieria.udd.cl\/maker-campus\/?page_id=32"},"modified":"2025-07-08T20:35:03","modified_gmt":"2025-07-08T18:35:03","slug":"academia","status":"publish","type":"page","link":"https:\/\/ingenieria.udd.cl\/maker-campus\/academia\/","title":{"rendered":"Academia"},"content":{"rendered":"<section class=\"wp-block-udd-text-row block--content-align-right\">\n\t<div class=\"text-row\">\n\t\t<div class=\"text-row__content\">\n\t\t\t<div class=\"text-row__content-inner text\">\n\t\t\t\t\t\t\t\t\n<p>Maker Campus es la primera academia de creadores basado en tecnolog\u00eda, la que integra conocimientos en tecnolog\u00edas de vanguardia a diversos niveles con una experiencia de trabajo a partir de proyectos\/desaf\u00edos. Bajo esta metodolog\u00eda, es posible lograr el desarrollo tanto de habilidades profesionales con el desarrollo de conocimiento t\u00e9cnico en algunas de las tecnolog\u00edas que est\u00e1n generando cambios importantes en la actualidad. La academia permite hacer convivir estudiantes con diferente nivel t\u00e9cnico y enfrentarlos a desaf\u00edos comunes para la b\u00fasqueda de soluciones consensuadas y participativas.<\/p>\n\t\t\t<\/div>\n\t\t<\/div>\n\t\t<div class=\"text-row__media\">\n\t\t\t<img loading=\"lazy\" decoding=\"async\" width=\"952\" height=\"534\" src=\"https:\/\/ingenieria.udd.cl\/maker-campus\/files\/2020\/09\/img_4169-1366x768-1-300x169.jpg\" class=\"text-row__media-image lazyload\" alt=\"\" sizes=\"auto, (max-width: 952px) 100vw, 952px\" data-src=\"https:\/\/ingenieria.udd.cl\/maker-campus\/files\/2020\/09\/img_4169-1366x768-1-952x534.jpg\" data-srcset=\"https:\/\/ingenieria.udd.cl\/maker-campus\/files\/2020\/09\/img_4169-1366x768-1-952x534.jpg 952w, https:\/\/ingenieria.udd.cl\/maker-campus\/files\/2020\/09\/img_4169-1366x768-1-300x169.jpg 300w, https:\/\/ingenieria.udd.cl\/maker-campus\/files\/2020\/09\/img_4169-1366x768-1-768x432.jpg 768w, https:\/\/ingenieria.udd.cl\/maker-campus\/files\/2020\/09\/img_4169-1366x768-1-680x382.jpg 680w, https:\/\/ingenieria.udd.cl\/maker-campus\/files\/2020\/09\/img_4169-1366x768-1.jpg 1366w\" \/>\t\t<\/div>\n\t<\/div>\n<\/section>\n\n\n\n<div class=\"wp-block-image\"><figure class=\"alignright size-large is-resized\"><img loading=\"lazy\" decoding=\"async\" src=\"https:\/\/ingenieria.udd.cl\/maker-campus\/files\/2020\/09\/personas-1024x648-1.png\" alt=\"\" class=\"wp-image-50\" width=\"512\" height=\"324\" srcset=\"https:\/\/ingenieria.udd.cl\/maker-campus\/files\/2020\/09\/personas-1024x648-1.png 1024w, https:\/\/ingenieria.udd.cl\/maker-campus\/files\/2020\/09\/personas-1024x648-1-300x190.png 300w, https:\/\/ingenieria.udd.cl\/maker-campus\/files\/2020\/09\/personas-1024x648-1-768x486.png 768w\" sizes=\"auto, (max-width: 512px) 100vw, 512px\" \/><\/figure><\/div>\n\n\n\n<p>Programa de formaci\u00f3n de alumnos escolares, abarcando estudiantes desde 1\u00b0 a 4\u00b0 Medio, que busca la inserci\u00f3n y aprendizaje de los estudiantes en disciplinas con base tecnol\u00f3gica como apoyo al desarrollo de soluciones y a la generaci\u00f3n de ideas. <\/p>\n\n\n\n<p>La transmisi\u00f3n de conocimientos se realizar\u00e1 en formato taller pr\u00e1ctico, permitiendo que el aprendizaje se adquiera en base a experiencias, a iterar soluciones mediante \u201cprueba y error\u201d y practicar la resoluci\u00f3n de problem\u00e1ticas. Adem\u00e1s, se puede evaluar el progreso de los integrantes del curso con resultados tangibles, mediante el desarrollo de prototipos. <strong>Se puede hacer curricular en la asignatura de tecnolog\u00eda o extra-curricular.<\/strong><\/p>\n\n\n\n<h2 class=\"wp-block-heading\">Cifras de nuestro programa<\/h2>\n\n\n<!-- Facts -->\n<section class=\"wp-block-udd-facts\">\n\t<div class=\"container\">\n\t\t<div id=\"udd-facts-row--1\" class=\"facts carousel slide\" data-ride=\"false\" data-interval=\"false\" data-keyboard=\"false\">\n\t\t\t<div\n\t\t\t\t\t\t\t\tclass=\"facts-inner carousel-inner\"\n\t\t\t>\n\t\t\t\t\t\t\t<div class=\"fact carousel-item active\">\n\t\t\t\t\t\t\t\t\t\t<div class=\"fact__headline\">+300<\/div>\n\t\t\t\t\t<div class=\"fact__description\">Alumnos<\/div>\n\t\t\t\t<\/div>\n\t\t\t\t\t\t\t\t<div class=\"fact carousel-item\">\n\t\t\t\t\t\t\t\t\t\t<div class=\"fact__headline\">4<\/div>\n\t\t\t\t\t<div class=\"fact__description\">Generaciones<\/div>\n\t\t\t\t<\/div>\n\t\t\t\t\t\t\t\t<div class=\"fact carousel-item\">\n\t\t\t\t\t\t\t\t\t\t<div class=\"fact__headline\">3<\/div>\n\t\t\t\t\t<div class=\"fact__description\">Municipalidades<\/div>\n\t\t\t\t<\/div>\n\t\t\t\t\t\t\t\t<div class=\"fact carousel-item\">\n\t\t\t\t\t\t\t\t\t\t<div class=\"fact__headline\">4<\/div>\n\t\t\t\t\t<div class=\"fact__description\">Tipos de formato<\/div>\n\t\t\t\t<\/div>\n\t\t\t\t\t\t\t<\/div>\n\t\t\t<footer class=\"carousel-footer\">\n\t\t\t\t<ol class=\"carousel-indicators\">\n\t\t\t\t\t\t\t\t\t<li data-target=\"#udd-facts-row--1\" data-slide-to=\"0\" class=&quot;active&quot;><\/li>\n\t\t\t\t\t\t\t\t\t<li data-target=\"#udd-facts-row--1\" data-slide-to=\"1\"><\/li>\n\t\t\t\t\t\t\t\t\t<li data-target=\"#udd-facts-row--1\" data-slide-to=\"2\"><\/li>\n\t\t\t\t\t\t\t\t\t<li data-target=\"#udd-facts-row--1\" data-slide-to=\"3\"><\/li>\n\t\t\t\t\t\t\t\t<\/ol>\n\t\t\t\t<a class=\"carousel-control-prev\" href=\"#udd-facts-row--1\" role=\"button\" data-slide=\"prev\">\n\t\t\t\t\t<svg class=\"svg-chevron-left-dims\"><use xlink:href='https:\/\/ingenieria.udd.cl\/maker-campus\/wp-content\/themes\/facultades-2018\/assets\/img\/svg\/dist\/main.svg?version=1695853099#chevron-left'><\/use><\/svg>\t\t\t\t\t<span class=\"sr-only\">Anterior<\/span>\n\t\t\t\t<\/a>\n\t\t\t\t<a class=\"carousel-control-next\" href=\"#udd-facts-row--1\" role=\"button\" data-slide=\"next\">\n\t\t\t\t\t<svg class=\"svg-chevron-right-dims\"><use xlink:href='https:\/\/ingenieria.udd.cl\/maker-campus\/wp-content\/themes\/facultades-2018\/assets\/img\/svg\/dist\/main.svg?version=1695853099#chevron-right'><\/use><\/svg>\t\t\t\t\t<span class=\"sr-only\">Siguiente<\/span>\n\t\t\t\t<\/a>\n\t\t\t<\/footer>\n\t\t<\/div>\n\t<\/div>\n<\/section>\n","protected":false},"excerpt":{"rendered":"<p>Programa de formaci\u00f3n de alumnos escolares, abarcando estudiantes desde 1\u00b0 a 4\u00b0 Medio, que busca la inserci\u00f3n y aprendizaje de los estudiantes en disciplinas con base tecnol\u00f3gica como apoyo al desarrollo de soluciones y a la generaci\u00f3n de ideas. La transmisi\u00f3n de conocimientos se realizar\u00e1 en formato taller pr\u00e1ctico, permitiendo que el aprendizaje se adquiera [&hellip;]<\/p>\n","protected":false},"author":9192218,"featured_media":0,"parent":0,"menu_order":0,"comment_status":"closed","ping_status":"closed","template":"","meta":{"footnotes":""},"class_list":["post-32","page","type-page","status-publish","hentry"],"yoast_head":"<!-- This site is optimized with the Yoast SEO plugin v26.9 - https:\/\/yoast.com\/product\/yoast-seo-wordpress\/ -->\n<title>Academia - Maker Campus<\/title>\n<meta name=\"robots\" content=\"index, follow, max-snippet:-1, max-image-preview:large, max-video-preview:-1\" \/>\n<link rel=\"canonical\" href=\"https:\/\/ingenieria.udd.cl\/maker-campus\/academia\/\" \/>\n<meta property=\"og:locale\" content=\"es_ES\" \/>\n<meta property=\"og:type\" content=\"article\" \/>\n<meta property=\"og:title\" content=\"Academia - Maker Campus\" \/>\n<meta property=\"og:description\" content=\"Programa de formaci\u00f3n de alumnos escolares, abarcando estudiantes desde 1\u00b0 a 4\u00b0 Medio, que busca la inserci\u00f3n y aprendizaje de los estudiantes en disciplinas con base tecnol\u00f3gica como apoyo al desarrollo de soluciones y a la generaci\u00f3n de ideas. La transmisi\u00f3n de conocimientos se realizar\u00e1 en formato taller pr\u00e1ctico, permitiendo que el aprendizaje se adquiera [&hellip;]\" \/>\n<meta property=\"og:url\" content=\"https:\/\/ingenieria.udd.cl\/maker-campus\/academia\/\" \/>\n<meta property=\"og:site_name\" content=\"Maker Campus\" \/>\n<meta property=\"article:modified_time\" content=\"2025-07-08T18:35:03+00:00\" \/>\n<meta property=\"og:image\" content=\"https:\/\/ingenieria.udd.cl\/maker-campus\/files\/2020\/09\/img_4169-1366x768-1.jpg\" \/>\n<meta name=\"twitter:card\" content=\"summary_large_image\" \/>\n<meta name=\"twitter:label1\" content=\"Tiempo de lectura\" \/>\n\t<meta name=\"twitter:data1\" content=\"2 minutos\" \/>\n<script type=\"application\/ld+json\" class=\"yoast-schema-graph\">{\"@context\":\"https:\/\/schema.org\",\"@graph\":[{\"@type\":\"WebPage\",\"@id\":\"https:\/\/ingenieria.udd.cl\/maker-campus\/academia\/\",\"url\":\"https:\/\/ingenieria.udd.cl\/maker-campus\/academia\/\",\"name\":\"Academia - Maker Campus\",\"isPartOf\":{\"@id\":\"https:\/\/ingenieria.udd.cl\/maker-campus\/#website\"},\"primaryImageOfPage\":{\"@id\":\"https:\/\/ingenieria.udd.cl\/maker-campus\/academia\/#primaryimage\"},\"image\":{\"@id\":\"https:\/\/ingenieria.udd.cl\/maker-campus\/academia\/#primaryimage\"},\"thumbnailUrl\":\"https:\/\/ingenieria.udd.cl\/maker-campus\/files\/2020\/09\/img_4169-1366x768-1.jpg\",\"datePublished\":\"2020-09-24T15:32:04+00:00\",\"dateModified\":\"2025-07-08T18:35:03+00:00\",\"breadcrumb\":{\"@id\":\"https:\/\/ingenieria.udd.cl\/maker-campus\/academia\/#breadcrumb\"},\"inLanguage\":\"es\",\"potentialAction\":[{\"@type\":\"ReadAction\",\"target\":[\"https:\/\/ingenieria.udd.cl\/maker-campus\/academia\/\"]}]},{\"@type\":\"ImageObject\",\"inLanguage\":\"es\",\"@id\":\"https:\/\/ingenieria.udd.cl\/maker-campus\/academia\/#primaryimage\",\"url\":\"https:\/\/ingenieria.udd.cl\/maker-campus\/files\/2020\/09\/img_4169-1366x768-1.jpg\",\"contentUrl\":\"https:\/\/ingenieria.udd.cl\/maker-campus\/files\/2020\/09\/img_4169-1366x768-1.jpg\",\"width\":1366,\"height\":768},{\"@type\":\"BreadcrumbList\",\"@id\":\"https:\/\/ingenieria.udd.cl\/maker-campus\/academia\/#breadcrumb\",\"itemListElement\":[{\"@type\":\"ListItem\",\"position\":1,\"name\":\"Portada\",\"item\":\"https:\/\/ingenieria.udd.cl\/maker-campus\/\"},{\"@type\":\"ListItem\",\"position\":2,\"name\":\"Academia\"}]},{\"@type\":\"WebSite\",\"@id\":\"https:\/\/ingenieria.udd.cl\/maker-campus\/#website\",\"url\":\"https:\/\/ingenieria.udd.cl\/maker-campus\/\",\"name\":\"Maker Campus\",\"description\":\"Otro sitio m\u00e1s de Ingenieria\",\"inLanguage\":\"es\"}]}<\/script>\n<!-- \/ Yoast SEO plugin. -->","yoast_head_json":{"title":"Academia - Maker Campus","robots":{"index":"index","follow":"follow","max-snippet":"max-snippet:-1","max-image-preview":"max-image-preview:large","max-video-preview":"max-video-preview:-1"},"canonical":"https:\/\/ingenieria.udd.cl\/maker-campus\/academia\/","og_locale":"es_ES","og_type":"article","og_title":"Academia - Maker Campus","og_description":"Programa de formaci\u00f3n de alumnos escolares, abarcando estudiantes desde 1\u00b0 a 4\u00b0 Medio, que busca la inserci\u00f3n y aprendizaje de los estudiantes en disciplinas con base tecnol\u00f3gica como apoyo al desarrollo de soluciones y a la generaci\u00f3n de ideas. La transmisi\u00f3n de conocimientos se realizar\u00e1 en formato taller pr\u00e1ctico, permitiendo que el aprendizaje se adquiera [&hellip;]","og_url":"https:\/\/ingenieria.udd.cl\/maker-campus\/academia\/","og_site_name":"Maker Campus","article_modified_time":"2025-07-08T18:35:03+00:00","og_image":[{"url":"https:\/\/ingenieria.udd.cl\/maker-campus\/files\/2020\/09\/img_4169-1366x768-1.jpg","type":"","width":"","height":""}],"twitter_card":"summary_large_image","twitter_misc":{"Tiempo de lectura":"2 minutos"},"schema":{"@context":"https:\/\/schema.org","@graph":[{"@type":"WebPage","@id":"https:\/\/ingenieria.udd.cl\/maker-campus\/academia\/","url":"https:\/\/ingenieria.udd.cl\/maker-campus\/academia\/","name":"Academia - Maker Campus","isPartOf":{"@id":"https:\/\/ingenieria.udd.cl\/maker-campus\/#website"},"primaryImageOfPage":{"@id":"https:\/\/ingenieria.udd.cl\/maker-campus\/academia\/#primaryimage"},"image":{"@id":"https:\/\/ingenieria.udd.cl\/maker-campus\/academia\/#primaryimage"},"thumbnailUrl":"https:\/\/ingenieria.udd.cl\/maker-campus\/files\/2020\/09\/img_4169-1366x768-1.jpg","datePublished":"2020-09-24T15:32:04+00:00","dateModified":"2025-07-08T18:35:03+00:00","breadcrumb":{"@id":"https:\/\/ingenieria.udd.cl\/maker-campus\/academia\/#breadcrumb"},"inLanguage":"es","potentialAction":[{"@type":"ReadAction","target":["https:\/\/ingenieria.udd.cl\/maker-campus\/academia\/"]}]},{"@type":"ImageObject","inLanguage":"es","@id":"https:\/\/ingenieria.udd.cl\/maker-campus\/academia\/#primaryimage","url":"https:\/\/ingenieria.udd.cl\/maker-campus\/files\/2020\/09\/img_4169-1366x768-1.jpg","contentUrl":"https:\/\/ingenieria.udd.cl\/maker-campus\/files\/2020\/09\/img_4169-1366x768-1.jpg","width":1366,"height":768},{"@type":"BreadcrumbList","@id":"https:\/\/ingenieria.udd.cl\/maker-campus\/academia\/#breadcrumb","itemListElement":[{"@type":"ListItem","position":1,"name":"Portada","item":"https:\/\/ingenieria.udd.cl\/maker-campus\/"},{"@type":"ListItem","position":2,"name":"Academia"}]},{"@type":"WebSite","@id":"https:\/\/ingenieria.udd.cl\/maker-campus\/#website","url":"https:\/\/ingenieria.udd.cl\/maker-campus\/","name":"Maker Campus","description":"Otro sitio m\u00e1s de Ingenieria","inLanguage":"es"}]}},"_links":{"self":[{"href":"https:\/\/ingenieria.udd.cl\/maker-campus\/wp-json\/wp\/v2\/pages\/32","targetHints":{"allow":["GET"]}}],"collection":[{"href":"https:\/\/ingenieria.udd.cl\/maker-campus\/wp-json\/wp\/v2\/pages"}],"about":[{"href":"https:\/\/ingenieria.udd.cl\/maker-campus\/wp-json\/wp\/v2\/types\/page"}],"author":[{"embeddable":true,"href":"https:\/\/ingenieria.udd.cl\/maker-campus\/wp-json\/wp\/v2\/users\/9192218"}],"replies":[{"embeddable":true,"href":"https:\/\/ingenieria.udd.cl\/maker-campus\/wp-json\/wp\/v2\/comments?post=32"}],"version-history":[{"count":12,"href":"https:\/\/ingenieria.udd.cl\/maker-campus\/wp-json\/wp\/v2\/pages\/32\/revisions"}],"predecessor-version":[{"id":325,"href":"https:\/\/ingenieria.udd.cl\/maker-campus\/wp-json\/wp\/v2\/pages\/32\/revisions\/325"}],"wp:attachment":[{"href":"https:\/\/ingenieria.udd.cl\/maker-campus\/wp-json\/wp\/v2\/media?parent=32"}],"curies":[{"name":"wp","href":"https:\/\/api.w.org\/{rel}","templated":true}]}}