{"id":341,"date":"2024-08-21T20:58:41","date_gmt":"2024-08-21T18:58:41","guid":{"rendered":"https:\/\/ingenieria.udd.cl\/maker-campus\/?page_id=341"},"modified":"2025-11-18T17:04:35","modified_gmt":"2025-11-18T16:04:35","slug":"maker-camp","status":"publish","type":"page","link":"https:\/\/ingenieria.udd.cl\/maker-campus\/maker-camp\/","title":{"rendered":"Maker Camp"},"content":{"rendered":"\n<figure class=\"wp-block-image aligncenter size-large\"><img loading=\"lazy\" decoding=\"async\" width=\"1024\" height=\"576\" src=\"https:\/\/ingenieria.udd.cl\/maker-campus\/files\/2025\/11\/banner-01-maker-camp-1024x576.png\" alt=\"\" class=\"wp-image-434\" srcset=\"https:\/\/ingenieria.udd.cl\/maker-campus\/files\/2025\/11\/banner-01-maker-camp-1024x576.png 1024w, https:\/\/ingenieria.udd.cl\/maker-campus\/files\/2025\/11\/banner-01-maker-camp-300x169.png 300w, https:\/\/ingenieria.udd.cl\/maker-campus\/files\/2025\/11\/banner-01-maker-camp-768x432.png 768w, https:\/\/ingenieria.udd.cl\/maker-campus\/files\/2025\/11\/banner-01-maker-camp-1536x864.png 1536w, https:\/\/ingenieria.udd.cl\/maker-campus\/files\/2025\/11\/banner-01-maker-camp-1366x768.png 1366w, https:\/\/ingenieria.udd.cl\/maker-campus\/files\/2025\/11\/banner-01-maker-camp-680x382.png 680w, https:\/\/ingenieria.udd.cl\/maker-campus\/files\/2025\/11\/banner-01-maker-camp.png 1920w\" sizes=\"auto, (max-width: 1024px) 100vw, 1024px\" \/><\/figure>\n\n\n\n<p>Revisa un resumen de nuestro \u00faltimo Maker Camp: <\/p>\n\n\n\n<figure class=\"wp-block-embed aligncenter is-type-video is-provider-youtube wp-block-embed-youtube wp-embed-aspect-16-9 wp-has-aspect-ratio\"><div class=\"wp-block-embed__wrapper\">\n<iframe loading=\"lazy\" title=\"Maker Camp 2025: \u201cEco-Coders: Construye un biorreactor inteligente\u201d\" width=\"500\" height=\"281\" src=\"https:\/\/www.youtube.com\/embed\/hruGPDIhVzs?feature=oembed\" frameborder=\"0\" allow=\"accelerometer; autoplay; clipboard-write; encrypted-media; gyroscope; picture-in-picture; web-share\" referrerpolicy=\"strict-origin-when-cross-origin\" allowfullscreen><\/iframe>\n<\/div><\/figure>\n\n\n<section class=\"wp-block-udd-text-row block--bg-gray\">\n\t<div class=\"text-row\">\n\t\t<div class=\"text-row__content\">\n\t\t\t<div class=\"text-row__content-inner text\">\n\t\t\t\t\t\t\t\t<h2>\u00bfQu\u00e9 es Maker Camp?<\/h2>\n\t\t\t\t\t\t\t\t\n<p>Maker Camp es un taller para alumnos de Ense\u00f1anza Media, en el cual los asistentes aprender\u00e1n tecnolog\u00edas relevantes para el siglo XXI.<\/p>\n\n<p>En esta actividad, los estudiantes pueden aprender y conocer detalladamente sobre diferentes tipos de tecnolog\u00edas como la fabricaci\u00f3n digital, electr\u00f3nica, realidad virtual e inteligencia artificial, con una metodolog\u00eda que combinar\u00e1 la teor\u00eda con la pr\u00e1ctica en cada una de estas \u00e1reas.<\/p>\n\t\t\t<\/div>\n\t\t<\/div>\n\t\t<div class=\"text-row__media\">\n\t\t\t<img loading=\"lazy\" decoding=\"async\" width=\"952\" height=\"534\" src=\"https:\/\/ingenieria.udd.cl\/maker-campus\/files\/2024\/08\/dsc_5587-mejorado-nr-680x382.jpg\" class=\"text-row__media-image lazyload\" alt=\"\" sizes=\"auto, (max-width: 952px) 100vw, 952px\" data-src=\"https:\/\/ingenieria.udd.cl\/maker-campus\/files\/2024\/08\/dsc_5587-mejorado-nr-952x534.jpg\" data-srcset=\"https:\/\/ingenieria.udd.cl\/maker-campus\/files\/2024\/08\/dsc_5587-mejorado-nr-952x534.jpg 952w, https:\/\/ingenieria.udd.cl\/maker-campus\/files\/2024\/08\/dsc_5587-mejorado-nr-1366x768.jpg 1366w, https:\/\/ingenieria.udd.cl\/maker-campus\/files\/2024\/08\/dsc_5587-mejorado-nr-680x382.jpg 680w\" \/>\t\t<\/div>\n\t<\/div>\n<\/section>\n\n\n<section class=\"wp-block-udd-text-row block--content-align-right block--bg-gray\">\n\t<div class=\"text-row\">\n\t\t<div class=\"text-row__content\">\n\t\t\t<div class=\"text-row__content-inner text\">\n\t\t\t\t\t\t\t\t<h2>\u00bfC\u00f3mo funciona? <\/h2>\n\t\t\t\t\t\t\t\t\n<p>La Direcci\u00f3n de Innovaci\u00f3n de Ingenier\u00eda de la Facultad de Ingenier\u00eda UDD relizan dos Maker Camp durante el a\u00f1o, donde podr\u00e1s aprender sobre diferentes temas relacionados a la innovaci\u00f3n y tecnolog\u00eda. <\/p>\n\t\t\t<\/div>\n\t\t<\/div>\n\t\t<div class=\"text-row__media\">\n\t\t\t<img loading=\"lazy\" decoding=\"async\" width=\"952\" height=\"534\" src=\"https:\/\/ingenieria.udd.cl\/maker-campus\/files\/2024\/08\/dsc_4047-1024x681-1-680x382.jpg\" class=\"text-row__media-image lazyload\" alt=\"\" sizes=\"auto, (max-width: 952px) 100vw, 952px\" data-src=\"https:\/\/ingenieria.udd.cl\/maker-campus\/files\/2024\/08\/dsc_4047-1024x681-1-952x534.jpg\" data-srcset=\"https:\/\/ingenieria.udd.cl\/maker-campus\/files\/2024\/08\/dsc_4047-1024x681-1-952x534.jpg 952w, https:\/\/ingenieria.udd.cl\/maker-campus\/files\/2024\/08\/dsc_4047-1024x681-1-680x382.jpg 680w\" \/>\t\t<\/div>\n\t<\/div>\n<\/section>\n\n\n<section class=\"wp-block-udd-text-row block--bg-gray\">\n\t<div class=\"text-row\">\n\t\t<div class=\"text-row__content\">\n\t\t\t<div class=\"text-row__content-inner text\">\n\t\t\t\t\t\t\t\t<h2>\u00bfQui\u00e9nes imparten las clases?<\/h2>\n\t\t\t\t\t\t\t\t\n<p>Un grupo de profesores y tutores de Maker Campus est\u00e1n a cargo de las clases y sesiones, con el fin de guiar a los alumnos en el proyecto en el cual se est\u00e1 trabajando. <\/p>\n\t\t\t<\/div>\n\t\t<\/div>\n\t\t<div class=\"text-row__media\">\n\t\t\t<img loading=\"lazy\" decoding=\"async\" width=\"952\" height=\"534\" src=\"https:\/\/ingenieria.udd.cl\/maker-campus\/files\/2024\/08\/maker-680x382.jpg\" class=\"text-row__media-image lazyload\" alt=\"\" sizes=\"auto, (max-width: 952px) 100vw, 952px\" data-src=\"https:\/\/ingenieria.udd.cl\/maker-campus\/files\/2024\/08\/maker-952x534.jpg\" data-srcset=\"https:\/\/ingenieria.udd.cl\/maker-campus\/files\/2024\/08\/maker-952x534.jpg 952w, https:\/\/ingenieria.udd.cl\/maker-campus\/files\/2024\/08\/maker-1366x768.jpg 1366w, https:\/\/ingenieria.udd.cl\/maker-campus\/files\/2024\/08\/maker-680x382.jpg 680w\" \/>\t\t<\/div>\n\t<\/div>\n<\/section>\n\n\n\n<p><strong>Si necesitas m\u00e1s informaci\u00f3n puedes escribir a s.perez@udd.cl. <\/strong><\/p>\n","protected":false},"excerpt":{"rendered":"<p>Revisa un resumen de nuestro \u00faltimo Maker Camp: Si necesitas m\u00e1s informaci\u00f3n puedes escribir a s.perez@udd.cl.<\/p>\n","protected":false},"author":9192225,"featured_media":0,"parent":0,"menu_order":0,"comment_status":"closed","ping_status":"closed","template":"","meta":{"footnotes":""},"class_list":["post-341","page","type-page","status-publish","hentry"],"yoast_head":"<!-- This site is optimized with the Yoast SEO plugin v26.9 - https:\/\/yoast.com\/product\/yoast-seo-wordpress\/ -->\n<title>Maker Camp - Maker Campus<\/title>\n<meta name=\"robots\" content=\"index, follow, max-snippet:-1, max-image-preview:large, max-video-preview:-1\" \/>\n<link rel=\"canonical\" href=\"https:\/\/ingenieria.udd.cl\/maker-campus\/maker-camp\/\" \/>\n<meta property=\"og:locale\" content=\"es_ES\" \/>\n<meta property=\"og:type\" content=\"article\" \/>\n<meta property=\"og:title\" content=\"Maker Camp - Maker Campus\" \/>\n<meta property=\"og:description\" content=\"Revisa un resumen de nuestro \u00faltimo Maker Camp: Si necesitas m\u00e1s informaci\u00f3n puedes escribir a s.perez@udd.cl.\" \/>\n<meta property=\"og:url\" content=\"https:\/\/ingenieria.udd.cl\/maker-campus\/maker-camp\/\" \/>\n<meta property=\"og:site_name\" content=\"Maker Campus\" \/>\n<meta property=\"article:modified_time\" content=\"2025-11-18T16:04:35+00:00\" \/>\n<meta property=\"og:image\" content=\"https:\/\/ingenieria.udd.cl\/maker-campus\/files\/2025\/11\/banner-01-maker-camp.png\" \/>\n\t<meta property=\"og:image:width\" content=\"1920\" \/>\n\t<meta property=\"og:image:height\" content=\"1080\" \/>\n\t<meta property=\"og:image:type\" content=\"image\/png\" \/>\n<meta name=\"twitter:card\" content=\"summary_large_image\" \/>\n<meta name=\"twitter:label1\" content=\"Tiempo de lectura\" \/>\n\t<meta name=\"twitter:data1\" content=\"2 minutos\" \/>\n<script type=\"application\/ld+json\" class=\"yoast-schema-graph\">{\"@context\":\"https:\/\/schema.org\",\"@graph\":[{\"@type\":\"WebPage\",\"@id\":\"https:\/\/ingenieria.udd.cl\/maker-campus\/maker-camp\/\",\"url\":\"https:\/\/ingenieria.udd.cl\/maker-campus\/maker-camp\/\",\"name\":\"Maker Camp - Maker Campus\",\"isPartOf\":{\"@id\":\"https:\/\/ingenieria.udd.cl\/maker-campus\/#website\"},\"primaryImageOfPage\":{\"@id\":\"https:\/\/ingenieria.udd.cl\/maker-campus\/maker-camp\/#primaryimage\"},\"image\":{\"@id\":\"https:\/\/ingenieria.udd.cl\/maker-campus\/maker-camp\/#primaryimage\"},\"thumbnailUrl\":\"https:\/\/ingenieria.udd.cl\/maker-campus\/files\/2025\/11\/banner-01-maker-camp-1024x576.png\",\"datePublished\":\"2024-08-21T18:58:41+00:00\",\"dateModified\":\"2025-11-18T16:04:35+00:00\",\"breadcrumb\":{\"@id\":\"https:\/\/ingenieria.udd.cl\/maker-campus\/maker-camp\/#breadcrumb\"},\"inLanguage\":\"es\",\"potentialAction\":[{\"@type\":\"ReadAction\",\"target\":[\"https:\/\/ingenieria.udd.cl\/maker-campus\/maker-camp\/\"]}]},{\"@type\":\"ImageObject\",\"inLanguage\":\"es\",\"@id\":\"https:\/\/ingenieria.udd.cl\/maker-campus\/maker-camp\/#primaryimage\",\"url\":\"https:\/\/ingenieria.udd.cl\/maker-campus\/files\/2025\/11\/banner-01-maker-camp.png\",\"contentUrl\":\"https:\/\/ingenieria.udd.cl\/maker-campus\/files\/2025\/11\/banner-01-maker-camp.png\",\"width\":1920,\"height\":1080},{\"@type\":\"BreadcrumbList\",\"@id\":\"https:\/\/ingenieria.udd.cl\/maker-campus\/maker-camp\/#breadcrumb\",\"itemListElement\":[{\"@type\":\"ListItem\",\"position\":1,\"name\":\"Portada\",\"item\":\"https:\/\/ingenieria.udd.cl\/maker-campus\/\"},{\"@type\":\"ListItem\",\"position\":2,\"name\":\"Maker Camp\"}]},{\"@type\":\"WebSite\",\"@id\":\"https:\/\/ingenieria.udd.cl\/maker-campus\/#website\",\"url\":\"https:\/\/ingenieria.udd.cl\/maker-campus\/\",\"name\":\"Maker Campus\",\"description\":\"Otro sitio m\u00e1s de Ingenieria\",\"inLanguage\":\"es\"}]}<\/script>\n<!-- \/ Yoast SEO plugin. -->","yoast_head_json":{"title":"Maker Camp - Maker Campus","robots":{"index":"index","follow":"follow","max-snippet":"max-snippet:-1","max-image-preview":"max-image-preview:large","max-video-preview":"max-video-preview:-1"},"canonical":"https:\/\/ingenieria.udd.cl\/maker-campus\/maker-camp\/","og_locale":"es_ES","og_type":"article","og_title":"Maker Camp - Maker Campus","og_description":"Revisa un resumen de nuestro \u00faltimo Maker Camp: Si necesitas m\u00e1s informaci\u00f3n puedes escribir a s.perez@udd.cl.","og_url":"https:\/\/ingenieria.udd.cl\/maker-campus\/maker-camp\/","og_site_name":"Maker Campus","article_modified_time":"2025-11-18T16:04:35+00:00","og_image":[{"width":1920,"height":1080,"url":"https:\/\/ingenieria.udd.cl\/maker-campus\/files\/2025\/11\/banner-01-maker-camp.png","type":"image\/png"}],"twitter_card":"summary_large_image","twitter_misc":{"Tiempo de lectura":"2 minutos"},"schema":{"@context":"https:\/\/schema.org","@graph":[{"@type":"WebPage","@id":"https:\/\/ingenieria.udd.cl\/maker-campus\/maker-camp\/","url":"https:\/\/ingenieria.udd.cl\/maker-campus\/maker-camp\/","name":"Maker Camp - Maker Campus","isPartOf":{"@id":"https:\/\/ingenieria.udd.cl\/maker-campus\/#website"},"primaryImageOfPage":{"@id":"https:\/\/ingenieria.udd.cl\/maker-campus\/maker-camp\/#primaryimage"},"image":{"@id":"https:\/\/ingenieria.udd.cl\/maker-campus\/maker-camp\/#primaryimage"},"thumbnailUrl":"https:\/\/ingenieria.udd.cl\/maker-campus\/files\/2025\/11\/banner-01-maker-camp-1024x576.png","datePublished":"2024-08-21T18:58:41+00:00","dateModified":"2025-11-18T16:04:35+00:00","breadcrumb":{"@id":"https:\/\/ingenieria.udd.cl\/maker-campus\/maker-camp\/#breadcrumb"},"inLanguage":"es","potentialAction":[{"@type":"ReadAction","target":["https:\/\/ingenieria.udd.cl\/maker-campus\/maker-camp\/"]}]},{"@type":"ImageObject","inLanguage":"es","@id":"https:\/\/ingenieria.udd.cl\/maker-campus\/maker-camp\/#primaryimage","url":"https:\/\/ingenieria.udd.cl\/maker-campus\/files\/2025\/11\/banner-01-maker-camp.png","contentUrl":"https:\/\/ingenieria.udd.cl\/maker-campus\/files\/2025\/11\/banner-01-maker-camp.png","width":1920,"height":1080},{"@type":"BreadcrumbList","@id":"https:\/\/ingenieria.udd.cl\/maker-campus\/maker-camp\/#breadcrumb","itemListElement":[{"@type":"ListItem","position":1,"name":"Portada","item":"https:\/\/ingenieria.udd.cl\/maker-campus\/"},{"@type":"ListItem","position":2,"name":"Maker Camp"}]},{"@type":"WebSite","@id":"https:\/\/ingenieria.udd.cl\/maker-campus\/#website","url":"https:\/\/ingenieria.udd.cl\/maker-campus\/","name":"Maker Campus","description":"Otro sitio m\u00e1s de Ingenieria","inLanguage":"es"}]}},"_links":{"self":[{"href":"https:\/\/ingenieria.udd.cl\/maker-campus\/wp-json\/wp\/v2\/pages\/341","targetHints":{"allow":["GET"]}}],"collection":[{"href":"https:\/\/ingenieria.udd.cl\/maker-campus\/wp-json\/wp\/v2\/pages"}],"about":[{"href":"https:\/\/ingenieria.udd.cl\/maker-campus\/wp-json\/wp\/v2\/types\/page"}],"author":[{"embeddable":true,"href":"https:\/\/ingenieria.udd.cl\/maker-campus\/wp-json\/wp\/v2\/users\/9192225"}],"replies":[{"embeddable":true,"href":"https:\/\/ingenieria.udd.cl\/maker-campus\/wp-json\/wp\/v2\/comments?post=341"}],"version-history":[{"count":26,"href":"https:\/\/ingenieria.udd.cl\/maker-campus\/wp-json\/wp\/v2\/pages\/341\/revisions"}],"predecessor-version":[{"id":435,"href":"https:\/\/ingenieria.udd.cl\/maker-campus\/wp-json\/wp\/v2\/pages\/341\/revisions\/435"}],"wp:attachment":[{"href":"https:\/\/ingenieria.udd.cl\/maker-campus\/wp-json\/wp\/v2\/media?parent=341"}],"curies":[{"name":"wp","href":"https:\/\/api.w.org\/{rel}","templated":true}]}}