{"id":37,"date":"2020-09-24T17:36:59","date_gmt":"2020-09-24T15:36:59","guid":{"rendered":"https:\/\/ingenieria.udd.cl\/maker-campus\/?page_id=37"},"modified":"2020-09-25T16:01:03","modified_gmt":"2020-09-25T14:01:03","slug":"maker-campus-lite","status":"publish","type":"page","link":"https:\/\/ingenieria.udd.cl\/maker-campus\/maker-campus-lite\/","title":{"rendered":"Maker Campus Lite"},"content":{"rendered":"\n<div class=\"wp-block-image\"><figure class=\"alignright size-large is-resized\"><img loading=\"lazy\" decoding=\"async\" src=\"https:\/\/ingenieria.udd.cl\/maker-campus\/files\/2020\/09\/mc_lite-1.png\" alt=\"\" class=\"wp-image-63\" width=\"267\" height=\"151\" srcset=\"https:\/\/ingenieria.udd.cl\/maker-campus\/files\/2020\/09\/mc_lite-1.png 533w, https:\/\/ingenieria.udd.cl\/maker-campus\/files\/2020\/09\/mc_lite-1-300x169.png 300w\" sizes=\"auto, (max-width: 267px) 100vw, 267px\" \/><\/figure><\/div>\n\n\n\n<p>Programa que busca dise\u00f1ar e implementar en conjunto con el colegio una experiencia en una  tem\u00e1tica que se puede descomponer en diversas disciplinas y trabajar en un proyecto desde la creaci\u00f3n con tecnolog\u00eda. Puedes tener una duraci\u00f3n de <strong>3 d\u00edas<\/strong>, <strong>3 c\u00e1psulas<\/strong> o de <strong>3 meses 8 c\u00e1psulas<\/strong>. Las c\u00e1psulas tienen una duraci\u00f3n de <strong>3 horas cada una.<\/strong><\/p>\n\n\n\n<figure class=\"wp-block-image size-large\"><img loading=\"lazy\" decoding=\"async\" width=\"1024\" height=\"663\" src=\"https:\/\/ingenieria.udd.cl\/maker-campus\/files\/2020\/09\/diagrama_lite-1024x663.png\" alt=\"\" class=\"wp-image-65\" srcset=\"https:\/\/ingenieria.udd.cl\/maker-campus\/files\/2020\/09\/diagrama_lite-1024x663.png 1024w, https:\/\/ingenieria.udd.cl\/maker-campus\/files\/2020\/09\/diagrama_lite-300x194.png 300w, https:\/\/ingenieria.udd.cl\/maker-campus\/files\/2020\/09\/diagrama_lite-768x497.png 768w, https:\/\/ingenieria.udd.cl\/maker-campus\/files\/2020\/09\/diagrama_lite.png 1524w\" sizes=\"auto, (max-width: 1024px) 100vw, 1024px\" \/><\/figure>\n\n\n<section\n\tclass=\"wp-block-udd-contacts\"\n\t\t>\n\t\t<div class=\"block__bg\">\n\t\t\t<\/div>\n\t\t<div class=\"container\">\n\t\t<header class=\"block__header\">\n\t\t\t<h2 class=\"block__title\">M\u00e1s informaci\u00f3n<\/h2>\n\t\t<\/header>\n\t\t<div class=\"block__content\">\n\t\t\t<ul class=\"contacts\">\n\t\t\t\t\t\t\t<li class=\"contact\">\n\t\t\t\t\t<div class=\"person-contact\">\n\t\t\t\t\t\t\t\t\t\t\t\t<h3 class=\"person-contact__name\">Paola G\u00f3mez<\/h3>\n\t\t\t\t\t\t\t\t\t\t\t\t\t\t\t\t\t\t\t\t\t\t\t\t\t\t\t\t\t\t\t\t\t\t\t\t\t<span class=\"person-contact__email\">Email: <a href=\"mailto:p&#097;ola&#103;om&#101;&#122;&#064;ud&#100;.&#099;l\">pa&#111;&#108;a&#103;&#111;&#109;ez&#064;u&#100;&#100;.&#099;l<\/a><\/span>\n\t\t\t\t\t\t\t\t\t\t\t<\/div>\n\t\t\t\t<\/li>\n\t\t\t\t\t\t<\/ul>\n\t\t<\/div>\n\t<\/div>\n<\/section>\n","protected":false},"excerpt":{"rendered":"<p>Programa que busca dise\u00f1ar e implementar en conjunto con el colegio una experiencia en una tem\u00e1tica que se puede descomponer en diversas disciplinas y trabajar en un proyecto desde la creaci\u00f3n con tecnolog\u00eda. Puedes tener una duraci\u00f3n de 3 d\u00edas, 3 c\u00e1psulas o de 3 meses 8 c\u00e1psulas. Las c\u00e1psulas tienen una duraci\u00f3n de 3 [&hellip;]<\/p>\n","protected":false},"author":9192218,"featured_media":0,"parent":0,"menu_order":0,"comment_status":"closed","ping_status":"closed","template":"","meta":{"footnotes":""},"class_list":["post-37","page","type-page","status-publish","hentry"],"yoast_head":"<!-- This site is optimized with the Yoast SEO plugin v26.9 - https:\/\/yoast.com\/product\/yoast-seo-wordpress\/ -->\n<title>Maker Campus Lite - Maker Campus<\/title>\n<meta name=\"robots\" content=\"index, follow, max-snippet:-1, max-image-preview:large, max-video-preview:-1\" \/>\n<link rel=\"canonical\" href=\"https:\/\/ingenieria.udd.cl\/maker-campus\/maker-campus-lite\/\" \/>\n<meta property=\"og:locale\" content=\"es_ES\" \/>\n<meta property=\"og:type\" content=\"article\" \/>\n<meta property=\"og:title\" content=\"Maker Campus Lite - Maker Campus\" \/>\n<meta property=\"og:description\" content=\"Programa que busca dise\u00f1ar e implementar en conjunto con el colegio una experiencia en una tem\u00e1tica que se puede descomponer en diversas disciplinas y trabajar en un proyecto desde la creaci\u00f3n con tecnolog\u00eda. Puedes tener una duraci\u00f3n de 3 d\u00edas, 3 c\u00e1psulas o de 3 meses 8 c\u00e1psulas. Las c\u00e1psulas tienen una duraci\u00f3n de 3 [&hellip;]\" \/>\n<meta property=\"og:url\" content=\"https:\/\/ingenieria.udd.cl\/maker-campus\/maker-campus-lite\/\" \/>\n<meta property=\"og:site_name\" content=\"Maker Campus\" \/>\n<meta property=\"article:modified_time\" content=\"2020-09-25T14:01:03+00:00\" \/>\n<meta property=\"og:image\" content=\"https:\/\/ingenieria.udd.cl\/maker-campus\/files\/2020\/09\/mc_lite-1.png\" \/>\n<meta name=\"twitter:card\" content=\"summary_large_image\" \/>\n<script type=\"application\/ld+json\" class=\"yoast-schema-graph\">{\"@context\":\"https:\/\/schema.org\",\"@graph\":[{\"@type\":\"WebPage\",\"@id\":\"https:\/\/ingenieria.udd.cl\/maker-campus\/maker-campus-lite\/\",\"url\":\"https:\/\/ingenieria.udd.cl\/maker-campus\/maker-campus-lite\/\",\"name\":\"Maker Campus Lite - Maker Campus\",\"isPartOf\":{\"@id\":\"https:\/\/ingenieria.udd.cl\/maker-campus\/#website\"},\"primaryImageOfPage\":{\"@id\":\"https:\/\/ingenieria.udd.cl\/maker-campus\/maker-campus-lite\/#primaryimage\"},\"image\":{\"@id\":\"https:\/\/ingenieria.udd.cl\/maker-campus\/maker-campus-lite\/#primaryimage\"},\"thumbnailUrl\":\"https:\/\/ingenieria.udd.cl\/maker-campus\/files\/2020\/09\/mc_lite-1.png\",\"datePublished\":\"2020-09-24T15:36:59+00:00\",\"dateModified\":\"2020-09-25T14:01:03+00:00\",\"breadcrumb\":{\"@id\":\"https:\/\/ingenieria.udd.cl\/maker-campus\/maker-campus-lite\/#breadcrumb\"},\"inLanguage\":\"es\",\"potentialAction\":[{\"@type\":\"ReadAction\",\"target\":[\"https:\/\/ingenieria.udd.cl\/maker-campus\/maker-campus-lite\/\"]}]},{\"@type\":\"ImageObject\",\"inLanguage\":\"es\",\"@id\":\"https:\/\/ingenieria.udd.cl\/maker-campus\/maker-campus-lite\/#primaryimage\",\"url\":\"https:\/\/ingenieria.udd.cl\/maker-campus\/files\/2020\/09\/mc_lite-1.png\",\"contentUrl\":\"https:\/\/ingenieria.udd.cl\/maker-campus\/files\/2020\/09\/mc_lite-1.png\",\"width\":533,\"height\":301},{\"@type\":\"BreadcrumbList\",\"@id\":\"https:\/\/ingenieria.udd.cl\/maker-campus\/maker-campus-lite\/#breadcrumb\",\"itemListElement\":[{\"@type\":\"ListItem\",\"position\":1,\"name\":\"Portada\",\"item\":\"https:\/\/ingenieria.udd.cl\/maker-campus\/\"},{\"@type\":\"ListItem\",\"position\":2,\"name\":\"Maker Campus Lite\"}]},{\"@type\":\"WebSite\",\"@id\":\"https:\/\/ingenieria.udd.cl\/maker-campus\/#website\",\"url\":\"https:\/\/ingenieria.udd.cl\/maker-campus\/\",\"name\":\"Maker Campus\",\"description\":\"Otro sitio m\u00e1s de Ingenieria\",\"inLanguage\":\"es\"}]}<\/script>\n<!-- \/ Yoast SEO plugin. -->","yoast_head_json":{"title":"Maker Campus Lite - Maker Campus","robots":{"index":"index","follow":"follow","max-snippet":"max-snippet:-1","max-image-preview":"max-image-preview:large","max-video-preview":"max-video-preview:-1"},"canonical":"https:\/\/ingenieria.udd.cl\/maker-campus\/maker-campus-lite\/","og_locale":"es_ES","og_type":"article","og_title":"Maker Campus Lite - Maker Campus","og_description":"Programa que busca dise\u00f1ar e implementar en conjunto con el colegio una experiencia en una tem\u00e1tica que se puede descomponer en diversas disciplinas y trabajar en un proyecto desde la creaci\u00f3n con tecnolog\u00eda. Puedes tener una duraci\u00f3n de 3 d\u00edas, 3 c\u00e1psulas o de 3 meses 8 c\u00e1psulas. Las c\u00e1psulas tienen una duraci\u00f3n de 3 [&hellip;]","og_url":"https:\/\/ingenieria.udd.cl\/maker-campus\/maker-campus-lite\/","og_site_name":"Maker Campus","article_modified_time":"2020-09-25T14:01:03+00:00","og_image":[{"url":"https:\/\/ingenieria.udd.cl\/maker-campus\/files\/2020\/09\/mc_lite-1.png","type":"","width":"","height":""}],"twitter_card":"summary_large_image","schema":{"@context":"https:\/\/schema.org","@graph":[{"@type":"WebPage","@id":"https:\/\/ingenieria.udd.cl\/maker-campus\/maker-campus-lite\/","url":"https:\/\/ingenieria.udd.cl\/maker-campus\/maker-campus-lite\/","name":"Maker Campus Lite - Maker Campus","isPartOf":{"@id":"https:\/\/ingenieria.udd.cl\/maker-campus\/#website"},"primaryImageOfPage":{"@id":"https:\/\/ingenieria.udd.cl\/maker-campus\/maker-campus-lite\/#primaryimage"},"image":{"@id":"https:\/\/ingenieria.udd.cl\/maker-campus\/maker-campus-lite\/#primaryimage"},"thumbnailUrl":"https:\/\/ingenieria.udd.cl\/maker-campus\/files\/2020\/09\/mc_lite-1.png","datePublished":"2020-09-24T15:36:59+00:00","dateModified":"2020-09-25T14:01:03+00:00","breadcrumb":{"@id":"https:\/\/ingenieria.udd.cl\/maker-campus\/maker-campus-lite\/#breadcrumb"},"inLanguage":"es","potentialAction":[{"@type":"ReadAction","target":["https:\/\/ingenieria.udd.cl\/maker-campus\/maker-campus-lite\/"]}]},{"@type":"ImageObject","inLanguage":"es","@id":"https:\/\/ingenieria.udd.cl\/maker-campus\/maker-campus-lite\/#primaryimage","url":"https:\/\/ingenieria.udd.cl\/maker-campus\/files\/2020\/09\/mc_lite-1.png","contentUrl":"https:\/\/ingenieria.udd.cl\/maker-campus\/files\/2020\/09\/mc_lite-1.png","width":533,"height":301},{"@type":"BreadcrumbList","@id":"https:\/\/ingenieria.udd.cl\/maker-campus\/maker-campus-lite\/#breadcrumb","itemListElement":[{"@type":"ListItem","position":1,"name":"Portada","item":"https:\/\/ingenieria.udd.cl\/maker-campus\/"},{"@type":"ListItem","position":2,"name":"Maker Campus Lite"}]},{"@type":"WebSite","@id":"https:\/\/ingenieria.udd.cl\/maker-campus\/#website","url":"https:\/\/ingenieria.udd.cl\/maker-campus\/","name":"Maker Campus","description":"Otro sitio m\u00e1s de Ingenieria","inLanguage":"es"}]}},"_links":{"self":[{"href":"https:\/\/ingenieria.udd.cl\/maker-campus\/wp-json\/wp\/v2\/pages\/37","targetHints":{"allow":["GET"]}}],"collection":[{"href":"https:\/\/ingenieria.udd.cl\/maker-campus\/wp-json\/wp\/v2\/pages"}],"about":[{"href":"https:\/\/ingenieria.udd.cl\/maker-campus\/wp-json\/wp\/v2\/types\/page"}],"author":[{"embeddable":true,"href":"https:\/\/ingenieria.udd.cl\/maker-campus\/wp-json\/wp\/v2\/users\/9192218"}],"replies":[{"embeddable":true,"href":"https:\/\/ingenieria.udd.cl\/maker-campus\/wp-json\/wp\/v2\/comments?post=37"}],"version-history":[{"count":8,"href":"https:\/\/ingenieria.udd.cl\/maker-campus\/wp-json\/wp\/v2\/pages\/37\/revisions"}],"predecessor-version":[{"id":101,"href":"https:\/\/ingenieria.udd.cl\/maker-campus\/wp-json\/wp\/v2\/pages\/37\/revisions\/101"}],"wp:attachment":[{"href":"https:\/\/ingenieria.udd.cl\/maker-campus\/wp-json\/wp\/v2\/media?parent=37"}],"curies":[{"name":"wp","href":"https:\/\/api.w.org\/{rel}","templated":true}]}}