{"id":38,"date":"2020-09-24T17:36:59","date_gmt":"2020-09-24T15:36:59","guid":{"rendered":"https:\/\/ingenieria.udd.cl\/maker-campus\/?page_id=38"},"modified":"2025-08-13T23:26:37","modified_gmt":"2025-08-13T21:26:37","slug":"maker-campus-profesores","status":"publish","type":"page","link":"https:\/\/ingenieria.udd.cl\/maker-campus\/maker-campus-profesores\/","title":{"rendered":"Iniciativas y Programas"},"content":{"rendered":"<!-- WP Block: UDD - Cards Alternate -->\n<section class=\"wp-block-udd-cards\" style=\"--udd-blocks-has-columns-number: 3\">\n\t<div class=\"container\">\n\t\t\t\t\t\t\t\t\t<div class=\"block__content\">\n\t\t\t<div class=\"cards\">\n\t\t\t\t\t\t\t\t\t\t\t\t\t\t\t\t\t<div class=\"card-wrapper\">\n\t\t\t\t\t\t<div class=\"card\">\n\t\t\t\t\t\t\t<h3 class=\"card__title\">Academia<\/h3>\n\t\t\t\t\t\t\t\t\t\t\t\t\t\t<div class=\"card__description\">\n\t\t\t\t\t\t\t\t<p>\u00a0La academia permite hacer convivir estudiantes con diferente nivel t\u00e9cnico y enfrentarlos a desaf\u00edos comunes para la b\u00fasqueda de soluciones consensuadas y participativas.<\/p>\n\t\t\t\t\t\t\t<\/div>\n\t\t\t\t\t\t\t\t\t\t\t\t\t<\/div>\n\t\t\t\t\t<\/div>\n\t\t\t\t\t\t\t\t\t\t\t\t\t\t\t\t\t\t\t\t\t<div class=\"card-wrapper\">\n\t\t\t\t\t\t<div class=\"card\">\n\t\t\t\t\t\t\t<h3 class=\"card__title\">Capacitaci\u00f3n Profesores<\/h3>\n\t\t\t\t\t\t\t\t\t\t\t\t\t\t<div class=\"card__description\">\n\t\t\t\t\t\t\t\t<p>Est\u00e1 orientado a docentes establecimientos educacionales y se basa en el aprendizaje experiencial basado en proyectos o \u201caprender haciendo\u201d, se traducir\u00e1 en la ejecuci\u00f3n de actividades pr\u00e1cticas en conjunto que convergen en el desarrollo de un proyecto y la incorporaci\u00f3n de tecnolog\u00eda en el proceso. <\/p>\n\t\t\t\t\t\t\t<\/div>\n\t\t\t\t\t\t\t\t\t\t\t\t\t<\/div>\n\t\t\t\t\t<\/div>\n\t\t\t\t\t\t\t\t\t\t\t\t\t\t\t\t\t\t\t\t\t<div class=\"card-wrapper\">\n\t\t\t\t\t\t<div class=\"card\">\n\t\t\t\t\t\t\t<h3 class=\"card__title\">Integraci\u00f3n Tecnol\u00f3gica en Colegios<\/h3>\n\t\t\t\t\t\t\t\t\t\t\t\t\t\t<div class=\"card__description\">\n\t\t\t\t\t\t\t\t<p>Programa que busca dise\u00f1ar e implementar en conjunto con el colegio una experiencia en una  tem\u00e1tica que se puede descomponer en diversas disciplinas y trabajar en un proyecto desde la creaci\u00f3n con tecnolog\u00eda.<\/p>\n\t\t\t\t\t\t\t<\/div>\n\t\t\t\t\t\t\t\t\t\t\t\t\t<\/div>\n\t\t\t\t\t<\/div>\n\t\t\t\t\t\t\t\t\t\t<\/div>\n\t\t<\/div>\n\t<\/div>\n<\/section>\n\n\n\n<p><\/p>\n\n\n<section class=\"wp-block-udd-gallery-carousel wp-carousel-gallery\">\n\t<div class=\"container\">\n\t\t<div\n\t\t\tclass=\"slick-carousel gallery-slick-carousel gallery-carousel--1\"\n\t\t\tdata-slick='{&quot;slidesToScroll&quot;:1,&quot;slidesToShow&quot;:1,&quot;appendDots&quot;:&quot;#dots-69efa1e4c8299&quot;,&quot;prevArrow&quot;:&quot;&lt;button type=\\&quot;button\\&quot; class=\\&quot;btn btn-primary slick-prev\\&quot;&gt;&lt;svg class=\\&quot;svg-chevron-left-dims\\&quot;&gt;&lt;use xlink:href=&#039;https:\\\/\\\/ingenieria.udd.cl\\\/maker-campus\\\/wp-content\\\/themes\\\/facultades-2018\\\/assets\\\/img\\\/svg\\\/dist\\\/main.svg?version=1695853099#chevron-left&#039;&gt;&lt;\\\/use&gt;&lt;\\\/svg&gt;&lt;span class=\\&quot;sr-only\\&quot;&gt;Anterior&lt;\\\/span&gt;&lt;\\\/button&gt;&quot;,&quot;nextArrow&quot;:&quot;&lt;button type=\\&quot;button\\&quot; class=\\&quot;btn btn-primary slick-next\\&quot;&gt;&lt;svg class=\\&quot;svg-chevron-right-dims\\&quot;&gt;&lt;use xlink:href=&#039;https:\\\/\\\/ingenieria.udd.cl\\\/maker-campus\\\/wp-content\\\/themes\\\/facultades-2018\\\/assets\\\/img\\\/svg\\\/dist\\\/main.svg?version=1695853099#chevron-right&#039;&gt;&lt;\\\/use&gt;&lt;\\\/svg&gt;&lt;span class=\\&quot;sr-only\\&quot;&gt;Siguiente&lt;\\\/span&gt;&lt;\\\/button&gt;&quot;,&quot;infinite&quot;:true,&quot;dots&quot;:true}'\n\t\t>\n\t\t\t\t\t\t\t<figure>\n\t\t\t\t\t<img loading=\"lazy\" decoding=\"async\" width=\"1280\" height=\"720\" src=\"https:\/\/ingenieria.udd.cl\/maker-campus\/wp-content\/plugins\/wp-async-img-load\/blank.png\" class=\"attachment-1280x720 size-1280x720 lazyload\" alt=\"\" sizes=\"auto, (max-width: 1280px) 100vw, 1280px\" data-src=\"https:\/\/ingenieria.udd.cl\/maker-campus\/files\/2024\/08\/dsc_7383-2-1366x768.jpg\" data-srcset=\"https:\/\/ingenieria.udd.cl\/maker-campus\/files\/2024\/08\/dsc_7383-2-1366x768.jpg 1366w, https:\/\/ingenieria.udd.cl\/maker-campus\/files\/2024\/08\/dsc_7383-2-1920x1080.jpg 1920w, https:\/\/ingenieria.udd.cl\/maker-campus\/files\/2024\/08\/dsc_7383-2-680x382.jpg 680w\" \/>\t\t\t\t\t\t\t\t\t<\/figure>\n\t\t\t\t\t\t\t<figure>\n\t\t\t\t\t<img loading=\"lazy\" decoding=\"async\" width=\"1280\" height=\"720\" src=\"https:\/\/ingenieria.udd.cl\/maker-campus\/wp-content\/plugins\/wp-async-img-load\/blank.png\" class=\"attachment-1280x720 size-1280x720 lazyload\" alt=\"\" sizes=\"auto, (max-width: 1280px) 100vw, 1280px\" data-src=\"https:\/\/ingenieria.udd.cl\/maker-campus\/files\/2024\/08\/dsc_7371-2-1366x768.jpg\" data-srcset=\"https:\/\/ingenieria.udd.cl\/maker-campus\/files\/2024\/08\/dsc_7371-2-1366x768.jpg 1366w, https:\/\/ingenieria.udd.cl\/maker-campus\/files\/2024\/08\/dsc_7371-2-1920x1080.jpg 1920w, https:\/\/ingenieria.udd.cl\/maker-campus\/files\/2024\/08\/dsc_7371-2-680x382.jpg 680w\" \/>\t\t\t\t\t\t\t\t\t<\/figure>\n\t\t\t\t\t\t\t<figure>\n\t\t\t\t\t<img loading=\"lazy\" decoding=\"async\" width=\"1280\" height=\"720\" src=\"https:\/\/ingenieria.udd.cl\/maker-campus\/wp-content\/plugins\/wp-async-img-load\/blank.png\" class=\"attachment-1280x720 size-1280x720 lazyload\" alt=\"\" sizes=\"auto, (max-width: 1280px) 100vw, 1280px\" data-src=\"https:\/\/ingenieria.udd.cl\/maker-campus\/files\/2024\/08\/dsc_7364-2-1366x768.jpg\" data-srcset=\"https:\/\/ingenieria.udd.cl\/maker-campus\/files\/2024\/08\/dsc_7364-2-1366x768.jpg 1366w, https:\/\/ingenieria.udd.cl\/maker-campus\/files\/2024\/08\/dsc_7364-2-1920x1080.jpg 1920w, https:\/\/ingenieria.udd.cl\/maker-campus\/files\/2024\/08\/dsc_7364-2-680x382.jpg 680w\" \/>\t\t\t\t\t\t\t\t\t<\/figure>\n\t\t\t\t\t\t\t<figure>\n\t\t\t\t\t<img loading=\"lazy\" decoding=\"async\" width=\"1280\" height=\"720\" src=\"https:\/\/ingenieria.udd.cl\/maker-campus\/wp-content\/plugins\/wp-async-img-load\/blank.png\" class=\"attachment-1280x720 size-1280x720 lazyload\" alt=\"\" sizes=\"auto, (max-width: 1280px) 100vw, 1280px\" data-src=\"https:\/\/ingenieria.udd.cl\/maker-campus\/files\/2024\/08\/dsc_7351-1-1366x768.jpg\" data-srcset=\"https:\/\/ingenieria.udd.cl\/maker-campus\/files\/2024\/08\/dsc_7351-1-1366x768.jpg 1366w, https:\/\/ingenieria.udd.cl\/maker-campus\/files\/2024\/08\/dsc_7351-1-1920x1080.jpg 1920w, https:\/\/ingenieria.udd.cl\/maker-campus\/files\/2024\/08\/dsc_7351-1-680x382.jpg 680w\" \/>\t\t\t\t\t\t\t\t\t<\/figure>\n\t\t\t\t\t\t\t<figure>\n\t\t\t\t\t<img loading=\"lazy\" decoding=\"async\" width=\"1024\" height=\"683\" src=\"https:\/\/ingenieria.udd.cl\/maker-campus\/wp-content\/plugins\/wp-async-img-load\/blank.png\" class=\"attachment-1280x720 size-1280x720 lazyload\" alt=\"\" sizes=\"auto, (max-width: 1024px) 100vw, 1024px\" data-src=\"https:\/\/ingenieria.udd.cl\/maker-campus\/files\/2024\/08\/dsc_1163-1024x683-1-3.jpg\" data-srcset=\"https:\/\/ingenieria.udd.cl\/maker-campus\/files\/2024\/08\/dsc_1163-1024x683-1-3.jpg 1024w, https:\/\/ingenieria.udd.cl\/maker-campus\/files\/2024\/08\/dsc_1163-1024x683-1-3-300x200.jpg 300w, https:\/\/ingenieria.udd.cl\/maker-campus\/files\/2024\/08\/dsc_1163-1024x683-1-3-768x512.jpg 768w\" \/>\t\t\t\t\t\t\t\t\t<\/figure>\n\t\t\t\t\t\t\t<figure>\n\t\t\t\t\t<img loading=\"lazy\" decoding=\"async\" width=\"1024\" height=\"684\" src=\"https:\/\/ingenieria.udd.cl\/maker-campus\/wp-content\/plugins\/wp-async-img-load\/blank.png\" class=\"attachment-1280x720 size-1280x720 lazyload\" alt=\"\" sizes=\"auto, (max-width: 1024px) 100vw, 1024px\" data-src=\"https:\/\/ingenieria.udd.cl\/maker-campus\/files\/2024\/08\/dsc_2341-1-1024x684-2-3.jpg\" data-srcset=\"https:\/\/ingenieria.udd.cl\/maker-campus\/files\/2024\/08\/dsc_2341-1-1024x684-2-3.jpg 1024w, https:\/\/ingenieria.udd.cl\/maker-campus\/files\/2024\/08\/dsc_2341-1-1024x684-2-3-300x200.jpg 300w, https:\/\/ingenieria.udd.cl\/maker-campus\/files\/2024\/08\/dsc_2341-1-1024x684-2-3-768x513.jpg 768w\" \/>\t\t\t\t\t\t\t\t\t<\/figure>\n\t\t\t\t\t\t\t<figure>\n\t\t\t\t\t<img loading=\"lazy\" decoding=\"async\" width=\"1024\" height=\"684\" src=\"https:\/\/ingenieria.udd.cl\/maker-campus\/wp-content\/plugins\/wp-async-img-load\/blank.png\" class=\"attachment-1280x720 size-1280x720 lazyload\" alt=\"\" sizes=\"auto, (max-width: 1024px) 100vw, 1024px\" data-src=\"https:\/\/ingenieria.udd.cl\/maker-campus\/files\/2024\/08\/dsc_1127-1024x684-1-3.jpg\" data-srcset=\"https:\/\/ingenieria.udd.cl\/maker-campus\/files\/2024\/08\/dsc_1127-1024x684-1-3.jpg 1024w, https:\/\/ingenieria.udd.cl\/maker-campus\/files\/2024\/08\/dsc_1127-1024x684-1-3-300x200.jpg 300w, https:\/\/ingenieria.udd.cl\/maker-campus\/files\/2024\/08\/dsc_1127-1024x684-1-3-768x513.jpg 768w\" \/>\t\t\t\t\t\t\t\t\t<\/figure>\n\t\t\t\t\t\t\t<figure>\n\t\t\t\t\t<img loading=\"lazy\" decoding=\"async\" width=\"1024\" height=\"684\" src=\"https:\/\/ingenieria.udd.cl\/maker-campus\/wp-content\/plugins\/wp-async-img-load\/blank.png\" class=\"attachment-1280x720 size-1280x720 lazyload\" alt=\"\" sizes=\"auto, (max-width: 1024px) 100vw, 1024px\" data-src=\"https:\/\/ingenieria.udd.cl\/maker-campus\/files\/2024\/08\/dsc_1129-1-1-1024x684-1-3.jpg\" data-srcset=\"https:\/\/ingenieria.udd.cl\/maker-campus\/files\/2024\/08\/dsc_1129-1-1-1024x684-1-3.jpg 1024w, https:\/\/ingenieria.udd.cl\/maker-campus\/files\/2024\/08\/dsc_1129-1-1-1024x684-1-3-300x200.jpg 300w, https:\/\/ingenieria.udd.cl\/maker-campus\/files\/2024\/08\/dsc_1129-1-1-1024x684-1-3-768x513.jpg 768w\" \/>\t\t\t\t\t\t\t\t\t<\/figure>\n\t\t\t\t\t\t\t<figure>\n\t\t\t\t\t<img loading=\"lazy\" decoding=\"async\" width=\"1024\" height=\"684\" src=\"https:\/\/ingenieria.udd.cl\/maker-campus\/wp-content\/plugins\/wp-async-img-load\/blank.png\" class=\"attachment-1280x720 size-1280x720 lazyload\" alt=\"\" sizes=\"auto, (max-width: 1024px) 100vw, 1024px\" data-src=\"https:\/\/ingenieria.udd.cl\/maker-campus\/files\/2024\/08\/dsc_1095-2-1024x684-1-3.jpg\" data-srcset=\"https:\/\/ingenieria.udd.cl\/maker-campus\/files\/2024\/08\/dsc_1095-2-1024x684-1-3.jpg 1024w, https:\/\/ingenieria.udd.cl\/maker-campus\/files\/2024\/08\/dsc_1095-2-1024x684-1-3-300x200.jpg 300w, https:\/\/ingenieria.udd.cl\/maker-campus\/files\/2024\/08\/dsc_1095-2-1024x684-1-3-768x513.jpg 768w\" \/>\t\t\t\t\t\t\t\t\t<\/figure>\n\t\t\t\t\t\t\t<figure>\n\t\t\t\t\t<img loading=\"lazy\" decoding=\"async\" width=\"1024\" height=\"684\" src=\"https:\/\/ingenieria.udd.cl\/maker-campus\/wp-content\/plugins\/wp-async-img-load\/blank.png\" class=\"attachment-1280x720 size-1280x720 lazyload\" alt=\"\" sizes=\"auto, (max-width: 1024px) 100vw, 1024px\" data-src=\"https:\/\/ingenieria.udd.cl\/maker-campus\/files\/2024\/08\/dsc_1099-1-1024x684-1-3.jpg\" data-srcset=\"https:\/\/ingenieria.udd.cl\/maker-campus\/files\/2024\/08\/dsc_1099-1-1024x684-1-3.jpg 1024w, https:\/\/ingenieria.udd.cl\/maker-campus\/files\/2024\/08\/dsc_1099-1-1024x684-1-3-300x200.jpg 300w, https:\/\/ingenieria.udd.cl\/maker-campus\/files\/2024\/08\/dsc_1099-1-1024x684-1-3-768x513.jpg 768w\" \/>\t\t\t\t\t\t\t\t\t<\/figure>\n\t\t\t\t\t<\/div>\n\t\t<div\n\t\t\tclass=\"carousel-gallery--carousel-dots\"\n\t\t\tid=\"dots-69efa1e4c8299\"\n\t\t><\/div>\n\t<\/div>\n<\/section>\n","protected":false},"excerpt":{"rendered":"","protected":false},"author":9192218,"featured_media":0,"parent":0,"menu_order":0,"comment_status":"closed","ping_status":"closed","template":"","meta":{"footnotes":""},"class_list":["post-38","page","type-page","status-publish","hentry"],"yoast_head":"<!-- This site is optimized with the Yoast SEO plugin v26.9 - https:\/\/yoast.com\/product\/yoast-seo-wordpress\/ -->\n<title>Iniciativas y Programas - Maker Campus<\/title>\n<meta name=\"robots\" content=\"index, follow, max-snippet:-1, max-image-preview:large, max-video-preview:-1\" \/>\n<link rel=\"canonical\" href=\"https:\/\/ingenieria.udd.cl\/maker-campus\/maker-campus-profesores\/\" \/>\n<meta property=\"og:locale\" content=\"es_ES\" \/>\n<meta property=\"og:type\" content=\"article\" \/>\n<meta property=\"og:title\" content=\"Iniciativas y Programas - Maker Campus\" \/>\n<meta property=\"og:url\" content=\"https:\/\/ingenieria.udd.cl\/maker-campus\/maker-campus-profesores\/\" \/>\n<meta property=\"og:site_name\" content=\"Maker Campus\" \/>\n<meta property=\"article:modified_time\" content=\"2025-08-13T21:26:37+00:00\" \/>\n<meta property=\"og:image\" content=\"https:\/\/ingenieria.udd.cl\/maker-campus\/files\/2024\/08\/dsc_7383-2-1024x681.jpg\" \/>\n<meta name=\"twitter:card\" content=\"summary_large_image\" \/>\n<meta name=\"twitter:label1\" content=\"Tiempo de lectura\" \/>\n\t<meta name=\"twitter:data1\" content=\"2 minutos\" \/>\n<script type=\"application\/ld+json\" class=\"yoast-schema-graph\">{\"@context\":\"https:\/\/schema.org\",\"@graph\":[{\"@type\":\"WebPage\",\"@id\":\"https:\/\/ingenieria.udd.cl\/maker-campus\/maker-campus-profesores\/\",\"url\":\"https:\/\/ingenieria.udd.cl\/maker-campus\/maker-campus-profesores\/\",\"name\":\"Iniciativas y Programas - Maker Campus\",\"isPartOf\":{\"@id\":\"https:\/\/ingenieria.udd.cl\/maker-campus\/#website\"},\"primaryImageOfPage\":{\"@id\":\"https:\/\/ingenieria.udd.cl\/maker-campus\/maker-campus-profesores\/#primaryimage\"},\"image\":{\"@id\":\"https:\/\/ingenieria.udd.cl\/maker-campus\/maker-campus-profesores\/#primaryimage\"},\"thumbnailUrl\":\"https:\/\/ingenieria.udd.cl\/maker-campus\/files\/2024\/08\/dsc_7383-2-1024x681.jpg\",\"datePublished\":\"2020-09-24T15:36:59+00:00\",\"dateModified\":\"2025-08-13T21:26:37+00:00\",\"breadcrumb\":{\"@id\":\"https:\/\/ingenieria.udd.cl\/maker-campus\/maker-campus-profesores\/#breadcrumb\"},\"inLanguage\":\"es\",\"potentialAction\":[{\"@type\":\"ReadAction\",\"target\":[\"https:\/\/ingenieria.udd.cl\/maker-campus\/maker-campus-profesores\/\"]}]},{\"@type\":\"ImageObject\",\"inLanguage\":\"es\",\"@id\":\"https:\/\/ingenieria.udd.cl\/maker-campus\/maker-campus-profesores\/#primaryimage\",\"url\":\"https:\/\/ingenieria.udd.cl\/maker-campus\/files\/2024\/08\/dsc_7383-2-scaled.jpg\",\"contentUrl\":\"https:\/\/ingenieria.udd.cl\/maker-campus\/files\/2024\/08\/dsc_7383-2-scaled.jpg\",\"width\":2560,\"height\":1703},{\"@type\":\"BreadcrumbList\",\"@id\":\"https:\/\/ingenieria.udd.cl\/maker-campus\/maker-campus-profesores\/#breadcrumb\",\"itemListElement\":[{\"@type\":\"ListItem\",\"position\":1,\"name\":\"Portada\",\"item\":\"https:\/\/ingenieria.udd.cl\/maker-campus\/\"},{\"@type\":\"ListItem\",\"position\":2,\"name\":\"Iniciativas y Programas\"}]},{\"@type\":\"WebSite\",\"@id\":\"https:\/\/ingenieria.udd.cl\/maker-campus\/#website\",\"url\":\"https:\/\/ingenieria.udd.cl\/maker-campus\/\",\"name\":\"Maker Campus\",\"description\":\"Otro sitio m\u00e1s de Ingenieria\",\"inLanguage\":\"es\"}]}<\/script>\n<!-- \/ Yoast SEO plugin. -->","yoast_head_json":{"title":"Iniciativas y Programas - Maker Campus","robots":{"index":"index","follow":"follow","max-snippet":"max-snippet:-1","max-image-preview":"max-image-preview:large","max-video-preview":"max-video-preview:-1"},"canonical":"https:\/\/ingenieria.udd.cl\/maker-campus\/maker-campus-profesores\/","og_locale":"es_ES","og_type":"article","og_title":"Iniciativas y Programas - Maker Campus","og_url":"https:\/\/ingenieria.udd.cl\/maker-campus\/maker-campus-profesores\/","og_site_name":"Maker Campus","article_modified_time":"2025-08-13T21:26:37+00:00","og_image":[{"url":"https:\/\/ingenieria.udd.cl\/maker-campus\/files\/2024\/08\/dsc_7383-2-1024x681.jpg","type":"","width":"","height":""}],"twitter_card":"summary_large_image","twitter_misc":{"Tiempo de lectura":"2 minutos"},"schema":{"@context":"https:\/\/schema.org","@graph":[{"@type":"WebPage","@id":"https:\/\/ingenieria.udd.cl\/maker-campus\/maker-campus-profesores\/","url":"https:\/\/ingenieria.udd.cl\/maker-campus\/maker-campus-profesores\/","name":"Iniciativas y Programas - Maker Campus","isPartOf":{"@id":"https:\/\/ingenieria.udd.cl\/maker-campus\/#website"},"primaryImageOfPage":{"@id":"https:\/\/ingenieria.udd.cl\/maker-campus\/maker-campus-profesores\/#primaryimage"},"image":{"@id":"https:\/\/ingenieria.udd.cl\/maker-campus\/maker-campus-profesores\/#primaryimage"},"thumbnailUrl":"https:\/\/ingenieria.udd.cl\/maker-campus\/files\/2024\/08\/dsc_7383-2-1024x681.jpg","datePublished":"2020-09-24T15:36:59+00:00","dateModified":"2025-08-13T21:26:37+00:00","breadcrumb":{"@id":"https:\/\/ingenieria.udd.cl\/maker-campus\/maker-campus-profesores\/#breadcrumb"},"inLanguage":"es","potentialAction":[{"@type":"ReadAction","target":["https:\/\/ingenieria.udd.cl\/maker-campus\/maker-campus-profesores\/"]}]},{"@type":"ImageObject","inLanguage":"es","@id":"https:\/\/ingenieria.udd.cl\/maker-campus\/maker-campus-profesores\/#primaryimage","url":"https:\/\/ingenieria.udd.cl\/maker-campus\/files\/2024\/08\/dsc_7383-2-scaled.jpg","contentUrl":"https:\/\/ingenieria.udd.cl\/maker-campus\/files\/2024\/08\/dsc_7383-2-scaled.jpg","width":2560,"height":1703},{"@type":"BreadcrumbList","@id":"https:\/\/ingenieria.udd.cl\/maker-campus\/maker-campus-profesores\/#breadcrumb","itemListElement":[{"@type":"ListItem","position":1,"name":"Portada","item":"https:\/\/ingenieria.udd.cl\/maker-campus\/"},{"@type":"ListItem","position":2,"name":"Iniciativas y Programas"}]},{"@type":"WebSite","@id":"https:\/\/ingenieria.udd.cl\/maker-campus\/#website","url":"https:\/\/ingenieria.udd.cl\/maker-campus\/","name":"Maker Campus","description":"Otro sitio m\u00e1s de Ingenieria","inLanguage":"es"}]}},"_links":{"self":[{"href":"https:\/\/ingenieria.udd.cl\/maker-campus\/wp-json\/wp\/v2\/pages\/38","targetHints":{"allow":["GET"]}}],"collection":[{"href":"https:\/\/ingenieria.udd.cl\/maker-campus\/wp-json\/wp\/v2\/pages"}],"about":[{"href":"https:\/\/ingenieria.udd.cl\/maker-campus\/wp-json\/wp\/v2\/types\/page"}],"author":[{"embeddable":true,"href":"https:\/\/ingenieria.udd.cl\/maker-campus\/wp-json\/wp\/v2\/users\/9192218"}],"replies":[{"embeddable":true,"href":"https:\/\/ingenieria.udd.cl\/maker-campus\/wp-json\/wp\/v2\/comments?post=38"}],"version-history":[{"count":22,"href":"https:\/\/ingenieria.udd.cl\/maker-campus\/wp-json\/wp\/v2\/pages\/38\/revisions"}],"predecessor-version":[{"id":425,"href":"https:\/\/ingenieria.udd.cl\/maker-campus\/wp-json\/wp\/v2\/pages\/38\/revisions\/425"}],"wp:attachment":[{"href":"https:\/\/ingenieria.udd.cl\/maker-campus\/wp-json\/wp\/v2\/media?parent=38"}],"curies":[{"name":"wp","href":"https:\/\/api.w.org\/{rel}","templated":true}]}}